{"id":5,"date":"2020-12-02T12:20:07","date_gmt":"2020-12-02T11:20:07","guid":{"rendered":"https:\/\/www.teamprofi.de\/wsv-glonn\/warenkorb\/"},"modified":"2020-12-02T12:20:07","modified_gmt":"2020-12-02T11:20:07","slug":"warenkorb","status":"publish","type":"page","link":"https:\/\/www.teamprofi.de\/wsv-glonn\/warenkorb\/","title":{"rendered":"Warenkorb"},"content":{"rendered":"<div class=\"woocommerce\">\r\n<div class=\"cart-empty-page row cart-empty\">\r\n\t<div class=\"woocommerce-notices-wrapper\"><\/div><div class=\"wc-empty-cart-message\">\n\t<div class=\"cart-empty woocommerce-info\" role=\"status\">\n\t\tDein Warenkorb ist gegenw\u00e4rtig leer.\t<\/div>\n<\/div>\t<div class=\"info-wrap-empty\">\r\n\t\t<h1 class=\"info-background-empty\">Oops<\/h1>\r\n\t\t<div class=\"info-content-empty\">\r\n\t\t\t<div class=\"icon-empty\">\r\n\t\t\t\t<i class=\"dfd-icon-trolley_close\"><\/i>\r\n\t\t\t<\/div>\r\n\t\t\t<div class=\"info-empty\">\r\n\t\t\t\t<p class=\"cart-empty-text\">Your cart is currently empty.<\/p>\r\n\t\t\t\t<p class=\"cart-empty-subtext\">Sie k\u00f6nnen sehen alle erh\u00e4ltlichen Produkte und kauft im Laden.<\/p>\r\n\t\t\t\t\t\t\t\t\t<p class=\"button-on-page\"><a class=\"wc-backward\" href=\"https:\/\/www.teamprofi.de\/wsv-glonn\/shop\/\">Zur Shop zur\u00fcckgeben<\/a><\/p>\r\n\t\t\t\t\t\t\t<\/div>\r\n\t\t<\/div>\r\n\t<\/div>\r\n\t<div class=\"container-shortcodes\">\r\n\t\t<div class=\"woocommerce columns-4 \"><div class=\"products row\"><div class=\"first last three columns  dfd-loop-shop-responsive  style-1 post-484 product type-product status-publish has-post-thumbnail product_cat-basketball  instock taxable shipping-taxable purchasable product-type-variable\">\r\n    <div class=\"prod-wrap text-center\" >\r\n\r\n\t\t\t\t<div class=\"woo-cover\">\r\n\t\t\t<div class=\"prod-image-wrap woo-entry-thumb\">\r\n\r\n\t\t\t\t\r\n\t<div id=\"product_slider_69fb366264525\" class=\"woo-entry-thumb\" data-speed=\"2000\">\r\n\t\t\r\n\t\t<div class=\"woo-entry-thumb-carousel\">\r\n\r\n\t\t<div class=\"\"><img loading=\"lazy\" decoding=\"async\" src=\"https:\/\/www.teamprofi.de\/wsv-glonn\/wp-content\/uploads\/sites\/25\/2021\/05\/657249_06Basket-1024x1024-300x300.jpg\" alt=\"Bild\" width=\"300\" height=\"300\" \/><\/div>\r\n\t\t<\/div>\r\n\t\t\t\t<div class=\"preview-thumb\">\r\n\t\t\t<img decoding=\"async\" src=\"https:\/\/www.teamprofi.de\/wsv-glonn\/wp-content\/uploads\/sites\/25\/2021\/05\/657249_06Basket-1024x1024-300x300.jpg\" alt=\"Bild\" \/>\r\n\t\t<\/div>\r\n\t<\/div>\r\n\t<div class=\"buttons-wrap  dfd-buttons-light text-center\">\r\n\t\t<div>\r\n\t\t\t\t\t\t\t<a href=\"https:\/\/www.teamprofi.de\/wsv-glonn\/produkt\/liga-training-shorts-2\/\" rel=\"nofollow\" data-product_id=\"484\" data-product_sku=\"657250 06 Basket\" data-quantity=\"1\" class=\"button  product_type_variable\">View Product<\/a>\t\t\t\t\t\t\t\t\t\t<a href=\"https:\/\/www.teamprofi.de\/wsv-glonn\/wp-content\/uploads\/sites\/25\/2021\/05\/657249_06Basket.jpg\" title=\"Product images\" class=\"dfd-prod-lightbox\" data-rel=\"prettyPhoto[product-gallery-484]\">\r\n\t\t\t\t\t\t\t\t\t<i class=\"dfd-icon-zoom\"><\/i>\r\n\t\t\t\t\t\t\t<\/a>\r\n\t\t<\/div>\r\n\t<\/div>\r\n\r\n\t\t\t\t\t\t\t\t\t\t<a href=\"https:\/\/www.teamprofi.de\/wsv-glonn\/produkt\/liga-training-shorts-2\/\" class=\"link\"><\/a>\r\n\t\t\t\t\t\t\t\t\t\t\t<\/div>\r\n\t\t<\/div>\r\n\t\t\t\t\t<div class=\"woo-title-wrap\">\r\n\t\t\t\t<div class=\"heading\">\r\n\t\t\t\t\t<div class=\"dfd-folio-categories\">\r\n\t\t\t\t\t\t\r\n\t<span class=\"byline category\">\r\n\t\t<a href=\"https:\/\/www.teamprofi.de\/wsv-glonn\/produkt-kategorie\/basketball\/\" class=\"fn\">\r\n\t\t\t<span class=\"cat-name\">Basketball<\/span>\r\n\t\t<\/a>\r\n\t<\/span>\r\n\t\t\t\t\t<\/div>\r\n\t\t\t\t\t<div class=\"box-name\"><a href=\"https:\/\/www.teamprofi.de\/wsv-glonn\/produkt\/liga-training-shorts-2\/\">LIGA Training Shorts<\/a><\/div>\r\n\t\t\t\t\t\t\t\t\t\t\t<div class=\"subtitle\">Short mit WSV GLONN Basketball Logo.<\/div>\r\n\t\t\t\t\t\t\t\t\t\t<div class=\"price-wrap\">\r\n\t\t\t\t\t\t\n\t<span class=\"price\"><span class=\"woocommerce-Price-amount amount\" aria-hidden=\"true\"><bdi>19,00&nbsp;<span class=\"woocommerce-Price-currencySymbol\">&euro;<\/span><\/bdi><\/span> <span aria-hidden=\"true\"> \u2013 <\/span> <span class=\"woocommerce-Price-amount amount\" aria-hidden=\"true\"><bdi>22,00&nbsp;<span class=\"woocommerce-Price-currencySymbol\">&euro;<\/span><\/bdi><\/span><span class=\"screen-reader-text\">Preisspanne: 19,00&nbsp;&euro; bis 22,00&nbsp;&euro;<\/span><\/span>\n\t\t\t\t\t<\/div>\r\n\t\t\t\t\t<div class=\"rating-section\">\r\n\t\t\t\t\t\t\t\t\t\t\t<\/div>\r\n\t\t\t\t<\/div>\r\n\t\t\t<\/div>\r\n\t\t\t\t    <\/div>\r\n\t<\/div><div class=\"first last three columns  dfd-loop-shop-responsive  style-1 post-1067 product type-product status-publish has-post-thumbnail product_cat-taekwondo instock taxable shipping-taxable purchasable product-type-variable\">\r\n    <div class=\"prod-wrap text-center\" >\r\n\r\n\t\t\t\t<div class=\"woo-cover\">\r\n\t\t\t<div class=\"prod-image-wrap woo-entry-thumb\">\r\n\r\n\t\t\t\t\r\n\t<div id=\"product_slider_69fb366266fbe\" class=\"woo-entry-thumb\" data-speed=\"2000\">\r\n\t\t\r\n\t\t<div class=\"woo-entry-thumb-carousel\">\r\n\r\n\t\t<div class=\"\"><img loading=\"lazy\" decoding=\"async\" src=\"https:\/\/www.teamprofi.de\/wsv-glonn\/wp-content\/uploads\/sites\/25\/2023\/07\/15JahreTaekwondo_Rot_Herren-1024x1024-300x300.jpg\" alt=\"Bild\" width=\"300\" height=\"300\" \/><\/div>\r\n\t\t<\/div>\r\n\t\t\t\t<div class=\"preview-thumb\">\r\n\t\t\t<img decoding=\"async\" src=\"https:\/\/www.teamprofi.de\/wsv-glonn\/wp-content\/uploads\/sites\/25\/2023\/07\/15JahreTaekwondo_Rot_Herren-1024x1024-300x300.jpg\" alt=\"Bild\" \/>\r\n\t\t<\/div>\r\n\t<\/div>\r\n\t<div class=\"buttons-wrap  dfd-buttons-light text-center\">\r\n\t\t<div>\r\n\t\t\t\t\t\t\t<a href=\"https:\/\/www.teamprofi.de\/wsv-glonn\/produkt\/teamgoal-casuals-tee-kopie\/\" data-quantity=\"1\" class=\"add_to_cart_button product_type_variable add_to_cart_add_to_cart_button\" data-product_id=\"1067\" data-product_sku=\"\" aria-label=\"W\u00e4hle Optionen f\u00fcr \u201eteamGOAL Casuals Tee TKD 15 Jahre\u201c\" rel=\"nofollow\"><i class=\"dfd-icon-shopping_bag_1\"><\/i><span>Ausf\u00fchrung w\u00e4hlen<\/span><\/a>\t\t\t\t\t\t\t\t\t\t<a href=\"https:\/\/www.teamprofi.de\/wsv-glonn\/wp-content\/uploads\/sites\/25\/2023\/07\/15JahreTaekwondo_Rot_Herren.jpg\" title=\"Product images\" class=\"dfd-prod-lightbox\" data-rel=\"prettyPhoto[product-gallery-1067]\">\r\n\t\t\t\t\t\t\t\t\t<i class=\"dfd-icon-zoom\"><\/i>\r\n\t\t\t\t\t\t\t<\/a>\r\n\t\t<\/div>\r\n\t<\/div>\r\n\r\n\t\t\t\t\t\t\t\t\t\t<a href=\"https:\/\/www.teamprofi.de\/wsv-glonn\/produkt\/teamgoal-casuals-tee-kopie\/\" class=\"link\"><\/a>\r\n\t\t\t\t\t\t\t\t\t\t\t<\/div>\r\n\t\t<\/div>\r\n\t\t\t\t\t<div class=\"woo-title-wrap\">\r\n\t\t\t\t<div class=\"heading\">\r\n\t\t\t\t\t<div class=\"dfd-folio-categories\">\r\n\t\t\t\t\t\t\r\n\t<span class=\"byline category\">\r\n\t\t<a href=\"https:\/\/www.teamprofi.de\/wsv-glonn\/produkt-kategorie\/taekwondo\/\" class=\"fn\">\r\n\t\t\t<span class=\"cat-name\">Taekwondo<\/span>\r\n\t\t<\/a>\r\n\t<\/span>\r\n\t\t\t\t\t<\/div>\r\n\t\t\t\t\t<div class=\"box-name\"><a href=\"https:\/\/www.teamprofi.de\/wsv-glonn\/produkt\/teamgoal-casuals-tee-kopie\/\">teamGOAL Casuals Tee TKD 15 Jahre<\/a><\/div>\r\n\t\t\t\t\t\t\t\t\t\t\t<div class=\"subtitle\">Shirt mit WSV GLONN TWIN TAEKWONDO 15 Jahre LOGO.<\/div>\r\n\t\t\t\t\t\t\t\t\t\t<div class=\"price-wrap\">\r\n\t\t\t\t\t\t\n\t<span class=\"price\"><span class=\"woocommerce-Price-amount amount\" aria-hidden=\"true\"><bdi>17,00&nbsp;<span class=\"woocommerce-Price-currencySymbol\">&euro;<\/span><\/bdi><\/span> <span aria-hidden=\"true\"> \u2013 <\/span> <span class=\"woocommerce-Price-amount amount\" aria-hidden=\"true\"><bdi>19,00&nbsp;<span class=\"woocommerce-Price-currencySymbol\">&euro;<\/span><\/bdi><\/span><span class=\"screen-reader-text\">Preisspanne: 17,00&nbsp;&euro; bis 19,00&nbsp;&euro;<\/span><\/span>\n\t\t\t\t\t<\/div>\r\n\t\t\t\t\t<div class=\"rating-section\">\r\n\t\t\t\t\t\t\t\t\t\t\t<\/div>\r\n\t\t\t\t<\/div>\r\n\t\t\t<\/div>\r\n\t\t\t\t    <\/div>\r\n\t<\/div><div class=\"first last three columns  dfd-loop-shop-responsive  style-1 post-1091 product type-product status-publish has-post-thumbnail product_cat-taekwondo  instock taxable shipping-taxable purchasable product-type-variable\">\r\n    <div class=\"prod-wrap text-center\" >\r\n\r\n\t\t\t\t<div class=\"woo-cover\">\r\n\t\t\t<div class=\"prod-image-wrap woo-entry-thumb\">\r\n\r\n\t\t\t\t\r\n\t<div id=\"product_slider_69fb36626807d\" class=\"woo-entry-thumb\" data-speed=\"2000\">\r\n\t\t\r\n\t\t<div class=\"woo-entry-thumb-carousel\">\r\n\r\n\t\t<div class=\"\"><img loading=\"lazy\" decoding=\"async\" src=\"https:\/\/www.teamprofi.de\/wsv-glonn\/wp-content\/uploads\/sites\/25\/2023\/07\/15JahreTaekwondo_Rot_Damen-1024x1024-300x300.jpg\" alt=\"Bild\" width=\"300\" height=\"300\" \/><\/div>\r\n\t\t<\/div>\r\n\t\t\t\t<div class=\"preview-thumb\">\r\n\t\t\t<img decoding=\"async\" src=\"https:\/\/www.teamprofi.de\/wsv-glonn\/wp-content\/uploads\/sites\/25\/2023\/07\/15JahreTaekwondo_Rot_Damen-1024x1024-300x300.jpg\" alt=\"Bild\" \/>\r\n\t\t<\/div>\r\n\t<\/div>\r\n\t<div class=\"buttons-wrap  dfd-buttons-light text-center\">\r\n\t\t<div>\r\n\t\t\t\t\t\t\t<a href=\"https:\/\/www.teamprofi.de\/wsv-glonn\/produkt\/teamgoal-casuals-tee-w-kopie\/\" data-quantity=\"1\" class=\"add_to_cart_button product_type_variable add_to_cart_add_to_cart_button\" data-product_id=\"1091\" data-product_sku=\"657085 33-1\" aria-label=\"W\u00e4hle Optionen f\u00fcr \u201eteamGOAL Casuals Tee W TKD 15 Jahre\u201c\" rel=\"nofollow\"><i class=\"dfd-icon-shopping_bag_1\"><\/i><span>Ausf\u00fchrung w\u00e4hlen<\/span><\/a>\t\t\t\t\t\t\t\t\t\t<a href=\"https:\/\/www.teamprofi.de\/wsv-glonn\/wp-content\/uploads\/sites\/25\/2023\/07\/15JahreTaekwondo_Rot_Damen.jpg\" title=\"Product images\" class=\"dfd-prod-lightbox\" data-rel=\"prettyPhoto[product-gallery-1091]\">\r\n\t\t\t\t\t\t\t\t\t<i class=\"dfd-icon-zoom\"><\/i>\r\n\t\t\t\t\t\t\t<\/a>\r\n\t\t<\/div>\r\n\t<\/div>\r\n\r\n\t\t\t\t\t\t\t\t\t\t<a href=\"https:\/\/www.teamprofi.de\/wsv-glonn\/produkt\/teamgoal-casuals-tee-w-kopie\/\" class=\"link\"><\/a>\r\n\t\t\t\t\t\t\t\t\t\t\t<\/div>\r\n\t\t<\/div>\r\n\t\t\t\t\t<div class=\"woo-title-wrap\">\r\n\t\t\t\t<div class=\"heading\">\r\n\t\t\t\t\t<div class=\"dfd-folio-categories\">\r\n\t\t\t\t\t\t\r\n\t<span class=\"byline category\">\r\n\t\t<a href=\"https:\/\/www.teamprofi.de\/wsv-glonn\/produkt-kategorie\/taekwondo\/\" class=\"fn\">\r\n\t\t\t<span class=\"cat-name\">Taekwondo<\/span>\r\n\t\t<\/a>\r\n\t<\/span>\r\n\t\t\t\t\t<\/div>\r\n\t\t\t\t\t<div class=\"box-name\"><a href=\"https:\/\/www.teamprofi.de\/wsv-glonn\/produkt\/teamgoal-casuals-tee-w-kopie\/\">teamGOAL Casuals Tee W TKD 15 Jahre<\/a><\/div>\r\n\t\t\t\t\t\t\t\t\t\t\t<div class=\"subtitle\">Shirt mit WSV GLONN TWIN TAEKWONDO 15 Jahre LOGO.<\/div>\r\n\t\t\t\t\t\t\t\t\t\t<div class=\"price-wrap\">\r\n\t\t\t\t\t\t\n\t<span class=\"price\"><span class=\"woocommerce-Price-amount amount\"><bdi>19,00&nbsp;<span class=\"woocommerce-Price-currencySymbol\">&euro;<\/span><\/bdi><\/span><\/span>\n\t\t\t\t\t<\/div>\r\n\t\t\t\t\t<div class=\"rating-section\">\r\n\t\t\t\t\t\t\t\t\t\t\t<\/div>\r\n\t\t\t\t<\/div>\r\n\t\t\t<\/div>\r\n\t\t\t\t    <\/div>\r\n\t<\/div><div class=\"first last three columns  dfd-loop-shop-responsive  style-1 post-1663 product type-product status-publish has-post-thumbnail product_cat-basketball instock taxable shipping-taxable purchasable product-type-variable\">\r\n    <div class=\"prod-wrap text-center\" >\r\n\r\n\t\t\t\t<div class=\"woo-cover\">\r\n\t\t\t<div class=\"prod-image-wrap woo-entry-thumb\">\r\n\r\n\t\t\t\t\r\n\t<div id=\"product_slider_69fb366268f8e\" class=\"woo-entry-thumb\" data-speed=\"2000\">\r\n\t\t\r\n\t\t<div class=\"woo-entry-thumb-carousel\">\r\n\r\n\t\t<div class=\"\"><img loading=\"lazy\" decoding=\"async\" src=\"https:\/\/www.teamprofi.de\/wsv-glonn\/wp-content\/uploads\/sites\/25\/2024\/01\/658636_06Basket-1024x1024-300x300.jpg\" alt=\"Bild\" width=\"300\" height=\"300\" \/><\/div>\r\n\t\t<\/div>\r\n\t\t\t\t<div class=\"preview-thumb\">\r\n\t\t\t<img decoding=\"async\" src=\"https:\/\/www.teamprofi.de\/wsv-glonn\/wp-content\/uploads\/sites\/25\/2024\/01\/658636_06Basket-1024x1024-300x300.jpg\" alt=\"Bild\" \/>\r\n\t\t<\/div>\r\n\t<\/div>\r\n\t<div class=\"buttons-wrap  dfd-buttons-light text-center\">\r\n\t\t<div>\r\n\t\t\t\t\t\t\t<a href=\"https:\/\/www.teamprofi.de\/wsv-glonn\/produkt\/teamgoal-training-jersey-3\/\" rel=\"nofollow\" data-product_id=\"1663\" data-product_sku=\"658637 06 Basket\" data-quantity=\"1\" class=\"button  product_type_variable\">View Product<\/a>\t\t\t\t\t\t\t\t\t\t<a href=\"https:\/\/www.teamprofi.de\/wsv-glonn\/wp-content\/uploads\/sites\/25\/2024\/01\/658636_06Basket.jpg\" title=\"Product images\" class=\"dfd-prod-lightbox\" data-rel=\"prettyPhoto[product-gallery-1663]\">\r\n\t\t\t\t\t\t\t\t\t<i class=\"dfd-icon-zoom\"><\/i>\r\n\t\t\t\t\t\t\t<\/a>\r\n\t\t<\/div>\r\n\t<\/div>\r\n\r\n\t\t\t\t\t\t\t\t\t\t<a href=\"https:\/\/www.teamprofi.de\/wsv-glonn\/produkt\/teamgoal-training-jersey-3\/\" class=\"link\"><\/a>\r\n\t\t\t\t\t\t\t\t\t\t\t<\/div>\r\n\t\t<\/div>\r\n\t\t\t\t\t<div class=\"woo-title-wrap\">\r\n\t\t\t\t<div class=\"heading\">\r\n\t\t\t\t\t<div class=\"dfd-folio-categories\">\r\n\t\t\t\t\t\t\r\n\t<span class=\"byline category\">\r\n\t\t<a href=\"https:\/\/www.teamprofi.de\/wsv-glonn\/produkt-kategorie\/basketball\/\" class=\"fn\">\r\n\t\t\t<span class=\"cat-name\">Basketball<\/span>\r\n\t\t<\/a>\r\n\t<\/span>\r\n\t\t\t\t\t<\/div>\r\n\t\t\t\t\t<div class=\"box-name\"><a href=\"https:\/\/www.teamprofi.de\/wsv-glonn\/produkt\/teamgoal-training-jersey-3\/\">teamGOAL Training Jersey<\/a><\/div>\r\n\t\t\t\t\t\t\t\t\t\t\t<div class=\"subtitle\">T-Shirt mit Wappen. Auf Wunsch mit Initialen<\/div>\r\n\t\t\t\t\t\t\t\t\t\t<div class=\"price-wrap\">\r\n\t\t\t\t\t\t\n\t<span class=\"price\"><span class=\"woocommerce-Price-amount amount\" aria-hidden=\"true\"><bdi>19,00&nbsp;<span class=\"woocommerce-Price-currencySymbol\">&euro;<\/span><\/bdi><\/span> <span aria-hidden=\"true\"> \u2013 <\/span> <span class=\"woocommerce-Price-amount amount\" aria-hidden=\"true\"><bdi>22,00&nbsp;<span class=\"woocommerce-Price-currencySymbol\">&euro;<\/span><\/bdi><\/span><span class=\"screen-reader-text\">Preisspanne: 19,00&nbsp;&euro; bis 22,00&nbsp;&euro;<\/span><\/span>\n\t\t\t\t\t<\/div>\r\n\t\t\t\t\t<div class=\"rating-section\">\r\n\t\t\t\t\t\t\t\t\t\t\t<\/div>\r\n\t\t\t\t<\/div>\r\n\t\t\t<\/div>\r\n\t\t\t\t    <\/div>\r\n\t<\/div><\/div><\/div>\t<\/div>\r\n<\/div><\/div>\n","protected":false},"excerpt":{"rendered":"Dein Warenkorb ist gegenw\u00e4rtig leer. Oops Your cart is currently empty. Sie k\u00f6nnen sehen alle erh\u00e4ltlichen Produkte und kauft im Laden. Zur Shop zur\u00fcckgeben View Product Basketball LIGA Training Shorts","protected":false},"author":1,"featured_media":0,"parent":0,"menu_order":0,"comment_status":"closed","ping_status":"closed","template":"","meta":{"inline_featured_image":false,"rs_blank_template":"","rs_page_bg_color":"","slide_template_v7":"","footnotes":""},"class_list":["post-5","page","type-page","status-publish","hentry"],"yoast_head":"<!-- This site is optimized with the Yoast SEO plugin v27.3 - https:\/\/yoast.com\/product\/yoast-seo-wordpress\/ -->\n<title>Warenkorb - WSV Glonn<\/title>\n<meta name=\"robots\" content=\"index, follow, max-snippet:-1, max-image-preview:large, max-video-preview:-1\" \/>\n<link rel=\"canonical\" href=\"https:\/\/www.teamprofi.de\/wsv-glonn\/warenkorb\/\" \/>\n<meta property=\"og:locale\" content=\"de_DE\" \/>\n<meta property=\"og:type\" content=\"article\" \/>\n<meta property=\"og:title\" content=\"Warenkorb - WSV Glonn\" \/>\n<meta property=\"og:url\" content=\"https:\/\/www.teamprofi.de\/wsv-glonn\/warenkorb\/\" \/>\n<meta property=\"og:site_name\" content=\"WSV Glonn\" \/>\n<meta name=\"twitter:card\" content=\"summary_large_image\" \/>\n<script type=\"application\/ld+json\" class=\"yoast-schema-graph\">{\"@context\":\"https:\\\/\\\/schema.org\",\"@graph\":[{\"@type\":\"WebPage\",\"@id\":\"https:\\\/\\\/www.teamprofi.de\\\/wsv-glonn\\\/warenkorb\\\/\",\"url\":\"https:\\\/\\\/www.teamprofi.de\\\/wsv-glonn\\\/warenkorb\\\/\",\"name\":\"Warenkorb - WSV Glonn\",\"isPartOf\":{\"@id\":\"https:\\\/\\\/www.teamprofi.de\\\/wsv-glonn\\\/#website\"},\"datePublished\":\"2020-12-02T11:20:07+00:00\",\"breadcrumb\":{\"@id\":\"https:\\\/\\\/www.teamprofi.de\\\/wsv-glonn\\\/warenkorb\\\/#breadcrumb\"},\"inLanguage\":\"de\",\"potentialAction\":[{\"@type\":\"ReadAction\",\"target\":[\"https:\\\/\\\/www.teamprofi.de\\\/wsv-glonn\\\/warenkorb\\\/\"]}]},{\"@type\":\"BreadcrumbList\",\"@id\":\"https:\\\/\\\/www.teamprofi.de\\\/wsv-glonn\\\/warenkorb\\\/#breadcrumb\",\"itemListElement\":[{\"@type\":\"ListItem\",\"position\":1,\"name\":\"Startseite\",\"item\":\"https:\\\/\\\/www.teamprofi.de\\\/wsv-glonn\\\/\"},{\"@type\":\"ListItem\",\"position\":2,\"name\":\"Warenkorb\"}]},{\"@type\":\"WebSite\",\"@id\":\"https:\\\/\\\/www.teamprofi.de\\\/wsv-glonn\\\/#website\",\"url\":\"https:\\\/\\\/www.teamprofi.de\\\/wsv-glonn\\\/\",\"name\":\"WSV Glonn\",\"description\":\"Vereins Shop - Sport G\u00fcrteler\",\"potentialAction\":[{\"@type\":\"SearchAction\",\"target\":{\"@type\":\"EntryPoint\",\"urlTemplate\":\"https:\\\/\\\/www.teamprofi.de\\\/wsv-glonn\\\/?s={search_term_string}\"},\"query-input\":{\"@type\":\"PropertyValueSpecification\",\"valueRequired\":true,\"valueName\":\"search_term_string\"}}],\"inLanguage\":\"de\"}]}<\/script>\n<!-- \/ Yoast SEO plugin. -->","yoast_head_json":{"title":"Warenkorb - WSV Glonn","robots":{"index":"index","follow":"follow","max-snippet":"max-snippet:-1","max-image-preview":"max-image-preview:large","max-video-preview":"max-video-preview:-1"},"canonical":"https:\/\/www.teamprofi.de\/wsv-glonn\/warenkorb\/","og_locale":"de_DE","og_type":"article","og_title":"Warenkorb - WSV Glonn","og_url":"https:\/\/www.teamprofi.de\/wsv-glonn\/warenkorb\/","og_site_name":"WSV Glonn","twitter_card":"summary_large_image","schema":{"@context":"https:\/\/schema.org","@graph":[{"@type":"WebPage","@id":"https:\/\/www.teamprofi.de\/wsv-glonn\/warenkorb\/","url":"https:\/\/www.teamprofi.de\/wsv-glonn\/warenkorb\/","name":"Warenkorb - WSV Glonn","isPartOf":{"@id":"https:\/\/www.teamprofi.de\/wsv-glonn\/#website"},"datePublished":"2020-12-02T11:20:07+00:00","breadcrumb":{"@id":"https:\/\/www.teamprofi.de\/wsv-glonn\/warenkorb\/#breadcrumb"},"inLanguage":"de","potentialAction":[{"@type":"ReadAction","target":["https:\/\/www.teamprofi.de\/wsv-glonn\/warenkorb\/"]}]},{"@type":"BreadcrumbList","@id":"https:\/\/www.teamprofi.de\/wsv-glonn\/warenkorb\/#breadcrumb","itemListElement":[{"@type":"ListItem","position":1,"name":"Startseite","item":"https:\/\/www.teamprofi.de\/wsv-glonn\/"},{"@type":"ListItem","position":2,"name":"Warenkorb"}]},{"@type":"WebSite","@id":"https:\/\/www.teamprofi.de\/wsv-glonn\/#website","url":"https:\/\/www.teamprofi.de\/wsv-glonn\/","name":"WSV Glonn","description":"Vereins Shop - Sport G\u00fcrteler","potentialAction":[{"@type":"SearchAction","target":{"@type":"EntryPoint","urlTemplate":"https:\/\/www.teamprofi.de\/wsv-glonn\/?s={search_term_string}"},"query-input":{"@type":"PropertyValueSpecification","valueRequired":true,"valueName":"search_term_string"}}],"inLanguage":"de"}]}},"_links":{"self":[{"href":"https:\/\/www.teamprofi.de\/wsv-glonn\/wp-json\/wp\/v2\/pages\/5","targetHints":{"allow":["GET"]}}],"collection":[{"href":"https:\/\/www.teamprofi.de\/wsv-glonn\/wp-json\/wp\/v2\/pages"}],"about":[{"href":"https:\/\/www.teamprofi.de\/wsv-glonn\/wp-json\/wp\/v2\/types\/page"}],"author":[{"embeddable":true,"href":"https:\/\/www.teamprofi.de\/wsv-glonn\/wp-json\/wp\/v2\/users\/1"}],"replies":[{"embeddable":true,"href":"https:\/\/www.teamprofi.de\/wsv-glonn\/wp-json\/wp\/v2\/comments?post=5"}],"version-history":[{"count":0,"href":"https:\/\/www.teamprofi.de\/wsv-glonn\/wp-json\/wp\/v2\/pages\/5\/revisions"}],"wp:attachment":[{"href":"https:\/\/www.teamprofi.de\/wsv-glonn\/wp-json\/wp\/v2\/media?parent=5"}],"curies":[{"name":"wp","href":"https:\/\/api.w.org\/{rel}","templated":true}]}}