{"id":586,"date":"2020-10-06T18:51:19","date_gmt":"2020-10-06T16:51:19","guid":{"rendered":"https:\/\/www.teamprofi.de\/tsv-zorneding\/?post_type=product&#038;p=586"},"modified":"2022-12-15T15:42:34","modified_gmt":"2022-12-15T14:42:34","slug":"longsleeve-comfort-2-0","status":"publish","type":"product","link":"https:\/\/www.teamprofi.de\/tsv-zorneding\/produkt\/longsleeve-comfort-2-0\/","title":{"rendered":"Longsleeve Comfort 2.0"},"content":{"rendered":"<p>Komfort trifft auf Funktionalit\u00e4t. Die Underwear ist im Sport ein wichtiger Bestandteil. Ganz egal ob beim Training oder beim Laufen im Park. An kalten und an warmen Tagen bewahrst Du dank der Funktionsunterw\u00e4sche immer ein angenehmes K\u00f6rpergef\u00fchl. Das Longsleeve COMFORT 2.0 ist dein perfekter Begleiter beim Sport. Es ist sehr bequem zu tragen. Das komplette Longsleeve ist seamless verarbeitet. Dies bedeutet, dass dich keine unangenehm Druckstellen beim Sport ablenken. Der Komfort steht bei dem Longsleeve COMFORT 2.0 im Vordergrund. Selbst bei gro\u00dfer Anstrengung bewahrst Du ein angenehmes K\u00f6rpergef\u00fchl. JAKO ist bekannt f\u00fcr eine riesiege Farb- und Gr\u00f6\u00dfenauswahl. Das Longsleeve gibt es f\u00fcr Kinder in den Gr\u00f6\u00dfen 3XS &#8211; XS und f\u00fcr Herren in den Gr\u00f6\u00dfen S &#8211; XXL.<\/p>\n<p>Details<\/p>\n<div class=\"text\">\n<ul>\n<li>Seamless<\/li>\n<li>Bodyfit<\/li>\n<li>Weicher Griff<\/li>\n<\/ul>\n<p>Material<\/p>\n<ul>\n<li>100 % Polyamid<\/li>\n<\/ul>\n<p>Gr\u00f6\u00dfentabelle Kinder:<\/p>\n<p>3XS = 128<\/p>\n<p>XXS = 140\/152<\/p>\n<p>XS = 164<\/p>\n<\/div>\n","protected":false},"excerpt":{"rendered":"<p>Komfort trifft auf Funktionalit\u00e4t. Die Underwear ist im Sport ein wichtiger Bestandteil. Ganz egal ob beim Training oder beim Laufen im Park. An kalten und an warmen Tagen bewahrst Du<\/p>\n","protected":false},"featured_media":603,"template":"","meta":{"inline_featured_image":false},"product_brand":[],"product_cat":[85,138],"product_tag":[],"class_list":{"0":"post-586","1":"product","2":"type-product","3":"status-publish","4":"has-post-thumbnail","6":"product_cat-teamsport","7":"product_cat-teamsport_basics","9":"first","10":"instock","11":"taxable","12":"shipping-taxable","13":"purchasable","14":"product-type-variable"},"yoast_head":"<!-- This site is optimized with the Yoast SEO plugin v27.3 - https:\/\/yoast.com\/product\/yoast-seo-wordpress\/ -->\n<title>Longsleeve Comfort 2.0 - TSV Zorneding<\/title>\n<meta name=\"robots\" content=\"index, follow, max-snippet:-1, max-image-preview:large, max-video-preview:-1\" \/>\n<link rel=\"canonical\" href=\"https:\/\/www.teamprofi.de\/tsv-zorneding\/produkt\/longsleeve-comfort-2-0\/\" \/>\n<meta property=\"og:locale\" content=\"de_DE\" \/>\n<meta property=\"og:type\" content=\"article\" \/>\n<meta property=\"og:title\" content=\"Longsleeve Comfort 2.0 - TSV Zorneding\" \/>\n<meta property=\"og:description\" content=\"Komfort trifft auf Funktionalit\u00e4t. Die Underwear ist im Sport ein wichtiger Bestandteil. Ganz egal ob beim Training oder beim Laufen im Park. An kalten und an warmen Tagen bewahrst Du\" \/>\n<meta property=\"og:url\" content=\"https:\/\/www.teamprofi.de\/tsv-zorneding\/produkt\/longsleeve-comfort-2-0\/\" \/>\n<meta property=\"og:site_name\" content=\"TSV Zorneding\" \/>\n<meta property=\"article:modified_time\" content=\"2022-12-15T14:42:34+00:00\" \/>\n<meta property=\"og:image\" content=\"https:\/\/www.teamprofi.de\/tsv-zorneding\/wp-content\/uploads\/sites\/19\/2020\/10\/6455_01.jpg\" \/>\n\t<meta property=\"og:image:width\" content=\"1200\" \/>\n\t<meta property=\"og:image:height\" content=\"1200\" \/>\n\t<meta property=\"og:image:type\" content=\"image\/jpeg\" \/>\n<meta name=\"twitter:card\" content=\"summary_large_image\" \/>\n<meta name=\"twitter:label1\" content=\"Gesch\u00e4tzte Lesezeit\" \/>\n\t<meta name=\"twitter:data1\" content=\"1\u00a0Minute\" \/>\n<script type=\"application\/ld+json\" class=\"yoast-schema-graph\">{\"@context\":\"https:\\\/\\\/schema.org\",\"@graph\":[{\"@type\":\"WebPage\",\"@id\":\"https:\\\/\\\/www.teamprofi.de\\\/tsv-zorneding\\\/produkt\\\/longsleeve-comfort-2-0\\\/\",\"url\":\"https:\\\/\\\/www.teamprofi.de\\\/tsv-zorneding\\\/produkt\\\/longsleeve-comfort-2-0\\\/\",\"name\":\"Longsleeve Comfort 2.0 - TSV Zorneding\",\"isPartOf\":{\"@id\":\"https:\\\/\\\/www.teamprofi.de\\\/tsv-zorneding\\\/#website\"},\"primaryImageOfPage\":{\"@id\":\"https:\\\/\\\/www.teamprofi.de\\\/tsv-zorneding\\\/produkt\\\/longsleeve-comfort-2-0\\\/#primaryimage\"},\"image\":{\"@id\":\"https:\\\/\\\/www.teamprofi.de\\\/tsv-zorneding\\\/produkt\\\/longsleeve-comfort-2-0\\\/#primaryimage\"},\"thumbnailUrl\":\"https:\\\/\\\/www.teamprofi.de\\\/tsv-zorneding\\\/wp-content\\\/uploads\\\/sites\\\/19\\\/2020\\\/10\\\/6455_01.jpg\",\"datePublished\":\"2020-10-06T16:51:19+00:00\",\"dateModified\":\"2022-12-15T14:42:34+00:00\",\"breadcrumb\":{\"@id\":\"https:\\\/\\\/www.teamprofi.de\\\/tsv-zorneding\\\/produkt\\\/longsleeve-comfort-2-0\\\/#breadcrumb\"},\"inLanguage\":\"de\",\"potentialAction\":[{\"@type\":\"ReadAction\",\"target\":[\"https:\\\/\\\/www.teamprofi.de\\\/tsv-zorneding\\\/produkt\\\/longsleeve-comfort-2-0\\\/\"]}]},{\"@type\":\"ImageObject\",\"inLanguage\":\"de\",\"@id\":\"https:\\\/\\\/www.teamprofi.de\\\/tsv-zorneding\\\/produkt\\\/longsleeve-comfort-2-0\\\/#primaryimage\",\"url\":\"https:\\\/\\\/www.teamprofi.de\\\/tsv-zorneding\\\/wp-content\\\/uploads\\\/sites\\\/19\\\/2020\\\/10\\\/6455_01.jpg\",\"contentUrl\":\"https:\\\/\\\/www.teamprofi.de\\\/tsv-zorneding\\\/wp-content\\\/uploads\\\/sites\\\/19\\\/2020\\\/10\\\/6455_01.jpg\",\"width\":1200,\"height\":1200},{\"@type\":\"BreadcrumbList\",\"@id\":\"https:\\\/\\\/www.teamprofi.de\\\/tsv-zorneding\\\/produkt\\\/longsleeve-comfort-2-0\\\/#breadcrumb\",\"itemListElement\":[{\"@type\":\"ListItem\",\"position\":1,\"name\":\"Startseite\",\"item\":\"https:\\\/\\\/www.teamprofi.de\\\/tsv-zorneding\\\/\"},{\"@type\":\"ListItem\",\"position\":2,\"name\":\"Shop\",\"item\":\"https:\\\/\\\/www.teamprofi.de\\\/tsv-zorneding\\\/\"},{\"@type\":\"ListItem\",\"position\":3,\"name\":\"Longsleeve Comfort 2.0\"}]},{\"@type\":\"WebSite\",\"@id\":\"https:\\\/\\\/www.teamprofi.de\\\/tsv-zorneding\\\/#website\",\"url\":\"https:\\\/\\\/www.teamprofi.de\\\/tsv-zorneding\\\/\",\"name\":\"TSV Zorneding\",\"description\":\"Vereins-Shop Sport G\u00fcrteler\",\"potentialAction\":[{\"@type\":\"SearchAction\",\"target\":{\"@type\":\"EntryPoint\",\"urlTemplate\":\"https:\\\/\\\/www.teamprofi.de\\\/tsv-zorneding\\\/?s={search_term_string}\"},\"query-input\":{\"@type\":\"PropertyValueSpecification\",\"valueRequired\":true,\"valueName\":\"search_term_string\"}}],\"inLanguage\":\"de\"}]}<\/script>\n<!-- \/ Yoast SEO plugin. -->","yoast_head_json":{"title":"Longsleeve Comfort 2.0 - TSV Zorneding","robots":{"index":"index","follow":"follow","max-snippet":"max-snippet:-1","max-image-preview":"max-image-preview:large","max-video-preview":"max-video-preview:-1"},"canonical":"https:\/\/www.teamprofi.de\/tsv-zorneding\/produkt\/longsleeve-comfort-2-0\/","og_locale":"de_DE","og_type":"article","og_title":"Longsleeve Comfort 2.0 - TSV Zorneding","og_description":"Komfort trifft auf Funktionalit\u00e4t. Die Underwear ist im Sport ein wichtiger Bestandteil. Ganz egal ob beim Training oder beim Laufen im Park. An kalten und an warmen Tagen bewahrst Du","og_url":"https:\/\/www.teamprofi.de\/tsv-zorneding\/produkt\/longsleeve-comfort-2-0\/","og_site_name":"TSV Zorneding","article_modified_time":"2022-12-15T14:42:34+00:00","og_image":[{"width":1200,"height":1200,"url":"https:\/\/www.teamprofi.de\/tsv-zorneding\/wp-content\/uploads\/sites\/19\/2020\/10\/6455_01.jpg","type":"image\/jpeg"}],"twitter_card":"summary_large_image","twitter_misc":{"Gesch\u00e4tzte Lesezeit":"1\u00a0Minute"},"schema":{"@context":"https:\/\/schema.org","@graph":[{"@type":"WebPage","@id":"https:\/\/www.teamprofi.de\/tsv-zorneding\/produkt\/longsleeve-comfort-2-0\/","url":"https:\/\/www.teamprofi.de\/tsv-zorneding\/produkt\/longsleeve-comfort-2-0\/","name":"Longsleeve Comfort 2.0 - TSV Zorneding","isPartOf":{"@id":"https:\/\/www.teamprofi.de\/tsv-zorneding\/#website"},"primaryImageOfPage":{"@id":"https:\/\/www.teamprofi.de\/tsv-zorneding\/produkt\/longsleeve-comfort-2-0\/#primaryimage"},"image":{"@id":"https:\/\/www.teamprofi.de\/tsv-zorneding\/produkt\/longsleeve-comfort-2-0\/#primaryimage"},"thumbnailUrl":"https:\/\/www.teamprofi.de\/tsv-zorneding\/wp-content\/uploads\/sites\/19\/2020\/10\/6455_01.jpg","datePublished":"2020-10-06T16:51:19+00:00","dateModified":"2022-12-15T14:42:34+00:00","breadcrumb":{"@id":"https:\/\/www.teamprofi.de\/tsv-zorneding\/produkt\/longsleeve-comfort-2-0\/#breadcrumb"},"inLanguage":"de","potentialAction":[{"@type":"ReadAction","target":["https:\/\/www.teamprofi.de\/tsv-zorneding\/produkt\/longsleeve-comfort-2-0\/"]}]},{"@type":"ImageObject","inLanguage":"de","@id":"https:\/\/www.teamprofi.de\/tsv-zorneding\/produkt\/longsleeve-comfort-2-0\/#primaryimage","url":"https:\/\/www.teamprofi.de\/tsv-zorneding\/wp-content\/uploads\/sites\/19\/2020\/10\/6455_01.jpg","contentUrl":"https:\/\/www.teamprofi.de\/tsv-zorneding\/wp-content\/uploads\/sites\/19\/2020\/10\/6455_01.jpg","width":1200,"height":1200},{"@type":"BreadcrumbList","@id":"https:\/\/www.teamprofi.de\/tsv-zorneding\/produkt\/longsleeve-comfort-2-0\/#breadcrumb","itemListElement":[{"@type":"ListItem","position":1,"name":"Startseite","item":"https:\/\/www.teamprofi.de\/tsv-zorneding\/"},{"@type":"ListItem","position":2,"name":"Shop","item":"https:\/\/www.teamprofi.de\/tsv-zorneding\/"},{"@type":"ListItem","position":3,"name":"Longsleeve Comfort 2.0"}]},{"@type":"WebSite","@id":"https:\/\/www.teamprofi.de\/tsv-zorneding\/#website","url":"https:\/\/www.teamprofi.de\/tsv-zorneding\/","name":"TSV Zorneding","description":"Vereins-Shop Sport G\u00fcrteler","potentialAction":[{"@type":"SearchAction","target":{"@type":"EntryPoint","urlTemplate":"https:\/\/www.teamprofi.de\/tsv-zorneding\/?s={search_term_string}"},"query-input":{"@type":"PropertyValueSpecification","valueRequired":true,"valueName":"search_term_string"}}],"inLanguage":"de"}]}},"_links":{"self":[{"href":"https:\/\/www.teamprofi.de\/tsv-zorneding\/wp-json\/wp\/v2\/product\/586","targetHints":{"allow":["GET"]}}],"collection":[{"href":"https:\/\/www.teamprofi.de\/tsv-zorneding\/wp-json\/wp\/v2\/product"}],"about":[{"href":"https:\/\/www.teamprofi.de\/tsv-zorneding\/wp-json\/wp\/v2\/types\/product"}],"wp:featuredmedia":[{"embeddable":true,"href":"https:\/\/www.teamprofi.de\/tsv-zorneding\/wp-json\/wp\/v2\/media\/603"}],"wp:attachment":[{"href":"https:\/\/www.teamprofi.de\/tsv-zorneding\/wp-json\/wp\/v2\/media?parent=586"}],"wp:term":[{"taxonomy":"product_brand","embeddable":true,"href":"https:\/\/www.teamprofi.de\/tsv-zorneding\/wp-json\/wp\/v2\/product_brand?post=586"},{"taxonomy":"product_cat","embeddable":true,"href":"https:\/\/www.teamprofi.de\/tsv-zorneding\/wp-json\/wp\/v2\/product_cat?post=586"},{"taxonomy":"product_tag","embeddable":true,"href":"https:\/\/www.teamprofi.de\/tsv-zorneding\/wp-json\/wp\/v2\/product_tag?post=586"}],"curies":[{"name":"wp","href":"https:\/\/api.w.org\/{rel}","templated":true}]}}