{"id":1904,"date":"2024-07-26T09:34:37","date_gmt":"2024-07-26T07:34:37","guid":{"rendered":"https:\/\/www.teamprofi.de\/tsv-zorneding\/?post_type=product&#038;p=1904"},"modified":"2024-09-19T09:32:09","modified_gmt":"2024-09-19T07:32:09","slug":"sporttasche-iconic-mit-bodenfach","status":"publish","type":"product","link":"https:\/\/www.teamprofi.de\/tsv-zorneding\/produkt\/sporttasche-iconic-mit-bodenfach\/","title":{"rendered":"Sporttasche Iconic mit Bodenfach"},"content":{"rendered":"<div class=\"productPageDescriptions\">\n<div class=\"productPageDescription isFirst active\">\n<div class=\"productPageDescription__headline\"><strong>Beschreibung<\/strong><\/div>\n<div><\/div>\n<div class=\"productPageDescription__wrapper\">\n<div class=\"productPageDescription__content\">\n<p><strong>Perfekt organisiert unterwegs \u2013 Die Iconic Sporttasche<\/strong><\/p>\n<p>Die Sporttasche Iconic bietet durchdachte Details f\u00fcr deine sportlichen Bed\u00fcrfnisse. Mit einem ger\u00e4umigen Hauptfach und einem umlaufenden 2-Wege-Rei\u00dfverschluss hast du jederzeit bequemen Zugang zu deiner Ausr\u00fcstung. Das Rei\u00dfverschlussfach auf der linken Seite sorgt f\u00fcr zus\u00e4tzlichen Stauraum, w\u00e4hrend das tiefe Nassfach auf der rechten Seite deine schmutzige Sportkleidung sicher von den sauberen Utensilien trennt. Der verstellbare Schultertragegurt erm\u00f6glicht dir Flexibilit\u00e4t beim Tragen. In der kleinen Innentasche mit Rei\u00dfverschluss kannst du au\u00dferdem wichtige Kleinigkeiten sicher verstauen. Erlebe Komfort, Funktionalit\u00e4t und Stil mit der Iconic Sporttasche.<\/p>\n<\/div>\n<div><\/div>\n<\/div>\n<\/div>\n<div class=\"productPageDescription active\">\n<div class=\"productPageDescription__headline\"><strong>Details<\/strong><\/div>\n<div class=\"productPageDescription__wrapper\">\n<div class=\"productPageDescription__content\">\n<ul>\n<li>Kleine Innentasche mit Rei\u00dfverschluss<\/li>\n<li>Rei\u00dfverschlussfach auf der linken Seite<\/li>\n<li>Senior 65 x 30 x 44 cm (LxBxH)<\/li>\n<li>Tiefes Nassfach mit Rei\u00dfverschluss auf der rechten Seite<\/li>\n<li>Polyester 600 D<\/li>\n<li>Bambini 45 x 24 x 37 cm (LxBxH)<\/li>\n<li>Ger\u00e4umiges Hauptfach mit umlaufendem 2-Wege-Rei\u00dfverschluss<\/li>\n<li>Verstellbarer Schultertragegurt<\/li>\n<li>Junior 55 x 27 x 41 cm (LxBxH)<\/li>\n<li>Bodenfach H\u00f6he 12 cm<\/li>\n<\/ul>\n<\/div>\n<\/div>\n<\/div>\n<div class=\"productPageDescription \">\n<div class=\"productPageDescription__headline\"><strong>Material<\/strong><\/div>\n<div><\/div>\n<\/div>\n<\/div>\n<div class=\"productPageAttributeIcons\"><img decoding=\"async\" title=\"\" src=\"https:\/\/cdn.jako.de\/userdata\/dcshop\/filter_icon\/185808_wash_not.png\" alt=\"Nicht waschen\" width=\"37px\" height=\"37px\" data-toggle=\"tooltip\" data-original-title=\"Nicht waschen\" \/> <img decoding=\"async\" class=\"\" title=\"\" src=\"https:\/\/cdn.jako.de\/userdata\/dcshop\/filter_icon\/911081_bleach_not.png\" alt=\"Nicht chloren\" width=\"37px\" height=\"37px\" data-toggle=\"tooltip\" data-original-title=\"Nicht chloren\" \/> <img decoding=\"async\" class=\"\" title=\"\" src=\"https:\/\/cdn.jako.de\/userdata\/dcshop\/filter_icon\/761917_tumble_not.png\" alt=\"Nicht im Trockner trocknen\" width=\"37px\" height=\"37px\" data-toggle=\"tooltip\" data-original-title=\"Nicht im Trockner trocknen\" \/> <img decoding=\"async\" class=\"\" title=\"\" src=\"https:\/\/cdn.jako.de\/userdata\/dcshop\/filter_icon\/619961_iron_not.png\" alt=\"Nicht b\u00fcgeln\" width=\"37px\" height=\"37px\" data-toggle=\"tooltip\" data-original-title=\"Nicht b\u00fcgeln\" \/> <img decoding=\"async\" class=\"\" title=\"\" src=\"https:\/\/cdn.jako.de\/userdata\/dcshop\/filter_icon\/591149_clean_not.png\" alt=\"Nicht chemisch reinigen\" width=\"37px\" height=\"37px\" data-toggle=\"tooltip\" data-original-title=\"Nicht chemisch reinigen\" \/><\/div>\n","protected":false},"excerpt":{"rendered":"<p>Beschreibung Perfekt organisiert unterwegs \u2013 Die Iconic Sporttasche Die Sporttasche Iconic bietet durchdachte Details f\u00fcr deine sportlichen Bed\u00fcrfnisse. Mit einem ger\u00e4umigen Hauptfach und einem umlaufenden 2-Wege-Rei\u00dfverschluss hast du jederzeit bequemen<\/p>\n","protected":false},"featured_media":1957,"template":"","meta":{"inline_featured_image":false},"product_brand":[],"product_cat":[85],"product_tag":[],"class_list":{"0":"post-1904","1":"product","2":"type-product","3":"status-publish","4":"has-post-thumbnail","6":"product_cat-teamsport","8":"first","9":"instock","10":"taxable","11":"shipping-taxable","12":"purchasable","13":"product-type-variable"},"yoast_head":"<!-- This site is optimized with the Yoast SEO plugin v27.3 - https:\/\/yoast.com\/product\/yoast-seo-wordpress\/ -->\n<title>Sporttasche Iconic mit Bodenfach - TSV Zorneding<\/title>\n<meta name=\"robots\" content=\"index, follow, max-snippet:-1, max-image-preview:large, max-video-preview:-1\" \/>\n<link rel=\"canonical\" href=\"https:\/\/www.teamprofi.de\/tsv-zorneding\/produkt\/sporttasche-iconic-mit-bodenfach\/\" \/>\n<meta property=\"og:locale\" content=\"de_DE\" \/>\n<meta property=\"og:type\" content=\"article\" \/>\n<meta property=\"og:title\" content=\"Sporttasche Iconic mit Bodenfach - TSV Zorneding\" \/>\n<meta property=\"og:description\" content=\"Beschreibung Perfekt organisiert unterwegs \u2013 Die Iconic Sporttasche Die Sporttasche Iconic bietet durchdachte Details f\u00fcr deine sportlichen Bed\u00fcrfnisse. Mit einem ger\u00e4umigen Hauptfach und einem umlaufenden 2-Wege-Rei\u00dfverschluss hast du jederzeit bequemen\" \/>\n<meta property=\"og:url\" content=\"https:\/\/www.teamprofi.de\/tsv-zorneding\/produkt\/sporttasche-iconic-mit-bodenfach\/\" \/>\n<meta property=\"og:site_name\" content=\"TSV Zorneding\" \/>\n<meta property=\"article:modified_time\" content=\"2024-09-19T07:32:09+00:00\" \/>\n<meta property=\"og:image\" content=\"https:\/\/www.teamprofi.de\/tsv-zorneding\/wp-content\/uploads\/sites\/19\/2024\/07\/2024_01V.jpg\" \/>\n\t<meta property=\"og:image:width\" content=\"2363\" \/>\n\t<meta property=\"og:image:height\" content=\"2362\" \/>\n\t<meta property=\"og:image:type\" content=\"image\/jpeg\" \/>\n<meta name=\"twitter:card\" content=\"summary_large_image\" \/>\n<meta name=\"twitter:label1\" content=\"Gesch\u00e4tzte Lesezeit\" \/>\n\t<meta name=\"twitter:data1\" content=\"3\u00a0Minuten\" \/>\n<script type=\"application\/ld+json\" class=\"yoast-schema-graph\">{\"@context\":\"https:\\\/\\\/schema.org\",\"@graph\":[{\"@type\":\"WebPage\",\"@id\":\"https:\\\/\\\/www.teamprofi.de\\\/tsv-zorneding\\\/produkt\\\/sporttasche-iconic-mit-bodenfach\\\/\",\"url\":\"https:\\\/\\\/www.teamprofi.de\\\/tsv-zorneding\\\/produkt\\\/sporttasche-iconic-mit-bodenfach\\\/\",\"name\":\"Sporttasche Iconic mit Bodenfach - TSV Zorneding\",\"isPartOf\":{\"@id\":\"https:\\\/\\\/www.teamprofi.de\\\/tsv-zorneding\\\/#website\"},\"primaryImageOfPage\":{\"@id\":\"https:\\\/\\\/www.teamprofi.de\\\/tsv-zorneding\\\/produkt\\\/sporttasche-iconic-mit-bodenfach\\\/#primaryimage\"},\"image\":{\"@id\":\"https:\\\/\\\/www.teamprofi.de\\\/tsv-zorneding\\\/produkt\\\/sporttasche-iconic-mit-bodenfach\\\/#primaryimage\"},\"thumbnailUrl\":\"https:\\\/\\\/www.teamprofi.de\\\/tsv-zorneding\\\/wp-content\\\/uploads\\\/sites\\\/19\\\/2024\\\/07\\\/2024_01V.jpg\",\"datePublished\":\"2024-07-26T07:34:37+00:00\",\"dateModified\":\"2024-09-19T07:32:09+00:00\",\"breadcrumb\":{\"@id\":\"https:\\\/\\\/www.teamprofi.de\\\/tsv-zorneding\\\/produkt\\\/sporttasche-iconic-mit-bodenfach\\\/#breadcrumb\"},\"inLanguage\":\"de\",\"potentialAction\":[{\"@type\":\"ReadAction\",\"target\":[\"https:\\\/\\\/www.teamprofi.de\\\/tsv-zorneding\\\/produkt\\\/sporttasche-iconic-mit-bodenfach\\\/\"]}]},{\"@type\":\"ImageObject\",\"inLanguage\":\"de\",\"@id\":\"https:\\\/\\\/www.teamprofi.de\\\/tsv-zorneding\\\/produkt\\\/sporttasche-iconic-mit-bodenfach\\\/#primaryimage\",\"url\":\"https:\\\/\\\/www.teamprofi.de\\\/tsv-zorneding\\\/wp-content\\\/uploads\\\/sites\\\/19\\\/2024\\\/07\\\/2024_01V.jpg\",\"contentUrl\":\"https:\\\/\\\/www.teamprofi.de\\\/tsv-zorneding\\\/wp-content\\\/uploads\\\/sites\\\/19\\\/2024\\\/07\\\/2024_01V.jpg\",\"width\":2363,\"height\":2362},{\"@type\":\"BreadcrumbList\",\"@id\":\"https:\\\/\\\/www.teamprofi.de\\\/tsv-zorneding\\\/produkt\\\/sporttasche-iconic-mit-bodenfach\\\/#breadcrumb\",\"itemListElement\":[{\"@type\":\"ListItem\",\"position\":1,\"name\":\"Startseite\",\"item\":\"https:\\\/\\\/www.teamprofi.de\\\/tsv-zorneding\\\/\"},{\"@type\":\"ListItem\",\"position\":2,\"name\":\"Shop\",\"item\":\"https:\\\/\\\/www.teamprofi.de\\\/tsv-zorneding\\\/\"},{\"@type\":\"ListItem\",\"position\":3,\"name\":\"Sporttasche Iconic mit Bodenfach\"}]},{\"@type\":\"WebSite\",\"@id\":\"https:\\\/\\\/www.teamprofi.de\\\/tsv-zorneding\\\/#website\",\"url\":\"https:\\\/\\\/www.teamprofi.de\\\/tsv-zorneding\\\/\",\"name\":\"TSV Zorneding\",\"description\":\"Vereins-Shop Sport G\u00fcrteler\",\"potentialAction\":[{\"@type\":\"SearchAction\",\"target\":{\"@type\":\"EntryPoint\",\"urlTemplate\":\"https:\\\/\\\/www.teamprofi.de\\\/tsv-zorneding\\\/?s={search_term_string}\"},\"query-input\":{\"@type\":\"PropertyValueSpecification\",\"valueRequired\":true,\"valueName\":\"search_term_string\"}}],\"inLanguage\":\"de\"}]}<\/script>\n<!-- \/ Yoast SEO plugin. -->","yoast_head_json":{"title":"Sporttasche Iconic mit Bodenfach - TSV Zorneding","robots":{"index":"index","follow":"follow","max-snippet":"max-snippet:-1","max-image-preview":"max-image-preview:large","max-video-preview":"max-video-preview:-1"},"canonical":"https:\/\/www.teamprofi.de\/tsv-zorneding\/produkt\/sporttasche-iconic-mit-bodenfach\/","og_locale":"de_DE","og_type":"article","og_title":"Sporttasche Iconic mit Bodenfach - TSV Zorneding","og_description":"Beschreibung Perfekt organisiert unterwegs \u2013 Die Iconic Sporttasche Die Sporttasche Iconic bietet durchdachte Details f\u00fcr deine sportlichen Bed\u00fcrfnisse. Mit einem ger\u00e4umigen Hauptfach und einem umlaufenden 2-Wege-Rei\u00dfverschluss hast du jederzeit bequemen","og_url":"https:\/\/www.teamprofi.de\/tsv-zorneding\/produkt\/sporttasche-iconic-mit-bodenfach\/","og_site_name":"TSV Zorneding","article_modified_time":"2024-09-19T07:32:09+00:00","og_image":[{"width":2363,"height":2362,"url":"https:\/\/www.teamprofi.de\/tsv-zorneding\/wp-content\/uploads\/sites\/19\/2024\/07\/2024_01V.jpg","type":"image\/jpeg"}],"twitter_card":"summary_large_image","twitter_misc":{"Gesch\u00e4tzte Lesezeit":"3\u00a0Minuten"},"schema":{"@context":"https:\/\/schema.org","@graph":[{"@type":"WebPage","@id":"https:\/\/www.teamprofi.de\/tsv-zorneding\/produkt\/sporttasche-iconic-mit-bodenfach\/","url":"https:\/\/www.teamprofi.de\/tsv-zorneding\/produkt\/sporttasche-iconic-mit-bodenfach\/","name":"Sporttasche Iconic mit Bodenfach - TSV Zorneding","isPartOf":{"@id":"https:\/\/www.teamprofi.de\/tsv-zorneding\/#website"},"primaryImageOfPage":{"@id":"https:\/\/www.teamprofi.de\/tsv-zorneding\/produkt\/sporttasche-iconic-mit-bodenfach\/#primaryimage"},"image":{"@id":"https:\/\/www.teamprofi.de\/tsv-zorneding\/produkt\/sporttasche-iconic-mit-bodenfach\/#primaryimage"},"thumbnailUrl":"https:\/\/www.teamprofi.de\/tsv-zorneding\/wp-content\/uploads\/sites\/19\/2024\/07\/2024_01V.jpg","datePublished":"2024-07-26T07:34:37+00:00","dateModified":"2024-09-19T07:32:09+00:00","breadcrumb":{"@id":"https:\/\/www.teamprofi.de\/tsv-zorneding\/produkt\/sporttasche-iconic-mit-bodenfach\/#breadcrumb"},"inLanguage":"de","potentialAction":[{"@type":"ReadAction","target":["https:\/\/www.teamprofi.de\/tsv-zorneding\/produkt\/sporttasche-iconic-mit-bodenfach\/"]}]},{"@type":"ImageObject","inLanguage":"de","@id":"https:\/\/www.teamprofi.de\/tsv-zorneding\/produkt\/sporttasche-iconic-mit-bodenfach\/#primaryimage","url":"https:\/\/www.teamprofi.de\/tsv-zorneding\/wp-content\/uploads\/sites\/19\/2024\/07\/2024_01V.jpg","contentUrl":"https:\/\/www.teamprofi.de\/tsv-zorneding\/wp-content\/uploads\/sites\/19\/2024\/07\/2024_01V.jpg","width":2363,"height":2362},{"@type":"BreadcrumbList","@id":"https:\/\/www.teamprofi.de\/tsv-zorneding\/produkt\/sporttasche-iconic-mit-bodenfach\/#breadcrumb","itemListElement":[{"@type":"ListItem","position":1,"name":"Startseite","item":"https:\/\/www.teamprofi.de\/tsv-zorneding\/"},{"@type":"ListItem","position":2,"name":"Shop","item":"https:\/\/www.teamprofi.de\/tsv-zorneding\/"},{"@type":"ListItem","position":3,"name":"Sporttasche Iconic mit Bodenfach"}]},{"@type":"WebSite","@id":"https:\/\/www.teamprofi.de\/tsv-zorneding\/#website","url":"https:\/\/www.teamprofi.de\/tsv-zorneding\/","name":"TSV Zorneding","description":"Vereins-Shop Sport G\u00fcrteler","potentialAction":[{"@type":"SearchAction","target":{"@type":"EntryPoint","urlTemplate":"https:\/\/www.teamprofi.de\/tsv-zorneding\/?s={search_term_string}"},"query-input":{"@type":"PropertyValueSpecification","valueRequired":true,"valueName":"search_term_string"}}],"inLanguage":"de"}]}},"_links":{"self":[{"href":"https:\/\/www.teamprofi.de\/tsv-zorneding\/wp-json\/wp\/v2\/product\/1904","targetHints":{"allow":["GET"]}}],"collection":[{"href":"https:\/\/www.teamprofi.de\/tsv-zorneding\/wp-json\/wp\/v2\/product"}],"about":[{"href":"https:\/\/www.teamprofi.de\/tsv-zorneding\/wp-json\/wp\/v2\/types\/product"}],"wp:featuredmedia":[{"embeddable":true,"href":"https:\/\/www.teamprofi.de\/tsv-zorneding\/wp-json\/wp\/v2\/media\/1957"}],"wp:attachment":[{"href":"https:\/\/www.teamprofi.de\/tsv-zorneding\/wp-json\/wp\/v2\/media?parent=1904"}],"wp:term":[{"taxonomy":"product_brand","embeddable":true,"href":"https:\/\/www.teamprofi.de\/tsv-zorneding\/wp-json\/wp\/v2\/product_brand?post=1904"},{"taxonomy":"product_cat","embeddable":true,"href":"https:\/\/www.teamprofi.de\/tsv-zorneding\/wp-json\/wp\/v2\/product_cat?post=1904"},{"taxonomy":"product_tag","embeddable":true,"href":"https:\/\/www.teamprofi.de\/tsv-zorneding\/wp-json\/wp\/v2\/product_tag?post=1904"}],"curies":[{"name":"wp","href":"https:\/\/api.w.org\/{rel}","templated":true}]}}