{"id":1892,"date":"2024-07-31T17:25:08","date_gmt":"2024-07-31T15:25:08","guid":{"rendered":"https:\/\/www.teamprofi.de\/tsv-zorneding\/?post_type=product&#038;p=1892"},"modified":"2024-08-06T17:11:51","modified_gmt":"2024-08-06T15:11:51","slug":"trainingsshort-power","status":"publish","type":"product","link":"https:\/\/www.teamprofi.de\/tsv-zorneding\/produkt\/trainingsshort-power\/","title":{"rendered":"Trainingsshort Power"},"content":{"rendered":"<div id=\"itemcard_right\" class=\"itemcardTopRight col-xs-12 col-md-6 col-lg-5\">\n<div class=\"itemcard_details itemcard_infoblock\">\n<div class=\"itemcard_slidecontent_wrapper\">\n<div class=\"slidecontent_itemcard_wrapper active\">\n<div class=\"hl\"><strong>Beschreibung<\/strong><\/div>\n<div><\/div>\n<div class=\"text\">Mit dem zweiteiligen elastischen Bund und dem Kordelzug passt sich die Short Power individuell an und bietet perfekten Halt. F\u00fcr ein angenehmes Gef\u00fchl w\u00e4hrend des Sports sorgt die Keep Dry Funktion, die den Stoff schnell trocknen l\u00e4sst und vor Ausk\u00fchlung sch\u00fctzt. Der Kontrasteinsatz in Wabenstruktur an der Seite der Sporthose setzt ein dynamisches Power Detail und der Polyester-Interlock bietet eine hohe Strapazierf\u00e4higkeit des Materials. 100% der eingesetzten Materialien bestehen aus recyceltem Polyester. Die tiefen Seitentaschen sind auch bestens f\u00fcr Sportarten, wie zum Beispiel Tennis geeignet.<\/div>\n<div><\/div>\n<\/div>\n<div class=\"slidecontent_itemcard_wrapper active\">\n<div class=\"hl\"><strong>Details<\/strong><\/div>\n<div class=\"text\">\n<ul>\n<li>Zweiteiliger elastischer Bund mit Kordelzug<\/li>\n<li>Extra tiefe Seitentaschen (f\u00fcr Tennisb\u00e4lle geeignet)<\/li>\n<li>Polyester-Interlock<\/li>\n<li>Seiteneinsatz in Wabenstruktur<\/li>\n<\/ul>\n<\/div>\n<\/div>\n<div class=\"slidecontent_itemcard_wrapper active\">\n<div class=\"hl\"><strong>Material<\/strong><\/div>\n<div class=\"text\">\n<ul>\n<li>100 % Polyester (recycelt)<\/li>\n<\/ul>\n<\/div>\n<\/div>\n<div class=\"attributeIcons marginTop--large\"><img decoding=\"async\" title=\"\" src=\"https:\/\/cdn.jako.de\/userdata\/dcshop\/filter_icon\/251439_tec_konzept_keep_dry_2021_70x70px.jpg\" data-toggle=\"tooltip\" data-original-title=\"Microfeine Fasern transportieren Feuchtigkeit unmittelbar an die Oberfl\u00e4che des Stoffes. So gew\u00e4hrleistet KEEP DRY, dass das Material sehr schnell trocknet und Du beim Sport nicht ausk\u00fchlst. \" \/><img decoding=\"async\" class=\"\" title=\"\" src=\"https:\/\/cdn.jako.de\/userdata\/dcshop\/filter_icon\/664706_fair_logo_ganz_70x70px.jpg\" data-toggle=\"tooltip\" data-original-title=\"100 % der eingesetzten Materialien bestehen aus recyceltem Polyester\" \/><\/div>\n<div class=\"attributeIcons__item marginTop--large\"><img decoding=\"async\" title=\"\" src=\"https:\/\/cdn.jako.de\/userdata\/dcshop\/filter_icon\/170931_wash40.png\" data-toggle=\"tooltip\" data-original-title=\"40\u00b0 waschen\" \/><img decoding=\"async\" title=\"\" src=\"https:\/\/cdn.jako.de\/userdata\/dcshop\/filter_icon\/911081_bleach_not.png\" data-toggle=\"tooltip\" data-original-title=\"Nicht chloren\" \/><img decoding=\"async\" title=\"\" src=\"https:\/\/cdn.jako.de\/userdata\/dcshop\/filter_icon\/848187_tumble_low.png\" data-toggle=\"tooltip\" data-original-title=\"Trocknen niedrige Temperatur\" \/><img decoding=\"async\" class=\"\" title=\"\" src=\"https:\/\/cdn.jako.de\/userdata\/dcshop\/filter_icon\/438269_iron_low.png\" data-toggle=\"tooltip\" data-original-title=\"B\u00fcgeln niedrige Temperatur\" \/><img decoding=\"async\" title=\"\" src=\"https:\/\/cdn.jako.de\/userdata\/dcshop\/filter_icon\/591149_clean_not.png\" data-toggle=\"tooltip\" data-original-title=\"Nicht chemisch reinigen\" \/><\/div>\n<\/div>\n<\/div>\n<\/div>\n","protected":false},"excerpt":{"rendered":"<p>Beschreibung Mit dem zweiteiligen elastischen Bund und dem Kordelzug passt sich die Short Power individuell an und bietet perfekten Halt. F\u00fcr ein angenehmes Gef\u00fchl w\u00e4hrend des Sports sorgt die Keep<\/p>\n","protected":false},"featured_media":1966,"template":"","meta":{"inline_featured_image":false},"product_brand":[],"product_cat":[85],"product_tag":[],"class_list":{"0":"post-1892","1":"product","2":"type-product","3":"status-publish","4":"has-post-thumbnail","6":"product_cat-teamsport","8":"first","9":"instock","10":"taxable","11":"shipping-taxable","12":"purchasable","13":"product-type-variable"},"yoast_head":"<!-- This site is optimized with the Yoast SEO plugin v27.3 - https:\/\/yoast.com\/product\/yoast-seo-wordpress\/ -->\n<title>Trainingsshort Power - TSV Zorneding<\/title>\n<meta name=\"robots\" content=\"index, follow, max-snippet:-1, max-image-preview:large, max-video-preview:-1\" \/>\n<link rel=\"canonical\" href=\"https:\/\/www.teamprofi.de\/tsv-zorneding\/produkt\/trainingsshort-power\/\" \/>\n<meta property=\"og:locale\" content=\"de_DE\" \/>\n<meta property=\"og:type\" content=\"article\" \/>\n<meta property=\"og:title\" content=\"Trainingsshort Power - TSV Zorneding\" \/>\n<meta property=\"og:description\" content=\"Beschreibung Mit dem zweiteiligen elastischen Bund und dem Kordelzug passt sich die Short Power individuell an und bietet perfekten Halt. F\u00fcr ein angenehmes Gef\u00fchl w\u00e4hrend des Sports sorgt die Keep\" \/>\n<meta property=\"og:url\" content=\"https:\/\/www.teamprofi.de\/tsv-zorneding\/produkt\/trainingsshort-power\/\" \/>\n<meta property=\"og:site_name\" content=\"TSV Zorneding\" \/>\n<meta property=\"article:modified_time\" content=\"2024-08-06T15:11:51+00:00\" \/>\n<meta property=\"og:image\" content=\"https:\/\/www.teamprofi.de\/tsv-zorneding\/wp-content\/uploads\/sites\/19\/2024\/07\/6223-800-Vorne.jpg\" \/>\n\t<meta property=\"og:image:width\" content=\"2362\" \/>\n\t<meta property=\"og:image:height\" content=\"2362\" \/>\n\t<meta property=\"og:image:type\" content=\"image\/jpeg\" \/>\n<meta name=\"twitter:card\" content=\"summary_large_image\" \/>\n<meta name=\"twitter:label1\" content=\"Gesch\u00e4tzte Lesezeit\" \/>\n\t<meta name=\"twitter:data1\" content=\"1\u00a0Minute\" \/>\n<script type=\"application\/ld+json\" class=\"yoast-schema-graph\">{\"@context\":\"https:\\\/\\\/schema.org\",\"@graph\":[{\"@type\":\"WebPage\",\"@id\":\"https:\\\/\\\/www.teamprofi.de\\\/tsv-zorneding\\\/produkt\\\/trainingsshort-power\\\/\",\"url\":\"https:\\\/\\\/www.teamprofi.de\\\/tsv-zorneding\\\/produkt\\\/trainingsshort-power\\\/\",\"name\":\"Trainingsshort Power - TSV Zorneding\",\"isPartOf\":{\"@id\":\"https:\\\/\\\/www.teamprofi.de\\\/tsv-zorneding\\\/#website\"},\"primaryImageOfPage\":{\"@id\":\"https:\\\/\\\/www.teamprofi.de\\\/tsv-zorneding\\\/produkt\\\/trainingsshort-power\\\/#primaryimage\"},\"image\":{\"@id\":\"https:\\\/\\\/www.teamprofi.de\\\/tsv-zorneding\\\/produkt\\\/trainingsshort-power\\\/#primaryimage\"},\"thumbnailUrl\":\"https:\\\/\\\/www.teamprofi.de\\\/tsv-zorneding\\\/wp-content\\\/uploads\\\/sites\\\/19\\\/2024\\\/07\\\/6223-800-Vorne.jpg\",\"datePublished\":\"2024-07-31T15:25:08+00:00\",\"dateModified\":\"2024-08-06T15:11:51+00:00\",\"breadcrumb\":{\"@id\":\"https:\\\/\\\/www.teamprofi.de\\\/tsv-zorneding\\\/produkt\\\/trainingsshort-power\\\/#breadcrumb\"},\"inLanguage\":\"de\",\"potentialAction\":[{\"@type\":\"ReadAction\",\"target\":[\"https:\\\/\\\/www.teamprofi.de\\\/tsv-zorneding\\\/produkt\\\/trainingsshort-power\\\/\"]}]},{\"@type\":\"ImageObject\",\"inLanguage\":\"de\",\"@id\":\"https:\\\/\\\/www.teamprofi.de\\\/tsv-zorneding\\\/produkt\\\/trainingsshort-power\\\/#primaryimage\",\"url\":\"https:\\\/\\\/www.teamprofi.de\\\/tsv-zorneding\\\/wp-content\\\/uploads\\\/sites\\\/19\\\/2024\\\/07\\\/6223-800-Vorne.jpg\",\"contentUrl\":\"https:\\\/\\\/www.teamprofi.de\\\/tsv-zorneding\\\/wp-content\\\/uploads\\\/sites\\\/19\\\/2024\\\/07\\\/6223-800-Vorne.jpg\",\"width\":2362,\"height\":2362},{\"@type\":\"BreadcrumbList\",\"@id\":\"https:\\\/\\\/www.teamprofi.de\\\/tsv-zorneding\\\/produkt\\\/trainingsshort-power\\\/#breadcrumb\",\"itemListElement\":[{\"@type\":\"ListItem\",\"position\":1,\"name\":\"Startseite\",\"item\":\"https:\\\/\\\/www.teamprofi.de\\\/tsv-zorneding\\\/\"},{\"@type\":\"ListItem\",\"position\":2,\"name\":\"Shop\",\"item\":\"https:\\\/\\\/www.teamprofi.de\\\/tsv-zorneding\\\/\"},{\"@type\":\"ListItem\",\"position\":3,\"name\":\"Trainingsshort Power\"}]},{\"@type\":\"WebSite\",\"@id\":\"https:\\\/\\\/www.teamprofi.de\\\/tsv-zorneding\\\/#website\",\"url\":\"https:\\\/\\\/www.teamprofi.de\\\/tsv-zorneding\\\/\",\"name\":\"TSV Zorneding\",\"description\":\"Vereins-Shop Sport G\u00fcrteler\",\"potentialAction\":[{\"@type\":\"SearchAction\",\"target\":{\"@type\":\"EntryPoint\",\"urlTemplate\":\"https:\\\/\\\/www.teamprofi.de\\\/tsv-zorneding\\\/?s={search_term_string}\"},\"query-input\":{\"@type\":\"PropertyValueSpecification\",\"valueRequired\":true,\"valueName\":\"search_term_string\"}}],\"inLanguage\":\"de\"}]}<\/script>\n<!-- \/ Yoast SEO plugin. -->","yoast_head_json":{"title":"Trainingsshort Power - TSV Zorneding","robots":{"index":"index","follow":"follow","max-snippet":"max-snippet:-1","max-image-preview":"max-image-preview:large","max-video-preview":"max-video-preview:-1"},"canonical":"https:\/\/www.teamprofi.de\/tsv-zorneding\/produkt\/trainingsshort-power\/","og_locale":"de_DE","og_type":"article","og_title":"Trainingsshort Power - TSV Zorneding","og_description":"Beschreibung Mit dem zweiteiligen elastischen Bund und dem Kordelzug passt sich die Short Power individuell an und bietet perfekten Halt. F\u00fcr ein angenehmes Gef\u00fchl w\u00e4hrend des Sports sorgt die Keep","og_url":"https:\/\/www.teamprofi.de\/tsv-zorneding\/produkt\/trainingsshort-power\/","og_site_name":"TSV Zorneding","article_modified_time":"2024-08-06T15:11:51+00:00","og_image":[{"width":2362,"height":2362,"url":"https:\/\/www.teamprofi.de\/tsv-zorneding\/wp-content\/uploads\/sites\/19\/2024\/07\/6223-800-Vorne.jpg","type":"image\/jpeg"}],"twitter_card":"summary_large_image","twitter_misc":{"Gesch\u00e4tzte Lesezeit":"1\u00a0Minute"},"schema":{"@context":"https:\/\/schema.org","@graph":[{"@type":"WebPage","@id":"https:\/\/www.teamprofi.de\/tsv-zorneding\/produkt\/trainingsshort-power\/","url":"https:\/\/www.teamprofi.de\/tsv-zorneding\/produkt\/trainingsshort-power\/","name":"Trainingsshort Power - TSV Zorneding","isPartOf":{"@id":"https:\/\/www.teamprofi.de\/tsv-zorneding\/#website"},"primaryImageOfPage":{"@id":"https:\/\/www.teamprofi.de\/tsv-zorneding\/produkt\/trainingsshort-power\/#primaryimage"},"image":{"@id":"https:\/\/www.teamprofi.de\/tsv-zorneding\/produkt\/trainingsshort-power\/#primaryimage"},"thumbnailUrl":"https:\/\/www.teamprofi.de\/tsv-zorneding\/wp-content\/uploads\/sites\/19\/2024\/07\/6223-800-Vorne.jpg","datePublished":"2024-07-31T15:25:08+00:00","dateModified":"2024-08-06T15:11:51+00:00","breadcrumb":{"@id":"https:\/\/www.teamprofi.de\/tsv-zorneding\/produkt\/trainingsshort-power\/#breadcrumb"},"inLanguage":"de","potentialAction":[{"@type":"ReadAction","target":["https:\/\/www.teamprofi.de\/tsv-zorneding\/produkt\/trainingsshort-power\/"]}]},{"@type":"ImageObject","inLanguage":"de","@id":"https:\/\/www.teamprofi.de\/tsv-zorneding\/produkt\/trainingsshort-power\/#primaryimage","url":"https:\/\/www.teamprofi.de\/tsv-zorneding\/wp-content\/uploads\/sites\/19\/2024\/07\/6223-800-Vorne.jpg","contentUrl":"https:\/\/www.teamprofi.de\/tsv-zorneding\/wp-content\/uploads\/sites\/19\/2024\/07\/6223-800-Vorne.jpg","width":2362,"height":2362},{"@type":"BreadcrumbList","@id":"https:\/\/www.teamprofi.de\/tsv-zorneding\/produkt\/trainingsshort-power\/#breadcrumb","itemListElement":[{"@type":"ListItem","position":1,"name":"Startseite","item":"https:\/\/www.teamprofi.de\/tsv-zorneding\/"},{"@type":"ListItem","position":2,"name":"Shop","item":"https:\/\/www.teamprofi.de\/tsv-zorneding\/"},{"@type":"ListItem","position":3,"name":"Trainingsshort Power"}]},{"@type":"WebSite","@id":"https:\/\/www.teamprofi.de\/tsv-zorneding\/#website","url":"https:\/\/www.teamprofi.de\/tsv-zorneding\/","name":"TSV Zorneding","description":"Vereins-Shop Sport G\u00fcrteler","potentialAction":[{"@type":"SearchAction","target":{"@type":"EntryPoint","urlTemplate":"https:\/\/www.teamprofi.de\/tsv-zorneding\/?s={search_term_string}"},"query-input":{"@type":"PropertyValueSpecification","valueRequired":true,"valueName":"search_term_string"}}],"inLanguage":"de"}]}},"_links":{"self":[{"href":"https:\/\/www.teamprofi.de\/tsv-zorneding\/wp-json\/wp\/v2\/product\/1892","targetHints":{"allow":["GET"]}}],"collection":[{"href":"https:\/\/www.teamprofi.de\/tsv-zorneding\/wp-json\/wp\/v2\/product"}],"about":[{"href":"https:\/\/www.teamprofi.de\/tsv-zorneding\/wp-json\/wp\/v2\/types\/product"}],"wp:featuredmedia":[{"embeddable":true,"href":"https:\/\/www.teamprofi.de\/tsv-zorneding\/wp-json\/wp\/v2\/media\/1966"}],"wp:attachment":[{"href":"https:\/\/www.teamprofi.de\/tsv-zorneding\/wp-json\/wp\/v2\/media?parent=1892"}],"wp:term":[{"taxonomy":"product_brand","embeddable":true,"href":"https:\/\/www.teamprofi.de\/tsv-zorneding\/wp-json\/wp\/v2\/product_brand?post=1892"},{"taxonomy":"product_cat","embeddable":true,"href":"https:\/\/www.teamprofi.de\/tsv-zorneding\/wp-json\/wp\/v2\/product_cat?post=1892"},{"taxonomy":"product_tag","embeddable":true,"href":"https:\/\/www.teamprofi.de\/tsv-zorneding\/wp-json\/wp\/v2\/product_tag?post=1892"}],"curies":[{"name":"wp","href":"https:\/\/api.w.org\/{rel}","templated":true}]}}