{"id":1678,"date":"2024-05-15T09:53:50","date_gmt":"2024-05-15T07:53:50","guid":{"rendered":"https:\/\/www.teamprofi.de\/tsv-zorneding\/?post_type=product&#038;p=1678"},"modified":"2025-08-08T18:28:15","modified_gmt":"2025-08-08T16:28:15","slug":"polo-iconic","status":"publish","type":"product","link":"https:\/\/www.teamprofi.de\/tsv-zorneding\/produkt\/polo-iconic\/","title":{"rendered":"Polo Iconic"},"content":{"rendered":"<div class=\"productPageDescriptions\">\n<div class=\"productPageDescription isFirst active\">\n<div class=\"productPageDescription__headline\"><strong>Beschreibung<\/strong><\/div>\n<div><\/div>\n<div class=\"productPageDescription__wrapper\">\n<div class=\"productPageDescription__content\">\n<p><strong>Eleganz trifft Nachhaltigkeit: Das Iconic Polo-Shirt<\/strong><\/p>\n<p>Das Polo Iconic besteht zu 100 % aus recyceltem Polyester und setzt damit ein starkes Statement f\u00fcr umweltbewusste Mode. Die klassische Knopfleiste verleiht diesem Polo-Shirt einen Hauch von Eleganz, w\u00e4hrend du gleichzeitig deinen \u00f6kologischen Fu\u00dfabdruck reduzierst. Mit der Keep Dry Funktion bist Du f\u00fcr den Sport bestens vorbereitet. Microfeine Fasern transportieren Feuchtigkeit unimittelbar an die Oberfl\u00e4che. So bewahrst Du ein angenehmes K\u00f6rpergef\u00fchl.<\/p>\n<\/div>\n<div><\/div>\n<\/div>\n<\/div>\n<div class=\"productPageDescription active\">\n<div class=\"productPageDescription__headline\"><strong>Details<\/strong><\/div>\n<div class=\"productPageDescription__wrapper\">\n<div class=\"productPageDescription__content\">\n<ul>\n<li>Knopfleiste<\/li>\n<li>Jacquard-Einsatz<\/li>\n<li>Polyester-Micro-Mesh<\/li>\n<\/ul>\n<\/div>\n<\/div>\n<\/div>\n<div class=\"productPageDescription \">\n<div class=\"productPageDescription__headline\"><strong>Material<\/strong><\/div>\n<div><\/div>\n<\/div>\n<\/div>\n<div class=\"productPageAttributeIcons\"><img decoding=\"async\" class=\"\" title=\"\" src=\"https:\/\/cdn.jako.de\/userdata\/dcshop\/filter_icon\/251439_tec_konzept_keep_dry_2021_70x70px.jpg\" alt=\"Microfeine Fasern transportieren Feuchtigkeit unmittelbar an die Oberfl\u00e4che des Stoffes. So gew\u00e4hrleistet KEEP DRY, dass das Material sehr schnell trocknet und Du beim Sport nicht ausk\u00fchlst. \" width=\"37px\" height=\"37px\" data-toggle=\"tooltip\" data-original-title=\"Microfeine Fasern transportieren Feuchtigkeit unmittelbar an die Oberfl\u00e4che des Stoffes. So gew\u00e4hrleistet KEEP DRY, dass das Material sehr schnell trocknet und Du beim Sport nicht ausk\u00fchlst. \" \/> <img decoding=\"async\" class=\"\" title=\"\" src=\"https:\/\/cdn.jako.de\/userdata\/dcshop\/filter_icon\/664706_fair_logo_ganz_70x70px.jpg\" alt=\"100 % der eingesetzten Materialien bestehen aus recyceltem Polyester\" width=\"37px\" height=\"37px\" data-toggle=\"tooltip\" data-original-title=\"100 % der eingesetzten Materialien bestehen aus recyceltem Polyester\" \/> <img decoding=\"async\" class=\"\" title=\"\" src=\"https:\/\/cdn.jako.de\/userdata\/dcshop\/filter_icon\/170931_wash40.png\" alt=\"40\u00b0 waschen\" width=\"37px\" height=\"37px\" data-toggle=\"tooltip\" data-original-title=\"40\u00b0 waschen\" \/> <img decoding=\"async\" class=\"\" title=\"\" src=\"https:\/\/cdn.jako.de\/userdata\/dcshop\/filter_icon\/911081_bleach_not.png\" alt=\"Nicht chloren\" width=\"37px\" height=\"37px\" data-toggle=\"tooltip\" data-original-title=\"Nicht chloren\" \/> <img decoding=\"async\" class=\"\" title=\"\" src=\"https:\/\/cdn.jako.de\/userdata\/dcshop\/filter_icon\/848187_tumble_low.png\" alt=\"Trocknen niedrige Temperatur\" width=\"37px\" height=\"37px\" data-toggle=\"tooltip\" data-original-title=\"Trocknen niedrige Temperatur\" \/> <img decoding=\"async\" class=\"\" title=\"\" src=\"https:\/\/cdn.jako.de\/userdata\/dcshop\/filter_icon\/438269_iron_low.png\" alt=\"B\u00fcgeln niedrige Temperatur\" width=\"37px\" height=\"37px\" data-toggle=\"tooltip\" data-original-title=\"B\u00fcgeln niedrige Temperatur\" \/> <img decoding=\"async\" class=\"\" title=\"\" src=\"https:\/\/cdn.jako.de\/userdata\/dcshop\/filter_icon\/591149_clean_not.png\" alt=\"Nicht chemisch reinigen\" width=\"37px\" height=\"37px\" data-toggle=\"tooltip\" data-original-title=\"Nicht chemisch reinigen\" \/><\/div>\n","protected":false},"excerpt":{"rendered":"<p>Beschreibung Eleganz trifft Nachhaltigkeit: Das Iconic Polo-Shirt Das Polo Iconic besteht zu 100 % aus recyceltem Polyester und setzt damit ein starkes Statement f\u00fcr umweltbewusste Mode. Die klassische Knopfleiste verleiht<\/p>\n","protected":false},"featured_media":1670,"template":"","meta":{"inline_featured_image":false},"product_brand":[],"product_cat":[85],"product_tag":[],"class_list":{"0":"post-1678","1":"product","2":"type-product","3":"status-publish","4":"has-post-thumbnail","6":"product_cat-teamsport","8":"first","9":"instock","10":"taxable","11":"shipping-taxable","12":"purchasable","13":"product-type-variable","14":"has-default-attributes"},"yoast_head":"<!-- This site is optimized with the Yoast SEO plugin v27.3 - https:\/\/yoast.com\/product\/yoast-seo-wordpress\/ -->\n<title>Polo Iconic - TSV Zorneding<\/title>\n<meta name=\"robots\" content=\"index, follow, max-snippet:-1, max-image-preview:large, max-video-preview:-1\" \/>\n<link rel=\"canonical\" href=\"https:\/\/www.teamprofi.de\/tsv-zorneding\/produkt\/polo-iconic\/\" \/>\n<meta property=\"og:locale\" content=\"de_DE\" \/>\n<meta property=\"og:type\" content=\"article\" \/>\n<meta property=\"og:title\" content=\"Polo Iconic - TSV Zorneding\" \/>\n<meta property=\"og:description\" content=\"Beschreibung Eleganz trifft Nachhaltigkeit: Das Iconic Polo-Shirt Das Polo Iconic besteht zu 100 % aus recyceltem Polyester und setzt damit ein starkes Statement f\u00fcr umweltbewusste Mode. Die klassische Knopfleiste verleiht\" \/>\n<meta property=\"og:url\" content=\"https:\/\/www.teamprofi.de\/tsv-zorneding\/produkt\/polo-iconic\/\" \/>\n<meta property=\"og:site_name\" content=\"TSV Zorneding\" \/>\n<meta property=\"article:modified_time\" content=\"2025-08-08T16:28:15+00:00\" \/>\n<meta property=\"og:image\" content=\"https:\/\/www.teamprofi.de\/tsv-zorneding\/wp-content\/uploads\/sites\/19\/2024\/05\/6324-103-Vorderseite.jpg\" \/>\n\t<meta property=\"og:image:width\" content=\"2362\" \/>\n\t<meta property=\"og:image:height\" content=\"2362\" \/>\n\t<meta property=\"og:image:type\" content=\"image\/jpeg\" \/>\n<meta name=\"twitter:card\" content=\"summary_large_image\" \/>\n<meta name=\"twitter:label1\" content=\"Gesch\u00e4tzte Lesezeit\" \/>\n\t<meta name=\"twitter:data1\" content=\"3\u00a0Minuten\" \/>\n<script type=\"application\/ld+json\" class=\"yoast-schema-graph\">{\"@context\":\"https:\\\/\\\/schema.org\",\"@graph\":[{\"@type\":\"WebPage\",\"@id\":\"https:\\\/\\\/www.teamprofi.de\\\/tsv-zorneding\\\/produkt\\\/polo-iconic\\\/\",\"url\":\"https:\\\/\\\/www.teamprofi.de\\\/tsv-zorneding\\\/produkt\\\/polo-iconic\\\/\",\"name\":\"Polo Iconic - TSV Zorneding\",\"isPartOf\":{\"@id\":\"https:\\\/\\\/www.teamprofi.de\\\/tsv-zorneding\\\/#website\"},\"primaryImageOfPage\":{\"@id\":\"https:\\\/\\\/www.teamprofi.de\\\/tsv-zorneding\\\/produkt\\\/polo-iconic\\\/#primaryimage\"},\"image\":{\"@id\":\"https:\\\/\\\/www.teamprofi.de\\\/tsv-zorneding\\\/produkt\\\/polo-iconic\\\/#primaryimage\"},\"thumbnailUrl\":\"https:\\\/\\\/www.teamprofi.de\\\/tsv-zorneding\\\/wp-content\\\/uploads\\\/sites\\\/19\\\/2024\\\/05\\\/6324-103-Vorderseite.jpg\",\"datePublished\":\"2024-05-15T07:53:50+00:00\",\"dateModified\":\"2025-08-08T16:28:15+00:00\",\"breadcrumb\":{\"@id\":\"https:\\\/\\\/www.teamprofi.de\\\/tsv-zorneding\\\/produkt\\\/polo-iconic\\\/#breadcrumb\"},\"inLanguage\":\"de\",\"potentialAction\":[{\"@type\":\"ReadAction\",\"target\":[\"https:\\\/\\\/www.teamprofi.de\\\/tsv-zorneding\\\/produkt\\\/polo-iconic\\\/\"]}]},{\"@type\":\"ImageObject\",\"inLanguage\":\"de\",\"@id\":\"https:\\\/\\\/www.teamprofi.de\\\/tsv-zorneding\\\/produkt\\\/polo-iconic\\\/#primaryimage\",\"url\":\"https:\\\/\\\/www.teamprofi.de\\\/tsv-zorneding\\\/wp-content\\\/uploads\\\/sites\\\/19\\\/2024\\\/05\\\/6324-103-Vorderseite.jpg\",\"contentUrl\":\"https:\\\/\\\/www.teamprofi.de\\\/tsv-zorneding\\\/wp-content\\\/uploads\\\/sites\\\/19\\\/2024\\\/05\\\/6324-103-Vorderseite.jpg\",\"width\":2362,\"height\":2362},{\"@type\":\"BreadcrumbList\",\"@id\":\"https:\\\/\\\/www.teamprofi.de\\\/tsv-zorneding\\\/produkt\\\/polo-iconic\\\/#breadcrumb\",\"itemListElement\":[{\"@type\":\"ListItem\",\"position\":1,\"name\":\"Startseite\",\"item\":\"https:\\\/\\\/www.teamprofi.de\\\/tsv-zorneding\\\/\"},{\"@type\":\"ListItem\",\"position\":2,\"name\":\"Shop\",\"item\":\"https:\\\/\\\/www.teamprofi.de\\\/tsv-zorneding\\\/\"},{\"@type\":\"ListItem\",\"position\":3,\"name\":\"Polo Iconic\"}]},{\"@type\":\"WebSite\",\"@id\":\"https:\\\/\\\/www.teamprofi.de\\\/tsv-zorneding\\\/#website\",\"url\":\"https:\\\/\\\/www.teamprofi.de\\\/tsv-zorneding\\\/\",\"name\":\"TSV Zorneding\",\"description\":\"Vereins-Shop Sport G\u00fcrteler\",\"potentialAction\":[{\"@type\":\"SearchAction\",\"target\":{\"@type\":\"EntryPoint\",\"urlTemplate\":\"https:\\\/\\\/www.teamprofi.de\\\/tsv-zorneding\\\/?s={search_term_string}\"},\"query-input\":{\"@type\":\"PropertyValueSpecification\",\"valueRequired\":true,\"valueName\":\"search_term_string\"}}],\"inLanguage\":\"de\"}]}<\/script>\n<!-- \/ Yoast SEO plugin. -->","yoast_head_json":{"title":"Polo Iconic - TSV Zorneding","robots":{"index":"index","follow":"follow","max-snippet":"max-snippet:-1","max-image-preview":"max-image-preview:large","max-video-preview":"max-video-preview:-1"},"canonical":"https:\/\/www.teamprofi.de\/tsv-zorneding\/produkt\/polo-iconic\/","og_locale":"de_DE","og_type":"article","og_title":"Polo Iconic - TSV Zorneding","og_description":"Beschreibung Eleganz trifft Nachhaltigkeit: Das Iconic Polo-Shirt Das Polo Iconic besteht zu 100 % aus recyceltem Polyester und setzt damit ein starkes Statement f\u00fcr umweltbewusste Mode. Die klassische Knopfleiste verleiht","og_url":"https:\/\/www.teamprofi.de\/tsv-zorneding\/produkt\/polo-iconic\/","og_site_name":"TSV Zorneding","article_modified_time":"2025-08-08T16:28:15+00:00","og_image":[{"width":2362,"height":2362,"url":"https:\/\/www.teamprofi.de\/tsv-zorneding\/wp-content\/uploads\/sites\/19\/2024\/05\/6324-103-Vorderseite.jpg","type":"image\/jpeg"}],"twitter_card":"summary_large_image","twitter_misc":{"Gesch\u00e4tzte Lesezeit":"3\u00a0Minuten"},"schema":{"@context":"https:\/\/schema.org","@graph":[{"@type":"WebPage","@id":"https:\/\/www.teamprofi.de\/tsv-zorneding\/produkt\/polo-iconic\/","url":"https:\/\/www.teamprofi.de\/tsv-zorneding\/produkt\/polo-iconic\/","name":"Polo Iconic - TSV Zorneding","isPartOf":{"@id":"https:\/\/www.teamprofi.de\/tsv-zorneding\/#website"},"primaryImageOfPage":{"@id":"https:\/\/www.teamprofi.de\/tsv-zorneding\/produkt\/polo-iconic\/#primaryimage"},"image":{"@id":"https:\/\/www.teamprofi.de\/tsv-zorneding\/produkt\/polo-iconic\/#primaryimage"},"thumbnailUrl":"https:\/\/www.teamprofi.de\/tsv-zorneding\/wp-content\/uploads\/sites\/19\/2024\/05\/6324-103-Vorderseite.jpg","datePublished":"2024-05-15T07:53:50+00:00","dateModified":"2025-08-08T16:28:15+00:00","breadcrumb":{"@id":"https:\/\/www.teamprofi.de\/tsv-zorneding\/produkt\/polo-iconic\/#breadcrumb"},"inLanguage":"de","potentialAction":[{"@type":"ReadAction","target":["https:\/\/www.teamprofi.de\/tsv-zorneding\/produkt\/polo-iconic\/"]}]},{"@type":"ImageObject","inLanguage":"de","@id":"https:\/\/www.teamprofi.de\/tsv-zorneding\/produkt\/polo-iconic\/#primaryimage","url":"https:\/\/www.teamprofi.de\/tsv-zorneding\/wp-content\/uploads\/sites\/19\/2024\/05\/6324-103-Vorderseite.jpg","contentUrl":"https:\/\/www.teamprofi.de\/tsv-zorneding\/wp-content\/uploads\/sites\/19\/2024\/05\/6324-103-Vorderseite.jpg","width":2362,"height":2362},{"@type":"BreadcrumbList","@id":"https:\/\/www.teamprofi.de\/tsv-zorneding\/produkt\/polo-iconic\/#breadcrumb","itemListElement":[{"@type":"ListItem","position":1,"name":"Startseite","item":"https:\/\/www.teamprofi.de\/tsv-zorneding\/"},{"@type":"ListItem","position":2,"name":"Shop","item":"https:\/\/www.teamprofi.de\/tsv-zorneding\/"},{"@type":"ListItem","position":3,"name":"Polo Iconic"}]},{"@type":"WebSite","@id":"https:\/\/www.teamprofi.de\/tsv-zorneding\/#website","url":"https:\/\/www.teamprofi.de\/tsv-zorneding\/","name":"TSV Zorneding","description":"Vereins-Shop Sport G\u00fcrteler","potentialAction":[{"@type":"SearchAction","target":{"@type":"EntryPoint","urlTemplate":"https:\/\/www.teamprofi.de\/tsv-zorneding\/?s={search_term_string}"},"query-input":{"@type":"PropertyValueSpecification","valueRequired":true,"valueName":"search_term_string"}}],"inLanguage":"de"}]}},"_links":{"self":[{"href":"https:\/\/www.teamprofi.de\/tsv-zorneding\/wp-json\/wp\/v2\/product\/1678","targetHints":{"allow":["GET"]}}],"collection":[{"href":"https:\/\/www.teamprofi.de\/tsv-zorneding\/wp-json\/wp\/v2\/product"}],"about":[{"href":"https:\/\/www.teamprofi.de\/tsv-zorneding\/wp-json\/wp\/v2\/types\/product"}],"wp:featuredmedia":[{"embeddable":true,"href":"https:\/\/www.teamprofi.de\/tsv-zorneding\/wp-json\/wp\/v2\/media\/1670"}],"wp:attachment":[{"href":"https:\/\/www.teamprofi.de\/tsv-zorneding\/wp-json\/wp\/v2\/media?parent=1678"}],"wp:term":[{"taxonomy":"product_brand","embeddable":true,"href":"https:\/\/www.teamprofi.de\/tsv-zorneding\/wp-json\/wp\/v2\/product_brand?post=1678"},{"taxonomy":"product_cat","embeddable":true,"href":"https:\/\/www.teamprofi.de\/tsv-zorneding\/wp-json\/wp\/v2\/product_cat?post=1678"},{"taxonomy":"product_tag","embeddable":true,"href":"https:\/\/www.teamprofi.de\/tsv-zorneding\/wp-json\/wp\/v2\/product_tag?post=1678"}],"curies":[{"name":"wp","href":"https:\/\/api.w.org\/{rel}","templated":true}]}}