{"id":86,"date":"2022-11-21T14:54:39","date_gmt":"2022-11-21T13:54:39","guid":{"rendered":"https:\/\/www.teamprofi.de\/tsv-vaterstetten\/?post_type=product&#038;p=86"},"modified":"2024-11-06T09:41:58","modified_gmt":"2024-11-06T08:41:58","slug":"core-function-ss-tee","status":"publish","type":"product","link":"https:\/\/www.teamprofi.de\/tsv-vaterstetten\/produkt\/core-function-ss-tee\/","title":{"rendered":"Function SS Tee"},"content":{"rendered":"<p><strong>Beschreibung<\/strong><\/p>\n<div class=\"col-xs-12 col-md-offset-2 col-md-8\">\n<p class=\"detail-description-text\">Ob beim Manschaftstraining oder deinem zus\u00e4tzlichen Individualtraining &#8211; das Function SS Tee spornt dich zu H\u00f6chstleistungen an. Das Sportshirt \u00fcberzeugt mit einem klassischen Design und einer gro\u00dfen Farbauswahl. Die weichen, schnell trocknenden Funktionsfasern verf\u00fcgen \u00fcber ein hervorragendes Feuchtigkeitsmanagement, um dir stets ein angenehm trockenes Tragegef\u00fchl zu vermitteln.<\/p>\n<p>100% Polyester (recycelt)<\/p>\n<\/div>\n<div class=\"flex-container\">\n<div class=\"hidden-xs hidden-sm col-md-4\">\n<h2 class=\"headline h2 statement\"><\/h2>\n<\/div>\n<\/div>\n","protected":false},"excerpt":{"rendered":"<p>Beschreibung Ob beim Manschaftstraining oder deinem zus\u00e4tzlichen Individualtraining &#8211; das Function SS Tee spornt dich zu H\u00f6chstleistungen an. Das Sportshirt \u00fcberzeugt mit einem klassischen Design und einer gro\u00dfen Farbauswahl. Die<\/p>\n","protected":false},"featured_media":313,"template":"","meta":{"inline_featured_image":false},"product_brand":[],"product_cat":[15],"product_tag":[],"class_list":{"0":"post-86","1":"product","2":"type-product","3":"status-publish","4":"has-post-thumbnail","6":"product_cat-teamsport","8":"first","9":"instock","10":"taxable","11":"shipping-taxable","12":"product-type-variable"},"yoast_head":"<!-- This site is optimized with the Yoast SEO plugin v27.3 - https:\/\/yoast.com\/product\/yoast-seo-wordpress\/ -->\n<title>Function SS Tee - TSV Vaterstetten<\/title>\n<meta name=\"robots\" content=\"index, follow, max-snippet:-1, max-image-preview:large, max-video-preview:-1\" \/>\n<link rel=\"canonical\" href=\"https:\/\/www.teamprofi.de\/tsv-vaterstetten\/produkt\/core-function-ss-tee\/\" \/>\n<meta property=\"og:locale\" content=\"de_DE\" \/>\n<meta property=\"og:type\" content=\"article\" \/>\n<meta property=\"og:title\" content=\"Function SS Tee - TSV Vaterstetten\" \/>\n<meta property=\"og:description\" content=\"Beschreibung Ob beim Manschaftstraining oder deinem zus\u00e4tzlichen Individualtraining &#8211; das Function SS Tee spornt dich zu H\u00f6chstleistungen an. Das Sportshirt \u00fcberzeugt mit einem klassischen Design und einer gro\u00dfen Farbauswahl. Die\" \/>\n<meta property=\"og:url\" content=\"https:\/\/www.teamprofi.de\/tsv-vaterstetten\/produkt\/core-function-ss-tee\/\" \/>\n<meta property=\"og:site_name\" content=\"TSV Vaterstetten\" \/>\n<meta property=\"article:modified_time\" content=\"2024-11-06T08:41:58+00:00\" \/>\n<meta property=\"og:image\" content=\"https:\/\/www.teamprofi.de\/tsv-vaterstetten\/wp-content\/uploads\/sites\/33\/2022\/11\/1907391-999000.jpg\" \/>\n\t<meta property=\"og:image:width\" content=\"3721\" \/>\n\t<meta property=\"og:image:height\" content=\"4961\" \/>\n\t<meta property=\"og:image:type\" content=\"image\/jpeg\" \/>\n<meta name=\"twitter:card\" content=\"summary_large_image\" \/>\n<meta name=\"twitter:label1\" content=\"Gesch\u00e4tzte Lesezeit\" \/>\n\t<meta name=\"twitter:data1\" content=\"1\u00a0Minute\" \/>\n<script type=\"application\/ld+json\" class=\"yoast-schema-graph\">{\"@context\":\"https:\\\/\\\/schema.org\",\"@graph\":[{\"@type\":\"WebPage\",\"@id\":\"https:\\\/\\\/www.teamprofi.de\\\/tsv-vaterstetten\\\/produkt\\\/core-function-ss-tee\\\/\",\"url\":\"https:\\\/\\\/www.teamprofi.de\\\/tsv-vaterstetten\\\/produkt\\\/core-function-ss-tee\\\/\",\"name\":\"Function SS Tee - TSV Vaterstetten\",\"isPartOf\":{\"@id\":\"https:\\\/\\\/www.teamprofi.de\\\/tsv-vaterstetten\\\/#website\"},\"primaryImageOfPage\":{\"@id\":\"https:\\\/\\\/www.teamprofi.de\\\/tsv-vaterstetten\\\/produkt\\\/core-function-ss-tee\\\/#primaryimage\"},\"image\":{\"@id\":\"https:\\\/\\\/www.teamprofi.de\\\/tsv-vaterstetten\\\/produkt\\\/core-function-ss-tee\\\/#primaryimage\"},\"thumbnailUrl\":\"https:\\\/\\\/www.teamprofi.de\\\/tsv-vaterstetten\\\/wp-content\\\/uploads\\\/sites\\\/33\\\/2022\\\/11\\\/1907391-999000.jpg\",\"datePublished\":\"2022-11-21T13:54:39+00:00\",\"dateModified\":\"2024-11-06T08:41:58+00:00\",\"breadcrumb\":{\"@id\":\"https:\\\/\\\/www.teamprofi.de\\\/tsv-vaterstetten\\\/produkt\\\/core-function-ss-tee\\\/#breadcrumb\"},\"inLanguage\":\"de\",\"potentialAction\":[{\"@type\":\"ReadAction\",\"target\":[\"https:\\\/\\\/www.teamprofi.de\\\/tsv-vaterstetten\\\/produkt\\\/core-function-ss-tee\\\/\"]}]},{\"@type\":\"ImageObject\",\"inLanguage\":\"de\",\"@id\":\"https:\\\/\\\/www.teamprofi.de\\\/tsv-vaterstetten\\\/produkt\\\/core-function-ss-tee\\\/#primaryimage\",\"url\":\"https:\\\/\\\/www.teamprofi.de\\\/tsv-vaterstetten\\\/wp-content\\\/uploads\\\/sites\\\/33\\\/2022\\\/11\\\/1907391-999000.jpg\",\"contentUrl\":\"https:\\\/\\\/www.teamprofi.de\\\/tsv-vaterstetten\\\/wp-content\\\/uploads\\\/sites\\\/33\\\/2022\\\/11\\\/1907391-999000.jpg\",\"width\":3721,\"height\":4961},{\"@type\":\"BreadcrumbList\",\"@id\":\"https:\\\/\\\/www.teamprofi.de\\\/tsv-vaterstetten\\\/produkt\\\/core-function-ss-tee\\\/#breadcrumb\",\"itemListElement\":[{\"@type\":\"ListItem\",\"position\":1,\"name\":\"Startseite\",\"item\":\"https:\\\/\\\/www.teamprofi.de\\\/tsv-vaterstetten\\\/\"},{\"@type\":\"ListItem\",\"position\":2,\"name\":\"Shop\",\"item\":\"https:\\\/\\\/www.teamprofi.de\\\/tsv-vaterstetten\\\/\"},{\"@type\":\"ListItem\",\"position\":3,\"name\":\"Function SS Tee\"}]},{\"@type\":\"WebSite\",\"@id\":\"https:\\\/\\\/www.teamprofi.de\\\/tsv-vaterstetten\\\/#website\",\"url\":\"https:\\\/\\\/www.teamprofi.de\\\/tsv-vaterstetten\\\/\",\"name\":\"TSV Vaterstetten\",\"description\":\"Eine weitere Vereins Shops - Sport G\u00fcrteler Website\",\"potentialAction\":[{\"@type\":\"SearchAction\",\"target\":{\"@type\":\"EntryPoint\",\"urlTemplate\":\"https:\\\/\\\/www.teamprofi.de\\\/tsv-vaterstetten\\\/?s={search_term_string}\"},\"query-input\":{\"@type\":\"PropertyValueSpecification\",\"valueRequired\":true,\"valueName\":\"search_term_string\"}}],\"inLanguage\":\"de\"}]}<\/script>\n<!-- \/ Yoast SEO plugin. -->","yoast_head_json":{"title":"Function SS Tee - TSV Vaterstetten","robots":{"index":"index","follow":"follow","max-snippet":"max-snippet:-1","max-image-preview":"max-image-preview:large","max-video-preview":"max-video-preview:-1"},"canonical":"https:\/\/www.teamprofi.de\/tsv-vaterstetten\/produkt\/core-function-ss-tee\/","og_locale":"de_DE","og_type":"article","og_title":"Function SS Tee - TSV Vaterstetten","og_description":"Beschreibung Ob beim Manschaftstraining oder deinem zus\u00e4tzlichen Individualtraining &#8211; das Function SS Tee spornt dich zu H\u00f6chstleistungen an. Das Sportshirt \u00fcberzeugt mit einem klassischen Design und einer gro\u00dfen Farbauswahl. Die","og_url":"https:\/\/www.teamprofi.de\/tsv-vaterstetten\/produkt\/core-function-ss-tee\/","og_site_name":"TSV Vaterstetten","article_modified_time":"2024-11-06T08:41:58+00:00","og_image":[{"width":3721,"height":4961,"url":"https:\/\/www.teamprofi.de\/tsv-vaterstetten\/wp-content\/uploads\/sites\/33\/2022\/11\/1907391-999000.jpg","type":"image\/jpeg"}],"twitter_card":"summary_large_image","twitter_misc":{"Gesch\u00e4tzte Lesezeit":"1\u00a0Minute"},"schema":{"@context":"https:\/\/schema.org","@graph":[{"@type":"WebPage","@id":"https:\/\/www.teamprofi.de\/tsv-vaterstetten\/produkt\/core-function-ss-tee\/","url":"https:\/\/www.teamprofi.de\/tsv-vaterstetten\/produkt\/core-function-ss-tee\/","name":"Function SS Tee - TSV Vaterstetten","isPartOf":{"@id":"https:\/\/www.teamprofi.de\/tsv-vaterstetten\/#website"},"primaryImageOfPage":{"@id":"https:\/\/www.teamprofi.de\/tsv-vaterstetten\/produkt\/core-function-ss-tee\/#primaryimage"},"image":{"@id":"https:\/\/www.teamprofi.de\/tsv-vaterstetten\/produkt\/core-function-ss-tee\/#primaryimage"},"thumbnailUrl":"https:\/\/www.teamprofi.de\/tsv-vaterstetten\/wp-content\/uploads\/sites\/33\/2022\/11\/1907391-999000.jpg","datePublished":"2022-11-21T13:54:39+00:00","dateModified":"2024-11-06T08:41:58+00:00","breadcrumb":{"@id":"https:\/\/www.teamprofi.de\/tsv-vaterstetten\/produkt\/core-function-ss-tee\/#breadcrumb"},"inLanguage":"de","potentialAction":[{"@type":"ReadAction","target":["https:\/\/www.teamprofi.de\/tsv-vaterstetten\/produkt\/core-function-ss-tee\/"]}]},{"@type":"ImageObject","inLanguage":"de","@id":"https:\/\/www.teamprofi.de\/tsv-vaterstetten\/produkt\/core-function-ss-tee\/#primaryimage","url":"https:\/\/www.teamprofi.de\/tsv-vaterstetten\/wp-content\/uploads\/sites\/33\/2022\/11\/1907391-999000.jpg","contentUrl":"https:\/\/www.teamprofi.de\/tsv-vaterstetten\/wp-content\/uploads\/sites\/33\/2022\/11\/1907391-999000.jpg","width":3721,"height":4961},{"@type":"BreadcrumbList","@id":"https:\/\/www.teamprofi.de\/tsv-vaterstetten\/produkt\/core-function-ss-tee\/#breadcrumb","itemListElement":[{"@type":"ListItem","position":1,"name":"Startseite","item":"https:\/\/www.teamprofi.de\/tsv-vaterstetten\/"},{"@type":"ListItem","position":2,"name":"Shop","item":"https:\/\/www.teamprofi.de\/tsv-vaterstetten\/"},{"@type":"ListItem","position":3,"name":"Function SS Tee"}]},{"@type":"WebSite","@id":"https:\/\/www.teamprofi.de\/tsv-vaterstetten\/#website","url":"https:\/\/www.teamprofi.de\/tsv-vaterstetten\/","name":"TSV Vaterstetten","description":"Eine weitere Vereins Shops - Sport G\u00fcrteler Website","potentialAction":[{"@type":"SearchAction","target":{"@type":"EntryPoint","urlTemplate":"https:\/\/www.teamprofi.de\/tsv-vaterstetten\/?s={search_term_string}"},"query-input":{"@type":"PropertyValueSpecification","valueRequired":true,"valueName":"search_term_string"}}],"inLanguage":"de"}]}},"_links":{"self":[{"href":"https:\/\/www.teamprofi.de\/tsv-vaterstetten\/wp-json\/wp\/v2\/product\/86","targetHints":{"allow":["GET"]}}],"collection":[{"href":"https:\/\/www.teamprofi.de\/tsv-vaterstetten\/wp-json\/wp\/v2\/product"}],"about":[{"href":"https:\/\/www.teamprofi.de\/tsv-vaterstetten\/wp-json\/wp\/v2\/types\/product"}],"wp:featuredmedia":[{"embeddable":true,"href":"https:\/\/www.teamprofi.de\/tsv-vaterstetten\/wp-json\/wp\/v2\/media\/313"}],"wp:attachment":[{"href":"https:\/\/www.teamprofi.de\/tsv-vaterstetten\/wp-json\/wp\/v2\/media?parent=86"}],"wp:term":[{"taxonomy":"product_brand","embeddable":true,"href":"https:\/\/www.teamprofi.de\/tsv-vaterstetten\/wp-json\/wp\/v2\/product_brand?post=86"},{"taxonomy":"product_cat","embeddable":true,"href":"https:\/\/www.teamprofi.de\/tsv-vaterstetten\/wp-json\/wp\/v2\/product_cat?post=86"},{"taxonomy":"product_tag","embeddable":true,"href":"https:\/\/www.teamprofi.de\/tsv-vaterstetten\/wp-json\/wp\/v2\/product_tag?post=86"}],"curies":[{"name":"wp","href":"https:\/\/api.w.org\/{rel}","templated":true}]}}