{"id":173,"date":"2022-11-21T14:53:59","date_gmt":"2022-11-21T13:53:59","guid":{"rendered":"https:\/\/www.teamprofi.de\/tsv-vaterstetten\/?post_type=product&#038;p=173"},"modified":"2025-07-09T15:44:21","modified_gmt":"2025-07-09T13:44:21","slug":"evolve-tee-m","status":"publish","type":"product","link":"https:\/\/www.teamprofi.de\/tsv-vaterstetten\/produkt\/evolve-tee-m\/","title":{"rendered":"Evolve Tee"},"content":{"rendered":"<p><strong>Beschreibung<\/strong><\/p>\n<p>Evolve Tee ist ein leichtes Trainingstrikot, das bei intensivem Training einen hervorragenden Feuchtigkeitstransport bietet. Das T-Shirt ist aus Recycling-Materialien hergestellt, um unseren \u00f6kologischen Fussabdruck zu verringern, und verf\u00fcgt \u00fcber Mesh-Eins\u00e4tze unter den Achseln f\u00fcr eine erh\u00f6hte Ventilation. Die Raglan\u00e4rmel garantieren eine optimale Bewegungsfreiheit.<\/p>\n<p>\u2022Leichte und funktionelle Materialien<\/p>\n<p>\u2022Recyclingpolyester reduziert den \u00f6kologischen Fussabdruck<\/p>\n<p>\u2022Mesh unter den Achseln f\u00fcr erh\u00f6hte Ventilation<\/p>\n<p>\u2022Raglan\u00e4rmel f\u00fcr optimale Bewegungsfreiheit<\/p>\n<p>\u2022Gerippter Innenkragen und gerippte \u00c4rmelabschl\u00fcsse<\/p>\n<p>100% Polyester (recycelt)<\/p>\n","protected":false},"excerpt":{"rendered":"<p>Beschreibung Evolve Tee ist ein leichtes Trainingstrikot, das bei intensivem Training einen hervorragenden Feuchtigkeitstransport bietet. Das T-Shirt ist aus Recycling-Materialien hergestellt, um unseren \u00f6kologischen Fussabdruck zu verringern, und verf\u00fcgt \u00fcber<\/p>\n","protected":false},"featured_media":659,"template":"","meta":{"inline_featured_image":false},"product_brand":[],"product_cat":[15],"product_tag":[],"class_list":{"0":"post-173","1":"product","2":"type-product","3":"status-publish","4":"has-post-thumbnail","6":"product_cat-teamsport","8":"first","9":"instock","10":"taxable","11":"shipping-taxable","12":"purchasable","13":"product-type-variable"},"yoast_head":"<!-- This site is optimized with the Yoast SEO plugin v27.3 - https:\/\/yoast.com\/product\/yoast-seo-wordpress\/ -->\n<title>Evolve Tee - TSV Vaterstetten<\/title>\n<meta name=\"robots\" content=\"index, follow, max-snippet:-1, max-image-preview:large, max-video-preview:-1\" \/>\n<link rel=\"canonical\" href=\"https:\/\/www.teamprofi.de\/tsv-vaterstetten\/produkt\/evolve-tee-m\/\" \/>\n<meta property=\"og:locale\" content=\"de_DE\" \/>\n<meta property=\"og:type\" content=\"article\" \/>\n<meta property=\"og:title\" content=\"Evolve Tee - TSV Vaterstetten\" \/>\n<meta property=\"og:description\" content=\"Beschreibung Evolve Tee ist ein leichtes Trainingstrikot, das bei intensivem Training einen hervorragenden Feuchtigkeitstransport bietet. Das T-Shirt ist aus Recycling-Materialien hergestellt, um unseren \u00f6kologischen Fussabdruck zu verringern, und verf\u00fcgt \u00fcber\" \/>\n<meta property=\"og:url\" content=\"https:\/\/www.teamprofi.de\/tsv-vaterstetten\/produkt\/evolve-tee-m\/\" \/>\n<meta property=\"og:site_name\" content=\"TSV Vaterstetten\" \/>\n<meta property=\"article:modified_time\" content=\"2025-07-09T13:44:21+00:00\" \/>\n<meta property=\"og:image\" content=\"https:\/\/www.teamprofi.de\/tsv-vaterstetten\/wp-content\/uploads\/sites\/33\/2022\/11\/Evolve-2.0-Tee-Front.jpg\" \/>\n\t<meta property=\"og:image:width\" content=\"2362\" \/>\n\t<meta property=\"og:image:height\" content=\"3150\" \/>\n\t<meta property=\"og:image:type\" content=\"image\/jpeg\" \/>\n<meta name=\"twitter:card\" content=\"summary_large_image\" \/>\n<meta name=\"twitter:label1\" content=\"Gesch\u00e4tzte Lesezeit\" \/>\n\t<meta name=\"twitter:data1\" content=\"1\u00a0Minute\" \/>\n<script type=\"application\/ld+json\" class=\"yoast-schema-graph\">{\"@context\":\"https:\\\/\\\/schema.org\",\"@graph\":[{\"@type\":\"WebPage\",\"@id\":\"https:\\\/\\\/www.teamprofi.de\\\/tsv-vaterstetten\\\/produkt\\\/evolve-tee-m\\\/\",\"url\":\"https:\\\/\\\/www.teamprofi.de\\\/tsv-vaterstetten\\\/produkt\\\/evolve-tee-m\\\/\",\"name\":\"Evolve Tee - TSV Vaterstetten\",\"isPartOf\":{\"@id\":\"https:\\\/\\\/www.teamprofi.de\\\/tsv-vaterstetten\\\/#website\"},\"primaryImageOfPage\":{\"@id\":\"https:\\\/\\\/www.teamprofi.de\\\/tsv-vaterstetten\\\/produkt\\\/evolve-tee-m\\\/#primaryimage\"},\"image\":{\"@id\":\"https:\\\/\\\/www.teamprofi.de\\\/tsv-vaterstetten\\\/produkt\\\/evolve-tee-m\\\/#primaryimage\"},\"thumbnailUrl\":\"https:\\\/\\\/www.teamprofi.de\\\/tsv-vaterstetten\\\/wp-content\\\/uploads\\\/sites\\\/33\\\/2022\\\/11\\\/Evolve-2.0-Tee-Front.jpg\",\"datePublished\":\"2022-11-21T13:53:59+00:00\",\"dateModified\":\"2025-07-09T13:44:21+00:00\",\"breadcrumb\":{\"@id\":\"https:\\\/\\\/www.teamprofi.de\\\/tsv-vaterstetten\\\/produkt\\\/evolve-tee-m\\\/#breadcrumb\"},\"inLanguage\":\"de\",\"potentialAction\":[{\"@type\":\"ReadAction\",\"target\":[\"https:\\\/\\\/www.teamprofi.de\\\/tsv-vaterstetten\\\/produkt\\\/evolve-tee-m\\\/\"]}]},{\"@type\":\"ImageObject\",\"inLanguage\":\"de\",\"@id\":\"https:\\\/\\\/www.teamprofi.de\\\/tsv-vaterstetten\\\/produkt\\\/evolve-tee-m\\\/#primaryimage\",\"url\":\"https:\\\/\\\/www.teamprofi.de\\\/tsv-vaterstetten\\\/wp-content\\\/uploads\\\/sites\\\/33\\\/2022\\\/11\\\/Evolve-2.0-Tee-Front.jpg\",\"contentUrl\":\"https:\\\/\\\/www.teamprofi.de\\\/tsv-vaterstetten\\\/wp-content\\\/uploads\\\/sites\\\/33\\\/2022\\\/11\\\/Evolve-2.0-Tee-Front.jpg\",\"width\":2362,\"height\":3150},{\"@type\":\"BreadcrumbList\",\"@id\":\"https:\\\/\\\/www.teamprofi.de\\\/tsv-vaterstetten\\\/produkt\\\/evolve-tee-m\\\/#breadcrumb\",\"itemListElement\":[{\"@type\":\"ListItem\",\"position\":1,\"name\":\"Startseite\",\"item\":\"https:\\\/\\\/www.teamprofi.de\\\/tsv-vaterstetten\\\/\"},{\"@type\":\"ListItem\",\"position\":2,\"name\":\"Shop\",\"item\":\"https:\\\/\\\/www.teamprofi.de\\\/tsv-vaterstetten\\\/\"},{\"@type\":\"ListItem\",\"position\":3,\"name\":\"Evolve Tee\"}]},{\"@type\":\"WebSite\",\"@id\":\"https:\\\/\\\/www.teamprofi.de\\\/tsv-vaterstetten\\\/#website\",\"url\":\"https:\\\/\\\/www.teamprofi.de\\\/tsv-vaterstetten\\\/\",\"name\":\"TSV Vaterstetten\",\"description\":\"Eine weitere Vereins Shops - Sport G\u00fcrteler Website\",\"potentialAction\":[{\"@type\":\"SearchAction\",\"target\":{\"@type\":\"EntryPoint\",\"urlTemplate\":\"https:\\\/\\\/www.teamprofi.de\\\/tsv-vaterstetten\\\/?s={search_term_string}\"},\"query-input\":{\"@type\":\"PropertyValueSpecification\",\"valueRequired\":true,\"valueName\":\"search_term_string\"}}],\"inLanguage\":\"de\"}]}<\/script>\n<!-- \/ Yoast SEO plugin. -->","yoast_head_json":{"title":"Evolve Tee - TSV Vaterstetten","robots":{"index":"index","follow":"follow","max-snippet":"max-snippet:-1","max-image-preview":"max-image-preview:large","max-video-preview":"max-video-preview:-1"},"canonical":"https:\/\/www.teamprofi.de\/tsv-vaterstetten\/produkt\/evolve-tee-m\/","og_locale":"de_DE","og_type":"article","og_title":"Evolve Tee - TSV Vaterstetten","og_description":"Beschreibung Evolve Tee ist ein leichtes Trainingstrikot, das bei intensivem Training einen hervorragenden Feuchtigkeitstransport bietet. Das T-Shirt ist aus Recycling-Materialien hergestellt, um unseren \u00f6kologischen Fussabdruck zu verringern, und verf\u00fcgt \u00fcber","og_url":"https:\/\/www.teamprofi.de\/tsv-vaterstetten\/produkt\/evolve-tee-m\/","og_site_name":"TSV Vaterstetten","article_modified_time":"2025-07-09T13:44:21+00:00","og_image":[{"width":2362,"height":3150,"url":"https:\/\/www.teamprofi.de\/tsv-vaterstetten\/wp-content\/uploads\/sites\/33\/2022\/11\/Evolve-2.0-Tee-Front.jpg","type":"image\/jpeg"}],"twitter_card":"summary_large_image","twitter_misc":{"Gesch\u00e4tzte Lesezeit":"1\u00a0Minute"},"schema":{"@context":"https:\/\/schema.org","@graph":[{"@type":"WebPage","@id":"https:\/\/www.teamprofi.de\/tsv-vaterstetten\/produkt\/evolve-tee-m\/","url":"https:\/\/www.teamprofi.de\/tsv-vaterstetten\/produkt\/evolve-tee-m\/","name":"Evolve Tee - TSV Vaterstetten","isPartOf":{"@id":"https:\/\/www.teamprofi.de\/tsv-vaterstetten\/#website"},"primaryImageOfPage":{"@id":"https:\/\/www.teamprofi.de\/tsv-vaterstetten\/produkt\/evolve-tee-m\/#primaryimage"},"image":{"@id":"https:\/\/www.teamprofi.de\/tsv-vaterstetten\/produkt\/evolve-tee-m\/#primaryimage"},"thumbnailUrl":"https:\/\/www.teamprofi.de\/tsv-vaterstetten\/wp-content\/uploads\/sites\/33\/2022\/11\/Evolve-2.0-Tee-Front.jpg","datePublished":"2022-11-21T13:53:59+00:00","dateModified":"2025-07-09T13:44:21+00:00","breadcrumb":{"@id":"https:\/\/www.teamprofi.de\/tsv-vaterstetten\/produkt\/evolve-tee-m\/#breadcrumb"},"inLanguage":"de","potentialAction":[{"@type":"ReadAction","target":["https:\/\/www.teamprofi.de\/tsv-vaterstetten\/produkt\/evolve-tee-m\/"]}]},{"@type":"ImageObject","inLanguage":"de","@id":"https:\/\/www.teamprofi.de\/tsv-vaterstetten\/produkt\/evolve-tee-m\/#primaryimage","url":"https:\/\/www.teamprofi.de\/tsv-vaterstetten\/wp-content\/uploads\/sites\/33\/2022\/11\/Evolve-2.0-Tee-Front.jpg","contentUrl":"https:\/\/www.teamprofi.de\/tsv-vaterstetten\/wp-content\/uploads\/sites\/33\/2022\/11\/Evolve-2.0-Tee-Front.jpg","width":2362,"height":3150},{"@type":"BreadcrumbList","@id":"https:\/\/www.teamprofi.de\/tsv-vaterstetten\/produkt\/evolve-tee-m\/#breadcrumb","itemListElement":[{"@type":"ListItem","position":1,"name":"Startseite","item":"https:\/\/www.teamprofi.de\/tsv-vaterstetten\/"},{"@type":"ListItem","position":2,"name":"Shop","item":"https:\/\/www.teamprofi.de\/tsv-vaterstetten\/"},{"@type":"ListItem","position":3,"name":"Evolve Tee"}]},{"@type":"WebSite","@id":"https:\/\/www.teamprofi.de\/tsv-vaterstetten\/#website","url":"https:\/\/www.teamprofi.de\/tsv-vaterstetten\/","name":"TSV Vaterstetten","description":"Eine weitere Vereins Shops - Sport G\u00fcrteler Website","potentialAction":[{"@type":"SearchAction","target":{"@type":"EntryPoint","urlTemplate":"https:\/\/www.teamprofi.de\/tsv-vaterstetten\/?s={search_term_string}"},"query-input":{"@type":"PropertyValueSpecification","valueRequired":true,"valueName":"search_term_string"}}],"inLanguage":"de"}]}},"_links":{"self":[{"href":"https:\/\/www.teamprofi.de\/tsv-vaterstetten\/wp-json\/wp\/v2\/product\/173","targetHints":{"allow":["GET"]}}],"collection":[{"href":"https:\/\/www.teamprofi.de\/tsv-vaterstetten\/wp-json\/wp\/v2\/product"}],"about":[{"href":"https:\/\/www.teamprofi.de\/tsv-vaterstetten\/wp-json\/wp\/v2\/types\/product"}],"wp:featuredmedia":[{"embeddable":true,"href":"https:\/\/www.teamprofi.de\/tsv-vaterstetten\/wp-json\/wp\/v2\/media\/659"}],"wp:attachment":[{"href":"https:\/\/www.teamprofi.de\/tsv-vaterstetten\/wp-json\/wp\/v2\/media?parent=173"}],"wp:term":[{"taxonomy":"product_brand","embeddable":true,"href":"https:\/\/www.teamprofi.de\/tsv-vaterstetten\/wp-json\/wp\/v2\/product_brand?post=173"},{"taxonomy":"product_cat","embeddable":true,"href":"https:\/\/www.teamprofi.de\/tsv-vaterstetten\/wp-json\/wp\/v2\/product_cat?post=173"},{"taxonomy":"product_tag","embeddable":true,"href":"https:\/\/www.teamprofi.de\/tsv-vaterstetten\/wp-json\/wp\/v2\/product_tag?post=173"}],"curies":[{"name":"wp","href":"https:\/\/api.w.org\/{rel}","templated":true}]}}