{"id":119,"date":"2022-11-21T14:54:23","date_gmt":"2022-11-21T13:54:23","guid":{"rendered":"https:\/\/www.teamprofi.de\/tsv-vaterstetten\/?post_type=product&#038;p=119"},"modified":"2024-09-20T18:01:45","modified_gmt":"2024-09-20T16:01:45","slug":"community-hoodie-w","status":"publish","type":"product","link":"https:\/\/www.teamprofi.de\/tsv-vaterstetten\/produkt\/community-hoodie-w\/","title":{"rendered":"Community 2.0 Hoodie W"},"content":{"rendered":"<p><strong>Beschreibung<\/strong><\/p>\n<div class=\"col-xs-12 col-md-offset-2 col-md-8\">\n<p class=\"detail-description-text\">Der schlichte Kapuzenpullover ist genauso vielseitig wie du! Du kannst ihn sowohl zum Sport als auch nach aktiven Einheiten tragen. Aufgrund der funktionellen und trotzdem weichen Materialzusammensetzung liegt der Hoodie angenehm am K\u00f6rper an. Ganz klassisch ist der Pullover mit einer gro\u00dfen Kapuze und einer Fronttasche verarbeitet. Die B\u00fcndchen an den Abschl\u00fcssen sind elastisch und engen nicht ein.<\/p>\n<p>Material: 60 % Polyester 40 % Baumwolle<\/p>\n<\/div>\n","protected":false},"excerpt":{"rendered":"<p>Beschreibung Der schlichte Kapuzenpullover ist genauso vielseitig wie du! Du kannst ihn sowohl zum Sport als auch nach aktiven Einheiten tragen. Aufgrund der funktionellen und trotzdem weichen Materialzusammensetzung liegt der<\/p>\n","protected":false},"featured_media":609,"template":"","meta":{"inline_featured_image":false},"product_brand":[],"product_cat":[15],"product_tag":[],"class_list":{"0":"post-119","1":"product","2":"type-product","3":"status-publish","4":"has-post-thumbnail","6":"product_cat-teamsport","8":"first","9":"instock","10":"taxable","11":"shipping-taxable","12":"purchasable","13":"product-type-variable"},"yoast_head":"<!-- This site is optimized with the Yoast SEO plugin v27.3 - https:\/\/yoast.com\/product\/yoast-seo-wordpress\/ -->\n<title>Community 2.0 Hoodie W - TSV Vaterstetten<\/title>\n<meta name=\"robots\" content=\"index, follow, max-snippet:-1, max-image-preview:large, max-video-preview:-1\" \/>\n<link rel=\"canonical\" href=\"https:\/\/www.teamprofi.de\/tsv-vaterstetten\/produkt\/community-hoodie-w\/\" \/>\n<meta property=\"og:locale\" content=\"de_DE\" \/>\n<meta property=\"og:type\" content=\"article\" \/>\n<meta property=\"og:title\" content=\"Community 2.0 Hoodie W - TSV Vaterstetten\" \/>\n<meta property=\"og:description\" content=\"Beschreibung Der schlichte Kapuzenpullover ist genauso vielseitig wie du! Du kannst ihn sowohl zum Sport als auch nach aktiven Einheiten tragen. Aufgrund der funktionellen und trotzdem weichen Materialzusammensetzung liegt der\" \/>\n<meta property=\"og:url\" content=\"https:\/\/www.teamprofi.de\/tsv-vaterstetten\/produkt\/community-hoodie-w\/\" \/>\n<meta property=\"og:site_name\" content=\"TSV Vaterstetten\" \/>\n<meta property=\"article:modified_time\" content=\"2024-09-20T16:01:45+00:00\" \/>\n<meta property=\"og:image\" content=\"https:\/\/www.teamprofi.de\/tsv-vaterstetten\/wp-content\/uploads\/sites\/33\/2022\/11\/1915328_39000W-1.jpg\" \/>\n\t<meta property=\"og:image:width\" content=\"2362\" \/>\n\t<meta property=\"og:image:height\" content=\"3544\" \/>\n\t<meta property=\"og:image:type\" content=\"image\/jpeg\" \/>\n<meta name=\"twitter:card\" content=\"summary_large_image\" \/>\n<meta name=\"twitter:label1\" content=\"Gesch\u00e4tzte Lesezeit\" \/>\n\t<meta name=\"twitter:data1\" content=\"1\u00a0Minute\" \/>\n<script type=\"application\/ld+json\" class=\"yoast-schema-graph\">{\"@context\":\"https:\\\/\\\/schema.org\",\"@graph\":[{\"@type\":\"WebPage\",\"@id\":\"https:\\\/\\\/www.teamprofi.de\\\/tsv-vaterstetten\\\/produkt\\\/community-hoodie-w\\\/\",\"url\":\"https:\\\/\\\/www.teamprofi.de\\\/tsv-vaterstetten\\\/produkt\\\/community-hoodie-w\\\/\",\"name\":\"Community 2.0 Hoodie W - TSV Vaterstetten\",\"isPartOf\":{\"@id\":\"https:\\\/\\\/www.teamprofi.de\\\/tsv-vaterstetten\\\/#website\"},\"primaryImageOfPage\":{\"@id\":\"https:\\\/\\\/www.teamprofi.de\\\/tsv-vaterstetten\\\/produkt\\\/community-hoodie-w\\\/#primaryimage\"},\"image\":{\"@id\":\"https:\\\/\\\/www.teamprofi.de\\\/tsv-vaterstetten\\\/produkt\\\/community-hoodie-w\\\/#primaryimage\"},\"thumbnailUrl\":\"https:\\\/\\\/www.teamprofi.de\\\/tsv-vaterstetten\\\/wp-content\\\/uploads\\\/sites\\\/33\\\/2022\\\/11\\\/1915328_39000W-1.jpg\",\"datePublished\":\"2022-11-21T13:54:23+00:00\",\"dateModified\":\"2024-09-20T16:01:45+00:00\",\"breadcrumb\":{\"@id\":\"https:\\\/\\\/www.teamprofi.de\\\/tsv-vaterstetten\\\/produkt\\\/community-hoodie-w\\\/#breadcrumb\"},\"inLanguage\":\"de\",\"potentialAction\":[{\"@type\":\"ReadAction\",\"target\":[\"https:\\\/\\\/www.teamprofi.de\\\/tsv-vaterstetten\\\/produkt\\\/community-hoodie-w\\\/\"]}]},{\"@type\":\"ImageObject\",\"inLanguage\":\"de\",\"@id\":\"https:\\\/\\\/www.teamprofi.de\\\/tsv-vaterstetten\\\/produkt\\\/community-hoodie-w\\\/#primaryimage\",\"url\":\"https:\\\/\\\/www.teamprofi.de\\\/tsv-vaterstetten\\\/wp-content\\\/uploads\\\/sites\\\/33\\\/2022\\\/11\\\/1915328_39000W-1.jpg\",\"contentUrl\":\"https:\\\/\\\/www.teamprofi.de\\\/tsv-vaterstetten\\\/wp-content\\\/uploads\\\/sites\\\/33\\\/2022\\\/11\\\/1915328_39000W-1.jpg\",\"width\":2362,\"height\":3544},{\"@type\":\"BreadcrumbList\",\"@id\":\"https:\\\/\\\/www.teamprofi.de\\\/tsv-vaterstetten\\\/produkt\\\/community-hoodie-w\\\/#breadcrumb\",\"itemListElement\":[{\"@type\":\"ListItem\",\"position\":1,\"name\":\"Startseite\",\"item\":\"https:\\\/\\\/www.teamprofi.de\\\/tsv-vaterstetten\\\/\"},{\"@type\":\"ListItem\",\"position\":2,\"name\":\"Shop\",\"item\":\"https:\\\/\\\/www.teamprofi.de\\\/tsv-vaterstetten\\\/\"},{\"@type\":\"ListItem\",\"position\":3,\"name\":\"Community 2.0 Hoodie W\"}]},{\"@type\":\"WebSite\",\"@id\":\"https:\\\/\\\/www.teamprofi.de\\\/tsv-vaterstetten\\\/#website\",\"url\":\"https:\\\/\\\/www.teamprofi.de\\\/tsv-vaterstetten\\\/\",\"name\":\"TSV Vaterstetten\",\"description\":\"Eine weitere Vereins Shops - Sport G\u00fcrteler Website\",\"potentialAction\":[{\"@type\":\"SearchAction\",\"target\":{\"@type\":\"EntryPoint\",\"urlTemplate\":\"https:\\\/\\\/www.teamprofi.de\\\/tsv-vaterstetten\\\/?s={search_term_string}\"},\"query-input\":{\"@type\":\"PropertyValueSpecification\",\"valueRequired\":true,\"valueName\":\"search_term_string\"}}],\"inLanguage\":\"de\"}]}<\/script>\n<!-- \/ Yoast SEO plugin. -->","yoast_head_json":{"title":"Community 2.0 Hoodie W - TSV Vaterstetten","robots":{"index":"index","follow":"follow","max-snippet":"max-snippet:-1","max-image-preview":"max-image-preview:large","max-video-preview":"max-video-preview:-1"},"canonical":"https:\/\/www.teamprofi.de\/tsv-vaterstetten\/produkt\/community-hoodie-w\/","og_locale":"de_DE","og_type":"article","og_title":"Community 2.0 Hoodie W - TSV Vaterstetten","og_description":"Beschreibung Der schlichte Kapuzenpullover ist genauso vielseitig wie du! Du kannst ihn sowohl zum Sport als auch nach aktiven Einheiten tragen. Aufgrund der funktionellen und trotzdem weichen Materialzusammensetzung liegt der","og_url":"https:\/\/www.teamprofi.de\/tsv-vaterstetten\/produkt\/community-hoodie-w\/","og_site_name":"TSV Vaterstetten","article_modified_time":"2024-09-20T16:01:45+00:00","og_image":[{"width":2362,"height":3544,"url":"https:\/\/www.teamprofi.de\/tsv-vaterstetten\/wp-content\/uploads\/sites\/33\/2022\/11\/1915328_39000W-1.jpg","type":"image\/jpeg"}],"twitter_card":"summary_large_image","twitter_misc":{"Gesch\u00e4tzte Lesezeit":"1\u00a0Minute"},"schema":{"@context":"https:\/\/schema.org","@graph":[{"@type":"WebPage","@id":"https:\/\/www.teamprofi.de\/tsv-vaterstetten\/produkt\/community-hoodie-w\/","url":"https:\/\/www.teamprofi.de\/tsv-vaterstetten\/produkt\/community-hoodie-w\/","name":"Community 2.0 Hoodie W - TSV Vaterstetten","isPartOf":{"@id":"https:\/\/www.teamprofi.de\/tsv-vaterstetten\/#website"},"primaryImageOfPage":{"@id":"https:\/\/www.teamprofi.de\/tsv-vaterstetten\/produkt\/community-hoodie-w\/#primaryimage"},"image":{"@id":"https:\/\/www.teamprofi.de\/tsv-vaterstetten\/produkt\/community-hoodie-w\/#primaryimage"},"thumbnailUrl":"https:\/\/www.teamprofi.de\/tsv-vaterstetten\/wp-content\/uploads\/sites\/33\/2022\/11\/1915328_39000W-1.jpg","datePublished":"2022-11-21T13:54:23+00:00","dateModified":"2024-09-20T16:01:45+00:00","breadcrumb":{"@id":"https:\/\/www.teamprofi.de\/tsv-vaterstetten\/produkt\/community-hoodie-w\/#breadcrumb"},"inLanguage":"de","potentialAction":[{"@type":"ReadAction","target":["https:\/\/www.teamprofi.de\/tsv-vaterstetten\/produkt\/community-hoodie-w\/"]}]},{"@type":"ImageObject","inLanguage":"de","@id":"https:\/\/www.teamprofi.de\/tsv-vaterstetten\/produkt\/community-hoodie-w\/#primaryimage","url":"https:\/\/www.teamprofi.de\/tsv-vaterstetten\/wp-content\/uploads\/sites\/33\/2022\/11\/1915328_39000W-1.jpg","contentUrl":"https:\/\/www.teamprofi.de\/tsv-vaterstetten\/wp-content\/uploads\/sites\/33\/2022\/11\/1915328_39000W-1.jpg","width":2362,"height":3544},{"@type":"BreadcrumbList","@id":"https:\/\/www.teamprofi.de\/tsv-vaterstetten\/produkt\/community-hoodie-w\/#breadcrumb","itemListElement":[{"@type":"ListItem","position":1,"name":"Startseite","item":"https:\/\/www.teamprofi.de\/tsv-vaterstetten\/"},{"@type":"ListItem","position":2,"name":"Shop","item":"https:\/\/www.teamprofi.de\/tsv-vaterstetten\/"},{"@type":"ListItem","position":3,"name":"Community 2.0 Hoodie W"}]},{"@type":"WebSite","@id":"https:\/\/www.teamprofi.de\/tsv-vaterstetten\/#website","url":"https:\/\/www.teamprofi.de\/tsv-vaterstetten\/","name":"TSV Vaterstetten","description":"Eine weitere Vereins Shops - Sport G\u00fcrteler Website","potentialAction":[{"@type":"SearchAction","target":{"@type":"EntryPoint","urlTemplate":"https:\/\/www.teamprofi.de\/tsv-vaterstetten\/?s={search_term_string}"},"query-input":{"@type":"PropertyValueSpecification","valueRequired":true,"valueName":"search_term_string"}}],"inLanguage":"de"}]}},"_links":{"self":[{"href":"https:\/\/www.teamprofi.de\/tsv-vaterstetten\/wp-json\/wp\/v2\/product\/119","targetHints":{"allow":["GET"]}}],"collection":[{"href":"https:\/\/www.teamprofi.de\/tsv-vaterstetten\/wp-json\/wp\/v2\/product"}],"about":[{"href":"https:\/\/www.teamprofi.de\/tsv-vaterstetten\/wp-json\/wp\/v2\/types\/product"}],"wp:featuredmedia":[{"embeddable":true,"href":"https:\/\/www.teamprofi.de\/tsv-vaterstetten\/wp-json\/wp\/v2\/media\/609"}],"wp:attachment":[{"href":"https:\/\/www.teamprofi.de\/tsv-vaterstetten\/wp-json\/wp\/v2\/media?parent=119"}],"wp:term":[{"taxonomy":"product_brand","embeddable":true,"href":"https:\/\/www.teamprofi.de\/tsv-vaterstetten\/wp-json\/wp\/v2\/product_brand?post=119"},{"taxonomy":"product_cat","embeddable":true,"href":"https:\/\/www.teamprofi.de\/tsv-vaterstetten\/wp-json\/wp\/v2\/product_cat?post=119"},{"taxonomy":"product_tag","embeddable":true,"href":"https:\/\/www.teamprofi.de\/tsv-vaterstetten\/wp-json\/wp\/v2\/product_tag?post=119"}],"curies":[{"name":"wp","href":"https:\/\/api.w.org\/{rel}","templated":true}]}}