{"id":105,"date":"2022-11-21T14:54:26","date_gmt":"2022-11-21T13:54:26","guid":{"rendered":"https:\/\/www.teamprofi.de\/tsv-vaterstetten\/?post_type=product&#038;p=105"},"modified":"2024-09-20T17:59:52","modified_gmt":"2024-09-20T15:59:52","slug":"community-hoodie","status":"publish","type":"product","link":"https:\/\/www.teamprofi.de\/tsv-vaterstetten\/produkt\/community-hoodie\/","title":{"rendered":"Community 2.0 Hoodie"},"content":{"rendered":"<p><strong>Beschreibung<\/strong><\/p>\n<div class=\"col-xs-12 col-md-offset-2 col-md-8\">\n<p class=\"detail-description-text\">Dieser l\u00e4ssige Hoodie ist genauso vielseitig wie du! Der Kapuzenpullover ist aufgrund seiner funktionellen Materialzusammensetzung sowohl f\u00fcr sportliche Aktivit\u00e4ten als auch zum Chillen und Entspannen geeignet. In der gro\u00dfen K\u00e4ngurutasche vorne kannst du deine H\u00e4nde w\u00e4rmen und die klassischen Farben lassen sich zu vielen Hosen der Marke kombinieren.<\/p>\n<p>Material: 60 % Polyester 40 % Baumwolle<\/p>\n<\/div>\n<div class=\"flex-container\">\n<div class=\"hidden-xs hidden-sm col-md-4\">\n<h2 class=\"headline h2 statement\"><\/h2>\n<\/div>\n<\/div>\n","protected":false},"excerpt":{"rendered":"<p>Beschreibung Dieser l\u00e4ssige Hoodie ist genauso vielseitig wie du! Der Kapuzenpullover ist aufgrund seiner funktionellen Materialzusammensetzung sowohl f\u00fcr sportliche Aktivit\u00e4ten als auch zum Chillen und Entspannen geeignet. In der gro\u00dfen<\/p>\n","protected":false},"featured_media":605,"template":"","meta":{"inline_featured_image":false},"product_brand":[],"product_cat":[15],"product_tag":[],"class_list":{"0":"post-105","1":"product","2":"type-product","3":"status-publish","4":"has-post-thumbnail","6":"product_cat-teamsport","8":"first","9":"instock","10":"taxable","11":"shipping-taxable","12":"purchasable","13":"product-type-variable"},"yoast_head":"<!-- This site is optimized with the Yoast SEO plugin v27.3 - https:\/\/yoast.com\/product\/yoast-seo-wordpress\/ -->\n<title>Community 2.0 Hoodie - TSV Vaterstetten<\/title>\n<meta name=\"robots\" content=\"index, follow, max-snippet:-1, max-image-preview:large, max-video-preview:-1\" \/>\n<link rel=\"canonical\" href=\"https:\/\/www.teamprofi.de\/tsv-vaterstetten\/produkt\/community-hoodie\/\" \/>\n<meta property=\"og:locale\" content=\"de_DE\" \/>\n<meta property=\"og:type\" content=\"article\" \/>\n<meta property=\"og:title\" content=\"Community 2.0 Hoodie - TSV Vaterstetten\" \/>\n<meta property=\"og:description\" content=\"Beschreibung Dieser l\u00e4ssige Hoodie ist genauso vielseitig wie du! Der Kapuzenpullover ist aufgrund seiner funktionellen Materialzusammensetzung sowohl f\u00fcr sportliche Aktivit\u00e4ten als auch zum Chillen und Entspannen geeignet. In der gro\u00dfen\" \/>\n<meta property=\"og:url\" content=\"https:\/\/www.teamprofi.de\/tsv-vaterstetten\/produkt\/community-hoodie\/\" \/>\n<meta property=\"og:site_name\" content=\"TSV Vaterstetten\" \/>\n<meta property=\"article:modified_time\" content=\"2024-09-20T15:59:52+00:00\" \/>\n<meta property=\"og:image\" content=\"https:\/\/www.teamprofi.de\/tsv-vaterstetten\/wp-content\/uploads\/sites\/33\/2022\/11\/1915328_39000W.jpg\" \/>\n\t<meta property=\"og:image:width\" content=\"2362\" \/>\n\t<meta property=\"og:image:height\" content=\"3544\" \/>\n\t<meta property=\"og:image:type\" content=\"image\/jpeg\" \/>\n<meta name=\"twitter:card\" content=\"summary_large_image\" \/>\n<meta name=\"twitter:label1\" content=\"Gesch\u00e4tzte Lesezeit\" \/>\n\t<meta name=\"twitter:data1\" content=\"1\u00a0Minute\" \/>\n<script type=\"application\/ld+json\" class=\"yoast-schema-graph\">{\"@context\":\"https:\\\/\\\/schema.org\",\"@graph\":[{\"@type\":\"WebPage\",\"@id\":\"https:\\\/\\\/www.teamprofi.de\\\/tsv-vaterstetten\\\/produkt\\\/community-hoodie\\\/\",\"url\":\"https:\\\/\\\/www.teamprofi.de\\\/tsv-vaterstetten\\\/produkt\\\/community-hoodie\\\/\",\"name\":\"Community 2.0 Hoodie - TSV Vaterstetten\",\"isPartOf\":{\"@id\":\"https:\\\/\\\/www.teamprofi.de\\\/tsv-vaterstetten\\\/#website\"},\"primaryImageOfPage\":{\"@id\":\"https:\\\/\\\/www.teamprofi.de\\\/tsv-vaterstetten\\\/produkt\\\/community-hoodie\\\/#primaryimage\"},\"image\":{\"@id\":\"https:\\\/\\\/www.teamprofi.de\\\/tsv-vaterstetten\\\/produkt\\\/community-hoodie\\\/#primaryimage\"},\"thumbnailUrl\":\"https:\\\/\\\/www.teamprofi.de\\\/tsv-vaterstetten\\\/wp-content\\\/uploads\\\/sites\\\/33\\\/2022\\\/11\\\/1915328_39000W.jpg\",\"datePublished\":\"2022-11-21T13:54:26+00:00\",\"dateModified\":\"2024-09-20T15:59:52+00:00\",\"breadcrumb\":{\"@id\":\"https:\\\/\\\/www.teamprofi.de\\\/tsv-vaterstetten\\\/produkt\\\/community-hoodie\\\/#breadcrumb\"},\"inLanguage\":\"de\",\"potentialAction\":[{\"@type\":\"ReadAction\",\"target\":[\"https:\\\/\\\/www.teamprofi.de\\\/tsv-vaterstetten\\\/produkt\\\/community-hoodie\\\/\"]}]},{\"@type\":\"ImageObject\",\"inLanguage\":\"de\",\"@id\":\"https:\\\/\\\/www.teamprofi.de\\\/tsv-vaterstetten\\\/produkt\\\/community-hoodie\\\/#primaryimage\",\"url\":\"https:\\\/\\\/www.teamprofi.de\\\/tsv-vaterstetten\\\/wp-content\\\/uploads\\\/sites\\\/33\\\/2022\\\/11\\\/1915328_39000W.jpg\",\"contentUrl\":\"https:\\\/\\\/www.teamprofi.de\\\/tsv-vaterstetten\\\/wp-content\\\/uploads\\\/sites\\\/33\\\/2022\\\/11\\\/1915328_39000W.jpg\",\"width\":2362,\"height\":3544},{\"@type\":\"BreadcrumbList\",\"@id\":\"https:\\\/\\\/www.teamprofi.de\\\/tsv-vaterstetten\\\/produkt\\\/community-hoodie\\\/#breadcrumb\",\"itemListElement\":[{\"@type\":\"ListItem\",\"position\":1,\"name\":\"Startseite\",\"item\":\"https:\\\/\\\/www.teamprofi.de\\\/tsv-vaterstetten\\\/\"},{\"@type\":\"ListItem\",\"position\":2,\"name\":\"Shop\",\"item\":\"https:\\\/\\\/www.teamprofi.de\\\/tsv-vaterstetten\\\/\"},{\"@type\":\"ListItem\",\"position\":3,\"name\":\"Community 2.0 Hoodie\"}]},{\"@type\":\"WebSite\",\"@id\":\"https:\\\/\\\/www.teamprofi.de\\\/tsv-vaterstetten\\\/#website\",\"url\":\"https:\\\/\\\/www.teamprofi.de\\\/tsv-vaterstetten\\\/\",\"name\":\"TSV Vaterstetten\",\"description\":\"Eine weitere Vereins Shops - Sport G\u00fcrteler Website\",\"potentialAction\":[{\"@type\":\"SearchAction\",\"target\":{\"@type\":\"EntryPoint\",\"urlTemplate\":\"https:\\\/\\\/www.teamprofi.de\\\/tsv-vaterstetten\\\/?s={search_term_string}\"},\"query-input\":{\"@type\":\"PropertyValueSpecification\",\"valueRequired\":true,\"valueName\":\"search_term_string\"}}],\"inLanguage\":\"de\"}]}<\/script>\n<!-- \/ Yoast SEO plugin. -->","yoast_head_json":{"title":"Community 2.0 Hoodie - TSV Vaterstetten","robots":{"index":"index","follow":"follow","max-snippet":"max-snippet:-1","max-image-preview":"max-image-preview:large","max-video-preview":"max-video-preview:-1"},"canonical":"https:\/\/www.teamprofi.de\/tsv-vaterstetten\/produkt\/community-hoodie\/","og_locale":"de_DE","og_type":"article","og_title":"Community 2.0 Hoodie - TSV Vaterstetten","og_description":"Beschreibung Dieser l\u00e4ssige Hoodie ist genauso vielseitig wie du! Der Kapuzenpullover ist aufgrund seiner funktionellen Materialzusammensetzung sowohl f\u00fcr sportliche Aktivit\u00e4ten als auch zum Chillen und Entspannen geeignet. In der gro\u00dfen","og_url":"https:\/\/www.teamprofi.de\/tsv-vaterstetten\/produkt\/community-hoodie\/","og_site_name":"TSV Vaterstetten","article_modified_time":"2024-09-20T15:59:52+00:00","og_image":[{"width":2362,"height":3544,"url":"https:\/\/www.teamprofi.de\/tsv-vaterstetten\/wp-content\/uploads\/sites\/33\/2022\/11\/1915328_39000W.jpg","type":"image\/jpeg"}],"twitter_card":"summary_large_image","twitter_misc":{"Gesch\u00e4tzte Lesezeit":"1\u00a0Minute"},"schema":{"@context":"https:\/\/schema.org","@graph":[{"@type":"WebPage","@id":"https:\/\/www.teamprofi.de\/tsv-vaterstetten\/produkt\/community-hoodie\/","url":"https:\/\/www.teamprofi.de\/tsv-vaterstetten\/produkt\/community-hoodie\/","name":"Community 2.0 Hoodie - TSV Vaterstetten","isPartOf":{"@id":"https:\/\/www.teamprofi.de\/tsv-vaterstetten\/#website"},"primaryImageOfPage":{"@id":"https:\/\/www.teamprofi.de\/tsv-vaterstetten\/produkt\/community-hoodie\/#primaryimage"},"image":{"@id":"https:\/\/www.teamprofi.de\/tsv-vaterstetten\/produkt\/community-hoodie\/#primaryimage"},"thumbnailUrl":"https:\/\/www.teamprofi.de\/tsv-vaterstetten\/wp-content\/uploads\/sites\/33\/2022\/11\/1915328_39000W.jpg","datePublished":"2022-11-21T13:54:26+00:00","dateModified":"2024-09-20T15:59:52+00:00","breadcrumb":{"@id":"https:\/\/www.teamprofi.de\/tsv-vaterstetten\/produkt\/community-hoodie\/#breadcrumb"},"inLanguage":"de","potentialAction":[{"@type":"ReadAction","target":["https:\/\/www.teamprofi.de\/tsv-vaterstetten\/produkt\/community-hoodie\/"]}]},{"@type":"ImageObject","inLanguage":"de","@id":"https:\/\/www.teamprofi.de\/tsv-vaterstetten\/produkt\/community-hoodie\/#primaryimage","url":"https:\/\/www.teamprofi.de\/tsv-vaterstetten\/wp-content\/uploads\/sites\/33\/2022\/11\/1915328_39000W.jpg","contentUrl":"https:\/\/www.teamprofi.de\/tsv-vaterstetten\/wp-content\/uploads\/sites\/33\/2022\/11\/1915328_39000W.jpg","width":2362,"height":3544},{"@type":"BreadcrumbList","@id":"https:\/\/www.teamprofi.de\/tsv-vaterstetten\/produkt\/community-hoodie\/#breadcrumb","itemListElement":[{"@type":"ListItem","position":1,"name":"Startseite","item":"https:\/\/www.teamprofi.de\/tsv-vaterstetten\/"},{"@type":"ListItem","position":2,"name":"Shop","item":"https:\/\/www.teamprofi.de\/tsv-vaterstetten\/"},{"@type":"ListItem","position":3,"name":"Community 2.0 Hoodie"}]},{"@type":"WebSite","@id":"https:\/\/www.teamprofi.de\/tsv-vaterstetten\/#website","url":"https:\/\/www.teamprofi.de\/tsv-vaterstetten\/","name":"TSV Vaterstetten","description":"Eine weitere Vereins Shops - Sport G\u00fcrteler Website","potentialAction":[{"@type":"SearchAction","target":{"@type":"EntryPoint","urlTemplate":"https:\/\/www.teamprofi.de\/tsv-vaterstetten\/?s={search_term_string}"},"query-input":{"@type":"PropertyValueSpecification","valueRequired":true,"valueName":"search_term_string"}}],"inLanguage":"de"}]}},"_links":{"self":[{"href":"https:\/\/www.teamprofi.de\/tsv-vaterstetten\/wp-json\/wp\/v2\/product\/105","targetHints":{"allow":["GET"]}}],"collection":[{"href":"https:\/\/www.teamprofi.de\/tsv-vaterstetten\/wp-json\/wp\/v2\/product"}],"about":[{"href":"https:\/\/www.teamprofi.de\/tsv-vaterstetten\/wp-json\/wp\/v2\/types\/product"}],"wp:featuredmedia":[{"embeddable":true,"href":"https:\/\/www.teamprofi.de\/tsv-vaterstetten\/wp-json\/wp\/v2\/media\/605"}],"wp:attachment":[{"href":"https:\/\/www.teamprofi.de\/tsv-vaterstetten\/wp-json\/wp\/v2\/media?parent=105"}],"wp:term":[{"taxonomy":"product_brand","embeddable":true,"href":"https:\/\/www.teamprofi.de\/tsv-vaterstetten\/wp-json\/wp\/v2\/product_brand?post=105"},{"taxonomy":"product_cat","embeddable":true,"href":"https:\/\/www.teamprofi.de\/tsv-vaterstetten\/wp-json\/wp\/v2\/product_cat?post=105"},{"taxonomy":"product_tag","embeddable":true,"href":"https:\/\/www.teamprofi.de\/tsv-vaterstetten\/wp-json\/wp\/v2\/product_tag?post=105"}],"curies":[{"name":"wp","href":"https:\/\/api.w.org\/{rel}","templated":true}]}}