{"id":71,"date":"2017-09-04T22:15:35","date_gmt":"2017-09-04T20:15:35","guid":{"rendered":"https:\/\/www.teamprofi.de\/tsv-steinhoering\/?post_type=product&#038;p=71"},"modified":"2024-01-26T10:12:15","modified_gmt":"2024-01-26T09:12:15","slug":"t-shirt-champ","status":"publish","type":"product","link":"https:\/\/www.teamprofi.de\/tsv-steinhoering\/produkt\/t-shirt-champ","title":{"rendered":"T-Shirt Champ 2.0"},"content":{"rendered":"<p>&nbsp;<\/p>\n<div class=\"slidecontent_itemcard_wrapper active\">\n<div class=\"hl\"><strong>Beschreibung<\/strong><\/div>\n<div><\/div>\n<div class=\"text\">Innovative Optik, zahlreiche Details und h\u00f6chste Funktionalit\u00e4t machen das T-Shirt CHAMP 2.0 zum Must-have beim Sport. Das T-Shirt aus der neuen Kollektion \u00fcberzeugt mit einer riesigen Farb- und Gr\u00f6\u00dfenauswahl. In zehn Farben ist das sportive T-Shirt in den Gr\u00f6\u00dfen 116 &#8211; 4XL f\u00fcr Kinder und Herren erh\u00e4ltich. F\u00fcr Damen ist das T-Shirt CHAMP 2.0 im taillierten Damenschnitt in den Gr\u00f6\u00dfen 34 &#8211; 44 erh\u00e4ltlich. Das Oberteil im Ladies fit passt sich deinen Bewegungen beim Sport opitmal an. Zahlreiche Details machen die Ausr\u00fcstung zum Highlight. Das Kontrast-Tape am Nacken, die Kontraststreifen am \u00c4rmel und der sportive Rundhalskragen spiegeln sich in der neuen Kollektion wider. Das funktionelle Oberteil ist durch den R\u00fccken aus Micro-Mesh besonders atmungsaktiv. Selbst an hei\u00dfen Tagen und anstrengenden Trainingseinheiten sind Luftzirkulation und die Bel\u00fcftung deines K\u00f6rpers garantiert. Das T-Shirt CHAMP 2.0 ist mit der Keep Dry Funktion ausgestattet. Microfeine Fasern transportieren die Feuchtigkeit unmittelbar an die Oberfl\u00e4che des Stoffes. Das T-Shirt trocknet sehr schnell und sch\u00fctzt deinen K\u00f6rper vor Ausk\u00fchlung. Bewahre stehts ein angenehmes K\u00f6rpergef\u00fchl beim Sport.<\/div>\n<div><\/div>\n<\/div>\n<div class=\"slidecontent_itemcard_wrapper active\">\n<div class=\"hl\"><strong>Details<\/strong><\/div>\n<div class=\"text\">\n<ul>\n<li>R\u00fccken aus Micro-Mesh<\/li>\n<li>Polyester-Jacquard<\/li>\n<li>Sportiver Rundhalskragen<\/li>\n<li>Kontrast-Tape am Nacken<\/li>\n<li>Kontraststreifen am \u00c4rmel<\/li>\n<li>Performance Label<\/li>\n<\/ul>\n<\/div>\n<\/div>\n<div class=\"slidecontent_itemcard_wrapper active\">\n<div class=\"hl\"><strong>Material<\/strong><\/div>\n<div class=\"text\">\n<ul>\n<li>100 % Polyester<\/li>\n<\/ul>\n<\/div>\n<\/div>\n<div class=\"attributeIcons marginTop--large\"><img decoding=\"async\" title=\"\" src=\"https:\/\/cdn.jako.de\/userdata\/dcshop\/filter_icon\/251439_tec_konzept_keep_dry_2021_70x70px.jpg\" data-toggle=\"tooltip\" data-original-title=\"Microfeine Fasern transportieren Feuchtigkeit unmittelbar an die Oberfl\u00e4che des Stoffes. So gew\u00e4hrleistet KEEP DRY, dass das Material sehr schnell trocknet und Du beim Sport nicht ausk\u00fchlst. \" \/><\/div>\n<div class=\"attributeIcons__item marginTop--large\"><img decoding=\"async\" title=\"\" src=\"https:\/\/cdn.jako.de\/userdata\/dcshop\/filter_icon\/170931_wash40.png\" data-toggle=\"tooltip\" data-original-title=\"40\u00b0 waschen\" \/><img decoding=\"async\" title=\"\" src=\"https:\/\/cdn.jako.de\/userdata\/dcshop\/filter_icon\/911081_bleach_not.png\" data-toggle=\"tooltip\" data-original-title=\"nicht chloren\" \/><img decoding=\"async\" title=\"\" src=\"https:\/\/cdn.jako.de\/userdata\/dcshop\/filter_icon\/848187_tumble_low.png\" data-toggle=\"tooltip\" data-original-title=\"trocknen niedrige Temperatur\" \/><img decoding=\"async\" title=\"\" src=\"https:\/\/cdn.jako.de\/userdata\/dcshop\/filter_icon\/438269_iron_low.png\" data-toggle=\"tooltip\" data-original-title=\"b\u00fcgeln niedrige Temperatur\" \/><img decoding=\"async\" title=\"\" src=\"https:\/\/cdn.jako.de\/userdata\/dcshop\/filter_icon\/591149_clean_not.png\" data-toggle=\"tooltip\" data-original-title=\"nicht chemisch reinigen\" \/><\/div>\n","protected":false},"excerpt":{"rendered":"<p>&nbsp; Beschreibung Innovative Optik, zahlreiche Details und h\u00f6chste Funktionalit\u00e4t machen das T-Shirt CHAMP 2.0 zum Must-have beim Sport. Das T-Shirt aus der neuen Kollektion \u00fcberzeugt mit einer riesigen Farb- und<\/p>\n","protected":false},"featured_media":36,"template":"","meta":{"inline_featured_image":false,"rs_blank_template":"","rs_page_bg_color":"","slide_template_v7":""},"product_brand":[],"product_cat":[129],"product_tag":[],"class_list":{"0":"post-71","1":"product","2":"type-product","3":"status-publish","4":"has-post-thumbnail","6":"product_cat-teamsport","8":"first","9":"instock","10":"taxable","11":"shipping-taxable","12":"purchasable","13":"product-type-variable"},"yoast_head":"<!-- This site is optimized with the Yoast SEO plugin v27.3 - https:\/\/yoast.com\/product\/yoast-seo-wordpress\/ -->\n<title>T-Shirt Champ 2.0 - TSV Steinh\u00f6ring<\/title>\n<meta name=\"robots\" content=\"index, follow, max-snippet:-1, max-image-preview:large, max-video-preview:-1\" \/>\n<link rel=\"canonical\" href=\"https:\/\/www.teamprofi.de\/tsv-steinhoering\/produkt\/t-shirt-champ\" \/>\n<meta property=\"og:locale\" content=\"de_DE\" \/>\n<meta property=\"og:type\" content=\"article\" \/>\n<meta property=\"og:title\" content=\"T-Shirt Champ 2.0 - TSV Steinh\u00f6ring\" \/>\n<meta property=\"og:description\" content=\"&nbsp; Beschreibung Innovative Optik, zahlreiche Details und h\u00f6chste Funktionalit\u00e4t machen das T-Shirt CHAMP 2.0 zum Must-have beim Sport. Das T-Shirt aus der neuen Kollektion \u00fcberzeugt mit einer riesigen Farb- und\" \/>\n<meta property=\"og:url\" content=\"https:\/\/www.teamprofi.de\/tsv-steinhoering\/produkt\/t-shirt-champ\" \/>\n<meta property=\"og:site_name\" content=\"TSV Steinh\u00f6ring\" \/>\n<meta property=\"article:modified_time\" content=\"2024-01-26T09:12:15+00:00\" \/>\n<meta property=\"og:image\" content=\"https:\/\/www.teamprofi.de\/tsv-steinhoering\/wp-content\/uploads\/sites\/3\/2017\/09\/T-Shirt-6117-01.jpg\" \/>\n\t<meta property=\"og:image:width\" content=\"1500\" \/>\n\t<meta property=\"og:image:height\" content=\"1503\" \/>\n\t<meta property=\"og:image:type\" content=\"image\/jpeg\" \/>\n<meta name=\"twitter:card\" content=\"summary_large_image\" \/>\n<meta name=\"twitter:label1\" content=\"Gesch\u00e4tzte Lesezeit\" \/>\n\t<meta name=\"twitter:data1\" content=\"1\u00a0Minute\" \/>\n<script type=\"application\/ld+json\" class=\"yoast-schema-graph\">{\"@context\":\"https:\\\/\\\/schema.org\",\"@graph\":[{\"@type\":\"WebPage\",\"@id\":\"https:\\\/\\\/www.teamprofi.de\\\/tsv-steinhoering\\\/produkt\\\/t-shirt-champ\",\"url\":\"https:\\\/\\\/www.teamprofi.de\\\/tsv-steinhoering\\\/produkt\\\/t-shirt-champ\",\"name\":\"T-Shirt Champ 2.0 - TSV Steinh\u00f6ring\",\"isPartOf\":{\"@id\":\"https:\\\/\\\/www.teamprofi.de\\\/tsv-steinhoering\\\/#website\"},\"primaryImageOfPage\":{\"@id\":\"https:\\\/\\\/www.teamprofi.de\\\/tsv-steinhoering\\\/produkt\\\/t-shirt-champ#primaryimage\"},\"image\":{\"@id\":\"https:\\\/\\\/www.teamprofi.de\\\/tsv-steinhoering\\\/produkt\\\/t-shirt-champ#primaryimage\"},\"thumbnailUrl\":\"https:\\\/\\\/www.teamprofi.de\\\/tsv-steinhoering\\\/wp-content\\\/uploads\\\/sites\\\/3\\\/2017\\\/09\\\/T-Shirt-6117-01.jpg\",\"datePublished\":\"2017-09-04T20:15:35+00:00\",\"dateModified\":\"2024-01-26T09:12:15+00:00\",\"breadcrumb\":{\"@id\":\"https:\\\/\\\/www.teamprofi.de\\\/tsv-steinhoering\\\/produkt\\\/t-shirt-champ#breadcrumb\"},\"inLanguage\":\"de\",\"potentialAction\":[{\"@type\":\"ReadAction\",\"target\":[\"https:\\\/\\\/www.teamprofi.de\\\/tsv-steinhoering\\\/produkt\\\/t-shirt-champ\"]}]},{\"@type\":\"ImageObject\",\"inLanguage\":\"de\",\"@id\":\"https:\\\/\\\/www.teamprofi.de\\\/tsv-steinhoering\\\/produkt\\\/t-shirt-champ#primaryimage\",\"url\":\"https:\\\/\\\/www.teamprofi.de\\\/tsv-steinhoering\\\/wp-content\\\/uploads\\\/sites\\\/3\\\/2017\\\/09\\\/T-Shirt-6117-01.jpg\",\"contentUrl\":\"https:\\\/\\\/www.teamprofi.de\\\/tsv-steinhoering\\\/wp-content\\\/uploads\\\/sites\\\/3\\\/2017\\\/09\\\/T-Shirt-6117-01.jpg\",\"width\":1500,\"height\":1503},{\"@type\":\"BreadcrumbList\",\"@id\":\"https:\\\/\\\/www.teamprofi.de\\\/tsv-steinhoering\\\/produkt\\\/t-shirt-champ#breadcrumb\",\"itemListElement\":[{\"@type\":\"ListItem\",\"position\":1,\"name\":\"Startseite\",\"item\":\"https:\\\/\\\/www.teamprofi.de\\\/tsv-steinhoering\\\/\"},{\"@type\":\"ListItem\",\"position\":2,\"name\":\"Shop\",\"item\":\"https:\\\/\\\/www.teamprofi.de\\\/tsv-steinhoering\\\/\"},{\"@type\":\"ListItem\",\"position\":3,\"name\":\"T-Shirt Champ 2.0\"}]},{\"@type\":\"WebSite\",\"@id\":\"https:\\\/\\\/www.teamprofi.de\\\/tsv-steinhoering\\\/#website\",\"url\":\"https:\\\/\\\/www.teamprofi.de\\\/tsv-steinhoering\\\/\",\"name\":\"TSV Steinh\u00f6ring\",\"description\":\"Vereins-Shop - Sport G\u00fcrteler\",\"potentialAction\":[{\"@type\":\"SearchAction\",\"target\":{\"@type\":\"EntryPoint\",\"urlTemplate\":\"https:\\\/\\\/www.teamprofi.de\\\/tsv-steinhoering\\\/?s={search_term_string}\"},\"query-input\":{\"@type\":\"PropertyValueSpecification\",\"valueRequired\":true,\"valueName\":\"search_term_string\"}}],\"inLanguage\":\"de\"}]}<\/script>\n<!-- \/ Yoast SEO plugin. -->","yoast_head_json":{"title":"T-Shirt Champ 2.0 - TSV Steinh\u00f6ring","robots":{"index":"index","follow":"follow","max-snippet":"max-snippet:-1","max-image-preview":"max-image-preview:large","max-video-preview":"max-video-preview:-1"},"canonical":"https:\/\/www.teamprofi.de\/tsv-steinhoering\/produkt\/t-shirt-champ","og_locale":"de_DE","og_type":"article","og_title":"T-Shirt Champ 2.0 - TSV Steinh\u00f6ring","og_description":"&nbsp; Beschreibung Innovative Optik, zahlreiche Details und h\u00f6chste Funktionalit\u00e4t machen das T-Shirt CHAMP 2.0 zum Must-have beim Sport. Das T-Shirt aus der neuen Kollektion \u00fcberzeugt mit einer riesigen Farb- und","og_url":"https:\/\/www.teamprofi.de\/tsv-steinhoering\/produkt\/t-shirt-champ","og_site_name":"TSV Steinh\u00f6ring","article_modified_time":"2024-01-26T09:12:15+00:00","og_image":[{"width":1500,"height":1503,"url":"https:\/\/www.teamprofi.de\/tsv-steinhoering\/wp-content\/uploads\/sites\/3\/2017\/09\/T-Shirt-6117-01.jpg","type":"image\/jpeg"}],"twitter_card":"summary_large_image","twitter_misc":{"Gesch\u00e4tzte Lesezeit":"1\u00a0Minute"},"schema":{"@context":"https:\/\/schema.org","@graph":[{"@type":"WebPage","@id":"https:\/\/www.teamprofi.de\/tsv-steinhoering\/produkt\/t-shirt-champ","url":"https:\/\/www.teamprofi.de\/tsv-steinhoering\/produkt\/t-shirt-champ","name":"T-Shirt Champ 2.0 - TSV Steinh\u00f6ring","isPartOf":{"@id":"https:\/\/www.teamprofi.de\/tsv-steinhoering\/#website"},"primaryImageOfPage":{"@id":"https:\/\/www.teamprofi.de\/tsv-steinhoering\/produkt\/t-shirt-champ#primaryimage"},"image":{"@id":"https:\/\/www.teamprofi.de\/tsv-steinhoering\/produkt\/t-shirt-champ#primaryimage"},"thumbnailUrl":"https:\/\/www.teamprofi.de\/tsv-steinhoering\/wp-content\/uploads\/sites\/3\/2017\/09\/T-Shirt-6117-01.jpg","datePublished":"2017-09-04T20:15:35+00:00","dateModified":"2024-01-26T09:12:15+00:00","breadcrumb":{"@id":"https:\/\/www.teamprofi.de\/tsv-steinhoering\/produkt\/t-shirt-champ#breadcrumb"},"inLanguage":"de","potentialAction":[{"@type":"ReadAction","target":["https:\/\/www.teamprofi.de\/tsv-steinhoering\/produkt\/t-shirt-champ"]}]},{"@type":"ImageObject","inLanguage":"de","@id":"https:\/\/www.teamprofi.de\/tsv-steinhoering\/produkt\/t-shirt-champ#primaryimage","url":"https:\/\/www.teamprofi.de\/tsv-steinhoering\/wp-content\/uploads\/sites\/3\/2017\/09\/T-Shirt-6117-01.jpg","contentUrl":"https:\/\/www.teamprofi.de\/tsv-steinhoering\/wp-content\/uploads\/sites\/3\/2017\/09\/T-Shirt-6117-01.jpg","width":1500,"height":1503},{"@type":"BreadcrumbList","@id":"https:\/\/www.teamprofi.de\/tsv-steinhoering\/produkt\/t-shirt-champ#breadcrumb","itemListElement":[{"@type":"ListItem","position":1,"name":"Startseite","item":"https:\/\/www.teamprofi.de\/tsv-steinhoering\/"},{"@type":"ListItem","position":2,"name":"Shop","item":"https:\/\/www.teamprofi.de\/tsv-steinhoering\/"},{"@type":"ListItem","position":3,"name":"T-Shirt Champ 2.0"}]},{"@type":"WebSite","@id":"https:\/\/www.teamprofi.de\/tsv-steinhoering\/#website","url":"https:\/\/www.teamprofi.de\/tsv-steinhoering\/","name":"TSV Steinh\u00f6ring","description":"Vereins-Shop - Sport G\u00fcrteler","potentialAction":[{"@type":"SearchAction","target":{"@type":"EntryPoint","urlTemplate":"https:\/\/www.teamprofi.de\/tsv-steinhoering\/?s={search_term_string}"},"query-input":{"@type":"PropertyValueSpecification","valueRequired":true,"valueName":"search_term_string"}}],"inLanguage":"de"}]}},"_links":{"self":[{"href":"https:\/\/www.teamprofi.de\/tsv-steinhoering\/wp-json\/wp\/v2\/product\/71","targetHints":{"allow":["GET"]}}],"collection":[{"href":"https:\/\/www.teamprofi.de\/tsv-steinhoering\/wp-json\/wp\/v2\/product"}],"about":[{"href":"https:\/\/www.teamprofi.de\/tsv-steinhoering\/wp-json\/wp\/v2\/types\/product"}],"wp:featuredmedia":[{"embeddable":true,"href":"https:\/\/www.teamprofi.de\/tsv-steinhoering\/wp-json\/wp\/v2\/media\/36"}],"wp:attachment":[{"href":"https:\/\/www.teamprofi.de\/tsv-steinhoering\/wp-json\/wp\/v2\/media?parent=71"}],"wp:term":[{"taxonomy":"product_brand","embeddable":true,"href":"https:\/\/www.teamprofi.de\/tsv-steinhoering\/wp-json\/wp\/v2\/product_brand?post=71"},{"taxonomy":"product_cat","embeddable":true,"href":"https:\/\/www.teamprofi.de\/tsv-steinhoering\/wp-json\/wp\/v2\/product_cat?post=71"},{"taxonomy":"product_tag","embeddable":true,"href":"https:\/\/www.teamprofi.de\/tsv-steinhoering\/wp-json\/wp\/v2\/product_tag?post=71"}],"curies":[{"name":"wp","href":"https:\/\/api.w.org\/{rel}","templated":true}]}}