{"id":54,"date":"2017-09-04T21:53:35","date_gmt":"2017-09-04T19:53:35","guid":{"rendered":"https:\/\/www.teamprofi.de\/tsv-steinhoering\/?post_type=product&#038;p=54"},"modified":"2023-01-02T09:58:43","modified_gmt":"2023-01-02T08:58:43","slug":"champ-ziptop","status":"publish","type":"product","link":"https:\/\/www.teamprofi.de\/tsv-steinhoering\/produkt\/champ-ziptop","title":{"rendered":"Ziptop Champ"},"content":{"rendered":"<p>Hochwertiger Stil und funktionelles Material pr\u00e4gen das Ziptop Champ. Durch tonale Farbgebungen am \u00c4rmel und dem Bonded &#8211; Lasercut &#8211; Tape verleiht das Oberteil seinem Tr\u00e4ger den unverwechselbaren Look der Teamline Champ. Der Viertel-Frontrei\u00dfverschluss, die Top- und \u00c4rmelabschlusse mit elastischer Binding sowie die Zippergarage garantieren besonders hohen Tragekomfort.<\/p>\n","protected":false},"excerpt":{"rendered":"<p>Hochwertiger Stil und funktionelles Material pr\u00e4gen das Ziptop Champ. Durch tonale Farbgebungen am \u00c4rmel und dem Bonded &#8211; Lasercut &#8211; Tape verleiht das Oberteil seinem Tr\u00e4ger den unverwechselbaren Look der<\/p>\n","protected":false},"featured_media":40,"template":"","meta":{"inline_featured_image":false,"rs_blank_template":"","rs_page_bg_color":"","slide_template_v7":""},"product_brand":[],"product_cat":[129],"product_tag":[],"class_list":{"0":"post-54","1":"product","2":"type-product","3":"status-publish","4":"has-post-thumbnail","6":"product_cat-teamsport","8":"first","9":"instock","10":"taxable","11":"shipping-taxable","12":"purchasable","13":"product-type-variable"},"yoast_head":"<!-- This site is optimized with the Yoast SEO plugin v27.3 - https:\/\/yoast.com\/product\/yoast-seo-wordpress\/ -->\n<title>Ziptop Champ - TSV Steinh\u00f6ring<\/title>\n<meta name=\"robots\" content=\"index, follow, max-snippet:-1, max-image-preview:large, max-video-preview:-1\" \/>\n<link rel=\"canonical\" href=\"https:\/\/www.teamprofi.de\/tsv-steinhoering\/produkt\/champ-ziptop\" \/>\n<meta property=\"og:locale\" content=\"de_DE\" \/>\n<meta property=\"og:type\" content=\"article\" \/>\n<meta property=\"og:title\" content=\"Ziptop Champ - TSV Steinh\u00f6ring\" \/>\n<meta property=\"og:description\" content=\"Hochwertiger Stil und funktionelles Material pr\u00e4gen das Ziptop Champ. Durch tonale Farbgebungen am \u00c4rmel und dem Bonded &#8211; Lasercut &#8211; Tape verleiht das Oberteil seinem Tr\u00e4ger den unverwechselbaren Look der\" \/>\n<meta property=\"og:url\" content=\"https:\/\/www.teamprofi.de\/tsv-steinhoering\/produkt\/champ-ziptop\" \/>\n<meta property=\"og:site_name\" content=\"TSV Steinh\u00f6ring\" \/>\n<meta property=\"article:modified_time\" content=\"2023-01-02T08:58:43+00:00\" \/>\n<meta property=\"og:image\" content=\"https:\/\/www.teamprofi.de\/tsv-steinhoering\/wp-content\/uploads\/sites\/3\/2017\/09\/Trainingstop-Zip-8617-21.jpg\" \/>\n\t<meta property=\"og:image:width\" content=\"1500\" \/>\n\t<meta property=\"og:image:height\" content=\"1500\" \/>\n\t<meta property=\"og:image:type\" content=\"image\/jpeg\" \/>\n<meta name=\"twitter:card\" content=\"summary_large_image\" \/>\n<script type=\"application\/ld+json\" class=\"yoast-schema-graph\">{\"@context\":\"https:\\\/\\\/schema.org\",\"@graph\":[{\"@type\":\"WebPage\",\"@id\":\"https:\\\/\\\/www.teamprofi.de\\\/tsv-steinhoering\\\/produkt\\\/champ-ziptop\",\"url\":\"https:\\\/\\\/www.teamprofi.de\\\/tsv-steinhoering\\\/produkt\\\/champ-ziptop\",\"name\":\"Ziptop Champ - TSV Steinh\u00f6ring\",\"isPartOf\":{\"@id\":\"https:\\\/\\\/www.teamprofi.de\\\/tsv-steinhoering\\\/#website\"},\"primaryImageOfPage\":{\"@id\":\"https:\\\/\\\/www.teamprofi.de\\\/tsv-steinhoering\\\/produkt\\\/champ-ziptop#primaryimage\"},\"image\":{\"@id\":\"https:\\\/\\\/www.teamprofi.de\\\/tsv-steinhoering\\\/produkt\\\/champ-ziptop#primaryimage\"},\"thumbnailUrl\":\"https:\\\/\\\/www.teamprofi.de\\\/tsv-steinhoering\\\/wp-content\\\/uploads\\\/sites\\\/3\\\/2017\\\/09\\\/Trainingstop-Zip-8617-21.jpg\",\"datePublished\":\"2017-09-04T19:53:35+00:00\",\"dateModified\":\"2023-01-02T08:58:43+00:00\",\"breadcrumb\":{\"@id\":\"https:\\\/\\\/www.teamprofi.de\\\/tsv-steinhoering\\\/produkt\\\/champ-ziptop#breadcrumb\"},\"inLanguage\":\"de\",\"potentialAction\":[{\"@type\":\"ReadAction\",\"target\":[\"https:\\\/\\\/www.teamprofi.de\\\/tsv-steinhoering\\\/produkt\\\/champ-ziptop\"]}]},{\"@type\":\"ImageObject\",\"inLanguage\":\"de\",\"@id\":\"https:\\\/\\\/www.teamprofi.de\\\/tsv-steinhoering\\\/produkt\\\/champ-ziptop#primaryimage\",\"url\":\"https:\\\/\\\/www.teamprofi.de\\\/tsv-steinhoering\\\/wp-content\\\/uploads\\\/sites\\\/3\\\/2017\\\/09\\\/Trainingstop-Zip-8617-21.jpg\",\"contentUrl\":\"https:\\\/\\\/www.teamprofi.de\\\/tsv-steinhoering\\\/wp-content\\\/uploads\\\/sites\\\/3\\\/2017\\\/09\\\/Trainingstop-Zip-8617-21.jpg\",\"width\":1500,\"height\":1500},{\"@type\":\"BreadcrumbList\",\"@id\":\"https:\\\/\\\/www.teamprofi.de\\\/tsv-steinhoering\\\/produkt\\\/champ-ziptop#breadcrumb\",\"itemListElement\":[{\"@type\":\"ListItem\",\"position\":1,\"name\":\"Startseite\",\"item\":\"https:\\\/\\\/www.teamprofi.de\\\/tsv-steinhoering\\\/\"},{\"@type\":\"ListItem\",\"position\":2,\"name\":\"Shop\",\"item\":\"https:\\\/\\\/www.teamprofi.de\\\/tsv-steinhoering\\\/\"},{\"@type\":\"ListItem\",\"position\":3,\"name\":\"Ziptop Champ\"}]},{\"@type\":\"WebSite\",\"@id\":\"https:\\\/\\\/www.teamprofi.de\\\/tsv-steinhoering\\\/#website\",\"url\":\"https:\\\/\\\/www.teamprofi.de\\\/tsv-steinhoering\\\/\",\"name\":\"TSV Steinh\u00f6ring\",\"description\":\"Vereins-Shop - Sport G\u00fcrteler\",\"potentialAction\":[{\"@type\":\"SearchAction\",\"target\":{\"@type\":\"EntryPoint\",\"urlTemplate\":\"https:\\\/\\\/www.teamprofi.de\\\/tsv-steinhoering\\\/?s={search_term_string}\"},\"query-input\":{\"@type\":\"PropertyValueSpecification\",\"valueRequired\":true,\"valueName\":\"search_term_string\"}}],\"inLanguage\":\"de\"}]}<\/script>\n<!-- \/ Yoast SEO plugin. -->","yoast_head_json":{"title":"Ziptop Champ - TSV Steinh\u00f6ring","robots":{"index":"index","follow":"follow","max-snippet":"max-snippet:-1","max-image-preview":"max-image-preview:large","max-video-preview":"max-video-preview:-1"},"canonical":"https:\/\/www.teamprofi.de\/tsv-steinhoering\/produkt\/champ-ziptop","og_locale":"de_DE","og_type":"article","og_title":"Ziptop Champ - TSV Steinh\u00f6ring","og_description":"Hochwertiger Stil und funktionelles Material pr\u00e4gen das Ziptop Champ. Durch tonale Farbgebungen am \u00c4rmel und dem Bonded &#8211; Lasercut &#8211; Tape verleiht das Oberteil seinem Tr\u00e4ger den unverwechselbaren Look der","og_url":"https:\/\/www.teamprofi.de\/tsv-steinhoering\/produkt\/champ-ziptop","og_site_name":"TSV Steinh\u00f6ring","article_modified_time":"2023-01-02T08:58:43+00:00","og_image":[{"width":1500,"height":1500,"url":"https:\/\/www.teamprofi.de\/tsv-steinhoering\/wp-content\/uploads\/sites\/3\/2017\/09\/Trainingstop-Zip-8617-21.jpg","type":"image\/jpeg"}],"twitter_card":"summary_large_image","schema":{"@context":"https:\/\/schema.org","@graph":[{"@type":"WebPage","@id":"https:\/\/www.teamprofi.de\/tsv-steinhoering\/produkt\/champ-ziptop","url":"https:\/\/www.teamprofi.de\/tsv-steinhoering\/produkt\/champ-ziptop","name":"Ziptop Champ - TSV Steinh\u00f6ring","isPartOf":{"@id":"https:\/\/www.teamprofi.de\/tsv-steinhoering\/#website"},"primaryImageOfPage":{"@id":"https:\/\/www.teamprofi.de\/tsv-steinhoering\/produkt\/champ-ziptop#primaryimage"},"image":{"@id":"https:\/\/www.teamprofi.de\/tsv-steinhoering\/produkt\/champ-ziptop#primaryimage"},"thumbnailUrl":"https:\/\/www.teamprofi.de\/tsv-steinhoering\/wp-content\/uploads\/sites\/3\/2017\/09\/Trainingstop-Zip-8617-21.jpg","datePublished":"2017-09-04T19:53:35+00:00","dateModified":"2023-01-02T08:58:43+00:00","breadcrumb":{"@id":"https:\/\/www.teamprofi.de\/tsv-steinhoering\/produkt\/champ-ziptop#breadcrumb"},"inLanguage":"de","potentialAction":[{"@type":"ReadAction","target":["https:\/\/www.teamprofi.de\/tsv-steinhoering\/produkt\/champ-ziptop"]}]},{"@type":"ImageObject","inLanguage":"de","@id":"https:\/\/www.teamprofi.de\/tsv-steinhoering\/produkt\/champ-ziptop#primaryimage","url":"https:\/\/www.teamprofi.de\/tsv-steinhoering\/wp-content\/uploads\/sites\/3\/2017\/09\/Trainingstop-Zip-8617-21.jpg","contentUrl":"https:\/\/www.teamprofi.de\/tsv-steinhoering\/wp-content\/uploads\/sites\/3\/2017\/09\/Trainingstop-Zip-8617-21.jpg","width":1500,"height":1500},{"@type":"BreadcrumbList","@id":"https:\/\/www.teamprofi.de\/tsv-steinhoering\/produkt\/champ-ziptop#breadcrumb","itemListElement":[{"@type":"ListItem","position":1,"name":"Startseite","item":"https:\/\/www.teamprofi.de\/tsv-steinhoering\/"},{"@type":"ListItem","position":2,"name":"Shop","item":"https:\/\/www.teamprofi.de\/tsv-steinhoering\/"},{"@type":"ListItem","position":3,"name":"Ziptop Champ"}]},{"@type":"WebSite","@id":"https:\/\/www.teamprofi.de\/tsv-steinhoering\/#website","url":"https:\/\/www.teamprofi.de\/tsv-steinhoering\/","name":"TSV Steinh\u00f6ring","description":"Vereins-Shop - Sport G\u00fcrteler","potentialAction":[{"@type":"SearchAction","target":{"@type":"EntryPoint","urlTemplate":"https:\/\/www.teamprofi.de\/tsv-steinhoering\/?s={search_term_string}"},"query-input":{"@type":"PropertyValueSpecification","valueRequired":true,"valueName":"search_term_string"}}],"inLanguage":"de"}]}},"_links":{"self":[{"href":"https:\/\/www.teamprofi.de\/tsv-steinhoering\/wp-json\/wp\/v2\/product\/54","targetHints":{"allow":["GET"]}}],"collection":[{"href":"https:\/\/www.teamprofi.de\/tsv-steinhoering\/wp-json\/wp\/v2\/product"}],"about":[{"href":"https:\/\/www.teamprofi.de\/tsv-steinhoering\/wp-json\/wp\/v2\/types\/product"}],"wp:featuredmedia":[{"embeddable":true,"href":"https:\/\/www.teamprofi.de\/tsv-steinhoering\/wp-json\/wp\/v2\/media\/40"}],"wp:attachment":[{"href":"https:\/\/www.teamprofi.de\/tsv-steinhoering\/wp-json\/wp\/v2\/media?parent=54"}],"wp:term":[{"taxonomy":"product_brand","embeddable":true,"href":"https:\/\/www.teamprofi.de\/tsv-steinhoering\/wp-json\/wp\/v2\/product_brand?post=54"},{"taxonomy":"product_cat","embeddable":true,"href":"https:\/\/www.teamprofi.de\/tsv-steinhoering\/wp-json\/wp\/v2\/product_cat?post=54"},{"taxonomy":"product_tag","embeddable":true,"href":"https:\/\/www.teamprofi.de\/tsv-steinhoering\/wp-json\/wp\/v2\/product_tag?post=54"}],"curies":[{"name":"wp","href":"https:\/\/api.w.org\/{rel}","templated":true}]}}