{"id":518,"date":"2020-08-06T13:54:10","date_gmt":"2020-08-06T11:54:10","guid":{"rendered":"https:\/\/www.teamprofi.de\/tsv-steinhoering\/?post_type=product&#038;p=518"},"modified":"2023-02-23T09:41:21","modified_gmt":"2023-02-23T08:41:21","slug":"rucksack-classico","status":"publish","type":"product","link":"https:\/\/www.teamprofi.de\/tsv-steinhoering\/produkt\/rucksack-classico","title":{"rendered":"Rucksack Classico"},"content":{"rendered":"<p>Der praktische Begleiter f\u00fcr den Alltag. Im Rucksack CLASSICO aus stabilem Polyester-Material kannst Du zahlreiche Gegenst\u00e4nde aufbewahren: Sportsachen, Schuhe und vieles mehr. Das gro\u00dfe Hauptfach mit abtgetrennter Innentasche bietet ausreichend Stauraum. Mit dem 2 &#8211; Wege &#8211; Rei\u00dfverschluss l\u00e4sst er sich leicht \u00f6ffnen und schlie\u00dfen. Dank der separaten Rei\u00dfverschlusstasche mit integriertem Organizer auf der Vorderseite l\u00e4sst sich dein Material \u00fcbersichtlich sortieren. Noch mehr Platz bieten die seitlichen Einschubtaschen aus Mesh. Der Rucksack mit den Ma\u00dfen 30 x 14,5 x 45 Zentimeter.<\/p>\n<div class=\"attributesItem\">\n<div class=\"h5\">Details<\/div>\n<ul>\n<li>Polyester 600 D<\/li>\n<li>Gro\u00dfes Hauptfach mit abgetrennter Innentasche<\/li>\n<li>2-Wege-Rei\u00dfverschluss<\/li>\n<li>Separate Rei\u00dfverschlusstasche auf der Vorderseite mit integriertem Organizer<\/li>\n<li>Seitliche Einschubtaschen aus Mesh<\/li>\n<li>Gr\u00f6\u00dfe: 30 x 14,5 x 45 cm (LxBxH)<\/li>\n<\/ul>\n<\/div>\n<div class=\"attributesItem\">\n<div class=\"h5\">Material<\/div>\n<ul>\n<li>100 % Polyester<\/li>\n<\/ul>\n<\/div>\n","protected":false},"excerpt":{"rendered":"<p>Der praktische Begleiter f\u00fcr den Alltag. Im Rucksack CLASSICO aus stabilem Polyester-Material kannst Du zahlreiche Gegenst\u00e4nde aufbewahren: Sportsachen, Schuhe und vieles mehr. Das gro\u00dfe Hauptfach mit abtgetrennter Innentasche bietet ausreichend<\/p>\n","protected":false},"featured_media":519,"template":"","meta":{"inline_featured_image":false,"rs_blank_template":"","rs_page_bg_color":"","slide_template_v7":""},"product_brand":[],"product_cat":[129],"product_tag":[],"class_list":{"0":"post-518","1":"product","2":"type-product","3":"status-publish","4":"has-post-thumbnail","6":"product_cat-teamsport","8":"first","9":"instock","10":"taxable","11":"shipping-taxable","12":"purchasable","13":"product-type-simple"},"yoast_head":"<!-- This site is optimized with the Yoast SEO plugin v27.3 - https:\/\/yoast.com\/product\/yoast-seo-wordpress\/ -->\n<title>Rucksack Classico - TSV Steinh\u00f6ring<\/title>\n<meta name=\"robots\" content=\"index, follow, max-snippet:-1, max-image-preview:large, max-video-preview:-1\" \/>\n<link rel=\"canonical\" href=\"https:\/\/www.teamprofi.de\/tsv-steinhoering\/produkt\/rucksack-classico\" \/>\n<meta property=\"og:locale\" content=\"de_DE\" \/>\n<meta property=\"og:type\" content=\"article\" \/>\n<meta property=\"og:title\" content=\"Rucksack Classico - TSV Steinh\u00f6ring\" \/>\n<meta property=\"og:description\" content=\"Der praktische Begleiter f\u00fcr den Alltag. Im Rucksack CLASSICO aus stabilem Polyester-Material kannst Du zahlreiche Gegenst\u00e4nde aufbewahren: Sportsachen, Schuhe und vieles mehr. Das gro\u00dfe Hauptfach mit abtgetrennter Innentasche bietet ausreichend\" \/>\n<meta property=\"og:url\" content=\"https:\/\/www.teamprofi.de\/tsv-steinhoering\/produkt\/rucksack-classico\" \/>\n<meta property=\"og:site_name\" content=\"TSV Steinh\u00f6ring\" \/>\n<meta property=\"article:modified_time\" content=\"2023-02-23T08:41:21+00:00\" \/>\n<meta property=\"og:image\" content=\"https:\/\/www.teamprofi.de\/tsv-steinhoering\/wp-content\/uploads\/sites\/3\/2020\/08\/1850_01.jpg\" \/>\n\t<meta property=\"og:image:width\" content=\"800\" \/>\n\t<meta property=\"og:image:height\" content=\"800\" \/>\n\t<meta property=\"og:image:type\" content=\"image\/jpeg\" \/>\n<meta name=\"twitter:card\" content=\"summary_large_image\" \/>\n<meta name=\"twitter:label1\" content=\"Gesch\u00e4tzte Lesezeit\" \/>\n\t<meta name=\"twitter:data1\" content=\"1\u00a0Minute\" \/>\n<script type=\"application\/ld+json\" class=\"yoast-schema-graph\">{\"@context\":\"https:\\\/\\\/schema.org\",\"@graph\":[{\"@type\":\"WebPage\",\"@id\":\"https:\\\/\\\/www.teamprofi.de\\\/tsv-steinhoering\\\/produkt\\\/rucksack-classico\",\"url\":\"https:\\\/\\\/www.teamprofi.de\\\/tsv-steinhoering\\\/produkt\\\/rucksack-classico\",\"name\":\"Rucksack Classico - TSV Steinh\u00f6ring\",\"isPartOf\":{\"@id\":\"https:\\\/\\\/www.teamprofi.de\\\/tsv-steinhoering\\\/#website\"},\"primaryImageOfPage\":{\"@id\":\"https:\\\/\\\/www.teamprofi.de\\\/tsv-steinhoering\\\/produkt\\\/rucksack-classico#primaryimage\"},\"image\":{\"@id\":\"https:\\\/\\\/www.teamprofi.de\\\/tsv-steinhoering\\\/produkt\\\/rucksack-classico#primaryimage\"},\"thumbnailUrl\":\"https:\\\/\\\/www.teamprofi.de\\\/tsv-steinhoering\\\/wp-content\\\/uploads\\\/sites\\\/3\\\/2020\\\/08\\\/1850_01.jpg\",\"datePublished\":\"2020-08-06T11:54:10+00:00\",\"dateModified\":\"2023-02-23T08:41:21+00:00\",\"breadcrumb\":{\"@id\":\"https:\\\/\\\/www.teamprofi.de\\\/tsv-steinhoering\\\/produkt\\\/rucksack-classico#breadcrumb\"},\"inLanguage\":\"de\",\"potentialAction\":[{\"@type\":\"ReadAction\",\"target\":[\"https:\\\/\\\/www.teamprofi.de\\\/tsv-steinhoering\\\/produkt\\\/rucksack-classico\"]}]},{\"@type\":\"ImageObject\",\"inLanguage\":\"de\",\"@id\":\"https:\\\/\\\/www.teamprofi.de\\\/tsv-steinhoering\\\/produkt\\\/rucksack-classico#primaryimage\",\"url\":\"https:\\\/\\\/www.teamprofi.de\\\/tsv-steinhoering\\\/wp-content\\\/uploads\\\/sites\\\/3\\\/2020\\\/08\\\/1850_01.jpg\",\"contentUrl\":\"https:\\\/\\\/www.teamprofi.de\\\/tsv-steinhoering\\\/wp-content\\\/uploads\\\/sites\\\/3\\\/2020\\\/08\\\/1850_01.jpg\",\"width\":800,\"height\":800},{\"@type\":\"BreadcrumbList\",\"@id\":\"https:\\\/\\\/www.teamprofi.de\\\/tsv-steinhoering\\\/produkt\\\/rucksack-classico#breadcrumb\",\"itemListElement\":[{\"@type\":\"ListItem\",\"position\":1,\"name\":\"Startseite\",\"item\":\"https:\\\/\\\/www.teamprofi.de\\\/tsv-steinhoering\\\/\"},{\"@type\":\"ListItem\",\"position\":2,\"name\":\"Shop\",\"item\":\"https:\\\/\\\/www.teamprofi.de\\\/tsv-steinhoering\\\/\"},{\"@type\":\"ListItem\",\"position\":3,\"name\":\"Rucksack Classico\"}]},{\"@type\":\"WebSite\",\"@id\":\"https:\\\/\\\/www.teamprofi.de\\\/tsv-steinhoering\\\/#website\",\"url\":\"https:\\\/\\\/www.teamprofi.de\\\/tsv-steinhoering\\\/\",\"name\":\"TSV Steinh\u00f6ring\",\"description\":\"Vereins-Shop - Sport G\u00fcrteler\",\"potentialAction\":[{\"@type\":\"SearchAction\",\"target\":{\"@type\":\"EntryPoint\",\"urlTemplate\":\"https:\\\/\\\/www.teamprofi.de\\\/tsv-steinhoering\\\/?s={search_term_string}\"},\"query-input\":{\"@type\":\"PropertyValueSpecification\",\"valueRequired\":true,\"valueName\":\"search_term_string\"}}],\"inLanguage\":\"de\"}]}<\/script>\n<!-- \/ Yoast SEO plugin. -->","yoast_head_json":{"title":"Rucksack Classico - TSV Steinh\u00f6ring","robots":{"index":"index","follow":"follow","max-snippet":"max-snippet:-1","max-image-preview":"max-image-preview:large","max-video-preview":"max-video-preview:-1"},"canonical":"https:\/\/www.teamprofi.de\/tsv-steinhoering\/produkt\/rucksack-classico","og_locale":"de_DE","og_type":"article","og_title":"Rucksack Classico - TSV Steinh\u00f6ring","og_description":"Der praktische Begleiter f\u00fcr den Alltag. Im Rucksack CLASSICO aus stabilem Polyester-Material kannst Du zahlreiche Gegenst\u00e4nde aufbewahren: Sportsachen, Schuhe und vieles mehr. Das gro\u00dfe Hauptfach mit abtgetrennter Innentasche bietet ausreichend","og_url":"https:\/\/www.teamprofi.de\/tsv-steinhoering\/produkt\/rucksack-classico","og_site_name":"TSV Steinh\u00f6ring","article_modified_time":"2023-02-23T08:41:21+00:00","og_image":[{"width":800,"height":800,"url":"https:\/\/www.teamprofi.de\/tsv-steinhoering\/wp-content\/uploads\/sites\/3\/2020\/08\/1850_01.jpg","type":"image\/jpeg"}],"twitter_card":"summary_large_image","twitter_misc":{"Gesch\u00e4tzte Lesezeit":"1\u00a0Minute"},"schema":{"@context":"https:\/\/schema.org","@graph":[{"@type":"WebPage","@id":"https:\/\/www.teamprofi.de\/tsv-steinhoering\/produkt\/rucksack-classico","url":"https:\/\/www.teamprofi.de\/tsv-steinhoering\/produkt\/rucksack-classico","name":"Rucksack Classico - TSV Steinh\u00f6ring","isPartOf":{"@id":"https:\/\/www.teamprofi.de\/tsv-steinhoering\/#website"},"primaryImageOfPage":{"@id":"https:\/\/www.teamprofi.de\/tsv-steinhoering\/produkt\/rucksack-classico#primaryimage"},"image":{"@id":"https:\/\/www.teamprofi.de\/tsv-steinhoering\/produkt\/rucksack-classico#primaryimage"},"thumbnailUrl":"https:\/\/www.teamprofi.de\/tsv-steinhoering\/wp-content\/uploads\/sites\/3\/2020\/08\/1850_01.jpg","datePublished":"2020-08-06T11:54:10+00:00","dateModified":"2023-02-23T08:41:21+00:00","breadcrumb":{"@id":"https:\/\/www.teamprofi.de\/tsv-steinhoering\/produkt\/rucksack-classico#breadcrumb"},"inLanguage":"de","potentialAction":[{"@type":"ReadAction","target":["https:\/\/www.teamprofi.de\/tsv-steinhoering\/produkt\/rucksack-classico"]}]},{"@type":"ImageObject","inLanguage":"de","@id":"https:\/\/www.teamprofi.de\/tsv-steinhoering\/produkt\/rucksack-classico#primaryimage","url":"https:\/\/www.teamprofi.de\/tsv-steinhoering\/wp-content\/uploads\/sites\/3\/2020\/08\/1850_01.jpg","contentUrl":"https:\/\/www.teamprofi.de\/tsv-steinhoering\/wp-content\/uploads\/sites\/3\/2020\/08\/1850_01.jpg","width":800,"height":800},{"@type":"BreadcrumbList","@id":"https:\/\/www.teamprofi.de\/tsv-steinhoering\/produkt\/rucksack-classico#breadcrumb","itemListElement":[{"@type":"ListItem","position":1,"name":"Startseite","item":"https:\/\/www.teamprofi.de\/tsv-steinhoering\/"},{"@type":"ListItem","position":2,"name":"Shop","item":"https:\/\/www.teamprofi.de\/tsv-steinhoering\/"},{"@type":"ListItem","position":3,"name":"Rucksack Classico"}]},{"@type":"WebSite","@id":"https:\/\/www.teamprofi.de\/tsv-steinhoering\/#website","url":"https:\/\/www.teamprofi.de\/tsv-steinhoering\/","name":"TSV Steinh\u00f6ring","description":"Vereins-Shop - Sport G\u00fcrteler","potentialAction":[{"@type":"SearchAction","target":{"@type":"EntryPoint","urlTemplate":"https:\/\/www.teamprofi.de\/tsv-steinhoering\/?s={search_term_string}"},"query-input":{"@type":"PropertyValueSpecification","valueRequired":true,"valueName":"search_term_string"}}],"inLanguage":"de"}]}},"_links":{"self":[{"href":"https:\/\/www.teamprofi.de\/tsv-steinhoering\/wp-json\/wp\/v2\/product\/518","targetHints":{"allow":["GET"]}}],"collection":[{"href":"https:\/\/www.teamprofi.de\/tsv-steinhoering\/wp-json\/wp\/v2\/product"}],"about":[{"href":"https:\/\/www.teamprofi.de\/tsv-steinhoering\/wp-json\/wp\/v2\/types\/product"}],"wp:featuredmedia":[{"embeddable":true,"href":"https:\/\/www.teamprofi.de\/tsv-steinhoering\/wp-json\/wp\/v2\/media\/519"}],"wp:attachment":[{"href":"https:\/\/www.teamprofi.de\/tsv-steinhoering\/wp-json\/wp\/v2\/media?parent=518"}],"wp:term":[{"taxonomy":"product_brand","embeddable":true,"href":"https:\/\/www.teamprofi.de\/tsv-steinhoering\/wp-json\/wp\/v2\/product_brand?post=518"},{"taxonomy":"product_cat","embeddable":true,"href":"https:\/\/www.teamprofi.de\/tsv-steinhoering\/wp-json\/wp\/v2\/product_cat?post=518"},{"taxonomy":"product_tag","embeddable":true,"href":"https:\/\/www.teamprofi.de\/tsv-steinhoering\/wp-json\/wp\/v2\/product_tag?post=518"}],"curies":[{"name":"wp","href":"https:\/\/api.w.org\/{rel}","templated":true}]}}