{"id":182,"date":"2018-07-04T17:02:14","date_gmt":"2018-07-04T15:02:14","guid":{"rendered":"https:\/\/www.teamprofi.de\/tsv-steinhoering\/?post_type=product&#038;p=182"},"modified":"2024-01-26T10:08:01","modified_gmt":"2024-01-26T09:08:01","slug":"polyesterjacke-champ","status":"publish","type":"product","link":"https:\/\/www.teamprofi.de\/tsv-steinhoering\/produkt\/polyesterjacke-champ","title":{"rendered":"Polyesterjacke Champ 2.0"},"content":{"rendered":"<div id=\"itemcard_right\" class=\"itemcardTopRight col-xs-12 col-md-6 col-lg-5\">\n<div class=\"itemcard_toggle_boxes\">\n<div class=\"slidecontent_itemcard_wrapper active\">\n<div class=\"hl\"><strong>Beschreibung<\/strong><\/div>\n<div><\/div>\n<div class=\"text\">Die Polyesterjacke CHAMP 2.0 ist ein echter Allrounder. Ob im Fu\u00dfballtraining, bei Mannschaftsauftritten oder in deiner Freizeit, mit der Polyesterjacke machst Du immer eine gute Figur. Das Kontrasttape am Nacken, die zweifarbigen Rei\u00dfverschlussanh\u00e4nger und die Kontraststreifen am \u00c4rmel verleihen der Polyesterjacke einen modernen Look. Die Zippergarage und die \u00c4rmel- und Jackenabschl\u00fcsse mit Ripp erh\u00f6hen den Tragekomfort und sorgen f\u00fcr einen perfekten Sitz der Jacke, auch bei sportlichen Aktivit\u00e4ten. Das Shiny-Polyester-Tricot Material ist zugleich robust und pflegeleicht. Au\u00dferdem verleiht es deinem Outfit einen leicht gl\u00e4nzenden Look. Vor allem bei Kindern ist die Polyesterjacke sehr beliebt, da sie diese einfach immer tragen k\u00f6nnen. In den Gr\u00f6\u00dfen von 116 bis 4XL ist f\u00fcr jeden die passende Gr\u00f6\u00dfe dabei. Und mit den 10 verschiedenen Farbvariationen findet auch jeder eine Polyesterjacke, die perfekt zur Vereinsfarbe passt. Der dynamische Look und der sportliche Schnitt der Polyesterjacke CHAMP 2.0 lassen jeden gut aussehen.<\/div>\n<div><\/div>\n<\/div>\n<\/div>\n<div class=\"slidecontent_itemcard_wrapper active\">\n<div class=\"hl\"><strong>Details<\/strong><\/div>\n<div class=\"text\">\n<ul>\n<li>Jacken- und \u00c4rmelabschluss mit Ripp<\/li>\n<li>Performance Label<\/li>\n<li>Kontraststreifen am \u00c4rmel<\/li>\n<li>Shiny-Polyester-Tricot<\/li>\n<li>Kontrast-Tape am Nacken<\/li>\n<\/ul>\n<\/div>\n<\/div>\n<div class=\"slidecontent_itemcard_wrapper active\">\n<div class=\"hl\"><strong>Material<\/strong><\/div>\n<div class=\"text\">\n<ul>\n<li>100 % Polyester<\/li>\n<\/ul>\n<\/div>\n<\/div>\n<div class=\"attributeIcons\"><img decoding=\"async\" title=\"\" src=\"https:\/\/cdn.jako.de\/userdata\/dcshop\/filter_icon\/170931_wash40.png\" alt=\"40\u00b0 waschen\" width=\"37px\" height=\"37px\" data-toggle=\"tooltip\" data-original-title=\"40\u00b0 waschen\" \/><img decoding=\"async\" title=\"\" src=\"https:\/\/cdn.jako.de\/userdata\/dcshop\/filter_icon\/911081_bleach_not.png\" alt=\"nicht chloren\" width=\"37px\" height=\"37px\" data-toggle=\"tooltip\" data-original-title=\"nicht chloren\" \/><img decoding=\"async\" title=\"\" src=\"https:\/\/cdn.jako.de\/userdata\/dcshop\/filter_icon\/848187_tumble_low.png\" alt=\"trocknen niedrige Temperatur\" width=\"37px\" height=\"37px\" data-toggle=\"tooltip\" data-original-title=\"trocknen niedrige Temperatur\" \/><img decoding=\"async\" title=\"\" src=\"https:\/\/cdn.jako.de\/userdata\/dcshop\/filter_icon\/438269_iron_low.png\" alt=\"b\u00fcgeln niedrige Temperatur\" width=\"37px\" height=\"37px\" data-toggle=\"tooltip\" data-original-title=\"b\u00fcgeln niedrige Temperatur\" \/><img decoding=\"async\" class=\"\" title=\"\" src=\"https:\/\/cdn.jako.de\/userdata\/dcshop\/filter_icon\/591149_clean_not.png\" alt=\"nicht chemisch reinigen\" width=\"37px\" height=\"37px\" data-toggle=\"tooltip\" data-original-title=\"nicht chemisch reinigen\" \/><\/div>\n<\/div>\n","protected":false},"excerpt":{"rendered":"<p>Beschreibung Die Polyesterjacke CHAMP 2.0 ist ein echter Allrounder. Ob im Fu\u00dfballtraining, bei Mannschaftsauftritten oder in deiner Freizeit, mit der Polyesterjacke machst Du immer eine gute Figur. Das Kontrasttape am<\/p>\n","protected":false},"featured_media":31,"template":"","meta":{"inline_featured_image":false,"rs_blank_template":"","rs_page_bg_color":"","slide_template_v7":""},"product_brand":[],"product_cat":[129],"product_tag":[],"class_list":{"0":"post-182","1":"product","2":"type-product","3":"status-publish","4":"has-post-thumbnail","6":"product_cat-teamsport","8":"first","9":"instock","10":"taxable","11":"shipping-taxable","12":"purchasable","13":"product-type-variable"},"yoast_head":"<!-- This site is optimized with the Yoast SEO plugin v27.3 - https:\/\/yoast.com\/product\/yoast-seo-wordpress\/ -->\n<title>Polyesterjacke Champ 2.0 - TSV Steinh\u00f6ring<\/title>\n<meta name=\"robots\" content=\"index, follow, max-snippet:-1, max-image-preview:large, max-video-preview:-1\" \/>\n<link rel=\"canonical\" href=\"https:\/\/www.teamprofi.de\/tsv-steinhoering\/produkt\/polyesterjacke-champ\" \/>\n<meta property=\"og:locale\" content=\"de_DE\" \/>\n<meta property=\"og:type\" content=\"article\" \/>\n<meta property=\"og:title\" content=\"Polyesterjacke Champ 2.0 - TSV Steinh\u00f6ring\" \/>\n<meta property=\"og:description\" content=\"Beschreibung Die Polyesterjacke CHAMP 2.0 ist ein echter Allrounder. Ob im Fu\u00dfballtraining, bei Mannschaftsauftritten oder in deiner Freizeit, mit der Polyesterjacke machst Du immer eine gute Figur. Das Kontrasttape am\" \/>\n<meta property=\"og:url\" content=\"https:\/\/www.teamprofi.de\/tsv-steinhoering\/produkt\/polyesterjacke-champ\" \/>\n<meta property=\"og:site_name\" content=\"TSV Steinh\u00f6ring\" \/>\n<meta property=\"article:modified_time\" content=\"2024-01-26T09:08:01+00:00\" \/>\n<meta property=\"og:image\" content=\"https:\/\/www.teamprofi.de\/tsv-steinhoering\/wp-content\/uploads\/sites\/3\/2017\/09\/Polyesterjacke-9317-01.jpg\" \/>\n\t<meta property=\"og:image:width\" content=\"1500\" \/>\n\t<meta property=\"og:image:height\" content=\"1500\" \/>\n\t<meta property=\"og:image:type\" content=\"image\/jpeg\" \/>\n<meta name=\"twitter:card\" content=\"summary_large_image\" \/>\n<meta name=\"twitter:label1\" content=\"Gesch\u00e4tzte Lesezeit\" \/>\n\t<meta name=\"twitter:data1\" content=\"1\u00a0Minute\" \/>\n<script type=\"application\/ld+json\" class=\"yoast-schema-graph\">{\"@context\":\"https:\\\/\\\/schema.org\",\"@graph\":[{\"@type\":\"WebPage\",\"@id\":\"https:\\\/\\\/www.teamprofi.de\\\/tsv-steinhoering\\\/produkt\\\/polyesterjacke-champ\",\"url\":\"https:\\\/\\\/www.teamprofi.de\\\/tsv-steinhoering\\\/produkt\\\/polyesterjacke-champ\",\"name\":\"Polyesterjacke Champ 2.0 - TSV Steinh\u00f6ring\",\"isPartOf\":{\"@id\":\"https:\\\/\\\/www.teamprofi.de\\\/tsv-steinhoering\\\/#website\"},\"primaryImageOfPage\":{\"@id\":\"https:\\\/\\\/www.teamprofi.de\\\/tsv-steinhoering\\\/produkt\\\/polyesterjacke-champ#primaryimage\"},\"image\":{\"@id\":\"https:\\\/\\\/www.teamprofi.de\\\/tsv-steinhoering\\\/produkt\\\/polyesterjacke-champ#primaryimage\"},\"thumbnailUrl\":\"https:\\\/\\\/www.teamprofi.de\\\/tsv-steinhoering\\\/wp-content\\\/uploads\\\/sites\\\/3\\\/2017\\\/09\\\/Polyesterjacke-9317-01.jpg\",\"datePublished\":\"2018-07-04T15:02:14+00:00\",\"dateModified\":\"2024-01-26T09:08:01+00:00\",\"breadcrumb\":{\"@id\":\"https:\\\/\\\/www.teamprofi.de\\\/tsv-steinhoering\\\/produkt\\\/polyesterjacke-champ#breadcrumb\"},\"inLanguage\":\"de\",\"potentialAction\":[{\"@type\":\"ReadAction\",\"target\":[\"https:\\\/\\\/www.teamprofi.de\\\/tsv-steinhoering\\\/produkt\\\/polyesterjacke-champ\"]}]},{\"@type\":\"ImageObject\",\"inLanguage\":\"de\",\"@id\":\"https:\\\/\\\/www.teamprofi.de\\\/tsv-steinhoering\\\/produkt\\\/polyesterjacke-champ#primaryimage\",\"url\":\"https:\\\/\\\/www.teamprofi.de\\\/tsv-steinhoering\\\/wp-content\\\/uploads\\\/sites\\\/3\\\/2017\\\/09\\\/Polyesterjacke-9317-01.jpg\",\"contentUrl\":\"https:\\\/\\\/www.teamprofi.de\\\/tsv-steinhoering\\\/wp-content\\\/uploads\\\/sites\\\/3\\\/2017\\\/09\\\/Polyesterjacke-9317-01.jpg\",\"width\":1500,\"height\":1500},{\"@type\":\"BreadcrumbList\",\"@id\":\"https:\\\/\\\/www.teamprofi.de\\\/tsv-steinhoering\\\/produkt\\\/polyesterjacke-champ#breadcrumb\",\"itemListElement\":[{\"@type\":\"ListItem\",\"position\":1,\"name\":\"Startseite\",\"item\":\"https:\\\/\\\/www.teamprofi.de\\\/tsv-steinhoering\\\/\"},{\"@type\":\"ListItem\",\"position\":2,\"name\":\"Shop\",\"item\":\"https:\\\/\\\/www.teamprofi.de\\\/tsv-steinhoering\\\/\"},{\"@type\":\"ListItem\",\"position\":3,\"name\":\"Polyesterjacke Champ 2.0\"}]},{\"@type\":\"WebSite\",\"@id\":\"https:\\\/\\\/www.teamprofi.de\\\/tsv-steinhoering\\\/#website\",\"url\":\"https:\\\/\\\/www.teamprofi.de\\\/tsv-steinhoering\\\/\",\"name\":\"TSV Steinh\u00f6ring\",\"description\":\"Vereins-Shop - Sport G\u00fcrteler\",\"potentialAction\":[{\"@type\":\"SearchAction\",\"target\":{\"@type\":\"EntryPoint\",\"urlTemplate\":\"https:\\\/\\\/www.teamprofi.de\\\/tsv-steinhoering\\\/?s={search_term_string}\"},\"query-input\":{\"@type\":\"PropertyValueSpecification\",\"valueRequired\":true,\"valueName\":\"search_term_string\"}}],\"inLanguage\":\"de\"}]}<\/script>\n<!-- \/ Yoast SEO plugin. -->","yoast_head_json":{"title":"Polyesterjacke Champ 2.0 - TSV Steinh\u00f6ring","robots":{"index":"index","follow":"follow","max-snippet":"max-snippet:-1","max-image-preview":"max-image-preview:large","max-video-preview":"max-video-preview:-1"},"canonical":"https:\/\/www.teamprofi.de\/tsv-steinhoering\/produkt\/polyesterjacke-champ","og_locale":"de_DE","og_type":"article","og_title":"Polyesterjacke Champ 2.0 - TSV Steinh\u00f6ring","og_description":"Beschreibung Die Polyesterjacke CHAMP 2.0 ist ein echter Allrounder. Ob im Fu\u00dfballtraining, bei Mannschaftsauftritten oder in deiner Freizeit, mit der Polyesterjacke machst Du immer eine gute Figur. Das Kontrasttape am","og_url":"https:\/\/www.teamprofi.de\/tsv-steinhoering\/produkt\/polyesterjacke-champ","og_site_name":"TSV Steinh\u00f6ring","article_modified_time":"2024-01-26T09:08:01+00:00","og_image":[{"width":1500,"height":1500,"url":"https:\/\/www.teamprofi.de\/tsv-steinhoering\/wp-content\/uploads\/sites\/3\/2017\/09\/Polyesterjacke-9317-01.jpg","type":"image\/jpeg"}],"twitter_card":"summary_large_image","twitter_misc":{"Gesch\u00e4tzte Lesezeit":"1\u00a0Minute"},"schema":{"@context":"https:\/\/schema.org","@graph":[{"@type":"WebPage","@id":"https:\/\/www.teamprofi.de\/tsv-steinhoering\/produkt\/polyesterjacke-champ","url":"https:\/\/www.teamprofi.de\/tsv-steinhoering\/produkt\/polyesterjacke-champ","name":"Polyesterjacke Champ 2.0 - TSV Steinh\u00f6ring","isPartOf":{"@id":"https:\/\/www.teamprofi.de\/tsv-steinhoering\/#website"},"primaryImageOfPage":{"@id":"https:\/\/www.teamprofi.de\/tsv-steinhoering\/produkt\/polyesterjacke-champ#primaryimage"},"image":{"@id":"https:\/\/www.teamprofi.de\/tsv-steinhoering\/produkt\/polyesterjacke-champ#primaryimage"},"thumbnailUrl":"https:\/\/www.teamprofi.de\/tsv-steinhoering\/wp-content\/uploads\/sites\/3\/2017\/09\/Polyesterjacke-9317-01.jpg","datePublished":"2018-07-04T15:02:14+00:00","dateModified":"2024-01-26T09:08:01+00:00","breadcrumb":{"@id":"https:\/\/www.teamprofi.de\/tsv-steinhoering\/produkt\/polyesterjacke-champ#breadcrumb"},"inLanguage":"de","potentialAction":[{"@type":"ReadAction","target":["https:\/\/www.teamprofi.de\/tsv-steinhoering\/produkt\/polyesterjacke-champ"]}]},{"@type":"ImageObject","inLanguage":"de","@id":"https:\/\/www.teamprofi.de\/tsv-steinhoering\/produkt\/polyesterjacke-champ#primaryimage","url":"https:\/\/www.teamprofi.de\/tsv-steinhoering\/wp-content\/uploads\/sites\/3\/2017\/09\/Polyesterjacke-9317-01.jpg","contentUrl":"https:\/\/www.teamprofi.de\/tsv-steinhoering\/wp-content\/uploads\/sites\/3\/2017\/09\/Polyesterjacke-9317-01.jpg","width":1500,"height":1500},{"@type":"BreadcrumbList","@id":"https:\/\/www.teamprofi.de\/tsv-steinhoering\/produkt\/polyesterjacke-champ#breadcrumb","itemListElement":[{"@type":"ListItem","position":1,"name":"Startseite","item":"https:\/\/www.teamprofi.de\/tsv-steinhoering\/"},{"@type":"ListItem","position":2,"name":"Shop","item":"https:\/\/www.teamprofi.de\/tsv-steinhoering\/"},{"@type":"ListItem","position":3,"name":"Polyesterjacke Champ 2.0"}]},{"@type":"WebSite","@id":"https:\/\/www.teamprofi.de\/tsv-steinhoering\/#website","url":"https:\/\/www.teamprofi.de\/tsv-steinhoering\/","name":"TSV Steinh\u00f6ring","description":"Vereins-Shop - Sport G\u00fcrteler","potentialAction":[{"@type":"SearchAction","target":{"@type":"EntryPoint","urlTemplate":"https:\/\/www.teamprofi.de\/tsv-steinhoering\/?s={search_term_string}"},"query-input":{"@type":"PropertyValueSpecification","valueRequired":true,"valueName":"search_term_string"}}],"inLanguage":"de"}]}},"_links":{"self":[{"href":"https:\/\/www.teamprofi.de\/tsv-steinhoering\/wp-json\/wp\/v2\/product\/182","targetHints":{"allow":["GET"]}}],"collection":[{"href":"https:\/\/www.teamprofi.de\/tsv-steinhoering\/wp-json\/wp\/v2\/product"}],"about":[{"href":"https:\/\/www.teamprofi.de\/tsv-steinhoering\/wp-json\/wp\/v2\/types\/product"}],"wp:featuredmedia":[{"embeddable":true,"href":"https:\/\/www.teamprofi.de\/tsv-steinhoering\/wp-json\/wp\/v2\/media\/31"}],"wp:attachment":[{"href":"https:\/\/www.teamprofi.de\/tsv-steinhoering\/wp-json\/wp\/v2\/media?parent=182"}],"wp:term":[{"taxonomy":"product_brand","embeddable":true,"href":"https:\/\/www.teamprofi.de\/tsv-steinhoering\/wp-json\/wp\/v2\/product_brand?post=182"},{"taxonomy":"product_cat","embeddable":true,"href":"https:\/\/www.teamprofi.de\/tsv-steinhoering\/wp-json\/wp\/v2\/product_cat?post=182"},{"taxonomy":"product_tag","embeddable":true,"href":"https:\/\/www.teamprofi.de\/tsv-steinhoering\/wp-json\/wp\/v2\/product_tag?post=182"}],"curies":[{"name":"wp","href":"https:\/\/api.w.org\/{rel}","templated":true}]}}