{"id":132,"date":"2017-09-05T20:11:18","date_gmt":"2017-09-05T18:11:18","guid":{"rendered":"https:\/\/www.teamprofi.de\/tsv-steinhoering\/?post_type=product&#038;p=132"},"modified":"2023-02-23T09:39:32","modified_gmt":"2023-02-23T08:39:32","slug":"sporttasche-classico","status":"publish","type":"product","link":"https:\/\/www.teamprofi.de\/tsv-steinhoering\/produkt\/sporttasche-classico","title":{"rendered":"Sporttasche Classico"},"content":{"rendered":"<p>Den Allesk\u00f6nner unter den Sporttaschen gibt es auch in einer Variante mit Bodenfach. Perfekt f\u00fcr die Fu\u00dfballstiefel geeignet lassen sich unterhalb des ger\u00e4umigen Hauptfaches mit umlaufendem 2-Wege-Rei\u00dfverschluss schmutzige Schuhe getrennt von den Textilien aufbewahren. Nat\u00fcrlich hat diese Tasche die praktische Meshbag auf der linken Seite integriert. Der gr\u00f6\u00dfenverstellbare Schultergurt eignet sich perfekt f\u00fcr individuelle Einstellungen beim Tragen.<\/p>\n","protected":false},"excerpt":{"rendered":"<p>Den Allesk\u00f6nner unter den Sporttaschen gibt es auch in einer Variante mit Bodenfach. Perfekt f\u00fcr die Fu\u00dfballstiefel geeignet lassen sich unterhalb des ger\u00e4umigen Hauptfaches mit umlaufendem 2-Wege-Rei\u00dfverschluss schmutzige Schuhe getrennt<\/p>\n","protected":false},"featured_media":34,"template":"","meta":{"inline_featured_image":false,"rs_blank_template":"","rs_page_bg_color":"","slide_template_v7":""},"product_brand":[],"product_cat":[129],"product_tag":[],"class_list":{"0":"post-132","1":"product","2":"type-product","3":"status-publish","4":"has-post-thumbnail","6":"product_cat-teamsport","8":"first","9":"instock","10":"taxable","11":"shipping-taxable","12":"purchasable","13":"product-type-variable"},"yoast_head":"<!-- This site is optimized with the Yoast SEO plugin v27.3 - https:\/\/yoast.com\/product\/yoast-seo-wordpress\/ -->\n<title>Sporttasche Classico - TSV Steinh\u00f6ring<\/title>\n<meta name=\"robots\" content=\"index, follow, max-snippet:-1, max-image-preview:large, max-video-preview:-1\" \/>\n<link rel=\"canonical\" href=\"https:\/\/www.teamprofi.de\/tsv-steinhoering\/produkt\/sporttasche-classico\" \/>\n<meta property=\"og:locale\" content=\"de_DE\" \/>\n<meta property=\"og:type\" content=\"article\" \/>\n<meta property=\"og:title\" content=\"Sporttasche Classico - TSV Steinh\u00f6ring\" \/>\n<meta property=\"og:description\" content=\"Den Allesk\u00f6nner unter den Sporttaschen gibt es auch in einer Variante mit Bodenfach. Perfekt f\u00fcr die Fu\u00dfballstiefel geeignet lassen sich unterhalb des ger\u00e4umigen Hauptfaches mit umlaufendem 2-Wege-Rei\u00dfverschluss schmutzige Schuhe getrennt\" \/>\n<meta property=\"og:url\" content=\"https:\/\/www.teamprofi.de\/tsv-steinhoering\/produkt\/sporttasche-classico\" \/>\n<meta property=\"og:site_name\" content=\"TSV Steinh\u00f6ring\" \/>\n<meta property=\"article:modified_time\" content=\"2023-02-23T08:39:32+00:00\" \/>\n<meta property=\"og:image\" content=\"https:\/\/www.teamprofi.de\/tsv-steinhoering\/wp-content\/uploads\/sites\/3\/2017\/09\/Sporttasche.jpg\" \/>\n\t<meta property=\"og:image:width\" content=\"1500\" \/>\n\t<meta property=\"og:image:height\" content=\"1500\" \/>\n\t<meta property=\"og:image:type\" content=\"image\/jpeg\" \/>\n<meta name=\"twitter:card\" content=\"summary_large_image\" \/>\n<script type=\"application\/ld+json\" class=\"yoast-schema-graph\">{\"@context\":\"https:\\\/\\\/schema.org\",\"@graph\":[{\"@type\":\"WebPage\",\"@id\":\"https:\\\/\\\/www.teamprofi.de\\\/tsv-steinhoering\\\/produkt\\\/sporttasche-classico\",\"url\":\"https:\\\/\\\/www.teamprofi.de\\\/tsv-steinhoering\\\/produkt\\\/sporttasche-classico\",\"name\":\"Sporttasche Classico - TSV Steinh\u00f6ring\",\"isPartOf\":{\"@id\":\"https:\\\/\\\/www.teamprofi.de\\\/tsv-steinhoering\\\/#website\"},\"primaryImageOfPage\":{\"@id\":\"https:\\\/\\\/www.teamprofi.de\\\/tsv-steinhoering\\\/produkt\\\/sporttasche-classico#primaryimage\"},\"image\":{\"@id\":\"https:\\\/\\\/www.teamprofi.de\\\/tsv-steinhoering\\\/produkt\\\/sporttasche-classico#primaryimage\"},\"thumbnailUrl\":\"https:\\\/\\\/www.teamprofi.de\\\/tsv-steinhoering\\\/wp-content\\\/uploads\\\/sites\\\/3\\\/2017\\\/09\\\/Sporttasche.jpg\",\"datePublished\":\"2017-09-05T18:11:18+00:00\",\"dateModified\":\"2023-02-23T08:39:32+00:00\",\"breadcrumb\":{\"@id\":\"https:\\\/\\\/www.teamprofi.de\\\/tsv-steinhoering\\\/produkt\\\/sporttasche-classico#breadcrumb\"},\"inLanguage\":\"de\",\"potentialAction\":[{\"@type\":\"ReadAction\",\"target\":[\"https:\\\/\\\/www.teamprofi.de\\\/tsv-steinhoering\\\/produkt\\\/sporttasche-classico\"]}]},{\"@type\":\"ImageObject\",\"inLanguage\":\"de\",\"@id\":\"https:\\\/\\\/www.teamprofi.de\\\/tsv-steinhoering\\\/produkt\\\/sporttasche-classico#primaryimage\",\"url\":\"https:\\\/\\\/www.teamprofi.de\\\/tsv-steinhoering\\\/wp-content\\\/uploads\\\/sites\\\/3\\\/2017\\\/09\\\/Sporttasche.jpg\",\"contentUrl\":\"https:\\\/\\\/www.teamprofi.de\\\/tsv-steinhoering\\\/wp-content\\\/uploads\\\/sites\\\/3\\\/2017\\\/09\\\/Sporttasche.jpg\",\"width\":1500,\"height\":1500},{\"@type\":\"BreadcrumbList\",\"@id\":\"https:\\\/\\\/www.teamprofi.de\\\/tsv-steinhoering\\\/produkt\\\/sporttasche-classico#breadcrumb\",\"itemListElement\":[{\"@type\":\"ListItem\",\"position\":1,\"name\":\"Startseite\",\"item\":\"https:\\\/\\\/www.teamprofi.de\\\/tsv-steinhoering\\\/\"},{\"@type\":\"ListItem\",\"position\":2,\"name\":\"Shop\",\"item\":\"https:\\\/\\\/www.teamprofi.de\\\/tsv-steinhoering\\\/\"},{\"@type\":\"ListItem\",\"position\":3,\"name\":\"Sporttasche Classico\"}]},{\"@type\":\"WebSite\",\"@id\":\"https:\\\/\\\/www.teamprofi.de\\\/tsv-steinhoering\\\/#website\",\"url\":\"https:\\\/\\\/www.teamprofi.de\\\/tsv-steinhoering\\\/\",\"name\":\"TSV Steinh\u00f6ring\",\"description\":\"Vereins-Shop - Sport G\u00fcrteler\",\"potentialAction\":[{\"@type\":\"SearchAction\",\"target\":{\"@type\":\"EntryPoint\",\"urlTemplate\":\"https:\\\/\\\/www.teamprofi.de\\\/tsv-steinhoering\\\/?s={search_term_string}\"},\"query-input\":{\"@type\":\"PropertyValueSpecification\",\"valueRequired\":true,\"valueName\":\"search_term_string\"}}],\"inLanguage\":\"de\"}]}<\/script>\n<!-- \/ Yoast SEO plugin. -->","yoast_head_json":{"title":"Sporttasche Classico - TSV Steinh\u00f6ring","robots":{"index":"index","follow":"follow","max-snippet":"max-snippet:-1","max-image-preview":"max-image-preview:large","max-video-preview":"max-video-preview:-1"},"canonical":"https:\/\/www.teamprofi.de\/tsv-steinhoering\/produkt\/sporttasche-classico","og_locale":"de_DE","og_type":"article","og_title":"Sporttasche Classico - TSV Steinh\u00f6ring","og_description":"Den Allesk\u00f6nner unter den Sporttaschen gibt es auch in einer Variante mit Bodenfach. Perfekt f\u00fcr die Fu\u00dfballstiefel geeignet lassen sich unterhalb des ger\u00e4umigen Hauptfaches mit umlaufendem 2-Wege-Rei\u00dfverschluss schmutzige Schuhe getrennt","og_url":"https:\/\/www.teamprofi.de\/tsv-steinhoering\/produkt\/sporttasche-classico","og_site_name":"TSV Steinh\u00f6ring","article_modified_time":"2023-02-23T08:39:32+00:00","og_image":[{"width":1500,"height":1500,"url":"https:\/\/www.teamprofi.de\/tsv-steinhoering\/wp-content\/uploads\/sites\/3\/2017\/09\/Sporttasche.jpg","type":"image\/jpeg"}],"twitter_card":"summary_large_image","schema":{"@context":"https:\/\/schema.org","@graph":[{"@type":"WebPage","@id":"https:\/\/www.teamprofi.de\/tsv-steinhoering\/produkt\/sporttasche-classico","url":"https:\/\/www.teamprofi.de\/tsv-steinhoering\/produkt\/sporttasche-classico","name":"Sporttasche Classico - TSV Steinh\u00f6ring","isPartOf":{"@id":"https:\/\/www.teamprofi.de\/tsv-steinhoering\/#website"},"primaryImageOfPage":{"@id":"https:\/\/www.teamprofi.de\/tsv-steinhoering\/produkt\/sporttasche-classico#primaryimage"},"image":{"@id":"https:\/\/www.teamprofi.de\/tsv-steinhoering\/produkt\/sporttasche-classico#primaryimage"},"thumbnailUrl":"https:\/\/www.teamprofi.de\/tsv-steinhoering\/wp-content\/uploads\/sites\/3\/2017\/09\/Sporttasche.jpg","datePublished":"2017-09-05T18:11:18+00:00","dateModified":"2023-02-23T08:39:32+00:00","breadcrumb":{"@id":"https:\/\/www.teamprofi.de\/tsv-steinhoering\/produkt\/sporttasche-classico#breadcrumb"},"inLanguage":"de","potentialAction":[{"@type":"ReadAction","target":["https:\/\/www.teamprofi.de\/tsv-steinhoering\/produkt\/sporttasche-classico"]}]},{"@type":"ImageObject","inLanguage":"de","@id":"https:\/\/www.teamprofi.de\/tsv-steinhoering\/produkt\/sporttasche-classico#primaryimage","url":"https:\/\/www.teamprofi.de\/tsv-steinhoering\/wp-content\/uploads\/sites\/3\/2017\/09\/Sporttasche.jpg","contentUrl":"https:\/\/www.teamprofi.de\/tsv-steinhoering\/wp-content\/uploads\/sites\/3\/2017\/09\/Sporttasche.jpg","width":1500,"height":1500},{"@type":"BreadcrumbList","@id":"https:\/\/www.teamprofi.de\/tsv-steinhoering\/produkt\/sporttasche-classico#breadcrumb","itemListElement":[{"@type":"ListItem","position":1,"name":"Startseite","item":"https:\/\/www.teamprofi.de\/tsv-steinhoering\/"},{"@type":"ListItem","position":2,"name":"Shop","item":"https:\/\/www.teamprofi.de\/tsv-steinhoering\/"},{"@type":"ListItem","position":3,"name":"Sporttasche Classico"}]},{"@type":"WebSite","@id":"https:\/\/www.teamprofi.de\/tsv-steinhoering\/#website","url":"https:\/\/www.teamprofi.de\/tsv-steinhoering\/","name":"TSV Steinh\u00f6ring","description":"Vereins-Shop - Sport G\u00fcrteler","potentialAction":[{"@type":"SearchAction","target":{"@type":"EntryPoint","urlTemplate":"https:\/\/www.teamprofi.de\/tsv-steinhoering\/?s={search_term_string}"},"query-input":{"@type":"PropertyValueSpecification","valueRequired":true,"valueName":"search_term_string"}}],"inLanguage":"de"}]}},"_links":{"self":[{"href":"https:\/\/www.teamprofi.de\/tsv-steinhoering\/wp-json\/wp\/v2\/product\/132","targetHints":{"allow":["GET"]}}],"collection":[{"href":"https:\/\/www.teamprofi.de\/tsv-steinhoering\/wp-json\/wp\/v2\/product"}],"about":[{"href":"https:\/\/www.teamprofi.de\/tsv-steinhoering\/wp-json\/wp\/v2\/types\/product"}],"wp:featuredmedia":[{"embeddable":true,"href":"https:\/\/www.teamprofi.de\/tsv-steinhoering\/wp-json\/wp\/v2\/media\/34"}],"wp:attachment":[{"href":"https:\/\/www.teamprofi.de\/tsv-steinhoering\/wp-json\/wp\/v2\/media?parent=132"}],"wp:term":[{"taxonomy":"product_brand","embeddable":true,"href":"https:\/\/www.teamprofi.de\/tsv-steinhoering\/wp-json\/wp\/v2\/product_brand?post=132"},{"taxonomy":"product_cat","embeddable":true,"href":"https:\/\/www.teamprofi.de\/tsv-steinhoering\/wp-json\/wp\/v2\/product_cat?post=132"},{"taxonomy":"product_tag","embeddable":true,"href":"https:\/\/www.teamprofi.de\/tsv-steinhoering\/wp-json\/wp\/v2\/product_tag?post=132"}],"curies":[{"name":"wp","href":"https:\/\/api.w.org\/{rel}","templated":true}]}}