{"id":2104,"date":"2024-01-09T16:49:11","date_gmt":"2024-01-09T15:49:11","guid":{"rendered":"https:\/\/www.teamprofi.de\/tsv-schaeftlarn\/?post_type=product&#038;p=2104"},"modified":"2024-02-02T09:55:25","modified_gmt":"2024-02-02T08:55:25","slug":"sg-trainingsset-mit-tasche","status":"publish","type":"product","link":"https:\/\/www.teamprofi.de\/tsv-schaeftlarn\/produkt\/sg-trainingsset-mit-tasche","title":{"rendered":"Trainingsset mit Tasche"},"content":{"rendered":"<p>Dieses Trainingsset besteht aus folgenden Artikeln:<\/p>\n<ul>\n<li>Teambag M BC<\/li>\n<li>teamGOAL Training Jersey<\/li>\n<li>teamGOAL 1\/4 ZipTop<\/li>\n<li>LIGA Training Shorts<\/li>\n<li>RISE Training Pants<\/li>\n<\/ul>\n<p>&nbsp;<\/p>\n","protected":false},"excerpt":{"rendered":"<p>Dieses Trainingsset besteht aus folgenden Artikeln: Teambag M BC teamGOAL Training Jersey teamGOAL 1\/4 ZipTop LIGA Training Shorts RISE Training Pants &nbsp;<\/p>\n","protected":false},"featured_media":2202,"template":"","meta":{"inline_featured_image":false},"product_brand":[],"product_cat":[138],"product_tag":[],"class_list":{"0":"post-2104","1":"product","2":"type-product","3":"status-publish","4":"has-post-thumbnail","6":"product_cat-teamsport_tsvs","8":"first","9":"instock","10":"taxable","11":"shipping-taxable","12":"purchasable","13":"product-type-variable"},"yoast_head":"<!-- This site is optimized with the Yoast SEO plugin v27.3 - https:\/\/yoast.com\/product\/yoast-seo-wordpress\/ -->\n<title>Trainingsset mit Tasche - TSV Sch\u00e4ftlarn | SG Baierbrunn Sch\u00e4ftlarn<\/title>\n<meta name=\"robots\" content=\"index, follow, max-snippet:-1, max-image-preview:large, max-video-preview:-1\" \/>\n<link rel=\"canonical\" href=\"https:\/\/www.teamprofi.de\/tsv-schaeftlarn\/produkt\/sg-trainingsset-mit-tasche\" \/>\n<meta property=\"og:locale\" content=\"de_DE\" \/>\n<meta property=\"og:type\" content=\"article\" \/>\n<meta property=\"og:title\" content=\"Trainingsset mit Tasche - TSV Sch\u00e4ftlarn | SG Baierbrunn Sch\u00e4ftlarn\" \/>\n<meta property=\"og:description\" content=\"Dieses Trainingsset besteht aus folgenden Artikeln: Teambag M BC teamGOAL Training Jersey teamGOAL 1\/4 ZipTop LIGA Training Shorts RISE Training Pants &nbsp;\" \/>\n<meta property=\"og:url\" content=\"https:\/\/www.teamprofi.de\/tsv-schaeftlarn\/produkt\/sg-trainingsset-mit-tasche\" \/>\n<meta property=\"og:site_name\" content=\"TSV Sch\u00e4ftlarn | SG Baierbrunn Sch\u00e4ftlarn\" \/>\n<meta property=\"article:modified_time\" content=\"2024-02-02T08:55:25+00:00\" \/>\n<meta property=\"og:image\" content=\"https:\/\/www.teamprofi.de\/tsv-schaeftlarn\/wp-content\/uploads\/sites\/6\/2024\/01\/Trainingsset-TSV-Schaeftlarn.jpg\" \/>\n\t<meta property=\"og:image:width\" content=\"2647\" \/>\n\t<meta property=\"og:image:height\" content=\"3462\" \/>\n\t<meta property=\"og:image:type\" content=\"image\/jpeg\" \/>\n<meta name=\"twitter:card\" content=\"summary_large_image\" \/>\n<script type=\"application\/ld+json\" class=\"yoast-schema-graph\">{\"@context\":\"https:\\\/\\\/schema.org\",\"@graph\":[{\"@type\":\"WebPage\",\"@id\":\"https:\\\/\\\/www.teamprofi.de\\\/tsv-schaeftlarn\\\/produkt\\\/sg-trainingsset-mit-tasche\",\"url\":\"https:\\\/\\\/www.teamprofi.de\\\/tsv-schaeftlarn\\\/produkt\\\/sg-trainingsset-mit-tasche\",\"name\":\"Trainingsset mit Tasche - TSV Sch\u00e4ftlarn | SG Baierbrunn Sch\u00e4ftlarn\",\"isPartOf\":{\"@id\":\"https:\\\/\\\/www.teamprofi.de\\\/tsv-schaeftlarn\\\/#website\"},\"primaryImageOfPage\":{\"@id\":\"https:\\\/\\\/www.teamprofi.de\\\/tsv-schaeftlarn\\\/produkt\\\/sg-trainingsset-mit-tasche#primaryimage\"},\"image\":{\"@id\":\"https:\\\/\\\/www.teamprofi.de\\\/tsv-schaeftlarn\\\/produkt\\\/sg-trainingsset-mit-tasche#primaryimage\"},\"thumbnailUrl\":\"https:\\\/\\\/www.teamprofi.de\\\/tsv-schaeftlarn\\\/wp-content\\\/uploads\\\/sites\\\/6\\\/2024\\\/01\\\/Trainingsset-TSV-Schaeftlarn.jpg\",\"datePublished\":\"2024-01-09T15:49:11+00:00\",\"dateModified\":\"2024-02-02T08:55:25+00:00\",\"breadcrumb\":{\"@id\":\"https:\\\/\\\/www.teamprofi.de\\\/tsv-schaeftlarn\\\/produkt\\\/sg-trainingsset-mit-tasche#breadcrumb\"},\"inLanguage\":\"de\",\"potentialAction\":[{\"@type\":\"ReadAction\",\"target\":[\"https:\\\/\\\/www.teamprofi.de\\\/tsv-schaeftlarn\\\/produkt\\\/sg-trainingsset-mit-tasche\"]}]},{\"@type\":\"ImageObject\",\"inLanguage\":\"de\",\"@id\":\"https:\\\/\\\/www.teamprofi.de\\\/tsv-schaeftlarn\\\/produkt\\\/sg-trainingsset-mit-tasche#primaryimage\",\"url\":\"https:\\\/\\\/www.teamprofi.de\\\/tsv-schaeftlarn\\\/wp-content\\\/uploads\\\/sites\\\/6\\\/2024\\\/01\\\/Trainingsset-TSV-Schaeftlarn.jpg\",\"contentUrl\":\"https:\\\/\\\/www.teamprofi.de\\\/tsv-schaeftlarn\\\/wp-content\\\/uploads\\\/sites\\\/6\\\/2024\\\/01\\\/Trainingsset-TSV-Schaeftlarn.jpg\",\"width\":2647,\"height\":3462},{\"@type\":\"BreadcrumbList\",\"@id\":\"https:\\\/\\\/www.teamprofi.de\\\/tsv-schaeftlarn\\\/produkt\\\/sg-trainingsset-mit-tasche#breadcrumb\",\"itemListElement\":[{\"@type\":\"ListItem\",\"position\":1,\"name\":\"Startseite\",\"item\":\"https:\\\/\\\/www.teamprofi.de\\\/tsv-schaeftlarn\\\/\"},{\"@type\":\"ListItem\",\"position\":2,\"name\":\"Shop\",\"item\":\"https:\\\/\\\/www.teamprofi.de\\\/tsv-schaeftlarn\\\/shop\"},{\"@type\":\"ListItem\",\"position\":3,\"name\":\"Trainingsset mit Tasche\"}]},{\"@type\":\"WebSite\",\"@id\":\"https:\\\/\\\/www.teamprofi.de\\\/tsv-schaeftlarn\\\/#website\",\"url\":\"https:\\\/\\\/www.teamprofi.de\\\/tsv-schaeftlarn\\\/\",\"name\":\"TSV Sch\u00e4ftlarn | SG Baierbrunn Sch\u00e4ftlarn\",\"description\":\"Vereins-Shop - Sport G\u00fcrteler\",\"potentialAction\":[{\"@type\":\"SearchAction\",\"target\":{\"@type\":\"EntryPoint\",\"urlTemplate\":\"https:\\\/\\\/www.teamprofi.de\\\/tsv-schaeftlarn\\\/?s={search_term_string}\"},\"query-input\":{\"@type\":\"PropertyValueSpecification\",\"valueRequired\":true,\"valueName\":\"search_term_string\"}}],\"inLanguage\":\"de\"}]}<\/script>\n<!-- \/ Yoast SEO plugin. -->","yoast_head_json":{"title":"Trainingsset mit Tasche - TSV Sch\u00e4ftlarn | SG Baierbrunn Sch\u00e4ftlarn","robots":{"index":"index","follow":"follow","max-snippet":"max-snippet:-1","max-image-preview":"max-image-preview:large","max-video-preview":"max-video-preview:-1"},"canonical":"https:\/\/www.teamprofi.de\/tsv-schaeftlarn\/produkt\/sg-trainingsset-mit-tasche","og_locale":"de_DE","og_type":"article","og_title":"Trainingsset mit Tasche - TSV Sch\u00e4ftlarn | SG Baierbrunn Sch\u00e4ftlarn","og_description":"Dieses Trainingsset besteht aus folgenden Artikeln: Teambag M BC teamGOAL Training Jersey teamGOAL 1\/4 ZipTop LIGA Training Shorts RISE Training Pants &nbsp;","og_url":"https:\/\/www.teamprofi.de\/tsv-schaeftlarn\/produkt\/sg-trainingsset-mit-tasche","og_site_name":"TSV Sch\u00e4ftlarn | SG Baierbrunn Sch\u00e4ftlarn","article_modified_time":"2024-02-02T08:55:25+00:00","og_image":[{"width":2647,"height":3462,"url":"https:\/\/www.teamprofi.de\/tsv-schaeftlarn\/wp-content\/uploads\/sites\/6\/2024\/01\/Trainingsset-TSV-Schaeftlarn.jpg","type":"image\/jpeg"}],"twitter_card":"summary_large_image","schema":{"@context":"https:\/\/schema.org","@graph":[{"@type":"WebPage","@id":"https:\/\/www.teamprofi.de\/tsv-schaeftlarn\/produkt\/sg-trainingsset-mit-tasche","url":"https:\/\/www.teamprofi.de\/tsv-schaeftlarn\/produkt\/sg-trainingsset-mit-tasche","name":"Trainingsset mit Tasche - TSV Sch\u00e4ftlarn | SG Baierbrunn Sch\u00e4ftlarn","isPartOf":{"@id":"https:\/\/www.teamprofi.de\/tsv-schaeftlarn\/#website"},"primaryImageOfPage":{"@id":"https:\/\/www.teamprofi.de\/tsv-schaeftlarn\/produkt\/sg-trainingsset-mit-tasche#primaryimage"},"image":{"@id":"https:\/\/www.teamprofi.de\/tsv-schaeftlarn\/produkt\/sg-trainingsset-mit-tasche#primaryimage"},"thumbnailUrl":"https:\/\/www.teamprofi.de\/tsv-schaeftlarn\/wp-content\/uploads\/sites\/6\/2024\/01\/Trainingsset-TSV-Schaeftlarn.jpg","datePublished":"2024-01-09T15:49:11+00:00","dateModified":"2024-02-02T08:55:25+00:00","breadcrumb":{"@id":"https:\/\/www.teamprofi.de\/tsv-schaeftlarn\/produkt\/sg-trainingsset-mit-tasche#breadcrumb"},"inLanguage":"de","potentialAction":[{"@type":"ReadAction","target":["https:\/\/www.teamprofi.de\/tsv-schaeftlarn\/produkt\/sg-trainingsset-mit-tasche"]}]},{"@type":"ImageObject","inLanguage":"de","@id":"https:\/\/www.teamprofi.de\/tsv-schaeftlarn\/produkt\/sg-trainingsset-mit-tasche#primaryimage","url":"https:\/\/www.teamprofi.de\/tsv-schaeftlarn\/wp-content\/uploads\/sites\/6\/2024\/01\/Trainingsset-TSV-Schaeftlarn.jpg","contentUrl":"https:\/\/www.teamprofi.de\/tsv-schaeftlarn\/wp-content\/uploads\/sites\/6\/2024\/01\/Trainingsset-TSV-Schaeftlarn.jpg","width":2647,"height":3462},{"@type":"BreadcrumbList","@id":"https:\/\/www.teamprofi.de\/tsv-schaeftlarn\/produkt\/sg-trainingsset-mit-tasche#breadcrumb","itemListElement":[{"@type":"ListItem","position":1,"name":"Startseite","item":"https:\/\/www.teamprofi.de\/tsv-schaeftlarn\/"},{"@type":"ListItem","position":2,"name":"Shop","item":"https:\/\/www.teamprofi.de\/tsv-schaeftlarn\/shop"},{"@type":"ListItem","position":3,"name":"Trainingsset mit Tasche"}]},{"@type":"WebSite","@id":"https:\/\/www.teamprofi.de\/tsv-schaeftlarn\/#website","url":"https:\/\/www.teamprofi.de\/tsv-schaeftlarn\/","name":"TSV Sch\u00e4ftlarn | SG Baierbrunn Sch\u00e4ftlarn","description":"Vereins-Shop - Sport G\u00fcrteler","potentialAction":[{"@type":"SearchAction","target":{"@type":"EntryPoint","urlTemplate":"https:\/\/www.teamprofi.de\/tsv-schaeftlarn\/?s={search_term_string}"},"query-input":{"@type":"PropertyValueSpecification","valueRequired":true,"valueName":"search_term_string"}}],"inLanguage":"de"}]}},"_links":{"self":[{"href":"https:\/\/www.teamprofi.de\/tsv-schaeftlarn\/wp-json\/wp\/v2\/product\/2104","targetHints":{"allow":["GET"]}}],"collection":[{"href":"https:\/\/www.teamprofi.de\/tsv-schaeftlarn\/wp-json\/wp\/v2\/product"}],"about":[{"href":"https:\/\/www.teamprofi.de\/tsv-schaeftlarn\/wp-json\/wp\/v2\/types\/product"}],"wp:featuredmedia":[{"embeddable":true,"href":"https:\/\/www.teamprofi.de\/tsv-schaeftlarn\/wp-json\/wp\/v2\/media\/2202"}],"wp:attachment":[{"href":"https:\/\/www.teamprofi.de\/tsv-schaeftlarn\/wp-json\/wp\/v2\/media?parent=2104"}],"wp:term":[{"taxonomy":"product_brand","embeddable":true,"href":"https:\/\/www.teamprofi.de\/tsv-schaeftlarn\/wp-json\/wp\/v2\/product_brand?post=2104"},{"taxonomy":"product_cat","embeddable":true,"href":"https:\/\/www.teamprofi.de\/tsv-schaeftlarn\/wp-json\/wp\/v2\/product_cat?post=2104"},{"taxonomy":"product_tag","embeddable":true,"href":"https:\/\/www.teamprofi.de\/tsv-schaeftlarn\/wp-json\/wp\/v2\/product_tag?post=2104"}],"curies":[{"name":"wp","href":"https:\/\/api.w.org\/{rel}","templated":true}]}}