{"id":13,"date":"2017-10-30T14:56:51","date_gmt":"2017-10-30T13:56:51","guid":{"rendered":"https:\/\/www.teamprofi.de\/tsv-schaeftlarn\/warenkorb\/"},"modified":"2017-10-30T14:56:51","modified_gmt":"2017-10-30T13:56:51","slug":"warenkorb","status":"publish","type":"page","link":"https:\/\/www.teamprofi.de\/tsv-schaeftlarn\/warenkorb","title":{"rendered":"Warenkorb"},"content":{"rendered":"<div class=\"woocommerce\">\r\n<div class=\"cart-empty-page row cart-empty\">\r\n\t<div class=\"woocommerce-notices-wrapper\"><\/div><div class=\"wc-empty-cart-message\">\n\t<div class=\"cart-empty woocommerce-info\" role=\"status\">\n\t\tDein Warenkorb ist gegenw\u00e4rtig leer.\t<\/div>\n<\/div>\t<div class=\"info-wrap-empty\">\r\n\t\t<h1 class=\"info-background-empty\">Oops<\/h1>\r\n\t\t<div class=\"info-content-empty\">\r\n\t\t\t<div class=\"icon-empty\">\r\n\t\t\t\t<i class=\"dfd-icon-trolley_close\"><\/i>\r\n\t\t\t<\/div>\r\n\t\t\t<div class=\"info-empty\">\r\n\t\t\t\t<p class=\"cart-empty-text\">Your cart is currently empty.<\/p>\r\n\t\t\t\t<p class=\"cart-empty-subtext\">Sie k\u00f6nnen sehen alle erh\u00e4ltlichen Produkte und kauft im Laden.<\/p>\r\n\t\t\t\t\t\t\t\t\t<p class=\"button-on-page\"><a class=\"wc-backward\" href=\"https:\/\/www.teamprofi.de\/tsv-schaeftlarn\/shop\">Zur Shop zur\u00fcckgeben<\/a><\/p>\r\n\t\t\t\t\t\t\t<\/div>\r\n\t\t<\/div>\r\n\t<\/div>\r\n\t<div class=\"container-shortcodes\">\r\n\t\t<div class=\"woocommerce columns-4 \"><div class=\"products row\"><div class=\"first last three columns  dfd-loop-shop-responsive  style-1 post-2059 product type-product status-publish has-post-thumbnail product_cat-teamsport_sgsb  instock taxable shipping-taxable purchasable product-type-variable\">\r\n    <div class=\"prod-wrap text-center\" >\r\n\r\n\t\t\t\t<div class=\"woo-cover\">\r\n\t\t\t<div class=\"prod-image-wrap woo-entry-thumb\">\r\n\r\n\t\t\t\t\r\n\t<div id=\"product_slider_69f22055381fe\" class=\"woo-entry-thumb\" data-speed=\"2000\">\r\n\t\t\r\n\t\t<div class=\"woo-entry-thumb-carousel\">\r\n\r\n\t\t<div class=\"\"><img loading=\"lazy\" decoding=\"async\" src=\"https:\/\/www.teamprofi.de\/tsv-schaeftlarn\/wp-content\/uploads\/sites\/6\/2023\/12\/658651_13V-1024x1024-300x300.jpg\" alt=\"Bild\" width=\"300\" height=\"300\" \/><\/div>\r\n\t\t<\/div>\r\n\t\t\t\t<div class=\"preview-thumb\">\r\n\t\t\t<img decoding=\"async\" src=\"https:\/\/www.teamprofi.de\/tsv-schaeftlarn\/wp-content\/uploads\/sites\/6\/2023\/12\/658651_13V-1024x1024-300x300.jpg\" alt=\"Bild\" \/>\r\n\t\t<\/div>\r\n\t<\/div>\r\n\t<div class=\"buttons-wrap  dfd-buttons-light text-center\">\r\n\t\t<div>\r\n\t\t\t\t\t\t\t<a href=\"https:\/\/www.teamprofi.de\/tsv-schaeftlarn\/produkt\/teamgoal-training-sweat-sg\" rel=\"nofollow\" data-product_id=\"2059\" data-product_sku=\"\" data-quantity=\"1\" class=\"button  product_type_variable\">View Product<\/a>\t\t\t\t\t\t\t\t\t\t<a href=\"https:\/\/www.teamprofi.de\/tsv-schaeftlarn\/wp-content\/uploads\/sites\/6\/2023\/12\/658651_13V.jpg\" title=\"Product images\" class=\"dfd-prod-lightbox\" data-rel=\"prettyPhoto[product-gallery-2059]\">\r\n\t\t\t\t\t\t\t\t\t<i class=\"dfd-icon-zoom\"><\/i>\r\n\t\t\t\t\t\t\t<\/a>\r\n\t\t<\/div>\r\n\t<\/div>\r\n\r\n\t\t\t\t\t\t\t\t\t\t<a href=\"https:\/\/www.teamprofi.de\/tsv-schaeftlarn\/produkt\/teamgoal-training-sweat-sg\" class=\"link\"><\/a>\r\n\t\t\t\t\t\t\t\t\t\t\t<\/div>\r\n\t\t<\/div>\r\n\t\t\t\t\t<div class=\"woo-title-wrap\">\r\n\t\t\t\t<div class=\"heading\">\r\n\t\t\t\t\t<div class=\"dfd-folio-categories\">\r\n\t\t\t\t\t\t\r\n\t<span class=\"byline category\">\r\n\t\t<a href=\"https:\/\/www.teamprofi.de\/tsv-schaeftlarn\/produkt-kategorie\/teamsport_sgsb\" class=\"fn\">\r\n\t\t\t<span class=\"cat-name\">Teamsport_SGSB<\/span>\r\n\t\t<\/a>\r\n\t<\/span>\r\n\t\t\t\t\t<\/div>\r\n\t\t\t\t\t<div class=\"box-name\"><a href=\"https:\/\/www.teamprofi.de\/tsv-schaeftlarn\/produkt\/teamgoal-training-sweat-sg\">teamGOAL Training Sweat SG<\/a><\/div>\r\n\t\t\t\t\t\t\t\t\t\t\t<div class=\"subtitle\">Sweat mit Wappen. Auf Wunsch mit initial.<\/div>\r\n\t\t\t\t\t\t\t\t\t\t<div class=\"price-wrap\">\r\n\t\t\t\t\t\t\n\t<span class=\"price\"><span class=\"woocommerce-Price-amount amount\" aria-hidden=\"true\"><bdi>29,00&nbsp;<span class=\"woocommerce-Price-currencySymbol\">&euro;<\/span><\/bdi><\/span> <span aria-hidden=\"true\"> \u2013 <\/span> <span class=\"woocommerce-Price-amount amount\" aria-hidden=\"true\"><bdi>32,00&nbsp;<span class=\"woocommerce-Price-currencySymbol\">&euro;<\/span><\/bdi><\/span><span class=\"screen-reader-text\">Preisspanne: 29,00&nbsp;&euro; bis 32,00&nbsp;&euro;<\/span><\/span>\n\t\t\t\t\t<\/div>\r\n\t\t\t\t\t<div class=\"rating-section\">\r\n\t\t\t\t\t\t\t\t\t\t\t<\/div>\r\n\t\t\t\t<\/div>\r\n\t\t\t<\/div>\r\n\t\t\t\t    <\/div>\r\n\t<\/div><div class=\"first last three columns  dfd-loop-shop-responsive  style-1 post-2053 product type-product status-publish has-post-thumbnail product_cat-teamsport_sgsb instock taxable shipping-taxable purchasable product-type-simple\">\r\n    <div class=\"prod-wrap text-center\" >\r\n\r\n\t\t\t\t<div class=\"woo-cover\">\r\n\t\t\t<div class=\"prod-image-wrap woo-entry-thumb\">\r\n\r\n\t\t\t\t\r\n\t<div id=\"product_slider_69f220553ac76\" class=\"woo-entry-thumb\" data-speed=\"2000\">\r\n\t\t\r\n\t\t<div class=\"woo-entry-thumb-carousel\">\r\n\r\n\t\t<div class=\"\"><img loading=\"lazy\" decoding=\"async\" src=\"https:\/\/www.teamprofi.de\/tsv-schaeftlarn\/wp-content\/uploads\/sites\/6\/2024\/01\/rucksack-sg-1024x1024-300x300.jpg\" alt=\"Bild\" width=\"300\" height=\"300\" \/><\/div><div class=\"\"><img loading=\"lazy\" decoding=\"async\" src=\"https:\/\/www.teamprofi.de\/tsv-schaeftlarn\/wp-content\/uploads\/sites\/6\/2024\/01\/Screenshot-2025-01-25-at-09-47-21-puma__pum-090609-01__backview.jpg-WEBP-Grafik-2000-\u00d7-2000-Pixel-Skaliert-46-300x300.png\" alt=\"Bild\" width=\"300\" height=\"300\" \/><\/div>\r\n\t\t<\/div>\r\n\t\t\t\t<div class=\"preview-thumb\">\r\n\t\t\t<img decoding=\"async\" src=\"https:\/\/www.teamprofi.de\/tsv-schaeftlarn\/wp-content\/uploads\/sites\/6\/2024\/01\/rucksack-sg-1024x1024-300x300.jpg\" alt=\"Bild\" \/>\r\n\t\t<\/div>\r\n\t<\/div>\r\n\t<div class=\"buttons-wrap  dfd-buttons-light text-center\">\r\n\t\t<div>\r\n\t\t\t\t\t\t\t<a href=\"https:\/\/www.teamprofi.de\/tsv-schaeftlarn\/produkt\/backpack-bc-sg\" rel=\"nofollow\" data-product_id=\"2053\" data-product_sku=\"090609 01 SG\" data-quantity=\"1\" class=\"button  product_type_simple\">View Product<\/a>\t\t\t\t\t\t\t\t\t\t<a href=\"https:\/\/www.teamprofi.de\/tsv-schaeftlarn\/wp-content\/uploads\/sites\/6\/2024\/01\/rucksack-sg.jpg\" title=\"Product images\" class=\"dfd-prod-lightbox\" data-rel=\"prettyPhoto[product-gallery-2053]\">\r\n\t\t\t\t\t\t\t\t\t<i class=\"dfd-icon-zoom\"><\/i>\r\n\t\t\t\t\t\t\t<\/a>\r\n\t\t<\/div>\r\n\t<\/div>\r\n\r\n\t\t\t\t\t\t\t\t\t\t<a href=\"https:\/\/www.teamprofi.de\/tsv-schaeftlarn\/produkt\/backpack-bc-sg\" class=\"link\"><\/a>\r\n\t\t\t\t\t\t\t\t\t\t\t<\/div>\r\n\t\t<\/div>\r\n\t\t\t\t\t<div class=\"woo-title-wrap\">\r\n\t\t\t\t<div class=\"heading\">\r\n\t\t\t\t\t<div class=\"dfd-folio-categories\">\r\n\t\t\t\t\t\t\r\n\t<span class=\"byline category\">\r\n\t\t<a href=\"https:\/\/www.teamprofi.de\/tsv-schaeftlarn\/produkt-kategorie\/teamsport_sgsb\" class=\"fn\">\r\n\t\t\t<span class=\"cat-name\">Teamsport_SGSB<\/span>\r\n\t\t<\/a>\r\n\t<\/span>\r\n\t\t\t\t\t<\/div>\r\n\t\t\t\t\t<div class=\"box-name\"><a href=\"https:\/\/www.teamprofi.de\/tsv-schaeftlarn\/produkt\/backpack-bc-sg\">Backpack BC SG<\/a><\/div>\r\n\t\t\t\t\t\t\t\t\t\t\t<div class=\"subtitle\">Backpack mit Wappen. Auf Wunsch mit initial.<\/div>\r\n\t\t\t\t\t\t\t\t\t\t<div class=\"price-wrap\">\r\n\t\t\t\t\t\t\n\t<span class=\"price\"><span class=\"woocommerce-Price-amount amount\"><bdi>30,00&nbsp;<span class=\"woocommerce-Price-currencySymbol\">&euro;<\/span><\/bdi><\/span><\/span>\n\t\t\t\t\t<\/div>\r\n\t\t\t\t\t<div class=\"rating-section\">\r\n\t\t\t\t\t\t\t\t\t\t\t<\/div>\r\n\t\t\t\t<\/div>\r\n\t\t\t<\/div>\r\n\t\t\t\t    <\/div>\r\n\t<\/div><div class=\"first last three columns  dfd-loop-shop-responsive  style-1 post-2054 product type-product status-publish has-post-thumbnail product_cat-teamsport_sgsb  instock taxable shipping-taxable purchasable product-type-simple\">\r\n    <div class=\"prod-wrap text-center\" >\r\n\r\n\t\t\t\t<div class=\"woo-cover\">\r\n\t\t\t<div class=\"prod-image-wrap woo-entry-thumb\">\r\n\r\n\t\t\t\t\r\n\t<div id=\"product_slider_69f220553bd50\" class=\"woo-entry-thumb\" data-speed=\"2000\">\r\n\t\t\r\n\t\t<div class=\"woo-entry-thumb-carousel\">\r\n\r\n\t\t<div class=\"\"><img loading=\"lazy\" decoding=\"async\" src=\"https:\/\/www.teamprofi.de\/tsv-schaeftlarn\/wp-content\/uploads\/sites\/6\/2024\/01\/09236_01VA-1024x1024-300x300.jpg\" alt=\"Bild\" width=\"300\" height=\"300\" \/><\/div>\r\n\t\t<\/div>\r\n\t\t\t\t<div class=\"preview-thumb\">\r\n\t\t\t<img decoding=\"async\" src=\"https:\/\/www.teamprofi.de\/tsv-schaeftlarn\/wp-content\/uploads\/sites\/6\/2024\/01\/09236_01VA-1024x1024-300x300.jpg\" alt=\"Bild\" \/>\r\n\t\t<\/div>\r\n\t<\/div>\r\n\t<div class=\"buttons-wrap  dfd-buttons-light text-center\">\r\n\t\t<div>\r\n\t\t\t\t\t\t\t<a href=\"https:\/\/www.teamprofi.de\/tsv-schaeftlarn\/produkt\/teambag-m-bc-sg\" rel=\"nofollow\" data-product_id=\"2054\" data-product_sku=\"090236-01 SG\" data-quantity=\"1\" class=\"button  product_type_simple\">View Product<\/a>\t\t\t\t\t\t\t\t\t\t<a href=\"https:\/\/www.teamprofi.de\/tsv-schaeftlarn\/wp-content\/uploads\/sites\/6\/2024\/01\/09236_01VA.jpg\" title=\"Product images\" class=\"dfd-prod-lightbox\" data-rel=\"prettyPhoto[product-gallery-2054]\">\r\n\t\t\t\t\t\t\t\t\t<i class=\"dfd-icon-zoom\"><\/i>\r\n\t\t\t\t\t\t\t<\/a>\r\n\t\t<\/div>\r\n\t<\/div>\r\n\r\n\t\t\t\t\t\t\t\t\t\t<a href=\"https:\/\/www.teamprofi.de\/tsv-schaeftlarn\/produkt\/teambag-m-bc-sg\" class=\"link\"><\/a>\r\n\t\t\t\t\t\t\t\t\t\t\t<\/div>\r\n\t\t<\/div>\r\n\t\t\t\t\t<div class=\"woo-title-wrap\">\r\n\t\t\t\t<div class=\"heading\">\r\n\t\t\t\t\t<div class=\"dfd-folio-categories\">\r\n\t\t\t\t\t\t\r\n\t<span class=\"byline category\">\r\n\t\t<a href=\"https:\/\/www.teamprofi.de\/tsv-schaeftlarn\/produkt-kategorie\/teamsport_sgsb\" class=\"fn\">\r\n\t\t\t<span class=\"cat-name\">Teamsport_SGSB<\/span>\r\n\t\t<\/a>\r\n\t<\/span>\r\n\t\t\t\t\t<\/div>\r\n\t\t\t\t\t<div class=\"box-name\"><a href=\"https:\/\/www.teamprofi.de\/tsv-schaeftlarn\/produkt\/teambag-m-bc-sg\">Teambag M BC SG<\/a><\/div>\r\n\t\t\t\t\t\t\t\t\t\t\t<div class=\"subtitle\">Tasche mit Wappen und auf Wunsch mit Initialen.<\/div>\r\n\t\t\t\t\t\t\t\t\t\t<div class=\"price-wrap\">\r\n\t\t\t\t\t\t\n\t<span class=\"price\"><span class=\"woocommerce-Price-amount amount\"><bdi>38,00&nbsp;<span class=\"woocommerce-Price-currencySymbol\">&euro;<\/span><\/bdi><\/span><\/span>\n\t\t\t\t\t<\/div>\r\n\t\t\t\t\t<div class=\"rating-section\">\r\n\t\t\t\t\t\t\t\t\t\t\t<\/div>\r\n\t\t\t\t<\/div>\r\n\t\t\t<\/div>\r\n\t\t\t\t    <\/div>\r\n\t<\/div><div class=\"first last three columns  dfd-loop-shop-responsive  style-1 post-2045 product type-product status-publish has-post-thumbnail product_cat-teamsport_sgsb instock taxable shipping-taxable purchasable product-type-variable\">\r\n    <div class=\"prod-wrap text-center\" >\r\n\r\n\t\t\t\t<div class=\"woo-cover\">\r\n\t\t\t<div class=\"prod-image-wrap woo-entry-thumb\">\r\n\r\n\t\t\t\t\r\n\t<div id=\"product_slider_69f220553ccdc\" class=\"woo-entry-thumb\" data-speed=\"2000\">\r\n\t\t\r\n\t\t<div class=\"woo-entry-thumb-carousel\">\r\n\r\n\t\t<div class=\"\"><img loading=\"lazy\" decoding=\"async\" src=\"https:\/\/www.teamprofi.de\/tsv-schaeftlarn\/wp-content\/uploads\/sites\/6\/2023\/12\/658739-03-sg-1024x1024-300x300.jpg\" alt=\"Bild\" width=\"300\" height=\"300\" \/><\/div><div class=\"\"><img loading=\"lazy\" decoding=\"async\" src=\"https:\/\/www.teamprofi.de\/tsv-schaeftlarn\/wp-content\/uploads\/sites\/6\/2023\/12\/Screenshot-2025-01-29-at-14-39-11-puma__pum-658739-03__backview.jpg-WEBP-Grafik-1920-\u00d7-1920-Pixel-Skaliert-48-300x300.png\" alt=\"Bild\" width=\"300\" height=\"300\" \/><\/div>\r\n\t\t<\/div>\r\n\t\t\t\t<div class=\"preview-thumb\">\r\n\t\t\t<img decoding=\"async\" src=\"https:\/\/www.teamprofi.de\/tsv-schaeftlarn\/wp-content\/uploads\/sites\/6\/2023\/12\/658739-03-sg-1024x1024-300x300.jpg\" alt=\"Bild\" \/>\r\n\t\t<\/div>\r\n\t<\/div>\r\n\t<div class=\"buttons-wrap  dfd-buttons-light text-center\">\r\n\t\t<div>\r\n\t\t\t\t\t\t\t<a href=\"https:\/\/www.teamprofi.de\/tsv-schaeftlarn\/produkt\/bench-jacket-sg\" rel=\"nofollow\" data-product_id=\"2045\" data-product_sku=\"657268 03 SG\" data-quantity=\"1\" class=\"button  product_type_variable\">View Product<\/a>\t\t\t\t\t\t\t\t\t\t<a href=\"https:\/\/www.teamprofi.de\/tsv-schaeftlarn\/wp-content\/uploads\/sites\/6\/2023\/12\/658739-03-sg.jpg\" title=\"Product images\" class=\"dfd-prod-lightbox\" data-rel=\"prettyPhoto[product-gallery-2045]\">\r\n\t\t\t\t\t\t\t\t\t<i class=\"dfd-icon-zoom\"><\/i>\r\n\t\t\t\t\t\t\t<\/a>\r\n\t\t<\/div>\r\n\t<\/div>\r\n\r\n\t\t\t\t\t\t\t\t\t\t<a href=\"https:\/\/www.teamprofi.de\/tsv-schaeftlarn\/produkt\/bench-jacket-sg\" class=\"link\"><\/a>\r\n\t\t\t\t\t\t\t\t\t\t\t<\/div>\r\n\t\t<\/div>\r\n\t\t\t\t\t<div class=\"woo-title-wrap\">\r\n\t\t\t\t<div class=\"heading\">\r\n\t\t\t\t\t<div class=\"dfd-folio-categories\">\r\n\t\t\t\t\t\t\r\n\t<span class=\"byline category\">\r\n\t\t<a href=\"https:\/\/www.teamprofi.de\/tsv-schaeftlarn\/produkt-kategorie\/teamsport_sgsb\" class=\"fn\">\r\n\t\t\t<span class=\"cat-name\">Teamsport_SGSB<\/span>\r\n\t\t<\/a>\r\n\t<\/span>\r\n\t\t\t\t\t<\/div>\r\n\t\t\t\t\t<div class=\"box-name\"><a href=\"https:\/\/www.teamprofi.de\/tsv-schaeftlarn\/produkt\/bench-jacket-sg\">teamFINAL Bench Jacket SG<\/a><\/div>\r\n\t\t\t\t\t\t\t\t\t\t\t<div class=\"subtitle\">Jacke mit Wappen. Und auf Wunsch mit Initial<\/div>\r\n\t\t\t\t\t\t\t\t\t\t<div class=\"price-wrap\">\r\n\t\t\t\t\t\t\n\t<span class=\"price\"><span class=\"woocommerce-Price-amount amount\"><bdi>93,00&nbsp;<span class=\"woocommerce-Price-currencySymbol\">&euro;<\/span><\/bdi><\/span><\/span>\n\t\t\t\t\t<\/div>\r\n\t\t\t\t\t<div class=\"rating-section\">\r\n\t\t\t\t\t\t\t\t\t\t\t<\/div>\r\n\t\t\t\t<\/div>\r\n\t\t\t<\/div>\r\n\t\t\t\t    <\/div>\r\n\t<\/div><\/div><\/div>\t<\/div>\r\n<\/div><\/div>\n","protected":false},"excerpt":{"rendered":"Dein Warenkorb ist gegenw\u00e4rtig leer. Oops Your cart is currently empty. Sie k\u00f6nnen sehen alle erh\u00e4ltlichen Produkte und kauft im Laden. Zur Shop zur\u00fcckgeben View Product Teamsport_SGSB teamGOAL Training Sweat","protected":false},"author":1,"featured_media":0,"parent":0,"menu_order":0,"comment_status":"closed","ping_status":"closed","template":"","meta":{"inline_featured_image":false,"footnotes":""},"class_list":["post-13","page","type-page","status-publish","hentry"],"yoast_head":"<!-- This site is optimized with the Yoast SEO plugin v27.3 - https:\/\/yoast.com\/product\/yoast-seo-wordpress\/ -->\n<title>Warenkorb - TSV Sch\u00e4ftlarn | SG Baierbrunn Sch\u00e4ftlarn<\/title>\n<meta name=\"robots\" content=\"index, follow, max-snippet:-1, max-image-preview:large, max-video-preview:-1\" \/>\n<link rel=\"canonical\" href=\"https:\/\/www.teamprofi.de\/tsv-schaeftlarn\/warenkorb\" \/>\n<meta property=\"og:locale\" content=\"de_DE\" \/>\n<meta property=\"og:type\" content=\"article\" \/>\n<meta property=\"og:title\" content=\"Warenkorb - TSV Sch\u00e4ftlarn | SG Baierbrunn Sch\u00e4ftlarn\" \/>\n<meta property=\"og:url\" content=\"https:\/\/www.teamprofi.de\/tsv-schaeftlarn\/warenkorb\" \/>\n<meta property=\"og:site_name\" content=\"TSV Sch\u00e4ftlarn | SG Baierbrunn Sch\u00e4ftlarn\" \/>\n<meta name=\"twitter:card\" content=\"summary_large_image\" \/>\n<script type=\"application\/ld+json\" class=\"yoast-schema-graph\">{\"@context\":\"https:\\\/\\\/schema.org\",\"@graph\":[{\"@type\":\"WebPage\",\"@id\":\"https:\\\/\\\/www.teamprofi.de\\\/tsv-schaeftlarn\\\/warenkorb\",\"url\":\"https:\\\/\\\/www.teamprofi.de\\\/tsv-schaeftlarn\\\/warenkorb\",\"name\":\"Warenkorb - TSV Sch\u00e4ftlarn | SG Baierbrunn Sch\u00e4ftlarn\",\"isPartOf\":{\"@id\":\"https:\\\/\\\/www.teamprofi.de\\\/tsv-schaeftlarn\\\/#website\"},\"datePublished\":\"2017-10-30T13:56:51+00:00\",\"breadcrumb\":{\"@id\":\"https:\\\/\\\/www.teamprofi.de\\\/tsv-schaeftlarn\\\/warenkorb#breadcrumb\"},\"inLanguage\":\"de\",\"potentialAction\":[{\"@type\":\"ReadAction\",\"target\":[\"https:\\\/\\\/www.teamprofi.de\\\/tsv-schaeftlarn\\\/warenkorb\"]}]},{\"@type\":\"BreadcrumbList\",\"@id\":\"https:\\\/\\\/www.teamprofi.de\\\/tsv-schaeftlarn\\\/warenkorb#breadcrumb\",\"itemListElement\":[{\"@type\":\"ListItem\",\"position\":1,\"name\":\"Startseite\",\"item\":\"https:\\\/\\\/www.teamprofi.de\\\/tsv-schaeftlarn\\\/\"},{\"@type\":\"ListItem\",\"position\":2,\"name\":\"Warenkorb\"}]},{\"@type\":\"WebSite\",\"@id\":\"https:\\\/\\\/www.teamprofi.de\\\/tsv-schaeftlarn\\\/#website\",\"url\":\"https:\\\/\\\/www.teamprofi.de\\\/tsv-schaeftlarn\\\/\",\"name\":\"TSV Sch\u00e4ftlarn | SG Baierbrunn Sch\u00e4ftlarn\",\"description\":\"Vereins-Shop - Sport G\u00fcrteler\",\"potentialAction\":[{\"@type\":\"SearchAction\",\"target\":{\"@type\":\"EntryPoint\",\"urlTemplate\":\"https:\\\/\\\/www.teamprofi.de\\\/tsv-schaeftlarn\\\/?s={search_term_string}\"},\"query-input\":{\"@type\":\"PropertyValueSpecification\",\"valueRequired\":true,\"valueName\":\"search_term_string\"}}],\"inLanguage\":\"de\"}]}<\/script>\n<!-- \/ Yoast SEO plugin. -->","yoast_head_json":{"title":"Warenkorb - TSV Sch\u00e4ftlarn | SG Baierbrunn Sch\u00e4ftlarn","robots":{"index":"index","follow":"follow","max-snippet":"max-snippet:-1","max-image-preview":"max-image-preview:large","max-video-preview":"max-video-preview:-1"},"canonical":"https:\/\/www.teamprofi.de\/tsv-schaeftlarn\/warenkorb","og_locale":"de_DE","og_type":"article","og_title":"Warenkorb - TSV Sch\u00e4ftlarn | SG Baierbrunn Sch\u00e4ftlarn","og_url":"https:\/\/www.teamprofi.de\/tsv-schaeftlarn\/warenkorb","og_site_name":"TSV Sch\u00e4ftlarn | SG Baierbrunn Sch\u00e4ftlarn","twitter_card":"summary_large_image","schema":{"@context":"https:\/\/schema.org","@graph":[{"@type":"WebPage","@id":"https:\/\/www.teamprofi.de\/tsv-schaeftlarn\/warenkorb","url":"https:\/\/www.teamprofi.de\/tsv-schaeftlarn\/warenkorb","name":"Warenkorb - TSV Sch\u00e4ftlarn | SG Baierbrunn Sch\u00e4ftlarn","isPartOf":{"@id":"https:\/\/www.teamprofi.de\/tsv-schaeftlarn\/#website"},"datePublished":"2017-10-30T13:56:51+00:00","breadcrumb":{"@id":"https:\/\/www.teamprofi.de\/tsv-schaeftlarn\/warenkorb#breadcrumb"},"inLanguage":"de","potentialAction":[{"@type":"ReadAction","target":["https:\/\/www.teamprofi.de\/tsv-schaeftlarn\/warenkorb"]}]},{"@type":"BreadcrumbList","@id":"https:\/\/www.teamprofi.de\/tsv-schaeftlarn\/warenkorb#breadcrumb","itemListElement":[{"@type":"ListItem","position":1,"name":"Startseite","item":"https:\/\/www.teamprofi.de\/tsv-schaeftlarn\/"},{"@type":"ListItem","position":2,"name":"Warenkorb"}]},{"@type":"WebSite","@id":"https:\/\/www.teamprofi.de\/tsv-schaeftlarn\/#website","url":"https:\/\/www.teamprofi.de\/tsv-schaeftlarn\/","name":"TSV Sch\u00e4ftlarn | SG Baierbrunn Sch\u00e4ftlarn","description":"Vereins-Shop - Sport G\u00fcrteler","potentialAction":[{"@type":"SearchAction","target":{"@type":"EntryPoint","urlTemplate":"https:\/\/www.teamprofi.de\/tsv-schaeftlarn\/?s={search_term_string}"},"query-input":{"@type":"PropertyValueSpecification","valueRequired":true,"valueName":"search_term_string"}}],"inLanguage":"de"}]}},"_links":{"self":[{"href":"https:\/\/www.teamprofi.de\/tsv-schaeftlarn\/wp-json\/wp\/v2\/pages\/13","targetHints":{"allow":["GET"]}}],"collection":[{"href":"https:\/\/www.teamprofi.de\/tsv-schaeftlarn\/wp-json\/wp\/v2\/pages"}],"about":[{"href":"https:\/\/www.teamprofi.de\/tsv-schaeftlarn\/wp-json\/wp\/v2\/types\/page"}],"author":[{"embeddable":true,"href":"https:\/\/www.teamprofi.de\/tsv-schaeftlarn\/wp-json\/wp\/v2\/users\/1"}],"replies":[{"embeddable":true,"href":"https:\/\/www.teamprofi.de\/tsv-schaeftlarn\/wp-json\/wp\/v2\/comments?post=13"}],"version-history":[{"count":0,"href":"https:\/\/www.teamprofi.de\/tsv-schaeftlarn\/wp-json\/wp\/v2\/pages\/13\/revisions"}],"wp:attachment":[{"href":"https:\/\/www.teamprofi.de\/tsv-schaeftlarn\/wp-json\/wp\/v2\/media?parent=13"}],"curies":[{"name":"wp","href":"https:\/\/api.w.org\/{rel}","templated":true}]}}