{"id":2429,"date":"2025-01-25T14:38:52","date_gmt":"2025-01-25T13:38:52","guid":{"rendered":"https:\/\/www.teamprofi.de\/tsv-otterfing\/?post_type=product&#038;p=2429"},"modified":"2025-01-25T14:41:11","modified_gmt":"2025-01-25T13:41:11","slug":"community-2-0-fz-hoodie-women","status":"publish","type":"product","link":"https:\/\/www.teamprofi.de\/tsv-otterfing\/produkt\/community-2-0-fz-hoodie-women\/","title":{"rendered":"Community 2.0 FZ Hoodie Women"},"content":{"rendered":"<p><strong>Beschreibung<\/strong><\/p>\n<p>Der Community 2.0 Logo FZ Hoodie kombiniert eine entspannte und dennoch athletische Passform mit einem sportlichen Ausdruck, ideal f\u00fcr entspannte Momente abseits des Spielfelds. Dieser l\u00e4ssige Kapuzenpullover mit durchgehendem Rei\u00dfverschluss ist aus einer weichen Mischung aus recyceltem Polyester und Bio-Baumwolle gefertigt und verf\u00fcgt \u00fcber eine geb\u00fcrstete Innenseite. Er sorgt f\u00fcr ein geschmeidiges Tragegef\u00fchl sowie gro\u00dfartigen Komfort und belebt den Teamgeist. Durch sein klares Design eignet es sich perfekt f\u00fcr das Branding mit Vereins-, Sponsoren- oder Firmenlogos.<\/p>\n<p>\u2022 Weicher Stoff aus recyceltem Polyester und Bio-Baumwolle<br \/>\n\u2022 Innenseite geb\u00fcrstet<br \/>\n\u2022 Durchgehender Rei\u00dfverschluss<br \/>\n\u2022 Zwei Seitentaschen<br \/>\n\u2022 Kontrastlogo auf der Brust<br \/>\n\u2022 tailierte Passform (Damen)<\/p>\n","protected":false},"excerpt":{"rendered":"<p>Beschreibung Der Community 2.0 Logo FZ Hoodie kombiniert eine entspannte und dennoch athletische Passform mit einem sportlichen Ausdruck, ideal f\u00fcr entspannte Momente abseits des Spielfelds. Dieser l\u00e4ssige Kapuzenpullover mit durchgehendem<\/p>\n","protected":false},"featured_media":2321,"template":"","meta":{"inline_featured_image":false},"product_brand":[],"product_cat":[119],"product_tag":[],"class_list":{"0":"post-2429","1":"product","2":"type-product","3":"status-publish","4":"has-post-thumbnail","6":"product_cat-teamsport_ski","8":"first","9":"instock","10":"taxable","11":"shipping-taxable","12":"purchasable","13":"product-type-variable"},"yoast_head":"<!-- This site is optimized with the Yoast SEO plugin v27.0 - https:\/\/yoast.com\/product\/yoast-seo-wordpress\/ -->\n<title>Community 2.0 FZ Hoodie Women - TSV Otterfing<\/title>\n<meta name=\"robots\" content=\"index, follow, max-snippet:-1, max-image-preview:large, max-video-preview:-1\" \/>\n<link rel=\"canonical\" href=\"https:\/\/www.teamprofi.de\/tsv-otterfing\/produkt\/community-2-0-fz-hoodie-women\/\" \/>\n<meta property=\"og:locale\" content=\"de_DE\" \/>\n<meta property=\"og:type\" content=\"article\" \/>\n<meta property=\"og:title\" content=\"Community 2.0 FZ Hoodie Women - TSV Otterfing\" \/>\n<meta property=\"og:description\" content=\"Beschreibung Der Community 2.0 Logo FZ Hoodie kombiniert eine entspannte und dennoch athletische Passform mit einem sportlichen Ausdruck, ideal f\u00fcr entspannte Momente abseits des Spielfelds. Dieser l\u00e4ssige Kapuzenpullover mit durchgehendem\" \/>\n<meta property=\"og:url\" content=\"https:\/\/www.teamprofi.de\/tsv-otterfing\/produkt\/community-2-0-fz-hoodie-women\/\" \/>\n<meta property=\"og:site_name\" content=\"TSV Otterfing\" \/>\n<meta property=\"article:modified_time\" content=\"2025-01-25T13:41:11+00:00\" \/>\n<meta property=\"og:image\" content=\"https:\/\/www.teamprofi.de\/tsv-otterfing\/wp-content\/uploads\/sites\/22\/2021\/08\/1915295_950000H.jpg\" \/>\n\t<meta property=\"og:image:width\" content=\"2362\" \/>\n\t<meta property=\"og:image:height\" content=\"3543\" \/>\n\t<meta property=\"og:image:type\" content=\"image\/jpeg\" \/>\n<meta name=\"twitter:card\" content=\"summary_large_image\" \/>\n<meta name=\"twitter:label1\" content=\"Gesch\u00e4tzte Lesezeit\" \/>\n\t<meta name=\"twitter:data1\" content=\"1\u00a0Minute\" \/>\n<script type=\"application\/ld+json\" class=\"yoast-schema-graph\">{\"@context\":\"https:\/\/schema.org\",\"@graph\":[{\"@type\":\"WebPage\",\"@id\":\"https:\/\/www.teamprofi.de\/tsv-otterfing\/produkt\/community-2-0-fz-hoodie-women\/\",\"url\":\"https:\/\/www.teamprofi.de\/tsv-otterfing\/produkt\/community-2-0-fz-hoodie-women\/\",\"name\":\"Community 2.0 FZ Hoodie Women - TSV Otterfing\",\"isPartOf\":{\"@id\":\"https:\/\/www.teamprofi.de\/tsv-otterfing\/#website\"},\"primaryImageOfPage\":{\"@id\":\"https:\/\/www.teamprofi.de\/tsv-otterfing\/produkt\/community-2-0-fz-hoodie-women\/#primaryimage\"},\"image\":{\"@id\":\"https:\/\/www.teamprofi.de\/tsv-otterfing\/produkt\/community-2-0-fz-hoodie-women\/#primaryimage\"},\"thumbnailUrl\":\"https:\/\/www.teamprofi.de\/tsv-otterfing\/wp-content\/uploads\/sites\/22\/2021\/08\/1915295_950000H.jpg\",\"datePublished\":\"2025-01-25T13:38:52+00:00\",\"dateModified\":\"2025-01-25T13:41:11+00:00\",\"breadcrumb\":{\"@id\":\"https:\/\/www.teamprofi.de\/tsv-otterfing\/produkt\/community-2-0-fz-hoodie-women\/#breadcrumb\"},\"inLanguage\":\"de\",\"potentialAction\":[{\"@type\":\"ReadAction\",\"target\":[\"https:\/\/www.teamprofi.de\/tsv-otterfing\/produkt\/community-2-0-fz-hoodie-women\/\"]}]},{\"@type\":\"ImageObject\",\"inLanguage\":\"de\",\"@id\":\"https:\/\/www.teamprofi.de\/tsv-otterfing\/produkt\/community-2-0-fz-hoodie-women\/#primaryimage\",\"url\":\"https:\/\/www.teamprofi.de\/tsv-otterfing\/wp-content\/uploads\/sites\/22\/2021\/08\/1915295_950000H.jpg\",\"contentUrl\":\"https:\/\/www.teamprofi.de\/tsv-otterfing\/wp-content\/uploads\/sites\/22\/2021\/08\/1915295_950000H.jpg\",\"width\":2362,\"height\":3543},{\"@type\":\"BreadcrumbList\",\"@id\":\"https:\/\/www.teamprofi.de\/tsv-otterfing\/produkt\/community-2-0-fz-hoodie-women\/#breadcrumb\",\"itemListElement\":[{\"@type\":\"ListItem\",\"position\":1,\"name\":\"Startseite\",\"item\":\"https:\/\/www.teamprofi.de\/tsv-otterfing\/\"},{\"@type\":\"ListItem\",\"position\":2,\"name\":\"Shop\",\"item\":\"https:\/\/www.teamprofi.de\/tsv-otterfing\/shop\/\"},{\"@type\":\"ListItem\",\"position\":3,\"name\":\"Community 2.0 FZ Hoodie Women\"}]},{\"@type\":\"WebSite\",\"@id\":\"https:\/\/www.teamprofi.de\/tsv-otterfing\/#website\",\"url\":\"https:\/\/www.teamprofi.de\/tsv-otterfing\/\",\"name\":\"TSV Otterfing\",\"description\":\"Eine weitere Vereins Shops - Sport G\u00fcrteler Website\",\"potentialAction\":[{\"@type\":\"SearchAction\",\"target\":{\"@type\":\"EntryPoint\",\"urlTemplate\":\"https:\/\/www.teamprofi.de\/tsv-otterfing\/?s={search_term_string}\"},\"query-input\":{\"@type\":\"PropertyValueSpecification\",\"valueRequired\":true,\"valueName\":\"search_term_string\"}}],\"inLanguage\":\"de\"}]}<\/script>\n<!-- \/ Yoast SEO plugin. -->","yoast_head_json":{"title":"Community 2.0 FZ Hoodie Women - TSV Otterfing","robots":{"index":"index","follow":"follow","max-snippet":"max-snippet:-1","max-image-preview":"max-image-preview:large","max-video-preview":"max-video-preview:-1"},"canonical":"https:\/\/www.teamprofi.de\/tsv-otterfing\/produkt\/community-2-0-fz-hoodie-women\/","og_locale":"de_DE","og_type":"article","og_title":"Community 2.0 FZ Hoodie Women - TSV Otterfing","og_description":"Beschreibung Der Community 2.0 Logo FZ Hoodie kombiniert eine entspannte und dennoch athletische Passform mit einem sportlichen Ausdruck, ideal f\u00fcr entspannte Momente abseits des Spielfelds. Dieser l\u00e4ssige Kapuzenpullover mit durchgehendem","og_url":"https:\/\/www.teamprofi.de\/tsv-otterfing\/produkt\/community-2-0-fz-hoodie-women\/","og_site_name":"TSV Otterfing","article_modified_time":"2025-01-25T13:41:11+00:00","og_image":[{"width":2362,"height":3543,"url":"https:\/\/www.teamprofi.de\/tsv-otterfing\/wp-content\/uploads\/sites\/22\/2021\/08\/1915295_950000H.jpg","type":"image\/jpeg"}],"twitter_card":"summary_large_image","twitter_misc":{"Gesch\u00e4tzte Lesezeit":"1\u00a0Minute"},"schema":{"@context":"https:\/\/schema.org","@graph":[{"@type":"WebPage","@id":"https:\/\/www.teamprofi.de\/tsv-otterfing\/produkt\/community-2-0-fz-hoodie-women\/","url":"https:\/\/www.teamprofi.de\/tsv-otterfing\/produkt\/community-2-0-fz-hoodie-women\/","name":"Community 2.0 FZ Hoodie Women - TSV Otterfing","isPartOf":{"@id":"https:\/\/www.teamprofi.de\/tsv-otterfing\/#website"},"primaryImageOfPage":{"@id":"https:\/\/www.teamprofi.de\/tsv-otterfing\/produkt\/community-2-0-fz-hoodie-women\/#primaryimage"},"image":{"@id":"https:\/\/www.teamprofi.de\/tsv-otterfing\/produkt\/community-2-0-fz-hoodie-women\/#primaryimage"},"thumbnailUrl":"https:\/\/www.teamprofi.de\/tsv-otterfing\/wp-content\/uploads\/sites\/22\/2021\/08\/1915295_950000H.jpg","datePublished":"2025-01-25T13:38:52+00:00","dateModified":"2025-01-25T13:41:11+00:00","breadcrumb":{"@id":"https:\/\/www.teamprofi.de\/tsv-otterfing\/produkt\/community-2-0-fz-hoodie-women\/#breadcrumb"},"inLanguage":"de","potentialAction":[{"@type":"ReadAction","target":["https:\/\/www.teamprofi.de\/tsv-otterfing\/produkt\/community-2-0-fz-hoodie-women\/"]}]},{"@type":"ImageObject","inLanguage":"de","@id":"https:\/\/www.teamprofi.de\/tsv-otterfing\/produkt\/community-2-0-fz-hoodie-women\/#primaryimage","url":"https:\/\/www.teamprofi.de\/tsv-otterfing\/wp-content\/uploads\/sites\/22\/2021\/08\/1915295_950000H.jpg","contentUrl":"https:\/\/www.teamprofi.de\/tsv-otterfing\/wp-content\/uploads\/sites\/22\/2021\/08\/1915295_950000H.jpg","width":2362,"height":3543},{"@type":"BreadcrumbList","@id":"https:\/\/www.teamprofi.de\/tsv-otterfing\/produkt\/community-2-0-fz-hoodie-women\/#breadcrumb","itemListElement":[{"@type":"ListItem","position":1,"name":"Startseite","item":"https:\/\/www.teamprofi.de\/tsv-otterfing\/"},{"@type":"ListItem","position":2,"name":"Shop","item":"https:\/\/www.teamprofi.de\/tsv-otterfing\/shop\/"},{"@type":"ListItem","position":3,"name":"Community 2.0 FZ Hoodie Women"}]},{"@type":"WebSite","@id":"https:\/\/www.teamprofi.de\/tsv-otterfing\/#website","url":"https:\/\/www.teamprofi.de\/tsv-otterfing\/","name":"TSV Otterfing","description":"Eine weitere Vereins Shops - Sport G\u00fcrteler Website","potentialAction":[{"@type":"SearchAction","target":{"@type":"EntryPoint","urlTemplate":"https:\/\/www.teamprofi.de\/tsv-otterfing\/?s={search_term_string}"},"query-input":{"@type":"PropertyValueSpecification","valueRequired":true,"valueName":"search_term_string"}}],"inLanguage":"de"}]}},"_links":{"self":[{"href":"https:\/\/www.teamprofi.de\/tsv-otterfing\/wp-json\/wp\/v2\/product\/2429","targetHints":{"allow":["GET"]}}],"collection":[{"href":"https:\/\/www.teamprofi.de\/tsv-otterfing\/wp-json\/wp\/v2\/product"}],"about":[{"href":"https:\/\/www.teamprofi.de\/tsv-otterfing\/wp-json\/wp\/v2\/types\/product"}],"wp:featuredmedia":[{"embeddable":true,"href":"https:\/\/www.teamprofi.de\/tsv-otterfing\/wp-json\/wp\/v2\/media\/2321"}],"wp:attachment":[{"href":"https:\/\/www.teamprofi.de\/tsv-otterfing\/wp-json\/wp\/v2\/media?parent=2429"}],"wp:term":[{"taxonomy":"product_brand","embeddable":true,"href":"https:\/\/www.teamprofi.de\/tsv-otterfing\/wp-json\/wp\/v2\/product_brand?post=2429"},{"taxonomy":"product_cat","embeddable":true,"href":"https:\/\/www.teamprofi.de\/tsv-otterfing\/wp-json\/wp\/v2\/product_cat?post=2429"},{"taxonomy":"product_tag","embeddable":true,"href":"https:\/\/www.teamprofi.de\/tsv-otterfing\/wp-json\/wp\/v2\/product_tag?post=2429"}],"curies":[{"name":"wp","href":"https:\/\/api.w.org\/{rel}","templated":true}]}}