{"id":2143,"date":"2024-03-26T16:01:18","date_gmt":"2024-03-26T15:01:18","guid":{"rendered":"https:\/\/www.teamprofi.de\/tsv-otterfing\/?post_type=product&#038;p=2143"},"modified":"2024-03-26T16:02:56","modified_gmt":"2024-03-26T15:02:56","slug":"organic-t-shirt","status":"publish","type":"product","link":"https:\/\/www.teamprofi.de\/tsv-otterfing\/produkt\/organic-t-shirt\/","title":{"rendered":"Organic T-Shirt"},"content":{"rendered":"<div id=\"itemcard_right\" class=\"itemcardTopRight col-xs-12 col-md-6 col-lg-5\">\n<div class=\"itemcard_details itemcard_infoblock\">\n<div class=\"itemcard_slidecontent_wrapper\">\n<div class=\"slidecontent_itemcard_wrapper active\">\n<div class=\"hl\"><strong>Beschreibung<\/strong><\/div>\n<div class=\"text\">\n<p>Klassisches T-Shirt aus nachhaltiger Bio-Baumwolle<\/p>\n<p>Unser T-Shirt Organic aus 100 % gek\u00e4mmter, ringgesponnener Bio-Baumwolle in weicher Single-Jersey Qualit\u00e4t. Durch die hochwertige Verarbeitung ist der Klassiker das optimale T-Shirt f\u00fcr Berufskleidung jeglicher Art. Wie bei allen Artikeln unserer Corporate Teamwear machen verst\u00e4rkte Schultern\u00e4hte das T-Shirt besonders formstabil und strapazierf\u00e4hig. Die hohe Qualit\u00e4t zeigt sich auch beim Waschen: Das Modell ist bei 60\u00b0 waschbar. Durch die qualitativ hochwertigen Farbstoffe beh\u00e4lt es auch nach mehreren intensiven W\u00e4schen seine Farbechtheit. Das T-Shirt Organic f\u00fcr Herren hat einen Rundhals-Rippkragen und die Varianten f\u00fcr Damen einen Rippkragen mit V-Ausschnitt.<\/p>\n<\/div>\n<div><\/div>\n<\/div>\n<div class=\"slidecontent_itemcard_wrapper active\">\n<div class=\"hl\"><strong>Details<\/strong><\/div>\n<div class=\"text\">\n<ul>\n<li>Single-Jersey<\/li>\n<li>Rippkragen mit V-Ausschnitt<\/li>\n<li>Einlaufvorbehandelt<\/li>\n<li>Verst\u00e4rkte Schultern\u00e4hte<\/li>\n<li>Baumwolle aus kontrolliert biologischem Anbau<\/li>\n<li>Rundhals-Rippkragen<\/li>\n<li>60 \u00b0C waschbar<\/li>\n<\/ul>\n<\/div>\n<\/div>\n<div class=\"slidecontent_itemcard_wrapper active\">\n<div class=\"hl\"><strong>Material<\/strong><\/div>\n<div class=\"text\">\n<ul>\n<li>160 g\/m\u00b2<\/li>\n<li>Fb. 520: 90 % Baumwolle (Bio), 10 % Viskose<\/li>\n<li>100 % Baumwolle (Bio)<\/li>\n<\/ul>\n<\/div>\n<\/div>\n<div class=\"attributeIcons marginTop--large\"><img decoding=\"async\" title=\"\" src=\"https:\/\/cdn.jako.de\/userdata\/dcshop\/filter_icon\/389349_fair_logo_ganz_70x70px.jpg\" data-toggle=\"tooltip\" data-original-title=\"100 % der eingesetzten Materialien bestehen aus Bio-Baumwolle\" \/><\/div>\n<div class=\"attributeIcons__item marginTop--large\"><img decoding=\"async\" title=\"\" src=\"https:\/\/cdn.jako.de\/userdata\/dcshop\/filter_icon\/708102_wash60.png\" data-toggle=\"tooltip\" data-original-title=\"60\u00b0 waschen\" \/><img decoding=\"async\" title=\"\" src=\"https:\/\/cdn.jako.de\/userdata\/dcshop\/filter_icon\/911081_bleach_not.png\" data-toggle=\"tooltip\" data-original-title=\"Nicht chloren\" \/><img decoding=\"async\" title=\"\" src=\"https:\/\/cdn.jako.de\/userdata\/dcshop\/filter_icon\/848187_tumble_low.png\" data-toggle=\"tooltip\" data-original-title=\"Trocknen niedrige Temperatur\" \/><img decoding=\"async\" title=\"\" src=\"https:\/\/cdn.jako.de\/userdata\/dcshop\/filter_icon\/798005_iron_mid.png\" data-toggle=\"tooltip\" data-original-title=\"B\u00fcgeln mittlere Temperatur\" \/><img decoding=\"async\" title=\"\" src=\"https:\/\/cdn.jako.de\/userdata\/dcshop\/filter_icon\/591149_clean_not.png\" data-toggle=\"tooltip\" data-original-title=\"Nicht chemisch reinigen\" \/><\/div>\n<\/div>\n<\/div>\n<\/div>\n","protected":false},"excerpt":{"rendered":"<p>Beschreibung Klassisches T-Shirt aus nachhaltiger Bio-Baumwolle Unser T-Shirt Organic aus 100 % gek\u00e4mmter, ringgesponnener Bio-Baumwolle in weicher Single-Jersey Qualit\u00e4t. Durch die hochwertige Verarbeitung ist der Klassiker das optimale T-Shirt f\u00fcr<\/p>\n","protected":false},"featured_media":2167,"template":"","meta":{"inline_featured_image":false},"product_brand":[],"product_cat":[123],"product_tag":[],"class_list":{"0":"post-2143","1":"product","2":"type-product","3":"status-publish","4":"has-post-thumbnail","6":"product_cat-teamsport_sportgrundschule","8":"first","9":"instock","10":"taxable","11":"shipping-taxable","12":"purchasable","13":"product-type-variable"},"yoast_head":"<!-- This site is optimized with the Yoast SEO plugin v27.0 - https:\/\/yoast.com\/product\/yoast-seo-wordpress\/ -->\n<title>Organic T-Shirt - TSV Otterfing<\/title>\n<meta name=\"robots\" content=\"index, follow, max-snippet:-1, max-image-preview:large, max-video-preview:-1\" \/>\n<link rel=\"canonical\" href=\"https:\/\/www.teamprofi.de\/tsv-otterfing\/produkt\/organic-t-shirt\/\" \/>\n<meta property=\"og:locale\" content=\"de_DE\" \/>\n<meta property=\"og:type\" content=\"article\" \/>\n<meta property=\"og:title\" content=\"Organic T-Shirt - TSV Otterfing\" \/>\n<meta property=\"og:description\" content=\"Beschreibung Klassisches T-Shirt aus nachhaltiger Bio-Baumwolle Unser T-Shirt Organic aus 100 % gek\u00e4mmter, ringgesponnener Bio-Baumwolle in weicher Single-Jersey Qualit\u00e4t. Durch die hochwertige Verarbeitung ist der Klassiker das optimale T-Shirt f\u00fcr\" \/>\n<meta property=\"og:url\" content=\"https:\/\/www.teamprofi.de\/tsv-otterfing\/produkt\/organic-t-shirt\/\" \/>\n<meta property=\"og:site_name\" content=\"TSV Otterfing\" \/>\n<meta property=\"article:modified_time\" content=\"2024-03-26T15:02:56+00:00\" \/>\n<meta property=\"og:image\" content=\"https:\/\/www.teamprofi.de\/tsv-otterfing\/wp-content\/uploads\/sites\/22\/2024\/03\/C6120_400R.jpg\" \/>\n\t<meta property=\"og:image:width\" content=\"2362\" \/>\n\t<meta property=\"og:image:height\" content=\"2362\" \/>\n\t<meta property=\"og:image:type\" content=\"image\/jpeg\" \/>\n<meta name=\"twitter:card\" content=\"summary_large_image\" \/>\n<meta name=\"twitter:label1\" content=\"Gesch\u00e4tzte Lesezeit\" \/>\n\t<meta name=\"twitter:data1\" content=\"1\u00a0Minute\" \/>\n<script type=\"application\/ld+json\" class=\"yoast-schema-graph\">{\"@context\":\"https:\/\/schema.org\",\"@graph\":[{\"@type\":\"WebPage\",\"@id\":\"https:\/\/www.teamprofi.de\/tsv-otterfing\/produkt\/organic-t-shirt\/\",\"url\":\"https:\/\/www.teamprofi.de\/tsv-otterfing\/produkt\/organic-t-shirt\/\",\"name\":\"Organic T-Shirt - TSV Otterfing\",\"isPartOf\":{\"@id\":\"https:\/\/www.teamprofi.de\/tsv-otterfing\/#website\"},\"primaryImageOfPage\":{\"@id\":\"https:\/\/www.teamprofi.de\/tsv-otterfing\/produkt\/organic-t-shirt\/#primaryimage\"},\"image\":{\"@id\":\"https:\/\/www.teamprofi.de\/tsv-otterfing\/produkt\/organic-t-shirt\/#primaryimage\"},\"thumbnailUrl\":\"https:\/\/www.teamprofi.de\/tsv-otterfing\/wp-content\/uploads\/sites\/22\/2024\/03\/C6120_400R.jpg\",\"datePublished\":\"2024-03-26T15:01:18+00:00\",\"dateModified\":\"2024-03-26T15:02:56+00:00\",\"breadcrumb\":{\"@id\":\"https:\/\/www.teamprofi.de\/tsv-otterfing\/produkt\/organic-t-shirt\/#breadcrumb\"},\"inLanguage\":\"de\",\"potentialAction\":[{\"@type\":\"ReadAction\",\"target\":[\"https:\/\/www.teamprofi.de\/tsv-otterfing\/produkt\/organic-t-shirt\/\"]}]},{\"@type\":\"ImageObject\",\"inLanguage\":\"de\",\"@id\":\"https:\/\/www.teamprofi.de\/tsv-otterfing\/produkt\/organic-t-shirt\/#primaryimage\",\"url\":\"https:\/\/www.teamprofi.de\/tsv-otterfing\/wp-content\/uploads\/sites\/22\/2024\/03\/C6120_400R.jpg\",\"contentUrl\":\"https:\/\/www.teamprofi.de\/tsv-otterfing\/wp-content\/uploads\/sites\/22\/2024\/03\/C6120_400R.jpg\",\"width\":2362,\"height\":2362},{\"@type\":\"BreadcrumbList\",\"@id\":\"https:\/\/www.teamprofi.de\/tsv-otterfing\/produkt\/organic-t-shirt\/#breadcrumb\",\"itemListElement\":[{\"@type\":\"ListItem\",\"position\":1,\"name\":\"Startseite\",\"item\":\"https:\/\/www.teamprofi.de\/tsv-otterfing\/\"},{\"@type\":\"ListItem\",\"position\":2,\"name\":\"Shop\",\"item\":\"https:\/\/www.teamprofi.de\/tsv-otterfing\/shop\/\"},{\"@type\":\"ListItem\",\"position\":3,\"name\":\"Organic T-Shirt\"}]},{\"@type\":\"WebSite\",\"@id\":\"https:\/\/www.teamprofi.de\/tsv-otterfing\/#website\",\"url\":\"https:\/\/www.teamprofi.de\/tsv-otterfing\/\",\"name\":\"TSV Otterfing\",\"description\":\"Eine weitere Vereins Shops - Sport G\u00fcrteler Website\",\"potentialAction\":[{\"@type\":\"SearchAction\",\"target\":{\"@type\":\"EntryPoint\",\"urlTemplate\":\"https:\/\/www.teamprofi.de\/tsv-otterfing\/?s={search_term_string}\"},\"query-input\":{\"@type\":\"PropertyValueSpecification\",\"valueRequired\":true,\"valueName\":\"search_term_string\"}}],\"inLanguage\":\"de\"}]}<\/script>\n<!-- \/ Yoast SEO plugin. -->","yoast_head_json":{"title":"Organic T-Shirt - TSV Otterfing","robots":{"index":"index","follow":"follow","max-snippet":"max-snippet:-1","max-image-preview":"max-image-preview:large","max-video-preview":"max-video-preview:-1"},"canonical":"https:\/\/www.teamprofi.de\/tsv-otterfing\/produkt\/organic-t-shirt\/","og_locale":"de_DE","og_type":"article","og_title":"Organic T-Shirt - TSV Otterfing","og_description":"Beschreibung Klassisches T-Shirt aus nachhaltiger Bio-Baumwolle Unser T-Shirt Organic aus 100 % gek\u00e4mmter, ringgesponnener Bio-Baumwolle in weicher Single-Jersey Qualit\u00e4t. Durch die hochwertige Verarbeitung ist der Klassiker das optimale T-Shirt f\u00fcr","og_url":"https:\/\/www.teamprofi.de\/tsv-otterfing\/produkt\/organic-t-shirt\/","og_site_name":"TSV Otterfing","article_modified_time":"2024-03-26T15:02:56+00:00","og_image":[{"width":2362,"height":2362,"url":"https:\/\/www.teamprofi.de\/tsv-otterfing\/wp-content\/uploads\/sites\/22\/2024\/03\/C6120_400R.jpg","type":"image\/jpeg"}],"twitter_card":"summary_large_image","twitter_misc":{"Gesch\u00e4tzte Lesezeit":"1\u00a0Minute"},"schema":{"@context":"https:\/\/schema.org","@graph":[{"@type":"WebPage","@id":"https:\/\/www.teamprofi.de\/tsv-otterfing\/produkt\/organic-t-shirt\/","url":"https:\/\/www.teamprofi.de\/tsv-otterfing\/produkt\/organic-t-shirt\/","name":"Organic T-Shirt - TSV Otterfing","isPartOf":{"@id":"https:\/\/www.teamprofi.de\/tsv-otterfing\/#website"},"primaryImageOfPage":{"@id":"https:\/\/www.teamprofi.de\/tsv-otterfing\/produkt\/organic-t-shirt\/#primaryimage"},"image":{"@id":"https:\/\/www.teamprofi.de\/tsv-otterfing\/produkt\/organic-t-shirt\/#primaryimage"},"thumbnailUrl":"https:\/\/www.teamprofi.de\/tsv-otterfing\/wp-content\/uploads\/sites\/22\/2024\/03\/C6120_400R.jpg","datePublished":"2024-03-26T15:01:18+00:00","dateModified":"2024-03-26T15:02:56+00:00","breadcrumb":{"@id":"https:\/\/www.teamprofi.de\/tsv-otterfing\/produkt\/organic-t-shirt\/#breadcrumb"},"inLanguage":"de","potentialAction":[{"@type":"ReadAction","target":["https:\/\/www.teamprofi.de\/tsv-otterfing\/produkt\/organic-t-shirt\/"]}]},{"@type":"ImageObject","inLanguage":"de","@id":"https:\/\/www.teamprofi.de\/tsv-otterfing\/produkt\/organic-t-shirt\/#primaryimage","url":"https:\/\/www.teamprofi.de\/tsv-otterfing\/wp-content\/uploads\/sites\/22\/2024\/03\/C6120_400R.jpg","contentUrl":"https:\/\/www.teamprofi.de\/tsv-otterfing\/wp-content\/uploads\/sites\/22\/2024\/03\/C6120_400R.jpg","width":2362,"height":2362},{"@type":"BreadcrumbList","@id":"https:\/\/www.teamprofi.de\/tsv-otterfing\/produkt\/organic-t-shirt\/#breadcrumb","itemListElement":[{"@type":"ListItem","position":1,"name":"Startseite","item":"https:\/\/www.teamprofi.de\/tsv-otterfing\/"},{"@type":"ListItem","position":2,"name":"Shop","item":"https:\/\/www.teamprofi.de\/tsv-otterfing\/shop\/"},{"@type":"ListItem","position":3,"name":"Organic T-Shirt"}]},{"@type":"WebSite","@id":"https:\/\/www.teamprofi.de\/tsv-otterfing\/#website","url":"https:\/\/www.teamprofi.de\/tsv-otterfing\/","name":"TSV Otterfing","description":"Eine weitere Vereins Shops - Sport G\u00fcrteler Website","potentialAction":[{"@type":"SearchAction","target":{"@type":"EntryPoint","urlTemplate":"https:\/\/www.teamprofi.de\/tsv-otterfing\/?s={search_term_string}"},"query-input":{"@type":"PropertyValueSpecification","valueRequired":true,"valueName":"search_term_string"}}],"inLanguage":"de"}]}},"_links":{"self":[{"href":"https:\/\/www.teamprofi.de\/tsv-otterfing\/wp-json\/wp\/v2\/product\/2143","targetHints":{"allow":["GET"]}}],"collection":[{"href":"https:\/\/www.teamprofi.de\/tsv-otterfing\/wp-json\/wp\/v2\/product"}],"about":[{"href":"https:\/\/www.teamprofi.de\/tsv-otterfing\/wp-json\/wp\/v2\/types\/product"}],"wp:featuredmedia":[{"embeddable":true,"href":"https:\/\/www.teamprofi.de\/tsv-otterfing\/wp-json\/wp\/v2\/media\/2167"}],"wp:attachment":[{"href":"https:\/\/www.teamprofi.de\/tsv-otterfing\/wp-json\/wp\/v2\/media?parent=2143"}],"wp:term":[{"taxonomy":"product_brand","embeddable":true,"href":"https:\/\/www.teamprofi.de\/tsv-otterfing\/wp-json\/wp\/v2\/product_brand?post=2143"},{"taxonomy":"product_cat","embeddable":true,"href":"https:\/\/www.teamprofi.de\/tsv-otterfing\/wp-json\/wp\/v2\/product_cat?post=2143"},{"taxonomy":"product_tag","embeddable":true,"href":"https:\/\/www.teamprofi.de\/tsv-otterfing\/wp-json\/wp\/v2\/product_tag?post=2143"}],"curies":[{"name":"wp","href":"https:\/\/api.w.org\/{rel}","templated":true}]}}