{"id":2065,"date":"2024-01-31T10:59:43","date_gmt":"2024-01-31T09:59:43","guid":{"rendered":"https:\/\/www.teamprofi.de\/tsv-otterfing\/?post_type=product&#038;p=2065"},"modified":"2025-07-23T18:36:14","modified_gmt":"2025-07-23T16:36:14","slug":"sporthose-challange-damen","status":"publish","type":"product","link":"https:\/\/www.teamprofi.de\/tsv-otterfing\/produkt\/sporthose-challange-damen\/","title":{"rendered":"Sporthose Dynamic Damen"},"content":{"rendered":"<div class=\"wpb-content-wrapper\"><p>[vc_row][vc_column][vc_column_text css=&#8220;&#8220;]<\/p>\n<div id=\"itemcard_right\" class=\"itemcardTopRight col-xs-12 col-md-6 col-lg-5\">\n<div class=\"itemcard_details itemcard_infoblock\">\n<div class=\"itemcard_slidecontent_wrapper\">\n<div class=\"slidecontent_itemcard_wrapper active\">\n<div class=\"hl\">Beschreibung<\/div>\n<div><\/div>\n<div class=\"text\">\n<p><strong>Trainingsshort Dynamic Damen \u2013 Bewegungsfreiheit mit Stil<\/strong><\/p>\n<p>Die Trainingsshort Dynamic Damen ist dein neuer Favorit f\u00fcr Sport und Freizeit. Mit ihrem zweiteiligen elastischen Bund und Kordelzug sitzt sie immer perfekt \u2013 egal ob beim Workout, Joggen oder Relaxen. Die Keep Dry-Technologie sorgt daf\u00fcr, dass du auch bei intensiven Trainingseinheiten angenehm trocken bleibst. Gleichzeitig setzt die Short ein Zeichen f\u00fcr Nachhaltigkeit: Mindestens 50 % der eingesetzten Materialien bestehen aus recyceltem Polyester. Leicht, flexibel und mit einem modernen Design \u2013 diese Trainingsshort kombiniert Funktionalit\u00e4t und Style f\u00fcr jede Gelegenheit. Hol dir die Trainingsshort Dynamic Damen und starte durch \u2013 jetzt bestellen!<\/p>\n<\/div>\n<\/div>\n<div class=\"slidecontent_itemcard_wrapper active\">\n<div class=\"hl\">Details<\/div>\n<div class=\"text\">\n<ul>\n<li>Zweiteiliger elastischer Bund mit Kordelzug<\/li>\n<\/ul>\n<\/div>\n<\/div>\n<div class=\"slidecontent_itemcard_wrapper active\">\n<div class=\"hl\">Material<\/div>\n<div class=\"text\">\n<ul>\n<li>Polyester-Piquet<\/li>\n<li>100 % Polyester (recycelt)<\/li>\n<\/ul>\n<\/div>\n<\/div>\n<div class=\"attributeIcons marginTop--large\"><img decoding=\"async\" class=\"\" title=\"\" src=\"https:\/\/cdn.jako.de\/userdata\/dcshop\/filter_icon\/251439_tec_konzept_keep_dry_2021_70x70px.jpg\" data-toggle=\"tooltip\" data-original-title=\"Microfeine Fasern transportieren Feuchtigkeit unmittelbar an die Oberfl\u00e4che des Stoffes. So gew\u00e4hrleistet KEEP DRY, dass das Material sehr schnell trocknet und Du beim Sport nicht ausk\u00fchlst. \" \/><img decoding=\"async\" class=\"\" title=\"\" src=\"https:\/\/cdn.jako.de\/userdata\/dcshop\/filter_icon\/605088_fair_logo_ganz_70x70px.jpg\" data-toggle=\"tooltip\" data-original-title=\"100 % der eingesetzten Materialien bestehen aus recycelten Textilien\" \/><\/div>\n<div class=\"attributeIcons__item marginTop--large\"><img decoding=\"async\" title=\"\" src=\"https:\/\/cdn.jako.de\/userdata\/dcshop\/filter_icon\/170931_wash40.png\" data-toggle=\"tooltip\" data-original-title=\"40\u00b0 waschen\" \/><img decoding=\"async\" title=\"\" src=\"https:\/\/cdn.jako.de\/userdata\/dcshop\/filter_icon\/911081_bleach_not.png\" data-toggle=\"tooltip\" data-original-title=\"Nicht chloren\" \/><img decoding=\"async\" title=\"\" src=\"https:\/\/cdn.jako.de\/userdata\/dcshop\/filter_icon\/848187_tumble_low.png\" data-toggle=\"tooltip\" data-original-title=\"Trocknen niedrige Temperatur\" \/><img decoding=\"async\" class=\"\" title=\"\" src=\"https:\/\/cdn.jako.de\/userdata\/dcshop\/filter_icon\/438269_iron_low.png\" data-toggle=\"tooltip\" data-original-title=\"B\u00fcgeln niedrige Temperatur\" \/><img decoding=\"async\" class=\"\" title=\"\" src=\"https:\/\/cdn.jako.de\/userdata\/dcshop\/filter_icon\/591149_clean_not.png\" data-toggle=\"tooltip\" data-original-title=\"Nicht chemisch reinigen\" \/><\/div>\n<\/div>\n<\/div>\n<\/div>\n<p>[\/vc_column_text][\/vc_column][\/vc_row]<\/p>\n<\/div>","protected":false},"excerpt":{"rendered":"<p>[vc_row][vc_column][vc_column_text css=&#8220;&#8220;] Beschreibung Trainingsshort Dynamic Damen \u2013 Bewegungsfreiheit mit Stil Die Trainingsshort Dynamic Damen ist dein neuer Favorit f\u00fcr Sport und Freizeit. Mit ihrem zweiteiligen elastischen Bund und Kordelzug sitzt<\/p>\n","protected":false},"featured_media":2521,"template":"","meta":{"inline_featured_image":false},"product_brand":[],"product_cat":[122],"product_tag":[],"class_list":{"0":"post-2065","1":"product","2":"type-product","3":"status-publish","4":"has-post-thumbnail","6":"product_cat-teamsport_volleyball","8":"first","9":"instock","10":"taxable","11":"shipping-taxable","12":"purchasable","13":"product-type-variable"},"yoast_head":"<!-- This site is optimized with the Yoast SEO plugin v27.0 - https:\/\/yoast.com\/product\/yoast-seo-wordpress\/ -->\n<title>Sporthose Dynamic Damen - TSV Otterfing<\/title>\n<meta name=\"robots\" content=\"index, follow, max-snippet:-1, max-image-preview:large, max-video-preview:-1\" \/>\n<link rel=\"canonical\" href=\"https:\/\/www.teamprofi.de\/tsv-otterfing\/produkt\/sporthose-challange-damen\/\" \/>\n<meta property=\"og:locale\" content=\"de_DE\" \/>\n<meta property=\"og:type\" content=\"article\" \/>\n<meta property=\"og:title\" content=\"Sporthose Dynamic Damen - TSV Otterfing\" \/>\n<meta property=\"og:description\" content=\"[vc_row][vc_column][vc_column_text css=&#8220;&#8220;] Beschreibung Trainingsshort Dynamic Damen \u2013 Bewegungsfreiheit mit Stil Die Trainingsshort Dynamic Damen ist dein neuer Favorit f\u00fcr Sport und Freizeit. Mit ihrem zweiteiligen elastischen Bund und Kordelzug sitzt\" \/>\n<meta property=\"og:url\" content=\"https:\/\/www.teamprofi.de\/tsv-otterfing\/produkt\/sporthose-challange-damen\/\" \/>\n<meta property=\"og:site_name\" content=\"TSV Otterfing\" \/>\n<meta property=\"article:modified_time\" content=\"2025-07-23T16:36:14+00:00\" \/>\n<meta property=\"og:image\" content=\"https:\/\/www.teamprofi.de\/tsv-otterfing\/wp-content\/uploads\/sites\/22\/2024\/01\/8570-800-.jpg\" \/>\n\t<meta property=\"og:image:width\" content=\"1772\" \/>\n\t<meta property=\"og:image:height\" content=\"1772\" \/>\n\t<meta property=\"og:image:type\" content=\"image\/jpeg\" \/>\n<meta name=\"twitter:card\" content=\"summary_large_image\" \/>\n<meta name=\"twitter:label1\" content=\"Gesch\u00e4tzte Lesezeit\" \/>\n\t<meta name=\"twitter:data1\" content=\"3\u00a0Minuten\" \/>\n<script type=\"application\/ld+json\" class=\"yoast-schema-graph\">{\"@context\":\"https:\/\/schema.org\",\"@graph\":[{\"@type\":\"WebPage\",\"@id\":\"https:\/\/www.teamprofi.de\/tsv-otterfing\/produkt\/sporthose-challange-damen\/\",\"url\":\"https:\/\/www.teamprofi.de\/tsv-otterfing\/produkt\/sporthose-challange-damen\/\",\"name\":\"Sporthose Dynamic Damen - TSV Otterfing\",\"isPartOf\":{\"@id\":\"https:\/\/www.teamprofi.de\/tsv-otterfing\/#website\"},\"primaryImageOfPage\":{\"@id\":\"https:\/\/www.teamprofi.de\/tsv-otterfing\/produkt\/sporthose-challange-damen\/#primaryimage\"},\"image\":{\"@id\":\"https:\/\/www.teamprofi.de\/tsv-otterfing\/produkt\/sporthose-challange-damen\/#primaryimage\"},\"thumbnailUrl\":\"https:\/\/www.teamprofi.de\/tsv-otterfing\/wp-content\/uploads\/sites\/22\/2024\/01\/8570-800-.jpg\",\"datePublished\":\"2024-01-31T09:59:43+00:00\",\"dateModified\":\"2025-07-23T16:36:14+00:00\",\"breadcrumb\":{\"@id\":\"https:\/\/www.teamprofi.de\/tsv-otterfing\/produkt\/sporthose-challange-damen\/#breadcrumb\"},\"inLanguage\":\"de\",\"potentialAction\":[{\"@type\":\"ReadAction\",\"target\":[\"https:\/\/www.teamprofi.de\/tsv-otterfing\/produkt\/sporthose-challange-damen\/\"]}]},{\"@type\":\"ImageObject\",\"inLanguage\":\"de\",\"@id\":\"https:\/\/www.teamprofi.de\/tsv-otterfing\/produkt\/sporthose-challange-damen\/#primaryimage\",\"url\":\"https:\/\/www.teamprofi.de\/tsv-otterfing\/wp-content\/uploads\/sites\/22\/2024\/01\/8570-800-.jpg\",\"contentUrl\":\"https:\/\/www.teamprofi.de\/tsv-otterfing\/wp-content\/uploads\/sites\/22\/2024\/01\/8570-800-.jpg\",\"width\":1772,\"height\":1772},{\"@type\":\"BreadcrumbList\",\"@id\":\"https:\/\/www.teamprofi.de\/tsv-otterfing\/produkt\/sporthose-challange-damen\/#breadcrumb\",\"itemListElement\":[{\"@type\":\"ListItem\",\"position\":1,\"name\":\"Startseite\",\"item\":\"https:\/\/www.teamprofi.de\/tsv-otterfing\/\"},{\"@type\":\"ListItem\",\"position\":2,\"name\":\"Shop\",\"item\":\"https:\/\/www.teamprofi.de\/tsv-otterfing\/shop\/\"},{\"@type\":\"ListItem\",\"position\":3,\"name\":\"Sporthose Dynamic Damen\"}]},{\"@type\":\"WebSite\",\"@id\":\"https:\/\/www.teamprofi.de\/tsv-otterfing\/#website\",\"url\":\"https:\/\/www.teamprofi.de\/tsv-otterfing\/\",\"name\":\"TSV Otterfing\",\"description\":\"Eine weitere Vereins Shops - Sport G\u00fcrteler Website\",\"potentialAction\":[{\"@type\":\"SearchAction\",\"target\":{\"@type\":\"EntryPoint\",\"urlTemplate\":\"https:\/\/www.teamprofi.de\/tsv-otterfing\/?s={search_term_string}\"},\"query-input\":{\"@type\":\"PropertyValueSpecification\",\"valueRequired\":true,\"valueName\":\"search_term_string\"}}],\"inLanguage\":\"de\"}]}<\/script>\n<!-- \/ Yoast SEO plugin. -->","yoast_head_json":{"title":"Sporthose Dynamic Damen - TSV Otterfing","robots":{"index":"index","follow":"follow","max-snippet":"max-snippet:-1","max-image-preview":"max-image-preview:large","max-video-preview":"max-video-preview:-1"},"canonical":"https:\/\/www.teamprofi.de\/tsv-otterfing\/produkt\/sporthose-challange-damen\/","og_locale":"de_DE","og_type":"article","og_title":"Sporthose Dynamic Damen - TSV Otterfing","og_description":"[vc_row][vc_column][vc_column_text css=&#8220;&#8220;] Beschreibung Trainingsshort Dynamic Damen \u2013 Bewegungsfreiheit mit Stil Die Trainingsshort Dynamic Damen ist dein neuer Favorit f\u00fcr Sport und Freizeit. Mit ihrem zweiteiligen elastischen Bund und Kordelzug sitzt","og_url":"https:\/\/www.teamprofi.de\/tsv-otterfing\/produkt\/sporthose-challange-damen\/","og_site_name":"TSV Otterfing","article_modified_time":"2025-07-23T16:36:14+00:00","og_image":[{"width":1772,"height":1772,"url":"https:\/\/www.teamprofi.de\/tsv-otterfing\/wp-content\/uploads\/sites\/22\/2024\/01\/8570-800-.jpg","type":"image\/jpeg"}],"twitter_card":"summary_large_image","twitter_misc":{"Gesch\u00e4tzte Lesezeit":"3\u00a0Minuten"},"schema":{"@context":"https:\/\/schema.org","@graph":[{"@type":"WebPage","@id":"https:\/\/www.teamprofi.de\/tsv-otterfing\/produkt\/sporthose-challange-damen\/","url":"https:\/\/www.teamprofi.de\/tsv-otterfing\/produkt\/sporthose-challange-damen\/","name":"Sporthose Dynamic Damen - TSV Otterfing","isPartOf":{"@id":"https:\/\/www.teamprofi.de\/tsv-otterfing\/#website"},"primaryImageOfPage":{"@id":"https:\/\/www.teamprofi.de\/tsv-otterfing\/produkt\/sporthose-challange-damen\/#primaryimage"},"image":{"@id":"https:\/\/www.teamprofi.de\/tsv-otterfing\/produkt\/sporthose-challange-damen\/#primaryimage"},"thumbnailUrl":"https:\/\/www.teamprofi.de\/tsv-otterfing\/wp-content\/uploads\/sites\/22\/2024\/01\/8570-800-.jpg","datePublished":"2024-01-31T09:59:43+00:00","dateModified":"2025-07-23T16:36:14+00:00","breadcrumb":{"@id":"https:\/\/www.teamprofi.de\/tsv-otterfing\/produkt\/sporthose-challange-damen\/#breadcrumb"},"inLanguage":"de","potentialAction":[{"@type":"ReadAction","target":["https:\/\/www.teamprofi.de\/tsv-otterfing\/produkt\/sporthose-challange-damen\/"]}]},{"@type":"ImageObject","inLanguage":"de","@id":"https:\/\/www.teamprofi.de\/tsv-otterfing\/produkt\/sporthose-challange-damen\/#primaryimage","url":"https:\/\/www.teamprofi.de\/tsv-otterfing\/wp-content\/uploads\/sites\/22\/2024\/01\/8570-800-.jpg","contentUrl":"https:\/\/www.teamprofi.de\/tsv-otterfing\/wp-content\/uploads\/sites\/22\/2024\/01\/8570-800-.jpg","width":1772,"height":1772},{"@type":"BreadcrumbList","@id":"https:\/\/www.teamprofi.de\/tsv-otterfing\/produkt\/sporthose-challange-damen\/#breadcrumb","itemListElement":[{"@type":"ListItem","position":1,"name":"Startseite","item":"https:\/\/www.teamprofi.de\/tsv-otterfing\/"},{"@type":"ListItem","position":2,"name":"Shop","item":"https:\/\/www.teamprofi.de\/tsv-otterfing\/shop\/"},{"@type":"ListItem","position":3,"name":"Sporthose Dynamic Damen"}]},{"@type":"WebSite","@id":"https:\/\/www.teamprofi.de\/tsv-otterfing\/#website","url":"https:\/\/www.teamprofi.de\/tsv-otterfing\/","name":"TSV Otterfing","description":"Eine weitere Vereins Shops - Sport G\u00fcrteler Website","potentialAction":[{"@type":"SearchAction","target":{"@type":"EntryPoint","urlTemplate":"https:\/\/www.teamprofi.de\/tsv-otterfing\/?s={search_term_string}"},"query-input":{"@type":"PropertyValueSpecification","valueRequired":true,"valueName":"search_term_string"}}],"inLanguage":"de"}]}},"_links":{"self":[{"href":"https:\/\/www.teamprofi.de\/tsv-otterfing\/wp-json\/wp\/v2\/product\/2065","targetHints":{"allow":["GET"]}}],"collection":[{"href":"https:\/\/www.teamprofi.de\/tsv-otterfing\/wp-json\/wp\/v2\/product"}],"about":[{"href":"https:\/\/www.teamprofi.de\/tsv-otterfing\/wp-json\/wp\/v2\/types\/product"}],"wp:featuredmedia":[{"embeddable":true,"href":"https:\/\/www.teamprofi.de\/tsv-otterfing\/wp-json\/wp\/v2\/media\/2521"}],"wp:attachment":[{"href":"https:\/\/www.teamprofi.de\/tsv-otterfing\/wp-json\/wp\/v2\/media?parent=2065"}],"wp:term":[{"taxonomy":"product_brand","embeddable":true,"href":"https:\/\/www.teamprofi.de\/tsv-otterfing\/wp-json\/wp\/v2\/product_brand?post=2065"},{"taxonomy":"product_cat","embeddable":true,"href":"https:\/\/www.teamprofi.de\/tsv-otterfing\/wp-json\/wp\/v2\/product_cat?post=2065"},{"taxonomy":"product_tag","embeddable":true,"href":"https:\/\/www.teamprofi.de\/tsv-otterfing\/wp-json\/wp\/v2\/product_tag?post=2065"}],"curies":[{"name":"wp","href":"https:\/\/api.w.org\/{rel}","templated":true}]}}