{"id":1886,"date":"2024-01-20T12:36:21","date_gmt":"2024-01-20T11:36:21","guid":{"rendered":"https:\/\/www.teamprofi.de\/tsv-otterfing\/?post_type=product&#038;p=1886"},"modified":"2024-02-03T10:55:38","modified_gmt":"2024-02-03T09:55:38","slug":"trikot-team","status":"publish","type":"product","link":"https:\/\/www.teamprofi.de\/tsv-otterfing\/produkt\/trikot-team\/","title":{"rendered":"Trikot Team Kinder\/Herren"},"content":{"rendered":"<div id=\"itemcard_right\" class=\"itemcardTopRight col-xs-12 col-md-6 col-lg-5\">\n<div class=\"itemcard_details itemcard_infoblock\">\n<div class=\"itemcard_slidecontent_wrapper\">\n<div class=\"slidecontent_itemcard_wrapper active\">\n<div class=\"hl\"><strong>Beschreibung<\/strong><\/div>\n<div><\/div>\n<div class=\"text\">Ihr seid ein Team, deshalb brauchst Du das passende Trikot f\u00fcr das Training. Das kurz\u00e4rmlige Modell TEAM aus dem JAKO Fu\u00dfball Shop ist die optimale Wahl. Das Interlockgewebe ist mit der Funktion KEEP DRY ausgestattet: Feuchtigkeit wird schnell vom K\u00f6rper weg nach au\u00dfen transportiert. So bleibt das angenehme Tragegef\u00fchl auch bei hoher Belastung bestehen. Dar\u00fcber hinaus ist das Jersey schnelltrocknend und pflegeleicht.<\/div>\n<\/div>\n<div class=\"slidecontent_itemcard_wrapper active\">\n<div class=\"hl\"><strong>Details<\/strong><\/div>\n<div class=\"text\">\n<ul>\n<li>Rippkragen<\/li>\n<li>Moderne Uni-Optik<\/li>\n<li>Polyester-Interlock<\/li>\n<\/ul>\n<\/div>\n<\/div>\n<div class=\"slidecontent_itemcard_wrapper active\">\n<div class=\"hl\"><strong>Material<\/strong><\/div>\n<div class=\"text\">\n<ul>\n<li>100 % Polyester<\/li>\n<li><\/li>\n<\/ul>\n<\/div>\n<\/div>\n<div class=\"attributeIcons marginTop--large\"><img decoding=\"async\" title=\"\" src=\"https:\/\/cdn.jako.de\/userdata\/dcshop\/filter_icon\/251439_tec_konzept_keep_dry_2021_70x70px.jpg\" data-toggle=\"tooltip\" data-original-title=\"Microfeine Fasern transportieren Feuchtigkeit unmittelbar an die Oberfl\u00e4che des Stoffes. So gew\u00e4hrleistet KEEP DRY, dass das Material sehr schnell trocknet und Du beim Sport nicht ausk\u00fchlst. \" \/><\/div>\n<div class=\"attributeIcons__item marginTop--large\"><img decoding=\"async\" title=\"\" src=\"https:\/\/cdn.jako.de\/userdata\/dcshop\/filter_icon\/170931_wash40.png\" data-toggle=\"tooltip\" data-original-title=\"40\u00b0 waschen\" \/><img decoding=\"async\" title=\"\" src=\"https:\/\/cdn.jako.de\/userdata\/dcshop\/filter_icon\/911081_bleach_not.png\" data-toggle=\"tooltip\" data-original-title=\"Nicht chloren\" \/><img decoding=\"async\" title=\"\" src=\"https:\/\/cdn.jako.de\/userdata\/dcshop\/filter_icon\/848187_tumble_low.png\" data-toggle=\"tooltip\" data-original-title=\"Trocknen niedrige Temperatur\" \/><img decoding=\"async\" title=\"\" src=\"https:\/\/cdn.jako.de\/userdata\/dcshop\/filter_icon\/438269_iron_low.png\" data-toggle=\"tooltip\" data-original-title=\"B\u00fcgeln niedrige Temperatur\" \/><img decoding=\"async\" class=\"\" title=\"\" src=\"https:\/\/cdn.jako.de\/userdata\/dcshop\/filter_icon\/591149_clean_not.png\" data-toggle=\"tooltip\" data-original-title=\"Nicht chemisch reinigen\" \/><\/div>\n<\/div>\n<\/div>\n<\/div>\n","protected":false},"excerpt":{"rendered":"<p>Beschreibung Ihr seid ein Team, deshalb brauchst Du das passende Trikot f\u00fcr das Training. Das kurz\u00e4rmlige Modell TEAM aus dem JAKO Fu\u00dfball Shop ist die optimale Wahl. Das Interlockgewebe ist<\/p>\n","protected":false},"featured_media":1898,"template":"","meta":{"inline_featured_image":false},"product_brand":[],"product_cat":[122],"product_tag":[],"class_list":{"0":"post-1886","1":"product","2":"type-product","3":"status-publish","4":"has-post-thumbnail","6":"product_cat-teamsport_volleyball","8":"first","9":"instock","10":"taxable","11":"shipping-taxable","12":"purchasable","13":"product-type-variable"},"yoast_head":"<!-- This site is optimized with the Yoast SEO plugin v27.0 - https:\/\/yoast.com\/product\/yoast-seo-wordpress\/ -->\n<title>Trikot Team Kinder\/Herren - TSV Otterfing<\/title>\n<meta name=\"robots\" content=\"index, follow, max-snippet:-1, max-image-preview:large, max-video-preview:-1\" \/>\n<link rel=\"canonical\" href=\"https:\/\/www.teamprofi.de\/tsv-otterfing\/produkt\/trikot-team\/\" \/>\n<meta property=\"og:locale\" content=\"de_DE\" \/>\n<meta property=\"og:type\" content=\"article\" \/>\n<meta property=\"og:title\" content=\"Trikot Team Kinder\/Herren - TSV Otterfing\" \/>\n<meta property=\"og:description\" content=\"Beschreibung Ihr seid ein Team, deshalb brauchst Du das passende Trikot f\u00fcr das Training. Das kurz\u00e4rmlige Modell TEAM aus dem JAKO Fu\u00dfball Shop ist die optimale Wahl. Das Interlockgewebe ist\" \/>\n<meta property=\"og:url\" content=\"https:\/\/www.teamprofi.de\/tsv-otterfing\/produkt\/trikot-team\/\" \/>\n<meta property=\"og:site_name\" content=\"TSV Otterfing\" \/>\n<meta property=\"article:modified_time\" content=\"2024-02-03T09:55:38+00:00\" \/>\n<meta property=\"og:image\" content=\"https:\/\/www.teamprofi.de\/tsv-otterfing\/wp-content\/uploads\/sites\/22\/2023\/12\/4233_00V.jpg\" \/>\n\t<meta property=\"og:image:width\" content=\"2362\" \/>\n\t<meta property=\"og:image:height\" content=\"2362\" \/>\n\t<meta property=\"og:image:type\" content=\"image\/jpeg\" \/>\n<meta name=\"twitter:card\" content=\"summary_large_image\" \/>\n<script type=\"application\/ld+json\" class=\"yoast-schema-graph\">{\"@context\":\"https:\/\/schema.org\",\"@graph\":[{\"@type\":\"WebPage\",\"@id\":\"https:\/\/www.teamprofi.de\/tsv-otterfing\/produkt\/trikot-team\/\",\"url\":\"https:\/\/www.teamprofi.de\/tsv-otterfing\/produkt\/trikot-team\/\",\"name\":\"Trikot Team Kinder\/Herren - TSV Otterfing\",\"isPartOf\":{\"@id\":\"https:\/\/www.teamprofi.de\/tsv-otterfing\/#website\"},\"primaryImageOfPage\":{\"@id\":\"https:\/\/www.teamprofi.de\/tsv-otterfing\/produkt\/trikot-team\/#primaryimage\"},\"image\":{\"@id\":\"https:\/\/www.teamprofi.de\/tsv-otterfing\/produkt\/trikot-team\/#primaryimage\"},\"thumbnailUrl\":\"https:\/\/www.teamprofi.de\/tsv-otterfing\/wp-content\/uploads\/sites\/22\/2023\/12\/4233_00V.jpg\",\"datePublished\":\"2024-01-20T11:36:21+00:00\",\"dateModified\":\"2024-02-03T09:55:38+00:00\",\"breadcrumb\":{\"@id\":\"https:\/\/www.teamprofi.de\/tsv-otterfing\/produkt\/trikot-team\/#breadcrumb\"},\"inLanguage\":\"de\",\"potentialAction\":[{\"@type\":\"ReadAction\",\"target\":[\"https:\/\/www.teamprofi.de\/tsv-otterfing\/produkt\/trikot-team\/\"]}]},{\"@type\":\"ImageObject\",\"inLanguage\":\"de\",\"@id\":\"https:\/\/www.teamprofi.de\/tsv-otterfing\/produkt\/trikot-team\/#primaryimage\",\"url\":\"https:\/\/www.teamprofi.de\/tsv-otterfing\/wp-content\/uploads\/sites\/22\/2023\/12\/4233_00V.jpg\",\"contentUrl\":\"https:\/\/www.teamprofi.de\/tsv-otterfing\/wp-content\/uploads\/sites\/22\/2023\/12\/4233_00V.jpg\",\"width\":2362,\"height\":2362},{\"@type\":\"BreadcrumbList\",\"@id\":\"https:\/\/www.teamprofi.de\/tsv-otterfing\/produkt\/trikot-team\/#breadcrumb\",\"itemListElement\":[{\"@type\":\"ListItem\",\"position\":1,\"name\":\"Startseite\",\"item\":\"https:\/\/www.teamprofi.de\/tsv-otterfing\/\"},{\"@type\":\"ListItem\",\"position\":2,\"name\":\"Shop\",\"item\":\"https:\/\/www.teamprofi.de\/tsv-otterfing\/shop\/\"},{\"@type\":\"ListItem\",\"position\":3,\"name\":\"Trikot Team Kinder\/Herren\"}]},{\"@type\":\"WebSite\",\"@id\":\"https:\/\/www.teamprofi.de\/tsv-otterfing\/#website\",\"url\":\"https:\/\/www.teamprofi.de\/tsv-otterfing\/\",\"name\":\"TSV Otterfing\",\"description\":\"Eine weitere Vereins Shops - Sport G\u00fcrteler Website\",\"potentialAction\":[{\"@type\":\"SearchAction\",\"target\":{\"@type\":\"EntryPoint\",\"urlTemplate\":\"https:\/\/www.teamprofi.de\/tsv-otterfing\/?s={search_term_string}\"},\"query-input\":{\"@type\":\"PropertyValueSpecification\",\"valueRequired\":true,\"valueName\":\"search_term_string\"}}],\"inLanguage\":\"de\"}]}<\/script>\n<!-- \/ Yoast SEO plugin. -->","yoast_head_json":{"title":"Trikot Team Kinder\/Herren - TSV Otterfing","robots":{"index":"index","follow":"follow","max-snippet":"max-snippet:-1","max-image-preview":"max-image-preview:large","max-video-preview":"max-video-preview:-1"},"canonical":"https:\/\/www.teamprofi.de\/tsv-otterfing\/produkt\/trikot-team\/","og_locale":"de_DE","og_type":"article","og_title":"Trikot Team Kinder\/Herren - TSV Otterfing","og_description":"Beschreibung Ihr seid ein Team, deshalb brauchst Du das passende Trikot f\u00fcr das Training. Das kurz\u00e4rmlige Modell TEAM aus dem JAKO Fu\u00dfball Shop ist die optimale Wahl. Das Interlockgewebe ist","og_url":"https:\/\/www.teamprofi.de\/tsv-otterfing\/produkt\/trikot-team\/","og_site_name":"TSV Otterfing","article_modified_time":"2024-02-03T09:55:38+00:00","og_image":[{"width":2362,"height":2362,"url":"https:\/\/www.teamprofi.de\/tsv-otterfing\/wp-content\/uploads\/sites\/22\/2023\/12\/4233_00V.jpg","type":"image\/jpeg"}],"twitter_card":"summary_large_image","schema":{"@context":"https:\/\/schema.org","@graph":[{"@type":"WebPage","@id":"https:\/\/www.teamprofi.de\/tsv-otterfing\/produkt\/trikot-team\/","url":"https:\/\/www.teamprofi.de\/tsv-otterfing\/produkt\/trikot-team\/","name":"Trikot Team Kinder\/Herren - TSV Otterfing","isPartOf":{"@id":"https:\/\/www.teamprofi.de\/tsv-otterfing\/#website"},"primaryImageOfPage":{"@id":"https:\/\/www.teamprofi.de\/tsv-otterfing\/produkt\/trikot-team\/#primaryimage"},"image":{"@id":"https:\/\/www.teamprofi.de\/tsv-otterfing\/produkt\/trikot-team\/#primaryimage"},"thumbnailUrl":"https:\/\/www.teamprofi.de\/tsv-otterfing\/wp-content\/uploads\/sites\/22\/2023\/12\/4233_00V.jpg","datePublished":"2024-01-20T11:36:21+00:00","dateModified":"2024-02-03T09:55:38+00:00","breadcrumb":{"@id":"https:\/\/www.teamprofi.de\/tsv-otterfing\/produkt\/trikot-team\/#breadcrumb"},"inLanguage":"de","potentialAction":[{"@type":"ReadAction","target":["https:\/\/www.teamprofi.de\/tsv-otterfing\/produkt\/trikot-team\/"]}]},{"@type":"ImageObject","inLanguage":"de","@id":"https:\/\/www.teamprofi.de\/tsv-otterfing\/produkt\/trikot-team\/#primaryimage","url":"https:\/\/www.teamprofi.de\/tsv-otterfing\/wp-content\/uploads\/sites\/22\/2023\/12\/4233_00V.jpg","contentUrl":"https:\/\/www.teamprofi.de\/tsv-otterfing\/wp-content\/uploads\/sites\/22\/2023\/12\/4233_00V.jpg","width":2362,"height":2362},{"@type":"BreadcrumbList","@id":"https:\/\/www.teamprofi.de\/tsv-otterfing\/produkt\/trikot-team\/#breadcrumb","itemListElement":[{"@type":"ListItem","position":1,"name":"Startseite","item":"https:\/\/www.teamprofi.de\/tsv-otterfing\/"},{"@type":"ListItem","position":2,"name":"Shop","item":"https:\/\/www.teamprofi.de\/tsv-otterfing\/shop\/"},{"@type":"ListItem","position":3,"name":"Trikot Team Kinder\/Herren"}]},{"@type":"WebSite","@id":"https:\/\/www.teamprofi.de\/tsv-otterfing\/#website","url":"https:\/\/www.teamprofi.de\/tsv-otterfing\/","name":"TSV Otterfing","description":"Eine weitere Vereins Shops - Sport G\u00fcrteler Website","potentialAction":[{"@type":"SearchAction","target":{"@type":"EntryPoint","urlTemplate":"https:\/\/www.teamprofi.de\/tsv-otterfing\/?s={search_term_string}"},"query-input":{"@type":"PropertyValueSpecification","valueRequired":true,"valueName":"search_term_string"}}],"inLanguage":"de"}]}},"_links":{"self":[{"href":"https:\/\/www.teamprofi.de\/tsv-otterfing\/wp-json\/wp\/v2\/product\/1886","targetHints":{"allow":["GET"]}}],"collection":[{"href":"https:\/\/www.teamprofi.de\/tsv-otterfing\/wp-json\/wp\/v2\/product"}],"about":[{"href":"https:\/\/www.teamprofi.de\/tsv-otterfing\/wp-json\/wp\/v2\/types\/product"}],"wp:featuredmedia":[{"embeddable":true,"href":"https:\/\/www.teamprofi.de\/tsv-otterfing\/wp-json\/wp\/v2\/media\/1898"}],"wp:attachment":[{"href":"https:\/\/www.teamprofi.de\/tsv-otterfing\/wp-json\/wp\/v2\/media?parent=1886"}],"wp:term":[{"taxonomy":"product_brand","embeddable":true,"href":"https:\/\/www.teamprofi.de\/tsv-otterfing\/wp-json\/wp\/v2\/product_brand?post=1886"},{"taxonomy":"product_cat","embeddable":true,"href":"https:\/\/www.teamprofi.de\/tsv-otterfing\/wp-json\/wp\/v2\/product_cat?post=1886"},{"taxonomy":"product_tag","embeddable":true,"href":"https:\/\/www.teamprofi.de\/tsv-otterfing\/wp-json\/wp\/v2\/product_tag?post=1886"}],"curies":[{"name":"wp","href":"https:\/\/api.w.org\/{rel}","templated":true}]}}