{"id":1658,"date":"2024-01-20T12:36:23","date_gmt":"2024-01-20T11:36:23","guid":{"rendered":"https:\/\/www.teamprofi.de\/tsv-otterfing\/?post_type=product&#038;p=1658"},"modified":"2024-01-20T12:36:23","modified_gmt":"2024-01-20T11:36:23","slug":"2-in-1-short-damen","status":"publish","type":"product","link":"https:\/\/www.teamprofi.de\/tsv-otterfing\/produkt\/2-in-1-short-damen\/","title":{"rendered":"2-in-1 Short Damen"},"content":{"rendered":"<div class=\"slidecontent_itemcard_wrapper active\">\n<div class=\"hl\"><strong>Beschreibung<\/strong><\/div>\n<div><\/div>\n<div class=\"text\">Du m\u00f6chtest Streckenrekorde brechen, harte Wettk\u00e4mpfe bestreiten oder im Fitness-Studio an deiner Form arbeiten? Wir haben das perfekte Outfit f\u00fcr Running und Fitness, zum Beispiel die ab 2019. Die Short ist f\u00fcr Damen im taillierten LADIES FIT geschnitten. Der elastische Bund garantiert festen Halt und verhindert unangenehme Druckstellen. Das komfortable 4-Wege-Stretchmaterial mit KEEP DRY Funktion verleiht dir ein angenehmes K\u00f6rpergef\u00fchl beim Sport. Microfeine Fasern transportieren Feuchtigkeit unmittelbar an die Oberfl\u00e4che des Stoffes. So trocknet das Material sehr schnell und sch\u00fctzt deinen K\u00f6rper vor Ausk\u00fchlung. Die 2-in-1 Short mit enganliegender, integrierter Tight sorgt f\u00fcr angenehmen Tragekomfort. Die integrierte Tight besteht zu 90% aus Polyester und 10% aus Elasthan. Die Short besteht aus 92% Polyester und 8% Elasthan. Durch den Elasthan-Anteil in Innen- und Au\u00dfenhose sind Flexibilit\u00e4t und Bewegungsfreiheit garantiert. Eine weitere praktische Eigenschaft der 2-in-1 Short ist die Ges\u00e4\u00dftasche mit Rei\u00dfverschluss. Beim Sport stellt sich immer die Frage: Wohin mit den Wertsachen? Deine Wertsachen kannst du beim Laufen in der Ges\u00e4\u00dftasche problemlos verstauen. Der Rei\u00dfverschluss verhindert, dass du Handy und Portemonnaie beim Sport verlierst. Da die Ges\u00e4\u00dftasche am R\u00fccken platziert ist, wirst du in deiner Bewegungsfreiheit beim Sport nicht eingeschr\u00e4nkt.<\/div>\n<\/div>\n<div><\/div>\n<div><\/div>\n<div>\n<div class=\"slidecontent_itemcard_wrapper active\">\n<div class=\"hl\"><strong>Material<\/strong><\/div>\n<div class=\"text\">\n<ul>\n<li>Innenhose: 87 % Polyester, 13 % Elasthan<\/li>\n<li>Au\u00dfenhose: 100 % Polyester<\/li>\n<\/ul>\n<\/div>\n<\/div>\n<\/div>\n","protected":false},"excerpt":{"rendered":"<p>Beschreibung Du m\u00f6chtest Streckenrekorde brechen, harte Wettk\u00e4mpfe bestreiten oder im Fitness-Studio an deiner Form arbeiten? Wir haben das perfekte Outfit f\u00fcr Running und Fitness, zum Beispiel die ab 2019. Die<\/p>\n","protected":false},"featured_media":1665,"template":"","meta":{"inline_featured_image":false},"product_brand":[],"product_cat":[121],"product_tag":[],"class_list":{"0":"post-1658","1":"product","2":"type-product","3":"status-publish","4":"has-post-thumbnail","6":"product_cat-teamsport_tennis","8":"first","9":"instock","10":"taxable","11":"shipping-taxable","12":"purchasable","13":"product-type-variable"},"yoast_head":"<!-- This site is optimized with the Yoast SEO plugin v27.0 - https:\/\/yoast.com\/product\/yoast-seo-wordpress\/ -->\n<title>2-in-1 Short Damen - TSV Otterfing<\/title>\n<meta name=\"robots\" content=\"index, follow, max-snippet:-1, max-image-preview:large, max-video-preview:-1\" \/>\n<link rel=\"canonical\" href=\"https:\/\/www.teamprofi.de\/tsv-otterfing\/produkt\/2-in-1-short-damen\/\" \/>\n<meta property=\"og:locale\" content=\"de_DE\" \/>\n<meta property=\"og:type\" content=\"article\" \/>\n<meta property=\"og:title\" content=\"2-in-1 Short Damen - TSV Otterfing\" \/>\n<meta property=\"og:description\" content=\"Beschreibung Du m\u00f6chtest Streckenrekorde brechen, harte Wettk\u00e4mpfe bestreiten oder im Fitness-Studio an deiner Form arbeiten? Wir haben das perfekte Outfit f\u00fcr Running und Fitness, zum Beispiel die ab 2019. Die\" \/>\n<meta property=\"og:url\" content=\"https:\/\/www.teamprofi.de\/tsv-otterfing\/produkt\/2-in-1-short-damen\/\" \/>\n<meta property=\"og:site_name\" content=\"TSV Otterfing\" \/>\n<meta property=\"og:image\" content=\"https:\/\/www.teamprofi.de\/tsv-otterfing\/wp-content\/uploads\/sites\/22\/2023\/04\/6249_08.jpg\" \/>\n\t<meta property=\"og:image:width\" content=\"1200\" \/>\n\t<meta property=\"og:image:height\" content=\"1200\" \/>\n\t<meta property=\"og:image:type\" content=\"image\/jpeg\" \/>\n<meta name=\"twitter:card\" content=\"summary_large_image\" \/>\n<meta name=\"twitter:label1\" content=\"Gesch\u00e4tzte Lesezeit\" \/>\n\t<meta name=\"twitter:data1\" content=\"1\u00a0Minute\" \/>\n<script type=\"application\/ld+json\" class=\"yoast-schema-graph\">{\"@context\":\"https:\/\/schema.org\",\"@graph\":[{\"@type\":\"WebPage\",\"@id\":\"https:\/\/www.teamprofi.de\/tsv-otterfing\/produkt\/2-in-1-short-damen\/\",\"url\":\"https:\/\/www.teamprofi.de\/tsv-otterfing\/produkt\/2-in-1-short-damen\/\",\"name\":\"2-in-1 Short Damen - TSV Otterfing\",\"isPartOf\":{\"@id\":\"https:\/\/www.teamprofi.de\/tsv-otterfing\/#website\"},\"primaryImageOfPage\":{\"@id\":\"https:\/\/www.teamprofi.de\/tsv-otterfing\/produkt\/2-in-1-short-damen\/#primaryimage\"},\"image\":{\"@id\":\"https:\/\/www.teamprofi.de\/tsv-otterfing\/produkt\/2-in-1-short-damen\/#primaryimage\"},\"thumbnailUrl\":\"https:\/\/www.teamprofi.de\/tsv-otterfing\/wp-content\/uploads\/sites\/22\/2023\/04\/6249_08.jpg\",\"datePublished\":\"2024-01-20T11:36:23+00:00\",\"breadcrumb\":{\"@id\":\"https:\/\/www.teamprofi.de\/tsv-otterfing\/produkt\/2-in-1-short-damen\/#breadcrumb\"},\"inLanguage\":\"de\",\"potentialAction\":[{\"@type\":\"ReadAction\",\"target\":[\"https:\/\/www.teamprofi.de\/tsv-otterfing\/produkt\/2-in-1-short-damen\/\"]}]},{\"@type\":\"ImageObject\",\"inLanguage\":\"de\",\"@id\":\"https:\/\/www.teamprofi.de\/tsv-otterfing\/produkt\/2-in-1-short-damen\/#primaryimage\",\"url\":\"https:\/\/www.teamprofi.de\/tsv-otterfing\/wp-content\/uploads\/sites\/22\/2023\/04\/6249_08.jpg\",\"contentUrl\":\"https:\/\/www.teamprofi.de\/tsv-otterfing\/wp-content\/uploads\/sites\/22\/2023\/04\/6249_08.jpg\",\"width\":1200,\"height\":1200},{\"@type\":\"BreadcrumbList\",\"@id\":\"https:\/\/www.teamprofi.de\/tsv-otterfing\/produkt\/2-in-1-short-damen\/#breadcrumb\",\"itemListElement\":[{\"@type\":\"ListItem\",\"position\":1,\"name\":\"Startseite\",\"item\":\"https:\/\/www.teamprofi.de\/tsv-otterfing\/\"},{\"@type\":\"ListItem\",\"position\":2,\"name\":\"Shop\",\"item\":\"https:\/\/www.teamprofi.de\/tsv-otterfing\/shop\/\"},{\"@type\":\"ListItem\",\"position\":3,\"name\":\"2-in-1 Short Damen\"}]},{\"@type\":\"WebSite\",\"@id\":\"https:\/\/www.teamprofi.de\/tsv-otterfing\/#website\",\"url\":\"https:\/\/www.teamprofi.de\/tsv-otterfing\/\",\"name\":\"TSV Otterfing\",\"description\":\"Eine weitere Vereins Shops - Sport G\u00fcrteler Website\",\"potentialAction\":[{\"@type\":\"SearchAction\",\"target\":{\"@type\":\"EntryPoint\",\"urlTemplate\":\"https:\/\/www.teamprofi.de\/tsv-otterfing\/?s={search_term_string}\"},\"query-input\":{\"@type\":\"PropertyValueSpecification\",\"valueRequired\":true,\"valueName\":\"search_term_string\"}}],\"inLanguage\":\"de\"}]}<\/script>\n<!-- \/ Yoast SEO plugin. -->","yoast_head_json":{"title":"2-in-1 Short Damen - TSV Otterfing","robots":{"index":"index","follow":"follow","max-snippet":"max-snippet:-1","max-image-preview":"max-image-preview:large","max-video-preview":"max-video-preview:-1"},"canonical":"https:\/\/www.teamprofi.de\/tsv-otterfing\/produkt\/2-in-1-short-damen\/","og_locale":"de_DE","og_type":"article","og_title":"2-in-1 Short Damen - TSV Otterfing","og_description":"Beschreibung Du m\u00f6chtest Streckenrekorde brechen, harte Wettk\u00e4mpfe bestreiten oder im Fitness-Studio an deiner Form arbeiten? Wir haben das perfekte Outfit f\u00fcr Running und Fitness, zum Beispiel die ab 2019. Die","og_url":"https:\/\/www.teamprofi.de\/tsv-otterfing\/produkt\/2-in-1-short-damen\/","og_site_name":"TSV Otterfing","og_image":[{"width":1200,"height":1200,"url":"https:\/\/www.teamprofi.de\/tsv-otterfing\/wp-content\/uploads\/sites\/22\/2023\/04\/6249_08.jpg","type":"image\/jpeg"}],"twitter_card":"summary_large_image","twitter_misc":{"Gesch\u00e4tzte Lesezeit":"1\u00a0Minute"},"schema":{"@context":"https:\/\/schema.org","@graph":[{"@type":"WebPage","@id":"https:\/\/www.teamprofi.de\/tsv-otterfing\/produkt\/2-in-1-short-damen\/","url":"https:\/\/www.teamprofi.de\/tsv-otterfing\/produkt\/2-in-1-short-damen\/","name":"2-in-1 Short Damen - TSV Otterfing","isPartOf":{"@id":"https:\/\/www.teamprofi.de\/tsv-otterfing\/#website"},"primaryImageOfPage":{"@id":"https:\/\/www.teamprofi.de\/tsv-otterfing\/produkt\/2-in-1-short-damen\/#primaryimage"},"image":{"@id":"https:\/\/www.teamprofi.de\/tsv-otterfing\/produkt\/2-in-1-short-damen\/#primaryimage"},"thumbnailUrl":"https:\/\/www.teamprofi.de\/tsv-otterfing\/wp-content\/uploads\/sites\/22\/2023\/04\/6249_08.jpg","datePublished":"2024-01-20T11:36:23+00:00","breadcrumb":{"@id":"https:\/\/www.teamprofi.de\/tsv-otterfing\/produkt\/2-in-1-short-damen\/#breadcrumb"},"inLanguage":"de","potentialAction":[{"@type":"ReadAction","target":["https:\/\/www.teamprofi.de\/tsv-otterfing\/produkt\/2-in-1-short-damen\/"]}]},{"@type":"ImageObject","inLanguage":"de","@id":"https:\/\/www.teamprofi.de\/tsv-otterfing\/produkt\/2-in-1-short-damen\/#primaryimage","url":"https:\/\/www.teamprofi.de\/tsv-otterfing\/wp-content\/uploads\/sites\/22\/2023\/04\/6249_08.jpg","contentUrl":"https:\/\/www.teamprofi.de\/tsv-otterfing\/wp-content\/uploads\/sites\/22\/2023\/04\/6249_08.jpg","width":1200,"height":1200},{"@type":"BreadcrumbList","@id":"https:\/\/www.teamprofi.de\/tsv-otterfing\/produkt\/2-in-1-short-damen\/#breadcrumb","itemListElement":[{"@type":"ListItem","position":1,"name":"Startseite","item":"https:\/\/www.teamprofi.de\/tsv-otterfing\/"},{"@type":"ListItem","position":2,"name":"Shop","item":"https:\/\/www.teamprofi.de\/tsv-otterfing\/shop\/"},{"@type":"ListItem","position":3,"name":"2-in-1 Short Damen"}]},{"@type":"WebSite","@id":"https:\/\/www.teamprofi.de\/tsv-otterfing\/#website","url":"https:\/\/www.teamprofi.de\/tsv-otterfing\/","name":"TSV Otterfing","description":"Eine weitere Vereins Shops - Sport G\u00fcrteler Website","potentialAction":[{"@type":"SearchAction","target":{"@type":"EntryPoint","urlTemplate":"https:\/\/www.teamprofi.de\/tsv-otterfing\/?s={search_term_string}"},"query-input":{"@type":"PropertyValueSpecification","valueRequired":true,"valueName":"search_term_string"}}],"inLanguage":"de"}]}},"_links":{"self":[{"href":"https:\/\/www.teamprofi.de\/tsv-otterfing\/wp-json\/wp\/v2\/product\/1658","targetHints":{"allow":["GET"]}}],"collection":[{"href":"https:\/\/www.teamprofi.de\/tsv-otterfing\/wp-json\/wp\/v2\/product"}],"about":[{"href":"https:\/\/www.teamprofi.de\/tsv-otterfing\/wp-json\/wp\/v2\/types\/product"}],"wp:featuredmedia":[{"embeddable":true,"href":"https:\/\/www.teamprofi.de\/tsv-otterfing\/wp-json\/wp\/v2\/media\/1665"}],"wp:attachment":[{"href":"https:\/\/www.teamprofi.de\/tsv-otterfing\/wp-json\/wp\/v2\/media?parent=1658"}],"wp:term":[{"taxonomy":"product_brand","embeddable":true,"href":"https:\/\/www.teamprofi.de\/tsv-otterfing\/wp-json\/wp\/v2\/product_brand?post=1658"},{"taxonomy":"product_cat","embeddable":true,"href":"https:\/\/www.teamprofi.de\/tsv-otterfing\/wp-json\/wp\/v2\/product_cat?post=1658"},{"taxonomy":"product_tag","embeddable":true,"href":"https:\/\/www.teamprofi.de\/tsv-otterfing\/wp-json\/wp\/v2\/product_tag?post=1658"}],"curies":[{"name":"wp","href":"https:\/\/api.w.org\/{rel}","templated":true}]}}