{"id":1449,"date":"2023-01-19T15:26:22","date_gmt":"2023-01-19T14:26:22","guid":{"rendered":"https:\/\/www.teamprofi.de\/tsv-otterfing\/?post_type=product&#038;p=1449"},"modified":"2023-02-22T16:23:22","modified_gmt":"2023-02-22T15:23:22","slug":"sporttasche-classico-tennis","status":"publish","type":"product","link":"https:\/\/www.teamprofi.de\/tsv-otterfing\/produkt\/sporttasche-classico-tennis\/","title":{"rendered":"Sporttasche Classico Tennis"},"content":{"rendered":"<p>Die Allesk\u00f6nnerin unter den Sporttaschen gibt es auch in einer Variante mit Bodenfach. Perfekt f\u00fcr die Fu\u00dfballstiefel geeignet lassen sich in der Sporttasche CLASSICO unterhalb des ger\u00e4umigen Hauptfaches mit umlaufendem 2-Wege-Rei\u00dfverschluss schmutzige Schuhe getrennt von den Textilien aufbewahren. Nat\u00fcrlich hat diese Tasche die praktische Meshbag auf der linken Seite integriert. Der gr\u00f6\u00dfenverstellbare Schultergurt eignet sich perfekt f\u00fcr individuelle Einstellungen beim Tragen.<\/p>\n<div class=\"itemcardMainRight col-xs-12 col-md-6 col-lg-4\">\n<div class=\"attributesItem\">\n<div class=\"h5\">Details<\/div>\n<ul>\n<li>Ger\u00e4umiges Hauptfach mit umlaufendem 2-Wege-Rei\u00dfverschluss<\/li>\n<li>Bodenfach (H\u00f6he Gr. 2, 3: 14 cm)<\/li>\n<li>Mesh-Fach auf der linken Seite<\/li>\n<li>Tiefes Nassfach mit Rei\u00dfverschluss auf der rechten Seite<\/li>\n<li>Kleine Innentasche mit Rei\u00dfverschluss im Hauptfach<\/li>\n<li>Gr\u00f6\u00dfenverstellbarer, abnehmbarer Schultergurt<\/li>\n<\/ul>\n<p>&nbsp;<\/p>\n<ul>\n<li>Junior 50 x 30 x 38 cm (LxBxH)<\/li>\n<li>Senior 60 x 32 x 43 cm (LxBxH)<\/li>\n<\/ul>\n<\/div>\n<div class=\"attributesItem\">\n<div class=\"h5\">Material<\/div>\n<ul>\n<li>Polyester 600 D<\/li>\n<li>100 % Polyester<\/li>\n<\/ul>\n<\/div>\n<\/div>\n","protected":false},"excerpt":{"rendered":"<p>Die Allesk\u00f6nnerin unter den Sporttaschen gibt es auch in einer Variante mit Bodenfach. Perfekt f\u00fcr die Fu\u00dfballstiefel geeignet lassen sich in der Sporttasche CLASSICO unterhalb des ger\u00e4umigen Hauptfaches mit umlaufendem<\/p>\n","protected":false},"featured_media":1452,"template":"","meta":{"inline_featured_image":false},"product_brand":[],"product_cat":[121],"product_tag":[],"class_list":{"0":"post-1449","1":"product","2":"type-product","3":"status-publish","4":"has-post-thumbnail","6":"product_cat-teamsport_tennis","8":"first","9":"instock","10":"taxable","11":"shipping-taxable","12":"purchasable","13":"product-type-variable"},"yoast_head":"<!-- This site is optimized with the Yoast SEO plugin v27.0 - https:\/\/yoast.com\/product\/yoast-seo-wordpress\/ -->\n<title>Sporttasche Classico Tennis - TSV Otterfing<\/title>\n<meta name=\"robots\" content=\"index, follow, max-snippet:-1, max-image-preview:large, max-video-preview:-1\" \/>\n<link rel=\"canonical\" href=\"https:\/\/www.teamprofi.de\/tsv-otterfing\/produkt\/sporttasche-classico-tennis\/\" \/>\n<meta property=\"og:locale\" content=\"de_DE\" \/>\n<meta property=\"og:type\" content=\"article\" \/>\n<meta property=\"og:title\" content=\"Sporttasche Classico Tennis - TSV Otterfing\" \/>\n<meta property=\"og:description\" content=\"Die Allesk\u00f6nnerin unter den Sporttaschen gibt es auch in einer Variante mit Bodenfach. Perfekt f\u00fcr die Fu\u00dfballstiefel geeignet lassen sich in der Sporttasche CLASSICO unterhalb des ger\u00e4umigen Hauptfaches mit umlaufendem\" \/>\n<meta property=\"og:url\" content=\"https:\/\/www.teamprofi.de\/tsv-otterfing\/produkt\/sporttasche-classico-tennis\/\" \/>\n<meta property=\"og:site_name\" content=\"TSV Otterfing\" \/>\n<meta property=\"article:modified_time\" content=\"2023-02-22T15:23:22+00:00\" \/>\n<meta property=\"og:image\" content=\"https:\/\/www.teamprofi.de\/tsv-otterfing\/wp-content\/uploads\/sites\/22\/2023\/01\/2050-Otterfingv2.jpg\" \/>\n\t<meta property=\"og:image:width\" content=\"3307\" \/>\n\t<meta property=\"og:image:height\" content=\"3307\" \/>\n\t<meta property=\"og:image:type\" content=\"image\/jpeg\" \/>\n<meta name=\"twitter:card\" content=\"summary_large_image\" \/>\n<meta name=\"twitter:label1\" content=\"Gesch\u00e4tzte Lesezeit\" \/>\n\t<meta name=\"twitter:data1\" content=\"1\u00a0Minute\" \/>\n<script type=\"application\/ld+json\" class=\"yoast-schema-graph\">{\"@context\":\"https:\/\/schema.org\",\"@graph\":[{\"@type\":\"WebPage\",\"@id\":\"https:\/\/www.teamprofi.de\/tsv-otterfing\/produkt\/sporttasche-classico-tennis\/\",\"url\":\"https:\/\/www.teamprofi.de\/tsv-otterfing\/produkt\/sporttasche-classico-tennis\/\",\"name\":\"Sporttasche Classico Tennis - TSV Otterfing\",\"isPartOf\":{\"@id\":\"https:\/\/www.teamprofi.de\/tsv-otterfing\/#website\"},\"primaryImageOfPage\":{\"@id\":\"https:\/\/www.teamprofi.de\/tsv-otterfing\/produkt\/sporttasche-classico-tennis\/#primaryimage\"},\"image\":{\"@id\":\"https:\/\/www.teamprofi.de\/tsv-otterfing\/produkt\/sporttasche-classico-tennis\/#primaryimage\"},\"thumbnailUrl\":\"https:\/\/www.teamprofi.de\/tsv-otterfing\/wp-content\/uploads\/sites\/22\/2023\/01\/2050-Otterfingv2.jpg\",\"datePublished\":\"2023-01-19T14:26:22+00:00\",\"dateModified\":\"2023-02-22T15:23:22+00:00\",\"breadcrumb\":{\"@id\":\"https:\/\/www.teamprofi.de\/tsv-otterfing\/produkt\/sporttasche-classico-tennis\/#breadcrumb\"},\"inLanguage\":\"de\",\"potentialAction\":[{\"@type\":\"ReadAction\",\"target\":[\"https:\/\/www.teamprofi.de\/tsv-otterfing\/produkt\/sporttasche-classico-tennis\/\"]}]},{\"@type\":\"ImageObject\",\"inLanguage\":\"de\",\"@id\":\"https:\/\/www.teamprofi.de\/tsv-otterfing\/produkt\/sporttasche-classico-tennis\/#primaryimage\",\"url\":\"https:\/\/www.teamprofi.de\/tsv-otterfing\/wp-content\/uploads\/sites\/22\/2023\/01\/2050-Otterfingv2.jpg\",\"contentUrl\":\"https:\/\/www.teamprofi.de\/tsv-otterfing\/wp-content\/uploads\/sites\/22\/2023\/01\/2050-Otterfingv2.jpg\",\"width\":3307,\"height\":3307},{\"@type\":\"BreadcrumbList\",\"@id\":\"https:\/\/www.teamprofi.de\/tsv-otterfing\/produkt\/sporttasche-classico-tennis\/#breadcrumb\",\"itemListElement\":[{\"@type\":\"ListItem\",\"position\":1,\"name\":\"Startseite\",\"item\":\"https:\/\/www.teamprofi.de\/tsv-otterfing\/\"},{\"@type\":\"ListItem\",\"position\":2,\"name\":\"Shop\",\"item\":\"https:\/\/www.teamprofi.de\/tsv-otterfing\/shop\/\"},{\"@type\":\"ListItem\",\"position\":3,\"name\":\"Sporttasche Classico Tennis\"}]},{\"@type\":\"WebSite\",\"@id\":\"https:\/\/www.teamprofi.de\/tsv-otterfing\/#website\",\"url\":\"https:\/\/www.teamprofi.de\/tsv-otterfing\/\",\"name\":\"TSV Otterfing\",\"description\":\"Eine weitere Vereins Shops - Sport G\u00fcrteler Website\",\"potentialAction\":[{\"@type\":\"SearchAction\",\"target\":{\"@type\":\"EntryPoint\",\"urlTemplate\":\"https:\/\/www.teamprofi.de\/tsv-otterfing\/?s={search_term_string}\"},\"query-input\":{\"@type\":\"PropertyValueSpecification\",\"valueRequired\":true,\"valueName\":\"search_term_string\"}}],\"inLanguage\":\"de\"}]}<\/script>\n<!-- \/ Yoast SEO plugin. -->","yoast_head_json":{"title":"Sporttasche Classico Tennis - TSV Otterfing","robots":{"index":"index","follow":"follow","max-snippet":"max-snippet:-1","max-image-preview":"max-image-preview:large","max-video-preview":"max-video-preview:-1"},"canonical":"https:\/\/www.teamprofi.de\/tsv-otterfing\/produkt\/sporttasche-classico-tennis\/","og_locale":"de_DE","og_type":"article","og_title":"Sporttasche Classico Tennis - TSV Otterfing","og_description":"Die Allesk\u00f6nnerin unter den Sporttaschen gibt es auch in einer Variante mit Bodenfach. Perfekt f\u00fcr die Fu\u00dfballstiefel geeignet lassen sich in der Sporttasche CLASSICO unterhalb des ger\u00e4umigen Hauptfaches mit umlaufendem","og_url":"https:\/\/www.teamprofi.de\/tsv-otterfing\/produkt\/sporttasche-classico-tennis\/","og_site_name":"TSV Otterfing","article_modified_time":"2023-02-22T15:23:22+00:00","og_image":[{"width":3307,"height":3307,"url":"https:\/\/www.teamprofi.de\/tsv-otterfing\/wp-content\/uploads\/sites\/22\/2023\/01\/2050-Otterfingv2.jpg","type":"image\/jpeg"}],"twitter_card":"summary_large_image","twitter_misc":{"Gesch\u00e4tzte Lesezeit":"1\u00a0Minute"},"schema":{"@context":"https:\/\/schema.org","@graph":[{"@type":"WebPage","@id":"https:\/\/www.teamprofi.de\/tsv-otterfing\/produkt\/sporttasche-classico-tennis\/","url":"https:\/\/www.teamprofi.de\/tsv-otterfing\/produkt\/sporttasche-classico-tennis\/","name":"Sporttasche Classico Tennis - TSV Otterfing","isPartOf":{"@id":"https:\/\/www.teamprofi.de\/tsv-otterfing\/#website"},"primaryImageOfPage":{"@id":"https:\/\/www.teamprofi.de\/tsv-otterfing\/produkt\/sporttasche-classico-tennis\/#primaryimage"},"image":{"@id":"https:\/\/www.teamprofi.de\/tsv-otterfing\/produkt\/sporttasche-classico-tennis\/#primaryimage"},"thumbnailUrl":"https:\/\/www.teamprofi.de\/tsv-otterfing\/wp-content\/uploads\/sites\/22\/2023\/01\/2050-Otterfingv2.jpg","datePublished":"2023-01-19T14:26:22+00:00","dateModified":"2023-02-22T15:23:22+00:00","breadcrumb":{"@id":"https:\/\/www.teamprofi.de\/tsv-otterfing\/produkt\/sporttasche-classico-tennis\/#breadcrumb"},"inLanguage":"de","potentialAction":[{"@type":"ReadAction","target":["https:\/\/www.teamprofi.de\/tsv-otterfing\/produkt\/sporttasche-classico-tennis\/"]}]},{"@type":"ImageObject","inLanguage":"de","@id":"https:\/\/www.teamprofi.de\/tsv-otterfing\/produkt\/sporttasche-classico-tennis\/#primaryimage","url":"https:\/\/www.teamprofi.de\/tsv-otterfing\/wp-content\/uploads\/sites\/22\/2023\/01\/2050-Otterfingv2.jpg","contentUrl":"https:\/\/www.teamprofi.de\/tsv-otterfing\/wp-content\/uploads\/sites\/22\/2023\/01\/2050-Otterfingv2.jpg","width":3307,"height":3307},{"@type":"BreadcrumbList","@id":"https:\/\/www.teamprofi.de\/tsv-otterfing\/produkt\/sporttasche-classico-tennis\/#breadcrumb","itemListElement":[{"@type":"ListItem","position":1,"name":"Startseite","item":"https:\/\/www.teamprofi.de\/tsv-otterfing\/"},{"@type":"ListItem","position":2,"name":"Shop","item":"https:\/\/www.teamprofi.de\/tsv-otterfing\/shop\/"},{"@type":"ListItem","position":3,"name":"Sporttasche Classico Tennis"}]},{"@type":"WebSite","@id":"https:\/\/www.teamprofi.de\/tsv-otterfing\/#website","url":"https:\/\/www.teamprofi.de\/tsv-otterfing\/","name":"TSV Otterfing","description":"Eine weitere Vereins Shops - Sport G\u00fcrteler Website","potentialAction":[{"@type":"SearchAction","target":{"@type":"EntryPoint","urlTemplate":"https:\/\/www.teamprofi.de\/tsv-otterfing\/?s={search_term_string}"},"query-input":{"@type":"PropertyValueSpecification","valueRequired":true,"valueName":"search_term_string"}}],"inLanguage":"de"}]}},"_links":{"self":[{"href":"https:\/\/www.teamprofi.de\/tsv-otterfing\/wp-json\/wp\/v2\/product\/1449","targetHints":{"allow":["GET"]}}],"collection":[{"href":"https:\/\/www.teamprofi.de\/tsv-otterfing\/wp-json\/wp\/v2\/product"}],"about":[{"href":"https:\/\/www.teamprofi.de\/tsv-otterfing\/wp-json\/wp\/v2\/types\/product"}],"wp:featuredmedia":[{"embeddable":true,"href":"https:\/\/www.teamprofi.de\/tsv-otterfing\/wp-json\/wp\/v2\/media\/1452"}],"wp:attachment":[{"href":"https:\/\/www.teamprofi.de\/tsv-otterfing\/wp-json\/wp\/v2\/media?parent=1449"}],"wp:term":[{"taxonomy":"product_brand","embeddable":true,"href":"https:\/\/www.teamprofi.de\/tsv-otterfing\/wp-json\/wp\/v2\/product_brand?post=1449"},{"taxonomy":"product_cat","embeddable":true,"href":"https:\/\/www.teamprofi.de\/tsv-otterfing\/wp-json\/wp\/v2\/product_cat?post=1449"},{"taxonomy":"product_tag","embeddable":true,"href":"https:\/\/www.teamprofi.de\/tsv-otterfing\/wp-json\/wp\/v2\/product_tag?post=1449"}],"curies":[{"name":"wp","href":"https:\/\/api.w.org\/{rel}","templated":true}]}}