{"id":13,"date":"2018-05-08T10:14:48","date_gmt":"2018-05-08T08:14:48","guid":{"rendered":"https:\/\/www.teamprofi.de\/jfg-hofoldinger-forst\/warenkorb\/"},"modified":"2018-05-08T10:14:48","modified_gmt":"2018-05-08T08:14:48","slug":"warenkorb","status":"publish","type":"page","link":"https:\/\/www.teamprofi.de\/tsv-moosach\/warenkorb","title":{"rendered":"Warenkorb"},"content":{"rendered":"<div class=\"woocommerce\">\r\n<div class=\"cart-empty-page row cart-empty\">\r\n\t<div class=\"woocommerce-notices-wrapper\"><\/div><div class=\"wc-empty-cart-message\">\n\t<div class=\"cart-empty woocommerce-info\" role=\"status\">\n\t\tDein Warenkorb ist gegenw\u00e4rtig leer.\t<\/div>\n<\/div>\t<div class=\"info-wrap-empty\">\r\n\t\t<h1 class=\"info-background-empty\">Oops<\/h1>\r\n\t\t<div class=\"info-content-empty\">\r\n\t\t\t<div class=\"icon-empty\">\r\n\t\t\t\t<i class=\"dfd-icon-trolley_close\"><\/i>\r\n\t\t\t<\/div>\r\n\t\t\t<div class=\"info-empty\">\r\n\t\t\t\t<p class=\"cart-empty-text\">Your cart is currently empty.<\/p>\r\n\t\t\t\t<p class=\"cart-empty-subtext\">Sie k\u00f6nnen sehen alle erh\u00e4ltlichen Produkte und kauft im Laden.<\/p>\r\n\t\t\t\t\t\t\t\t\t<p class=\"button-on-page\"><a class=\"wc-backward\" href=\"https:\/\/www.teamprofi.de\/tsv-moosach\/\">Zur Shop zur\u00fcckgeben<\/a><\/p>\r\n\t\t\t\t\t\t\t<\/div>\r\n\t\t<\/div>\r\n\t<\/div>\r\n\t<div class=\"container-shortcodes\">\r\n\t\t<div class=\"woocommerce columns-4 \"><div class=\"products row\"><div class=\"first last three columns  dfd-loop-shop-responsive  style-1 post-552 product type-product status-publish has-post-thumbnail product_cat-teamsport  instock taxable shipping-taxable purchasable product-type-simple\">\r\n    <div class=\"prod-wrap text-center\" >\r\n\r\n\t\t\t\t<div class=\"woo-cover\">\r\n\t\t\t<div class=\"prod-image-wrap woo-entry-thumb\">\r\n\r\n\t\t\t\t\r\n\t<div id=\"product_slider_6a0476596cf39\" class=\"woo-entry-thumb\" data-speed=\"2000\">\r\n\t\t\r\n\t\t<div class=\"woo-entry-thumb-carousel\">\r\n\r\n\t\t<div class=\"\"><img loading=\"lazy\" decoding=\"async\" src=\"https:\/\/www.teamprofi.de\/tsv-moosach\/wp-content\/uploads\/sites\/8\/2019\/07\/100591201-300x300.jpg\" alt=\"Bild\" width=\"300\" height=\"300\" \/><\/div>\r\n\t\t<\/div>\r\n\t\t\t\t<div class=\"preview-thumb\">\r\n\t\t\t<img decoding=\"async\" src=\"https:\/\/www.teamprofi.de\/tsv-moosach\/wp-content\/uploads\/sites\/8\/2019\/07\/100591201-300x300.jpg\" alt=\"Bild\" \/>\r\n\t\t<\/div>\r\n\t<\/div>\r\n\t<div class=\"buttons-wrap  dfd-buttons-light text-center\">\r\n\t\t<div>\r\n\t\t\t\t\t\t\t<a href=\"https:\/\/www.teamprofi.de\/tsv-moosach\/produkt\/beanie\" rel=\"nofollow\" data-product_id=\"552\" data-product_sku=\"100 5912 01\" data-quantity=\"1\" class=\"button  product_type_simple\">View Product<\/a>\t\t\t\t\t\t\t\t\t\t<a href=\"https:\/\/www.teamprofi.de\/tsv-moosach\/wp-content\/uploads\/sites\/8\/2019\/07\/100591201.jpg\" title=\"Product images\" class=\"dfd-prod-lightbox\" data-rel=\"prettyPhoto[product-gallery-552]\">\r\n\t\t\t\t\t\t\t\t\t<i class=\"dfd-icon-zoom\"><\/i>\r\n\t\t\t\t\t\t\t<\/a>\r\n\t\t<\/div>\r\n\t<\/div>\r\n\r\n\t\t\t\t\t\t\t\t\t\t<a href=\"https:\/\/www.teamprofi.de\/tsv-moosach\/produkt\/beanie\" class=\"link\"><\/a>\r\n\t\t\t\t\t\t\t\t\t\t\t<\/div>\r\n\t\t<\/div>\r\n\t\t\t\t\t<div class=\"woo-title-wrap\">\r\n\t\t\t\t<div class=\"heading\">\r\n\t\t\t\t\t<div class=\"dfd-folio-categories\">\r\n\t\t\t\t\t\t\r\n\t<span class=\"byline category\">\r\n\t\t<a href=\"https:\/\/www.teamprofi.de\/tsv-moosach\/produkt-kategorie\/teamsport\" class=\"fn\">\r\n\t\t\t<span class=\"cat-name\">Teamsport<\/span>\r\n\t\t<\/a>\r\n\t<\/span>\r\n\t\t\t\t\t<\/div>\r\n\t\t\t\t\t<div class=\"box-name\"><a href=\"https:\/\/www.teamprofi.de\/tsv-moosach\/produkt\/beanie\">Beanie<\/a><\/div>\r\n\t\t\t\t\t\t\t\t\t\t<div class=\"price-wrap\">\r\n\t\t\t\t\t\t\n\t<span class=\"price\"><span class=\"woocommerce-Price-amount amount\"><bdi>11,99&nbsp;<span class=\"woocommerce-Price-currencySymbol\">&euro;<\/span><\/bdi><\/span><\/span>\n\t\t\t\t\t<\/div>\r\n\t\t\t\t\t<div class=\"rating-section\">\r\n\t\t\t\t\t\t\t\t\t\t\t<\/div>\r\n\t\t\t\t<\/div>\r\n\t\t\t<\/div>\r\n\t\t\t\t    <\/div>\r\n\t<\/div><div class=\"first last three columns  dfd-loop-shop-responsive  style-1 post-553 product type-product status-publish has-post-thumbnail product_cat-teamsport instock taxable shipping-taxable purchasable product-type-simple\">\r\n    <div class=\"prod-wrap text-center\" >\r\n\r\n\t\t\t\t<div class=\"woo-cover\">\r\n\t\t\t<div class=\"prod-image-wrap woo-entry-thumb\">\r\n\r\n\t\t\t\t\r\n\t<div id=\"product_slider_6a0476596f2c5\" class=\"woo-entry-thumb\" data-speed=\"2000\">\r\n\t\t\r\n\t\t<div class=\"woo-entry-thumb-carousel\">\r\n\r\n\t\t<div class=\"\"><img loading=\"lazy\" decoding=\"async\" src=\"https:\/\/www.teamprofi.de\/tsv-moosach\/wp-content\/uploads\/sites\/8\/2019\/07\/100505301-300x300.jpg\" alt=\"Bild\" width=\"300\" height=\"300\" \/><\/div>\r\n\t\t<\/div>\r\n\t\t\t\t<div class=\"preview-thumb\">\r\n\t\t\t<img decoding=\"async\" src=\"https:\/\/www.teamprofi.de\/tsv-moosach\/wp-content\/uploads\/sites\/8\/2019\/07\/100505301-300x300.jpg\" alt=\"Bild\" \/>\r\n\t\t<\/div>\r\n\t<\/div>\r\n\t<div class=\"buttons-wrap  dfd-buttons-light text-center\">\r\n\t\t<div>\r\n\t\t\t\t\t\t\t<a href=\"https:\/\/www.teamprofi.de\/tsv-moosach\/produkt\/fleeceschal\" rel=\"nofollow\" data-product_id=\"553\" data-product_sku=\"100 5053 01\" data-quantity=\"1\" class=\"button  product_type_simple\">View Product<\/a>\t\t\t\t\t\t\t\t\t\t<a href=\"https:\/\/www.teamprofi.de\/tsv-moosach\/wp-content\/uploads\/sites\/8\/2019\/07\/100505301.jpg\" title=\"Product images\" class=\"dfd-prod-lightbox\" data-rel=\"prettyPhoto[product-gallery-553]\">\r\n\t\t\t\t\t\t\t\t\t<i class=\"dfd-icon-zoom\"><\/i>\r\n\t\t\t\t\t\t\t<\/a>\r\n\t\t<\/div>\r\n\t<\/div>\r\n\r\n\t\t\t\t\t\t\t\t\t\t<a href=\"https:\/\/www.teamprofi.de\/tsv-moosach\/produkt\/fleeceschal\" class=\"link\"><\/a>\r\n\t\t\t\t\t\t\t\t\t\t\t<\/div>\r\n\t\t<\/div>\r\n\t\t\t\t\t<div class=\"woo-title-wrap\">\r\n\t\t\t\t<div class=\"heading\">\r\n\t\t\t\t\t<div class=\"dfd-folio-categories\">\r\n\t\t\t\t\t\t\r\n\t<span class=\"byline category\">\r\n\t\t<a href=\"https:\/\/www.teamprofi.de\/tsv-moosach\/produkt-kategorie\/teamsport\" class=\"fn\">\r\n\t\t\t<span class=\"cat-name\">Teamsport<\/span>\r\n\t\t<\/a>\r\n\t<\/span>\r\n\t\t\t\t\t<\/div>\r\n\t\t\t\t\t<div class=\"box-name\"><a href=\"https:\/\/www.teamprofi.de\/tsv-moosach\/produkt\/fleeceschal\">Fleeceschal<\/a><\/div>\r\n\t\t\t\t\t\t\t\t\t\t<div class=\"price-wrap\">\r\n\t\t\t\t\t\t\n\t<span class=\"price\"><span class=\"woocommerce-Price-amount amount\"><bdi>8,99&nbsp;<span class=\"woocommerce-Price-currencySymbol\">&euro;<\/span><\/bdi><\/span><\/span>\n\t\t\t\t\t<\/div>\r\n\t\t\t\t\t<div class=\"rating-section\">\r\n\t\t\t\t\t\t\t\t\t\t\t<\/div>\r\n\t\t\t\t<\/div>\r\n\t\t\t<\/div>\r\n\t\t\t\t    <\/div>\r\n\t<\/div><div class=\"first last three columns  dfd-loop-shop-responsive  style-1 post-554 product type-product status-publish has-post-thumbnail product_cat-teamsport  instock taxable shipping-taxable purchasable product-type-variable\">\r\n    <div class=\"prod-wrap text-center\" >\r\n\r\n\t\t\t\t<div class=\"woo-cover\">\r\n\t\t\t<div class=\"prod-image-wrap woo-entry-thumb\">\r\n\r\n\t\t\t\t\r\n\t<div id=\"product_slider_6a047659705f7\" class=\"woo-entry-thumb\" data-speed=\"2000\">\r\n\t\t\r\n\t\t<div class=\"woo-entry-thumb-carousel\">\r\n\r\n\t\t<div class=\"\"><img loading=\"lazy\" decoding=\"async\" src=\"https:\/\/www.teamprofi.de\/tsv-moosach\/wp-content\/uploads\/sites\/8\/2019\/07\/100512101_fv_1-300x300.jpg\" alt=\"Bild\" width=\"300\" height=\"300\" \/><\/div>\r\n\t\t<\/div>\r\n\t\t\t\t<div class=\"preview-thumb\">\r\n\t\t\t<img decoding=\"async\" src=\"https:\/\/www.teamprofi.de\/tsv-moosach\/wp-content\/uploads\/sites\/8\/2019\/07\/100512101_fv_1-300x300.jpg\" alt=\"Bild\" \/>\r\n\t\t<\/div>\r\n\t<\/div>\r\n\t<div class=\"buttons-wrap  dfd-buttons-light text-center\">\r\n\t\t<div>\r\n\t\t\t\t\t\t\t<a href=\"https:\/\/www.teamprofi.de\/tsv-moosach\/produkt\/classic-hose-2\" rel=\"nofollow\" data-product_id=\"554\" data-product_sku=\"100 5121 01\" data-quantity=\"1\" class=\"button  product_type_variable\">View Product<\/a>\t\t\t\t\t\t\t\t\t\t<a href=\"https:\/\/www.teamprofi.de\/tsv-moosach\/wp-content\/uploads\/sites\/8\/2019\/07\/100512101_fv_1.jpg\" title=\"Product images\" class=\"dfd-prod-lightbox\" data-rel=\"prettyPhoto[product-gallery-554]\">\r\n\t\t\t\t\t\t\t\t\t<i class=\"dfd-icon-zoom\"><\/i>\r\n\t\t\t\t\t\t\t<\/a>\r\n\t\t<\/div>\r\n\t<\/div>\r\n\r\n\t\t\t\t\t\t\t\t\t\t<a href=\"https:\/\/www.teamprofi.de\/tsv-moosach\/produkt\/classic-hose-2\" class=\"link\"><\/a>\r\n\t\t\t\t\t\t\t\t\t\t\t<\/div>\r\n\t\t<\/div>\r\n\t\t\t\t\t<div class=\"woo-title-wrap\">\r\n\t\t\t\t<div class=\"heading\">\r\n\t\t\t\t\t<div class=\"dfd-folio-categories\">\r\n\t\t\t\t\t\t\r\n\t<span class=\"byline category\">\r\n\t\t<a href=\"https:\/\/www.teamprofi.de\/tsv-moosach\/produkt-kategorie\/teamsport\" class=\"fn\">\r\n\t\t\t<span class=\"cat-name\">Teamsport<\/span>\r\n\t\t<\/a>\r\n\t<\/span>\r\n\t\t\t\t\t<\/div>\r\n\t\t\t\t\t<div class=\"box-name\"><a href=\"https:\/\/www.teamprofi.de\/tsv-moosach\/produkt\/classic-hose-2\">Classic Hose<\/a><\/div>\r\n\t\t\t\t\t\t\t\t\t\t\t<div class=\"subtitle\">Hose auf Wunsch mit Initialen.<\/div>\r\n\t\t\t\t\t\t\t\t\t\t<div class=\"price-wrap\">\r\n\t\t\t\t\t\t\n\t<span class=\"price\"><span class=\"woocommerce-Price-amount amount\" aria-hidden=\"true\"><bdi>14,99&nbsp;<span class=\"woocommerce-Price-currencySymbol\">&euro;<\/span><\/bdi><\/span> <span aria-hidden=\"true\"> \u2013 <\/span> <span class=\"woocommerce-Price-amount amount\" aria-hidden=\"true\"><bdi>17,99&nbsp;<span class=\"woocommerce-Price-currencySymbol\">&euro;<\/span><\/bdi><\/span><span class=\"screen-reader-text\">Preisspanne: 14,99&nbsp;&euro; bis 17,99&nbsp;&euro;<\/span><\/span>\n\t\t\t\t\t<\/div>\r\n\t\t\t\t\t<div class=\"rating-section\">\r\n\t\t\t\t\t\t\t\t\t\t\t<\/div>\r\n\t\t\t\t<\/div>\r\n\t\t\t<\/div>\r\n\t\t\t\t    <\/div>\r\n\t<\/div><div class=\"first last three columns  dfd-loop-shop-responsive  style-1 post-543 product type-product status-publish has-post-thumbnail product_cat-teamsport instock taxable shipping-taxable purchasable product-type-variable\">\r\n    <div class=\"prod-wrap text-center\" >\r\n\r\n\t\t\t\t<div class=\"woo-cover\">\r\n\t\t\t<div class=\"prod-image-wrap woo-entry-thumb\">\r\n\r\n\t\t\t\t\r\n\t<div id=\"product_slider_6a0476597162d\" class=\"woo-entry-thumb\" data-speed=\"2000\">\r\n\t\t\r\n\t\t<div class=\"woo-entry-thumb-carousel\">\r\n\r\n\t\t<div class=\"\"><img loading=\"lazy\" decoding=\"async\" src=\"https:\/\/www.teamprofi.de\/tsv-moosach\/wp-content\/uploads\/sites\/8\/2019\/07\/100096701fv-300x300.jpg\" alt=\"Bild\" width=\"300\" height=\"300\" \/><\/div>\r\n\t\t<\/div>\r\n\t\t\t\t<div class=\"preview-thumb\">\r\n\t\t\t<img decoding=\"async\" src=\"https:\/\/www.teamprofi.de\/tsv-moosach\/wp-content\/uploads\/sites\/8\/2019\/07\/100096701fv-300x300.jpg\" alt=\"Bild\" \/>\r\n\t\t<\/div>\r\n\t<\/div>\r\n\t<div class=\"buttons-wrap  dfd-buttons-light text-center\">\r\n\t\t<div>\r\n\t\t\t\t\t\t\t<a href=\"https:\/\/www.teamprofi.de\/tsv-moosach\/produkt\/feldspielerhandschuhe\" rel=\"nofollow\" data-product_id=\"543\" data-product_sku=\"100 0967 01\" data-quantity=\"1\" class=\"button  product_type_variable\">View Product<\/a>\t\t\t\t\t\t\t\t\t\t<a href=\"https:\/\/www.teamprofi.de\/tsv-moosach\/wp-content\/uploads\/sites\/8\/2019\/07\/100096701fv.jpg\" title=\"Product images\" class=\"dfd-prod-lightbox\" data-rel=\"prettyPhoto[product-gallery-543]\">\r\n\t\t\t\t\t\t\t\t\t<i class=\"dfd-icon-zoom\"><\/i>\r\n\t\t\t\t\t\t\t<\/a>\r\n\t\t<\/div>\r\n\t<\/div>\r\n\r\n\t\t\t\t\t\t\t\t\t\t<a href=\"https:\/\/www.teamprofi.de\/tsv-moosach\/produkt\/feldspielerhandschuhe\" class=\"link\"><\/a>\r\n\t\t\t\t\t\t\t\t\t\t\t<\/div>\r\n\t\t<\/div>\r\n\t\t\t\t\t<div class=\"woo-title-wrap\">\r\n\t\t\t\t<div class=\"heading\">\r\n\t\t\t\t\t<div class=\"dfd-folio-categories\">\r\n\t\t\t\t\t\t\r\n\t<span class=\"byline category\">\r\n\t\t<a href=\"https:\/\/www.teamprofi.de\/tsv-moosach\/produkt-kategorie\/teamsport\" class=\"fn\">\r\n\t\t\t<span class=\"cat-name\">Teamsport<\/span>\r\n\t\t<\/a>\r\n\t<\/span>\r\n\t\t\t\t\t<\/div>\r\n\t\t\t\t\t<div class=\"box-name\"><a href=\"https:\/\/www.teamprofi.de\/tsv-moosach\/produkt\/feldspielerhandschuhe\">Feldspielerhandschuhe<\/a><\/div>\r\n\t\t\t\t\t\t\t\t\t\t<div class=\"price-wrap\">\r\n\t\t\t\t\t\t\n\t<span class=\"price\"><span class=\"woocommerce-Price-amount amount\"><bdi>7,79&nbsp;<span class=\"woocommerce-Price-currencySymbol\">&euro;<\/span><\/bdi><\/span><\/span>\n\t\t\t\t\t<\/div>\r\n\t\t\t\t\t<div class=\"rating-section\">\r\n\t\t\t\t\t\t\t\t\t\t\t<\/div>\r\n\t\t\t\t<\/div>\r\n\t\t\t<\/div>\r\n\t\t\t\t    <\/div>\r\n\t<\/div><\/div><\/div>\t<\/div>\r\n<\/div><\/div>\n","protected":false},"excerpt":{"rendered":"Dein Warenkorb ist gegenw\u00e4rtig leer. Oops Your cart is currently empty. Sie k\u00f6nnen sehen alle erh\u00e4ltlichen Produkte und kauft im Laden. Zur Shop zur\u00fcckgeben View Product Teamsport Beanie 11,99&nbsp;&euro; View","protected":false},"author":1,"featured_media":0,"parent":0,"menu_order":0,"comment_status":"closed","ping_status":"closed","template":"","meta":{"inline_featured_image":false,"footnotes":""},"class_list":["post-13","page","type-page","status-publish","hentry"],"yoast_head":"<!-- This site is optimized with the Yoast SEO plugin v27.3 - https:\/\/yoast.com\/product\/yoast-seo-wordpress\/ -->\n<title>Warenkorb - TSV Moosach<\/title>\n<meta name=\"robots\" content=\"index, follow, max-snippet:-1, max-image-preview:large, max-video-preview:-1\" \/>\n<link rel=\"canonical\" href=\"https:\/\/www.teamprofi.de\/tsv-moosach\/warenkorb\" \/>\n<meta property=\"og:locale\" content=\"de_DE\" \/>\n<meta property=\"og:type\" content=\"article\" \/>\n<meta property=\"og:title\" content=\"Warenkorb - TSV Moosach\" \/>\n<meta property=\"og:url\" content=\"https:\/\/www.teamprofi.de\/tsv-moosach\/warenkorb\" \/>\n<meta property=\"og:site_name\" content=\"TSV Moosach\" \/>\n<meta name=\"twitter:card\" content=\"summary_large_image\" \/>\n<script type=\"application\/ld+json\" class=\"yoast-schema-graph\">{\"@context\":\"https:\\\/\\\/schema.org\",\"@graph\":[{\"@type\":\"WebPage\",\"@id\":\"https:\\\/\\\/www.teamprofi.de\\\/tsv-moosach\\\/warenkorb\",\"url\":\"https:\\\/\\\/www.teamprofi.de\\\/tsv-moosach\\\/warenkorb\",\"name\":\"Warenkorb - TSV Moosach\",\"isPartOf\":{\"@id\":\"https:\\\/\\\/www.teamprofi.de\\\/tsv-moosach\\\/#website\"},\"datePublished\":\"2018-05-08T08:14:48+00:00\",\"breadcrumb\":{\"@id\":\"https:\\\/\\\/www.teamprofi.de\\\/tsv-moosach\\\/warenkorb#breadcrumb\"},\"inLanguage\":\"de\",\"potentialAction\":[{\"@type\":\"ReadAction\",\"target\":[\"https:\\\/\\\/www.teamprofi.de\\\/tsv-moosach\\\/warenkorb\"]}]},{\"@type\":\"BreadcrumbList\",\"@id\":\"https:\\\/\\\/www.teamprofi.de\\\/tsv-moosach\\\/warenkorb#breadcrumb\",\"itemListElement\":[{\"@type\":\"ListItem\",\"position\":1,\"name\":\"Startseite\",\"item\":\"https:\\\/\\\/www.teamprofi.de\\\/tsv-moosach\\\/\"},{\"@type\":\"ListItem\",\"position\":2,\"name\":\"Warenkorb\"}]},{\"@type\":\"WebSite\",\"@id\":\"https:\\\/\\\/www.teamprofi.de\\\/tsv-moosach\\\/#website\",\"url\":\"https:\\\/\\\/www.teamprofi.de\\\/tsv-moosach\\\/\",\"name\":\"TSV Moosach\",\"description\":\"Vereins-Shop - Sport G\u00fcrteler\",\"potentialAction\":[{\"@type\":\"SearchAction\",\"target\":{\"@type\":\"EntryPoint\",\"urlTemplate\":\"https:\\\/\\\/www.teamprofi.de\\\/tsv-moosach\\\/?s={search_term_string}\"},\"query-input\":{\"@type\":\"PropertyValueSpecification\",\"valueRequired\":true,\"valueName\":\"search_term_string\"}}],\"inLanguage\":\"de\"}]}<\/script>\n<!-- \/ Yoast SEO plugin. -->","yoast_head_json":{"title":"Warenkorb - TSV Moosach","robots":{"index":"index","follow":"follow","max-snippet":"max-snippet:-1","max-image-preview":"max-image-preview:large","max-video-preview":"max-video-preview:-1"},"canonical":"https:\/\/www.teamprofi.de\/tsv-moosach\/warenkorb","og_locale":"de_DE","og_type":"article","og_title":"Warenkorb - TSV Moosach","og_url":"https:\/\/www.teamprofi.de\/tsv-moosach\/warenkorb","og_site_name":"TSV Moosach","twitter_card":"summary_large_image","schema":{"@context":"https:\/\/schema.org","@graph":[{"@type":"WebPage","@id":"https:\/\/www.teamprofi.de\/tsv-moosach\/warenkorb","url":"https:\/\/www.teamprofi.de\/tsv-moosach\/warenkorb","name":"Warenkorb - TSV Moosach","isPartOf":{"@id":"https:\/\/www.teamprofi.de\/tsv-moosach\/#website"},"datePublished":"2018-05-08T08:14:48+00:00","breadcrumb":{"@id":"https:\/\/www.teamprofi.de\/tsv-moosach\/warenkorb#breadcrumb"},"inLanguage":"de","potentialAction":[{"@type":"ReadAction","target":["https:\/\/www.teamprofi.de\/tsv-moosach\/warenkorb"]}]},{"@type":"BreadcrumbList","@id":"https:\/\/www.teamprofi.de\/tsv-moosach\/warenkorb#breadcrumb","itemListElement":[{"@type":"ListItem","position":1,"name":"Startseite","item":"https:\/\/www.teamprofi.de\/tsv-moosach\/"},{"@type":"ListItem","position":2,"name":"Warenkorb"}]},{"@type":"WebSite","@id":"https:\/\/www.teamprofi.de\/tsv-moosach\/#website","url":"https:\/\/www.teamprofi.de\/tsv-moosach\/","name":"TSV Moosach","description":"Vereins-Shop - Sport G\u00fcrteler","potentialAction":[{"@type":"SearchAction","target":{"@type":"EntryPoint","urlTemplate":"https:\/\/www.teamprofi.de\/tsv-moosach\/?s={search_term_string}"},"query-input":{"@type":"PropertyValueSpecification","valueRequired":true,"valueName":"search_term_string"}}],"inLanguage":"de"}]}},"_links":{"self":[{"href":"https:\/\/www.teamprofi.de\/tsv-moosach\/wp-json\/wp\/v2\/pages\/13","targetHints":{"allow":["GET"]}}],"collection":[{"href":"https:\/\/www.teamprofi.de\/tsv-moosach\/wp-json\/wp\/v2\/pages"}],"about":[{"href":"https:\/\/www.teamprofi.de\/tsv-moosach\/wp-json\/wp\/v2\/types\/page"}],"author":[{"embeddable":true,"href":"https:\/\/www.teamprofi.de\/tsv-moosach\/wp-json\/wp\/v2\/users\/1"}],"replies":[{"embeddable":true,"href":"https:\/\/www.teamprofi.de\/tsv-moosach\/wp-json\/wp\/v2\/comments?post=13"}],"version-history":[{"count":0,"href":"https:\/\/www.teamprofi.de\/tsv-moosach\/wp-json\/wp\/v2\/pages\/13\/revisions"}],"wp:attachment":[{"href":"https:\/\/www.teamprofi.de\/tsv-moosach\/wp-json\/wp\/v2\/media?parent=13"}],"curies":[{"name":"wp","href":"https:\/\/api.w.org\/{rel}","templated":true}]}}