{"id":1216,"date":"2024-03-01T13:47:48","date_gmt":"2024-03-01T12:47:48","guid":{"rendered":"https:\/\/www.teamprofi.de\/tsv-haar\/?post_type=product&#038;p=1216"},"modified":"2024-10-29T09:32:58","modified_gmt":"2024-10-29T08:32:58","slug":"progress-ls-basket-jersey","status":"publish","type":"product","link":"https:\/\/www.teamprofi.de\/tsv-haar\/produkt\/progress-ls-basket-jersey","title":{"rendered":"Progress LS Basket Jersey"},"content":{"rendered":"<p>Progress LS Basket Jersey ist ein lang\u00e4rmeliges Basketballtrikot zum Aufw\u00e4rmen und Trainieren. Das Jersey aus leichtem, recyceltem Polyester bietet eine erh\u00f6hte Atmungsaktivit\u00e4t und einen effizienten Feuchtigkeitstransport f\u00fcr optimale Leistung. Au\u00dferdem f\u00fchlt es sich weich an und hat eine weite Passform, um hohen Komfort und uneingeschr\u00e4nkte Bewegungsfreiheit zu bieten.<\/p>\n<p>&nbsp;<\/p>\n","protected":false},"excerpt":{"rendered":"<p>Progress LS Basket Jersey ist ein lang\u00e4rmeliges Basketballtrikot zum Aufw\u00e4rmen und Trainieren. Das Jersey aus leichtem, recyceltem Polyester bietet eine erh\u00f6hte Atmungsaktivit\u00e4t und einen effizienten Feuchtigkeitstransport f\u00fcr optimale Leistung. Au\u00dferdem<\/p>\n","protected":false},"featured_media":1363,"template":"","meta":{"inline_featured_image":false},"product_brand":[],"product_cat":[15],"product_tag":[],"class_list":{"0":"post-1216","1":"product","2":"type-product","3":"status-publish","4":"has-post-thumbnail","6":"product_cat-basketball","8":"first","9":"instock","10":"taxable","11":"shipping-taxable","12":"purchasable","13":"product-type-variable"},"yoast_head":"<!-- This site is optimized with the Yoast SEO plugin v27.3 - https:\/\/yoast.com\/product\/yoast-seo-wordpress\/ -->\n<title>Progress LS Basket Jersey - TSV Haar<\/title>\n<meta name=\"robots\" content=\"index, follow, max-snippet:-1, max-image-preview:large, max-video-preview:-1\" \/>\n<link rel=\"canonical\" href=\"https:\/\/www.teamprofi.de\/tsv-haar\/produkt\/progress-ls-basket-jersey\" \/>\n<meta property=\"og:locale\" content=\"de_DE\" \/>\n<meta property=\"og:type\" content=\"article\" \/>\n<meta property=\"og:title\" content=\"Progress LS Basket Jersey - TSV Haar\" \/>\n<meta property=\"og:description\" content=\"Progress LS Basket Jersey ist ein lang\u00e4rmeliges Basketballtrikot zum Aufw\u00e4rmen und Trainieren. Das Jersey aus leichtem, recyceltem Polyester bietet eine erh\u00f6hte Atmungsaktivit\u00e4t und einen effizienten Feuchtigkeitstransport f\u00fcr optimale Leistung. Au\u00dferdem\" \/>\n<meta property=\"og:url\" content=\"https:\/\/www.teamprofi.de\/tsv-haar\/produkt\/progress-ls-basket-jersey\" \/>\n<meta property=\"og:site_name\" content=\"TSV Haar\" \/>\n<meta property=\"article:modified_time\" content=\"2024-10-29T08:32:58+00:00\" \/>\n<meta property=\"og:image\" content=\"https:\/\/www.teamprofi.de\/tsv-haar\/wp-content\/uploads\/sites\/32\/2024\/03\/1911106_34600_new.jpg\" \/>\n\t<meta property=\"og:image:width\" content=\"1329\" \/>\n\t<meta property=\"og:image:height\" content=\"1536\" \/>\n\t<meta property=\"og:image:type\" content=\"image\/jpeg\" \/>\n<meta name=\"twitter:card\" content=\"summary_large_image\" \/>\n<meta name=\"twitter:label1\" content=\"Gesch\u00e4tzte Lesezeit\" \/>\n\t<meta name=\"twitter:data1\" content=\"1\u00a0Minute\" \/>\n<script type=\"application\/ld+json\" class=\"yoast-schema-graph\">{\"@context\":\"https:\\\/\\\/schema.org\",\"@graph\":[{\"@type\":\"WebPage\",\"@id\":\"https:\\\/\\\/www.teamprofi.de\\\/tsv-haar\\\/produkt\\\/progress-ls-basket-jersey\",\"url\":\"https:\\\/\\\/www.teamprofi.de\\\/tsv-haar\\\/produkt\\\/progress-ls-basket-jersey\",\"name\":\"Progress LS Basket Jersey - TSV Haar\",\"isPartOf\":{\"@id\":\"https:\\\/\\\/www.teamprofi.de\\\/tsv-haar\\\/#website\"},\"primaryImageOfPage\":{\"@id\":\"https:\\\/\\\/www.teamprofi.de\\\/tsv-haar\\\/produkt\\\/progress-ls-basket-jersey#primaryimage\"},\"image\":{\"@id\":\"https:\\\/\\\/www.teamprofi.de\\\/tsv-haar\\\/produkt\\\/progress-ls-basket-jersey#primaryimage\"},\"thumbnailUrl\":\"https:\\\/\\\/www.teamprofi.de\\\/tsv-haar\\\/wp-content\\\/uploads\\\/sites\\\/32\\\/2024\\\/03\\\/1911106_34600_new.jpg\",\"datePublished\":\"2024-03-01T12:47:48+00:00\",\"dateModified\":\"2024-10-29T08:32:58+00:00\",\"breadcrumb\":{\"@id\":\"https:\\\/\\\/www.teamprofi.de\\\/tsv-haar\\\/produkt\\\/progress-ls-basket-jersey#breadcrumb\"},\"inLanguage\":\"de\",\"potentialAction\":[{\"@type\":\"ReadAction\",\"target\":[\"https:\\\/\\\/www.teamprofi.de\\\/tsv-haar\\\/produkt\\\/progress-ls-basket-jersey\"]}]},{\"@type\":\"ImageObject\",\"inLanguage\":\"de\",\"@id\":\"https:\\\/\\\/www.teamprofi.de\\\/tsv-haar\\\/produkt\\\/progress-ls-basket-jersey#primaryimage\",\"url\":\"https:\\\/\\\/www.teamprofi.de\\\/tsv-haar\\\/wp-content\\\/uploads\\\/sites\\\/32\\\/2024\\\/03\\\/1911106_34600_new.jpg\",\"contentUrl\":\"https:\\\/\\\/www.teamprofi.de\\\/tsv-haar\\\/wp-content\\\/uploads\\\/sites\\\/32\\\/2024\\\/03\\\/1911106_34600_new.jpg\",\"width\":1329,\"height\":1536},{\"@type\":\"BreadcrumbList\",\"@id\":\"https:\\\/\\\/www.teamprofi.de\\\/tsv-haar\\\/produkt\\\/progress-ls-basket-jersey#breadcrumb\",\"itemListElement\":[{\"@type\":\"ListItem\",\"position\":1,\"name\":\"Startseite\",\"item\":\"https:\\\/\\\/www.teamprofi.de\\\/tsv-haar\\\/\"},{\"@type\":\"ListItem\",\"position\":2,\"name\":\"Shop\",\"item\":\"https:\\\/\\\/www.teamprofi.de\\\/tsv-haar\\\/shop\"},{\"@type\":\"ListItem\",\"position\":3,\"name\":\"Progress LS Basket Jersey\"}]},{\"@type\":\"WebSite\",\"@id\":\"https:\\\/\\\/www.teamprofi.de\\\/tsv-haar\\\/#website\",\"url\":\"https:\\\/\\\/www.teamprofi.de\\\/tsv-haar\\\/\",\"name\":\"TSV Haar\",\"description\":\"Eine weitere Vereins Shops - Sport G\u00fcrteler Website\",\"potentialAction\":[{\"@type\":\"SearchAction\",\"target\":{\"@type\":\"EntryPoint\",\"urlTemplate\":\"https:\\\/\\\/www.teamprofi.de\\\/tsv-haar\\\/?s={search_term_string}\"},\"query-input\":{\"@type\":\"PropertyValueSpecification\",\"valueRequired\":true,\"valueName\":\"search_term_string\"}}],\"inLanguage\":\"de\"}]}<\/script>\n<!-- \/ Yoast SEO plugin. -->","yoast_head_json":{"title":"Progress LS Basket Jersey - TSV Haar","robots":{"index":"index","follow":"follow","max-snippet":"max-snippet:-1","max-image-preview":"max-image-preview:large","max-video-preview":"max-video-preview:-1"},"canonical":"https:\/\/www.teamprofi.de\/tsv-haar\/produkt\/progress-ls-basket-jersey","og_locale":"de_DE","og_type":"article","og_title":"Progress LS Basket Jersey - TSV Haar","og_description":"Progress LS Basket Jersey ist ein lang\u00e4rmeliges Basketballtrikot zum Aufw\u00e4rmen und Trainieren. Das Jersey aus leichtem, recyceltem Polyester bietet eine erh\u00f6hte Atmungsaktivit\u00e4t und einen effizienten Feuchtigkeitstransport f\u00fcr optimale Leistung. Au\u00dferdem","og_url":"https:\/\/www.teamprofi.de\/tsv-haar\/produkt\/progress-ls-basket-jersey","og_site_name":"TSV Haar","article_modified_time":"2024-10-29T08:32:58+00:00","og_image":[{"width":1329,"height":1536,"url":"https:\/\/www.teamprofi.de\/tsv-haar\/wp-content\/uploads\/sites\/32\/2024\/03\/1911106_34600_new.jpg","type":"image\/jpeg"}],"twitter_card":"summary_large_image","twitter_misc":{"Gesch\u00e4tzte Lesezeit":"1\u00a0Minute"},"schema":{"@context":"https:\/\/schema.org","@graph":[{"@type":"WebPage","@id":"https:\/\/www.teamprofi.de\/tsv-haar\/produkt\/progress-ls-basket-jersey","url":"https:\/\/www.teamprofi.de\/tsv-haar\/produkt\/progress-ls-basket-jersey","name":"Progress LS Basket Jersey - TSV Haar","isPartOf":{"@id":"https:\/\/www.teamprofi.de\/tsv-haar\/#website"},"primaryImageOfPage":{"@id":"https:\/\/www.teamprofi.de\/tsv-haar\/produkt\/progress-ls-basket-jersey#primaryimage"},"image":{"@id":"https:\/\/www.teamprofi.de\/tsv-haar\/produkt\/progress-ls-basket-jersey#primaryimage"},"thumbnailUrl":"https:\/\/www.teamprofi.de\/tsv-haar\/wp-content\/uploads\/sites\/32\/2024\/03\/1911106_34600_new.jpg","datePublished":"2024-03-01T12:47:48+00:00","dateModified":"2024-10-29T08:32:58+00:00","breadcrumb":{"@id":"https:\/\/www.teamprofi.de\/tsv-haar\/produkt\/progress-ls-basket-jersey#breadcrumb"},"inLanguage":"de","potentialAction":[{"@type":"ReadAction","target":["https:\/\/www.teamprofi.de\/tsv-haar\/produkt\/progress-ls-basket-jersey"]}]},{"@type":"ImageObject","inLanguage":"de","@id":"https:\/\/www.teamprofi.de\/tsv-haar\/produkt\/progress-ls-basket-jersey#primaryimage","url":"https:\/\/www.teamprofi.de\/tsv-haar\/wp-content\/uploads\/sites\/32\/2024\/03\/1911106_34600_new.jpg","contentUrl":"https:\/\/www.teamprofi.de\/tsv-haar\/wp-content\/uploads\/sites\/32\/2024\/03\/1911106_34600_new.jpg","width":1329,"height":1536},{"@type":"BreadcrumbList","@id":"https:\/\/www.teamprofi.de\/tsv-haar\/produkt\/progress-ls-basket-jersey#breadcrumb","itemListElement":[{"@type":"ListItem","position":1,"name":"Startseite","item":"https:\/\/www.teamprofi.de\/tsv-haar\/"},{"@type":"ListItem","position":2,"name":"Shop","item":"https:\/\/www.teamprofi.de\/tsv-haar\/shop"},{"@type":"ListItem","position":3,"name":"Progress LS Basket Jersey"}]},{"@type":"WebSite","@id":"https:\/\/www.teamprofi.de\/tsv-haar\/#website","url":"https:\/\/www.teamprofi.de\/tsv-haar\/","name":"TSV Haar","description":"Eine weitere Vereins Shops - Sport G\u00fcrteler Website","potentialAction":[{"@type":"SearchAction","target":{"@type":"EntryPoint","urlTemplate":"https:\/\/www.teamprofi.de\/tsv-haar\/?s={search_term_string}"},"query-input":{"@type":"PropertyValueSpecification","valueRequired":true,"valueName":"search_term_string"}}],"inLanguage":"de"}]}},"_links":{"self":[{"href":"https:\/\/www.teamprofi.de\/tsv-haar\/wp-json\/wp\/v2\/product\/1216","targetHints":{"allow":["GET"]}}],"collection":[{"href":"https:\/\/www.teamprofi.de\/tsv-haar\/wp-json\/wp\/v2\/product"}],"about":[{"href":"https:\/\/www.teamprofi.de\/tsv-haar\/wp-json\/wp\/v2\/types\/product"}],"wp:featuredmedia":[{"embeddable":true,"href":"https:\/\/www.teamprofi.de\/tsv-haar\/wp-json\/wp\/v2\/media\/1363"}],"wp:attachment":[{"href":"https:\/\/www.teamprofi.de\/tsv-haar\/wp-json\/wp\/v2\/media?parent=1216"}],"wp:term":[{"taxonomy":"product_brand","embeddable":true,"href":"https:\/\/www.teamprofi.de\/tsv-haar\/wp-json\/wp\/v2\/product_brand?post=1216"},{"taxonomy":"product_cat","embeddable":true,"href":"https:\/\/www.teamprofi.de\/tsv-haar\/wp-json\/wp\/v2\/product_cat?post=1216"},{"taxonomy":"product_tag","embeddable":true,"href":"https:\/\/www.teamprofi.de\/tsv-haar\/wp-json\/wp\/v2\/product_tag?post=1216"}],"curies":[{"name":"wp","href":"https:\/\/api.w.org\/{rel}","templated":true}]}}