{"id":224,"date":"2018-07-04T15:29:56","date_gmt":"2018-07-04T13:29:56","guid":{"rendered":"https:\/\/www.teamprofi.de\/tsv-grafing\/?post_type=product&#038;p=224"},"modified":"2021-11-24T13:53:00","modified_gmt":"2021-11-24T12:53:00","slug":"feldpielerhandschuhe","status":"publish","type":"product","link":"https:\/\/www.teamprofi.de\/tsv-grafing\/produkt\/feldpielerhandschuhe","title":{"rendered":"Feldpielerhandschuhe"},"content":{"rendered":"<p>Die Feldspielerhandschuhe sind Deine unverzichtbaren Begleiter f\u00fcr die kalte Jahreszeit. Wenn die Tage k\u00fcrzer werden, kann es in den Trainingseinheiten und manchmal sogar im Ligaspiel am Wochenende kalt werden. Die Feldspielerhandschuhe sch\u00fctzen Deine H\u00e4nde w\u00e4hrend dem Spiel optimal. So bewahrst Du auch bei frostigen Temperaturen ein angenehmes K\u00f6rpergef\u00fchl und kannst Dich ungest\u00f6rt darauf konzentrieren, Dein gesamtes Potenzial abzurufen. In einigen Situationen unterst\u00fctzen Dich die Handschuhe sogar dabei. Die Gripp- Bel\u00e4ge an den Fingerkuppen verschaffen die Gripp und ein optimales Ballhandling. Der Klettverschluss am Handgelenk garantiert einen festen und passgenauen Sitz. Ob beim Training oder Spiel &#8211; der Feldspielerhandschuh ist bei kalten Temperaturen ein unersetzliches Zubeh\u00f6r.<\/p>\n<p><strong>Material:<\/strong><\/p>\n<ul>\n<li>Microfleece<\/li>\n<li>100 % Polyester<\/li>\n<\/ul>\n","protected":false},"excerpt":{"rendered":"<p>Die Feldspielerhandschuhe sind Deine unverzichtbaren Begleiter f\u00fcr die kalte Jahreszeit. Wenn die Tage k\u00fcrzer werden, kann es in den Trainingseinheiten und manchmal sogar im Ligaspiel am Wochenende kalt werden. Die<\/p>\n","protected":false},"featured_media":233,"template":"","meta":{"inline_featured_image":false},"product_brand":[],"product_cat":[107],"product_tag":[],"class_list":{"0":"post-224","1":"product","2":"type-product","3":"status-publish","4":"has-post-thumbnail","6":"product_cat-teamsport","8":"first","9":"instock","10":"taxable","11":"shipping-taxable","12":"purchasable","13":"product-type-variable"},"yoast_head":"<!-- This site is optimized with the Yoast SEO plugin v27.3 - https:\/\/yoast.com\/product\/yoast-seo-wordpress\/ -->\n<title>Feldpielerhandschuhe - TSV Grafing<\/title>\n<meta name=\"robots\" content=\"index, follow, max-snippet:-1, max-image-preview:large, max-video-preview:-1\" \/>\n<link rel=\"canonical\" href=\"https:\/\/www.teamprofi.de\/tsv-grafing\/produkt\/feldpielerhandschuhe\" \/>\n<meta property=\"og:locale\" content=\"de_DE\" \/>\n<meta property=\"og:type\" content=\"article\" \/>\n<meta property=\"og:title\" content=\"Feldpielerhandschuhe - TSV Grafing\" \/>\n<meta property=\"og:description\" content=\"Die Feldspielerhandschuhe sind Deine unverzichtbaren Begleiter f\u00fcr die kalte Jahreszeit. Wenn die Tage k\u00fcrzer werden, kann es in den Trainingseinheiten und manchmal sogar im Ligaspiel am Wochenende kalt werden. Die\" \/>\n<meta property=\"og:url\" content=\"https:\/\/www.teamprofi.de\/tsv-grafing\/produkt\/feldpielerhandschuhe\" \/>\n<meta property=\"og:site_name\" content=\"TSV Grafing\" \/>\n<meta property=\"article:modified_time\" content=\"2021-11-24T12:53:00+00:00\" \/>\n<meta property=\"og:image\" content=\"https:\/\/www.teamprofi.de\/tsv-grafing\/wp-content\/uploads\/sites\/10\/2018\/07\/2505_08.jpg\" \/>\n\t<meta property=\"og:image:width\" content=\"800\" \/>\n\t<meta property=\"og:image:height\" content=\"800\" \/>\n\t<meta property=\"og:image:type\" content=\"image\/jpeg\" \/>\n<meta name=\"twitter:card\" content=\"summary_large_image\" \/>\n<meta name=\"twitter:label1\" content=\"Gesch\u00e4tzte Lesezeit\" \/>\n\t<meta name=\"twitter:data1\" content=\"1\u00a0Minute\" \/>\n<script type=\"application\/ld+json\" class=\"yoast-schema-graph\">{\"@context\":\"https:\\\/\\\/schema.org\",\"@graph\":[{\"@type\":\"WebPage\",\"@id\":\"https:\\\/\\\/www.teamprofi.de\\\/tsv-grafing\\\/produkt\\\/feldpielerhandschuhe\",\"url\":\"https:\\\/\\\/www.teamprofi.de\\\/tsv-grafing\\\/produkt\\\/feldpielerhandschuhe\",\"name\":\"Feldpielerhandschuhe - TSV Grafing\",\"isPartOf\":{\"@id\":\"https:\\\/\\\/www.teamprofi.de\\\/tsv-grafing\\\/#website\"},\"primaryImageOfPage\":{\"@id\":\"https:\\\/\\\/www.teamprofi.de\\\/tsv-grafing\\\/produkt\\\/feldpielerhandschuhe#primaryimage\"},\"image\":{\"@id\":\"https:\\\/\\\/www.teamprofi.de\\\/tsv-grafing\\\/produkt\\\/feldpielerhandschuhe#primaryimage\"},\"thumbnailUrl\":\"https:\\\/\\\/www.teamprofi.de\\\/tsv-grafing\\\/wp-content\\\/uploads\\\/sites\\\/10\\\/2018\\\/07\\\/2505_08.jpg\",\"datePublished\":\"2018-07-04T13:29:56+00:00\",\"dateModified\":\"2021-11-24T12:53:00+00:00\",\"breadcrumb\":{\"@id\":\"https:\\\/\\\/www.teamprofi.de\\\/tsv-grafing\\\/produkt\\\/feldpielerhandschuhe#breadcrumb\"},\"inLanguage\":\"de\",\"potentialAction\":[{\"@type\":\"ReadAction\",\"target\":[\"https:\\\/\\\/www.teamprofi.de\\\/tsv-grafing\\\/produkt\\\/feldpielerhandschuhe\"]}]},{\"@type\":\"ImageObject\",\"inLanguage\":\"de\",\"@id\":\"https:\\\/\\\/www.teamprofi.de\\\/tsv-grafing\\\/produkt\\\/feldpielerhandschuhe#primaryimage\",\"url\":\"https:\\\/\\\/www.teamprofi.de\\\/tsv-grafing\\\/wp-content\\\/uploads\\\/sites\\\/10\\\/2018\\\/07\\\/2505_08.jpg\",\"contentUrl\":\"https:\\\/\\\/www.teamprofi.de\\\/tsv-grafing\\\/wp-content\\\/uploads\\\/sites\\\/10\\\/2018\\\/07\\\/2505_08.jpg\",\"width\":800,\"height\":800},{\"@type\":\"BreadcrumbList\",\"@id\":\"https:\\\/\\\/www.teamprofi.de\\\/tsv-grafing\\\/produkt\\\/feldpielerhandschuhe#breadcrumb\",\"itemListElement\":[{\"@type\":\"ListItem\",\"position\":1,\"name\":\"Startseite\",\"item\":\"https:\\\/\\\/www.teamprofi.de\\\/tsv-grafing\\\/\"},{\"@type\":\"ListItem\",\"position\":2,\"name\":\"Shop\",\"item\":\"https:\\\/\\\/www.teamprofi.de\\\/tsv-grafing\\\/shop\"},{\"@type\":\"ListItem\",\"position\":3,\"name\":\"Feldpielerhandschuhe\"}]},{\"@type\":\"WebSite\",\"@id\":\"https:\\\/\\\/www.teamprofi.de\\\/tsv-grafing\\\/#website\",\"url\":\"https:\\\/\\\/www.teamprofi.de\\\/tsv-grafing\\\/\",\"name\":\"TSV Grafing\",\"description\":\"Vereins-Shop - Sport G\u00fcrteler\",\"potentialAction\":[{\"@type\":\"SearchAction\",\"target\":{\"@type\":\"EntryPoint\",\"urlTemplate\":\"https:\\\/\\\/www.teamprofi.de\\\/tsv-grafing\\\/?s={search_term_string}\"},\"query-input\":{\"@type\":\"PropertyValueSpecification\",\"valueRequired\":true,\"valueName\":\"search_term_string\"}}],\"inLanguage\":\"de\"}]}<\/script>\n<!-- \/ Yoast SEO plugin. -->","yoast_head_json":{"title":"Feldpielerhandschuhe - TSV Grafing","robots":{"index":"index","follow":"follow","max-snippet":"max-snippet:-1","max-image-preview":"max-image-preview:large","max-video-preview":"max-video-preview:-1"},"canonical":"https:\/\/www.teamprofi.de\/tsv-grafing\/produkt\/feldpielerhandschuhe","og_locale":"de_DE","og_type":"article","og_title":"Feldpielerhandschuhe - TSV Grafing","og_description":"Die Feldspielerhandschuhe sind Deine unverzichtbaren Begleiter f\u00fcr die kalte Jahreszeit. Wenn die Tage k\u00fcrzer werden, kann es in den Trainingseinheiten und manchmal sogar im Ligaspiel am Wochenende kalt werden. Die","og_url":"https:\/\/www.teamprofi.de\/tsv-grafing\/produkt\/feldpielerhandschuhe","og_site_name":"TSV Grafing","article_modified_time":"2021-11-24T12:53:00+00:00","og_image":[{"width":800,"height":800,"url":"https:\/\/www.teamprofi.de\/tsv-grafing\/wp-content\/uploads\/sites\/10\/2018\/07\/2505_08.jpg","type":"image\/jpeg"}],"twitter_card":"summary_large_image","twitter_misc":{"Gesch\u00e4tzte Lesezeit":"1\u00a0Minute"},"schema":{"@context":"https:\/\/schema.org","@graph":[{"@type":"WebPage","@id":"https:\/\/www.teamprofi.de\/tsv-grafing\/produkt\/feldpielerhandschuhe","url":"https:\/\/www.teamprofi.de\/tsv-grafing\/produkt\/feldpielerhandschuhe","name":"Feldpielerhandschuhe - TSV Grafing","isPartOf":{"@id":"https:\/\/www.teamprofi.de\/tsv-grafing\/#website"},"primaryImageOfPage":{"@id":"https:\/\/www.teamprofi.de\/tsv-grafing\/produkt\/feldpielerhandschuhe#primaryimage"},"image":{"@id":"https:\/\/www.teamprofi.de\/tsv-grafing\/produkt\/feldpielerhandschuhe#primaryimage"},"thumbnailUrl":"https:\/\/www.teamprofi.de\/tsv-grafing\/wp-content\/uploads\/sites\/10\/2018\/07\/2505_08.jpg","datePublished":"2018-07-04T13:29:56+00:00","dateModified":"2021-11-24T12:53:00+00:00","breadcrumb":{"@id":"https:\/\/www.teamprofi.de\/tsv-grafing\/produkt\/feldpielerhandschuhe#breadcrumb"},"inLanguage":"de","potentialAction":[{"@type":"ReadAction","target":["https:\/\/www.teamprofi.de\/tsv-grafing\/produkt\/feldpielerhandschuhe"]}]},{"@type":"ImageObject","inLanguage":"de","@id":"https:\/\/www.teamprofi.de\/tsv-grafing\/produkt\/feldpielerhandschuhe#primaryimage","url":"https:\/\/www.teamprofi.de\/tsv-grafing\/wp-content\/uploads\/sites\/10\/2018\/07\/2505_08.jpg","contentUrl":"https:\/\/www.teamprofi.de\/tsv-grafing\/wp-content\/uploads\/sites\/10\/2018\/07\/2505_08.jpg","width":800,"height":800},{"@type":"BreadcrumbList","@id":"https:\/\/www.teamprofi.de\/tsv-grafing\/produkt\/feldpielerhandschuhe#breadcrumb","itemListElement":[{"@type":"ListItem","position":1,"name":"Startseite","item":"https:\/\/www.teamprofi.de\/tsv-grafing\/"},{"@type":"ListItem","position":2,"name":"Shop","item":"https:\/\/www.teamprofi.de\/tsv-grafing\/shop"},{"@type":"ListItem","position":3,"name":"Feldpielerhandschuhe"}]},{"@type":"WebSite","@id":"https:\/\/www.teamprofi.de\/tsv-grafing\/#website","url":"https:\/\/www.teamprofi.de\/tsv-grafing\/","name":"TSV Grafing","description":"Vereins-Shop - Sport G\u00fcrteler","potentialAction":[{"@type":"SearchAction","target":{"@type":"EntryPoint","urlTemplate":"https:\/\/www.teamprofi.de\/tsv-grafing\/?s={search_term_string}"},"query-input":{"@type":"PropertyValueSpecification","valueRequired":true,"valueName":"search_term_string"}}],"inLanguage":"de"}]}},"_links":{"self":[{"href":"https:\/\/www.teamprofi.de\/tsv-grafing\/wp-json\/wp\/v2\/product\/224","targetHints":{"allow":["GET"]}}],"collection":[{"href":"https:\/\/www.teamprofi.de\/tsv-grafing\/wp-json\/wp\/v2\/product"}],"about":[{"href":"https:\/\/www.teamprofi.de\/tsv-grafing\/wp-json\/wp\/v2\/types\/product"}],"wp:featuredmedia":[{"embeddable":true,"href":"https:\/\/www.teamprofi.de\/tsv-grafing\/wp-json\/wp\/v2\/media\/233"}],"wp:attachment":[{"href":"https:\/\/www.teamprofi.de\/tsv-grafing\/wp-json\/wp\/v2\/media?parent=224"}],"wp:term":[{"taxonomy":"product_brand","embeddable":true,"href":"https:\/\/www.teamprofi.de\/tsv-grafing\/wp-json\/wp\/v2\/product_brand?post=224"},{"taxonomy":"product_cat","embeddable":true,"href":"https:\/\/www.teamprofi.de\/tsv-grafing\/wp-json\/wp\/v2\/product_cat?post=224"},{"taxonomy":"product_tag","embeddable":true,"href":"https:\/\/www.teamprofi.de\/tsv-grafing\/wp-json\/wp\/v2\/product_tag?post=224"}],"curies":[{"name":"wp","href":"https:\/\/api.w.org\/{rel}","templated":true}]}}