{"id":161,"date":"2018-05-08T17:16:37","date_gmt":"2018-05-08T15:16:37","guid":{"rendered":"https:\/\/www.teamprofi.de\/tsv-grafing\/?post_type=product&#038;p=161"},"modified":"2025-12-19T12:59:34","modified_gmt":"2025-12-19T11:59:34","slug":"trainingsshort-active","status":"publish","type":"product","link":"https:\/\/www.teamprofi.de\/tsv-grafing\/produkt\/trainingsshort-active","title":{"rendered":"Trainingsshort Active"},"content":{"rendered":"<p>Mit der JAKO Trainingsshort ACTIVE bist Du perfekt f\u00fcr das Training ger\u00fcstet. Der elastische Bund mit Kordelzug bietet optimalen Tragekomfort. In den Farben schwarz und navy passt die Hose perfekt zu den Teamlines PERFORMANCE und COPA. Die Funktion KEEP DRY transportiert Feuchtigkeit unmittelbar an die Oberfl\u00e4che des Stoffes. So trocknet das Material sehr schnell, sch\u00fctzt vor Ausk\u00fchlung und garantiert Dir ein angenehmes K\u00f6rpergef\u00fchl beim Sport.<\/p>\n<p><strong>Produktdetails:<\/strong><\/p>\n<ul>\n<li>Seitentaschen<\/li>\n<li>Elastischer Bund mit Kordelzug<\/li>\n<\/ul>\n<p><strong>Material:<\/strong><\/p>\n<ul>\n<li>Polyester-Terry<\/li>\n<li>100 % Polyester<\/li>\n<\/ul>\n","protected":false},"excerpt":{"rendered":"<p>Mit der JAKO Trainingsshort ACTIVE bist Du perfekt f\u00fcr das Training ger\u00fcstet. Der elastische Bund mit Kordelzug bietet optimalen Tragekomfort. In den Farben schwarz und navy passt die Hose perfekt<\/p>\n","protected":false},"featured_media":31,"template":"","meta":{"inline_featured_image":false},"product_brand":[],"product_cat":[107],"product_tag":[],"class_list":{"0":"post-161","1":"product","2":"type-product","3":"status-publish","4":"has-post-thumbnail","6":"product_cat-teamsport","8":"first","9":"instock","10":"taxable","11":"shipping-taxable","12":"purchasable","13":"product-type-variable"},"yoast_head":"<!-- This site is optimized with the Yoast SEO plugin v27.3 - https:\/\/yoast.com\/product\/yoast-seo-wordpress\/ -->\n<title>Trainingsshort Active - TSV Grafing<\/title>\n<meta name=\"robots\" content=\"index, follow, max-snippet:-1, max-image-preview:large, max-video-preview:-1\" \/>\n<link rel=\"canonical\" href=\"https:\/\/www.teamprofi.de\/tsv-grafing\/produkt\/trainingsshort-active\" \/>\n<meta property=\"og:locale\" content=\"de_DE\" \/>\n<meta property=\"og:type\" content=\"article\" \/>\n<meta property=\"og:title\" content=\"Trainingsshort Active - TSV Grafing\" \/>\n<meta property=\"og:description\" content=\"Mit der JAKO Trainingsshort ACTIVE bist Du perfekt f\u00fcr das Training ger\u00fcstet. Der elastische Bund mit Kordelzug bietet optimalen Tragekomfort. In den Farben schwarz und navy passt die Hose perfekt\" \/>\n<meta property=\"og:url\" content=\"https:\/\/www.teamprofi.de\/tsv-grafing\/produkt\/trainingsshort-active\" \/>\n<meta property=\"og:site_name\" content=\"TSV Grafing\" \/>\n<meta property=\"article:modified_time\" content=\"2025-12-19T11:59:34+00:00\" \/>\n<meta property=\"og:image\" content=\"https:\/\/www.teamprofi.de\/tsv-grafing\/wp-content\/uploads\/sites\/10\/2018\/05\/8595_08.jpg\" \/>\n\t<meta property=\"og:image:width\" content=\"800\" \/>\n\t<meta property=\"og:image:height\" content=\"800\" \/>\n\t<meta property=\"og:image:type\" content=\"image\/jpeg\" \/>\n<meta name=\"twitter:card\" content=\"summary_large_image\" \/>\n<script type=\"application\/ld+json\" class=\"yoast-schema-graph\">{\"@context\":\"https:\\\/\\\/schema.org\",\"@graph\":[{\"@type\":\"WebPage\",\"@id\":\"https:\\\/\\\/www.teamprofi.de\\\/tsv-grafing\\\/produkt\\\/trainingsshort-active\",\"url\":\"https:\\\/\\\/www.teamprofi.de\\\/tsv-grafing\\\/produkt\\\/trainingsshort-active\",\"name\":\"Trainingsshort Active - TSV Grafing\",\"isPartOf\":{\"@id\":\"https:\\\/\\\/www.teamprofi.de\\\/tsv-grafing\\\/#website\"},\"primaryImageOfPage\":{\"@id\":\"https:\\\/\\\/www.teamprofi.de\\\/tsv-grafing\\\/produkt\\\/trainingsshort-active#primaryimage\"},\"image\":{\"@id\":\"https:\\\/\\\/www.teamprofi.de\\\/tsv-grafing\\\/produkt\\\/trainingsshort-active#primaryimage\"},\"thumbnailUrl\":\"https:\\\/\\\/www.teamprofi.de\\\/tsv-grafing\\\/wp-content\\\/uploads\\\/sites\\\/10\\\/2018\\\/05\\\/8595_08.jpg\",\"datePublished\":\"2018-05-08T15:16:37+00:00\",\"dateModified\":\"2025-12-19T11:59:34+00:00\",\"breadcrumb\":{\"@id\":\"https:\\\/\\\/www.teamprofi.de\\\/tsv-grafing\\\/produkt\\\/trainingsshort-active#breadcrumb\"},\"inLanguage\":\"de\",\"potentialAction\":[{\"@type\":\"ReadAction\",\"target\":[\"https:\\\/\\\/www.teamprofi.de\\\/tsv-grafing\\\/produkt\\\/trainingsshort-active\"]}]},{\"@type\":\"ImageObject\",\"inLanguage\":\"de\",\"@id\":\"https:\\\/\\\/www.teamprofi.de\\\/tsv-grafing\\\/produkt\\\/trainingsshort-active#primaryimage\",\"url\":\"https:\\\/\\\/www.teamprofi.de\\\/tsv-grafing\\\/wp-content\\\/uploads\\\/sites\\\/10\\\/2018\\\/05\\\/8595_08.jpg\",\"contentUrl\":\"https:\\\/\\\/www.teamprofi.de\\\/tsv-grafing\\\/wp-content\\\/uploads\\\/sites\\\/10\\\/2018\\\/05\\\/8595_08.jpg\",\"width\":800,\"height\":800},{\"@type\":\"BreadcrumbList\",\"@id\":\"https:\\\/\\\/www.teamprofi.de\\\/tsv-grafing\\\/produkt\\\/trainingsshort-active#breadcrumb\",\"itemListElement\":[{\"@type\":\"ListItem\",\"position\":1,\"name\":\"Startseite\",\"item\":\"https:\\\/\\\/www.teamprofi.de\\\/tsv-grafing\\\/\"},{\"@type\":\"ListItem\",\"position\":2,\"name\":\"Shop\",\"item\":\"https:\\\/\\\/www.teamprofi.de\\\/tsv-grafing\\\/shop\"},{\"@type\":\"ListItem\",\"position\":3,\"name\":\"Trainingsshort Active\"}]},{\"@type\":\"WebSite\",\"@id\":\"https:\\\/\\\/www.teamprofi.de\\\/tsv-grafing\\\/#website\",\"url\":\"https:\\\/\\\/www.teamprofi.de\\\/tsv-grafing\\\/\",\"name\":\"TSV Grafing\",\"description\":\"Vereins-Shop - Sport G\u00fcrteler\",\"potentialAction\":[{\"@type\":\"SearchAction\",\"target\":{\"@type\":\"EntryPoint\",\"urlTemplate\":\"https:\\\/\\\/www.teamprofi.de\\\/tsv-grafing\\\/?s={search_term_string}\"},\"query-input\":{\"@type\":\"PropertyValueSpecification\",\"valueRequired\":true,\"valueName\":\"search_term_string\"}}],\"inLanguage\":\"de\"}]}<\/script>\n<!-- \/ Yoast SEO plugin. -->","yoast_head_json":{"title":"Trainingsshort Active - TSV Grafing","robots":{"index":"index","follow":"follow","max-snippet":"max-snippet:-1","max-image-preview":"max-image-preview:large","max-video-preview":"max-video-preview:-1"},"canonical":"https:\/\/www.teamprofi.de\/tsv-grafing\/produkt\/trainingsshort-active","og_locale":"de_DE","og_type":"article","og_title":"Trainingsshort Active - TSV Grafing","og_description":"Mit der JAKO Trainingsshort ACTIVE bist Du perfekt f\u00fcr das Training ger\u00fcstet. Der elastische Bund mit Kordelzug bietet optimalen Tragekomfort. In den Farben schwarz und navy passt die Hose perfekt","og_url":"https:\/\/www.teamprofi.de\/tsv-grafing\/produkt\/trainingsshort-active","og_site_name":"TSV Grafing","article_modified_time":"2025-12-19T11:59:34+00:00","og_image":[{"width":800,"height":800,"url":"https:\/\/www.teamprofi.de\/tsv-grafing\/wp-content\/uploads\/sites\/10\/2018\/05\/8595_08.jpg","type":"image\/jpeg"}],"twitter_card":"summary_large_image","schema":{"@context":"https:\/\/schema.org","@graph":[{"@type":"WebPage","@id":"https:\/\/www.teamprofi.de\/tsv-grafing\/produkt\/trainingsshort-active","url":"https:\/\/www.teamprofi.de\/tsv-grafing\/produkt\/trainingsshort-active","name":"Trainingsshort Active - TSV Grafing","isPartOf":{"@id":"https:\/\/www.teamprofi.de\/tsv-grafing\/#website"},"primaryImageOfPage":{"@id":"https:\/\/www.teamprofi.de\/tsv-grafing\/produkt\/trainingsshort-active#primaryimage"},"image":{"@id":"https:\/\/www.teamprofi.de\/tsv-grafing\/produkt\/trainingsshort-active#primaryimage"},"thumbnailUrl":"https:\/\/www.teamprofi.de\/tsv-grafing\/wp-content\/uploads\/sites\/10\/2018\/05\/8595_08.jpg","datePublished":"2018-05-08T15:16:37+00:00","dateModified":"2025-12-19T11:59:34+00:00","breadcrumb":{"@id":"https:\/\/www.teamprofi.de\/tsv-grafing\/produkt\/trainingsshort-active#breadcrumb"},"inLanguage":"de","potentialAction":[{"@type":"ReadAction","target":["https:\/\/www.teamprofi.de\/tsv-grafing\/produkt\/trainingsshort-active"]}]},{"@type":"ImageObject","inLanguage":"de","@id":"https:\/\/www.teamprofi.de\/tsv-grafing\/produkt\/trainingsshort-active#primaryimage","url":"https:\/\/www.teamprofi.de\/tsv-grafing\/wp-content\/uploads\/sites\/10\/2018\/05\/8595_08.jpg","contentUrl":"https:\/\/www.teamprofi.de\/tsv-grafing\/wp-content\/uploads\/sites\/10\/2018\/05\/8595_08.jpg","width":800,"height":800},{"@type":"BreadcrumbList","@id":"https:\/\/www.teamprofi.de\/tsv-grafing\/produkt\/trainingsshort-active#breadcrumb","itemListElement":[{"@type":"ListItem","position":1,"name":"Startseite","item":"https:\/\/www.teamprofi.de\/tsv-grafing\/"},{"@type":"ListItem","position":2,"name":"Shop","item":"https:\/\/www.teamprofi.de\/tsv-grafing\/shop"},{"@type":"ListItem","position":3,"name":"Trainingsshort Active"}]},{"@type":"WebSite","@id":"https:\/\/www.teamprofi.de\/tsv-grafing\/#website","url":"https:\/\/www.teamprofi.de\/tsv-grafing\/","name":"TSV Grafing","description":"Vereins-Shop - Sport G\u00fcrteler","potentialAction":[{"@type":"SearchAction","target":{"@type":"EntryPoint","urlTemplate":"https:\/\/www.teamprofi.de\/tsv-grafing\/?s={search_term_string}"},"query-input":{"@type":"PropertyValueSpecification","valueRequired":true,"valueName":"search_term_string"}}],"inLanguage":"de"}]}},"_links":{"self":[{"href":"https:\/\/www.teamprofi.de\/tsv-grafing\/wp-json\/wp\/v2\/product\/161","targetHints":{"allow":["GET"]}}],"collection":[{"href":"https:\/\/www.teamprofi.de\/tsv-grafing\/wp-json\/wp\/v2\/product"}],"about":[{"href":"https:\/\/www.teamprofi.de\/tsv-grafing\/wp-json\/wp\/v2\/types\/product"}],"wp:featuredmedia":[{"embeddable":true,"href":"https:\/\/www.teamprofi.de\/tsv-grafing\/wp-json\/wp\/v2\/media\/31"}],"wp:attachment":[{"href":"https:\/\/www.teamprofi.de\/tsv-grafing\/wp-json\/wp\/v2\/media?parent=161"}],"wp:term":[{"taxonomy":"product_brand","embeddable":true,"href":"https:\/\/www.teamprofi.de\/tsv-grafing\/wp-json\/wp\/v2\/product_brand?post=161"},{"taxonomy":"product_cat","embeddable":true,"href":"https:\/\/www.teamprofi.de\/tsv-grafing\/wp-json\/wp\/v2\/product_cat?post=161"},{"taxonomy":"product_tag","embeddable":true,"href":"https:\/\/www.teamprofi.de\/tsv-grafing\/wp-json\/wp\/v2\/product_tag?post=161"}],"curies":[{"name":"wp","href":"https:\/\/api.w.org\/{rel}","templated":true}]}}