{"id":1143,"date":"2022-06-04T11:52:35","date_gmt":"2022-06-04T09:52:35","guid":{"rendered":"https:\/\/www.teamprofi.de\/tsv-grafing\/?post_type=product&#038;p=1143"},"modified":"2025-12-03T23:12:18","modified_gmt":"2025-12-03T22:12:18","slug":"sporttasche-classico","status":"publish","type":"product","link":"https:\/\/www.teamprofi.de\/tsv-grafing\/produkt\/sporttasche-classico","title":{"rendered":"Sporttasche Classico"},"content":{"rendered":"<div id=\"itemcard_right\" class=\"itemcardTopRight col-xs-12 col-md-6 col-lg-5\">\n<div class=\"itemcard_toggle_boxes\">\n<div class=\"slidecontent_itemcard_wrapper active\">\n<div class=\"hl\"><strong>Beschreibung<\/strong><\/div>\n<div><\/div>\n<div class=\"text\">Die Allesk\u00f6nnerin unter den Sporttaschen gibt es auch in einer Variante mit Bodenfach. Perfekt f\u00fcr die Fu\u00dfballstiefel geeignet lassen sich in der Sporttasche CLASSICO unterhalb des ger\u00e4umigen Hauptfaches mit umlaufendem 2-Wege-Rei\u00dfverschluss schmutzige Schuhe getrennt von den Textilien aufbewahren. Nat\u00fcrlich hat diese Tasche die praktische Meshbag auf der linken Seite integriert. Der gr\u00f6\u00dfenverstellbare Schultergurt eignet sich perfekt f\u00fcr individuelle Einstellungen beim Tragen.<\/div>\n<div><\/div>\n<\/div>\n<\/div>\n<div class=\"slidecontent_itemcard_wrapper active\">\n<div class=\"hl\"><strong>Details<\/strong><\/div>\n<div class=\"text\">\n<ul>\n<li>Polyester 600 D<\/li>\n<li>Ger\u00e4umiges Hauptfach mit umlaufendem 2-Wege-Rei\u00dfverschluss<\/li>\n<li>Bodenfach (H\u00f6he Gr. 2, 3: 14 cm)<\/li>\n<li>Mesh-Fach auf der linken Seite<\/li>\n<li>Tiefes Nassfach mit Rei\u00dfverschluss auf der rechten Seite<\/li>\n<li>Kleine Innentasche mit Rei\u00dfverschluss im Hauptfach<\/li>\n<li>Gr\u00f6\u00dfenverstellbarer, abnehmbarer Schultergurt<\/li>\n<li>Junior 50 x 30 x 38 cm (LxBxH) &#8211; ca. 55 Liter<\/li>\n<li>Senior 60 x 35 x 43 cm (LxBxH) &#8211; ca. 88 Liter<\/li>\n<\/ul>\n<\/div>\n<\/div>\n<div class=\"slidecontent_itemcard_wrapper active\">\n<div class=\"hl\"><strong>Material<\/strong><\/div>\n<div class=\"text\">\n<ul>\n<li>100 % Polyester<\/li>\n<\/ul>\n<\/div>\n<\/div>\n<div class=\"attributeIcons\"><img decoding=\"async\" title=\"\" src=\"https:\/\/cdn.jako.de\/userdata\/dcshop\/filter_icon\/185808_wash_not.png\" alt=\"Nicht waschen\" width=\"37px\" height=\"37px\" data-toggle=\"tooltip\" data-original-title=\"Nicht waschen\" \/><img decoding=\"async\" class=\"\" title=\"\" src=\"https:\/\/cdn.jako.de\/userdata\/dcshop\/filter_icon\/911081_bleach_not.png\" alt=\"Nicht bleichen\" width=\"37px\" height=\"37px\" data-toggle=\"tooltip\" data-original-title=\"Nicht bleichen\" \/><img decoding=\"async\" class=\"\" title=\"\" src=\"https:\/\/cdn.jako.de\/userdata\/dcshop\/filter_icon\/761917_tumble_not.png\" alt=\"Nicht trocknen\" width=\"37px\" height=\"37px\" data-toggle=\"tooltip\" data-original-title=\"Nicht trocknen\" \/><img decoding=\"async\" class=\"\" title=\"\" src=\"https:\/\/cdn.jako.de\/userdata\/dcshop\/filter_icon\/619961_iron_not.png\" alt=\"Nicht b\u00fcgeln\" width=\"37px\" height=\"37px\" data-toggle=\"tooltip\" data-original-title=\"Nicht b\u00fcgeln\" \/><img decoding=\"async\" class=\"\" title=\"\" src=\"https:\/\/cdn.jako.de\/userdata\/dcshop\/filter_icon\/591149_clean_not.png\" alt=\"Keine chemische Reinigung\" width=\"37px\" height=\"37px\" data-toggle=\"tooltip\" data-original-title=\"Keine chemische Reinigung\" \/><\/div>\n<\/div>\n","protected":false},"excerpt":{"rendered":"<p>Beschreibung Die Allesk\u00f6nnerin unter den Sporttaschen gibt es auch in einer Variante mit Bodenfach. Perfekt f\u00fcr die Fu\u00dfballstiefel geeignet lassen sich in der Sporttasche CLASSICO unterhalb des ger\u00e4umigen Hauptfaches mit<\/p>\n","protected":false},"featured_media":1128,"template":"","meta":{"inline_featured_image":false},"product_brand":[],"product_cat":[107],"product_tag":[],"class_list":{"0":"post-1143","1":"product","2":"type-product","3":"status-publish","4":"has-post-thumbnail","6":"product_cat-teamsport","8":"first","9":"instock","10":"taxable","11":"shipping-taxable","12":"purchasable","13":"product-type-variable"},"yoast_head":"<!-- This site is optimized with the Yoast SEO plugin v27.3 - https:\/\/yoast.com\/product\/yoast-seo-wordpress\/ -->\n<title>Sporttasche Classico - TSV Grafing<\/title>\n<meta name=\"robots\" content=\"index, follow, max-snippet:-1, max-image-preview:large, max-video-preview:-1\" \/>\n<link rel=\"canonical\" href=\"https:\/\/www.teamprofi.de\/tsv-grafing\/produkt\/sporttasche-classico\" \/>\n<meta property=\"og:locale\" content=\"de_DE\" \/>\n<meta property=\"og:type\" content=\"article\" \/>\n<meta property=\"og:title\" content=\"Sporttasche Classico - TSV Grafing\" \/>\n<meta property=\"og:description\" content=\"Beschreibung Die Allesk\u00f6nnerin unter den Sporttaschen gibt es auch in einer Variante mit Bodenfach. Perfekt f\u00fcr die Fu\u00dfballstiefel geeignet lassen sich in der Sporttasche CLASSICO unterhalb des ger\u00e4umigen Hauptfaches mit\" \/>\n<meta property=\"og:url\" content=\"https:\/\/www.teamprofi.de\/tsv-grafing\/produkt\/sporttasche-classico\" \/>\n<meta property=\"og:site_name\" content=\"TSV Grafing\" \/>\n<meta property=\"article:modified_time\" content=\"2025-12-03T22:12:18+00:00\" \/>\n<meta property=\"og:image\" content=\"https:\/\/www.teamprofi.de\/tsv-grafing\/wp-content\/uploads\/sites\/10\/2022\/06\/2050-08_tsvg-1024x1024.jpg\" \/>\n\t<meta property=\"og:image:width\" content=\"1024\" \/>\n\t<meta property=\"og:image:height\" content=\"1024\" \/>\n\t<meta property=\"og:image:type\" content=\"image\/jpeg\" \/>\n<meta name=\"twitter:card\" content=\"summary_large_image\" \/>\n<meta name=\"twitter:label1\" content=\"Gesch\u00e4tzte Lesezeit\" \/>\n\t<meta name=\"twitter:data1\" content=\"1\u00a0Minute\" \/>\n<script type=\"application\/ld+json\" class=\"yoast-schema-graph\">{\"@context\":\"https:\\\/\\\/schema.org\",\"@graph\":[{\"@type\":\"WebPage\",\"@id\":\"https:\\\/\\\/www.teamprofi.de\\\/tsv-grafing\\\/produkt\\\/sporttasche-classico\",\"url\":\"https:\\\/\\\/www.teamprofi.de\\\/tsv-grafing\\\/produkt\\\/sporttasche-classico\",\"name\":\"Sporttasche Classico - TSV Grafing\",\"isPartOf\":{\"@id\":\"https:\\\/\\\/www.teamprofi.de\\\/tsv-grafing\\\/#website\"},\"primaryImageOfPage\":{\"@id\":\"https:\\\/\\\/www.teamprofi.de\\\/tsv-grafing\\\/produkt\\\/sporttasche-classico#primaryimage\"},\"image\":{\"@id\":\"https:\\\/\\\/www.teamprofi.de\\\/tsv-grafing\\\/produkt\\\/sporttasche-classico#primaryimage\"},\"thumbnailUrl\":\"https:\\\/\\\/www.teamprofi.de\\\/tsv-grafing\\\/wp-content\\\/uploads\\\/sites\\\/10\\\/2022\\\/06\\\/2050-08_tsvg.jpg\",\"datePublished\":\"2022-06-04T09:52:35+00:00\",\"dateModified\":\"2025-12-03T22:12:18+00:00\",\"breadcrumb\":{\"@id\":\"https:\\\/\\\/www.teamprofi.de\\\/tsv-grafing\\\/produkt\\\/sporttasche-classico#breadcrumb\"},\"inLanguage\":\"de\",\"potentialAction\":[{\"@type\":\"ReadAction\",\"target\":[\"https:\\\/\\\/www.teamprofi.de\\\/tsv-grafing\\\/produkt\\\/sporttasche-classico\"]}]},{\"@type\":\"ImageObject\",\"inLanguage\":\"de\",\"@id\":\"https:\\\/\\\/www.teamprofi.de\\\/tsv-grafing\\\/produkt\\\/sporttasche-classico#primaryimage\",\"url\":\"https:\\\/\\\/www.teamprofi.de\\\/tsv-grafing\\\/wp-content\\\/uploads\\\/sites\\\/10\\\/2022\\\/06\\\/2050-08_tsvg.jpg\",\"contentUrl\":\"https:\\\/\\\/www.teamprofi.de\\\/tsv-grafing\\\/wp-content\\\/uploads\\\/sites\\\/10\\\/2022\\\/06\\\/2050-08_tsvg.jpg\",\"width\":2126,\"height\":2126},{\"@type\":\"BreadcrumbList\",\"@id\":\"https:\\\/\\\/www.teamprofi.de\\\/tsv-grafing\\\/produkt\\\/sporttasche-classico#breadcrumb\",\"itemListElement\":[{\"@type\":\"ListItem\",\"position\":1,\"name\":\"Startseite\",\"item\":\"https:\\\/\\\/www.teamprofi.de\\\/tsv-grafing\\\/\"},{\"@type\":\"ListItem\",\"position\":2,\"name\":\"Shop\",\"item\":\"https:\\\/\\\/www.teamprofi.de\\\/tsv-grafing\\\/shop\"},{\"@type\":\"ListItem\",\"position\":3,\"name\":\"Sporttasche Classico\"}]},{\"@type\":\"WebSite\",\"@id\":\"https:\\\/\\\/www.teamprofi.de\\\/tsv-grafing\\\/#website\",\"url\":\"https:\\\/\\\/www.teamprofi.de\\\/tsv-grafing\\\/\",\"name\":\"TSV Grafing\",\"description\":\"Vereins-Shop - Sport G\u00fcrteler\",\"potentialAction\":[{\"@type\":\"SearchAction\",\"target\":{\"@type\":\"EntryPoint\",\"urlTemplate\":\"https:\\\/\\\/www.teamprofi.de\\\/tsv-grafing\\\/?s={search_term_string}\"},\"query-input\":{\"@type\":\"PropertyValueSpecification\",\"valueRequired\":true,\"valueName\":\"search_term_string\"}}],\"inLanguage\":\"de\"}]}<\/script>\n<!-- \/ Yoast SEO plugin. -->","yoast_head_json":{"title":"Sporttasche Classico - TSV Grafing","robots":{"index":"index","follow":"follow","max-snippet":"max-snippet:-1","max-image-preview":"max-image-preview:large","max-video-preview":"max-video-preview:-1"},"canonical":"https:\/\/www.teamprofi.de\/tsv-grafing\/produkt\/sporttasche-classico","og_locale":"de_DE","og_type":"article","og_title":"Sporttasche Classico - TSV Grafing","og_description":"Beschreibung Die Allesk\u00f6nnerin unter den Sporttaschen gibt es auch in einer Variante mit Bodenfach. Perfekt f\u00fcr die Fu\u00dfballstiefel geeignet lassen sich in der Sporttasche CLASSICO unterhalb des ger\u00e4umigen Hauptfaches mit","og_url":"https:\/\/www.teamprofi.de\/tsv-grafing\/produkt\/sporttasche-classico","og_site_name":"TSV Grafing","article_modified_time":"2025-12-03T22:12:18+00:00","og_image":[{"width":1024,"height":1024,"url":"https:\/\/www.teamprofi.de\/tsv-grafing\/wp-content\/uploads\/sites\/10\/2022\/06\/2050-08_tsvg-1024x1024.jpg","type":"image\/jpeg"}],"twitter_card":"summary_large_image","twitter_misc":{"Gesch\u00e4tzte Lesezeit":"1\u00a0Minute"},"schema":{"@context":"https:\/\/schema.org","@graph":[{"@type":"WebPage","@id":"https:\/\/www.teamprofi.de\/tsv-grafing\/produkt\/sporttasche-classico","url":"https:\/\/www.teamprofi.de\/tsv-grafing\/produkt\/sporttasche-classico","name":"Sporttasche Classico - TSV Grafing","isPartOf":{"@id":"https:\/\/www.teamprofi.de\/tsv-grafing\/#website"},"primaryImageOfPage":{"@id":"https:\/\/www.teamprofi.de\/tsv-grafing\/produkt\/sporttasche-classico#primaryimage"},"image":{"@id":"https:\/\/www.teamprofi.de\/tsv-grafing\/produkt\/sporttasche-classico#primaryimage"},"thumbnailUrl":"https:\/\/www.teamprofi.de\/tsv-grafing\/wp-content\/uploads\/sites\/10\/2022\/06\/2050-08_tsvg.jpg","datePublished":"2022-06-04T09:52:35+00:00","dateModified":"2025-12-03T22:12:18+00:00","breadcrumb":{"@id":"https:\/\/www.teamprofi.de\/tsv-grafing\/produkt\/sporttasche-classico#breadcrumb"},"inLanguage":"de","potentialAction":[{"@type":"ReadAction","target":["https:\/\/www.teamprofi.de\/tsv-grafing\/produkt\/sporttasche-classico"]}]},{"@type":"ImageObject","inLanguage":"de","@id":"https:\/\/www.teamprofi.de\/tsv-grafing\/produkt\/sporttasche-classico#primaryimage","url":"https:\/\/www.teamprofi.de\/tsv-grafing\/wp-content\/uploads\/sites\/10\/2022\/06\/2050-08_tsvg.jpg","contentUrl":"https:\/\/www.teamprofi.de\/tsv-grafing\/wp-content\/uploads\/sites\/10\/2022\/06\/2050-08_tsvg.jpg","width":2126,"height":2126},{"@type":"BreadcrumbList","@id":"https:\/\/www.teamprofi.de\/tsv-grafing\/produkt\/sporttasche-classico#breadcrumb","itemListElement":[{"@type":"ListItem","position":1,"name":"Startseite","item":"https:\/\/www.teamprofi.de\/tsv-grafing\/"},{"@type":"ListItem","position":2,"name":"Shop","item":"https:\/\/www.teamprofi.de\/tsv-grafing\/shop"},{"@type":"ListItem","position":3,"name":"Sporttasche Classico"}]},{"@type":"WebSite","@id":"https:\/\/www.teamprofi.de\/tsv-grafing\/#website","url":"https:\/\/www.teamprofi.de\/tsv-grafing\/","name":"TSV Grafing","description":"Vereins-Shop - Sport G\u00fcrteler","potentialAction":[{"@type":"SearchAction","target":{"@type":"EntryPoint","urlTemplate":"https:\/\/www.teamprofi.de\/tsv-grafing\/?s={search_term_string}"},"query-input":{"@type":"PropertyValueSpecification","valueRequired":true,"valueName":"search_term_string"}}],"inLanguage":"de"}]}},"_links":{"self":[{"href":"https:\/\/www.teamprofi.de\/tsv-grafing\/wp-json\/wp\/v2\/product\/1143","targetHints":{"allow":["GET"]}}],"collection":[{"href":"https:\/\/www.teamprofi.de\/tsv-grafing\/wp-json\/wp\/v2\/product"}],"about":[{"href":"https:\/\/www.teamprofi.de\/tsv-grafing\/wp-json\/wp\/v2\/types\/product"}],"wp:featuredmedia":[{"embeddable":true,"href":"https:\/\/www.teamprofi.de\/tsv-grafing\/wp-json\/wp\/v2\/media\/1128"}],"wp:attachment":[{"href":"https:\/\/www.teamprofi.de\/tsv-grafing\/wp-json\/wp\/v2\/media?parent=1143"}],"wp:term":[{"taxonomy":"product_brand","embeddable":true,"href":"https:\/\/www.teamprofi.de\/tsv-grafing\/wp-json\/wp\/v2\/product_brand?post=1143"},{"taxonomy":"product_cat","embeddable":true,"href":"https:\/\/www.teamprofi.de\/tsv-grafing\/wp-json\/wp\/v2\/product_cat?post=1143"},{"taxonomy":"product_tag","embeddable":true,"href":"https:\/\/www.teamprofi.de\/tsv-grafing\/wp-json\/wp\/v2\/product_tag?post=1143"}],"curies":[{"name":"wp","href":"https:\/\/api.w.org\/{rel}","templated":true}]}}