{"id":1023,"date":"2022-06-04T10:30:32","date_gmt":"2022-06-04T08:30:32","guid":{"rendered":"https:\/\/www.teamprofi.de\/tsv-grafing\/?post_type=product&#038;p=1023"},"modified":"2026-03-15T20:26:13","modified_gmt":"2026-03-15T19:26:13","slug":"polyesterhose-allround","status":"publish","type":"product","link":"https:\/\/www.teamprofi.de\/tsv-grafing\/produkt\/polyesterhose-allround","title":{"rendered":"Polyesterhose Allround"},"content":{"rendered":"<div class=\"itemcard_toggle_boxes\">\n<div class=\"slidecontent_itemcard_wrapper active\">\n<div class=\"hl\"><strong>Beschreibung<\/strong><\/div>\n<div><\/div>\n<div class=\"text\"><strong>Polyesterhose aus 100 % recyceltem Polyester<\/strong><\/div>\n<div class=\"text\">Alle Sporthosen Allround sind aus 100 % recyceltem Polyester hergestellt. Durch den zweiteiligen elastischen Bund mit Kordelzug bietet die JAKO Polyesterhose Allround einen zus\u00e4tzlichen Halt. In den Seitentaschen mit Rei\u00dfverschluss kannst Du deine Wertsachen verstauen. Der integrierte Rei\u00dfverschluss am Beinabschluss erm\u00f6glicht das leichte An- und Ausziehen \u00fcber die Schuhe.<\/div>\n<div><\/div>\n<\/div>\n<\/div>\n<div class=\"slidecontent_itemcard_wrapper active\">\n<div class=\"hl\"><strong>Details<\/strong><\/div>\n<div class=\"text\">\n<ul>\n<li>Matt-Polyester-Tricot<\/li>\n<li>Seitentaschen mit Rei\u00dfverschluss<\/li>\n<li>Beinabschluss mit Rei\u00dfverschluss und Ripp<\/li>\n<li>Zweiteiliger elastischer Bund mit Kordelzug<\/li>\n<\/ul>\n<\/div>\n<\/div>\n<div class=\"slidecontent_itemcard_wrapper\">\n<div class=\"hl\"><strong>Material<\/strong><\/div>\n<div class=\"text\">\n<ul>\n<li>100 % Polyester (recycelt)<\/li>\n<\/ul>\n<\/div>\n<\/div>\n<div class=\"slidecontent_itemcard_wrapper\">\n<div class=\"text\">\n<div class=\"attributeIcons\">\n<div><\/div>\n<div class=\"tooltip-inner\"><img decoding=\"async\" class=\"\" title=\"\" src=\"https:\/\/cdn.jako.de\/userdata\/dcshop\/filter_icon\/664706_fair_logo_ganz_70x70px.jpg\" alt=\"100 % der eingesetzten Materialien bestehen aus recyceltem Polyester\" width=\"37px\" height=\"37px\" data-toggle=\"tooltip\" data-original-title=\"100 % der eingesetzten Materialien bestehen aus recyceltem Polyester\" \/><img decoding=\"async\" class=\"\" title=\"\" src=\"https:\/\/cdn.jako.de\/userdata\/dcshop\/filter_icon\/251439_tec_konzept_keep_dry_2021_70x70px.jpg\" alt=\"Keep Dry\" width=\"37px\" height=\"37px\" data-toggle=\"tooltip\" data-original-title=\"Keep Dry\" aria-describedby=\"tooltip468867\" \/><\/div>\n<\/div>\n<div class=\"attributeIcons__item marginTop--large\"><img decoding=\"async\" title=\"\" src=\"https:\/\/cdn.jako.de\/userdata\/dcshop\/filter_icon\/170931_wash40.png\" alt=\"40\u00b0\" width=\"37px\" height=\"37px\" data-toggle=\"tooltip\" data-original-title=\"40\u00b0\" \/><img decoding=\"async\" class=\"\" title=\"\" src=\"https:\/\/cdn.jako.de\/userdata\/dcshop\/filter_icon\/438269_iron_low.png\" alt=\"B\u00fcgeln geringe Temperatur\" width=\"37px\" height=\"37px\" data-toggle=\"tooltip\" data-original-title=\"B\u00fcgeln geringe Temperatur\" \/><img decoding=\"async\" class=\"\" title=\"\" src=\"https:\/\/cdn.jako.de\/userdata\/dcshop\/filter_icon\/848187_tumble_low.png\" alt=\"Trocknen mit niedriger Temperatur\" width=\"37px\" height=\"37px\" data-toggle=\"tooltip\" data-original-title=\"Trocknen mit niedriger Temperatur\" \/><img decoding=\"async\" class=\"\" title=\"\" src=\"https:\/\/cdn.jako.de\/userdata\/dcshop\/filter_icon\/911081_bleach_not.png\" alt=\"Nicht bleichen\" width=\"37px\" height=\"37px\" data-toggle=\"tooltip\" data-original-title=\"Nicht bleichen\" \/><img decoding=\"async\" class=\"\" title=\"\" src=\"https:\/\/cdn.jako.de\/userdata\/dcshop\/filter_icon\/591149_clean_not.png\" alt=\"Keine chemische Reinigung\" width=\"37px\" height=\"37px\" data-toggle=\"tooltip\" data-original-title=\"Keine chemische Reinigung\" \/><\/div>\n<\/div>\n<\/div>\n","protected":false},"excerpt":{"rendered":"<p>Beschreibung Polyesterhose aus 100 % recyceltem Polyester Alle Sporthosen Allround sind aus 100 % recyceltem Polyester hergestellt. Durch den zweiteiligen elastischen Bund mit Kordelzug bietet die JAKO Polyesterhose Allround einen<\/p>\n","protected":false},"featured_media":887,"template":"","meta":{"inline_featured_image":false},"product_brand":[],"product_cat":[107],"product_tag":[],"class_list":{"0":"post-1023","1":"product","2":"type-product","3":"status-publish","4":"has-post-thumbnail","6":"product_cat-teamsport","8":"first","9":"instock","10":"taxable","11":"shipping-taxable","12":"purchasable","13":"product-type-variable"},"yoast_head":"<!-- This site is optimized with the Yoast SEO plugin v27.3 - https:\/\/yoast.com\/product\/yoast-seo-wordpress\/ -->\n<title>Polyesterhose Allround - TSV Grafing<\/title>\n<meta name=\"robots\" content=\"index, follow, max-snippet:-1, max-image-preview:large, max-video-preview:-1\" \/>\n<link rel=\"canonical\" href=\"https:\/\/www.teamprofi.de\/tsv-grafing\/produkt\/polyesterhose-allround\" \/>\n<meta property=\"og:locale\" content=\"de_DE\" \/>\n<meta property=\"og:type\" content=\"article\" \/>\n<meta property=\"og:title\" content=\"Polyesterhose Allround - TSV Grafing\" \/>\n<meta property=\"og:description\" content=\"Beschreibung Polyesterhose aus 100 % recyceltem Polyester Alle Sporthosen Allround sind aus 100 % recyceltem Polyester hergestellt. Durch den zweiteiligen elastischen Bund mit Kordelzug bietet die JAKO Polyesterhose Allround einen\" \/>\n<meta property=\"og:url\" content=\"https:\/\/www.teamprofi.de\/tsv-grafing\/produkt\/polyesterhose-allround\" \/>\n<meta property=\"og:site_name\" content=\"TSV Grafing\" \/>\n<meta property=\"article:modified_time\" content=\"2026-03-15T19:26:13+00:00\" \/>\n<meta property=\"og:image\" content=\"https:\/\/www.teamprofi.de\/tsv-grafing\/wp-content\/uploads\/sites\/10\/2022\/05\/9289_800.jpg\" \/>\n\t<meta property=\"og:image:width\" content=\"800\" \/>\n\t<meta property=\"og:image:height\" content=\"800\" \/>\n\t<meta property=\"og:image:type\" content=\"image\/jpeg\" \/>\n<meta name=\"twitter:card\" content=\"summary_large_image\" \/>\n<script type=\"application\/ld+json\" class=\"yoast-schema-graph\">{\"@context\":\"https:\\\/\\\/schema.org\",\"@graph\":[{\"@type\":\"WebPage\",\"@id\":\"https:\\\/\\\/www.teamprofi.de\\\/tsv-grafing\\\/produkt\\\/polyesterhose-allround\",\"url\":\"https:\\\/\\\/www.teamprofi.de\\\/tsv-grafing\\\/produkt\\\/polyesterhose-allround\",\"name\":\"Polyesterhose Allround - TSV Grafing\",\"isPartOf\":{\"@id\":\"https:\\\/\\\/www.teamprofi.de\\\/tsv-grafing\\\/#website\"},\"primaryImageOfPage\":{\"@id\":\"https:\\\/\\\/www.teamprofi.de\\\/tsv-grafing\\\/produkt\\\/polyesterhose-allround#primaryimage\"},\"image\":{\"@id\":\"https:\\\/\\\/www.teamprofi.de\\\/tsv-grafing\\\/produkt\\\/polyesterhose-allround#primaryimage\"},\"thumbnailUrl\":\"https:\\\/\\\/www.teamprofi.de\\\/tsv-grafing\\\/wp-content\\\/uploads\\\/sites\\\/10\\\/2022\\\/05\\\/9289_800.jpg\",\"datePublished\":\"2022-06-04T08:30:32+00:00\",\"dateModified\":\"2026-03-15T19:26:13+00:00\",\"breadcrumb\":{\"@id\":\"https:\\\/\\\/www.teamprofi.de\\\/tsv-grafing\\\/produkt\\\/polyesterhose-allround#breadcrumb\"},\"inLanguage\":\"de\",\"potentialAction\":[{\"@type\":\"ReadAction\",\"target\":[\"https:\\\/\\\/www.teamprofi.de\\\/tsv-grafing\\\/produkt\\\/polyesterhose-allround\"]}]},{\"@type\":\"ImageObject\",\"inLanguage\":\"de\",\"@id\":\"https:\\\/\\\/www.teamprofi.de\\\/tsv-grafing\\\/produkt\\\/polyesterhose-allround#primaryimage\",\"url\":\"https:\\\/\\\/www.teamprofi.de\\\/tsv-grafing\\\/wp-content\\\/uploads\\\/sites\\\/10\\\/2022\\\/05\\\/9289_800.jpg\",\"contentUrl\":\"https:\\\/\\\/www.teamprofi.de\\\/tsv-grafing\\\/wp-content\\\/uploads\\\/sites\\\/10\\\/2022\\\/05\\\/9289_800.jpg\",\"width\":800,\"height\":800},{\"@type\":\"BreadcrumbList\",\"@id\":\"https:\\\/\\\/www.teamprofi.de\\\/tsv-grafing\\\/produkt\\\/polyesterhose-allround#breadcrumb\",\"itemListElement\":[{\"@type\":\"ListItem\",\"position\":1,\"name\":\"Startseite\",\"item\":\"https:\\\/\\\/www.teamprofi.de\\\/tsv-grafing\\\/\"},{\"@type\":\"ListItem\",\"position\":2,\"name\":\"Shop\",\"item\":\"https:\\\/\\\/www.teamprofi.de\\\/tsv-grafing\\\/shop\"},{\"@type\":\"ListItem\",\"position\":3,\"name\":\"Polyesterhose Allround\"}]},{\"@type\":\"WebSite\",\"@id\":\"https:\\\/\\\/www.teamprofi.de\\\/tsv-grafing\\\/#website\",\"url\":\"https:\\\/\\\/www.teamprofi.de\\\/tsv-grafing\\\/\",\"name\":\"TSV Grafing\",\"description\":\"Vereins-Shop - Sport G\u00fcrteler\",\"potentialAction\":[{\"@type\":\"SearchAction\",\"target\":{\"@type\":\"EntryPoint\",\"urlTemplate\":\"https:\\\/\\\/www.teamprofi.de\\\/tsv-grafing\\\/?s={search_term_string}\"},\"query-input\":{\"@type\":\"PropertyValueSpecification\",\"valueRequired\":true,\"valueName\":\"search_term_string\"}}],\"inLanguage\":\"de\"}]}<\/script>\n<!-- \/ Yoast SEO plugin. -->","yoast_head_json":{"title":"Polyesterhose Allround - TSV Grafing","robots":{"index":"index","follow":"follow","max-snippet":"max-snippet:-1","max-image-preview":"max-image-preview:large","max-video-preview":"max-video-preview:-1"},"canonical":"https:\/\/www.teamprofi.de\/tsv-grafing\/produkt\/polyesterhose-allround","og_locale":"de_DE","og_type":"article","og_title":"Polyesterhose Allround - TSV Grafing","og_description":"Beschreibung Polyesterhose aus 100 % recyceltem Polyester Alle Sporthosen Allround sind aus 100 % recyceltem Polyester hergestellt. Durch den zweiteiligen elastischen Bund mit Kordelzug bietet die JAKO Polyesterhose Allround einen","og_url":"https:\/\/www.teamprofi.de\/tsv-grafing\/produkt\/polyesterhose-allround","og_site_name":"TSV Grafing","article_modified_time":"2026-03-15T19:26:13+00:00","og_image":[{"width":800,"height":800,"url":"https:\/\/www.teamprofi.de\/tsv-grafing\/wp-content\/uploads\/sites\/10\/2022\/05\/9289_800.jpg","type":"image\/jpeg"}],"twitter_card":"summary_large_image","schema":{"@context":"https:\/\/schema.org","@graph":[{"@type":"WebPage","@id":"https:\/\/www.teamprofi.de\/tsv-grafing\/produkt\/polyesterhose-allround","url":"https:\/\/www.teamprofi.de\/tsv-grafing\/produkt\/polyesterhose-allround","name":"Polyesterhose Allround - TSV Grafing","isPartOf":{"@id":"https:\/\/www.teamprofi.de\/tsv-grafing\/#website"},"primaryImageOfPage":{"@id":"https:\/\/www.teamprofi.de\/tsv-grafing\/produkt\/polyesterhose-allround#primaryimage"},"image":{"@id":"https:\/\/www.teamprofi.de\/tsv-grafing\/produkt\/polyesterhose-allround#primaryimage"},"thumbnailUrl":"https:\/\/www.teamprofi.de\/tsv-grafing\/wp-content\/uploads\/sites\/10\/2022\/05\/9289_800.jpg","datePublished":"2022-06-04T08:30:32+00:00","dateModified":"2026-03-15T19:26:13+00:00","breadcrumb":{"@id":"https:\/\/www.teamprofi.de\/tsv-grafing\/produkt\/polyesterhose-allround#breadcrumb"},"inLanguage":"de","potentialAction":[{"@type":"ReadAction","target":["https:\/\/www.teamprofi.de\/tsv-grafing\/produkt\/polyesterhose-allround"]}]},{"@type":"ImageObject","inLanguage":"de","@id":"https:\/\/www.teamprofi.de\/tsv-grafing\/produkt\/polyesterhose-allround#primaryimage","url":"https:\/\/www.teamprofi.de\/tsv-grafing\/wp-content\/uploads\/sites\/10\/2022\/05\/9289_800.jpg","contentUrl":"https:\/\/www.teamprofi.de\/tsv-grafing\/wp-content\/uploads\/sites\/10\/2022\/05\/9289_800.jpg","width":800,"height":800},{"@type":"BreadcrumbList","@id":"https:\/\/www.teamprofi.de\/tsv-grafing\/produkt\/polyesterhose-allround#breadcrumb","itemListElement":[{"@type":"ListItem","position":1,"name":"Startseite","item":"https:\/\/www.teamprofi.de\/tsv-grafing\/"},{"@type":"ListItem","position":2,"name":"Shop","item":"https:\/\/www.teamprofi.de\/tsv-grafing\/shop"},{"@type":"ListItem","position":3,"name":"Polyesterhose Allround"}]},{"@type":"WebSite","@id":"https:\/\/www.teamprofi.de\/tsv-grafing\/#website","url":"https:\/\/www.teamprofi.de\/tsv-grafing\/","name":"TSV Grafing","description":"Vereins-Shop - Sport G\u00fcrteler","potentialAction":[{"@type":"SearchAction","target":{"@type":"EntryPoint","urlTemplate":"https:\/\/www.teamprofi.de\/tsv-grafing\/?s={search_term_string}"},"query-input":{"@type":"PropertyValueSpecification","valueRequired":true,"valueName":"search_term_string"}}],"inLanguage":"de"}]}},"_links":{"self":[{"href":"https:\/\/www.teamprofi.de\/tsv-grafing\/wp-json\/wp\/v2\/product\/1023","targetHints":{"allow":["GET"]}}],"collection":[{"href":"https:\/\/www.teamprofi.de\/tsv-grafing\/wp-json\/wp\/v2\/product"}],"about":[{"href":"https:\/\/www.teamprofi.de\/tsv-grafing\/wp-json\/wp\/v2\/types\/product"}],"wp:featuredmedia":[{"embeddable":true,"href":"https:\/\/www.teamprofi.de\/tsv-grafing\/wp-json\/wp\/v2\/media\/887"}],"wp:attachment":[{"href":"https:\/\/www.teamprofi.de\/tsv-grafing\/wp-json\/wp\/v2\/media?parent=1023"}],"wp:term":[{"taxonomy":"product_brand","embeddable":true,"href":"https:\/\/www.teamprofi.de\/tsv-grafing\/wp-json\/wp\/v2\/product_brand?post=1023"},{"taxonomy":"product_cat","embeddable":true,"href":"https:\/\/www.teamprofi.de\/tsv-grafing\/wp-json\/wp\/v2\/product_cat?post=1023"},{"taxonomy":"product_tag","embeddable":true,"href":"https:\/\/www.teamprofi.de\/tsv-grafing\/wp-json\/wp\/v2\/product_tag?post=1023"}],"curies":[{"name":"wp","href":"https:\/\/api.w.org\/{rel}","templated":true}]}}