{"id":4427,"date":"2025-05-08T08:55:54","date_gmt":"2025-05-08T06:55:54","guid":{"rendered":"https:\/\/www.teamprofi.de\/tsv-ebersberg\/?post_type=product&#038;p=4427"},"modified":"2025-05-23T18:33:53","modified_gmt":"2025-05-23T16:33:53","slug":"t-shirt-run-2-0-2","status":"publish","type":"product","link":"https:\/\/www.teamprofi.de\/tsv-ebersberg\/produkt\/t-shirt-run-2-0-2\/","title":{"rendered":"T-Shirt Fit Am Klostersee"},"content":{"rendered":"<div id=\"itemcard_right\" class=\"itemcardTopRight col-xs-12 col-md-6 col-lg-5\">\n<div class=\"itemcard_details itemcard_infoblock\">\n<div class=\"itemcard_slidecontent_wrapper\">\n<div class=\"slidecontent_itemcard_wrapper active\">\n<div class=\"hl\"><strong>Beschreibung<\/strong><\/div>\n<div class=\"text\">\n<p>JAKO T-Shirt RUN 2.0: Perfekt ausgestattet f\u00fcr dein n\u00e4chstes Laufabenteuer<\/p>\n<p>JAKO schickt L\u00e4uferinnen und L\u00e4ufer in der hochfunktionalen Linie RUN 2.0 auf die Strecke. An warmen Tagen zum Beispiel mit dem T-Shirt RUN 2.0. Das R\u00fcckenteil besteht aus einem atmungsaktiven Mesh &#8211; Einsatz, der beim Sport entstehende Feuchtigkeit wie Schwei\u00df von der Haut weg transportiert, damit sie an der Oberfl\u00e4che des Textilmaterials verdunsten kann. Auf diese Weise garantiert das Oberteil der Tr\u00e4gerin oder dem Tr\u00e4ger optimale Voraussetzungen f\u00fcr den Lauf. Das Laufshirt ist im typischen Look der Reihe gestaltet. Zehn trendige Farben mit einem Tape &#8211; Designelement auf der Nackeninnenseite passen perfekt zu deinen weiteren Laufstyles wie Tights, Oberteile oder Schuhen. So kannst Du deinen individuelles Sportoutfit erstellen. Das T-Shirt ist von 34 &#8211; 48 im Damenschnitt f\u00fcr sportliche Frauen, 128 &#8211; 164 f\u00fcr Kinder und S &#8211; 3XL f\u00fcr M\u00e4nner verf\u00fcgbar.<\/p>\n<\/div>\n<\/div>\n<div class=\"slidecontent_itemcard_wrapper active\">\n<div class=\"hl\">Details<\/div>\n<div class=\"text\">\n<ul>\n<li>Materialmix<\/li>\n<li>40 \u00b0C waschbar<\/li>\n<li>R\u00fccken aus Micro-Mesh<\/li>\n<li>130 g\/m\u00b2<\/li>\n<li>Polyester-Micro-Mesh<\/li>\n<li>Flatlock-N\u00e4hte<\/li>\n<\/ul>\n<\/div>\n<\/div>\n<div class=\"slidecontent_itemcard_wrapper active\">\n<div class=\"hl\">Material<\/div>\n<div class=\"text\">\n<ul>\n<li>100 % Polyester (recycelt)<\/li>\n<\/ul>\n<\/div>\n<\/div>\n<div class=\"attributeIcons marginTop--large\"><img decoding=\"async\" title=\"\" src=\"https:\/\/cdn.jako.de\/userdata\/dcshop\/filter_icon\/251439_tec_konzept_keep_dry_2021_70x70px.jpg\" data-toggle=\"tooltip\" data-original-title=\"Microfeine Fasern transportieren Feuchtigkeit unmittelbar an die Oberfl\u00e4che des Stoffes. So gew\u00e4hrleistet KEEP DRY, dass das Material sehr schnell trocknet und Du beim Sport nicht ausk\u00fchlst. \" \/><img decoding=\"async\" title=\"\" src=\"https:\/\/cdn.jako.de\/userdata\/dcshop\/filter_icon\/664706_fair_logo_ganz_70x70px.jpg\" data-toggle=\"tooltip\" data-original-title=\"100 % der eingesetzten Materialien bestehen aus recyceltem Polyester\" \/><\/div>\n<div class=\"attributeIcons__item marginTop--large\"><img decoding=\"async\" title=\"\" src=\"https:\/\/cdn.jako.de\/userdata\/dcshop\/filter_icon\/170931_wash40.png\" data-toggle=\"tooltip\" data-original-title=\"40\u00b0 waschen\" \/><img decoding=\"async\" title=\"\" src=\"https:\/\/cdn.jako.de\/userdata\/dcshop\/filter_icon\/911081_bleach_not.png\" data-toggle=\"tooltip\" data-original-title=\"Nicht chloren\" \/><img decoding=\"async\" title=\"\" src=\"https:\/\/cdn.jako.de\/userdata\/dcshop\/filter_icon\/848187_tumble_low.png\" data-toggle=\"tooltip\" data-original-title=\"Trocknen niedrige Temperatur\" \/><img decoding=\"async\" title=\"\" src=\"https:\/\/cdn.jako.de\/userdata\/dcshop\/filter_icon\/438269_iron_low.png\" data-toggle=\"tooltip\" data-original-title=\"B\u00fcgeln niedrige Temperatur\" \/><img decoding=\"async\" title=\"\" src=\"https:\/\/cdn.jako.de\/userdata\/dcshop\/filter_icon\/591149_clean_not.png\" data-toggle=\"tooltip\" data-original-title=\"Nicht chemisch reinigen\" \/><\/div>\n<\/div>\n<\/div>\n<\/div>\n","protected":false},"excerpt":{"rendered":"<p>Beschreibung JAKO T-Shirt RUN 2.0: Perfekt ausgestattet f\u00fcr dein n\u00e4chstes Laufabenteuer JAKO schickt L\u00e4uferinnen und L\u00e4ufer in der hochfunktionalen Linie RUN 2.0 auf die Strecke. An warmen Tagen zum Beispiel<\/p>\n","protected":false},"featured_media":4470,"template":"","meta":{"inline_featured_image":false},"product_brand":[],"product_cat":[150],"product_tag":[],"class_list":{"0":"post-4427","1":"product","2":"type-product","3":"status-publish","4":"has-post-thumbnail","6":"product_cat-hauptverein","8":"first","9":"instock","10":"taxable","11":"shipping-taxable","12":"purchasable","13":"product-type-variable"},"yoast_head":"<!-- This site is optimized with the Yoast SEO plugin v27.3 - https:\/\/yoast.com\/product\/yoast-seo-wordpress\/ -->\n<title>T-Shirt Fit Am Klostersee - TSV Ebersberg<\/title>\n<meta name=\"robots\" content=\"noindex, follow, max-snippet:-1, max-image-preview:large, max-video-preview:-1\" \/>\n<meta property=\"og:locale\" content=\"de_DE\" \/>\n<meta property=\"og:type\" content=\"article\" \/>\n<meta property=\"og:title\" content=\"T-Shirt Fit Am Klostersee - TSV Ebersberg\" \/>\n<meta property=\"og:description\" content=\"Beschreibung JAKO T-Shirt RUN 2.0: Perfekt ausgestattet f\u00fcr dein n\u00e4chstes Laufabenteuer JAKO schickt L\u00e4uferinnen und L\u00e4ufer in der hochfunktionalen Linie RUN 2.0 auf die Strecke. An warmen Tagen zum Beispiel\" \/>\n<meta property=\"og:url\" content=\"https:\/\/www.teamprofi.de\/tsv-ebersberg\/produkt\/t-shirt-run-2-0-2\/\" \/>\n<meta property=\"og:site_name\" content=\"TSV Ebersberg\" \/>\n<meta property=\"article:modified_time\" content=\"2025-05-23T16:33:53+00:00\" \/>\n<meta property=\"og:image\" content=\"https:\/\/www.teamprofi.de\/tsv-ebersberg\/wp-content\/uploads\/sites\/23\/2025\/05\/6175-89_Fit-am-Klostersee-Shirt_2025.jpg\" \/>\n\t<meta property=\"og:image:width\" content=\"2196\" \/>\n\t<meta property=\"og:image:height\" content=\"2195\" \/>\n\t<meta property=\"og:image:type\" content=\"image\/jpeg\" \/>\n<meta name=\"twitter:card\" content=\"summary_large_image\" \/>\n<meta name=\"twitter:label1\" content=\"Gesch\u00e4tzte Lesezeit\" \/>\n\t<meta name=\"twitter:data1\" content=\"3\u00a0Minuten\" \/>\n<script type=\"application\/ld+json\" class=\"yoast-schema-graph\">{\"@context\":\"https:\\\/\\\/schema.org\",\"@graph\":[{\"@type\":\"WebPage\",\"@id\":\"https:\\\/\\\/www.teamprofi.de\\\/tsv-ebersberg\\\/produkt\\\/t-shirt-run-2-0-2\\\/\",\"url\":\"https:\\\/\\\/www.teamprofi.de\\\/tsv-ebersberg\\\/produkt\\\/t-shirt-run-2-0-2\\\/\",\"name\":\"T-Shirt Fit Am Klostersee - TSV Ebersberg\",\"isPartOf\":{\"@id\":\"https:\\\/\\\/www.teamprofi.de\\\/tsv-ebersberg\\\/#website\"},\"primaryImageOfPage\":{\"@id\":\"https:\\\/\\\/www.teamprofi.de\\\/tsv-ebersberg\\\/produkt\\\/t-shirt-run-2-0-2\\\/#primaryimage\"},\"image\":{\"@id\":\"https:\\\/\\\/www.teamprofi.de\\\/tsv-ebersberg\\\/produkt\\\/t-shirt-run-2-0-2\\\/#primaryimage\"},\"thumbnailUrl\":\"https:\\\/\\\/www.teamprofi.de\\\/tsv-ebersberg\\\/wp-content\\\/uploads\\\/sites\\\/23\\\/2025\\\/05\\\/6175-89_Fit-am-Klostersee-Shirt_2025.jpg\",\"datePublished\":\"2025-05-08T06:55:54+00:00\",\"dateModified\":\"2025-05-23T16:33:53+00:00\",\"breadcrumb\":{\"@id\":\"https:\\\/\\\/www.teamprofi.de\\\/tsv-ebersberg\\\/produkt\\\/t-shirt-run-2-0-2\\\/#breadcrumb\"},\"inLanguage\":\"de\",\"potentialAction\":[{\"@type\":\"ReadAction\",\"target\":[\"https:\\\/\\\/www.teamprofi.de\\\/tsv-ebersberg\\\/produkt\\\/t-shirt-run-2-0-2\\\/\"]}]},{\"@type\":\"ImageObject\",\"inLanguage\":\"de\",\"@id\":\"https:\\\/\\\/www.teamprofi.de\\\/tsv-ebersberg\\\/produkt\\\/t-shirt-run-2-0-2\\\/#primaryimage\",\"url\":\"https:\\\/\\\/www.teamprofi.de\\\/tsv-ebersberg\\\/wp-content\\\/uploads\\\/sites\\\/23\\\/2025\\\/05\\\/6175-89_Fit-am-Klostersee-Shirt_2025.jpg\",\"contentUrl\":\"https:\\\/\\\/www.teamprofi.de\\\/tsv-ebersberg\\\/wp-content\\\/uploads\\\/sites\\\/23\\\/2025\\\/05\\\/6175-89_Fit-am-Klostersee-Shirt_2025.jpg\",\"width\":2196,\"height\":2195},{\"@type\":\"BreadcrumbList\",\"@id\":\"https:\\\/\\\/www.teamprofi.de\\\/tsv-ebersberg\\\/produkt\\\/t-shirt-run-2-0-2\\\/#breadcrumb\",\"itemListElement\":[{\"@type\":\"ListItem\",\"position\":1,\"name\":\"Startseite\",\"item\":\"https:\\\/\\\/www.teamprofi.de\\\/tsv-ebersberg\\\/\"},{\"@type\":\"ListItem\",\"position\":2,\"name\":\"Shop\",\"item\":\"https:\\\/\\\/www.teamprofi.de\\\/tsv-ebersberg\\\/shop\\\/\"},{\"@type\":\"ListItem\",\"position\":3,\"name\":\"T-Shirt Fit Am Klostersee\"}]},{\"@type\":\"WebSite\",\"@id\":\"https:\\\/\\\/www.teamprofi.de\\\/tsv-ebersberg\\\/#website\",\"url\":\"https:\\\/\\\/www.teamprofi.de\\\/tsv-ebersberg\\\/\",\"name\":\"TSV Ebersberg\",\"description\":\"Vereins-Shop - Sport G\u00fcrteler\",\"potentialAction\":[{\"@type\":\"SearchAction\",\"target\":{\"@type\":\"EntryPoint\",\"urlTemplate\":\"https:\\\/\\\/www.teamprofi.de\\\/tsv-ebersberg\\\/?s={search_term_string}\"},\"query-input\":{\"@type\":\"PropertyValueSpecification\",\"valueRequired\":true,\"valueName\":\"search_term_string\"}}],\"inLanguage\":\"de\"}]}<\/script>\n<!-- \/ Yoast SEO plugin. -->","yoast_head_json":{"title":"T-Shirt Fit Am Klostersee - TSV Ebersberg","robots":{"index":"noindex","follow":"follow","max-snippet":"max-snippet:-1","max-image-preview":"max-image-preview:large","max-video-preview":"max-video-preview:-1"},"og_locale":"de_DE","og_type":"article","og_title":"T-Shirt Fit Am Klostersee - TSV Ebersberg","og_description":"Beschreibung JAKO T-Shirt RUN 2.0: Perfekt ausgestattet f\u00fcr dein n\u00e4chstes Laufabenteuer JAKO schickt L\u00e4uferinnen und L\u00e4ufer in der hochfunktionalen Linie RUN 2.0 auf die Strecke. An warmen Tagen zum Beispiel","og_url":"https:\/\/www.teamprofi.de\/tsv-ebersberg\/produkt\/t-shirt-run-2-0-2\/","og_site_name":"TSV Ebersberg","article_modified_time":"2025-05-23T16:33:53+00:00","og_image":[{"width":2196,"height":2195,"url":"https:\/\/www.teamprofi.de\/tsv-ebersberg\/wp-content\/uploads\/sites\/23\/2025\/05\/6175-89_Fit-am-Klostersee-Shirt_2025.jpg","type":"image\/jpeg"}],"twitter_card":"summary_large_image","twitter_misc":{"Gesch\u00e4tzte Lesezeit":"3\u00a0Minuten"},"schema":{"@context":"https:\/\/schema.org","@graph":[{"@type":"WebPage","@id":"https:\/\/www.teamprofi.de\/tsv-ebersberg\/produkt\/t-shirt-run-2-0-2\/","url":"https:\/\/www.teamprofi.de\/tsv-ebersberg\/produkt\/t-shirt-run-2-0-2\/","name":"T-Shirt Fit Am Klostersee - TSV Ebersberg","isPartOf":{"@id":"https:\/\/www.teamprofi.de\/tsv-ebersberg\/#website"},"primaryImageOfPage":{"@id":"https:\/\/www.teamprofi.de\/tsv-ebersberg\/produkt\/t-shirt-run-2-0-2\/#primaryimage"},"image":{"@id":"https:\/\/www.teamprofi.de\/tsv-ebersberg\/produkt\/t-shirt-run-2-0-2\/#primaryimage"},"thumbnailUrl":"https:\/\/www.teamprofi.de\/tsv-ebersberg\/wp-content\/uploads\/sites\/23\/2025\/05\/6175-89_Fit-am-Klostersee-Shirt_2025.jpg","datePublished":"2025-05-08T06:55:54+00:00","dateModified":"2025-05-23T16:33:53+00:00","breadcrumb":{"@id":"https:\/\/www.teamprofi.de\/tsv-ebersberg\/produkt\/t-shirt-run-2-0-2\/#breadcrumb"},"inLanguage":"de","potentialAction":[{"@type":"ReadAction","target":["https:\/\/www.teamprofi.de\/tsv-ebersberg\/produkt\/t-shirt-run-2-0-2\/"]}]},{"@type":"ImageObject","inLanguage":"de","@id":"https:\/\/www.teamprofi.de\/tsv-ebersberg\/produkt\/t-shirt-run-2-0-2\/#primaryimage","url":"https:\/\/www.teamprofi.de\/tsv-ebersberg\/wp-content\/uploads\/sites\/23\/2025\/05\/6175-89_Fit-am-Klostersee-Shirt_2025.jpg","contentUrl":"https:\/\/www.teamprofi.de\/tsv-ebersberg\/wp-content\/uploads\/sites\/23\/2025\/05\/6175-89_Fit-am-Klostersee-Shirt_2025.jpg","width":2196,"height":2195},{"@type":"BreadcrumbList","@id":"https:\/\/www.teamprofi.de\/tsv-ebersberg\/produkt\/t-shirt-run-2-0-2\/#breadcrumb","itemListElement":[{"@type":"ListItem","position":1,"name":"Startseite","item":"https:\/\/www.teamprofi.de\/tsv-ebersberg\/"},{"@type":"ListItem","position":2,"name":"Shop","item":"https:\/\/www.teamprofi.de\/tsv-ebersberg\/shop\/"},{"@type":"ListItem","position":3,"name":"T-Shirt Fit Am Klostersee"}]},{"@type":"WebSite","@id":"https:\/\/www.teamprofi.de\/tsv-ebersberg\/#website","url":"https:\/\/www.teamprofi.de\/tsv-ebersberg\/","name":"TSV Ebersberg","description":"Vereins-Shop - Sport G\u00fcrteler","potentialAction":[{"@type":"SearchAction","target":{"@type":"EntryPoint","urlTemplate":"https:\/\/www.teamprofi.de\/tsv-ebersberg\/?s={search_term_string}"},"query-input":{"@type":"PropertyValueSpecification","valueRequired":true,"valueName":"search_term_string"}}],"inLanguage":"de"}]}},"_links":{"self":[{"href":"https:\/\/www.teamprofi.de\/tsv-ebersberg\/wp-json\/wp\/v2\/product\/4427","targetHints":{"allow":["GET"]}}],"collection":[{"href":"https:\/\/www.teamprofi.de\/tsv-ebersberg\/wp-json\/wp\/v2\/product"}],"about":[{"href":"https:\/\/www.teamprofi.de\/tsv-ebersberg\/wp-json\/wp\/v2\/types\/product"}],"wp:featuredmedia":[{"embeddable":true,"href":"https:\/\/www.teamprofi.de\/tsv-ebersberg\/wp-json\/wp\/v2\/media\/4470"}],"wp:attachment":[{"href":"https:\/\/www.teamprofi.de\/tsv-ebersberg\/wp-json\/wp\/v2\/media?parent=4427"}],"wp:term":[{"taxonomy":"product_brand","embeddable":true,"href":"https:\/\/www.teamprofi.de\/tsv-ebersberg\/wp-json\/wp\/v2\/product_brand?post=4427"},{"taxonomy":"product_cat","embeddable":true,"href":"https:\/\/www.teamprofi.de\/tsv-ebersberg\/wp-json\/wp\/v2\/product_cat?post=4427"},{"taxonomy":"product_tag","embeddable":true,"href":"https:\/\/www.teamprofi.de\/tsv-ebersberg\/wp-json\/wp\/v2\/product_tag?post=4427"}],"curies":[{"name":"wp","href":"https:\/\/api.w.org\/{rel}","templated":true}]}}