{"id":2095,"date":"2022-11-04T16:01:34","date_gmt":"2022-11-04T15:01:34","guid":{"rendered":"https:\/\/www.teamprofi.de\/tsv-ebersberg\/?post_type=product&#038;p=2095"},"modified":"2024-07-31T18:08:42","modified_gmt":"2024-07-31T16:08:42","slug":"t-shirt-organic-2","status":"publish","type":"product","link":"https:\/\/www.teamprofi.de\/tsv-ebersberg\/produkt\/t-shirt-organic-2\/","title":{"rendered":"T-Shirt Organic"},"content":{"rendered":"<div class=\"itemcard_toggle_boxes\">\n<div class=\"slidecontent_itemcard_wrapper active\">\n<div class=\"hl\"><strong>Beschreibung<\/strong><\/div>\n<div><\/div>\n<div class=\"text\">\n<p>Klassisches T-Shirt aus nachhaltiger Bio-Baumwolle<\/p>\n<p>Unser T-Shirt Organic aus 100 % gek\u00e4mmter, ringgesponnener Bio-Baumwolle in weicher Single-Jersey Qualit\u00e4t. Durch die hochwertige Verarbeitung ist der Klassiker das optimale T-Shirt f\u00fcr Berufskleidung jeglicher Art. Wie bei allen Artikeln unserer Corporate Teamwear machen verst\u00e4rkte Schultern\u00e4hte das T-Shirt besonders formstabil und strapazierf\u00e4hig. Die hohe Qualit\u00e4t zeigt sich auch beim Waschen: Das Modell ist bei 60\u00b0 waschbar. Durch die qualitativ hochwertigen Farbstoffe beh\u00e4lt es auch nach mehreren intensiven W\u00e4schen seine Farbechtheit. Das T-Shirt Organic f\u00fcr Herren hat einen Rundhals-Rippkragen und die Varianten f\u00fcr Damen einen Rippkragen mit V-Ausschnitt.<\/p>\n<\/div>\n<div><\/div>\n<\/div>\n<\/div>\n<div class=\"attributeIcons\"><img decoding=\"async\" class=\"\" title=\"\" src=\"https:\/\/cdn.jako.de\/userdata\/dcshop\/filter_icon\/708102_wash60.png\" alt=\"60\u00b0 waschen\" width=\"37px\" height=\"37px\" data-toggle=\"tooltip\" data-original-title=\"60\u00b0 waschen\" \/><img decoding=\"async\" class=\"\" title=\"\" src=\"https:\/\/cdn.jako.de\/userdata\/dcshop\/filter_icon\/848187_tumble_low.png\" alt=\"trocknen niedrige Temperatur\" width=\"37px\" height=\"37px\" data-toggle=\"tooltip\" data-original-title=\"trocknen niedrige Temperatur\" \/><img decoding=\"async\" title=\"\" src=\"https:\/\/cdn.jako.de\/userdata\/dcshop\/filter_icon\/798005_iron_mid.png\" alt=\"b\u00fcgeln mittlere Temperatur\" width=\"37px\" height=\"37px\" data-toggle=\"tooltip\" data-original-title=\"b\u00fcgeln mittlere Temperatur\" \/><img decoding=\"async\" title=\"\" src=\"https:\/\/cdn.jako.de\/userdata\/dcshop\/filter_icon\/911081_bleach_not.png\" alt=\"nicht chloren\" width=\"37px\" height=\"37px\" data-toggle=\"tooltip\" data-original-title=\"nicht chloren\" \/><img decoding=\"async\" title=\"\" src=\"https:\/\/cdn.jako.de\/userdata\/dcshop\/filter_icon\/591149_clean_not.png\" alt=\"nicht chemisch reinigen\" width=\"37px\" height=\"37px\" data-toggle=\"tooltip\" data-original-title=\"nicht chemisch reinigen\" \/><\/div>\n","protected":false},"excerpt":{"rendered":"<p>Beschreibung Klassisches T-Shirt aus nachhaltiger Bio-Baumwolle Unser T-Shirt Organic aus 100 % gek\u00e4mmter, ringgesponnener Bio-Baumwolle in weicher Single-Jersey Qualit\u00e4t. Durch die hochwertige Verarbeitung ist der Klassiker das optimale T-Shirt f\u00fcr<\/p>\n","protected":false},"featured_media":1672,"template":"","meta":{"inline_featured_image":false},"product_brand":[],"product_cat":[150],"product_tag":[],"class_list":{"0":"post-2095","1":"product","2":"type-product","3":"status-publish","4":"has-post-thumbnail","6":"product_cat-hauptverein","8":"first","9":"instock","10":"taxable","11":"shipping-taxable","12":"purchasable","13":"product-type-variable"},"yoast_head":"<!-- This site is optimized with the Yoast SEO plugin v27.3 - https:\/\/yoast.com\/product\/yoast-seo-wordpress\/ -->\n<title>T-Shirt Organic - TSV Ebersberg<\/title>\n<meta name=\"robots\" content=\"noindex, follow, max-snippet:-1, max-image-preview:large, max-video-preview:-1\" \/>\n<meta property=\"og:locale\" content=\"de_DE\" \/>\n<meta property=\"og:type\" content=\"article\" \/>\n<meta property=\"og:title\" content=\"T-Shirt Organic - TSV Ebersberg\" \/>\n<meta property=\"og:description\" content=\"Beschreibung Klassisches T-Shirt aus nachhaltiger Bio-Baumwolle Unser T-Shirt Organic aus 100 % gek\u00e4mmter, ringgesponnener Bio-Baumwolle in weicher Single-Jersey Qualit\u00e4t. Durch die hochwertige Verarbeitung ist der Klassiker das optimale T-Shirt f\u00fcr\" \/>\n<meta property=\"og:url\" content=\"https:\/\/www.teamprofi.de\/tsv-ebersberg\/produkt\/t-shirt-organic-2\/\" \/>\n<meta property=\"og:site_name\" content=\"TSV Ebersberg\" \/>\n<meta property=\"article:modified_time\" content=\"2024-07-31T16:08:42+00:00\" \/>\n<meta property=\"og:image\" content=\"https:\/\/www.teamprofi.de\/tsv-ebersberg\/wp-content\/uploads\/sites\/23\/2022\/11\/C6120_260.jpg\" \/>\n\t<meta property=\"og:image:width\" content=\"2598\" \/>\n\t<meta property=\"og:image:height\" content=\"2599\" \/>\n\t<meta property=\"og:image:type\" content=\"image\/jpeg\" \/>\n<meta name=\"twitter:card\" content=\"summary_large_image\" \/>\n<meta name=\"twitter:label1\" content=\"Gesch\u00e4tzte Lesezeit\" \/>\n\t<meta name=\"twitter:data1\" content=\"1\u00a0Minute\" \/>\n<script type=\"application\/ld+json\" class=\"yoast-schema-graph\">{\"@context\":\"https:\\\/\\\/schema.org\",\"@graph\":[{\"@type\":\"WebPage\",\"@id\":\"https:\\\/\\\/www.teamprofi.de\\\/tsv-ebersberg\\\/produkt\\\/t-shirt-organic-2\\\/\",\"url\":\"https:\\\/\\\/www.teamprofi.de\\\/tsv-ebersberg\\\/produkt\\\/t-shirt-organic-2\\\/\",\"name\":\"T-Shirt Organic - TSV Ebersberg\",\"isPartOf\":{\"@id\":\"https:\\\/\\\/www.teamprofi.de\\\/tsv-ebersberg\\\/#website\"},\"primaryImageOfPage\":{\"@id\":\"https:\\\/\\\/www.teamprofi.de\\\/tsv-ebersberg\\\/produkt\\\/t-shirt-organic-2\\\/#primaryimage\"},\"image\":{\"@id\":\"https:\\\/\\\/www.teamprofi.de\\\/tsv-ebersberg\\\/produkt\\\/t-shirt-organic-2\\\/#primaryimage\"},\"thumbnailUrl\":\"https:\\\/\\\/www.teamprofi.de\\\/tsv-ebersberg\\\/wp-content\\\/uploads\\\/sites\\\/23\\\/2022\\\/11\\\/C6120_260.jpg\",\"datePublished\":\"2022-11-04T15:01:34+00:00\",\"dateModified\":\"2024-07-31T16:08:42+00:00\",\"breadcrumb\":{\"@id\":\"https:\\\/\\\/www.teamprofi.de\\\/tsv-ebersberg\\\/produkt\\\/t-shirt-organic-2\\\/#breadcrumb\"},\"inLanguage\":\"de\",\"potentialAction\":[{\"@type\":\"ReadAction\",\"target\":[\"https:\\\/\\\/www.teamprofi.de\\\/tsv-ebersberg\\\/produkt\\\/t-shirt-organic-2\\\/\"]}]},{\"@type\":\"ImageObject\",\"inLanguage\":\"de\",\"@id\":\"https:\\\/\\\/www.teamprofi.de\\\/tsv-ebersberg\\\/produkt\\\/t-shirt-organic-2\\\/#primaryimage\",\"url\":\"https:\\\/\\\/www.teamprofi.de\\\/tsv-ebersberg\\\/wp-content\\\/uploads\\\/sites\\\/23\\\/2022\\\/11\\\/C6120_260.jpg\",\"contentUrl\":\"https:\\\/\\\/www.teamprofi.de\\\/tsv-ebersberg\\\/wp-content\\\/uploads\\\/sites\\\/23\\\/2022\\\/11\\\/C6120_260.jpg\",\"width\":2598,\"height\":2599},{\"@type\":\"BreadcrumbList\",\"@id\":\"https:\\\/\\\/www.teamprofi.de\\\/tsv-ebersberg\\\/produkt\\\/t-shirt-organic-2\\\/#breadcrumb\",\"itemListElement\":[{\"@type\":\"ListItem\",\"position\":1,\"name\":\"Startseite\",\"item\":\"https:\\\/\\\/www.teamprofi.de\\\/tsv-ebersberg\\\/\"},{\"@type\":\"ListItem\",\"position\":2,\"name\":\"Shop\",\"item\":\"https:\\\/\\\/www.teamprofi.de\\\/tsv-ebersberg\\\/shop\\\/\"},{\"@type\":\"ListItem\",\"position\":3,\"name\":\"T-Shirt Organic\"}]},{\"@type\":\"WebSite\",\"@id\":\"https:\\\/\\\/www.teamprofi.de\\\/tsv-ebersberg\\\/#website\",\"url\":\"https:\\\/\\\/www.teamprofi.de\\\/tsv-ebersberg\\\/\",\"name\":\"TSV Ebersberg\",\"description\":\"Vereins-Shop - Sport G\u00fcrteler\",\"potentialAction\":[{\"@type\":\"SearchAction\",\"target\":{\"@type\":\"EntryPoint\",\"urlTemplate\":\"https:\\\/\\\/www.teamprofi.de\\\/tsv-ebersberg\\\/?s={search_term_string}\"},\"query-input\":{\"@type\":\"PropertyValueSpecification\",\"valueRequired\":true,\"valueName\":\"search_term_string\"}}],\"inLanguage\":\"de\"}]}<\/script>\n<!-- \/ Yoast SEO plugin. -->","yoast_head_json":{"title":"T-Shirt Organic - TSV Ebersberg","robots":{"index":"noindex","follow":"follow","max-snippet":"max-snippet:-1","max-image-preview":"max-image-preview:large","max-video-preview":"max-video-preview:-1"},"og_locale":"de_DE","og_type":"article","og_title":"T-Shirt Organic - TSV Ebersberg","og_description":"Beschreibung Klassisches T-Shirt aus nachhaltiger Bio-Baumwolle Unser T-Shirt Organic aus 100 % gek\u00e4mmter, ringgesponnener Bio-Baumwolle in weicher Single-Jersey Qualit\u00e4t. Durch die hochwertige Verarbeitung ist der Klassiker das optimale T-Shirt f\u00fcr","og_url":"https:\/\/www.teamprofi.de\/tsv-ebersberg\/produkt\/t-shirt-organic-2\/","og_site_name":"TSV Ebersberg","article_modified_time":"2024-07-31T16:08:42+00:00","og_image":[{"width":2598,"height":2599,"url":"https:\/\/www.teamprofi.de\/tsv-ebersberg\/wp-content\/uploads\/sites\/23\/2022\/11\/C6120_260.jpg","type":"image\/jpeg"}],"twitter_card":"summary_large_image","twitter_misc":{"Gesch\u00e4tzte Lesezeit":"1\u00a0Minute"},"schema":{"@context":"https:\/\/schema.org","@graph":[{"@type":"WebPage","@id":"https:\/\/www.teamprofi.de\/tsv-ebersberg\/produkt\/t-shirt-organic-2\/","url":"https:\/\/www.teamprofi.de\/tsv-ebersberg\/produkt\/t-shirt-organic-2\/","name":"T-Shirt Organic - TSV Ebersberg","isPartOf":{"@id":"https:\/\/www.teamprofi.de\/tsv-ebersberg\/#website"},"primaryImageOfPage":{"@id":"https:\/\/www.teamprofi.de\/tsv-ebersberg\/produkt\/t-shirt-organic-2\/#primaryimage"},"image":{"@id":"https:\/\/www.teamprofi.de\/tsv-ebersberg\/produkt\/t-shirt-organic-2\/#primaryimage"},"thumbnailUrl":"https:\/\/www.teamprofi.de\/tsv-ebersberg\/wp-content\/uploads\/sites\/23\/2022\/11\/C6120_260.jpg","datePublished":"2022-11-04T15:01:34+00:00","dateModified":"2024-07-31T16:08:42+00:00","breadcrumb":{"@id":"https:\/\/www.teamprofi.de\/tsv-ebersberg\/produkt\/t-shirt-organic-2\/#breadcrumb"},"inLanguage":"de","potentialAction":[{"@type":"ReadAction","target":["https:\/\/www.teamprofi.de\/tsv-ebersberg\/produkt\/t-shirt-organic-2\/"]}]},{"@type":"ImageObject","inLanguage":"de","@id":"https:\/\/www.teamprofi.de\/tsv-ebersberg\/produkt\/t-shirt-organic-2\/#primaryimage","url":"https:\/\/www.teamprofi.de\/tsv-ebersberg\/wp-content\/uploads\/sites\/23\/2022\/11\/C6120_260.jpg","contentUrl":"https:\/\/www.teamprofi.de\/tsv-ebersberg\/wp-content\/uploads\/sites\/23\/2022\/11\/C6120_260.jpg","width":2598,"height":2599},{"@type":"BreadcrumbList","@id":"https:\/\/www.teamprofi.de\/tsv-ebersberg\/produkt\/t-shirt-organic-2\/#breadcrumb","itemListElement":[{"@type":"ListItem","position":1,"name":"Startseite","item":"https:\/\/www.teamprofi.de\/tsv-ebersberg\/"},{"@type":"ListItem","position":2,"name":"Shop","item":"https:\/\/www.teamprofi.de\/tsv-ebersberg\/shop\/"},{"@type":"ListItem","position":3,"name":"T-Shirt Organic"}]},{"@type":"WebSite","@id":"https:\/\/www.teamprofi.de\/tsv-ebersberg\/#website","url":"https:\/\/www.teamprofi.de\/tsv-ebersberg\/","name":"TSV Ebersberg","description":"Vereins-Shop - Sport G\u00fcrteler","potentialAction":[{"@type":"SearchAction","target":{"@type":"EntryPoint","urlTemplate":"https:\/\/www.teamprofi.de\/tsv-ebersberg\/?s={search_term_string}"},"query-input":{"@type":"PropertyValueSpecification","valueRequired":true,"valueName":"search_term_string"}}],"inLanguage":"de"}]}},"_links":{"self":[{"href":"https:\/\/www.teamprofi.de\/tsv-ebersberg\/wp-json\/wp\/v2\/product\/2095","targetHints":{"allow":["GET"]}}],"collection":[{"href":"https:\/\/www.teamprofi.de\/tsv-ebersberg\/wp-json\/wp\/v2\/product"}],"about":[{"href":"https:\/\/www.teamprofi.de\/tsv-ebersberg\/wp-json\/wp\/v2\/types\/product"}],"wp:featuredmedia":[{"embeddable":true,"href":"https:\/\/www.teamprofi.de\/tsv-ebersberg\/wp-json\/wp\/v2\/media\/1672"}],"wp:attachment":[{"href":"https:\/\/www.teamprofi.de\/tsv-ebersberg\/wp-json\/wp\/v2\/media?parent=2095"}],"wp:term":[{"taxonomy":"product_brand","embeddable":true,"href":"https:\/\/www.teamprofi.de\/tsv-ebersberg\/wp-json\/wp\/v2\/product_brand?post=2095"},{"taxonomy":"product_cat","embeddable":true,"href":"https:\/\/www.teamprofi.de\/tsv-ebersberg\/wp-json\/wp\/v2\/product_cat?post=2095"},{"taxonomy":"product_tag","embeddable":true,"href":"https:\/\/www.teamprofi.de\/tsv-ebersberg\/wp-json\/wp\/v2\/product_tag?post=2095"}],"curies":[{"name":"wp","href":"https:\/\/api.w.org\/{rel}","templated":true}]}}