{"id":1990,"date":"2022-11-04T14:01:54","date_gmt":"2022-11-04T13:01:54","guid":{"rendered":"https:\/\/www.teamprofi.de\/tsv-ebersberg\/?post_type=product&#038;p=1990"},"modified":"2022-11-17T16:46:56","modified_gmt":"2022-11-17T15:46:56","slug":"jazzpants-shape-2-0","status":"publish","type":"product","link":"https:\/\/www.teamprofi.de\/tsv-ebersberg\/produkt\/jazzpants-shape-2-0\/","title":{"rendered":"Jazzpants Shape 2.0"},"content":{"rendered":"<div id=\"itemcard_right\" class=\"itemcardTopRight col-xs-12 col-md-6 col-lg-5\">\n<div class=\"itemcard_toggle_boxes\">\n<div class=\"slidecontent_itemcard_wrapper active\">\n<div class=\"hl\"><strong>Beschreibung<\/strong><\/div>\n<div><\/div>\n<div class=\"text\">Die Jazzpant SHAPE 2.0 ist die perfekte Sportbekleidung f\u00fcr den Lauf im Park oder das Entspannen auf der Couch. Der extra breite Komfortbund verhindert Reibungen und Druckstellen. In der Schl\u00fcsseltasche am Innenbund k\u00f6nnen Wertsachen verstaut werden. Sie ist mit der KEEP DRY-Funktion ausgestattet. Selbst bei gro\u00dfer Anstrengung h\u00e4lt dich die Jazzpant trocken und garantiert so ein angenehmes K\u00f6rpergef\u00fchl. Die aus 85% Polyester und 15% Elasthan bestehende Hose hat einen dezenten Logo-Print auf der Vorderseite. Erh\u00e4ltlich ist die Sportbekleidung in den Damengr\u00f6\u00dfen 34 &#8211; 44 Die Jogginghose ist speziell f\u00fcr Damen geschnitten.<\/div>\n<div><\/div>\n<\/div>\n<\/div>\n<div class=\"slidecontent_itemcard_wrapper active\">\n<div class=\"hl\"><strong>Details<\/strong><\/div>\n<div class=\"text\">\n<ul>\n<li>Dezenter Logo-Print<\/li>\n<li>Extra breiter Komfortbund<\/li>\n<li>Polyester-Stretch-Jersey<\/li>\n<li>Schl\u00fcsseltasche am Innenbund<\/li>\n<\/ul>\n<\/div>\n<\/div>\n<div class=\"slidecontent_itemcard_wrapper active\">\n<div class=\"hl\"><strong>Material<\/strong><\/div>\n<div class=\"text\">\n<ul>\n<li>Fb. 08: 85 % Polyester, 15 % Elasthan<\/li>\n<li>Fb. 40: 90 % Polyester, 10 % Elasthan<\/li>\n<\/ul>\n<\/div>\n<\/div>\n<div class=\"attributeIcons\"><img decoding=\"async\" title=\"\" src=\"https:\/\/cdn.jako.de\/userdata\/dcshop\/filter_icon\/251439_tec_konzept_keep_dry_2021_70x70px.jpg\" alt=\"Keep Dry\" width=\"37px\" height=\"37px\" data-toggle=\"tooltip\" data-original-title=\"Keep Dry\" \/><\/div>\n<div class=\"attributeIcons__item marginTop--large\"><img decoding=\"async\" title=\"\" src=\"https:\/\/cdn.jako.de\/userdata\/dcshop\/filter_icon\/231923_wash30_p.png\" alt=\"30\u00b0 pflegeleicht waschen\" width=\"37px\" height=\"37px\" data-toggle=\"tooltip\" data-original-title=\"30\u00b0 pflegeleicht waschen\" \/><img decoding=\"async\" class=\"\" title=\"\" src=\"https:\/\/cdn.jako.de\/userdata\/dcshop\/filter_icon\/911081_bleach_not.png\" alt=\"nicht chloren\" width=\"37px\" height=\"37px\" data-toggle=\"tooltip\" data-original-title=\"nicht chloren\" \/><img decoding=\"async\" title=\"\" src=\"https:\/\/cdn.jako.de\/userdata\/dcshop\/filter_icon\/761917_tumble_not.png\" alt=\"nicht im Trockner Trocknen\" width=\"37px\" height=\"37px\" data-toggle=\"tooltip\" data-original-title=\"nicht im Trockner Trocknen\" \/><img decoding=\"async\" title=\"\" src=\"https:\/\/cdn.jako.de\/userdata\/dcshop\/filter_icon\/438269_iron_low.png\" alt=\"b\u00fcgeln niedrige Temperatur\" width=\"37px\" height=\"37px\" data-toggle=\"tooltip\" data-original-title=\"b\u00fcgeln niedrige Temperatur\" \/><img decoding=\"async\" class=\"\" title=\"\" src=\"https:\/\/cdn.jako.de\/userdata\/dcshop\/filter_icon\/591149_clean_not.png\" alt=\"nicht chemisch reinigen\" width=\"37px\" height=\"37px\" data-toggle=\"tooltip\" data-original-title=\"nicht chemisch reinigen\" \/><\/div>\n<\/div>\n","protected":false},"excerpt":{"rendered":"<p>Beschreibung Die Jazzpant SHAPE 2.0 ist die perfekte Sportbekleidung f\u00fcr den Lauf im Park oder das Entspannen auf der Couch. Der extra breite Komfortbund verhindert Reibungen und Druckstellen. In der<\/p>\n","protected":false},"featured_media":2210,"template":"","meta":{"inline_featured_image":false},"product_brand":[],"product_cat":[150],"product_tag":[],"class_list":{"0":"post-1990","1":"product","2":"type-product","3":"status-publish","4":"has-post-thumbnail","6":"product_cat-hauptverein","8":"first","9":"instock","10":"taxable","11":"shipping-taxable","12":"purchasable","13":"product-type-variable"},"yoast_head":"<!-- This site is optimized with the Yoast SEO plugin v27.3 - https:\/\/yoast.com\/product\/yoast-seo-wordpress\/ -->\n<title>Jazzpants Shape 2.0 - TSV Ebersberg<\/title>\n<meta name=\"robots\" content=\"noindex, follow, max-snippet:-1, max-image-preview:large, max-video-preview:-1\" \/>\n<meta property=\"og:locale\" content=\"de_DE\" \/>\n<meta property=\"og:type\" content=\"article\" \/>\n<meta property=\"og:title\" content=\"Jazzpants Shape 2.0 - TSV Ebersberg\" \/>\n<meta property=\"og:description\" content=\"Beschreibung Die Jazzpant SHAPE 2.0 ist die perfekte Sportbekleidung f\u00fcr den Lauf im Park oder das Entspannen auf der Couch. Der extra breite Komfortbund verhindert Reibungen und Druckstellen. In der\" \/>\n<meta property=\"og:url\" content=\"https:\/\/www.teamprofi.de\/tsv-ebersberg\/produkt\/jazzpants-shape-2-0\/\" \/>\n<meta property=\"og:site_name\" content=\"TSV Ebersberg\" \/>\n<meta property=\"article:modified_time\" content=\"2022-11-17T15:46:56+00:00\" \/>\n<meta property=\"og:image\" content=\"https:\/\/www.teamprofi.de\/tsv-ebersberg\/wp-content\/uploads\/sites\/23\/2022\/11\/6549_08-2.jpg\" \/>\n\t<meta property=\"og:image:width\" content=\"2362\" \/>\n\t<meta property=\"og:image:height\" content=\"2362\" \/>\n\t<meta property=\"og:image:type\" content=\"image\/jpeg\" \/>\n<meta name=\"twitter:card\" content=\"summary_large_image\" \/>\n<meta name=\"twitter:label1\" content=\"Gesch\u00e4tzte Lesezeit\" \/>\n\t<meta name=\"twitter:data1\" content=\"1\u00a0Minute\" \/>\n<script type=\"application\/ld+json\" class=\"yoast-schema-graph\">{\"@context\":\"https:\\\/\\\/schema.org\",\"@graph\":[{\"@type\":\"WebPage\",\"@id\":\"https:\\\/\\\/www.teamprofi.de\\\/tsv-ebersberg\\\/produkt\\\/jazzpants-shape-2-0\\\/\",\"url\":\"https:\\\/\\\/www.teamprofi.de\\\/tsv-ebersberg\\\/produkt\\\/jazzpants-shape-2-0\\\/\",\"name\":\"Jazzpants Shape 2.0 - TSV Ebersberg\",\"isPartOf\":{\"@id\":\"https:\\\/\\\/www.teamprofi.de\\\/tsv-ebersberg\\\/#website\"},\"primaryImageOfPage\":{\"@id\":\"https:\\\/\\\/www.teamprofi.de\\\/tsv-ebersberg\\\/produkt\\\/jazzpants-shape-2-0\\\/#primaryimage\"},\"image\":{\"@id\":\"https:\\\/\\\/www.teamprofi.de\\\/tsv-ebersberg\\\/produkt\\\/jazzpants-shape-2-0\\\/#primaryimage\"},\"thumbnailUrl\":\"https:\\\/\\\/www.teamprofi.de\\\/tsv-ebersberg\\\/wp-content\\\/uploads\\\/sites\\\/23\\\/2022\\\/11\\\/6549_08-2.jpg\",\"datePublished\":\"2022-11-04T13:01:54+00:00\",\"dateModified\":\"2022-11-17T15:46:56+00:00\",\"breadcrumb\":{\"@id\":\"https:\\\/\\\/www.teamprofi.de\\\/tsv-ebersberg\\\/produkt\\\/jazzpants-shape-2-0\\\/#breadcrumb\"},\"inLanguage\":\"de\",\"potentialAction\":[{\"@type\":\"ReadAction\",\"target\":[\"https:\\\/\\\/www.teamprofi.de\\\/tsv-ebersberg\\\/produkt\\\/jazzpants-shape-2-0\\\/\"]}]},{\"@type\":\"ImageObject\",\"inLanguage\":\"de\",\"@id\":\"https:\\\/\\\/www.teamprofi.de\\\/tsv-ebersberg\\\/produkt\\\/jazzpants-shape-2-0\\\/#primaryimage\",\"url\":\"https:\\\/\\\/www.teamprofi.de\\\/tsv-ebersberg\\\/wp-content\\\/uploads\\\/sites\\\/23\\\/2022\\\/11\\\/6549_08-2.jpg\",\"contentUrl\":\"https:\\\/\\\/www.teamprofi.de\\\/tsv-ebersberg\\\/wp-content\\\/uploads\\\/sites\\\/23\\\/2022\\\/11\\\/6549_08-2.jpg\",\"width\":2362,\"height\":2362},{\"@type\":\"BreadcrumbList\",\"@id\":\"https:\\\/\\\/www.teamprofi.de\\\/tsv-ebersberg\\\/produkt\\\/jazzpants-shape-2-0\\\/#breadcrumb\",\"itemListElement\":[{\"@type\":\"ListItem\",\"position\":1,\"name\":\"Startseite\",\"item\":\"https:\\\/\\\/www.teamprofi.de\\\/tsv-ebersberg\\\/\"},{\"@type\":\"ListItem\",\"position\":2,\"name\":\"Shop\",\"item\":\"https:\\\/\\\/www.teamprofi.de\\\/tsv-ebersberg\\\/shop\\\/\"},{\"@type\":\"ListItem\",\"position\":3,\"name\":\"Jazzpants Shape 2.0\"}]},{\"@type\":\"WebSite\",\"@id\":\"https:\\\/\\\/www.teamprofi.de\\\/tsv-ebersberg\\\/#website\",\"url\":\"https:\\\/\\\/www.teamprofi.de\\\/tsv-ebersberg\\\/\",\"name\":\"TSV Ebersberg\",\"description\":\"Vereins-Shop - Sport G\u00fcrteler\",\"potentialAction\":[{\"@type\":\"SearchAction\",\"target\":{\"@type\":\"EntryPoint\",\"urlTemplate\":\"https:\\\/\\\/www.teamprofi.de\\\/tsv-ebersberg\\\/?s={search_term_string}\"},\"query-input\":{\"@type\":\"PropertyValueSpecification\",\"valueRequired\":true,\"valueName\":\"search_term_string\"}}],\"inLanguage\":\"de\"}]}<\/script>\n<!-- \/ Yoast SEO plugin. -->","yoast_head_json":{"title":"Jazzpants Shape 2.0 - TSV Ebersberg","robots":{"index":"noindex","follow":"follow","max-snippet":"max-snippet:-1","max-image-preview":"max-image-preview:large","max-video-preview":"max-video-preview:-1"},"og_locale":"de_DE","og_type":"article","og_title":"Jazzpants Shape 2.0 - TSV Ebersberg","og_description":"Beschreibung Die Jazzpant SHAPE 2.0 ist die perfekte Sportbekleidung f\u00fcr den Lauf im Park oder das Entspannen auf der Couch. Der extra breite Komfortbund verhindert Reibungen und Druckstellen. In der","og_url":"https:\/\/www.teamprofi.de\/tsv-ebersberg\/produkt\/jazzpants-shape-2-0\/","og_site_name":"TSV Ebersberg","article_modified_time":"2022-11-17T15:46:56+00:00","og_image":[{"width":2362,"height":2362,"url":"https:\/\/www.teamprofi.de\/tsv-ebersberg\/wp-content\/uploads\/sites\/23\/2022\/11\/6549_08-2.jpg","type":"image\/jpeg"}],"twitter_card":"summary_large_image","twitter_misc":{"Gesch\u00e4tzte Lesezeit":"1\u00a0Minute"},"schema":{"@context":"https:\/\/schema.org","@graph":[{"@type":"WebPage","@id":"https:\/\/www.teamprofi.de\/tsv-ebersberg\/produkt\/jazzpants-shape-2-0\/","url":"https:\/\/www.teamprofi.de\/tsv-ebersberg\/produkt\/jazzpants-shape-2-0\/","name":"Jazzpants Shape 2.0 - TSV Ebersberg","isPartOf":{"@id":"https:\/\/www.teamprofi.de\/tsv-ebersberg\/#website"},"primaryImageOfPage":{"@id":"https:\/\/www.teamprofi.de\/tsv-ebersberg\/produkt\/jazzpants-shape-2-0\/#primaryimage"},"image":{"@id":"https:\/\/www.teamprofi.de\/tsv-ebersberg\/produkt\/jazzpants-shape-2-0\/#primaryimage"},"thumbnailUrl":"https:\/\/www.teamprofi.de\/tsv-ebersberg\/wp-content\/uploads\/sites\/23\/2022\/11\/6549_08-2.jpg","datePublished":"2022-11-04T13:01:54+00:00","dateModified":"2022-11-17T15:46:56+00:00","breadcrumb":{"@id":"https:\/\/www.teamprofi.de\/tsv-ebersberg\/produkt\/jazzpants-shape-2-0\/#breadcrumb"},"inLanguage":"de","potentialAction":[{"@type":"ReadAction","target":["https:\/\/www.teamprofi.de\/tsv-ebersberg\/produkt\/jazzpants-shape-2-0\/"]}]},{"@type":"ImageObject","inLanguage":"de","@id":"https:\/\/www.teamprofi.de\/tsv-ebersberg\/produkt\/jazzpants-shape-2-0\/#primaryimage","url":"https:\/\/www.teamprofi.de\/tsv-ebersberg\/wp-content\/uploads\/sites\/23\/2022\/11\/6549_08-2.jpg","contentUrl":"https:\/\/www.teamprofi.de\/tsv-ebersberg\/wp-content\/uploads\/sites\/23\/2022\/11\/6549_08-2.jpg","width":2362,"height":2362},{"@type":"BreadcrumbList","@id":"https:\/\/www.teamprofi.de\/tsv-ebersberg\/produkt\/jazzpants-shape-2-0\/#breadcrumb","itemListElement":[{"@type":"ListItem","position":1,"name":"Startseite","item":"https:\/\/www.teamprofi.de\/tsv-ebersberg\/"},{"@type":"ListItem","position":2,"name":"Shop","item":"https:\/\/www.teamprofi.de\/tsv-ebersberg\/shop\/"},{"@type":"ListItem","position":3,"name":"Jazzpants Shape 2.0"}]},{"@type":"WebSite","@id":"https:\/\/www.teamprofi.de\/tsv-ebersberg\/#website","url":"https:\/\/www.teamprofi.de\/tsv-ebersberg\/","name":"TSV Ebersberg","description":"Vereins-Shop - Sport G\u00fcrteler","potentialAction":[{"@type":"SearchAction","target":{"@type":"EntryPoint","urlTemplate":"https:\/\/www.teamprofi.de\/tsv-ebersberg\/?s={search_term_string}"},"query-input":{"@type":"PropertyValueSpecification","valueRequired":true,"valueName":"search_term_string"}}],"inLanguage":"de"}]}},"_links":{"self":[{"href":"https:\/\/www.teamprofi.de\/tsv-ebersberg\/wp-json\/wp\/v2\/product\/1990","targetHints":{"allow":["GET"]}}],"collection":[{"href":"https:\/\/www.teamprofi.de\/tsv-ebersberg\/wp-json\/wp\/v2\/product"}],"about":[{"href":"https:\/\/www.teamprofi.de\/tsv-ebersberg\/wp-json\/wp\/v2\/types\/product"}],"wp:featuredmedia":[{"embeddable":true,"href":"https:\/\/www.teamprofi.de\/tsv-ebersberg\/wp-json\/wp\/v2\/media\/2210"}],"wp:attachment":[{"href":"https:\/\/www.teamprofi.de\/tsv-ebersberg\/wp-json\/wp\/v2\/media?parent=1990"}],"wp:term":[{"taxonomy":"product_brand","embeddable":true,"href":"https:\/\/www.teamprofi.de\/tsv-ebersberg\/wp-json\/wp\/v2\/product_brand?post=1990"},{"taxonomy":"product_cat","embeddable":true,"href":"https:\/\/www.teamprofi.de\/tsv-ebersberg\/wp-json\/wp\/v2\/product_cat?post=1990"},{"taxonomy":"product_tag","embeddable":true,"href":"https:\/\/www.teamprofi.de\/tsv-ebersberg\/wp-json\/wp\/v2\/product_tag?post=1990"}],"curies":[{"name":"wp","href":"https:\/\/api.w.org\/{rel}","templated":true}]}}