{"id":1953,"date":"2022-11-04T12:42:57","date_gmt":"2022-11-04T11:42:57","guid":{"rendered":"https:\/\/www.teamprofi.de\/tsv-ebersberg\/?post_type=product&#038;p=1953"},"modified":"2025-05-07T16:52:55","modified_gmt":"2025-05-07T14:52:55","slug":"1953","status":"publish","type":"product","link":"https:\/\/www.teamprofi.de\/tsv-ebersberg\/produkt\/1953\/","title":{"rendered":"2-in-1 Short"},"content":{"rendered":"<div id=\"itemcard_right\" class=\"itemcardTopRight col-xs-12 col-md-6 col-lg-5\">\n<div class=\"itemcard_toggle_boxes\">\n<div class=\"slidecontent_itemcard_wrapper active\">\n<div class=\"hl\"><strong>Beschreibung<\/strong><\/div>\n<div><\/div>\n<\/div>\n<\/div>\n<div class=\"attributeIcons__item marginTop--large\">\n<div id=\"itemcard_right\" class=\"itemcardTopRight col-xs-12 col-md-6 col-lg-5\">\n<div class=\"itemcard_details itemcard_infoblock\">\n<div class=\"itemcard_slidecontent_wrapper\">\n<div class=\"slidecontent_itemcard_wrapper active\">\n<div class=\"text\">\n<p>Power und Vielseitigkeit: Die 2-in-1 Short f\u00fcr deine Performance<\/p>\n<p>Mit unserer 2-in-1 Short Power erlebst du nicht nur maximale Performance, sondern auch Vielseitigkeit in einem stylishen Design. Der elastische Bund mit JAKO Branding verleiht nicht nur einen sportlichen Look, sondern gew\u00e4hrleistet auch eine perfekte Passform. Die seitliche Einschubtasche rechts und der Seiteneinsatz in Wabenstruktur setzen zus\u00e4tzliche Akzente und bieten praktischen Stauraum. Mit mindestens 50 % recyceltem Polyester unterstreicht die 2-in-1 Short Power unser Engagement f\u00fcr Nachhaltigkeit. Die Keep Dry Funktion sorgt daf\u00fcr, dass du bei jeder Aktivit\u00e4t cool bleibst. Microfeine Fasern transportieren Feuchtigkeit unmittelbar an die Oberfl\u00e4che des Stoffes. Hol dir jetzt deine 2-in-1 Short Power!<\/p>\n<\/div>\n<\/div>\n<div class=\"slidecontent_itemcard_wrapper active\">\n<div class=\"hl\">Details<\/div>\n<div class=\"text\">\n<ul>\n<li>Seitliche Einschubtascherechts<\/li>\n<li>Seitentaschen<\/li>\n<li>Seiteneinsatz in Wabenstruktur<\/li>\n<\/ul>\n<\/div>\n<\/div>\n<div class=\"slidecontent_itemcard_wrapper active\">\n<div class=\"hl\">Material<\/div>\n<div class=\"text\">\n<ul>\n<li>Au\u00dfenhose: 100 % Polyester (recycelt)<\/li>\n<li>Innenhose: 83 % Polyester (recycelt), 17 % Elasthan<\/li>\n<\/ul>\n<\/div>\n<\/div>\n<div class=\"attributeIcons marginTop--large\"><img decoding=\"async\" title=\"\" src=\"https:\/\/cdn.jako.de\/userdata\/dcshop\/filter_icon\/979442_fair_logo_halb_70x70px.jpg\" data-toggle=\"tooltip\" data-original-title=\"Mindestens 50 % der eingesetzten Materialien bestehen aus recyceltem Polyester\" \/><img decoding=\"async\" class=\"\" title=\"\" src=\"https:\/\/cdn.jako.de\/userdata\/dcshop\/filter_icon\/251439_tec_konzept_keep_dry_2021_70x70px.jpg\" data-toggle=\"tooltip\" data-original-title=\"Microfeine Fasern transportieren Feuchtigkeit unmittelbar an die Oberfl\u00e4che des Stoffes. So gew\u00e4hrleistet KEEP DRY, dass das Material sehr schnell trocknet und Du beim Sport nicht ausk\u00fchlst. \" \/><\/div>\n<div class=\"attributeIcons__item marginTop--large\"><img decoding=\"async\" title=\"\" src=\"https:\/\/cdn.jako.de\/userdata\/dcshop\/filter_icon\/170931_wash40.png\" data-toggle=\"tooltip\" data-original-title=\"40\u00b0 waschen\" \/><img decoding=\"async\" title=\"\" src=\"https:\/\/cdn.jako.de\/userdata\/dcshop\/filter_icon\/911081_bleach_not.png\" data-toggle=\"tooltip\" data-original-title=\"Nicht chloren\" \/><img decoding=\"async\" title=\"\" src=\"https:\/\/cdn.jako.de\/userdata\/dcshop\/filter_icon\/848187_tumble_low.png\" data-toggle=\"tooltip\" data-original-title=\"Trocknen niedrige Temperatur\" \/><img decoding=\"async\" title=\"\" src=\"https:\/\/cdn.jako.de\/userdata\/dcshop\/filter_icon\/438269_iron_low.png\" data-toggle=\"tooltip\" data-original-title=\"B\u00fcgeln niedrige Temperatur\" \/><img decoding=\"async\" title=\"\" src=\"https:\/\/cdn.jako.de\/userdata\/dcshop\/filter_icon\/591149_clean_not.png\" data-toggle=\"tooltip\" data-original-title=\"Nicht chemisch reinigen\" \/><\/div>\n<\/div>\n<\/div>\n<\/div>\n<\/div>\n<\/div>\n","protected":false},"excerpt":{"rendered":"<p>Beschreibung Power und Vielseitigkeit: Die 2-in-1 Short f\u00fcr deine Performance Mit unserer 2-in-1 Short Power erlebst du nicht nur maximale Performance, sondern auch Vielseitigkeit in einem stylishen Design. Der elastische<\/p>\n","protected":false},"featured_media":4459,"template":"","meta":{"inline_featured_image":false},"product_brand":[],"product_cat":[150],"product_tag":[],"class_list":{"0":"post-1953","1":"product","2":"type-product","3":"status-publish","4":"has-post-thumbnail","6":"product_cat-hauptverein","8":"first","9":"instock","10":"taxable","11":"shipping-taxable","12":"purchasable","13":"product-type-variable"},"yoast_head":"<!-- This site is optimized with the Yoast SEO plugin v27.3 - https:\/\/yoast.com\/product\/yoast-seo-wordpress\/ -->\n<title>2-in-1 Short - TSV Ebersberg<\/title>\n<meta name=\"robots\" content=\"noindex, follow, max-snippet:-1, max-image-preview:large, max-video-preview:-1\" \/>\n<meta property=\"og:locale\" content=\"de_DE\" \/>\n<meta property=\"og:type\" content=\"article\" \/>\n<meta property=\"og:title\" content=\"2-in-1 Short - TSV Ebersberg\" \/>\n<meta property=\"og:description\" content=\"Beschreibung Power und Vielseitigkeit: Die 2-in-1 Short f\u00fcr deine Performance Mit unserer 2-in-1 Short Power erlebst du nicht nur maximale Performance, sondern auch Vielseitigkeit in einem stylishen Design. Der elastische\" \/>\n<meta property=\"og:url\" content=\"https:\/\/www.teamprofi.de\/tsv-ebersberg\/produkt\/1953\/\" \/>\n<meta property=\"og:site_name\" content=\"TSV Ebersberg\" \/>\n<meta property=\"article:modified_time\" content=\"2025-05-07T14:52:55+00:00\" \/>\n<meta property=\"og:image\" content=\"https:\/\/www.teamprofi.de\/tsv-ebersberg\/wp-content\/uploads\/sites\/23\/2025\/04\/6276_8002-1.jpg\" \/>\n\t<meta property=\"og:image:width\" content=\"2362\" \/>\n\t<meta property=\"og:image:height\" content=\"2362\" \/>\n\t<meta property=\"og:image:type\" content=\"image\/jpeg\" \/>\n<meta name=\"twitter:card\" content=\"summary_large_image\" \/>\n<meta name=\"twitter:label1\" content=\"Gesch\u00e4tzte Lesezeit\" \/>\n\t<meta name=\"twitter:data1\" content=\"3\u00a0Minuten\" \/>\n<script type=\"application\/ld+json\" class=\"yoast-schema-graph\">{\"@context\":\"https:\\\/\\\/schema.org\",\"@graph\":[{\"@type\":\"WebPage\",\"@id\":\"https:\\\/\\\/www.teamprofi.de\\\/tsv-ebersberg\\\/produkt\\\/1953\\\/\",\"url\":\"https:\\\/\\\/www.teamprofi.de\\\/tsv-ebersberg\\\/produkt\\\/1953\\\/\",\"name\":\"2-in-1 Short - TSV Ebersberg\",\"isPartOf\":{\"@id\":\"https:\\\/\\\/www.teamprofi.de\\\/tsv-ebersberg\\\/#website\"},\"primaryImageOfPage\":{\"@id\":\"https:\\\/\\\/www.teamprofi.de\\\/tsv-ebersberg\\\/produkt\\\/1953\\\/#primaryimage\"},\"image\":{\"@id\":\"https:\\\/\\\/www.teamprofi.de\\\/tsv-ebersberg\\\/produkt\\\/1953\\\/#primaryimage\"},\"thumbnailUrl\":\"https:\\\/\\\/www.teamprofi.de\\\/tsv-ebersberg\\\/wp-content\\\/uploads\\\/sites\\\/23\\\/2025\\\/04\\\/6276_8002-1.jpg\",\"datePublished\":\"2022-11-04T11:42:57+00:00\",\"dateModified\":\"2025-05-07T14:52:55+00:00\",\"breadcrumb\":{\"@id\":\"https:\\\/\\\/www.teamprofi.de\\\/tsv-ebersberg\\\/produkt\\\/1953\\\/#breadcrumb\"},\"inLanguage\":\"de\",\"potentialAction\":[{\"@type\":\"ReadAction\",\"target\":[\"https:\\\/\\\/www.teamprofi.de\\\/tsv-ebersberg\\\/produkt\\\/1953\\\/\"]}]},{\"@type\":\"ImageObject\",\"inLanguage\":\"de\",\"@id\":\"https:\\\/\\\/www.teamprofi.de\\\/tsv-ebersberg\\\/produkt\\\/1953\\\/#primaryimage\",\"url\":\"https:\\\/\\\/www.teamprofi.de\\\/tsv-ebersberg\\\/wp-content\\\/uploads\\\/sites\\\/23\\\/2025\\\/04\\\/6276_8002-1.jpg\",\"contentUrl\":\"https:\\\/\\\/www.teamprofi.de\\\/tsv-ebersberg\\\/wp-content\\\/uploads\\\/sites\\\/23\\\/2025\\\/04\\\/6276_8002-1.jpg\",\"width\":2362,\"height\":2362},{\"@type\":\"BreadcrumbList\",\"@id\":\"https:\\\/\\\/www.teamprofi.de\\\/tsv-ebersberg\\\/produkt\\\/1953\\\/#breadcrumb\",\"itemListElement\":[{\"@type\":\"ListItem\",\"position\":1,\"name\":\"Startseite\",\"item\":\"https:\\\/\\\/www.teamprofi.de\\\/tsv-ebersberg\\\/\"},{\"@type\":\"ListItem\",\"position\":2,\"name\":\"Shop\",\"item\":\"https:\\\/\\\/www.teamprofi.de\\\/tsv-ebersberg\\\/shop\\\/\"},{\"@type\":\"ListItem\",\"position\":3,\"name\":\"2-in-1 Short\"}]},{\"@type\":\"WebSite\",\"@id\":\"https:\\\/\\\/www.teamprofi.de\\\/tsv-ebersberg\\\/#website\",\"url\":\"https:\\\/\\\/www.teamprofi.de\\\/tsv-ebersberg\\\/\",\"name\":\"TSV Ebersberg\",\"description\":\"Vereins-Shop - Sport G\u00fcrteler\",\"potentialAction\":[{\"@type\":\"SearchAction\",\"target\":{\"@type\":\"EntryPoint\",\"urlTemplate\":\"https:\\\/\\\/www.teamprofi.de\\\/tsv-ebersberg\\\/?s={search_term_string}\"},\"query-input\":{\"@type\":\"PropertyValueSpecification\",\"valueRequired\":true,\"valueName\":\"search_term_string\"}}],\"inLanguage\":\"de\"}]}<\/script>\n<!-- \/ Yoast SEO plugin. -->","yoast_head_json":{"title":"2-in-1 Short - TSV Ebersberg","robots":{"index":"noindex","follow":"follow","max-snippet":"max-snippet:-1","max-image-preview":"max-image-preview:large","max-video-preview":"max-video-preview:-1"},"og_locale":"de_DE","og_type":"article","og_title":"2-in-1 Short - TSV Ebersberg","og_description":"Beschreibung Power und Vielseitigkeit: Die 2-in-1 Short f\u00fcr deine Performance Mit unserer 2-in-1 Short Power erlebst du nicht nur maximale Performance, sondern auch Vielseitigkeit in einem stylishen Design. Der elastische","og_url":"https:\/\/www.teamprofi.de\/tsv-ebersberg\/produkt\/1953\/","og_site_name":"TSV Ebersberg","article_modified_time":"2025-05-07T14:52:55+00:00","og_image":[{"width":2362,"height":2362,"url":"https:\/\/www.teamprofi.de\/tsv-ebersberg\/wp-content\/uploads\/sites\/23\/2025\/04\/6276_8002-1.jpg","type":"image\/jpeg"}],"twitter_card":"summary_large_image","twitter_misc":{"Gesch\u00e4tzte Lesezeit":"3\u00a0Minuten"},"schema":{"@context":"https:\/\/schema.org","@graph":[{"@type":"WebPage","@id":"https:\/\/www.teamprofi.de\/tsv-ebersberg\/produkt\/1953\/","url":"https:\/\/www.teamprofi.de\/tsv-ebersberg\/produkt\/1953\/","name":"2-in-1 Short - TSV Ebersberg","isPartOf":{"@id":"https:\/\/www.teamprofi.de\/tsv-ebersberg\/#website"},"primaryImageOfPage":{"@id":"https:\/\/www.teamprofi.de\/tsv-ebersberg\/produkt\/1953\/#primaryimage"},"image":{"@id":"https:\/\/www.teamprofi.de\/tsv-ebersberg\/produkt\/1953\/#primaryimage"},"thumbnailUrl":"https:\/\/www.teamprofi.de\/tsv-ebersberg\/wp-content\/uploads\/sites\/23\/2025\/04\/6276_8002-1.jpg","datePublished":"2022-11-04T11:42:57+00:00","dateModified":"2025-05-07T14:52:55+00:00","breadcrumb":{"@id":"https:\/\/www.teamprofi.de\/tsv-ebersberg\/produkt\/1953\/#breadcrumb"},"inLanguage":"de","potentialAction":[{"@type":"ReadAction","target":["https:\/\/www.teamprofi.de\/tsv-ebersberg\/produkt\/1953\/"]}]},{"@type":"ImageObject","inLanguage":"de","@id":"https:\/\/www.teamprofi.de\/tsv-ebersberg\/produkt\/1953\/#primaryimage","url":"https:\/\/www.teamprofi.de\/tsv-ebersberg\/wp-content\/uploads\/sites\/23\/2025\/04\/6276_8002-1.jpg","contentUrl":"https:\/\/www.teamprofi.de\/tsv-ebersberg\/wp-content\/uploads\/sites\/23\/2025\/04\/6276_8002-1.jpg","width":2362,"height":2362},{"@type":"BreadcrumbList","@id":"https:\/\/www.teamprofi.de\/tsv-ebersberg\/produkt\/1953\/#breadcrumb","itemListElement":[{"@type":"ListItem","position":1,"name":"Startseite","item":"https:\/\/www.teamprofi.de\/tsv-ebersberg\/"},{"@type":"ListItem","position":2,"name":"Shop","item":"https:\/\/www.teamprofi.de\/tsv-ebersberg\/shop\/"},{"@type":"ListItem","position":3,"name":"2-in-1 Short"}]},{"@type":"WebSite","@id":"https:\/\/www.teamprofi.de\/tsv-ebersberg\/#website","url":"https:\/\/www.teamprofi.de\/tsv-ebersberg\/","name":"TSV Ebersberg","description":"Vereins-Shop - Sport G\u00fcrteler","potentialAction":[{"@type":"SearchAction","target":{"@type":"EntryPoint","urlTemplate":"https:\/\/www.teamprofi.de\/tsv-ebersberg\/?s={search_term_string}"},"query-input":{"@type":"PropertyValueSpecification","valueRequired":true,"valueName":"search_term_string"}}],"inLanguage":"de"}]}},"_links":{"self":[{"href":"https:\/\/www.teamprofi.de\/tsv-ebersberg\/wp-json\/wp\/v2\/product\/1953","targetHints":{"allow":["GET"]}}],"collection":[{"href":"https:\/\/www.teamprofi.de\/tsv-ebersberg\/wp-json\/wp\/v2\/product"}],"about":[{"href":"https:\/\/www.teamprofi.de\/tsv-ebersberg\/wp-json\/wp\/v2\/types\/product"}],"wp:featuredmedia":[{"embeddable":true,"href":"https:\/\/www.teamprofi.de\/tsv-ebersberg\/wp-json\/wp\/v2\/media\/4459"}],"wp:attachment":[{"href":"https:\/\/www.teamprofi.de\/tsv-ebersberg\/wp-json\/wp\/v2\/media?parent=1953"}],"wp:term":[{"taxonomy":"product_brand","embeddable":true,"href":"https:\/\/www.teamprofi.de\/tsv-ebersberg\/wp-json\/wp\/v2\/product_brand?post=1953"},{"taxonomy":"product_cat","embeddable":true,"href":"https:\/\/www.teamprofi.de\/tsv-ebersberg\/wp-json\/wp\/v2\/product_cat?post=1953"},{"taxonomy":"product_tag","embeddable":true,"href":"https:\/\/www.teamprofi.de\/tsv-ebersberg\/wp-json\/wp\/v2\/product_tag?post=1953"}],"curies":[{"name":"wp","href":"https:\/\/api.w.org\/{rel}","templated":true}]}}