{"id":29,"date":"2020-02-18T14:25:25","date_gmt":"2020-02-18T13:25:25","guid":{"rendered":"https:\/\/www.teamprofi.de\/tsv-ebersberg\/?page_id=29"},"modified":"2024-03-15T10:27:34","modified_gmt":"2024-03-15T09:27:34","slug":"zahlungsweisen","status":"publish","type":"page","link":"https:\/\/www.teamprofi.de\/tsv-ebersberg\/zahlungsweisen\/","title":{"rendered":"Zahlungsweisen"},"content":{"rendered":"<p><strong>Zahlungsarten<\/strong><\/p>\n<p>Wir bieten Ihnen folgende Zahlungsarten an. Suchen Sie sich einfach die f\u00fcr Sie optimale Zahlart aus. Die in den jeweiligen Angeboten angef\u00fchrten Preise stellen Endpreise dar. Sie beinhalten alle Preisbestandteile einschlie\u00dflich etwaig anfallender Steuern wie Mehrwertsteuer. Nur bei grenz\u00fcberschreitender Lieferung k\u00f6nnen im Einzelfall weitere Steuern (z.B. im Falle eines innergemeinschaftlichen Erwerbs) und\/oder Abgaben (z.B. Z\u00f6lle) von Ihnen zu zahlen sein, jedoch nicht an den Verk\u00e4ufer, sondern an die dort zust\u00e4ndigen Zoll- bzw. Steuerbeh\u00f6rden. Die anfallenden Liefer- und Versandkosten sind nicht im Kaufpreis enthalten, sie sind \u00fcber die Seite \u201eVersandkosten\u201c aufrufbar, werden im Laufe des Bestellvorganges gesondert ausgewiesen und sind von Ihnen zus\u00e4tzlich zu tragen.<\/p>\n<p><em>giropay<br \/>\n<\/em><\/p>\n<p>Wir ziehen den Rechnungsbetrag Ihrer Bestellung von Ihrem hinterlegten Bankkonto nach der get\u00e4tigten Bestellung ein.<\/p>\n<p><em>PayPal<\/em><\/p>\n<p>Noch schneller und sicher bezahlen mit ihrem PayPal-Konto.<\/p>\n<p><em>Sofort\u00fcberweisung<\/em><\/p>\n<p>\u00dcberweisen Sie uns den den Rechnungsbetrag direkt per Sofort\u00fcberweisung.<\/p>\n<p><em>Gutschein<\/em><\/p>\n<p>Einl\u00f6sebedingungen f\u00fcr Gutschein:<\/p>\n<p>Der Gutschein hat eine unbefristete G\u00fcltigkeit und kann auf teamprofi.de eingel\u00f6st werden. Der Mindestbestellwert entspricht dem Gutscheinwert, eine Aufteilung auf mehrere Bestellungen ist daher nicht m\u00f6glich. Keine Barauszahlung.<\/p>\n<p>Bestellen Sie online und holen Sie Ihre Bestellung bei uns im Laden einfach ab:<\/p>\n<p>Sport G\u00fcrteler GmbH, Siriusstra\u00dfe 2,<br \/>\n85614 Eglharting\/Kirchseeon, Deutschland<br \/>\nDienstag bis Freitag 9.300 &#8211; 19.00 Uhr<br \/>\nSamstag 9.00 &#8211; 12.00 Uhr<\/p>\n","protected":false},"excerpt":{"rendered":"<p>Zahlungsarten Wir bieten Ihnen folgende Zahlungsarten an. Suchen Sie sich einfach die f\u00fcr Sie optimale Zahlart aus. Die in den jeweiligen Angeboten angef\u00fchrten Preise stellen Endpreise dar. Sie beinhalten alle<\/p>\n","protected":false},"author":1,"featured_media":0,"parent":0,"menu_order":0,"comment_status":"closed","ping_status":"closed","template":"","meta":{"inline_featured_image":false,"footnotes":""},"class_list":["post-29","page","type-page","status-publish","hentry"],"yoast_head":"<!-- This site is optimized with the Yoast SEO plugin v27.3 - https:\/\/yoast.com\/product\/yoast-seo-wordpress\/ -->\n<title>Zahlungsweisen - TSV Ebersberg<\/title>\n<meta name=\"robots\" content=\"noindex, follow, max-snippet:-1, max-image-preview:large, max-video-preview:-1\" \/>\n<meta property=\"og:locale\" content=\"de_DE\" \/>\n<meta property=\"og:type\" content=\"article\" \/>\n<meta property=\"og:title\" content=\"Zahlungsweisen - TSV Ebersberg\" \/>\n<meta property=\"og:description\" content=\"Zahlungsarten Wir bieten Ihnen folgende Zahlungsarten an. Suchen Sie sich einfach die f\u00fcr Sie optimale Zahlart aus. Die in den jeweiligen Angeboten angef\u00fchrten Preise stellen Endpreise dar. Sie beinhalten alle\" \/>\n<meta property=\"og:url\" content=\"https:\/\/www.teamprofi.de\/tsv-ebersberg\/zahlungsweisen\/\" \/>\n<meta property=\"og:site_name\" content=\"TSV Ebersberg\" \/>\n<meta property=\"article:modified_time\" content=\"2024-03-15T09:27:34+00:00\" \/>\n<meta name=\"twitter:card\" content=\"summary_large_image\" \/>\n<meta name=\"twitter:label1\" content=\"Gesch\u00e4tzte Lesezeit\" \/>\n\t<meta name=\"twitter:data1\" content=\"1\u00a0Minute\" \/>\n<script type=\"application\/ld+json\" class=\"yoast-schema-graph\">{\"@context\":\"https:\\\/\\\/schema.org\",\"@graph\":[{\"@type\":\"WebPage\",\"@id\":\"https:\\\/\\\/www.teamprofi.de\\\/tsv-ebersberg\\\/zahlungsweisen\\\/\",\"url\":\"https:\\\/\\\/www.teamprofi.de\\\/tsv-ebersberg\\\/zahlungsweisen\\\/\",\"name\":\"Zahlungsweisen - TSV Ebersberg\",\"isPartOf\":{\"@id\":\"https:\\\/\\\/www.teamprofi.de\\\/tsv-ebersberg\\\/#website\"},\"datePublished\":\"2020-02-18T13:25:25+00:00\",\"dateModified\":\"2024-03-15T09:27:34+00:00\",\"breadcrumb\":{\"@id\":\"https:\\\/\\\/www.teamprofi.de\\\/tsv-ebersberg\\\/zahlungsweisen\\\/#breadcrumb\"},\"inLanguage\":\"de\",\"potentialAction\":[{\"@type\":\"ReadAction\",\"target\":[\"https:\\\/\\\/www.teamprofi.de\\\/tsv-ebersberg\\\/zahlungsweisen\\\/\"]}]},{\"@type\":\"BreadcrumbList\",\"@id\":\"https:\\\/\\\/www.teamprofi.de\\\/tsv-ebersberg\\\/zahlungsweisen\\\/#breadcrumb\",\"itemListElement\":[{\"@type\":\"ListItem\",\"position\":1,\"name\":\"Startseite\",\"item\":\"https:\\\/\\\/www.teamprofi.de\\\/tsv-ebersberg\\\/\"},{\"@type\":\"ListItem\",\"position\":2,\"name\":\"Zahlungsweisen\"}]},{\"@type\":\"WebSite\",\"@id\":\"https:\\\/\\\/www.teamprofi.de\\\/tsv-ebersberg\\\/#website\",\"url\":\"https:\\\/\\\/www.teamprofi.de\\\/tsv-ebersberg\\\/\",\"name\":\"TSV Ebersberg\",\"description\":\"Vereins-Shop - Sport G\u00fcrteler\",\"potentialAction\":[{\"@type\":\"SearchAction\",\"target\":{\"@type\":\"EntryPoint\",\"urlTemplate\":\"https:\\\/\\\/www.teamprofi.de\\\/tsv-ebersberg\\\/?s={search_term_string}\"},\"query-input\":{\"@type\":\"PropertyValueSpecification\",\"valueRequired\":true,\"valueName\":\"search_term_string\"}}],\"inLanguage\":\"de\"}]}<\/script>\n<!-- \/ Yoast SEO plugin. -->","yoast_head_json":{"title":"Zahlungsweisen - TSV Ebersberg","robots":{"index":"noindex","follow":"follow","max-snippet":"max-snippet:-1","max-image-preview":"max-image-preview:large","max-video-preview":"max-video-preview:-1"},"og_locale":"de_DE","og_type":"article","og_title":"Zahlungsweisen - TSV Ebersberg","og_description":"Zahlungsarten Wir bieten Ihnen folgende Zahlungsarten an. Suchen Sie sich einfach die f\u00fcr Sie optimale Zahlart aus. Die in den jeweiligen Angeboten angef\u00fchrten Preise stellen Endpreise dar. Sie beinhalten alle","og_url":"https:\/\/www.teamprofi.de\/tsv-ebersberg\/zahlungsweisen\/","og_site_name":"TSV Ebersberg","article_modified_time":"2024-03-15T09:27:34+00:00","twitter_card":"summary_large_image","twitter_misc":{"Gesch\u00e4tzte Lesezeit":"1\u00a0Minute"},"schema":{"@context":"https:\/\/schema.org","@graph":[{"@type":"WebPage","@id":"https:\/\/www.teamprofi.de\/tsv-ebersberg\/zahlungsweisen\/","url":"https:\/\/www.teamprofi.de\/tsv-ebersberg\/zahlungsweisen\/","name":"Zahlungsweisen - TSV Ebersberg","isPartOf":{"@id":"https:\/\/www.teamprofi.de\/tsv-ebersberg\/#website"},"datePublished":"2020-02-18T13:25:25+00:00","dateModified":"2024-03-15T09:27:34+00:00","breadcrumb":{"@id":"https:\/\/www.teamprofi.de\/tsv-ebersberg\/zahlungsweisen\/#breadcrumb"},"inLanguage":"de","potentialAction":[{"@type":"ReadAction","target":["https:\/\/www.teamprofi.de\/tsv-ebersberg\/zahlungsweisen\/"]}]},{"@type":"BreadcrumbList","@id":"https:\/\/www.teamprofi.de\/tsv-ebersberg\/zahlungsweisen\/#breadcrumb","itemListElement":[{"@type":"ListItem","position":1,"name":"Startseite","item":"https:\/\/www.teamprofi.de\/tsv-ebersberg\/"},{"@type":"ListItem","position":2,"name":"Zahlungsweisen"}]},{"@type":"WebSite","@id":"https:\/\/www.teamprofi.de\/tsv-ebersberg\/#website","url":"https:\/\/www.teamprofi.de\/tsv-ebersberg\/","name":"TSV Ebersberg","description":"Vereins-Shop - Sport G\u00fcrteler","potentialAction":[{"@type":"SearchAction","target":{"@type":"EntryPoint","urlTemplate":"https:\/\/www.teamprofi.de\/tsv-ebersberg\/?s={search_term_string}"},"query-input":{"@type":"PropertyValueSpecification","valueRequired":true,"valueName":"search_term_string"}}],"inLanguage":"de"}]}},"_links":{"self":[{"href":"https:\/\/www.teamprofi.de\/tsv-ebersberg\/wp-json\/wp\/v2\/pages\/29","targetHints":{"allow":["GET"]}}],"collection":[{"href":"https:\/\/www.teamprofi.de\/tsv-ebersberg\/wp-json\/wp\/v2\/pages"}],"about":[{"href":"https:\/\/www.teamprofi.de\/tsv-ebersberg\/wp-json\/wp\/v2\/types\/page"}],"author":[{"embeddable":true,"href":"https:\/\/www.teamprofi.de\/tsv-ebersberg\/wp-json\/wp\/v2\/users\/1"}],"replies":[{"embeddable":true,"href":"https:\/\/www.teamprofi.de\/tsv-ebersberg\/wp-json\/wp\/v2\/comments?post=29"}],"version-history":[{"count":2,"href":"https:\/\/www.teamprofi.de\/tsv-ebersberg\/wp-json\/wp\/v2\/pages\/29\/revisions"}],"predecessor-version":[{"id":3449,"href":"https:\/\/www.teamprofi.de\/tsv-ebersberg\/wp-json\/wp\/v2\/pages\/29\/revisions\/3449"}],"wp:attachment":[{"href":"https:\/\/www.teamprofi.de\/tsv-ebersberg\/wp-json\/wp\/v2\/media?parent=29"}],"curies":[{"name":"wp","href":"https:\/\/api.w.org\/{rel}","templated":true}]}}