{"id":249,"date":"2023-04-20T16:25:26","date_gmt":"2023-04-20T14:25:26","guid":{"rendered":"https:\/\/www.teamprofi.de\/tc-zorneding\/?post_type=product&#038;p=249"},"modified":"2023-05-05T17:16:35","modified_gmt":"2023-05-05T15:16:35","slug":"trainingshose","status":"publish","type":"product","link":"https:\/\/www.teamprofi.de\/tc-zorneding\/produkt\/trainingshose\/","title":{"rendered":"Trainingshose"},"content":{"rendered":"<p class=\"subtitle\">Produktdetails<\/p>\n<ul>\n<li>Vielseitig einsetzbar dank schlichtem Design und funktionellen Materialien. Erh\u00e4ltlich in drei verschiedenen L\u00e4ngen.<\/li>\n<li>Leichtes, elastisches Funktionsmaterial f\u00fcr optimale Temperaturregulierung<\/li>\n<li>Farbe \u201eSchwarz\u201c auch in Kurz- und Langgr\u00f6\u00dfe erh\u00e4ltlich<\/li>\n<li>Seitliche Stretch-Eins\u00e4tze f\u00fcr mehr Bewegungsfreiheit<\/li>\n<li>Breiter Bund mit Kordelzug<\/li>\n<li>Flexible B\u00fcndchen und Rei\u00dfverschluss am Beinabschluss<\/li>\n<li>Seitliche Rei\u00dfverschlusstaschen<\/li>\n<li>Ohne Innenfutte<\/li>\n<\/ul>\n<div class=\"col\">\n<p>Material: 100% recyceltes Polyester<\/p>\n<\/div>\n","protected":false},"excerpt":{"rendered":"<p>Produktdetails Vielseitig einsetzbar dank schlichtem Design und funktionellen Materialien. Erh\u00e4ltlich in drei verschiedenen L\u00e4ngen. Leichtes, elastisches Funktionsmaterial f\u00fcr optimale Temperaturregulierung Farbe \u201eSchwarz\u201c auch in Kurz- und Langgr\u00f6\u00dfe erh\u00e4ltlich Seitliche Stretch-Eins\u00e4tze<\/p>\n","protected":false},"featured_media":301,"template":"","meta":{"inline_featured_image":false},"product_brand":[],"product_cat":[15],"product_tag":[],"class_list":{"0":"post-249","1":"product","2":"type-product","3":"status-publish","4":"has-post-thumbnail","6":"product_cat-erima","8":"first","9":"instock","10":"taxable","11":"shipping-taxable","12":"purchasable","13":"product-type-variable"},"yoast_head":"<!-- This site is optimized with the Yoast SEO plugin v27.3 - https:\/\/yoast.com\/product\/yoast-seo-wordpress\/ -->\n<title>Trainingshose - TC Zorneding<\/title>\n<meta name=\"robots\" content=\"index, follow, max-snippet:-1, max-image-preview:large, max-video-preview:-1\" \/>\n<link rel=\"canonical\" href=\"https:\/\/www.teamprofi.de\/tc-zorneding\/produkt\/trainingshose\/\" \/>\n<meta property=\"og:locale\" content=\"de_DE\" \/>\n<meta property=\"og:type\" content=\"article\" \/>\n<meta property=\"og:title\" content=\"Trainingshose - TC Zorneding\" \/>\n<meta property=\"og:description\" content=\"Produktdetails Vielseitig einsetzbar dank schlichtem Design und funktionellen Materialien. Erh\u00e4ltlich in drei verschiedenen L\u00e4ngen. Leichtes, elastisches Funktionsmaterial f\u00fcr optimale Temperaturregulierung Farbe \u201eSchwarz\u201c auch in Kurz- und Langgr\u00f6\u00dfe erh\u00e4ltlich Seitliche Stretch-Eins\u00e4tze\" \/>\n<meta property=\"og:url\" content=\"https:\/\/www.teamprofi.de\/tc-zorneding\/produkt\/trainingshose\/\" \/>\n<meta property=\"og:site_name\" content=\"TC Zorneding\" \/>\n<meta property=\"article:modified_time\" content=\"2023-05-05T15:16:35+00:00\" \/>\n<meta property=\"og:image\" content=\"https:\/\/www.teamprofi.de\/tc-zorneding\/wp-content\/uploads\/sites\/34\/2023\/04\/1102305_V.jpg\" \/>\n\t<meta property=\"og:image:width\" content=\"462\" \/>\n\t<meta property=\"og:image:height\" content=\"600\" \/>\n\t<meta property=\"og:image:type\" content=\"image\/jpeg\" \/>\n<meta name=\"twitter:card\" content=\"summary_large_image\" \/>\n<script type=\"application\/ld+json\" class=\"yoast-schema-graph\">{\"@context\":\"https:\\\/\\\/schema.org\",\"@graph\":[{\"@type\":\"WebPage\",\"@id\":\"https:\\\/\\\/www.teamprofi.de\\\/tc-zorneding\\\/produkt\\\/trainingshose\\\/\",\"url\":\"https:\\\/\\\/www.teamprofi.de\\\/tc-zorneding\\\/produkt\\\/trainingshose\\\/\",\"name\":\"Trainingshose - TC Zorneding\",\"isPartOf\":{\"@id\":\"https:\\\/\\\/www.teamprofi.de\\\/tc-zorneding\\\/#website\"},\"primaryImageOfPage\":{\"@id\":\"https:\\\/\\\/www.teamprofi.de\\\/tc-zorneding\\\/produkt\\\/trainingshose\\\/#primaryimage\"},\"image\":{\"@id\":\"https:\\\/\\\/www.teamprofi.de\\\/tc-zorneding\\\/produkt\\\/trainingshose\\\/#primaryimage\"},\"thumbnailUrl\":\"https:\\\/\\\/www.teamprofi.de\\\/tc-zorneding\\\/wp-content\\\/uploads\\\/sites\\\/34\\\/2023\\\/04\\\/1102305_V.jpg\",\"datePublished\":\"2023-04-20T14:25:26+00:00\",\"dateModified\":\"2023-05-05T15:16:35+00:00\",\"breadcrumb\":{\"@id\":\"https:\\\/\\\/www.teamprofi.de\\\/tc-zorneding\\\/produkt\\\/trainingshose\\\/#breadcrumb\"},\"inLanguage\":\"de\",\"potentialAction\":[{\"@type\":\"ReadAction\",\"target\":[\"https:\\\/\\\/www.teamprofi.de\\\/tc-zorneding\\\/produkt\\\/trainingshose\\\/\"]}]},{\"@type\":\"ImageObject\",\"inLanguage\":\"de\",\"@id\":\"https:\\\/\\\/www.teamprofi.de\\\/tc-zorneding\\\/produkt\\\/trainingshose\\\/#primaryimage\",\"url\":\"https:\\\/\\\/www.teamprofi.de\\\/tc-zorneding\\\/wp-content\\\/uploads\\\/sites\\\/34\\\/2023\\\/04\\\/1102305_V.jpg\",\"contentUrl\":\"https:\\\/\\\/www.teamprofi.de\\\/tc-zorneding\\\/wp-content\\\/uploads\\\/sites\\\/34\\\/2023\\\/04\\\/1102305_V.jpg\",\"width\":462,\"height\":600},{\"@type\":\"BreadcrumbList\",\"@id\":\"https:\\\/\\\/www.teamprofi.de\\\/tc-zorneding\\\/produkt\\\/trainingshose\\\/#breadcrumb\",\"itemListElement\":[{\"@type\":\"ListItem\",\"position\":1,\"name\":\"Startseite\",\"item\":\"https:\\\/\\\/www.teamprofi.de\\\/tc-zorneding\\\/\"},{\"@type\":\"ListItem\",\"position\":2,\"name\":\"Shop\",\"item\":\"https:\\\/\\\/www.teamprofi.de\\\/tc-zorneding\\\/\"},{\"@type\":\"ListItem\",\"position\":3,\"name\":\"Trainingshose\"}]},{\"@type\":\"WebSite\",\"@id\":\"https:\\\/\\\/www.teamprofi.de\\\/tc-zorneding\\\/#website\",\"url\":\"https:\\\/\\\/www.teamprofi.de\\\/tc-zorneding\\\/\",\"name\":\"TC Zorneding\",\"description\":\"\",\"potentialAction\":[{\"@type\":\"SearchAction\",\"target\":{\"@type\":\"EntryPoint\",\"urlTemplate\":\"https:\\\/\\\/www.teamprofi.de\\\/tc-zorneding\\\/?s={search_term_string}\"},\"query-input\":{\"@type\":\"PropertyValueSpecification\",\"valueRequired\":true,\"valueName\":\"search_term_string\"}}],\"inLanguage\":\"de\"}]}<\/script>\n<!-- \/ Yoast SEO plugin. -->","yoast_head_json":{"title":"Trainingshose - TC Zorneding","robots":{"index":"index","follow":"follow","max-snippet":"max-snippet:-1","max-image-preview":"max-image-preview:large","max-video-preview":"max-video-preview:-1"},"canonical":"https:\/\/www.teamprofi.de\/tc-zorneding\/produkt\/trainingshose\/","og_locale":"de_DE","og_type":"article","og_title":"Trainingshose - TC Zorneding","og_description":"Produktdetails Vielseitig einsetzbar dank schlichtem Design und funktionellen Materialien. Erh\u00e4ltlich in drei verschiedenen L\u00e4ngen. Leichtes, elastisches Funktionsmaterial f\u00fcr optimale Temperaturregulierung Farbe \u201eSchwarz\u201c auch in Kurz- und Langgr\u00f6\u00dfe erh\u00e4ltlich Seitliche Stretch-Eins\u00e4tze","og_url":"https:\/\/www.teamprofi.de\/tc-zorneding\/produkt\/trainingshose\/","og_site_name":"TC Zorneding","article_modified_time":"2023-05-05T15:16:35+00:00","og_image":[{"width":462,"height":600,"url":"https:\/\/www.teamprofi.de\/tc-zorneding\/wp-content\/uploads\/sites\/34\/2023\/04\/1102305_V.jpg","type":"image\/jpeg"}],"twitter_card":"summary_large_image","schema":{"@context":"https:\/\/schema.org","@graph":[{"@type":"WebPage","@id":"https:\/\/www.teamprofi.de\/tc-zorneding\/produkt\/trainingshose\/","url":"https:\/\/www.teamprofi.de\/tc-zorneding\/produkt\/trainingshose\/","name":"Trainingshose - TC Zorneding","isPartOf":{"@id":"https:\/\/www.teamprofi.de\/tc-zorneding\/#website"},"primaryImageOfPage":{"@id":"https:\/\/www.teamprofi.de\/tc-zorneding\/produkt\/trainingshose\/#primaryimage"},"image":{"@id":"https:\/\/www.teamprofi.de\/tc-zorneding\/produkt\/trainingshose\/#primaryimage"},"thumbnailUrl":"https:\/\/www.teamprofi.de\/tc-zorneding\/wp-content\/uploads\/sites\/34\/2023\/04\/1102305_V.jpg","datePublished":"2023-04-20T14:25:26+00:00","dateModified":"2023-05-05T15:16:35+00:00","breadcrumb":{"@id":"https:\/\/www.teamprofi.de\/tc-zorneding\/produkt\/trainingshose\/#breadcrumb"},"inLanguage":"de","potentialAction":[{"@type":"ReadAction","target":["https:\/\/www.teamprofi.de\/tc-zorneding\/produkt\/trainingshose\/"]}]},{"@type":"ImageObject","inLanguage":"de","@id":"https:\/\/www.teamprofi.de\/tc-zorneding\/produkt\/trainingshose\/#primaryimage","url":"https:\/\/www.teamprofi.de\/tc-zorneding\/wp-content\/uploads\/sites\/34\/2023\/04\/1102305_V.jpg","contentUrl":"https:\/\/www.teamprofi.de\/tc-zorneding\/wp-content\/uploads\/sites\/34\/2023\/04\/1102305_V.jpg","width":462,"height":600},{"@type":"BreadcrumbList","@id":"https:\/\/www.teamprofi.de\/tc-zorneding\/produkt\/trainingshose\/#breadcrumb","itemListElement":[{"@type":"ListItem","position":1,"name":"Startseite","item":"https:\/\/www.teamprofi.de\/tc-zorneding\/"},{"@type":"ListItem","position":2,"name":"Shop","item":"https:\/\/www.teamprofi.de\/tc-zorneding\/"},{"@type":"ListItem","position":3,"name":"Trainingshose"}]},{"@type":"WebSite","@id":"https:\/\/www.teamprofi.de\/tc-zorneding\/#website","url":"https:\/\/www.teamprofi.de\/tc-zorneding\/","name":"TC Zorneding","description":"","potentialAction":[{"@type":"SearchAction","target":{"@type":"EntryPoint","urlTemplate":"https:\/\/www.teamprofi.de\/tc-zorneding\/?s={search_term_string}"},"query-input":{"@type":"PropertyValueSpecification","valueRequired":true,"valueName":"search_term_string"}}],"inLanguage":"de"}]}},"_links":{"self":[{"href":"https:\/\/www.teamprofi.de\/tc-zorneding\/wp-json\/wp\/v2\/product\/249","targetHints":{"allow":["GET"]}}],"collection":[{"href":"https:\/\/www.teamprofi.de\/tc-zorneding\/wp-json\/wp\/v2\/product"}],"about":[{"href":"https:\/\/www.teamprofi.de\/tc-zorneding\/wp-json\/wp\/v2\/types\/product"}],"wp:featuredmedia":[{"embeddable":true,"href":"https:\/\/www.teamprofi.de\/tc-zorneding\/wp-json\/wp\/v2\/media\/301"}],"wp:attachment":[{"href":"https:\/\/www.teamprofi.de\/tc-zorneding\/wp-json\/wp\/v2\/media?parent=249"}],"wp:term":[{"taxonomy":"product_brand","embeddable":true,"href":"https:\/\/www.teamprofi.de\/tc-zorneding\/wp-json\/wp\/v2\/product_brand?post=249"},{"taxonomy":"product_cat","embeddable":true,"href":"https:\/\/www.teamprofi.de\/tc-zorneding\/wp-json\/wp\/v2\/product_cat?post=249"},{"taxonomy":"product_tag","embeddable":true,"href":"https:\/\/www.teamprofi.de\/tc-zorneding\/wp-json\/wp\/v2\/product_tag?post=249"}],"curies":[{"name":"wp","href":"https:\/\/api.w.org\/{rel}","templated":true}]}}