{"id":205,"date":"2023-04-20T16:30:55","date_gmt":"2023-04-20T14:30:55","guid":{"rendered":"https:\/\/www.teamprofi.de\/tc-zorneding\/?post_type=product&#038;p=205"},"modified":"2023-05-05T17:11:22","modified_gmt":"2023-05-05T15:11:22","slug":"trainingsjacke-mit-kaputze","status":"publish","type":"product","link":"https:\/\/www.teamprofi.de\/tc-zorneding\/produkt\/trainingsjacke-mit-kaputze\/","title":{"rendered":"Trainingsjacke mit Kapuze"},"content":{"rendered":"<div class=\"col\">\n<p class=\"subtitle\">Produktdetails<\/p>\n<ul>\n<li>Die strapazierf\u00e4hige Trainingsjacke ist der perfekte Begleiter bei k\u00fchlerem Wetter.<\/li>\n<li>Strapazierf\u00e4higes Funktionsmaterial<\/li>\n<li>Rippb\u00fcndchen an \u00c4rmeln und Saum<\/li>\n<li>Seitlich verdeckte Rei\u00dfverschlusstaschen<\/li>\n<li>Hoher Kragen mit Kapuze<\/li>\n<li>Rei\u00dfverschluss mit Kinnschutz<\/li>\n<li>ERIMA Slogan am R\u00fcckenteil<\/li>\n<\/ul>\n<div class=\"col\">\n<p>Material: 100% recyceltes Polyester<\/p>\n<\/div>\n<\/div>\n","protected":false},"excerpt":{"rendered":"<p>Produktdetails Die strapazierf\u00e4hige Trainingsjacke ist der perfekte Begleiter bei k\u00fchlerem Wetter. Strapazierf\u00e4higes Funktionsmaterial Rippb\u00fcndchen an \u00c4rmeln und Saum Seitlich verdeckte Rei\u00dfverschlusstaschen Hoher Kragen mit Kapuze Rei\u00dfverschluss mit Kinnschutz ERIMA Slogan<\/p>\n","protected":false},"featured_media":367,"template":"","meta":{"inline_featured_image":false},"product_brand":[],"product_cat":[15],"product_tag":[],"class_list":{"0":"post-205","1":"product","2":"type-product","3":"status-publish","4":"has-post-thumbnail","6":"product_cat-erima","8":"first","9":"instock","10":"taxable","11":"shipping-taxable","12":"purchasable","13":"product-type-variable"},"yoast_head":"<!-- This site is optimized with the Yoast SEO plugin v27.3 - https:\/\/yoast.com\/product\/yoast-seo-wordpress\/ -->\n<title>Trainingsjacke mit Kapuze - TC Zorneding<\/title>\n<meta name=\"robots\" content=\"index, follow, max-snippet:-1, max-image-preview:large, max-video-preview:-1\" \/>\n<link rel=\"canonical\" href=\"https:\/\/www.teamprofi.de\/tc-zorneding\/produkt\/trainingsjacke-mit-kaputze\/\" \/>\n<meta property=\"og:locale\" content=\"de_DE\" \/>\n<meta property=\"og:type\" content=\"article\" \/>\n<meta property=\"og:title\" content=\"Trainingsjacke mit Kapuze - TC Zorneding\" \/>\n<meta property=\"og:description\" content=\"Produktdetails Die strapazierf\u00e4hige Trainingsjacke ist der perfekte Begleiter bei k\u00fchlerem Wetter. Strapazierf\u00e4higes Funktionsmaterial Rippb\u00fcndchen an \u00c4rmeln und Saum Seitlich verdeckte Rei\u00dfverschlusstaschen Hoher Kragen mit Kapuze Rei\u00dfverschluss mit Kinnschutz ERIMA Slogan\" \/>\n<meta property=\"og:url\" content=\"https:\/\/www.teamprofi.de\/tc-zorneding\/produkt\/trainingsjacke-mit-kaputze\/\" \/>\n<meta property=\"og:site_name\" content=\"TC Zorneding\" \/>\n<meta property=\"article:modified_time\" content=\"2023-05-05T15:11:22+00:00\" \/>\n<meta property=\"og:image\" content=\"https:\/\/www.teamprofi.de\/tc-zorneding\/wp-content\/uploads\/sites\/34\/2023\/04\/TCZ-Trainingsjacke-Kapuze-H.jpg\" \/>\n\t<meta property=\"og:image:width\" content=\"2953\" \/>\n\t<meta property=\"og:image:height\" content=\"3835\" \/>\n\t<meta property=\"og:image:type\" content=\"image\/jpeg\" \/>\n<meta name=\"twitter:card\" content=\"summary_large_image\" \/>\n<script type=\"application\/ld+json\" class=\"yoast-schema-graph\">{\"@context\":\"https:\\\/\\\/schema.org\",\"@graph\":[{\"@type\":\"WebPage\",\"@id\":\"https:\\\/\\\/www.teamprofi.de\\\/tc-zorneding\\\/produkt\\\/trainingsjacke-mit-kaputze\\\/\",\"url\":\"https:\\\/\\\/www.teamprofi.de\\\/tc-zorneding\\\/produkt\\\/trainingsjacke-mit-kaputze\\\/\",\"name\":\"Trainingsjacke mit Kapuze - TC Zorneding\",\"isPartOf\":{\"@id\":\"https:\\\/\\\/www.teamprofi.de\\\/tc-zorneding\\\/#website\"},\"primaryImageOfPage\":{\"@id\":\"https:\\\/\\\/www.teamprofi.de\\\/tc-zorneding\\\/produkt\\\/trainingsjacke-mit-kaputze\\\/#primaryimage\"},\"image\":{\"@id\":\"https:\\\/\\\/www.teamprofi.de\\\/tc-zorneding\\\/produkt\\\/trainingsjacke-mit-kaputze\\\/#primaryimage\"},\"thumbnailUrl\":\"https:\\\/\\\/www.teamprofi.de\\\/tc-zorneding\\\/wp-content\\\/uploads\\\/sites\\\/34\\\/2023\\\/04\\\/TCZ-Trainingsjacke-Kapuze-H.jpg\",\"datePublished\":\"2023-04-20T14:30:55+00:00\",\"dateModified\":\"2023-05-05T15:11:22+00:00\",\"breadcrumb\":{\"@id\":\"https:\\\/\\\/www.teamprofi.de\\\/tc-zorneding\\\/produkt\\\/trainingsjacke-mit-kaputze\\\/#breadcrumb\"},\"inLanguage\":\"de\",\"potentialAction\":[{\"@type\":\"ReadAction\",\"target\":[\"https:\\\/\\\/www.teamprofi.de\\\/tc-zorneding\\\/produkt\\\/trainingsjacke-mit-kaputze\\\/\"]}]},{\"@type\":\"ImageObject\",\"inLanguage\":\"de\",\"@id\":\"https:\\\/\\\/www.teamprofi.de\\\/tc-zorneding\\\/produkt\\\/trainingsjacke-mit-kaputze\\\/#primaryimage\",\"url\":\"https:\\\/\\\/www.teamprofi.de\\\/tc-zorneding\\\/wp-content\\\/uploads\\\/sites\\\/34\\\/2023\\\/04\\\/TCZ-Trainingsjacke-Kapuze-H.jpg\",\"contentUrl\":\"https:\\\/\\\/www.teamprofi.de\\\/tc-zorneding\\\/wp-content\\\/uploads\\\/sites\\\/34\\\/2023\\\/04\\\/TCZ-Trainingsjacke-Kapuze-H.jpg\",\"width\":2953,\"height\":3835},{\"@type\":\"BreadcrumbList\",\"@id\":\"https:\\\/\\\/www.teamprofi.de\\\/tc-zorneding\\\/produkt\\\/trainingsjacke-mit-kaputze\\\/#breadcrumb\",\"itemListElement\":[{\"@type\":\"ListItem\",\"position\":1,\"name\":\"Startseite\",\"item\":\"https:\\\/\\\/www.teamprofi.de\\\/tc-zorneding\\\/\"},{\"@type\":\"ListItem\",\"position\":2,\"name\":\"Shop\",\"item\":\"https:\\\/\\\/www.teamprofi.de\\\/tc-zorneding\\\/\"},{\"@type\":\"ListItem\",\"position\":3,\"name\":\"Trainingsjacke mit Kapuze\"}]},{\"@type\":\"WebSite\",\"@id\":\"https:\\\/\\\/www.teamprofi.de\\\/tc-zorneding\\\/#website\",\"url\":\"https:\\\/\\\/www.teamprofi.de\\\/tc-zorneding\\\/\",\"name\":\"TC Zorneding\",\"description\":\"\",\"potentialAction\":[{\"@type\":\"SearchAction\",\"target\":{\"@type\":\"EntryPoint\",\"urlTemplate\":\"https:\\\/\\\/www.teamprofi.de\\\/tc-zorneding\\\/?s={search_term_string}\"},\"query-input\":{\"@type\":\"PropertyValueSpecification\",\"valueRequired\":true,\"valueName\":\"search_term_string\"}}],\"inLanguage\":\"de\"}]}<\/script>\n<!-- \/ Yoast SEO plugin. -->","yoast_head_json":{"title":"Trainingsjacke mit Kapuze - TC Zorneding","robots":{"index":"index","follow":"follow","max-snippet":"max-snippet:-1","max-image-preview":"max-image-preview:large","max-video-preview":"max-video-preview:-1"},"canonical":"https:\/\/www.teamprofi.de\/tc-zorneding\/produkt\/trainingsjacke-mit-kaputze\/","og_locale":"de_DE","og_type":"article","og_title":"Trainingsjacke mit Kapuze - TC Zorneding","og_description":"Produktdetails Die strapazierf\u00e4hige Trainingsjacke ist der perfekte Begleiter bei k\u00fchlerem Wetter. Strapazierf\u00e4higes Funktionsmaterial Rippb\u00fcndchen an \u00c4rmeln und Saum Seitlich verdeckte Rei\u00dfverschlusstaschen Hoher Kragen mit Kapuze Rei\u00dfverschluss mit Kinnschutz ERIMA Slogan","og_url":"https:\/\/www.teamprofi.de\/tc-zorneding\/produkt\/trainingsjacke-mit-kaputze\/","og_site_name":"TC Zorneding","article_modified_time":"2023-05-05T15:11:22+00:00","og_image":[{"width":2953,"height":3835,"url":"https:\/\/www.teamprofi.de\/tc-zorneding\/wp-content\/uploads\/sites\/34\/2023\/04\/TCZ-Trainingsjacke-Kapuze-H.jpg","type":"image\/jpeg"}],"twitter_card":"summary_large_image","schema":{"@context":"https:\/\/schema.org","@graph":[{"@type":"WebPage","@id":"https:\/\/www.teamprofi.de\/tc-zorneding\/produkt\/trainingsjacke-mit-kaputze\/","url":"https:\/\/www.teamprofi.de\/tc-zorneding\/produkt\/trainingsjacke-mit-kaputze\/","name":"Trainingsjacke mit Kapuze - TC Zorneding","isPartOf":{"@id":"https:\/\/www.teamprofi.de\/tc-zorneding\/#website"},"primaryImageOfPage":{"@id":"https:\/\/www.teamprofi.de\/tc-zorneding\/produkt\/trainingsjacke-mit-kaputze\/#primaryimage"},"image":{"@id":"https:\/\/www.teamprofi.de\/tc-zorneding\/produkt\/trainingsjacke-mit-kaputze\/#primaryimage"},"thumbnailUrl":"https:\/\/www.teamprofi.de\/tc-zorneding\/wp-content\/uploads\/sites\/34\/2023\/04\/TCZ-Trainingsjacke-Kapuze-H.jpg","datePublished":"2023-04-20T14:30:55+00:00","dateModified":"2023-05-05T15:11:22+00:00","breadcrumb":{"@id":"https:\/\/www.teamprofi.de\/tc-zorneding\/produkt\/trainingsjacke-mit-kaputze\/#breadcrumb"},"inLanguage":"de","potentialAction":[{"@type":"ReadAction","target":["https:\/\/www.teamprofi.de\/tc-zorneding\/produkt\/trainingsjacke-mit-kaputze\/"]}]},{"@type":"ImageObject","inLanguage":"de","@id":"https:\/\/www.teamprofi.de\/tc-zorneding\/produkt\/trainingsjacke-mit-kaputze\/#primaryimage","url":"https:\/\/www.teamprofi.de\/tc-zorneding\/wp-content\/uploads\/sites\/34\/2023\/04\/TCZ-Trainingsjacke-Kapuze-H.jpg","contentUrl":"https:\/\/www.teamprofi.de\/tc-zorneding\/wp-content\/uploads\/sites\/34\/2023\/04\/TCZ-Trainingsjacke-Kapuze-H.jpg","width":2953,"height":3835},{"@type":"BreadcrumbList","@id":"https:\/\/www.teamprofi.de\/tc-zorneding\/produkt\/trainingsjacke-mit-kaputze\/#breadcrumb","itemListElement":[{"@type":"ListItem","position":1,"name":"Startseite","item":"https:\/\/www.teamprofi.de\/tc-zorneding\/"},{"@type":"ListItem","position":2,"name":"Shop","item":"https:\/\/www.teamprofi.de\/tc-zorneding\/"},{"@type":"ListItem","position":3,"name":"Trainingsjacke mit Kapuze"}]},{"@type":"WebSite","@id":"https:\/\/www.teamprofi.de\/tc-zorneding\/#website","url":"https:\/\/www.teamprofi.de\/tc-zorneding\/","name":"TC Zorneding","description":"","potentialAction":[{"@type":"SearchAction","target":{"@type":"EntryPoint","urlTemplate":"https:\/\/www.teamprofi.de\/tc-zorneding\/?s={search_term_string}"},"query-input":{"@type":"PropertyValueSpecification","valueRequired":true,"valueName":"search_term_string"}}],"inLanguage":"de"}]}},"_links":{"self":[{"href":"https:\/\/www.teamprofi.de\/tc-zorneding\/wp-json\/wp\/v2\/product\/205","targetHints":{"allow":["GET"]}}],"collection":[{"href":"https:\/\/www.teamprofi.de\/tc-zorneding\/wp-json\/wp\/v2\/product"}],"about":[{"href":"https:\/\/www.teamprofi.de\/tc-zorneding\/wp-json\/wp\/v2\/types\/product"}],"wp:featuredmedia":[{"embeddable":true,"href":"https:\/\/www.teamprofi.de\/tc-zorneding\/wp-json\/wp\/v2\/media\/367"}],"wp:attachment":[{"href":"https:\/\/www.teamprofi.de\/tc-zorneding\/wp-json\/wp\/v2\/media?parent=205"}],"wp:term":[{"taxonomy":"product_brand","embeddable":true,"href":"https:\/\/www.teamprofi.de\/tc-zorneding\/wp-json\/wp\/v2\/product_brand?post=205"},{"taxonomy":"product_cat","embeddable":true,"href":"https:\/\/www.teamprofi.de\/tc-zorneding\/wp-json\/wp\/v2\/product_cat?post=205"},{"taxonomy":"product_tag","embeddable":true,"href":"https:\/\/www.teamprofi.de\/tc-zorneding\/wp-json\/wp\/v2\/product_tag?post=205"}],"curies":[{"name":"wp","href":"https:\/\/api.w.org\/{rel}","templated":true}]}}