{"id":868,"date":"2021-01-23T11:00:56","date_gmt":"2021-01-23T10:00:56","guid":{"rendered":"https:\/\/www.teamprofi.de\/sv-hohenlinden\/?post_type=product&#038;p=868"},"modified":"2022-11-17T12:53:57","modified_gmt":"2022-11-17T11:53:57","slug":"softshelljacke","status":"publish","type":"product","link":"https:\/\/www.teamprofi.de\/sv-hohenlinden\/produkt\/softshelljacke\/","title":{"rendered":"Softshelljacke"},"content":{"rendered":"<h2 class=\"content--title\">Stylische Softshelljacke f\u00fcr k\u00fchlere Tage<\/h2>\n<div class=\"product--description\">Die SOFTSHELLJACKE bietet dir bei jeder Bewegung funktionellen Schutz. Daf\u00fcr sorgen die das funktionelle Material, das weiche Fleece innen und der hohe Kragen samt Kapuze. Auch der Rei\u00dfverschluss h\u00e4lt Wasser ab und zwickt statt Kinnschutz nicht. F\u00fcr volle Funktion ist die Jacke atmungsaktiv und hat L\u00fcftungs\u00f6ffnungen unter dem Arm. Besonderer Clou: die versteckten Daumenl\u00f6cher am \u00c4rmel f\u00fcr extra Tragekomfort. Verschlie\u00dfbare Taschen runden das Ganze ab.<\/div>\n<div class=\"product--properties panel\">\n<div class=\"description-block description-block-features\">\n<h3 class=\"description-block__title\">Features auf einen Blick<\/h3>\n<ul class=\"description-block__content\">\n<li class=\"list-item\"><span class=\"list-item__value\">Unser Model ist 1,87 m und tr\u00e4gt Gr\u00f6\u00dfe M<\/span><\/li>\n<li class=\"list-item\"><span class=\"list-item__value\">Sehr weiches Funktionsmaterial<\/span><\/li>\n<li class=\"list-item\"><span class=\"list-item__value\">3.000 g\/m\u00b2\/24h Atmungsaktivit\u00e4t<\/span><\/li>\n<li class=\"list-item\"><span class=\"list-item__value\">Weiche Fleece-Innenseite<\/span><\/li>\n<li class=\"list-item\"><span class=\"list-item__value\">Hoher Kragen mit Kapuze und Kordelzug<\/span><\/li>\n<li class=\"list-item\"><span class=\"list-item__value\">Seitliche Rei\u00dfverschlusstaschen<\/span><\/li>\n<li class=\"list-item\"><span class=\"list-item__value\">Unterlegter, wasserdichter Rei\u00dfverschluss mit Kinnschutz<\/span><\/li>\n<li class=\"list-item\"><span class=\"list-item__value\">Rei\u00dfverschlusstasche am linken Oberarm<\/span><\/li>\n<\/ul>\n<\/div>\n<div class=\"description-block description-block-material\">\n<h3 class=\"description-block__title\">Material<\/h3>\n<ul class=\"description-block__content\">\n<li class=\"list-item\"><span class=\"list-item__value\"> 100% Polyeste<\/span>r<\/li>\n<\/ul>\n<\/div>\n<\/div>\n","protected":false},"excerpt":{"rendered":"<p>Stylische Softshelljacke f\u00fcr k\u00fchlere Tage Die SOFTSHELLJACKE bietet dir bei jeder Bewegung funktionellen Schutz. Daf\u00fcr sorgen die das funktionelle Material, das weiche Fleece innen und der hohe Kragen samt Kapuze.<\/p>\n","protected":false},"featured_media":647,"template":"","meta":{"inline_featured_image":false},"product_brand":[],"product_cat":[139],"product_tag":[],"class_list":{"0":"post-868","1":"product","2":"type-product","3":"status-publish","4":"has-post-thumbnail","6":"product_cat-freizeitsport","8":"first","9":"instock","10":"taxable","11":"shipping-taxable","12":"purchasable","13":"product-type-variable"},"yoast_head":"<!-- This site is optimized with the Yoast SEO plugin v27.3 - https:\/\/yoast.com\/product\/yoast-seo-wordpress\/ -->\n<title>Softshelljacke - SV Hohenlinden<\/title>\n<meta name=\"robots\" content=\"index, follow, max-snippet:-1, max-image-preview:large, max-video-preview:-1\" \/>\n<link rel=\"canonical\" href=\"https:\/\/www.teamprofi.de\/sv-hohenlinden\/produkt\/softshelljacke\/\" \/>\n<meta property=\"og:locale\" content=\"de_DE\" \/>\n<meta property=\"og:type\" content=\"article\" \/>\n<meta property=\"og:title\" content=\"Softshelljacke - SV Hohenlinden\" \/>\n<meta property=\"og:description\" content=\"Stylische Softshelljacke f\u00fcr k\u00fchlere Tage Die SOFTSHELLJACKE bietet dir bei jeder Bewegung funktionellen Schutz. Daf\u00fcr sorgen die das funktionelle Material, das weiche Fleece innen und der hohe Kragen samt Kapuze.\" \/>\n<meta property=\"og:url\" content=\"https:\/\/www.teamprofi.de\/sv-hohenlinden\/produkt\/softshelljacke\/\" \/>\n<meta property=\"og:site_name\" content=\"SV Hohenlinden\" \/>\n<meta property=\"article:modified_time\" content=\"2022-11-17T11:53:57+00:00\" \/>\n<meta property=\"og:image\" content=\"https:\/\/www.teamprofi.de\/sv-hohenlinden\/wp-content\/uploads\/sites\/20\/2021\/01\/2062007_V.jpg\" \/>\n\t<meta property=\"og:image:width\" content=\"923\" \/>\n\t<meta property=\"og:image:height\" content=\"1200\" \/>\n\t<meta property=\"og:image:type\" content=\"image\/jpeg\" \/>\n<meta name=\"twitter:card\" content=\"summary_large_image\" \/>\n<meta name=\"twitter:label1\" content=\"Gesch\u00e4tzte Lesezeit\" \/>\n\t<meta name=\"twitter:data1\" content=\"1\u00a0Minute\" \/>\n<script type=\"application\/ld+json\" class=\"yoast-schema-graph\">{\"@context\":\"https:\\\/\\\/schema.org\",\"@graph\":[{\"@type\":\"WebPage\",\"@id\":\"https:\\\/\\\/www.teamprofi.de\\\/sv-hohenlinden\\\/produkt\\\/softshelljacke\\\/\",\"url\":\"https:\\\/\\\/www.teamprofi.de\\\/sv-hohenlinden\\\/produkt\\\/softshelljacke\\\/\",\"name\":\"Softshelljacke - SV Hohenlinden\",\"isPartOf\":{\"@id\":\"https:\\\/\\\/www.teamprofi.de\\\/sv-hohenlinden\\\/#website\"},\"primaryImageOfPage\":{\"@id\":\"https:\\\/\\\/www.teamprofi.de\\\/sv-hohenlinden\\\/produkt\\\/softshelljacke\\\/#primaryimage\"},\"image\":{\"@id\":\"https:\\\/\\\/www.teamprofi.de\\\/sv-hohenlinden\\\/produkt\\\/softshelljacke\\\/#primaryimage\"},\"thumbnailUrl\":\"https:\\\/\\\/www.teamprofi.de\\\/sv-hohenlinden\\\/wp-content\\\/uploads\\\/sites\\\/20\\\/2021\\\/01\\\/2062007_V.jpg\",\"datePublished\":\"2021-01-23T10:00:56+00:00\",\"dateModified\":\"2022-11-17T11:53:57+00:00\",\"breadcrumb\":{\"@id\":\"https:\\\/\\\/www.teamprofi.de\\\/sv-hohenlinden\\\/produkt\\\/softshelljacke\\\/#breadcrumb\"},\"inLanguage\":\"de\",\"potentialAction\":[{\"@type\":\"ReadAction\",\"target\":[\"https:\\\/\\\/www.teamprofi.de\\\/sv-hohenlinden\\\/produkt\\\/softshelljacke\\\/\"]}]},{\"@type\":\"ImageObject\",\"inLanguage\":\"de\",\"@id\":\"https:\\\/\\\/www.teamprofi.de\\\/sv-hohenlinden\\\/produkt\\\/softshelljacke\\\/#primaryimage\",\"url\":\"https:\\\/\\\/www.teamprofi.de\\\/sv-hohenlinden\\\/wp-content\\\/uploads\\\/sites\\\/20\\\/2021\\\/01\\\/2062007_V.jpg\",\"contentUrl\":\"https:\\\/\\\/www.teamprofi.de\\\/sv-hohenlinden\\\/wp-content\\\/uploads\\\/sites\\\/20\\\/2021\\\/01\\\/2062007_V.jpg\",\"width\":923,\"height\":1200,\"caption\":\"HyperFocal: 0\"},{\"@type\":\"BreadcrumbList\",\"@id\":\"https:\\\/\\\/www.teamprofi.de\\\/sv-hohenlinden\\\/produkt\\\/softshelljacke\\\/#breadcrumb\",\"itemListElement\":[{\"@type\":\"ListItem\",\"position\":1,\"name\":\"Startseite\",\"item\":\"https:\\\/\\\/www.teamprofi.de\\\/sv-hohenlinden\\\/\"},{\"@type\":\"ListItem\",\"position\":2,\"name\":\"Shop\",\"item\":\"https:\\\/\\\/www.teamprofi.de\\\/sv-hohenlinden\\\/shop\\\/\"},{\"@type\":\"ListItem\",\"position\":3,\"name\":\"Softshelljacke\"}]},{\"@type\":\"WebSite\",\"@id\":\"https:\\\/\\\/www.teamprofi.de\\\/sv-hohenlinden\\\/#website\",\"url\":\"https:\\\/\\\/www.teamprofi.de\\\/sv-hohenlinden\\\/\",\"name\":\"SV Hohenlinden\",\"description\":\"Vereins-Shop Sport G\u00fcrteler\",\"potentialAction\":[{\"@type\":\"SearchAction\",\"target\":{\"@type\":\"EntryPoint\",\"urlTemplate\":\"https:\\\/\\\/www.teamprofi.de\\\/sv-hohenlinden\\\/?s={search_term_string}\"},\"query-input\":{\"@type\":\"PropertyValueSpecification\",\"valueRequired\":true,\"valueName\":\"search_term_string\"}}],\"inLanguage\":\"de\"}]}<\/script>\n<!-- \/ Yoast SEO plugin. -->","yoast_head_json":{"title":"Softshelljacke - SV Hohenlinden","robots":{"index":"index","follow":"follow","max-snippet":"max-snippet:-1","max-image-preview":"max-image-preview:large","max-video-preview":"max-video-preview:-1"},"canonical":"https:\/\/www.teamprofi.de\/sv-hohenlinden\/produkt\/softshelljacke\/","og_locale":"de_DE","og_type":"article","og_title":"Softshelljacke - SV Hohenlinden","og_description":"Stylische Softshelljacke f\u00fcr k\u00fchlere Tage Die SOFTSHELLJACKE bietet dir bei jeder Bewegung funktionellen Schutz. Daf\u00fcr sorgen die das funktionelle Material, das weiche Fleece innen und der hohe Kragen samt Kapuze.","og_url":"https:\/\/www.teamprofi.de\/sv-hohenlinden\/produkt\/softshelljacke\/","og_site_name":"SV Hohenlinden","article_modified_time":"2022-11-17T11:53:57+00:00","og_image":[{"width":923,"height":1200,"url":"https:\/\/www.teamprofi.de\/sv-hohenlinden\/wp-content\/uploads\/sites\/20\/2021\/01\/2062007_V.jpg","type":"image\/jpeg"}],"twitter_card":"summary_large_image","twitter_misc":{"Gesch\u00e4tzte Lesezeit":"1\u00a0Minute"},"schema":{"@context":"https:\/\/schema.org","@graph":[{"@type":"WebPage","@id":"https:\/\/www.teamprofi.de\/sv-hohenlinden\/produkt\/softshelljacke\/","url":"https:\/\/www.teamprofi.de\/sv-hohenlinden\/produkt\/softshelljacke\/","name":"Softshelljacke - SV Hohenlinden","isPartOf":{"@id":"https:\/\/www.teamprofi.de\/sv-hohenlinden\/#website"},"primaryImageOfPage":{"@id":"https:\/\/www.teamprofi.de\/sv-hohenlinden\/produkt\/softshelljacke\/#primaryimage"},"image":{"@id":"https:\/\/www.teamprofi.de\/sv-hohenlinden\/produkt\/softshelljacke\/#primaryimage"},"thumbnailUrl":"https:\/\/www.teamprofi.de\/sv-hohenlinden\/wp-content\/uploads\/sites\/20\/2021\/01\/2062007_V.jpg","datePublished":"2021-01-23T10:00:56+00:00","dateModified":"2022-11-17T11:53:57+00:00","breadcrumb":{"@id":"https:\/\/www.teamprofi.de\/sv-hohenlinden\/produkt\/softshelljacke\/#breadcrumb"},"inLanguage":"de","potentialAction":[{"@type":"ReadAction","target":["https:\/\/www.teamprofi.de\/sv-hohenlinden\/produkt\/softshelljacke\/"]}]},{"@type":"ImageObject","inLanguage":"de","@id":"https:\/\/www.teamprofi.de\/sv-hohenlinden\/produkt\/softshelljacke\/#primaryimage","url":"https:\/\/www.teamprofi.de\/sv-hohenlinden\/wp-content\/uploads\/sites\/20\/2021\/01\/2062007_V.jpg","contentUrl":"https:\/\/www.teamprofi.de\/sv-hohenlinden\/wp-content\/uploads\/sites\/20\/2021\/01\/2062007_V.jpg","width":923,"height":1200,"caption":"HyperFocal: 0"},{"@type":"BreadcrumbList","@id":"https:\/\/www.teamprofi.de\/sv-hohenlinden\/produkt\/softshelljacke\/#breadcrumb","itemListElement":[{"@type":"ListItem","position":1,"name":"Startseite","item":"https:\/\/www.teamprofi.de\/sv-hohenlinden\/"},{"@type":"ListItem","position":2,"name":"Shop","item":"https:\/\/www.teamprofi.de\/sv-hohenlinden\/shop\/"},{"@type":"ListItem","position":3,"name":"Softshelljacke"}]},{"@type":"WebSite","@id":"https:\/\/www.teamprofi.de\/sv-hohenlinden\/#website","url":"https:\/\/www.teamprofi.de\/sv-hohenlinden\/","name":"SV Hohenlinden","description":"Vereins-Shop Sport G\u00fcrteler","potentialAction":[{"@type":"SearchAction","target":{"@type":"EntryPoint","urlTemplate":"https:\/\/www.teamprofi.de\/sv-hohenlinden\/?s={search_term_string}"},"query-input":{"@type":"PropertyValueSpecification","valueRequired":true,"valueName":"search_term_string"}}],"inLanguage":"de"}]}},"_links":{"self":[{"href":"https:\/\/www.teamprofi.de\/sv-hohenlinden\/wp-json\/wp\/v2\/product\/868","targetHints":{"allow":["GET"]}}],"collection":[{"href":"https:\/\/www.teamprofi.de\/sv-hohenlinden\/wp-json\/wp\/v2\/product"}],"about":[{"href":"https:\/\/www.teamprofi.de\/sv-hohenlinden\/wp-json\/wp\/v2\/types\/product"}],"wp:featuredmedia":[{"embeddable":true,"href":"https:\/\/www.teamprofi.de\/sv-hohenlinden\/wp-json\/wp\/v2\/media\/647"}],"wp:attachment":[{"href":"https:\/\/www.teamprofi.de\/sv-hohenlinden\/wp-json\/wp\/v2\/media?parent=868"}],"wp:term":[{"taxonomy":"product_brand","embeddable":true,"href":"https:\/\/www.teamprofi.de\/sv-hohenlinden\/wp-json\/wp\/v2\/product_brand?post=868"},{"taxonomy":"product_cat","embeddable":true,"href":"https:\/\/www.teamprofi.de\/sv-hohenlinden\/wp-json\/wp\/v2\/product_cat?post=868"},{"taxonomy":"product_tag","embeddable":true,"href":"https:\/\/www.teamprofi.de\/sv-hohenlinden\/wp-json\/wp\/v2\/product_tag?post=868"}],"curies":[{"name":"wp","href":"https:\/\/api.w.org\/{rel}","templated":true}]}}