{"id":839,"date":"2021-01-11T16:43:08","date_gmt":"2021-01-11T15:43:08","guid":{"rendered":"https:\/\/www.teamprofi.de\/sv-hohenlinden\/?post_type=product&#038;p=839"},"modified":"2021-01-11T16:43:09","modified_gmt":"2021-01-11T15:43:09","slug":"essential-sweatshorts-damen","status":"publish","type":"product","link":"https:\/\/www.teamprofi.de\/sv-hohenlinden\/produkt\/essential-sweatshorts-damen\/","title":{"rendered":"Essential Sweatshorts Damen"},"content":{"rendered":"<h2 class=\"content--title\">Gem\u00fctliche Sweatshorts mit sportivem Design<\/h2>\n<div class=\"product--description\">Ob beim Sport oder in der Freizeit \u2013 die ESSENTIAL SWEATSHORTS f\u00fcr Damen sorgen \u00fcberall f\u00fcr einen coolen Look! Sie sind legere geschnitten und kommen mit elastischem Bund und kontrastfarbigem Kordelzug. Der wunderbar weiche, dehnbare Materialmix sorgt au\u00dferdem daf\u00fcr, dass auch der Tragekomfort nicht zu kurz kommt.<\/div>\n<div class=\"product--properties panel\">\n<div class=\"description-block description-block-features\">\n<h3 class=\"description-block__title\">Features auf einen Blick<\/h3>\n<ul class=\"description-block__content\">\n<li class=\"list-item\"><span class=\"list-item__value\">Angenehmer Baumwollmix<\/span><\/li>\n<li class=\"list-item\"><span class=\"list-item__value\">Dehnbar f\u00fcr Bewegungsfreiheit<\/span><\/li>\n<li class=\"list-item\"><span class=\"list-item__value\">Bund mit kontrastfarbiger Kordel<\/span><\/li>\n<li class=\"list-item\"><span class=\"list-item__value\">Logoprint in 3D-Optik<\/span><\/li>\n<li class=\"list-item\"><span class=\"list-item__value\">Praktische Eingrifftasche<\/span><\/li>\n<\/ul>\n<\/div>\n<div class=\"description-block description-block-material\">\n<h3 class=\"description-block__title\">Material<\/h3>\n<ul class=\"description-block__content\">\n<li class=\"list-item\"><span class=\"list-item__value\"> 60% Baumwolle, 40% Polyest<\/span><\/li>\n<\/ul>\n<\/div>\n<\/div>\n","protected":false},"excerpt":{"rendered":"<p>Gem\u00fctliche Sweatshorts mit sportivem Design Ob beim Sport oder in der Freizeit \u2013 die ESSENTIAL SWEATSHORTS f\u00fcr Damen sorgen \u00fcberall f\u00fcr einen coolen Look! Sie sind legere geschnitten und kommen<\/p>\n","protected":false},"featured_media":670,"template":"","meta":{"inline_featured_image":false},"product_brand":[],"product_cat":[139],"product_tag":[],"class_list":{"0":"post-839","1":"product","2":"type-product","3":"status-publish","4":"has-post-thumbnail","6":"product_cat-freizeitsport","8":"first","9":"instock","10":"taxable","11":"shipping-taxable","12":"purchasable","13":"product-type-variable"},"yoast_head":"<!-- This site is optimized with the Yoast SEO plugin v27.3 - https:\/\/yoast.com\/product\/yoast-seo-wordpress\/ -->\n<title>Essential Sweatshorts Damen - SV Hohenlinden<\/title>\n<meta name=\"robots\" content=\"index, follow, max-snippet:-1, max-image-preview:large, max-video-preview:-1\" \/>\n<link rel=\"canonical\" href=\"https:\/\/www.teamprofi.de\/sv-hohenlinden\/produkt\/essential-sweatshorts-damen\/\" \/>\n<meta property=\"og:locale\" content=\"de_DE\" \/>\n<meta property=\"og:type\" content=\"article\" \/>\n<meta property=\"og:title\" content=\"Essential Sweatshorts Damen - SV Hohenlinden\" \/>\n<meta property=\"og:description\" content=\"Gem\u00fctliche Sweatshorts mit sportivem Design Ob beim Sport oder in der Freizeit \u2013 die ESSENTIAL SWEATSHORTS f\u00fcr Damen sorgen \u00fcberall f\u00fcr einen coolen Look! Sie sind legere geschnitten und kommen\" \/>\n<meta property=\"og:url\" content=\"https:\/\/www.teamprofi.de\/sv-hohenlinden\/produkt\/essential-sweatshorts-damen\/\" \/>\n<meta property=\"og:site_name\" content=\"SV Hohenlinden\" \/>\n<meta property=\"article:modified_time\" content=\"2021-01-11T15:43:09+00:00\" \/>\n<meta property=\"og:image\" content=\"https:\/\/www.teamprofi.de\/sv-hohenlinden\/wp-content\/uploads\/sites\/20\/2021\/01\/2321801_V.jpg\" \/>\n\t<meta property=\"og:image:width\" content=\"923\" \/>\n\t<meta property=\"og:image:height\" content=\"1200\" \/>\n\t<meta property=\"og:image:type\" content=\"image\/jpeg\" \/>\n<meta name=\"twitter:card\" content=\"summary_large_image\" \/>\n<script type=\"application\/ld+json\" class=\"yoast-schema-graph\">{\"@context\":\"https:\\\/\\\/schema.org\",\"@graph\":[{\"@type\":\"WebPage\",\"@id\":\"https:\\\/\\\/www.teamprofi.de\\\/sv-hohenlinden\\\/produkt\\\/essential-sweatshorts-damen\\\/\",\"url\":\"https:\\\/\\\/www.teamprofi.de\\\/sv-hohenlinden\\\/produkt\\\/essential-sweatshorts-damen\\\/\",\"name\":\"Essential Sweatshorts Damen - SV Hohenlinden\",\"isPartOf\":{\"@id\":\"https:\\\/\\\/www.teamprofi.de\\\/sv-hohenlinden\\\/#website\"},\"primaryImageOfPage\":{\"@id\":\"https:\\\/\\\/www.teamprofi.de\\\/sv-hohenlinden\\\/produkt\\\/essential-sweatshorts-damen\\\/#primaryimage\"},\"image\":{\"@id\":\"https:\\\/\\\/www.teamprofi.de\\\/sv-hohenlinden\\\/produkt\\\/essential-sweatshorts-damen\\\/#primaryimage\"},\"thumbnailUrl\":\"https:\\\/\\\/www.teamprofi.de\\\/sv-hohenlinden\\\/wp-content\\\/uploads\\\/sites\\\/20\\\/2021\\\/01\\\/2321801_V.jpg\",\"datePublished\":\"2021-01-11T15:43:08+00:00\",\"dateModified\":\"2021-01-11T15:43:09+00:00\",\"breadcrumb\":{\"@id\":\"https:\\\/\\\/www.teamprofi.de\\\/sv-hohenlinden\\\/produkt\\\/essential-sweatshorts-damen\\\/#breadcrumb\"},\"inLanguage\":\"de\",\"potentialAction\":[{\"@type\":\"ReadAction\",\"target\":[\"https:\\\/\\\/www.teamprofi.de\\\/sv-hohenlinden\\\/produkt\\\/essential-sweatshorts-damen\\\/\"]}]},{\"@type\":\"ImageObject\",\"inLanguage\":\"de\",\"@id\":\"https:\\\/\\\/www.teamprofi.de\\\/sv-hohenlinden\\\/produkt\\\/essential-sweatshorts-damen\\\/#primaryimage\",\"url\":\"https:\\\/\\\/www.teamprofi.de\\\/sv-hohenlinden\\\/wp-content\\\/uploads\\\/sites\\\/20\\\/2021\\\/01\\\/2321801_V.jpg\",\"contentUrl\":\"https:\\\/\\\/www.teamprofi.de\\\/sv-hohenlinden\\\/wp-content\\\/uploads\\\/sites\\\/20\\\/2021\\\/01\\\/2321801_V.jpg\",\"width\":923,\"height\":1200,\"caption\":\"HyperFocal: 0\"},{\"@type\":\"BreadcrumbList\",\"@id\":\"https:\\\/\\\/www.teamprofi.de\\\/sv-hohenlinden\\\/produkt\\\/essential-sweatshorts-damen\\\/#breadcrumb\",\"itemListElement\":[{\"@type\":\"ListItem\",\"position\":1,\"name\":\"Startseite\",\"item\":\"https:\\\/\\\/www.teamprofi.de\\\/sv-hohenlinden\\\/\"},{\"@type\":\"ListItem\",\"position\":2,\"name\":\"Shop\",\"item\":\"https:\\\/\\\/www.teamprofi.de\\\/sv-hohenlinden\\\/shop\\\/\"},{\"@type\":\"ListItem\",\"position\":3,\"name\":\"Essential Sweatshorts Damen\"}]},{\"@type\":\"WebSite\",\"@id\":\"https:\\\/\\\/www.teamprofi.de\\\/sv-hohenlinden\\\/#website\",\"url\":\"https:\\\/\\\/www.teamprofi.de\\\/sv-hohenlinden\\\/\",\"name\":\"SV Hohenlinden\",\"description\":\"Vereins-Shop Sport G\u00fcrteler\",\"potentialAction\":[{\"@type\":\"SearchAction\",\"target\":{\"@type\":\"EntryPoint\",\"urlTemplate\":\"https:\\\/\\\/www.teamprofi.de\\\/sv-hohenlinden\\\/?s={search_term_string}\"},\"query-input\":{\"@type\":\"PropertyValueSpecification\",\"valueRequired\":true,\"valueName\":\"search_term_string\"}}],\"inLanguage\":\"de\"}]}<\/script>\n<!-- \/ Yoast SEO plugin. -->","yoast_head_json":{"title":"Essential Sweatshorts Damen - SV Hohenlinden","robots":{"index":"index","follow":"follow","max-snippet":"max-snippet:-1","max-image-preview":"max-image-preview:large","max-video-preview":"max-video-preview:-1"},"canonical":"https:\/\/www.teamprofi.de\/sv-hohenlinden\/produkt\/essential-sweatshorts-damen\/","og_locale":"de_DE","og_type":"article","og_title":"Essential Sweatshorts Damen - SV Hohenlinden","og_description":"Gem\u00fctliche Sweatshorts mit sportivem Design Ob beim Sport oder in der Freizeit \u2013 die ESSENTIAL SWEATSHORTS f\u00fcr Damen sorgen \u00fcberall f\u00fcr einen coolen Look! Sie sind legere geschnitten und kommen","og_url":"https:\/\/www.teamprofi.de\/sv-hohenlinden\/produkt\/essential-sweatshorts-damen\/","og_site_name":"SV Hohenlinden","article_modified_time":"2021-01-11T15:43:09+00:00","og_image":[{"width":923,"height":1200,"url":"https:\/\/www.teamprofi.de\/sv-hohenlinden\/wp-content\/uploads\/sites\/20\/2021\/01\/2321801_V.jpg","type":"image\/jpeg"}],"twitter_card":"summary_large_image","schema":{"@context":"https:\/\/schema.org","@graph":[{"@type":"WebPage","@id":"https:\/\/www.teamprofi.de\/sv-hohenlinden\/produkt\/essential-sweatshorts-damen\/","url":"https:\/\/www.teamprofi.de\/sv-hohenlinden\/produkt\/essential-sweatshorts-damen\/","name":"Essential Sweatshorts Damen - SV Hohenlinden","isPartOf":{"@id":"https:\/\/www.teamprofi.de\/sv-hohenlinden\/#website"},"primaryImageOfPage":{"@id":"https:\/\/www.teamprofi.de\/sv-hohenlinden\/produkt\/essential-sweatshorts-damen\/#primaryimage"},"image":{"@id":"https:\/\/www.teamprofi.de\/sv-hohenlinden\/produkt\/essential-sweatshorts-damen\/#primaryimage"},"thumbnailUrl":"https:\/\/www.teamprofi.de\/sv-hohenlinden\/wp-content\/uploads\/sites\/20\/2021\/01\/2321801_V.jpg","datePublished":"2021-01-11T15:43:08+00:00","dateModified":"2021-01-11T15:43:09+00:00","breadcrumb":{"@id":"https:\/\/www.teamprofi.de\/sv-hohenlinden\/produkt\/essential-sweatshorts-damen\/#breadcrumb"},"inLanguage":"de","potentialAction":[{"@type":"ReadAction","target":["https:\/\/www.teamprofi.de\/sv-hohenlinden\/produkt\/essential-sweatshorts-damen\/"]}]},{"@type":"ImageObject","inLanguage":"de","@id":"https:\/\/www.teamprofi.de\/sv-hohenlinden\/produkt\/essential-sweatshorts-damen\/#primaryimage","url":"https:\/\/www.teamprofi.de\/sv-hohenlinden\/wp-content\/uploads\/sites\/20\/2021\/01\/2321801_V.jpg","contentUrl":"https:\/\/www.teamprofi.de\/sv-hohenlinden\/wp-content\/uploads\/sites\/20\/2021\/01\/2321801_V.jpg","width":923,"height":1200,"caption":"HyperFocal: 0"},{"@type":"BreadcrumbList","@id":"https:\/\/www.teamprofi.de\/sv-hohenlinden\/produkt\/essential-sweatshorts-damen\/#breadcrumb","itemListElement":[{"@type":"ListItem","position":1,"name":"Startseite","item":"https:\/\/www.teamprofi.de\/sv-hohenlinden\/"},{"@type":"ListItem","position":2,"name":"Shop","item":"https:\/\/www.teamprofi.de\/sv-hohenlinden\/shop\/"},{"@type":"ListItem","position":3,"name":"Essential Sweatshorts Damen"}]},{"@type":"WebSite","@id":"https:\/\/www.teamprofi.de\/sv-hohenlinden\/#website","url":"https:\/\/www.teamprofi.de\/sv-hohenlinden\/","name":"SV Hohenlinden","description":"Vereins-Shop Sport G\u00fcrteler","potentialAction":[{"@type":"SearchAction","target":{"@type":"EntryPoint","urlTemplate":"https:\/\/www.teamprofi.de\/sv-hohenlinden\/?s={search_term_string}"},"query-input":{"@type":"PropertyValueSpecification","valueRequired":true,"valueName":"search_term_string"}}],"inLanguage":"de"}]}},"_links":{"self":[{"href":"https:\/\/www.teamprofi.de\/sv-hohenlinden\/wp-json\/wp\/v2\/product\/839","targetHints":{"allow":["GET"]}}],"collection":[{"href":"https:\/\/www.teamprofi.de\/sv-hohenlinden\/wp-json\/wp\/v2\/product"}],"about":[{"href":"https:\/\/www.teamprofi.de\/sv-hohenlinden\/wp-json\/wp\/v2\/types\/product"}],"wp:featuredmedia":[{"embeddable":true,"href":"https:\/\/www.teamprofi.de\/sv-hohenlinden\/wp-json\/wp\/v2\/media\/670"}],"wp:attachment":[{"href":"https:\/\/www.teamprofi.de\/sv-hohenlinden\/wp-json\/wp\/v2\/media?parent=839"}],"wp:term":[{"taxonomy":"product_brand","embeddable":true,"href":"https:\/\/www.teamprofi.de\/sv-hohenlinden\/wp-json\/wp\/v2\/product_brand?post=839"},{"taxonomy":"product_cat","embeddable":true,"href":"https:\/\/www.teamprofi.de\/sv-hohenlinden\/wp-json\/wp\/v2\/product_cat?post=839"},{"taxonomy":"product_tag","embeddable":true,"href":"https:\/\/www.teamprofi.de\/sv-hohenlinden\/wp-json\/wp\/v2\/product_tag?post=839"}],"curies":[{"name":"wp","href":"https:\/\/api.w.org\/{rel}","templated":true}]}}