{"id":787,"date":"2021-01-11T15:56:09","date_gmt":"2021-01-11T14:56:09","guid":{"rendered":"https:\/\/www.teamprofi.de\/sv-hohenlinden\/?post_type=product&#038;p=787"},"modified":"2022-11-17T12:55:38","modified_gmt":"2022-11-17T11:55:38","slug":"essential-kapuzensweatjacke","status":"publish","type":"product","link":"https:\/\/www.teamprofi.de\/sv-hohenlinden\/produkt\/essential-kapuzensweatjacke\/","title":{"rendered":"Essential Kapuzensweatjacke"},"content":{"rendered":"<h2 class=\"content--title\">Gem\u00fctliche Jacke mit gro\u00dfer Kapuze und sportlichen Details<\/h2>\n<div class=\"product--description\">Bequem, l\u00e4ssig und zeitlos &#8211; so muss ein sportliches Basic sein! Die ESSENTIAL KAPUZENSEWATJACKE f\u00fcr Damen punktet mit einer gro\u00dfen Kapuze und einem versetzt angebrachten Rei\u00dfverschluss auf der Vorderseite. Sie ist aus gem\u00fctlichen, weichen Baumwollmix und die integrierten Taschen sorgen f\u00fcr Stauraum und warme H\u00e4nde. Ein 3D-Logoprint auf dem \u00c4rmel rundet das Design ab.<\/div>\n<div class=\"product--properties panel\">\n<div class=\"description-block description-block-features\">\n<h3 class=\"description-block__title\">Features auf einen Blick<\/h3>\n<ul class=\"description-block__content\">\n<li class=\"list-item\"><span class=\"list-item__value\">Gro\u00dfe Kapuze f\u00fcr sportlichen Look<\/span><\/li>\n<li class=\"list-item\"><span class=\"list-item__value\">\u00c4rmel und Saum gerippt<\/span><\/li>\n<li class=\"list-item\"><span class=\"list-item__value\">Integrierte Taschen zur Aufbewahrung<\/span><\/li>\n<li class=\"list-item\"><span class=\"list-item__value\">Asymmetrischer Rei\u00dfverschluss<\/span><\/li>\n<li class=\"list-item\"><span class=\"list-item__value\">Logo in 3D-Optik auf dem linken \u00c4rmel<\/span><\/li>\n<li class=\"list-item\"><span class=\"list-item__value\">Asymmetrischer Rei\u00dfverschluss vorn und hinten<\/span><\/li>\n<li class=\"list-item\"><span class=\"list-item__value\">B\u00fcndchen f\u00fcr optimale Passform<\/span><\/li>\n<li class=\"list-item\"><span class=\"list-item__value\">Weicher, bequemer Baumwollmix<\/span><\/li>\n<li class=\"list-item\"><span class=\"list-item__value\">Kuschelige Kapuze mit Kordelzug<\/span><\/li>\n<li class=\"list-item\"><span class=\"list-item__value\">Logo in 3D-Optik rechts auf der Brust<\/span><\/li>\n<li class=\"list-item\"><span class=\"list-item__value\">Logo-Print in 3D-Optik auf dem linken Arm<\/span><\/li>\n<li class=\"list-item\"><span class=\"list-item__value\">Integrierte K\u00e4ngurutasche<\/span><\/li>\n<li class=\"list-item\"><span class=\"list-item__value\">Rei\u00dfverschlusstaschen bieten Stauraum<\/span><\/li>\n<li class=\"list-item\"><span class=\"list-item__value\">Femininer Schnitt<\/span><\/li>\n<\/ul>\n<\/div>\n<div class=\"description-block description-block-material\">\n<h3 class=\"description-block__title\">Material<\/h3>\n<ul class=\"description-block__content\">\n<li class=\"list-item\"><span class=\"list-item__value\"> 60% Baumwolle, 40% Polyester <\/span><\/li>\n<\/ul>\n<\/div>\n<\/div>\n","protected":false},"excerpt":{"rendered":"<p>Gem\u00fctliche Jacke mit gro\u00dfer Kapuze und sportlichen Details Bequem, l\u00e4ssig und zeitlos &#8211; so muss ein sportliches Basic sein! Die ESSENTIAL KAPUZENSEWATJACKE f\u00fcr Damen punktet mit einer gro\u00dfen Kapuze und<\/p>\n","protected":false},"featured_media":651,"template":"","meta":{"inline_featured_image":false},"product_brand":[],"product_cat":[139],"product_tag":[],"class_list":{"0":"post-787","1":"product","2":"type-product","3":"status-publish","4":"has-post-thumbnail","6":"product_cat-freizeitsport","8":"first","9":"instock","10":"taxable","11":"shipping-taxable","12":"purchasable","13":"product-type-variable"},"yoast_head":"<!-- This site is optimized with the Yoast SEO plugin v27.3 - https:\/\/yoast.com\/product\/yoast-seo-wordpress\/ -->\n<title>Essential Kapuzensweatjacke - SV Hohenlinden<\/title>\n<meta name=\"robots\" content=\"index, follow, max-snippet:-1, max-image-preview:large, max-video-preview:-1\" \/>\n<link rel=\"canonical\" href=\"https:\/\/www.teamprofi.de\/sv-hohenlinden\/produkt\/essential-kapuzensweatjacke\/\" \/>\n<meta property=\"og:locale\" content=\"de_DE\" \/>\n<meta property=\"og:type\" content=\"article\" \/>\n<meta property=\"og:title\" content=\"Essential Kapuzensweatjacke - SV Hohenlinden\" \/>\n<meta property=\"og:description\" content=\"Gem\u00fctliche Jacke mit gro\u00dfer Kapuze und sportlichen Details Bequem, l\u00e4ssig und zeitlos &#8211; so muss ein sportliches Basic sein! Die ESSENTIAL KAPUZENSEWATJACKE f\u00fcr Damen punktet mit einer gro\u00dfen Kapuze und\" \/>\n<meta property=\"og:url\" content=\"https:\/\/www.teamprofi.de\/sv-hohenlinden\/produkt\/essential-kapuzensweatjacke\/\" \/>\n<meta property=\"og:site_name\" content=\"SV Hohenlinden\" \/>\n<meta property=\"article:modified_time\" content=\"2022-11-17T11:55:38+00:00\" \/>\n<meta property=\"og:image\" content=\"https:\/\/www.teamprofi.de\/sv-hohenlinden\/wp-content\/uploads\/sites\/20\/2021\/01\/2071824_V.jpg\" \/>\n\t<meta property=\"og:image:width\" content=\"923\" \/>\n\t<meta property=\"og:image:height\" content=\"1200\" \/>\n\t<meta property=\"og:image:type\" content=\"image\/jpeg\" \/>\n<meta name=\"twitter:card\" content=\"summary_large_image\" \/>\n<meta name=\"twitter:label1\" content=\"Gesch\u00e4tzte Lesezeit\" \/>\n\t<meta name=\"twitter:data1\" content=\"1\u00a0Minute\" \/>\n<script type=\"application\/ld+json\" class=\"yoast-schema-graph\">{\"@context\":\"https:\\\/\\\/schema.org\",\"@graph\":[{\"@type\":\"WebPage\",\"@id\":\"https:\\\/\\\/www.teamprofi.de\\\/sv-hohenlinden\\\/produkt\\\/essential-kapuzensweatjacke\\\/\",\"url\":\"https:\\\/\\\/www.teamprofi.de\\\/sv-hohenlinden\\\/produkt\\\/essential-kapuzensweatjacke\\\/\",\"name\":\"Essential Kapuzensweatjacke - SV Hohenlinden\",\"isPartOf\":{\"@id\":\"https:\\\/\\\/www.teamprofi.de\\\/sv-hohenlinden\\\/#website\"},\"primaryImageOfPage\":{\"@id\":\"https:\\\/\\\/www.teamprofi.de\\\/sv-hohenlinden\\\/produkt\\\/essential-kapuzensweatjacke\\\/#primaryimage\"},\"image\":{\"@id\":\"https:\\\/\\\/www.teamprofi.de\\\/sv-hohenlinden\\\/produkt\\\/essential-kapuzensweatjacke\\\/#primaryimage\"},\"thumbnailUrl\":\"https:\\\/\\\/www.teamprofi.de\\\/sv-hohenlinden\\\/wp-content\\\/uploads\\\/sites\\\/20\\\/2021\\\/01\\\/2071824_V.jpg\",\"datePublished\":\"2021-01-11T14:56:09+00:00\",\"dateModified\":\"2022-11-17T11:55:38+00:00\",\"breadcrumb\":{\"@id\":\"https:\\\/\\\/www.teamprofi.de\\\/sv-hohenlinden\\\/produkt\\\/essential-kapuzensweatjacke\\\/#breadcrumb\"},\"inLanguage\":\"de\",\"potentialAction\":[{\"@type\":\"ReadAction\",\"target\":[\"https:\\\/\\\/www.teamprofi.de\\\/sv-hohenlinden\\\/produkt\\\/essential-kapuzensweatjacke\\\/\"]}]},{\"@type\":\"ImageObject\",\"inLanguage\":\"de\",\"@id\":\"https:\\\/\\\/www.teamprofi.de\\\/sv-hohenlinden\\\/produkt\\\/essential-kapuzensweatjacke\\\/#primaryimage\",\"url\":\"https:\\\/\\\/www.teamprofi.de\\\/sv-hohenlinden\\\/wp-content\\\/uploads\\\/sites\\\/20\\\/2021\\\/01\\\/2071824_V.jpg\",\"contentUrl\":\"https:\\\/\\\/www.teamprofi.de\\\/sv-hohenlinden\\\/wp-content\\\/uploads\\\/sites\\\/20\\\/2021\\\/01\\\/2071824_V.jpg\",\"width\":923,\"height\":1200,\"caption\":\"HyperFocal: 0\"},{\"@type\":\"BreadcrumbList\",\"@id\":\"https:\\\/\\\/www.teamprofi.de\\\/sv-hohenlinden\\\/produkt\\\/essential-kapuzensweatjacke\\\/#breadcrumb\",\"itemListElement\":[{\"@type\":\"ListItem\",\"position\":1,\"name\":\"Startseite\",\"item\":\"https:\\\/\\\/www.teamprofi.de\\\/sv-hohenlinden\\\/\"},{\"@type\":\"ListItem\",\"position\":2,\"name\":\"Shop\",\"item\":\"https:\\\/\\\/www.teamprofi.de\\\/sv-hohenlinden\\\/shop\\\/\"},{\"@type\":\"ListItem\",\"position\":3,\"name\":\"Essential Kapuzensweatjacke\"}]},{\"@type\":\"WebSite\",\"@id\":\"https:\\\/\\\/www.teamprofi.de\\\/sv-hohenlinden\\\/#website\",\"url\":\"https:\\\/\\\/www.teamprofi.de\\\/sv-hohenlinden\\\/\",\"name\":\"SV Hohenlinden\",\"description\":\"Vereins-Shop Sport G\u00fcrteler\",\"potentialAction\":[{\"@type\":\"SearchAction\",\"target\":{\"@type\":\"EntryPoint\",\"urlTemplate\":\"https:\\\/\\\/www.teamprofi.de\\\/sv-hohenlinden\\\/?s={search_term_string}\"},\"query-input\":{\"@type\":\"PropertyValueSpecification\",\"valueRequired\":true,\"valueName\":\"search_term_string\"}}],\"inLanguage\":\"de\"}]}<\/script>\n<!-- \/ Yoast SEO plugin. -->","yoast_head_json":{"title":"Essential Kapuzensweatjacke - SV Hohenlinden","robots":{"index":"index","follow":"follow","max-snippet":"max-snippet:-1","max-image-preview":"max-image-preview:large","max-video-preview":"max-video-preview:-1"},"canonical":"https:\/\/www.teamprofi.de\/sv-hohenlinden\/produkt\/essential-kapuzensweatjacke\/","og_locale":"de_DE","og_type":"article","og_title":"Essential Kapuzensweatjacke - SV Hohenlinden","og_description":"Gem\u00fctliche Jacke mit gro\u00dfer Kapuze und sportlichen Details Bequem, l\u00e4ssig und zeitlos &#8211; so muss ein sportliches Basic sein! Die ESSENTIAL KAPUZENSEWATJACKE f\u00fcr Damen punktet mit einer gro\u00dfen Kapuze und","og_url":"https:\/\/www.teamprofi.de\/sv-hohenlinden\/produkt\/essential-kapuzensweatjacke\/","og_site_name":"SV Hohenlinden","article_modified_time":"2022-11-17T11:55:38+00:00","og_image":[{"width":923,"height":1200,"url":"https:\/\/www.teamprofi.de\/sv-hohenlinden\/wp-content\/uploads\/sites\/20\/2021\/01\/2071824_V.jpg","type":"image\/jpeg"}],"twitter_card":"summary_large_image","twitter_misc":{"Gesch\u00e4tzte Lesezeit":"1\u00a0Minute"},"schema":{"@context":"https:\/\/schema.org","@graph":[{"@type":"WebPage","@id":"https:\/\/www.teamprofi.de\/sv-hohenlinden\/produkt\/essential-kapuzensweatjacke\/","url":"https:\/\/www.teamprofi.de\/sv-hohenlinden\/produkt\/essential-kapuzensweatjacke\/","name":"Essential Kapuzensweatjacke - SV Hohenlinden","isPartOf":{"@id":"https:\/\/www.teamprofi.de\/sv-hohenlinden\/#website"},"primaryImageOfPage":{"@id":"https:\/\/www.teamprofi.de\/sv-hohenlinden\/produkt\/essential-kapuzensweatjacke\/#primaryimage"},"image":{"@id":"https:\/\/www.teamprofi.de\/sv-hohenlinden\/produkt\/essential-kapuzensweatjacke\/#primaryimage"},"thumbnailUrl":"https:\/\/www.teamprofi.de\/sv-hohenlinden\/wp-content\/uploads\/sites\/20\/2021\/01\/2071824_V.jpg","datePublished":"2021-01-11T14:56:09+00:00","dateModified":"2022-11-17T11:55:38+00:00","breadcrumb":{"@id":"https:\/\/www.teamprofi.de\/sv-hohenlinden\/produkt\/essential-kapuzensweatjacke\/#breadcrumb"},"inLanguage":"de","potentialAction":[{"@type":"ReadAction","target":["https:\/\/www.teamprofi.de\/sv-hohenlinden\/produkt\/essential-kapuzensweatjacke\/"]}]},{"@type":"ImageObject","inLanguage":"de","@id":"https:\/\/www.teamprofi.de\/sv-hohenlinden\/produkt\/essential-kapuzensweatjacke\/#primaryimage","url":"https:\/\/www.teamprofi.de\/sv-hohenlinden\/wp-content\/uploads\/sites\/20\/2021\/01\/2071824_V.jpg","contentUrl":"https:\/\/www.teamprofi.de\/sv-hohenlinden\/wp-content\/uploads\/sites\/20\/2021\/01\/2071824_V.jpg","width":923,"height":1200,"caption":"HyperFocal: 0"},{"@type":"BreadcrumbList","@id":"https:\/\/www.teamprofi.de\/sv-hohenlinden\/produkt\/essential-kapuzensweatjacke\/#breadcrumb","itemListElement":[{"@type":"ListItem","position":1,"name":"Startseite","item":"https:\/\/www.teamprofi.de\/sv-hohenlinden\/"},{"@type":"ListItem","position":2,"name":"Shop","item":"https:\/\/www.teamprofi.de\/sv-hohenlinden\/shop\/"},{"@type":"ListItem","position":3,"name":"Essential Kapuzensweatjacke"}]},{"@type":"WebSite","@id":"https:\/\/www.teamprofi.de\/sv-hohenlinden\/#website","url":"https:\/\/www.teamprofi.de\/sv-hohenlinden\/","name":"SV Hohenlinden","description":"Vereins-Shop Sport G\u00fcrteler","potentialAction":[{"@type":"SearchAction","target":{"@type":"EntryPoint","urlTemplate":"https:\/\/www.teamprofi.de\/sv-hohenlinden\/?s={search_term_string}"},"query-input":{"@type":"PropertyValueSpecification","valueRequired":true,"valueName":"search_term_string"}}],"inLanguage":"de"}]}},"_links":{"self":[{"href":"https:\/\/www.teamprofi.de\/sv-hohenlinden\/wp-json\/wp\/v2\/product\/787","targetHints":{"allow":["GET"]}}],"collection":[{"href":"https:\/\/www.teamprofi.de\/sv-hohenlinden\/wp-json\/wp\/v2\/product"}],"about":[{"href":"https:\/\/www.teamprofi.de\/sv-hohenlinden\/wp-json\/wp\/v2\/types\/product"}],"wp:featuredmedia":[{"embeddable":true,"href":"https:\/\/www.teamprofi.de\/sv-hohenlinden\/wp-json\/wp\/v2\/media\/651"}],"wp:attachment":[{"href":"https:\/\/www.teamprofi.de\/sv-hohenlinden\/wp-json\/wp\/v2\/media?parent=787"}],"wp:term":[{"taxonomy":"product_brand","embeddable":true,"href":"https:\/\/www.teamprofi.de\/sv-hohenlinden\/wp-json\/wp\/v2\/product_brand?post=787"},{"taxonomy":"product_cat","embeddable":true,"href":"https:\/\/www.teamprofi.de\/sv-hohenlinden\/wp-json\/wp\/v2\/product_cat?post=787"},{"taxonomy":"product_tag","embeddable":true,"href":"https:\/\/www.teamprofi.de\/sv-hohenlinden\/wp-json\/wp\/v2\/product_tag?post=787"}],"curies":[{"name":"wp","href":"https:\/\/api.w.org\/{rel}","templated":true}]}}