{"id":494,"date":"2021-01-02T12:15:33","date_gmt":"2021-01-02T11:15:33","guid":{"rendered":"https:\/\/www.teamprofi.de\/sv-hohenlinden\/?post_type=product&#038;p=494"},"modified":"2021-01-02T12:18:19","modified_gmt":"2021-01-02T11:18:19","slug":"trikot-team-kurzarm","status":"publish","type":"product","link":"https:\/\/www.teamprofi.de\/sv-hohenlinden\/produkt\/trikot-team-kurzarm\/","title":{"rendered":"Trikot Team Kurzarm"},"content":{"rendered":"<div class=\"itemcard_toggle_boxes\">\n<div class=\"slidecontent_itemcard_wrapper active\">\n<div class=\"hl\"><strong>Beschreibung<\/strong><\/div>\n<div><\/div>\n<div class=\"text\">Ihr seid ein Team, deshalb brauchst Du das passende Trikot f\u00fcr das Training. Das kurz\u00e4rmlige Modell TEAM aus dem JAKO Fu\u00dfball Shop ist die optimale Wahl. Das Interlockgewebe ist mit der Funktion KEEP DRY ausgestattet: Feuchtigkeit wird schnell vom K\u00f6rper weg nach au\u00dfen transportiert. So bleibt das angenehme Tragegef\u00fchl auch bei hoher Belastung bestehen. Dar\u00fcber hinaus ist das Jersey schnelltrocknend und pflegeleicht.<\/div>\n<div><\/div>\n<\/div>\n<\/div>\n<div class=\"slidecontent_itemcard_wrapper active\">\n<div class=\"hl\"><strong>Details<\/strong><\/div>\n<div class=\"text\">\n<ul>\n<li>Polyester-Interlock<\/li>\n<li>Moderne Uni-Optik<\/li>\n<li>Rundhals-Rippkragen<\/li>\n<\/ul>\n<\/div>\n<\/div>\n<div class=\"slidecontent_itemcard_wrapper active\">\n<div class=\"hl\"><strong>Material<\/strong><\/div>\n<div class=\"text\">\n<ul>\n<li>100 % Polyester<\/li>\n<\/ul>\n<\/div>\n<\/div>\n","protected":false},"excerpt":{"rendered":"<p>Beschreibung Ihr seid ein Team, deshalb brauchst Du das passende Trikot f\u00fcr das Training. Das kurz\u00e4rmlige Modell TEAM aus dem JAKO Fu\u00dfball Shop ist die optimale Wahl. Das Interlockgewebe ist<\/p>\n","protected":false},"featured_media":452,"template":"","meta":{"inline_featured_image":false},"product_brand":[],"product_cat":[85,139,138],"product_tag":[],"class_list":{"0":"post-494","1":"product","2":"type-product","3":"status-publish","4":"has-post-thumbnail","6":"product_cat-teamsport","7":"product_cat-freizeitsport","8":"product_cat-fussball","10":"first","11":"instock","12":"taxable","13":"shipping-taxable","14":"purchasable","15":"product-type-variable"},"yoast_head":"<!-- This site is optimized with the Yoast SEO plugin v27.3 - https:\/\/yoast.com\/product\/yoast-seo-wordpress\/ -->\n<title>Trikot Team Kurzarm - SV Hohenlinden<\/title>\n<meta name=\"robots\" content=\"index, follow, max-snippet:-1, max-image-preview:large, max-video-preview:-1\" \/>\n<link rel=\"canonical\" href=\"https:\/\/www.teamprofi.de\/sv-hohenlinden\/produkt\/trikot-team-kurzarm\/\" \/>\n<meta property=\"og:locale\" content=\"de_DE\" \/>\n<meta property=\"og:type\" content=\"article\" \/>\n<meta property=\"og:title\" content=\"Trikot Team Kurzarm - SV Hohenlinden\" \/>\n<meta property=\"og:description\" content=\"Beschreibung Ihr seid ein Team, deshalb brauchst Du das passende Trikot f\u00fcr das Training. Das kurz\u00e4rmlige Modell TEAM aus dem JAKO Fu\u00dfball Shop ist die optimale Wahl. Das Interlockgewebe ist\" \/>\n<meta property=\"og:url\" content=\"https:\/\/www.teamprofi.de\/sv-hohenlinden\/produkt\/trikot-team-kurzarm\/\" \/>\n<meta property=\"og:site_name\" content=\"SV Hohenlinden\" \/>\n<meta property=\"article:modified_time\" content=\"2021-01-02T11:18:19+00:00\" \/>\n<meta property=\"og:image\" content=\"https:\/\/www.teamprofi.de\/sv-hohenlinden\/wp-content\/uploads\/sites\/20\/2019\/01\/4233_04.jpg\" \/>\n\t<meta property=\"og:image:width\" content=\"800\" \/>\n\t<meta property=\"og:image:height\" content=\"800\" \/>\n\t<meta property=\"og:image:type\" content=\"image\/jpeg\" \/>\n<meta name=\"twitter:card\" content=\"summary_large_image\" \/>\n<script type=\"application\/ld+json\" class=\"yoast-schema-graph\">{\"@context\":\"https:\\\/\\\/schema.org\",\"@graph\":[{\"@type\":\"WebPage\",\"@id\":\"https:\\\/\\\/www.teamprofi.de\\\/sv-hohenlinden\\\/produkt\\\/trikot-team-kurzarm\\\/\",\"url\":\"https:\\\/\\\/www.teamprofi.de\\\/sv-hohenlinden\\\/produkt\\\/trikot-team-kurzarm\\\/\",\"name\":\"Trikot Team Kurzarm - SV Hohenlinden\",\"isPartOf\":{\"@id\":\"https:\\\/\\\/www.teamprofi.de\\\/sv-hohenlinden\\\/#website\"},\"primaryImageOfPage\":{\"@id\":\"https:\\\/\\\/www.teamprofi.de\\\/sv-hohenlinden\\\/produkt\\\/trikot-team-kurzarm\\\/#primaryimage\"},\"image\":{\"@id\":\"https:\\\/\\\/www.teamprofi.de\\\/sv-hohenlinden\\\/produkt\\\/trikot-team-kurzarm\\\/#primaryimage\"},\"thumbnailUrl\":\"https:\\\/\\\/www.teamprofi.de\\\/sv-hohenlinden\\\/wp-content\\\/uploads\\\/sites\\\/20\\\/2019\\\/01\\\/4233_04.jpg\",\"datePublished\":\"2021-01-02T11:15:33+00:00\",\"dateModified\":\"2021-01-02T11:18:19+00:00\",\"breadcrumb\":{\"@id\":\"https:\\\/\\\/www.teamprofi.de\\\/sv-hohenlinden\\\/produkt\\\/trikot-team-kurzarm\\\/#breadcrumb\"},\"inLanguage\":\"de\",\"potentialAction\":[{\"@type\":\"ReadAction\",\"target\":[\"https:\\\/\\\/www.teamprofi.de\\\/sv-hohenlinden\\\/produkt\\\/trikot-team-kurzarm\\\/\"]}]},{\"@type\":\"ImageObject\",\"inLanguage\":\"de\",\"@id\":\"https:\\\/\\\/www.teamprofi.de\\\/sv-hohenlinden\\\/produkt\\\/trikot-team-kurzarm\\\/#primaryimage\",\"url\":\"https:\\\/\\\/www.teamprofi.de\\\/sv-hohenlinden\\\/wp-content\\\/uploads\\\/sites\\\/20\\\/2019\\\/01\\\/4233_04.jpg\",\"contentUrl\":\"https:\\\/\\\/www.teamprofi.de\\\/sv-hohenlinden\\\/wp-content\\\/uploads\\\/sites\\\/20\\\/2019\\\/01\\\/4233_04.jpg\",\"width\":800,\"height\":800},{\"@type\":\"BreadcrumbList\",\"@id\":\"https:\\\/\\\/www.teamprofi.de\\\/sv-hohenlinden\\\/produkt\\\/trikot-team-kurzarm\\\/#breadcrumb\",\"itemListElement\":[{\"@type\":\"ListItem\",\"position\":1,\"name\":\"Startseite\",\"item\":\"https:\\\/\\\/www.teamprofi.de\\\/sv-hohenlinden\\\/\"},{\"@type\":\"ListItem\",\"position\":2,\"name\":\"Shop\",\"item\":\"https:\\\/\\\/www.teamprofi.de\\\/sv-hohenlinden\\\/shop\\\/\"},{\"@type\":\"ListItem\",\"position\":3,\"name\":\"Trikot Team Kurzarm\"}]},{\"@type\":\"WebSite\",\"@id\":\"https:\\\/\\\/www.teamprofi.de\\\/sv-hohenlinden\\\/#website\",\"url\":\"https:\\\/\\\/www.teamprofi.de\\\/sv-hohenlinden\\\/\",\"name\":\"SV Hohenlinden\",\"description\":\"Vereins-Shop Sport G\u00fcrteler\",\"potentialAction\":[{\"@type\":\"SearchAction\",\"target\":{\"@type\":\"EntryPoint\",\"urlTemplate\":\"https:\\\/\\\/www.teamprofi.de\\\/sv-hohenlinden\\\/?s={search_term_string}\"},\"query-input\":{\"@type\":\"PropertyValueSpecification\",\"valueRequired\":true,\"valueName\":\"search_term_string\"}}],\"inLanguage\":\"de\"}]}<\/script>\n<!-- \/ Yoast SEO plugin. -->","yoast_head_json":{"title":"Trikot Team Kurzarm - SV Hohenlinden","robots":{"index":"index","follow":"follow","max-snippet":"max-snippet:-1","max-image-preview":"max-image-preview:large","max-video-preview":"max-video-preview:-1"},"canonical":"https:\/\/www.teamprofi.de\/sv-hohenlinden\/produkt\/trikot-team-kurzarm\/","og_locale":"de_DE","og_type":"article","og_title":"Trikot Team Kurzarm - SV Hohenlinden","og_description":"Beschreibung Ihr seid ein Team, deshalb brauchst Du das passende Trikot f\u00fcr das Training. Das kurz\u00e4rmlige Modell TEAM aus dem JAKO Fu\u00dfball Shop ist die optimale Wahl. Das Interlockgewebe ist","og_url":"https:\/\/www.teamprofi.de\/sv-hohenlinden\/produkt\/trikot-team-kurzarm\/","og_site_name":"SV Hohenlinden","article_modified_time":"2021-01-02T11:18:19+00:00","og_image":[{"width":800,"height":800,"url":"https:\/\/www.teamprofi.de\/sv-hohenlinden\/wp-content\/uploads\/sites\/20\/2019\/01\/4233_04.jpg","type":"image\/jpeg"}],"twitter_card":"summary_large_image","schema":{"@context":"https:\/\/schema.org","@graph":[{"@type":"WebPage","@id":"https:\/\/www.teamprofi.de\/sv-hohenlinden\/produkt\/trikot-team-kurzarm\/","url":"https:\/\/www.teamprofi.de\/sv-hohenlinden\/produkt\/trikot-team-kurzarm\/","name":"Trikot Team Kurzarm - SV Hohenlinden","isPartOf":{"@id":"https:\/\/www.teamprofi.de\/sv-hohenlinden\/#website"},"primaryImageOfPage":{"@id":"https:\/\/www.teamprofi.de\/sv-hohenlinden\/produkt\/trikot-team-kurzarm\/#primaryimage"},"image":{"@id":"https:\/\/www.teamprofi.de\/sv-hohenlinden\/produkt\/trikot-team-kurzarm\/#primaryimage"},"thumbnailUrl":"https:\/\/www.teamprofi.de\/sv-hohenlinden\/wp-content\/uploads\/sites\/20\/2019\/01\/4233_04.jpg","datePublished":"2021-01-02T11:15:33+00:00","dateModified":"2021-01-02T11:18:19+00:00","breadcrumb":{"@id":"https:\/\/www.teamprofi.de\/sv-hohenlinden\/produkt\/trikot-team-kurzarm\/#breadcrumb"},"inLanguage":"de","potentialAction":[{"@type":"ReadAction","target":["https:\/\/www.teamprofi.de\/sv-hohenlinden\/produkt\/trikot-team-kurzarm\/"]}]},{"@type":"ImageObject","inLanguage":"de","@id":"https:\/\/www.teamprofi.de\/sv-hohenlinden\/produkt\/trikot-team-kurzarm\/#primaryimage","url":"https:\/\/www.teamprofi.de\/sv-hohenlinden\/wp-content\/uploads\/sites\/20\/2019\/01\/4233_04.jpg","contentUrl":"https:\/\/www.teamprofi.de\/sv-hohenlinden\/wp-content\/uploads\/sites\/20\/2019\/01\/4233_04.jpg","width":800,"height":800},{"@type":"BreadcrumbList","@id":"https:\/\/www.teamprofi.de\/sv-hohenlinden\/produkt\/trikot-team-kurzarm\/#breadcrumb","itemListElement":[{"@type":"ListItem","position":1,"name":"Startseite","item":"https:\/\/www.teamprofi.de\/sv-hohenlinden\/"},{"@type":"ListItem","position":2,"name":"Shop","item":"https:\/\/www.teamprofi.de\/sv-hohenlinden\/shop\/"},{"@type":"ListItem","position":3,"name":"Trikot Team Kurzarm"}]},{"@type":"WebSite","@id":"https:\/\/www.teamprofi.de\/sv-hohenlinden\/#website","url":"https:\/\/www.teamprofi.de\/sv-hohenlinden\/","name":"SV Hohenlinden","description":"Vereins-Shop Sport G\u00fcrteler","potentialAction":[{"@type":"SearchAction","target":{"@type":"EntryPoint","urlTemplate":"https:\/\/www.teamprofi.de\/sv-hohenlinden\/?s={search_term_string}"},"query-input":{"@type":"PropertyValueSpecification","valueRequired":true,"valueName":"search_term_string"}}],"inLanguage":"de"}]}},"_links":{"self":[{"href":"https:\/\/www.teamprofi.de\/sv-hohenlinden\/wp-json\/wp\/v2\/product\/494","targetHints":{"allow":["GET"]}}],"collection":[{"href":"https:\/\/www.teamprofi.de\/sv-hohenlinden\/wp-json\/wp\/v2\/product"}],"about":[{"href":"https:\/\/www.teamprofi.de\/sv-hohenlinden\/wp-json\/wp\/v2\/types\/product"}],"wp:featuredmedia":[{"embeddable":true,"href":"https:\/\/www.teamprofi.de\/sv-hohenlinden\/wp-json\/wp\/v2\/media\/452"}],"wp:attachment":[{"href":"https:\/\/www.teamprofi.de\/sv-hohenlinden\/wp-json\/wp\/v2\/media?parent=494"}],"wp:term":[{"taxonomy":"product_brand","embeddable":true,"href":"https:\/\/www.teamprofi.de\/sv-hohenlinden\/wp-json\/wp\/v2\/product_brand?post=494"},{"taxonomy":"product_cat","embeddable":true,"href":"https:\/\/www.teamprofi.de\/sv-hohenlinden\/wp-json\/wp\/v2\/product_cat?post=494"},{"taxonomy":"product_tag","embeddable":true,"href":"https:\/\/www.teamprofi.de\/sv-hohenlinden\/wp-json\/wp\/v2\/product_tag?post=494"}],"curies":[{"name":"wp","href":"https:\/\/api.w.org\/{rel}","templated":true}]}}