{"id":236,"date":"2019-01-17T19:27:48","date_gmt":"2019-01-17T18:27:48","guid":{"rendered":"https:\/\/www.teamprofi.de\/sv-hohenlinden\/?post_type=product&#038;p=236"},"modified":"2023-02-22T12:29:01","modified_gmt":"2023-02-22T11:29:01","slug":"trainingsshort-active","status":"publish","type":"product","link":"https:\/\/www.teamprofi.de\/sv-hohenlinden\/produkt\/trainingsshort-active\/","title":{"rendered":"Trainingsshort Active"},"content":{"rendered":"<p>Mit der JAKO Trainingsshort ACTIVE bist Du perfekt f\u00fcr das Training ger\u00fcstet. Der elastische Bund mit Kordelzug bietet optimalen Tragekomfort. Die Funktion KEEP DRY transportiert Feuchtigkeit unmittelbar an die Oberfl\u00e4che des Stoffes. So trocknet das Material sehr schnell, sch\u00fctzt vor Ausk\u00fchlung und garantiert Dir ein angenehmes K\u00f6rpergef\u00fchl beim Sport.<\/p>\n<p><strong>Produktdetails:<\/strong><\/p>\n<ul>\n<li>Seitentaschen<\/li>\n<li>Elastischer Bund mit Kordelzug<\/li>\n<\/ul>\n<p><strong>Material:<\/strong><\/p>\n<ul>\n<li>Polyester-Terry<\/li>\n<li>100 % Polyester<\/li>\n<\/ul>\n","protected":false},"excerpt":{"rendered":"<p>Mit der JAKO Trainingsshort ACTIVE bist Du perfekt f\u00fcr das Training ger\u00fcstet. Der elastische Bund mit Kordelzug bietet optimalen Tragekomfort. Die Funktion KEEP DRY transportiert Feuchtigkeit unmittelbar an die Oberfl\u00e4che<\/p>\n","protected":false},"featured_media":155,"template":"","meta":{"inline_featured_image":false},"product_brand":[],"product_cat":[85,138],"product_tag":[],"class_list":{"0":"post-236","1":"product","2":"type-product","3":"status-publish","4":"has-post-thumbnail","6":"product_cat-teamsport","7":"product_cat-fussball","9":"first","10":"instock","11":"taxable","12":"shipping-taxable","13":"purchasable","14":"product-type-variable"},"yoast_head":"<!-- This site is optimized with the Yoast SEO plugin v27.3 - https:\/\/yoast.com\/product\/yoast-seo-wordpress\/ -->\n<title>Trainingsshort Active - SV Hohenlinden<\/title>\n<meta name=\"robots\" content=\"index, follow, max-snippet:-1, max-image-preview:large, max-video-preview:-1\" \/>\n<link rel=\"canonical\" href=\"https:\/\/www.teamprofi.de\/sv-hohenlinden\/produkt\/trainingsshort-active\/\" \/>\n<meta property=\"og:locale\" content=\"de_DE\" \/>\n<meta property=\"og:type\" content=\"article\" \/>\n<meta property=\"og:title\" content=\"Trainingsshort Active - SV Hohenlinden\" \/>\n<meta property=\"og:description\" content=\"Mit der JAKO Trainingsshort ACTIVE bist Du perfekt f\u00fcr das Training ger\u00fcstet. Der elastische Bund mit Kordelzug bietet optimalen Tragekomfort. Die Funktion KEEP DRY transportiert Feuchtigkeit unmittelbar an die Oberfl\u00e4che\" \/>\n<meta property=\"og:url\" content=\"https:\/\/www.teamprofi.de\/sv-hohenlinden\/produkt\/trainingsshort-active\/\" \/>\n<meta property=\"og:site_name\" content=\"SV Hohenlinden\" \/>\n<meta property=\"article:modified_time\" content=\"2023-02-22T11:29:01+00:00\" \/>\n<meta property=\"og:image\" content=\"https:\/\/www.teamprofi.de\/sv-hohenlinden\/wp-content\/uploads\/sites\/20\/2019\/01\/8595_09.jpg\" \/>\n\t<meta property=\"og:image:width\" content=\"800\" \/>\n\t<meta property=\"og:image:height\" content=\"800\" \/>\n\t<meta property=\"og:image:type\" content=\"image\/jpeg\" \/>\n<meta name=\"twitter:card\" content=\"summary_large_image\" \/>\n<script type=\"application\/ld+json\" class=\"yoast-schema-graph\">{\"@context\":\"https:\\\/\\\/schema.org\",\"@graph\":[{\"@type\":\"WebPage\",\"@id\":\"https:\\\/\\\/www.teamprofi.de\\\/sv-hohenlinden\\\/produkt\\\/trainingsshort-active\\\/\",\"url\":\"https:\\\/\\\/www.teamprofi.de\\\/sv-hohenlinden\\\/produkt\\\/trainingsshort-active\\\/\",\"name\":\"Trainingsshort Active - SV Hohenlinden\",\"isPartOf\":{\"@id\":\"https:\\\/\\\/www.teamprofi.de\\\/sv-hohenlinden\\\/#website\"},\"primaryImageOfPage\":{\"@id\":\"https:\\\/\\\/www.teamprofi.de\\\/sv-hohenlinden\\\/produkt\\\/trainingsshort-active\\\/#primaryimage\"},\"image\":{\"@id\":\"https:\\\/\\\/www.teamprofi.de\\\/sv-hohenlinden\\\/produkt\\\/trainingsshort-active\\\/#primaryimage\"},\"thumbnailUrl\":\"https:\\\/\\\/www.teamprofi.de\\\/sv-hohenlinden\\\/wp-content\\\/uploads\\\/sites\\\/20\\\/2019\\\/01\\\/8595_09.jpg\",\"datePublished\":\"2019-01-17T18:27:48+00:00\",\"dateModified\":\"2023-02-22T11:29:01+00:00\",\"breadcrumb\":{\"@id\":\"https:\\\/\\\/www.teamprofi.de\\\/sv-hohenlinden\\\/produkt\\\/trainingsshort-active\\\/#breadcrumb\"},\"inLanguage\":\"de\",\"potentialAction\":[{\"@type\":\"ReadAction\",\"target\":[\"https:\\\/\\\/www.teamprofi.de\\\/sv-hohenlinden\\\/produkt\\\/trainingsshort-active\\\/\"]}]},{\"@type\":\"ImageObject\",\"inLanguage\":\"de\",\"@id\":\"https:\\\/\\\/www.teamprofi.de\\\/sv-hohenlinden\\\/produkt\\\/trainingsshort-active\\\/#primaryimage\",\"url\":\"https:\\\/\\\/www.teamprofi.de\\\/sv-hohenlinden\\\/wp-content\\\/uploads\\\/sites\\\/20\\\/2019\\\/01\\\/8595_09.jpg\",\"contentUrl\":\"https:\\\/\\\/www.teamprofi.de\\\/sv-hohenlinden\\\/wp-content\\\/uploads\\\/sites\\\/20\\\/2019\\\/01\\\/8595_09.jpg\",\"width\":800,\"height\":800},{\"@type\":\"BreadcrumbList\",\"@id\":\"https:\\\/\\\/www.teamprofi.de\\\/sv-hohenlinden\\\/produkt\\\/trainingsshort-active\\\/#breadcrumb\",\"itemListElement\":[{\"@type\":\"ListItem\",\"position\":1,\"name\":\"Startseite\",\"item\":\"https:\\\/\\\/www.teamprofi.de\\\/sv-hohenlinden\\\/\"},{\"@type\":\"ListItem\",\"position\":2,\"name\":\"Shop\",\"item\":\"https:\\\/\\\/www.teamprofi.de\\\/sv-hohenlinden\\\/shop\\\/\"},{\"@type\":\"ListItem\",\"position\":3,\"name\":\"Trainingsshort Active\"}]},{\"@type\":\"WebSite\",\"@id\":\"https:\\\/\\\/www.teamprofi.de\\\/sv-hohenlinden\\\/#website\",\"url\":\"https:\\\/\\\/www.teamprofi.de\\\/sv-hohenlinden\\\/\",\"name\":\"SV Hohenlinden\",\"description\":\"Vereins-Shop Sport G\u00fcrteler\",\"potentialAction\":[{\"@type\":\"SearchAction\",\"target\":{\"@type\":\"EntryPoint\",\"urlTemplate\":\"https:\\\/\\\/www.teamprofi.de\\\/sv-hohenlinden\\\/?s={search_term_string}\"},\"query-input\":{\"@type\":\"PropertyValueSpecification\",\"valueRequired\":true,\"valueName\":\"search_term_string\"}}],\"inLanguage\":\"de\"}]}<\/script>\n<!-- \/ Yoast SEO plugin. -->","yoast_head_json":{"title":"Trainingsshort Active - SV Hohenlinden","robots":{"index":"index","follow":"follow","max-snippet":"max-snippet:-1","max-image-preview":"max-image-preview:large","max-video-preview":"max-video-preview:-1"},"canonical":"https:\/\/www.teamprofi.de\/sv-hohenlinden\/produkt\/trainingsshort-active\/","og_locale":"de_DE","og_type":"article","og_title":"Trainingsshort Active - SV Hohenlinden","og_description":"Mit der JAKO Trainingsshort ACTIVE bist Du perfekt f\u00fcr das Training ger\u00fcstet. Der elastische Bund mit Kordelzug bietet optimalen Tragekomfort. Die Funktion KEEP DRY transportiert Feuchtigkeit unmittelbar an die Oberfl\u00e4che","og_url":"https:\/\/www.teamprofi.de\/sv-hohenlinden\/produkt\/trainingsshort-active\/","og_site_name":"SV Hohenlinden","article_modified_time":"2023-02-22T11:29:01+00:00","og_image":[{"width":800,"height":800,"url":"https:\/\/www.teamprofi.de\/sv-hohenlinden\/wp-content\/uploads\/sites\/20\/2019\/01\/8595_09.jpg","type":"image\/jpeg"}],"twitter_card":"summary_large_image","schema":{"@context":"https:\/\/schema.org","@graph":[{"@type":"WebPage","@id":"https:\/\/www.teamprofi.de\/sv-hohenlinden\/produkt\/trainingsshort-active\/","url":"https:\/\/www.teamprofi.de\/sv-hohenlinden\/produkt\/trainingsshort-active\/","name":"Trainingsshort Active - SV Hohenlinden","isPartOf":{"@id":"https:\/\/www.teamprofi.de\/sv-hohenlinden\/#website"},"primaryImageOfPage":{"@id":"https:\/\/www.teamprofi.de\/sv-hohenlinden\/produkt\/trainingsshort-active\/#primaryimage"},"image":{"@id":"https:\/\/www.teamprofi.de\/sv-hohenlinden\/produkt\/trainingsshort-active\/#primaryimage"},"thumbnailUrl":"https:\/\/www.teamprofi.de\/sv-hohenlinden\/wp-content\/uploads\/sites\/20\/2019\/01\/8595_09.jpg","datePublished":"2019-01-17T18:27:48+00:00","dateModified":"2023-02-22T11:29:01+00:00","breadcrumb":{"@id":"https:\/\/www.teamprofi.de\/sv-hohenlinden\/produkt\/trainingsshort-active\/#breadcrumb"},"inLanguage":"de","potentialAction":[{"@type":"ReadAction","target":["https:\/\/www.teamprofi.de\/sv-hohenlinden\/produkt\/trainingsshort-active\/"]}]},{"@type":"ImageObject","inLanguage":"de","@id":"https:\/\/www.teamprofi.de\/sv-hohenlinden\/produkt\/trainingsshort-active\/#primaryimage","url":"https:\/\/www.teamprofi.de\/sv-hohenlinden\/wp-content\/uploads\/sites\/20\/2019\/01\/8595_09.jpg","contentUrl":"https:\/\/www.teamprofi.de\/sv-hohenlinden\/wp-content\/uploads\/sites\/20\/2019\/01\/8595_09.jpg","width":800,"height":800},{"@type":"BreadcrumbList","@id":"https:\/\/www.teamprofi.de\/sv-hohenlinden\/produkt\/trainingsshort-active\/#breadcrumb","itemListElement":[{"@type":"ListItem","position":1,"name":"Startseite","item":"https:\/\/www.teamprofi.de\/sv-hohenlinden\/"},{"@type":"ListItem","position":2,"name":"Shop","item":"https:\/\/www.teamprofi.de\/sv-hohenlinden\/shop\/"},{"@type":"ListItem","position":3,"name":"Trainingsshort Active"}]},{"@type":"WebSite","@id":"https:\/\/www.teamprofi.de\/sv-hohenlinden\/#website","url":"https:\/\/www.teamprofi.de\/sv-hohenlinden\/","name":"SV Hohenlinden","description":"Vereins-Shop Sport G\u00fcrteler","potentialAction":[{"@type":"SearchAction","target":{"@type":"EntryPoint","urlTemplate":"https:\/\/www.teamprofi.de\/sv-hohenlinden\/?s={search_term_string}"},"query-input":{"@type":"PropertyValueSpecification","valueRequired":true,"valueName":"search_term_string"}}],"inLanguage":"de"}]}},"_links":{"self":[{"href":"https:\/\/www.teamprofi.de\/sv-hohenlinden\/wp-json\/wp\/v2\/product\/236","targetHints":{"allow":["GET"]}}],"collection":[{"href":"https:\/\/www.teamprofi.de\/sv-hohenlinden\/wp-json\/wp\/v2\/product"}],"about":[{"href":"https:\/\/www.teamprofi.de\/sv-hohenlinden\/wp-json\/wp\/v2\/types\/product"}],"wp:featuredmedia":[{"embeddable":true,"href":"https:\/\/www.teamprofi.de\/sv-hohenlinden\/wp-json\/wp\/v2\/media\/155"}],"wp:attachment":[{"href":"https:\/\/www.teamprofi.de\/sv-hohenlinden\/wp-json\/wp\/v2\/media?parent=236"}],"wp:term":[{"taxonomy":"product_brand","embeddable":true,"href":"https:\/\/www.teamprofi.de\/sv-hohenlinden\/wp-json\/wp\/v2\/product_brand?post=236"},{"taxonomy":"product_cat","embeddable":true,"href":"https:\/\/www.teamprofi.de\/sv-hohenlinden\/wp-json\/wp\/v2\/product_cat?post=236"},{"taxonomy":"product_tag","embeddable":true,"href":"https:\/\/www.teamprofi.de\/sv-hohenlinden\/wp-json\/wp\/v2\/product_tag?post=236"}],"curies":[{"name":"wp","href":"https:\/\/api.w.org\/{rel}","templated":true}]}}