{"id":290,"date":"2023-05-05T10:12:07","date_gmt":"2023-05-05T08:12:07","guid":{"rendered":"https:\/\/www.teamprofi.de\/sv-grafing-ebersberg\/?post_type=product&#038;p=290"},"modified":"2023-05-10T10:43:44","modified_gmt":"2023-05-10T08:43:44","slug":"kapuzensweat-organic","status":"publish","type":"product","link":"https:\/\/www.teamprofi.de\/sv-grafing-ebersberg\/produkt\/kapuzensweat-organic\/","title":{"rendered":"Kapuzensweat Organic unisex"},"content":{"rendered":"<div id=\"itemcard_right\" class=\"itemcardTopRight col-xs-12 col-md-6 col-lg-5\">\n<div class=\"itemcard_details itemcard_infoblock\">\n<div class=\"itemcard_slidecontent_wrapper\">\n<div class=\"slidecontent_itemcard_wrapper active\">\n<div class=\"hl\"><strong>Beschreibung<\/strong><\/div>\n<div><\/div>\n<div class=\"text\">\n<p>Kapuzensweat Organic &#8211; Nachhaltige und funktionale Berufskleidung<\/p>\n<p>Unser Kapuzensweat Organic besteht aus ringgesponnener 70 % Baumwolle und 30 % Polyester. Die verarbeitete Baumwolle stammt aus kontrolliert biologischem Anbau. Durch den hohen Anteil Baumwolle und die weich angeraute Innenseite bietet das Kapuzensweat einen hohen Tragekomfort. Ideal f\u00fcr Berufsbekleidung oder die Freizeit. Unser Kapuzensweat ist bei 60\u00b0 C waschbar und einlaufvorbehandelt. Durch die qualitativ hochwertigen Farbstoffe beh\u00e4lt das Kapuzensweat unserer Corporate Teamwear auch nach mehrmaligem Waschen seine Farbechtheit. Weitere Details sind die K\u00e4ngurutaschen, eine Kapuze mit einer Innenseite aus Single Jersey und einen Sweat- und \u00c4rmelabschluss mit Ripp. Die verst\u00e4rkten Schultern\u00e4hte machen das Sweat besonders formstabil und strapazierf\u00e4hig.<\/p>\n<\/div>\n<div><\/div>\n<\/div>\n<div class=\"slidecontent_itemcard_wrapper active\">\n<div class=\"hl\"><strong>Details<\/strong><\/div>\n<div class=\"text\">\n<ul>\n<li>Sweat- und \u00c4rmelabschluss mit Ripp<\/li>\n<li>Kapuze mit Single-Jersey Innenseite<\/li>\n<li>60 \u00b0C waschbar<\/li>\n<li>Sweat mit weich angerauter Innenseite<\/li>\n<li>Verst\u00e4rkte Schultern\u00e4hte<\/li>\n<li>Einlaufvorbehandelt<\/li>\n<li>Aufgesetzte Tasche<\/li>\n<li>Ohne Kordeln bei Kindergr\u00f6\u00dfen<\/li>\n<li>Kordeln mit Metall\u00f6sen und Metallenden<\/li>\n<li>Baumwolle aus kontrolliert biologischem Anbau<\/li>\n<\/ul>\n<\/div>\n<\/div>\n<div class=\"slidecontent_itemcard_wrapper active\">\n<div class=\"hl\"><strong>Material<\/strong><\/div>\n<div class=\"text\">\n<ul>\n<li>70 % Baumwolle (Bio), 30 % Polyester<\/li>\n<li>300 g\/m\u00b2<\/li>\n<li>Fb. 520: 65 % Baumwolle (Bio), 30 % Polyester, 5 % Viskose<\/li>\n<\/ul>\n<\/div>\n<\/div>\n<div class=\"attributeIcons marginTop--large\"><img decoding=\"async\" title=\"\" src=\"https:\/\/cdn.jako.de\/userdata\/dcshop\/filter_icon\/230586_fair_logo_halb_70x70px.jpg\" data-toggle=\"tooltip\" data-original-title=\"Mindestens 50 % der eingesetzten Materialien bestehen aus Bio-Baumwolle\" \/><\/div>\n<div class=\"attributeIcons__item marginTop--large\"><img decoding=\"async\" title=\"\" src=\"https:\/\/cdn.jako.de\/userdata\/dcshop\/filter_icon\/708102_wash60.png\" data-toggle=\"tooltip\" data-original-title=\"60\u00b0 waschen\" \/><img decoding=\"async\" title=\"\" src=\"https:\/\/cdn.jako.de\/userdata\/dcshop\/filter_icon\/911081_bleach_not.png\" data-toggle=\"tooltip\" data-original-title=\"nicht chloren\" \/><img decoding=\"async\" title=\"\" src=\"https:\/\/cdn.jako.de\/userdata\/dcshop\/filter_icon\/848187_tumble_low.png\" data-toggle=\"tooltip\" data-original-title=\"trocknen niedrige Temperatur\" \/><img decoding=\"async\" title=\"\" src=\"https:\/\/cdn.jako.de\/userdata\/dcshop\/filter_icon\/798005_iron_mid.png\" data-toggle=\"tooltip\" data-original-title=\"b\u00fcgeln mittlere Temperatur\" \/><img decoding=\"async\" title=\"\" src=\"https:\/\/cdn.jako.de\/userdata\/dcshop\/filter_icon\/591149_clean_not.png\" data-toggle=\"tooltip\" data-original-title=\"nicht chemisch reinigen\" \/><\/div>\n<\/div>\n<\/div>\n<\/div>\n","protected":false},"excerpt":{"rendered":"<p>Beschreibung Kapuzensweat Organic &#8211; Nachhaltige und funktionale Berufskleidung Unser Kapuzensweat Organic besteht aus ringgesponnener 70 % Baumwolle und 30 % Polyester. Die verarbeitete Baumwolle stammt aus kontrolliert biologischem Anbau. Durch<\/p>\n","protected":false},"featured_media":305,"template":"","meta":{"inline_featured_image":false,"rs_blank_template":"","rs_page_bg_color":"","slide_template_v7":""},"product_brand":[],"product_cat":[15],"product_tag":[],"class_list":{"0":"post-290","1":"product","2":"type-product","3":"status-publish","4":"has-post-thumbnail","6":"product_cat-teamsport","8":"first","9":"instock","10":"taxable","11":"shipping-taxable","12":"purchasable","13":"product-type-variable"},"yoast_head":"<!-- This site is optimized with the Yoast SEO plugin v27.3 - https:\/\/yoast.com\/product\/yoast-seo-wordpress\/ -->\n<title>Kapuzensweat Organic unisex - SV Grafing-Ebersberg<\/title>\n<meta name=\"robots\" content=\"index, follow, max-snippet:-1, max-image-preview:large, max-video-preview:-1\" \/>\n<link rel=\"canonical\" href=\"https:\/\/www.teamprofi.de\/sv-grafing-ebersberg\/produkt\/kapuzensweat-organic\/\" \/>\n<meta property=\"og:locale\" content=\"de_DE\" \/>\n<meta property=\"og:type\" content=\"article\" \/>\n<meta property=\"og:title\" content=\"Kapuzensweat Organic unisex - SV Grafing-Ebersberg\" \/>\n<meta property=\"og:description\" content=\"Beschreibung Kapuzensweat Organic &#8211; Nachhaltige und funktionale Berufskleidung Unser Kapuzensweat Organic besteht aus ringgesponnener 70 % Baumwolle und 30 % Polyester. Die verarbeitete Baumwolle stammt aus kontrolliert biologischem Anbau. Durch\" \/>\n<meta property=\"og:url\" content=\"https:\/\/www.teamprofi.de\/sv-grafing-ebersberg\/produkt\/kapuzensweat-organic\/\" \/>\n<meta property=\"og:site_name\" content=\"SV Grafing-Ebersberg\" \/>\n<meta property=\"article:modified_time\" content=\"2023-05-10T08:43:44+00:00\" \/>\n<meta property=\"og:image\" content=\"https:\/\/www.teamprofi.de\/sv-grafing-ebersberg\/wp-content\/uploads\/sites\/24\/2023\/05\/C6720-SchwimmvereinV.jpg\" \/>\n\t<meta property=\"og:image:width\" content=\"2952\" \/>\n\t<meta property=\"og:image:height\" content=\"2952\" \/>\n\t<meta property=\"og:image:type\" content=\"image\/jpeg\" \/>\n<meta name=\"twitter:card\" content=\"summary_large_image\" \/>\n<meta name=\"twitter:label1\" content=\"Gesch\u00e4tzte Lesezeit\" \/>\n\t<meta name=\"twitter:data1\" content=\"1\u00a0Minute\" \/>\n<script type=\"application\/ld+json\" class=\"yoast-schema-graph\">{\"@context\":\"https:\\\/\\\/schema.org\",\"@graph\":[{\"@type\":\"WebPage\",\"@id\":\"https:\\\/\\\/www.teamprofi.de\\\/sv-grafing-ebersberg\\\/produkt\\\/kapuzensweat-organic\\\/\",\"url\":\"https:\\\/\\\/www.teamprofi.de\\\/sv-grafing-ebersberg\\\/produkt\\\/kapuzensweat-organic\\\/\",\"name\":\"Kapuzensweat Organic unisex - SV Grafing-Ebersberg\",\"isPartOf\":{\"@id\":\"https:\\\/\\\/www.teamprofi.de\\\/sv-grafing-ebersberg\\\/#website\"},\"primaryImageOfPage\":{\"@id\":\"https:\\\/\\\/www.teamprofi.de\\\/sv-grafing-ebersberg\\\/produkt\\\/kapuzensweat-organic\\\/#primaryimage\"},\"image\":{\"@id\":\"https:\\\/\\\/www.teamprofi.de\\\/sv-grafing-ebersberg\\\/produkt\\\/kapuzensweat-organic\\\/#primaryimage\"},\"thumbnailUrl\":\"https:\\\/\\\/www.teamprofi.de\\\/sv-grafing-ebersberg\\\/wp-content\\\/uploads\\\/sites\\\/24\\\/2023\\\/05\\\/C6720-SchwimmvereinV.jpg\",\"datePublished\":\"2023-05-05T08:12:07+00:00\",\"dateModified\":\"2023-05-10T08:43:44+00:00\",\"breadcrumb\":{\"@id\":\"https:\\\/\\\/www.teamprofi.de\\\/sv-grafing-ebersberg\\\/produkt\\\/kapuzensweat-organic\\\/#breadcrumb\"},\"inLanguage\":\"de\",\"potentialAction\":[{\"@type\":\"ReadAction\",\"target\":[\"https:\\\/\\\/www.teamprofi.de\\\/sv-grafing-ebersberg\\\/produkt\\\/kapuzensweat-organic\\\/\"]}]},{\"@type\":\"ImageObject\",\"inLanguage\":\"de\",\"@id\":\"https:\\\/\\\/www.teamprofi.de\\\/sv-grafing-ebersberg\\\/produkt\\\/kapuzensweat-organic\\\/#primaryimage\",\"url\":\"https:\\\/\\\/www.teamprofi.de\\\/sv-grafing-ebersberg\\\/wp-content\\\/uploads\\\/sites\\\/24\\\/2023\\\/05\\\/C6720-SchwimmvereinV.jpg\",\"contentUrl\":\"https:\\\/\\\/www.teamprofi.de\\\/sv-grafing-ebersberg\\\/wp-content\\\/uploads\\\/sites\\\/24\\\/2023\\\/05\\\/C6720-SchwimmvereinV.jpg\",\"width\":2952,\"height\":2952},{\"@type\":\"BreadcrumbList\",\"@id\":\"https:\\\/\\\/www.teamprofi.de\\\/sv-grafing-ebersberg\\\/produkt\\\/kapuzensweat-organic\\\/#breadcrumb\",\"itemListElement\":[{\"@type\":\"ListItem\",\"position\":1,\"name\":\"Startseite\",\"item\":\"https:\\\/\\\/www.teamprofi.de\\\/sv-grafing-ebersberg\\\/\"},{\"@type\":\"ListItem\",\"position\":2,\"name\":\"Shop\",\"item\":\"https:\\\/\\\/www.teamprofi.de\\\/sv-grafing-ebersberg\\\/\"},{\"@type\":\"ListItem\",\"position\":3,\"name\":\"Kapuzensweat Organic unisex\"}]},{\"@type\":\"WebSite\",\"@id\":\"https:\\\/\\\/www.teamprofi.de\\\/sv-grafing-ebersberg\\\/#website\",\"url\":\"https:\\\/\\\/www.teamprofi.de\\\/sv-grafing-ebersberg\\\/\",\"name\":\"SV Grafing-Ebersberg\",\"description\":\"Vereins Shop - Sport G\u00fcrteler\",\"potentialAction\":[{\"@type\":\"SearchAction\",\"target\":{\"@type\":\"EntryPoint\",\"urlTemplate\":\"https:\\\/\\\/www.teamprofi.de\\\/sv-grafing-ebersberg\\\/?s={search_term_string}\"},\"query-input\":{\"@type\":\"PropertyValueSpecification\",\"valueRequired\":true,\"valueName\":\"search_term_string\"}}],\"inLanguage\":\"de\"}]}<\/script>\n<!-- \/ Yoast SEO plugin. -->","yoast_head_json":{"title":"Kapuzensweat Organic unisex - SV Grafing-Ebersberg","robots":{"index":"index","follow":"follow","max-snippet":"max-snippet:-1","max-image-preview":"max-image-preview:large","max-video-preview":"max-video-preview:-1"},"canonical":"https:\/\/www.teamprofi.de\/sv-grafing-ebersberg\/produkt\/kapuzensweat-organic\/","og_locale":"de_DE","og_type":"article","og_title":"Kapuzensweat Organic unisex - SV Grafing-Ebersberg","og_description":"Beschreibung Kapuzensweat Organic &#8211; Nachhaltige und funktionale Berufskleidung Unser Kapuzensweat Organic besteht aus ringgesponnener 70 % Baumwolle und 30 % Polyester. Die verarbeitete Baumwolle stammt aus kontrolliert biologischem Anbau. Durch","og_url":"https:\/\/www.teamprofi.de\/sv-grafing-ebersberg\/produkt\/kapuzensweat-organic\/","og_site_name":"SV Grafing-Ebersberg","article_modified_time":"2023-05-10T08:43:44+00:00","og_image":[{"width":2952,"height":2952,"url":"https:\/\/www.teamprofi.de\/sv-grafing-ebersberg\/wp-content\/uploads\/sites\/24\/2023\/05\/C6720-SchwimmvereinV.jpg","type":"image\/jpeg"}],"twitter_card":"summary_large_image","twitter_misc":{"Gesch\u00e4tzte Lesezeit":"1\u00a0Minute"},"schema":{"@context":"https:\/\/schema.org","@graph":[{"@type":"WebPage","@id":"https:\/\/www.teamprofi.de\/sv-grafing-ebersberg\/produkt\/kapuzensweat-organic\/","url":"https:\/\/www.teamprofi.de\/sv-grafing-ebersberg\/produkt\/kapuzensweat-organic\/","name":"Kapuzensweat Organic unisex - SV Grafing-Ebersberg","isPartOf":{"@id":"https:\/\/www.teamprofi.de\/sv-grafing-ebersberg\/#website"},"primaryImageOfPage":{"@id":"https:\/\/www.teamprofi.de\/sv-grafing-ebersberg\/produkt\/kapuzensweat-organic\/#primaryimage"},"image":{"@id":"https:\/\/www.teamprofi.de\/sv-grafing-ebersberg\/produkt\/kapuzensweat-organic\/#primaryimage"},"thumbnailUrl":"https:\/\/www.teamprofi.de\/sv-grafing-ebersberg\/wp-content\/uploads\/sites\/24\/2023\/05\/C6720-SchwimmvereinV.jpg","datePublished":"2023-05-05T08:12:07+00:00","dateModified":"2023-05-10T08:43:44+00:00","breadcrumb":{"@id":"https:\/\/www.teamprofi.de\/sv-grafing-ebersberg\/produkt\/kapuzensweat-organic\/#breadcrumb"},"inLanguage":"de","potentialAction":[{"@type":"ReadAction","target":["https:\/\/www.teamprofi.de\/sv-grafing-ebersberg\/produkt\/kapuzensweat-organic\/"]}]},{"@type":"ImageObject","inLanguage":"de","@id":"https:\/\/www.teamprofi.de\/sv-grafing-ebersberg\/produkt\/kapuzensweat-organic\/#primaryimage","url":"https:\/\/www.teamprofi.de\/sv-grafing-ebersberg\/wp-content\/uploads\/sites\/24\/2023\/05\/C6720-SchwimmvereinV.jpg","contentUrl":"https:\/\/www.teamprofi.de\/sv-grafing-ebersberg\/wp-content\/uploads\/sites\/24\/2023\/05\/C6720-SchwimmvereinV.jpg","width":2952,"height":2952},{"@type":"BreadcrumbList","@id":"https:\/\/www.teamprofi.de\/sv-grafing-ebersberg\/produkt\/kapuzensweat-organic\/#breadcrumb","itemListElement":[{"@type":"ListItem","position":1,"name":"Startseite","item":"https:\/\/www.teamprofi.de\/sv-grafing-ebersberg\/"},{"@type":"ListItem","position":2,"name":"Shop","item":"https:\/\/www.teamprofi.de\/sv-grafing-ebersberg\/"},{"@type":"ListItem","position":3,"name":"Kapuzensweat Organic unisex"}]},{"@type":"WebSite","@id":"https:\/\/www.teamprofi.de\/sv-grafing-ebersberg\/#website","url":"https:\/\/www.teamprofi.de\/sv-grafing-ebersberg\/","name":"SV Grafing-Ebersberg","description":"Vereins Shop - Sport G\u00fcrteler","potentialAction":[{"@type":"SearchAction","target":{"@type":"EntryPoint","urlTemplate":"https:\/\/www.teamprofi.de\/sv-grafing-ebersberg\/?s={search_term_string}"},"query-input":{"@type":"PropertyValueSpecification","valueRequired":true,"valueName":"search_term_string"}}],"inLanguage":"de"}]}},"_links":{"self":[{"href":"https:\/\/www.teamprofi.de\/sv-grafing-ebersberg\/wp-json\/wp\/v2\/product\/290","targetHints":{"allow":["GET"]}}],"collection":[{"href":"https:\/\/www.teamprofi.de\/sv-grafing-ebersberg\/wp-json\/wp\/v2\/product"}],"about":[{"href":"https:\/\/www.teamprofi.de\/sv-grafing-ebersberg\/wp-json\/wp\/v2\/types\/product"}],"wp:featuredmedia":[{"embeddable":true,"href":"https:\/\/www.teamprofi.de\/sv-grafing-ebersberg\/wp-json\/wp\/v2\/media\/305"}],"wp:attachment":[{"href":"https:\/\/www.teamprofi.de\/sv-grafing-ebersberg\/wp-json\/wp\/v2\/media?parent=290"}],"wp:term":[{"taxonomy":"product_brand","embeddable":true,"href":"https:\/\/www.teamprofi.de\/sv-grafing-ebersberg\/wp-json\/wp\/v2\/product_brand?post=290"},{"taxonomy":"product_cat","embeddable":true,"href":"https:\/\/www.teamprofi.de\/sv-grafing-ebersberg\/wp-json\/wp\/v2\/product_cat?post=290"},{"taxonomy":"product_tag","embeddable":true,"href":"https:\/\/www.teamprofi.de\/sv-grafing-ebersberg\/wp-json\/wp\/v2\/product_tag?post=290"}],"curies":[{"name":"wp","href":"https:\/\/api.w.org\/{rel}","templated":true}]}}