{"id":269,"date":"2023-05-05T10:12:02","date_gmt":"2023-05-05T08:12:02","guid":{"rendered":"https:\/\/www.teamprofi.de\/sv-grafing-ebersberg\/?post_type=product&#038;p=269"},"modified":"2023-05-10T10:38:23","modified_gmt":"2023-05-10T08:38:23","slug":"t-shirt-run-2-0","status":"publish","type":"product","link":"https:\/\/www.teamprofi.de\/sv-grafing-ebersberg\/produkt\/t-shirt-run-2-0\/","title":{"rendered":"T-Shirt Run 2.0"},"content":{"rendered":"<div id=\"itemcard_right\" class=\"itemcardTopRight col-xs-12 col-md-6 col-lg-5\">\n<div class=\"itemcard_details itemcard_infoblock\">\n<div class=\"itemcard_slidecontent_wrapper\">\n<div class=\"slidecontent_itemcard_wrapper active\">\n<div class=\"hl\"><strong>Beschreibung<\/strong><\/div>\n<div><\/div>\n<div class=\"text\">\u00a0An warmen Tagen zum Beispiel mit dem T-Shirt RUN 2.0. Das R\u00fcckenteil besteht aus einem atmungsaktiven Mesh &#8211; Einsatz, der beim Sport entstehende Feuchtigkeit wie Schwei\u00df von der Haut weg transportiert, damit sie an der Oberfl\u00e4che des Textilmaterials verdunsten kann. Auf diese Weise garantiert das Oberteil der Tr\u00e4gerin oder dem Tr\u00e4ger optimale Voraussetzungen f\u00fcr den Lauf. Das Laufshirt ist im typischen Look der Reihe gestaltet. Zehn trendige Farben mit einem Tape &#8211; Designelement auf der Nackeninnenseite passen perfekt zu deinen weiteren Laufstyles wie Tights, Oberteile oder Schuhen. So kannst Du deinen individuelles Sportoutfit erstellen. Das T-Shirt ist von 34 &#8211; 48 im Damenschnitt f\u00fcr sportliche Frauen, 128 &#8211; 164 f\u00fcr Kinder und S &#8211; 3XL f\u00fcr M\u00e4nner verf\u00fcgbar.<\/div>\n<div><\/div>\n<\/div>\n<div class=\"slidecontent_itemcard_wrapper active\">\n<div class=\"hl\"><strong>Details<\/strong><\/div>\n<div class=\"text\">\n<ul>\n<li>R\u00fccken aus Micro-Mesh<\/li>\n<li>Flatlock-N\u00e4hte<\/li>\n<li>Polyester-Micro-Mesh<\/li>\n<li>Materialmix<\/li>\n<\/ul>\n<\/div>\n<\/div>\n<div class=\"slidecontent_itemcard_wrapper active\">\n<div class=\"hl\"><strong>Material<\/strong><\/div>\n<div class=\"text\">\n<ul>\n<li>100 % Polyester (recycelt)<\/li>\n<\/ul>\n<\/div>\n<\/div>\n<div class=\"attributeIcons marginTop--large\"><img decoding=\"async\" title=\"\" src=\"https:\/\/cdn.jako.de\/userdata\/dcshop\/filter_icon\/251439_tec_konzept_keep_dry_2021_70x70px.jpg\" data-toggle=\"tooltip\" data-original-title=\"Microfeine Fasern transportieren Feuchtigkeit unmittelbar an die Oberfl\u00e4che des Stoffes. So gew\u00e4hrleistet KEEP DRY, dass das Material sehr schnell trocknet und Du beim Sport nicht ausk\u00fchlst. \" \/><img decoding=\"async\" class=\"\" title=\"\" src=\"https:\/\/cdn.jako.de\/userdata\/dcshop\/filter_icon\/664706_fair_logo_ganz_70x70px.jpg\" data-toggle=\"tooltip\" data-original-title=\"100 % der eingesetzten Materialien bestehen aus recyceltem Polyester\" \/><\/div>\n<div class=\"attributeIcons__item marginTop--large\"><img decoding=\"async\" title=\"\" src=\"https:\/\/cdn.jako.de\/userdata\/dcshop\/filter_icon\/170931_wash40.png\" data-toggle=\"tooltip\" data-original-title=\"40\u00b0 waschen\" \/><img decoding=\"async\" title=\"\" src=\"https:\/\/cdn.jako.de\/userdata\/dcshop\/filter_icon\/911081_bleach_not.png\" data-toggle=\"tooltip\" data-original-title=\"nicht chloren\" \/><img decoding=\"async\" title=\"\" src=\"https:\/\/cdn.jako.de\/userdata\/dcshop\/filter_icon\/848187_tumble_low.png\" data-toggle=\"tooltip\" data-original-title=\"trocknen niedrige Temperatur\" \/><img decoding=\"async\" title=\"\" src=\"https:\/\/cdn.jako.de\/userdata\/dcshop\/filter_icon\/438269_iron_low.png\" data-toggle=\"tooltip\" data-original-title=\"b\u00fcgeln niedrige Temperatur\" \/><img decoding=\"async\" title=\"\" src=\"https:\/\/cdn.jako.de\/userdata\/dcshop\/filter_icon\/591149_clean_not.png\" data-toggle=\"tooltip\" data-original-title=\"nicht chemisch reinigen\" \/><\/div>\n<\/div>\n<\/div>\n<\/div>\n","protected":false},"excerpt":{"rendered":"<p>Beschreibung \u00a0An warmen Tagen zum Beispiel mit dem T-Shirt RUN 2.0. Das R\u00fcckenteil besteht aus einem atmungsaktiven Mesh &#8211; Einsatz, der beim Sport entstehende Feuchtigkeit wie Schwei\u00df von der Haut<\/p>\n","protected":false},"featured_media":289,"template":"","meta":{"inline_featured_image":false,"rs_blank_template":"","rs_page_bg_color":"","slide_template_v7":""},"product_brand":[],"product_cat":[15],"product_tag":[],"class_list":{"0":"post-269","1":"product","2":"type-product","3":"status-publish","4":"has-post-thumbnail","6":"product_cat-teamsport","8":"first","9":"instock","10":"taxable","11":"shipping-taxable","12":"purchasable","13":"product-type-variable"},"yoast_head":"<!-- This site is optimized with the Yoast SEO plugin v27.3 - https:\/\/yoast.com\/product\/yoast-seo-wordpress\/ -->\n<title>T-Shirt Run 2.0 - SV Grafing-Ebersberg<\/title>\n<meta name=\"robots\" content=\"index, follow, max-snippet:-1, max-image-preview:large, max-video-preview:-1\" \/>\n<link rel=\"canonical\" href=\"https:\/\/www.teamprofi.de\/sv-grafing-ebersberg\/produkt\/t-shirt-run-2-0\/\" \/>\n<meta property=\"og:locale\" content=\"de_DE\" \/>\n<meta property=\"og:type\" content=\"article\" \/>\n<meta property=\"og:title\" content=\"T-Shirt Run 2.0 - SV Grafing-Ebersberg\" \/>\n<meta property=\"og:description\" content=\"Beschreibung \u00a0An warmen Tagen zum Beispiel mit dem T-Shirt RUN 2.0. Das R\u00fcckenteil besteht aus einem atmungsaktiven Mesh &#8211; Einsatz, der beim Sport entstehende Feuchtigkeit wie Schwei\u00df von der Haut\" \/>\n<meta property=\"og:url\" content=\"https:\/\/www.teamprofi.de\/sv-grafing-ebersberg\/produkt\/t-shirt-run-2-0\/\" \/>\n<meta property=\"og:site_name\" content=\"SV Grafing-Ebersberg\" \/>\n<meta property=\"article:modified_time\" content=\"2023-05-10T08:38:23+00:00\" \/>\n<meta property=\"og:image\" content=\"https:\/\/www.teamprofi.de\/sv-grafing-ebersberg\/wp-content\/uploads\/sites\/24\/2023\/05\/6175V-Schwimmverein.jpg\" \/>\n\t<meta property=\"og:image:width\" content=\"2953\" \/>\n\t<meta property=\"og:image:height\" content=\"2953\" \/>\n\t<meta property=\"og:image:type\" content=\"image\/jpeg\" \/>\n<meta name=\"twitter:card\" content=\"summary_large_image\" \/>\n<meta name=\"twitter:label1\" content=\"Gesch\u00e4tzte Lesezeit\" \/>\n\t<meta name=\"twitter:data1\" content=\"1\u00a0Minute\" \/>\n<script type=\"application\/ld+json\" class=\"yoast-schema-graph\">{\"@context\":\"https:\\\/\\\/schema.org\",\"@graph\":[{\"@type\":\"WebPage\",\"@id\":\"https:\\\/\\\/www.teamprofi.de\\\/sv-grafing-ebersberg\\\/produkt\\\/t-shirt-run-2-0\\\/\",\"url\":\"https:\\\/\\\/www.teamprofi.de\\\/sv-grafing-ebersberg\\\/produkt\\\/t-shirt-run-2-0\\\/\",\"name\":\"T-Shirt Run 2.0 - SV Grafing-Ebersberg\",\"isPartOf\":{\"@id\":\"https:\\\/\\\/www.teamprofi.de\\\/sv-grafing-ebersberg\\\/#website\"},\"primaryImageOfPage\":{\"@id\":\"https:\\\/\\\/www.teamprofi.de\\\/sv-grafing-ebersberg\\\/produkt\\\/t-shirt-run-2-0\\\/#primaryimage\"},\"image\":{\"@id\":\"https:\\\/\\\/www.teamprofi.de\\\/sv-grafing-ebersberg\\\/produkt\\\/t-shirt-run-2-0\\\/#primaryimage\"},\"thumbnailUrl\":\"https:\\\/\\\/www.teamprofi.de\\\/sv-grafing-ebersberg\\\/wp-content\\\/uploads\\\/sites\\\/24\\\/2023\\\/05\\\/6175V-Schwimmverein.jpg\",\"datePublished\":\"2023-05-05T08:12:02+00:00\",\"dateModified\":\"2023-05-10T08:38:23+00:00\",\"breadcrumb\":{\"@id\":\"https:\\\/\\\/www.teamprofi.de\\\/sv-grafing-ebersberg\\\/produkt\\\/t-shirt-run-2-0\\\/#breadcrumb\"},\"inLanguage\":\"de\",\"potentialAction\":[{\"@type\":\"ReadAction\",\"target\":[\"https:\\\/\\\/www.teamprofi.de\\\/sv-grafing-ebersberg\\\/produkt\\\/t-shirt-run-2-0\\\/\"]}]},{\"@type\":\"ImageObject\",\"inLanguage\":\"de\",\"@id\":\"https:\\\/\\\/www.teamprofi.de\\\/sv-grafing-ebersberg\\\/produkt\\\/t-shirt-run-2-0\\\/#primaryimage\",\"url\":\"https:\\\/\\\/www.teamprofi.de\\\/sv-grafing-ebersberg\\\/wp-content\\\/uploads\\\/sites\\\/24\\\/2023\\\/05\\\/6175V-Schwimmverein.jpg\",\"contentUrl\":\"https:\\\/\\\/www.teamprofi.de\\\/sv-grafing-ebersberg\\\/wp-content\\\/uploads\\\/sites\\\/24\\\/2023\\\/05\\\/6175V-Schwimmverein.jpg\",\"width\":2953,\"height\":2953},{\"@type\":\"BreadcrumbList\",\"@id\":\"https:\\\/\\\/www.teamprofi.de\\\/sv-grafing-ebersberg\\\/produkt\\\/t-shirt-run-2-0\\\/#breadcrumb\",\"itemListElement\":[{\"@type\":\"ListItem\",\"position\":1,\"name\":\"Startseite\",\"item\":\"https:\\\/\\\/www.teamprofi.de\\\/sv-grafing-ebersberg\\\/\"},{\"@type\":\"ListItem\",\"position\":2,\"name\":\"Shop\",\"item\":\"https:\\\/\\\/www.teamprofi.de\\\/sv-grafing-ebersberg\\\/\"},{\"@type\":\"ListItem\",\"position\":3,\"name\":\"T-Shirt Run 2.0\"}]},{\"@type\":\"WebSite\",\"@id\":\"https:\\\/\\\/www.teamprofi.de\\\/sv-grafing-ebersberg\\\/#website\",\"url\":\"https:\\\/\\\/www.teamprofi.de\\\/sv-grafing-ebersberg\\\/\",\"name\":\"SV Grafing-Ebersberg\",\"description\":\"Vereins Shop - Sport G\u00fcrteler\",\"potentialAction\":[{\"@type\":\"SearchAction\",\"target\":{\"@type\":\"EntryPoint\",\"urlTemplate\":\"https:\\\/\\\/www.teamprofi.de\\\/sv-grafing-ebersberg\\\/?s={search_term_string}\"},\"query-input\":{\"@type\":\"PropertyValueSpecification\",\"valueRequired\":true,\"valueName\":\"search_term_string\"}}],\"inLanguage\":\"de\"}]}<\/script>\n<!-- \/ Yoast SEO plugin. -->","yoast_head_json":{"title":"T-Shirt Run 2.0 - SV Grafing-Ebersberg","robots":{"index":"index","follow":"follow","max-snippet":"max-snippet:-1","max-image-preview":"max-image-preview:large","max-video-preview":"max-video-preview:-1"},"canonical":"https:\/\/www.teamprofi.de\/sv-grafing-ebersberg\/produkt\/t-shirt-run-2-0\/","og_locale":"de_DE","og_type":"article","og_title":"T-Shirt Run 2.0 - SV Grafing-Ebersberg","og_description":"Beschreibung \u00a0An warmen Tagen zum Beispiel mit dem T-Shirt RUN 2.0. Das R\u00fcckenteil besteht aus einem atmungsaktiven Mesh &#8211; Einsatz, der beim Sport entstehende Feuchtigkeit wie Schwei\u00df von der Haut","og_url":"https:\/\/www.teamprofi.de\/sv-grafing-ebersberg\/produkt\/t-shirt-run-2-0\/","og_site_name":"SV Grafing-Ebersberg","article_modified_time":"2023-05-10T08:38:23+00:00","og_image":[{"width":2953,"height":2953,"url":"https:\/\/www.teamprofi.de\/sv-grafing-ebersberg\/wp-content\/uploads\/sites\/24\/2023\/05\/6175V-Schwimmverein.jpg","type":"image\/jpeg"}],"twitter_card":"summary_large_image","twitter_misc":{"Gesch\u00e4tzte Lesezeit":"1\u00a0Minute"},"schema":{"@context":"https:\/\/schema.org","@graph":[{"@type":"WebPage","@id":"https:\/\/www.teamprofi.de\/sv-grafing-ebersberg\/produkt\/t-shirt-run-2-0\/","url":"https:\/\/www.teamprofi.de\/sv-grafing-ebersberg\/produkt\/t-shirt-run-2-0\/","name":"T-Shirt Run 2.0 - SV Grafing-Ebersberg","isPartOf":{"@id":"https:\/\/www.teamprofi.de\/sv-grafing-ebersberg\/#website"},"primaryImageOfPage":{"@id":"https:\/\/www.teamprofi.de\/sv-grafing-ebersberg\/produkt\/t-shirt-run-2-0\/#primaryimage"},"image":{"@id":"https:\/\/www.teamprofi.de\/sv-grafing-ebersberg\/produkt\/t-shirt-run-2-0\/#primaryimage"},"thumbnailUrl":"https:\/\/www.teamprofi.de\/sv-grafing-ebersberg\/wp-content\/uploads\/sites\/24\/2023\/05\/6175V-Schwimmverein.jpg","datePublished":"2023-05-05T08:12:02+00:00","dateModified":"2023-05-10T08:38:23+00:00","breadcrumb":{"@id":"https:\/\/www.teamprofi.de\/sv-grafing-ebersberg\/produkt\/t-shirt-run-2-0\/#breadcrumb"},"inLanguage":"de","potentialAction":[{"@type":"ReadAction","target":["https:\/\/www.teamprofi.de\/sv-grafing-ebersberg\/produkt\/t-shirt-run-2-0\/"]}]},{"@type":"ImageObject","inLanguage":"de","@id":"https:\/\/www.teamprofi.de\/sv-grafing-ebersberg\/produkt\/t-shirt-run-2-0\/#primaryimage","url":"https:\/\/www.teamprofi.de\/sv-grafing-ebersberg\/wp-content\/uploads\/sites\/24\/2023\/05\/6175V-Schwimmverein.jpg","contentUrl":"https:\/\/www.teamprofi.de\/sv-grafing-ebersberg\/wp-content\/uploads\/sites\/24\/2023\/05\/6175V-Schwimmverein.jpg","width":2953,"height":2953},{"@type":"BreadcrumbList","@id":"https:\/\/www.teamprofi.de\/sv-grafing-ebersberg\/produkt\/t-shirt-run-2-0\/#breadcrumb","itemListElement":[{"@type":"ListItem","position":1,"name":"Startseite","item":"https:\/\/www.teamprofi.de\/sv-grafing-ebersberg\/"},{"@type":"ListItem","position":2,"name":"Shop","item":"https:\/\/www.teamprofi.de\/sv-grafing-ebersberg\/"},{"@type":"ListItem","position":3,"name":"T-Shirt Run 2.0"}]},{"@type":"WebSite","@id":"https:\/\/www.teamprofi.de\/sv-grafing-ebersberg\/#website","url":"https:\/\/www.teamprofi.de\/sv-grafing-ebersberg\/","name":"SV Grafing-Ebersberg","description":"Vereins Shop - Sport G\u00fcrteler","potentialAction":[{"@type":"SearchAction","target":{"@type":"EntryPoint","urlTemplate":"https:\/\/www.teamprofi.de\/sv-grafing-ebersberg\/?s={search_term_string}"},"query-input":{"@type":"PropertyValueSpecification","valueRequired":true,"valueName":"search_term_string"}}],"inLanguage":"de"}]}},"_links":{"self":[{"href":"https:\/\/www.teamprofi.de\/sv-grafing-ebersberg\/wp-json\/wp\/v2\/product\/269","targetHints":{"allow":["GET"]}}],"collection":[{"href":"https:\/\/www.teamprofi.de\/sv-grafing-ebersberg\/wp-json\/wp\/v2\/product"}],"about":[{"href":"https:\/\/www.teamprofi.de\/sv-grafing-ebersberg\/wp-json\/wp\/v2\/types\/product"}],"wp:featuredmedia":[{"embeddable":true,"href":"https:\/\/www.teamprofi.de\/sv-grafing-ebersberg\/wp-json\/wp\/v2\/media\/289"}],"wp:attachment":[{"href":"https:\/\/www.teamprofi.de\/sv-grafing-ebersberg\/wp-json\/wp\/v2\/media?parent=269"}],"wp:term":[{"taxonomy":"product_brand","embeddable":true,"href":"https:\/\/www.teamprofi.de\/sv-grafing-ebersberg\/wp-json\/wp\/v2\/product_brand?post=269"},{"taxonomy":"product_cat","embeddable":true,"href":"https:\/\/www.teamprofi.de\/sv-grafing-ebersberg\/wp-json\/wp\/v2\/product_cat?post=269"},{"taxonomy":"product_tag","embeddable":true,"href":"https:\/\/www.teamprofi.de\/sv-grafing-ebersberg\/wp-json\/wp\/v2\/product_tag?post=269"}],"curies":[{"name":"wp","href":"https:\/\/api.w.org\/{rel}","templated":true}]}}