{"id":245,"date":"2023-05-05T10:11:53","date_gmt":"2023-05-05T08:11:53","guid":{"rendered":"https:\/\/www.teamprofi.de\/sv-grafing-ebersberg\/?post_type=product&#038;p=245"},"modified":"2023-05-10T10:27:59","modified_gmt":"2023-05-10T08:27:59","slug":"t-shirt-organic-stretch","status":"publish","type":"product","link":"https:\/\/www.teamprofi.de\/sv-grafing-ebersberg\/produkt\/t-shirt-organic-stretch\/","title":{"rendered":"T-Shirt Organic Stretch"},"content":{"rendered":"<div id=\"itemcard_right\" class=\"itemcardTopRight col-xs-12 col-md-6 col-lg-5\">\n<div class=\"itemcard_details itemcard_infoblock\">\n<div class=\"itemcard_slidecontent_wrapper\">\n<div class=\"slidecontent_itemcard_wrapper active\">\n<div class=\"hl\"><strong>Beschreibung<\/strong><\/div>\n<div class=\"text\">\n<p>Nachhaltiges Stretch T-Shirt f\u00fcr Freizeit und Beruf<\/p>\n<p>Durch den Materialmix von 95 % gek\u00e4mmter, ringgesponnener Bio-Baumwolle und 5 % Elasthan bietet das T-Shirt Organic Stretch einen hervorragenden Tragekomfort und eignet sich somit ideal f\u00fcr Berufsbekleidung. Durch verst\u00e4rkte Schultern\u00e4hte, eine hochwertige Verarbeitung und Farbstoffe ist das Shirt der Corporate Teamwear auch nach mehreren W\u00e4schen formstabil und farbecht. Wie alle unsere Organic Artikel ist auch das T-Shirt Organic Stretch bei 60\u00b0 C waschbar und einlaufvorbehandelt. Es hat einen Rundhalsausschnitt mit Rippkragen f\u00fcr Damen und Herren.<\/p>\n<\/div>\n<\/div>\n<div class=\"slidecontent_itemcard_wrapper active\">\n<div class=\"text\">\n<ul>\n<li>Einlaufvorbehandelt<\/li>\n<li>Verst\u00e4rkte Schultern\u00e4hte<\/li>\n<li>Baumwolle aus kontrolliert biologischem Anbau<\/li>\n<li>Rundhals-Rippkragen<\/li>\n<li>60 \u00b0C waschbar<\/li>\n<li>Single-Jersey<\/li>\n<li>Feminin geschnittener Rundhalsausschnitt<\/li>\n<\/ul>\n<\/div>\n<\/div>\n<div class=\"slidecontent_itemcard_wrapper active\">\n<div class=\"hl\"><strong>Material<\/strong><\/div>\n<div class=\"text\">\n<ul>\n<li>Fb. 520: 90 % Baumwolle (Bio), 5 % Elasthan, 5 % Viskose<\/li>\n<li>170 g\/m\u00b2<\/li>\n<li>95 % Baumwolle (Bio), 5 % Elasthan<\/li>\n<\/ul>\n<\/div>\n<\/div>\n<div class=\"attributeIcons marginTop--large\"><img decoding=\"async\" title=\"\" src=\"https:\/\/cdn.jako.de\/userdata\/dcshop\/filter_icon\/230586_fair_logo_halb_70x70px.jpg\" data-toggle=\"tooltip\" data-original-title=\"Mindestens 50 % der eingesetzten Materialien bestehen aus Bio-Baumwolle\" \/><\/div>\n<div class=\"attributeIcons__item marginTop--large\"><img decoding=\"async\" title=\"\" src=\"https:\/\/cdn.jako.de\/userdata\/dcshop\/filter_icon\/708102_wash60.png\" data-toggle=\"tooltip\" data-original-title=\"60\u00b0 waschen\" \/><img decoding=\"async\" title=\"\" src=\"https:\/\/cdn.jako.de\/userdata\/dcshop\/filter_icon\/911081_bleach_not.png\" data-toggle=\"tooltip\" data-original-title=\"nicht chloren\" \/><img decoding=\"async\" title=\"\" src=\"https:\/\/cdn.jako.de\/userdata\/dcshop\/filter_icon\/848187_tumble_low.png\" data-toggle=\"tooltip\" data-original-title=\"trocknen niedrige Temperatur\" \/><img decoding=\"async\" title=\"\" src=\"https:\/\/cdn.jako.de\/userdata\/dcshop\/filter_icon\/798005_iron_mid.png\" data-toggle=\"tooltip\" data-original-title=\"b\u00fcgeln mittlere Temperatur\" \/><img decoding=\"async\" title=\"\" src=\"https:\/\/cdn.jako.de\/userdata\/dcshop\/filter_icon\/591149_clean_not.png\" data-toggle=\"tooltip\" data-original-title=\"nicht chemisch reinigen\" \/><\/div>\n<\/div>\n<\/div>\n<\/div>\n","protected":false},"excerpt":{"rendered":"<p>Beschreibung Nachhaltiges Stretch T-Shirt f\u00fcr Freizeit und Beruf Durch den Materialmix von 95 % gek\u00e4mmter, ringgesponnener Bio-Baumwolle und 5 % Elasthan bietet das T-Shirt Organic Stretch einen hervorragenden Tragekomfort und<\/p>\n","protected":false},"featured_media":262,"template":"","meta":{"inline_featured_image":false,"rs_blank_template":"","rs_page_bg_color":"","slide_template_v7":""},"product_brand":[],"product_cat":[15],"product_tag":[],"class_list":{"0":"post-245","1":"product","2":"type-product","3":"status-publish","4":"has-post-thumbnail","6":"product_cat-teamsport","8":"first","9":"instock","10":"taxable","11":"shipping-taxable","12":"purchasable","13":"product-type-variable"},"yoast_head":"<!-- This site is optimized with the Yoast SEO plugin v27.3 - https:\/\/yoast.com\/product\/yoast-seo-wordpress\/ -->\n<title>T-Shirt Organic Stretch - SV Grafing-Ebersberg<\/title>\n<meta name=\"robots\" content=\"index, follow, max-snippet:-1, max-image-preview:large, max-video-preview:-1\" \/>\n<link rel=\"canonical\" href=\"https:\/\/www.teamprofi.de\/sv-grafing-ebersberg\/produkt\/t-shirt-organic-stretch\/\" \/>\n<meta property=\"og:locale\" content=\"de_DE\" \/>\n<meta property=\"og:type\" content=\"article\" \/>\n<meta property=\"og:title\" content=\"T-Shirt Organic Stretch - SV Grafing-Ebersberg\" \/>\n<meta property=\"og:description\" content=\"Beschreibung Nachhaltiges Stretch T-Shirt f\u00fcr Freizeit und Beruf Durch den Materialmix von 95 % gek\u00e4mmter, ringgesponnener Bio-Baumwolle und 5 % Elasthan bietet das T-Shirt Organic Stretch einen hervorragenden Tragekomfort und\" \/>\n<meta property=\"og:url\" content=\"https:\/\/www.teamprofi.de\/sv-grafing-ebersberg\/produkt\/t-shirt-organic-stretch\/\" \/>\n<meta property=\"og:site_name\" content=\"SV Grafing-Ebersberg\" \/>\n<meta property=\"article:modified_time\" content=\"2023-05-10T08:27:59+00:00\" \/>\n<meta property=\"og:image\" content=\"https:\/\/www.teamprofi.de\/sv-grafing-ebersberg\/wp-content\/uploads\/sites\/24\/2023\/05\/C6121-Schwimverein.jpg\" \/>\n\t<meta property=\"og:image:width\" content=\"2953\" \/>\n\t<meta property=\"og:image:height\" content=\"2953\" \/>\n\t<meta property=\"og:image:type\" content=\"image\/jpeg\" \/>\n<meta name=\"twitter:card\" content=\"summary_large_image\" \/>\n<meta name=\"twitter:label1\" content=\"Gesch\u00e4tzte Lesezeit\" \/>\n\t<meta name=\"twitter:data1\" content=\"1\u00a0Minute\" \/>\n<script type=\"application\/ld+json\" class=\"yoast-schema-graph\">{\"@context\":\"https:\\\/\\\/schema.org\",\"@graph\":[{\"@type\":\"WebPage\",\"@id\":\"https:\\\/\\\/www.teamprofi.de\\\/sv-grafing-ebersberg\\\/produkt\\\/t-shirt-organic-stretch\\\/\",\"url\":\"https:\\\/\\\/www.teamprofi.de\\\/sv-grafing-ebersberg\\\/produkt\\\/t-shirt-organic-stretch\\\/\",\"name\":\"T-Shirt Organic Stretch - SV Grafing-Ebersberg\",\"isPartOf\":{\"@id\":\"https:\\\/\\\/www.teamprofi.de\\\/sv-grafing-ebersberg\\\/#website\"},\"primaryImageOfPage\":{\"@id\":\"https:\\\/\\\/www.teamprofi.de\\\/sv-grafing-ebersberg\\\/produkt\\\/t-shirt-organic-stretch\\\/#primaryimage\"},\"image\":{\"@id\":\"https:\\\/\\\/www.teamprofi.de\\\/sv-grafing-ebersberg\\\/produkt\\\/t-shirt-organic-stretch\\\/#primaryimage\"},\"thumbnailUrl\":\"https:\\\/\\\/www.teamprofi.de\\\/sv-grafing-ebersberg\\\/wp-content\\\/uploads\\\/sites\\\/24\\\/2023\\\/05\\\/C6121-Schwimverein.jpg\",\"datePublished\":\"2023-05-05T08:11:53+00:00\",\"dateModified\":\"2023-05-10T08:27:59+00:00\",\"breadcrumb\":{\"@id\":\"https:\\\/\\\/www.teamprofi.de\\\/sv-grafing-ebersberg\\\/produkt\\\/t-shirt-organic-stretch\\\/#breadcrumb\"},\"inLanguage\":\"de\",\"potentialAction\":[{\"@type\":\"ReadAction\",\"target\":[\"https:\\\/\\\/www.teamprofi.de\\\/sv-grafing-ebersberg\\\/produkt\\\/t-shirt-organic-stretch\\\/\"]}]},{\"@type\":\"ImageObject\",\"inLanguage\":\"de\",\"@id\":\"https:\\\/\\\/www.teamprofi.de\\\/sv-grafing-ebersberg\\\/produkt\\\/t-shirt-organic-stretch\\\/#primaryimage\",\"url\":\"https:\\\/\\\/www.teamprofi.de\\\/sv-grafing-ebersberg\\\/wp-content\\\/uploads\\\/sites\\\/24\\\/2023\\\/05\\\/C6121-Schwimverein.jpg\",\"contentUrl\":\"https:\\\/\\\/www.teamprofi.de\\\/sv-grafing-ebersberg\\\/wp-content\\\/uploads\\\/sites\\\/24\\\/2023\\\/05\\\/C6121-Schwimverein.jpg\",\"width\":2953,\"height\":2953},{\"@type\":\"BreadcrumbList\",\"@id\":\"https:\\\/\\\/www.teamprofi.de\\\/sv-grafing-ebersberg\\\/produkt\\\/t-shirt-organic-stretch\\\/#breadcrumb\",\"itemListElement\":[{\"@type\":\"ListItem\",\"position\":1,\"name\":\"Startseite\",\"item\":\"https:\\\/\\\/www.teamprofi.de\\\/sv-grafing-ebersberg\\\/\"},{\"@type\":\"ListItem\",\"position\":2,\"name\":\"Shop\",\"item\":\"https:\\\/\\\/www.teamprofi.de\\\/sv-grafing-ebersberg\\\/\"},{\"@type\":\"ListItem\",\"position\":3,\"name\":\"T-Shirt Organic Stretch\"}]},{\"@type\":\"WebSite\",\"@id\":\"https:\\\/\\\/www.teamprofi.de\\\/sv-grafing-ebersberg\\\/#website\",\"url\":\"https:\\\/\\\/www.teamprofi.de\\\/sv-grafing-ebersberg\\\/\",\"name\":\"SV Grafing-Ebersberg\",\"description\":\"Vereins Shop - Sport G\u00fcrteler\",\"potentialAction\":[{\"@type\":\"SearchAction\",\"target\":{\"@type\":\"EntryPoint\",\"urlTemplate\":\"https:\\\/\\\/www.teamprofi.de\\\/sv-grafing-ebersberg\\\/?s={search_term_string}\"},\"query-input\":{\"@type\":\"PropertyValueSpecification\",\"valueRequired\":true,\"valueName\":\"search_term_string\"}}],\"inLanguage\":\"de\"}]}<\/script>\n<!-- \/ Yoast SEO plugin. -->","yoast_head_json":{"title":"T-Shirt Organic Stretch - SV Grafing-Ebersberg","robots":{"index":"index","follow":"follow","max-snippet":"max-snippet:-1","max-image-preview":"max-image-preview:large","max-video-preview":"max-video-preview:-1"},"canonical":"https:\/\/www.teamprofi.de\/sv-grafing-ebersberg\/produkt\/t-shirt-organic-stretch\/","og_locale":"de_DE","og_type":"article","og_title":"T-Shirt Organic Stretch - SV Grafing-Ebersberg","og_description":"Beschreibung Nachhaltiges Stretch T-Shirt f\u00fcr Freizeit und Beruf Durch den Materialmix von 95 % gek\u00e4mmter, ringgesponnener Bio-Baumwolle und 5 % Elasthan bietet das T-Shirt Organic Stretch einen hervorragenden Tragekomfort und","og_url":"https:\/\/www.teamprofi.de\/sv-grafing-ebersberg\/produkt\/t-shirt-organic-stretch\/","og_site_name":"SV Grafing-Ebersberg","article_modified_time":"2023-05-10T08:27:59+00:00","og_image":[{"width":2953,"height":2953,"url":"https:\/\/www.teamprofi.de\/sv-grafing-ebersberg\/wp-content\/uploads\/sites\/24\/2023\/05\/C6121-Schwimverein.jpg","type":"image\/jpeg"}],"twitter_card":"summary_large_image","twitter_misc":{"Gesch\u00e4tzte Lesezeit":"1\u00a0Minute"},"schema":{"@context":"https:\/\/schema.org","@graph":[{"@type":"WebPage","@id":"https:\/\/www.teamprofi.de\/sv-grafing-ebersberg\/produkt\/t-shirt-organic-stretch\/","url":"https:\/\/www.teamprofi.de\/sv-grafing-ebersberg\/produkt\/t-shirt-organic-stretch\/","name":"T-Shirt Organic Stretch - SV Grafing-Ebersberg","isPartOf":{"@id":"https:\/\/www.teamprofi.de\/sv-grafing-ebersberg\/#website"},"primaryImageOfPage":{"@id":"https:\/\/www.teamprofi.de\/sv-grafing-ebersberg\/produkt\/t-shirt-organic-stretch\/#primaryimage"},"image":{"@id":"https:\/\/www.teamprofi.de\/sv-grafing-ebersberg\/produkt\/t-shirt-organic-stretch\/#primaryimage"},"thumbnailUrl":"https:\/\/www.teamprofi.de\/sv-grafing-ebersberg\/wp-content\/uploads\/sites\/24\/2023\/05\/C6121-Schwimverein.jpg","datePublished":"2023-05-05T08:11:53+00:00","dateModified":"2023-05-10T08:27:59+00:00","breadcrumb":{"@id":"https:\/\/www.teamprofi.de\/sv-grafing-ebersberg\/produkt\/t-shirt-organic-stretch\/#breadcrumb"},"inLanguage":"de","potentialAction":[{"@type":"ReadAction","target":["https:\/\/www.teamprofi.de\/sv-grafing-ebersberg\/produkt\/t-shirt-organic-stretch\/"]}]},{"@type":"ImageObject","inLanguage":"de","@id":"https:\/\/www.teamprofi.de\/sv-grafing-ebersberg\/produkt\/t-shirt-organic-stretch\/#primaryimage","url":"https:\/\/www.teamprofi.de\/sv-grafing-ebersberg\/wp-content\/uploads\/sites\/24\/2023\/05\/C6121-Schwimverein.jpg","contentUrl":"https:\/\/www.teamprofi.de\/sv-grafing-ebersberg\/wp-content\/uploads\/sites\/24\/2023\/05\/C6121-Schwimverein.jpg","width":2953,"height":2953},{"@type":"BreadcrumbList","@id":"https:\/\/www.teamprofi.de\/sv-grafing-ebersberg\/produkt\/t-shirt-organic-stretch\/#breadcrumb","itemListElement":[{"@type":"ListItem","position":1,"name":"Startseite","item":"https:\/\/www.teamprofi.de\/sv-grafing-ebersberg\/"},{"@type":"ListItem","position":2,"name":"Shop","item":"https:\/\/www.teamprofi.de\/sv-grafing-ebersberg\/"},{"@type":"ListItem","position":3,"name":"T-Shirt Organic Stretch"}]},{"@type":"WebSite","@id":"https:\/\/www.teamprofi.de\/sv-grafing-ebersberg\/#website","url":"https:\/\/www.teamprofi.de\/sv-grafing-ebersberg\/","name":"SV Grafing-Ebersberg","description":"Vereins Shop - Sport G\u00fcrteler","potentialAction":[{"@type":"SearchAction","target":{"@type":"EntryPoint","urlTemplate":"https:\/\/www.teamprofi.de\/sv-grafing-ebersberg\/?s={search_term_string}"},"query-input":{"@type":"PropertyValueSpecification","valueRequired":true,"valueName":"search_term_string"}}],"inLanguage":"de"}]}},"_links":{"self":[{"href":"https:\/\/www.teamprofi.de\/sv-grafing-ebersberg\/wp-json\/wp\/v2\/product\/245","targetHints":{"allow":["GET"]}}],"collection":[{"href":"https:\/\/www.teamprofi.de\/sv-grafing-ebersberg\/wp-json\/wp\/v2\/product"}],"about":[{"href":"https:\/\/www.teamprofi.de\/sv-grafing-ebersberg\/wp-json\/wp\/v2\/types\/product"}],"wp:featuredmedia":[{"embeddable":true,"href":"https:\/\/www.teamprofi.de\/sv-grafing-ebersberg\/wp-json\/wp\/v2\/media\/262"}],"wp:attachment":[{"href":"https:\/\/www.teamprofi.de\/sv-grafing-ebersberg\/wp-json\/wp\/v2\/media?parent=245"}],"wp:term":[{"taxonomy":"product_brand","embeddable":true,"href":"https:\/\/www.teamprofi.de\/sv-grafing-ebersberg\/wp-json\/wp\/v2\/product_brand?post=245"},{"taxonomy":"product_cat","embeddable":true,"href":"https:\/\/www.teamprofi.de\/sv-grafing-ebersberg\/wp-json\/wp\/v2\/product_cat?post=245"},{"taxonomy":"product_tag","embeddable":true,"href":"https:\/\/www.teamprofi.de\/sv-grafing-ebersberg\/wp-json\/wp\/v2\/product_tag?post=245"}],"curies":[{"name":"wp","href":"https:\/\/api.w.org\/{rel}","templated":true}]}}