{"id":87,"date":"2018-05-02T17:04:13","date_gmt":"2018-05-02T15:04:13","guid":{"rendered":"https:\/\/www.teamprofi.de\/spvgg-markt-schwaben\/?post_type=product&#038;p=87"},"modified":"2024-11-29T10:44:20","modified_gmt":"2024-11-29T09:44:20","slug":"classico-polyesterhose","status":"publish","type":"product","link":"https:\/\/www.teamprofi.de\/spvgg-markt-schwaben\/produkt\/classico-polyesterhose","title":{"rendered":"Classico Polyesterhose"},"content":{"rendered":"<p>Eine klassische Fu\u00dfballhose, im Design auf das Wesentliche fokussiert und mit allen Funktionen ausgestattet, die Du auf dem Platz ben\u00f6tigst. Das Textilmaterial aus Polyester ist leicht und trocknet schnell. Der Beinabschluss ist mit einem Rei\u00dfverschluss und Rippeinsatz ausgestattet: Dadurch l\u00e4sst sich die Hose einfach anziehen und liegt angenehm am Bein. Der elastische Bund mit Kordelzug l\u00e4sst sich individuell einstellen und verleiht so einen optimalen Sitz an der H\u00fcfte. Bei Bedarf lassen sich in den Seitentaschen Alltagsgegenst\u00e4nde verstauen.<\/p>\n<p><strong>Produktdetails:<\/strong><\/p>\n<ul>\n<li>Seitentaschen<\/li>\n<li>Beinabschluss mit Rei\u00dfverschluss und Ripp<\/li>\n<li>Elastischer Bund mit Kordelzug<\/li>\n<\/ul>\n<p><strong>Material:<\/strong><\/p>\n<ul>\n<li>Shiny-Polyester-Tricot<\/li>\n<li>100 % Polyester<\/li>\n<\/ul>\n","protected":false},"excerpt":{"rendered":"<p>Eine klassische Fu\u00dfballhose, im Design auf das Wesentliche fokussiert und mit allen Funktionen ausgestattet, die Du auf dem Platz ben\u00f6tigst. Das Textilmaterial aus Polyester ist leicht und trocknet schnell. Der<\/p>\n","protected":false},"featured_media":23,"template":"","meta":{"inline_featured_image":false},"product_brand":[],"product_cat":[107],"product_tag":[],"class_list":{"0":"post-87","1":"product","2":"type-product","3":"status-publish","4":"has-post-thumbnail","6":"product_cat-teamsport","8":"first","9":"instock","10":"taxable","11":"shipping-taxable","12":"purchasable","13":"product-type-variable"},"yoast_head":"<!-- This site is optimized with the Yoast SEO plugin v27.3 - https:\/\/yoast.com\/product\/yoast-seo-wordpress\/ -->\n<title>Classico Polyesterhose - SpVgg Markt Schwabener Au<\/title>\n<meta name=\"robots\" content=\"index, follow, max-snippet:-1, max-image-preview:large, max-video-preview:-1\" \/>\n<link rel=\"canonical\" href=\"https:\/\/www.teamprofi.de\/spvgg-markt-schwaben\/produkt\/classico-polyesterhose\" \/>\n<meta property=\"og:locale\" content=\"de_DE\" \/>\n<meta property=\"og:type\" content=\"article\" \/>\n<meta property=\"og:title\" content=\"Classico Polyesterhose - SpVgg Markt Schwabener Au\" \/>\n<meta property=\"og:description\" content=\"Eine klassische Fu\u00dfballhose, im Design auf das Wesentliche fokussiert und mit allen Funktionen ausgestattet, die Du auf dem Platz ben\u00f6tigst. Das Textilmaterial aus Polyester ist leicht und trocknet schnell. Der\" \/>\n<meta property=\"og:url\" content=\"https:\/\/www.teamprofi.de\/spvgg-markt-schwaben\/produkt\/classico-polyesterhose\" \/>\n<meta property=\"og:site_name\" content=\"SpVgg Markt Schwabener Au\" \/>\n<meta property=\"article:modified_time\" content=\"2024-11-29T09:44:20+00:00\" \/>\n<meta property=\"og:image\" content=\"https:\/\/www.teamprofi.de\/spvgg-markt-schwaben\/wp-content\/uploads\/sites\/7\/2018\/03\/Polyesterhose.jpg\" \/>\n\t<meta property=\"og:image:width\" content=\"1600\" \/>\n\t<meta property=\"og:image:height\" content=\"1600\" \/>\n\t<meta property=\"og:image:type\" content=\"image\/jpeg\" \/>\n<meta name=\"twitter:card\" content=\"summary_large_image\" \/>\n<meta name=\"twitter:label1\" content=\"Gesch\u00e4tzte Lesezeit\" \/>\n\t<meta name=\"twitter:data1\" content=\"1\u00a0Minute\" \/>\n<script type=\"application\/ld+json\" class=\"yoast-schema-graph\">{\"@context\":\"https:\\\/\\\/schema.org\",\"@graph\":[{\"@type\":\"WebPage\",\"@id\":\"https:\\\/\\\/www.teamprofi.de\\\/spvgg-markt-schwaben\\\/produkt\\\/classico-polyesterhose\",\"url\":\"https:\\\/\\\/www.teamprofi.de\\\/spvgg-markt-schwaben\\\/produkt\\\/classico-polyesterhose\",\"name\":\"Classico Polyesterhose - SpVgg Markt Schwabener Au\",\"isPartOf\":{\"@id\":\"https:\\\/\\\/www.teamprofi.de\\\/spvgg-markt-schwaben\\\/#website\"},\"primaryImageOfPage\":{\"@id\":\"https:\\\/\\\/www.teamprofi.de\\\/spvgg-markt-schwaben\\\/produkt\\\/classico-polyesterhose#primaryimage\"},\"image\":{\"@id\":\"https:\\\/\\\/www.teamprofi.de\\\/spvgg-markt-schwaben\\\/produkt\\\/classico-polyesterhose#primaryimage\"},\"thumbnailUrl\":\"https:\\\/\\\/www.teamprofi.de\\\/spvgg-markt-schwaben\\\/wp-content\\\/uploads\\\/sites\\\/7\\\/2018\\\/03\\\/Polyesterhose.jpg\",\"datePublished\":\"2018-05-02T15:04:13+00:00\",\"dateModified\":\"2024-11-29T09:44:20+00:00\",\"breadcrumb\":{\"@id\":\"https:\\\/\\\/www.teamprofi.de\\\/spvgg-markt-schwaben\\\/produkt\\\/classico-polyesterhose#breadcrumb\"},\"inLanguage\":\"de\",\"potentialAction\":[{\"@type\":\"ReadAction\",\"target\":[\"https:\\\/\\\/www.teamprofi.de\\\/spvgg-markt-schwaben\\\/produkt\\\/classico-polyesterhose\"]}]},{\"@type\":\"ImageObject\",\"inLanguage\":\"de\",\"@id\":\"https:\\\/\\\/www.teamprofi.de\\\/spvgg-markt-schwaben\\\/produkt\\\/classico-polyesterhose#primaryimage\",\"url\":\"https:\\\/\\\/www.teamprofi.de\\\/spvgg-markt-schwaben\\\/wp-content\\\/uploads\\\/sites\\\/7\\\/2018\\\/03\\\/Polyesterhose.jpg\",\"contentUrl\":\"https:\\\/\\\/www.teamprofi.de\\\/spvgg-markt-schwaben\\\/wp-content\\\/uploads\\\/sites\\\/7\\\/2018\\\/03\\\/Polyesterhose.jpg\",\"width\":1600,\"height\":1600},{\"@type\":\"BreadcrumbList\",\"@id\":\"https:\\\/\\\/www.teamprofi.de\\\/spvgg-markt-schwaben\\\/produkt\\\/classico-polyesterhose#breadcrumb\",\"itemListElement\":[{\"@type\":\"ListItem\",\"position\":1,\"name\":\"Startseite\",\"item\":\"https:\\\/\\\/www.teamprofi.de\\\/spvgg-markt-schwaben\\\/\"},{\"@type\":\"ListItem\",\"position\":2,\"name\":\"Shop\",\"item\":\"https:\\\/\\\/www.teamprofi.de\\\/spvgg-markt-schwaben\\\/\"},{\"@type\":\"ListItem\",\"position\":3,\"name\":\"Classico Polyesterhose\"}]},{\"@type\":\"WebSite\",\"@id\":\"https:\\\/\\\/www.teamprofi.de\\\/spvgg-markt-schwaben\\\/#website\",\"url\":\"https:\\\/\\\/www.teamprofi.de\\\/spvgg-markt-schwaben\\\/\",\"name\":\"SpVgg Markt Schwabener Au\",\"description\":\"Vereins-Shop - Sport G\u00fcrteler\",\"potentialAction\":[{\"@type\":\"SearchAction\",\"target\":{\"@type\":\"EntryPoint\",\"urlTemplate\":\"https:\\\/\\\/www.teamprofi.de\\\/spvgg-markt-schwaben\\\/?s={search_term_string}\"},\"query-input\":{\"@type\":\"PropertyValueSpecification\",\"valueRequired\":true,\"valueName\":\"search_term_string\"}}],\"inLanguage\":\"de\"}]}<\/script>\n<!-- \/ Yoast SEO plugin. -->","yoast_head_json":{"title":"Classico Polyesterhose - SpVgg Markt Schwabener Au","robots":{"index":"index","follow":"follow","max-snippet":"max-snippet:-1","max-image-preview":"max-image-preview:large","max-video-preview":"max-video-preview:-1"},"canonical":"https:\/\/www.teamprofi.de\/spvgg-markt-schwaben\/produkt\/classico-polyesterhose","og_locale":"de_DE","og_type":"article","og_title":"Classico Polyesterhose - SpVgg Markt Schwabener Au","og_description":"Eine klassische Fu\u00dfballhose, im Design auf das Wesentliche fokussiert und mit allen Funktionen ausgestattet, die Du auf dem Platz ben\u00f6tigst. Das Textilmaterial aus Polyester ist leicht und trocknet schnell. Der","og_url":"https:\/\/www.teamprofi.de\/spvgg-markt-schwaben\/produkt\/classico-polyesterhose","og_site_name":"SpVgg Markt Schwabener Au","article_modified_time":"2024-11-29T09:44:20+00:00","og_image":[{"width":1600,"height":1600,"url":"https:\/\/www.teamprofi.de\/spvgg-markt-schwaben\/wp-content\/uploads\/sites\/7\/2018\/03\/Polyesterhose.jpg","type":"image\/jpeg"}],"twitter_card":"summary_large_image","twitter_misc":{"Gesch\u00e4tzte Lesezeit":"1\u00a0Minute"},"schema":{"@context":"https:\/\/schema.org","@graph":[{"@type":"WebPage","@id":"https:\/\/www.teamprofi.de\/spvgg-markt-schwaben\/produkt\/classico-polyesterhose","url":"https:\/\/www.teamprofi.de\/spvgg-markt-schwaben\/produkt\/classico-polyesterhose","name":"Classico Polyesterhose - SpVgg Markt Schwabener Au","isPartOf":{"@id":"https:\/\/www.teamprofi.de\/spvgg-markt-schwaben\/#website"},"primaryImageOfPage":{"@id":"https:\/\/www.teamprofi.de\/spvgg-markt-schwaben\/produkt\/classico-polyesterhose#primaryimage"},"image":{"@id":"https:\/\/www.teamprofi.de\/spvgg-markt-schwaben\/produkt\/classico-polyesterhose#primaryimage"},"thumbnailUrl":"https:\/\/www.teamprofi.de\/spvgg-markt-schwaben\/wp-content\/uploads\/sites\/7\/2018\/03\/Polyesterhose.jpg","datePublished":"2018-05-02T15:04:13+00:00","dateModified":"2024-11-29T09:44:20+00:00","breadcrumb":{"@id":"https:\/\/www.teamprofi.de\/spvgg-markt-schwaben\/produkt\/classico-polyesterhose#breadcrumb"},"inLanguage":"de","potentialAction":[{"@type":"ReadAction","target":["https:\/\/www.teamprofi.de\/spvgg-markt-schwaben\/produkt\/classico-polyesterhose"]}]},{"@type":"ImageObject","inLanguage":"de","@id":"https:\/\/www.teamprofi.de\/spvgg-markt-schwaben\/produkt\/classico-polyesterhose#primaryimage","url":"https:\/\/www.teamprofi.de\/spvgg-markt-schwaben\/wp-content\/uploads\/sites\/7\/2018\/03\/Polyesterhose.jpg","contentUrl":"https:\/\/www.teamprofi.de\/spvgg-markt-schwaben\/wp-content\/uploads\/sites\/7\/2018\/03\/Polyesterhose.jpg","width":1600,"height":1600},{"@type":"BreadcrumbList","@id":"https:\/\/www.teamprofi.de\/spvgg-markt-schwaben\/produkt\/classico-polyesterhose#breadcrumb","itemListElement":[{"@type":"ListItem","position":1,"name":"Startseite","item":"https:\/\/www.teamprofi.de\/spvgg-markt-schwaben\/"},{"@type":"ListItem","position":2,"name":"Shop","item":"https:\/\/www.teamprofi.de\/spvgg-markt-schwaben\/"},{"@type":"ListItem","position":3,"name":"Classico Polyesterhose"}]},{"@type":"WebSite","@id":"https:\/\/www.teamprofi.de\/spvgg-markt-schwaben\/#website","url":"https:\/\/www.teamprofi.de\/spvgg-markt-schwaben\/","name":"SpVgg Markt Schwabener Au","description":"Vereins-Shop - Sport G\u00fcrteler","potentialAction":[{"@type":"SearchAction","target":{"@type":"EntryPoint","urlTemplate":"https:\/\/www.teamprofi.de\/spvgg-markt-schwaben\/?s={search_term_string}"},"query-input":{"@type":"PropertyValueSpecification","valueRequired":true,"valueName":"search_term_string"}}],"inLanguage":"de"}]}},"_links":{"self":[{"href":"https:\/\/www.teamprofi.de\/spvgg-markt-schwaben\/wp-json\/wp\/v2\/product\/87","targetHints":{"allow":["GET"]}}],"collection":[{"href":"https:\/\/www.teamprofi.de\/spvgg-markt-schwaben\/wp-json\/wp\/v2\/product"}],"about":[{"href":"https:\/\/www.teamprofi.de\/spvgg-markt-schwaben\/wp-json\/wp\/v2\/types\/product"}],"wp:featuredmedia":[{"embeddable":true,"href":"https:\/\/www.teamprofi.de\/spvgg-markt-schwaben\/wp-json\/wp\/v2\/media\/23"}],"wp:attachment":[{"href":"https:\/\/www.teamprofi.de\/spvgg-markt-schwaben\/wp-json\/wp\/v2\/media?parent=87"}],"wp:term":[{"taxonomy":"product_brand","embeddable":true,"href":"https:\/\/www.teamprofi.de\/spvgg-markt-schwaben\/wp-json\/wp\/v2\/product_brand?post=87"},{"taxonomy":"product_cat","embeddable":true,"href":"https:\/\/www.teamprofi.de\/spvgg-markt-schwaben\/wp-json\/wp\/v2\/product_cat?post=87"},{"taxonomy":"product_tag","embeddable":true,"href":"https:\/\/www.teamprofi.de\/spvgg-markt-schwaben\/wp-json\/wp\/v2\/product_tag?post=87"}],"curies":[{"name":"wp","href":"https:\/\/api.w.org\/{rel}","templated":true}]}}