{"id":600,"date":"2018-11-03T12:11:19","date_gmt":"2018-11-03T11:11:19","guid":{"rendered":"https:\/\/www.teamprofi.de\/spvgg-markt-schwaben\/?post_type=product&#038;p=600"},"modified":"2024-11-29T10:43:49","modified_gmt":"2024-11-29T09:43:49","slug":"short-tight-comfort","status":"publish","type":"product","link":"https:\/\/www.teamprofi.de\/spvgg-markt-schwaben\/produkt\/short-tight-comfort","title":{"rendered":"Short Tight Comfort"},"content":{"rendered":"<p>Die perfekte Underwear f\u00fcr Deinen Sport. Mit der Short TIGHT COMFORT bist Du in jeder Situation professionell ausger\u00fcstet. Gleich zwei JAKO Funktionen unterst\u00fctzen dich dabei, H\u00f6chstleistung zu bringen. KEEP DRY garantiert, dass Feuchtigkeit unmittelbar an die Oberfl\u00e4che des Stoffes transportiert wird. So trocknet das Turtleneck sehr schnell, sch\u00fctzt vor Ausk\u00fchlung und verschafft Dir ein angenehmes K\u00f6rpergef\u00fchl. Durch die KEEP FRESH Funktion werden unangenehme Ger\u00fcche absorbiert, dar\u00fcber hinaus wirkt die Funktion antibakteriell. Durch die nahtlose Verarbeitung sitzt die Short TIGHT COMFORT aus Polyester und Elasthan optimal am K\u00f6rper.<\/p>\n<p><strong>Produktdetails:<\/strong><\/p>\n<ul>\n<li>Nahtlose Verarbeitung<\/li>\n<li>Keep-Fresh-Funktion<\/li>\n<\/ul>\n<p><strong>Material:<\/strong><\/p>\n<ul>\n<li>Stretch-Jersey<\/li>\n<li>93 % Polyamid, 7 % Elasthan<\/li>\n<\/ul>\n","protected":false},"excerpt":{"rendered":"<p>Die perfekte Underwear f\u00fcr Deinen Sport. Mit der Short TIGHT COMFORT bist Du in jeder Situation professionell ausger\u00fcstet. Gleich zwei JAKO Funktionen unterst\u00fctzen dich dabei, H\u00f6chstleistung zu bringen. KEEP DRY<\/p>\n","protected":false},"featured_media":472,"template":"","meta":{"inline_featured_image":false},"product_brand":[],"product_cat":[107],"product_tag":[],"class_list":{"0":"post-600","1":"product","2":"type-product","3":"status-publish","4":"has-post-thumbnail","6":"product_cat-teamsport","8":"first","9":"instock","10":"taxable","11":"shipping-taxable","12":"purchasable","13":"product-type-variable"},"yoast_head":"<!-- This site is optimized with the Yoast SEO plugin v27.3 - https:\/\/yoast.com\/product\/yoast-seo-wordpress\/ -->\n<title>Short Tight Comfort - SpVgg Markt Schwabener Au<\/title>\n<meta name=\"robots\" content=\"index, follow, max-snippet:-1, max-image-preview:large, max-video-preview:-1\" \/>\n<link rel=\"canonical\" href=\"https:\/\/www.teamprofi.de\/spvgg-markt-schwaben\/produkt\/short-tight-comfort\" \/>\n<meta property=\"og:locale\" content=\"de_DE\" \/>\n<meta property=\"og:type\" content=\"article\" \/>\n<meta property=\"og:title\" content=\"Short Tight Comfort - SpVgg Markt Schwabener Au\" \/>\n<meta property=\"og:description\" content=\"Die perfekte Underwear f\u00fcr Deinen Sport. Mit der Short TIGHT COMFORT bist Du in jeder Situation professionell ausger\u00fcstet. Gleich zwei JAKO Funktionen unterst\u00fctzen dich dabei, H\u00f6chstleistung zu bringen. KEEP DRY\" \/>\n<meta property=\"og:url\" content=\"https:\/\/www.teamprofi.de\/spvgg-markt-schwaben\/produkt\/short-tight-comfort\" \/>\n<meta property=\"og:site_name\" content=\"SpVgg Markt Schwabener Au\" \/>\n<meta property=\"article:modified_time\" content=\"2024-11-29T09:43:49+00:00\" \/>\n<meta property=\"og:image\" content=\"https:\/\/www.teamprofi.de\/spvgg-markt-schwaben\/wp-content\/uploads\/sites\/7\/2018\/11\/8552_08.jpg\" \/>\n\t<meta property=\"og:image:width\" content=\"800\" \/>\n\t<meta property=\"og:image:height\" content=\"800\" \/>\n\t<meta property=\"og:image:type\" content=\"image\/jpeg\" \/>\n<meta name=\"twitter:card\" content=\"summary_large_image\" \/>\n<meta name=\"twitter:label1\" content=\"Gesch\u00e4tzte Lesezeit\" \/>\n\t<meta name=\"twitter:data1\" content=\"1\u00a0Minute\" \/>\n<script type=\"application\/ld+json\" class=\"yoast-schema-graph\">{\"@context\":\"https:\\\/\\\/schema.org\",\"@graph\":[{\"@type\":\"WebPage\",\"@id\":\"https:\\\/\\\/www.teamprofi.de\\\/spvgg-markt-schwaben\\\/produkt\\\/short-tight-comfort\",\"url\":\"https:\\\/\\\/www.teamprofi.de\\\/spvgg-markt-schwaben\\\/produkt\\\/short-tight-comfort\",\"name\":\"Short Tight Comfort - SpVgg Markt Schwabener Au\",\"isPartOf\":{\"@id\":\"https:\\\/\\\/www.teamprofi.de\\\/spvgg-markt-schwaben\\\/#website\"},\"primaryImageOfPage\":{\"@id\":\"https:\\\/\\\/www.teamprofi.de\\\/spvgg-markt-schwaben\\\/produkt\\\/short-tight-comfort#primaryimage\"},\"image\":{\"@id\":\"https:\\\/\\\/www.teamprofi.de\\\/spvgg-markt-schwaben\\\/produkt\\\/short-tight-comfort#primaryimage\"},\"thumbnailUrl\":\"https:\\\/\\\/www.teamprofi.de\\\/spvgg-markt-schwaben\\\/wp-content\\\/uploads\\\/sites\\\/7\\\/2018\\\/11\\\/8552_08.jpg\",\"datePublished\":\"2018-11-03T11:11:19+00:00\",\"dateModified\":\"2024-11-29T09:43:49+00:00\",\"breadcrumb\":{\"@id\":\"https:\\\/\\\/www.teamprofi.de\\\/spvgg-markt-schwaben\\\/produkt\\\/short-tight-comfort#breadcrumb\"},\"inLanguage\":\"de\",\"potentialAction\":[{\"@type\":\"ReadAction\",\"target\":[\"https:\\\/\\\/www.teamprofi.de\\\/spvgg-markt-schwaben\\\/produkt\\\/short-tight-comfort\"]}]},{\"@type\":\"ImageObject\",\"inLanguage\":\"de\",\"@id\":\"https:\\\/\\\/www.teamprofi.de\\\/spvgg-markt-schwaben\\\/produkt\\\/short-tight-comfort#primaryimage\",\"url\":\"https:\\\/\\\/www.teamprofi.de\\\/spvgg-markt-schwaben\\\/wp-content\\\/uploads\\\/sites\\\/7\\\/2018\\\/11\\\/8552_08.jpg\",\"contentUrl\":\"https:\\\/\\\/www.teamprofi.de\\\/spvgg-markt-schwaben\\\/wp-content\\\/uploads\\\/sites\\\/7\\\/2018\\\/11\\\/8552_08.jpg\",\"width\":800,\"height\":800},{\"@type\":\"BreadcrumbList\",\"@id\":\"https:\\\/\\\/www.teamprofi.de\\\/spvgg-markt-schwaben\\\/produkt\\\/short-tight-comfort#breadcrumb\",\"itemListElement\":[{\"@type\":\"ListItem\",\"position\":1,\"name\":\"Startseite\",\"item\":\"https:\\\/\\\/www.teamprofi.de\\\/spvgg-markt-schwaben\\\/\"},{\"@type\":\"ListItem\",\"position\":2,\"name\":\"Shop\",\"item\":\"https:\\\/\\\/www.teamprofi.de\\\/spvgg-markt-schwaben\\\/\"},{\"@type\":\"ListItem\",\"position\":3,\"name\":\"Short Tight Comfort\"}]},{\"@type\":\"WebSite\",\"@id\":\"https:\\\/\\\/www.teamprofi.de\\\/spvgg-markt-schwaben\\\/#website\",\"url\":\"https:\\\/\\\/www.teamprofi.de\\\/spvgg-markt-schwaben\\\/\",\"name\":\"SpVgg Markt Schwabener Au\",\"description\":\"Vereins-Shop - Sport G\u00fcrteler\",\"potentialAction\":[{\"@type\":\"SearchAction\",\"target\":{\"@type\":\"EntryPoint\",\"urlTemplate\":\"https:\\\/\\\/www.teamprofi.de\\\/spvgg-markt-schwaben\\\/?s={search_term_string}\"},\"query-input\":{\"@type\":\"PropertyValueSpecification\",\"valueRequired\":true,\"valueName\":\"search_term_string\"}}],\"inLanguage\":\"de\"}]}<\/script>\n<!-- \/ Yoast SEO plugin. -->","yoast_head_json":{"title":"Short Tight Comfort - SpVgg Markt Schwabener Au","robots":{"index":"index","follow":"follow","max-snippet":"max-snippet:-1","max-image-preview":"max-image-preview:large","max-video-preview":"max-video-preview:-1"},"canonical":"https:\/\/www.teamprofi.de\/spvgg-markt-schwaben\/produkt\/short-tight-comfort","og_locale":"de_DE","og_type":"article","og_title":"Short Tight Comfort - SpVgg Markt Schwabener Au","og_description":"Die perfekte Underwear f\u00fcr Deinen Sport. Mit der Short TIGHT COMFORT bist Du in jeder Situation professionell ausger\u00fcstet. Gleich zwei JAKO Funktionen unterst\u00fctzen dich dabei, H\u00f6chstleistung zu bringen. KEEP DRY","og_url":"https:\/\/www.teamprofi.de\/spvgg-markt-schwaben\/produkt\/short-tight-comfort","og_site_name":"SpVgg Markt Schwabener Au","article_modified_time":"2024-11-29T09:43:49+00:00","og_image":[{"width":800,"height":800,"url":"https:\/\/www.teamprofi.de\/spvgg-markt-schwaben\/wp-content\/uploads\/sites\/7\/2018\/11\/8552_08.jpg","type":"image\/jpeg"}],"twitter_card":"summary_large_image","twitter_misc":{"Gesch\u00e4tzte Lesezeit":"1\u00a0Minute"},"schema":{"@context":"https:\/\/schema.org","@graph":[{"@type":"WebPage","@id":"https:\/\/www.teamprofi.de\/spvgg-markt-schwaben\/produkt\/short-tight-comfort","url":"https:\/\/www.teamprofi.de\/spvgg-markt-schwaben\/produkt\/short-tight-comfort","name":"Short Tight Comfort - SpVgg Markt Schwabener Au","isPartOf":{"@id":"https:\/\/www.teamprofi.de\/spvgg-markt-schwaben\/#website"},"primaryImageOfPage":{"@id":"https:\/\/www.teamprofi.de\/spvgg-markt-schwaben\/produkt\/short-tight-comfort#primaryimage"},"image":{"@id":"https:\/\/www.teamprofi.de\/spvgg-markt-schwaben\/produkt\/short-tight-comfort#primaryimage"},"thumbnailUrl":"https:\/\/www.teamprofi.de\/spvgg-markt-schwaben\/wp-content\/uploads\/sites\/7\/2018\/11\/8552_08.jpg","datePublished":"2018-11-03T11:11:19+00:00","dateModified":"2024-11-29T09:43:49+00:00","breadcrumb":{"@id":"https:\/\/www.teamprofi.de\/spvgg-markt-schwaben\/produkt\/short-tight-comfort#breadcrumb"},"inLanguage":"de","potentialAction":[{"@type":"ReadAction","target":["https:\/\/www.teamprofi.de\/spvgg-markt-schwaben\/produkt\/short-tight-comfort"]}]},{"@type":"ImageObject","inLanguage":"de","@id":"https:\/\/www.teamprofi.de\/spvgg-markt-schwaben\/produkt\/short-tight-comfort#primaryimage","url":"https:\/\/www.teamprofi.de\/spvgg-markt-schwaben\/wp-content\/uploads\/sites\/7\/2018\/11\/8552_08.jpg","contentUrl":"https:\/\/www.teamprofi.de\/spvgg-markt-schwaben\/wp-content\/uploads\/sites\/7\/2018\/11\/8552_08.jpg","width":800,"height":800},{"@type":"BreadcrumbList","@id":"https:\/\/www.teamprofi.de\/spvgg-markt-schwaben\/produkt\/short-tight-comfort#breadcrumb","itemListElement":[{"@type":"ListItem","position":1,"name":"Startseite","item":"https:\/\/www.teamprofi.de\/spvgg-markt-schwaben\/"},{"@type":"ListItem","position":2,"name":"Shop","item":"https:\/\/www.teamprofi.de\/spvgg-markt-schwaben\/"},{"@type":"ListItem","position":3,"name":"Short Tight Comfort"}]},{"@type":"WebSite","@id":"https:\/\/www.teamprofi.de\/spvgg-markt-schwaben\/#website","url":"https:\/\/www.teamprofi.de\/spvgg-markt-schwaben\/","name":"SpVgg Markt Schwabener Au","description":"Vereins-Shop - Sport G\u00fcrteler","potentialAction":[{"@type":"SearchAction","target":{"@type":"EntryPoint","urlTemplate":"https:\/\/www.teamprofi.de\/spvgg-markt-schwaben\/?s={search_term_string}"},"query-input":{"@type":"PropertyValueSpecification","valueRequired":true,"valueName":"search_term_string"}}],"inLanguage":"de"}]}},"_links":{"self":[{"href":"https:\/\/www.teamprofi.de\/spvgg-markt-schwaben\/wp-json\/wp\/v2\/product\/600","targetHints":{"allow":["GET"]}}],"collection":[{"href":"https:\/\/www.teamprofi.de\/spvgg-markt-schwaben\/wp-json\/wp\/v2\/product"}],"about":[{"href":"https:\/\/www.teamprofi.de\/spvgg-markt-schwaben\/wp-json\/wp\/v2\/types\/product"}],"wp:featuredmedia":[{"embeddable":true,"href":"https:\/\/www.teamprofi.de\/spvgg-markt-schwaben\/wp-json\/wp\/v2\/media\/472"}],"wp:attachment":[{"href":"https:\/\/www.teamprofi.de\/spvgg-markt-schwaben\/wp-json\/wp\/v2\/media?parent=600"}],"wp:term":[{"taxonomy":"product_brand","embeddable":true,"href":"https:\/\/www.teamprofi.de\/spvgg-markt-schwaben\/wp-json\/wp\/v2\/product_brand?post=600"},{"taxonomy":"product_cat","embeddable":true,"href":"https:\/\/www.teamprofi.de\/spvgg-markt-schwaben\/wp-json\/wp\/v2\/product_cat?post=600"},{"taxonomy":"product_tag","embeddable":true,"href":"https:\/\/www.teamprofi.de\/spvgg-markt-schwaben\/wp-json\/wp\/v2\/product_tag?post=600"}],"curies":[{"name":"wp","href":"https:\/\/api.w.org\/{rel}","templated":true}]}}