{"id":111,"date":"2018-03-13T11:43:59","date_gmt":"2018-03-13T10:43:59","guid":{"rendered":"https:\/\/www.teamprofi.de\/spvgg-markt-schwaben\/?post_type=product&#038;p=111"},"modified":"2024-11-29T10:45:53","modified_gmt":"2024-11-29T09:45:53","slug":"classico-trainingssweat","status":"publish","type":"product","link":"https:\/\/www.teamprofi.de\/spvgg-markt-schwaben\/produkt\/classico-trainingssweat","title":{"rendered":"Classico Trainingssweat"},"content":{"rendered":"<p>Das Sweat Classico eignet sich f\u00fcr jede Herausforderung. Bestehend aus funktionellem Polyester sitzt es dank seines sportlichen Schnitts optimal am K\u00f6rper. Der Rundhals-Rippkragen verleiht einen klassischen Look &#8211; typisch f\u00fcr ein hochwertiges Sweat beim Sport. Top- und \u00c4rmelabschl\u00fcsse mit elastischer Binding garantieren den passenden Sitz am K\u00f6rper. Das Sweatshirt ist in den Gr\u00f6\u00dfen 116 &#8211; 164 f\u00fcr Kinder und S &#8211; XXL f\u00fcr Erwachsene verf\u00fcgbar.<\/p>\n<p><strong>Produktdetails:<\/strong><\/p>\n<ul>\n<li>Rundhals-Rippkragen<\/li>\n<li>Top- und \u00c4rmelabschluss mit elastischer Binding<\/li>\n<\/ul>\n<p><strong>Material:<\/strong><\/p>\n<ul>\n<li>Polyester-Terry<\/li>\n<\/ul>\n<p>100 % Polyester<\/p>\n","protected":false},"excerpt":{"rendered":"<p>Das Sweat Classico eignet sich f\u00fcr jede Herausforderung. Bestehend aus funktionellem Polyester sitzt es dank seines sportlichen Schnitts optimal am K\u00f6rper. Der Rundhals-Rippkragen verleiht einen klassischen Look &#8211; typisch f\u00fcr<\/p>\n","protected":false},"featured_media":27,"template":"","meta":{"inline_featured_image":false},"product_brand":[],"product_cat":[107],"product_tag":[],"class_list":{"0":"post-111","1":"product","2":"type-product","3":"status-publish","4":"has-post-thumbnail","6":"product_cat-teamsport","8":"first","9":"instock","10":"taxable","11":"shipping-taxable","12":"purchasable","13":"product-type-variable"},"yoast_head":"<!-- This site is optimized with the Yoast SEO plugin v27.3 - https:\/\/yoast.com\/product\/yoast-seo-wordpress\/ -->\n<title>Classico Trainingssweat - SpVgg Markt Schwabener Au<\/title>\n<meta name=\"robots\" content=\"index, follow, max-snippet:-1, max-image-preview:large, max-video-preview:-1\" \/>\n<link rel=\"canonical\" href=\"https:\/\/www.teamprofi.de\/spvgg-markt-schwaben\/produkt\/classico-trainingssweat\" \/>\n<meta property=\"og:locale\" content=\"de_DE\" \/>\n<meta property=\"og:type\" content=\"article\" \/>\n<meta property=\"og:title\" content=\"Classico Trainingssweat - SpVgg Markt Schwabener Au\" \/>\n<meta property=\"og:description\" content=\"Das Sweat Classico eignet sich f\u00fcr jede Herausforderung. Bestehend aus funktionellem Polyester sitzt es dank seines sportlichen Schnitts optimal am K\u00f6rper. Der Rundhals-Rippkragen verleiht einen klassischen Look &#8211; typisch f\u00fcr\" \/>\n<meta property=\"og:url\" content=\"https:\/\/www.teamprofi.de\/spvgg-markt-schwaben\/produkt\/classico-trainingssweat\" \/>\n<meta property=\"og:site_name\" content=\"SpVgg Markt Schwabener Au\" \/>\n<meta property=\"article:modified_time\" content=\"2024-11-29T09:45:53+00:00\" \/>\n<meta property=\"og:image\" content=\"https:\/\/www.teamprofi.de\/spvgg-markt-schwaben\/wp-content\/uploads\/sites\/7\/2018\/03\/Sweat-Top.jpg\" \/>\n\t<meta property=\"og:image:width\" content=\"1600\" \/>\n\t<meta property=\"og:image:height\" content=\"1600\" \/>\n\t<meta property=\"og:image:type\" content=\"image\/jpeg\" \/>\n<meta name=\"twitter:card\" content=\"summary_large_image\" \/>\n<meta name=\"twitter:label1\" content=\"Gesch\u00e4tzte Lesezeit\" \/>\n\t<meta name=\"twitter:data1\" content=\"1\u00a0Minute\" \/>\n<script type=\"application\/ld+json\" class=\"yoast-schema-graph\">{\"@context\":\"https:\\\/\\\/schema.org\",\"@graph\":[{\"@type\":\"WebPage\",\"@id\":\"https:\\\/\\\/www.teamprofi.de\\\/spvgg-markt-schwaben\\\/produkt\\\/classico-trainingssweat\",\"url\":\"https:\\\/\\\/www.teamprofi.de\\\/spvgg-markt-schwaben\\\/produkt\\\/classico-trainingssweat\",\"name\":\"Classico Trainingssweat - SpVgg Markt Schwabener Au\",\"isPartOf\":{\"@id\":\"https:\\\/\\\/www.teamprofi.de\\\/spvgg-markt-schwaben\\\/#website\"},\"primaryImageOfPage\":{\"@id\":\"https:\\\/\\\/www.teamprofi.de\\\/spvgg-markt-schwaben\\\/produkt\\\/classico-trainingssweat#primaryimage\"},\"image\":{\"@id\":\"https:\\\/\\\/www.teamprofi.de\\\/spvgg-markt-schwaben\\\/produkt\\\/classico-trainingssweat#primaryimage\"},\"thumbnailUrl\":\"https:\\\/\\\/www.teamprofi.de\\\/spvgg-markt-schwaben\\\/wp-content\\\/uploads\\\/sites\\\/7\\\/2018\\\/03\\\/Sweat-Top.jpg\",\"datePublished\":\"2018-03-13T10:43:59+00:00\",\"dateModified\":\"2024-11-29T09:45:53+00:00\",\"breadcrumb\":{\"@id\":\"https:\\\/\\\/www.teamprofi.de\\\/spvgg-markt-schwaben\\\/produkt\\\/classico-trainingssweat#breadcrumb\"},\"inLanguage\":\"de\",\"potentialAction\":[{\"@type\":\"ReadAction\",\"target\":[\"https:\\\/\\\/www.teamprofi.de\\\/spvgg-markt-schwaben\\\/produkt\\\/classico-trainingssweat\"]}]},{\"@type\":\"ImageObject\",\"inLanguage\":\"de\",\"@id\":\"https:\\\/\\\/www.teamprofi.de\\\/spvgg-markt-schwaben\\\/produkt\\\/classico-trainingssweat#primaryimage\",\"url\":\"https:\\\/\\\/www.teamprofi.de\\\/spvgg-markt-schwaben\\\/wp-content\\\/uploads\\\/sites\\\/7\\\/2018\\\/03\\\/Sweat-Top.jpg\",\"contentUrl\":\"https:\\\/\\\/www.teamprofi.de\\\/spvgg-markt-schwaben\\\/wp-content\\\/uploads\\\/sites\\\/7\\\/2018\\\/03\\\/Sweat-Top.jpg\",\"width\":1600,\"height\":1600},{\"@type\":\"BreadcrumbList\",\"@id\":\"https:\\\/\\\/www.teamprofi.de\\\/spvgg-markt-schwaben\\\/produkt\\\/classico-trainingssweat#breadcrumb\",\"itemListElement\":[{\"@type\":\"ListItem\",\"position\":1,\"name\":\"Startseite\",\"item\":\"https:\\\/\\\/www.teamprofi.de\\\/spvgg-markt-schwaben\\\/\"},{\"@type\":\"ListItem\",\"position\":2,\"name\":\"Shop\",\"item\":\"https:\\\/\\\/www.teamprofi.de\\\/spvgg-markt-schwaben\\\/\"},{\"@type\":\"ListItem\",\"position\":3,\"name\":\"Classico Trainingssweat\"}]},{\"@type\":\"WebSite\",\"@id\":\"https:\\\/\\\/www.teamprofi.de\\\/spvgg-markt-schwaben\\\/#website\",\"url\":\"https:\\\/\\\/www.teamprofi.de\\\/spvgg-markt-schwaben\\\/\",\"name\":\"SpVgg Markt Schwabener Au\",\"description\":\"Vereins-Shop - Sport G\u00fcrteler\",\"potentialAction\":[{\"@type\":\"SearchAction\",\"target\":{\"@type\":\"EntryPoint\",\"urlTemplate\":\"https:\\\/\\\/www.teamprofi.de\\\/spvgg-markt-schwaben\\\/?s={search_term_string}\"},\"query-input\":{\"@type\":\"PropertyValueSpecification\",\"valueRequired\":true,\"valueName\":\"search_term_string\"}}],\"inLanguage\":\"de\"}]}<\/script>\n<!-- \/ Yoast SEO plugin. -->","yoast_head_json":{"title":"Classico Trainingssweat - SpVgg Markt Schwabener Au","robots":{"index":"index","follow":"follow","max-snippet":"max-snippet:-1","max-image-preview":"max-image-preview:large","max-video-preview":"max-video-preview:-1"},"canonical":"https:\/\/www.teamprofi.de\/spvgg-markt-schwaben\/produkt\/classico-trainingssweat","og_locale":"de_DE","og_type":"article","og_title":"Classico Trainingssweat - SpVgg Markt Schwabener Au","og_description":"Das Sweat Classico eignet sich f\u00fcr jede Herausforderung. Bestehend aus funktionellem Polyester sitzt es dank seines sportlichen Schnitts optimal am K\u00f6rper. Der Rundhals-Rippkragen verleiht einen klassischen Look &#8211; typisch f\u00fcr","og_url":"https:\/\/www.teamprofi.de\/spvgg-markt-schwaben\/produkt\/classico-trainingssweat","og_site_name":"SpVgg Markt Schwabener Au","article_modified_time":"2024-11-29T09:45:53+00:00","og_image":[{"width":1600,"height":1600,"url":"https:\/\/www.teamprofi.de\/spvgg-markt-schwaben\/wp-content\/uploads\/sites\/7\/2018\/03\/Sweat-Top.jpg","type":"image\/jpeg"}],"twitter_card":"summary_large_image","twitter_misc":{"Gesch\u00e4tzte Lesezeit":"1\u00a0Minute"},"schema":{"@context":"https:\/\/schema.org","@graph":[{"@type":"WebPage","@id":"https:\/\/www.teamprofi.de\/spvgg-markt-schwaben\/produkt\/classico-trainingssweat","url":"https:\/\/www.teamprofi.de\/spvgg-markt-schwaben\/produkt\/classico-trainingssweat","name":"Classico Trainingssweat - SpVgg Markt Schwabener Au","isPartOf":{"@id":"https:\/\/www.teamprofi.de\/spvgg-markt-schwaben\/#website"},"primaryImageOfPage":{"@id":"https:\/\/www.teamprofi.de\/spvgg-markt-schwaben\/produkt\/classico-trainingssweat#primaryimage"},"image":{"@id":"https:\/\/www.teamprofi.de\/spvgg-markt-schwaben\/produkt\/classico-trainingssweat#primaryimage"},"thumbnailUrl":"https:\/\/www.teamprofi.de\/spvgg-markt-schwaben\/wp-content\/uploads\/sites\/7\/2018\/03\/Sweat-Top.jpg","datePublished":"2018-03-13T10:43:59+00:00","dateModified":"2024-11-29T09:45:53+00:00","breadcrumb":{"@id":"https:\/\/www.teamprofi.de\/spvgg-markt-schwaben\/produkt\/classico-trainingssweat#breadcrumb"},"inLanguage":"de","potentialAction":[{"@type":"ReadAction","target":["https:\/\/www.teamprofi.de\/spvgg-markt-schwaben\/produkt\/classico-trainingssweat"]}]},{"@type":"ImageObject","inLanguage":"de","@id":"https:\/\/www.teamprofi.de\/spvgg-markt-schwaben\/produkt\/classico-trainingssweat#primaryimage","url":"https:\/\/www.teamprofi.de\/spvgg-markt-schwaben\/wp-content\/uploads\/sites\/7\/2018\/03\/Sweat-Top.jpg","contentUrl":"https:\/\/www.teamprofi.de\/spvgg-markt-schwaben\/wp-content\/uploads\/sites\/7\/2018\/03\/Sweat-Top.jpg","width":1600,"height":1600},{"@type":"BreadcrumbList","@id":"https:\/\/www.teamprofi.de\/spvgg-markt-schwaben\/produkt\/classico-trainingssweat#breadcrumb","itemListElement":[{"@type":"ListItem","position":1,"name":"Startseite","item":"https:\/\/www.teamprofi.de\/spvgg-markt-schwaben\/"},{"@type":"ListItem","position":2,"name":"Shop","item":"https:\/\/www.teamprofi.de\/spvgg-markt-schwaben\/"},{"@type":"ListItem","position":3,"name":"Classico Trainingssweat"}]},{"@type":"WebSite","@id":"https:\/\/www.teamprofi.de\/spvgg-markt-schwaben\/#website","url":"https:\/\/www.teamprofi.de\/spvgg-markt-schwaben\/","name":"SpVgg Markt Schwabener Au","description":"Vereins-Shop - Sport G\u00fcrteler","potentialAction":[{"@type":"SearchAction","target":{"@type":"EntryPoint","urlTemplate":"https:\/\/www.teamprofi.de\/spvgg-markt-schwaben\/?s={search_term_string}"},"query-input":{"@type":"PropertyValueSpecification","valueRequired":true,"valueName":"search_term_string"}}],"inLanguage":"de"}]}},"_links":{"self":[{"href":"https:\/\/www.teamprofi.de\/spvgg-markt-schwaben\/wp-json\/wp\/v2\/product\/111","targetHints":{"allow":["GET"]}}],"collection":[{"href":"https:\/\/www.teamprofi.de\/spvgg-markt-schwaben\/wp-json\/wp\/v2\/product"}],"about":[{"href":"https:\/\/www.teamprofi.de\/spvgg-markt-schwaben\/wp-json\/wp\/v2\/types\/product"}],"wp:featuredmedia":[{"embeddable":true,"href":"https:\/\/www.teamprofi.de\/spvgg-markt-schwaben\/wp-json\/wp\/v2\/media\/27"}],"wp:attachment":[{"href":"https:\/\/www.teamprofi.de\/spvgg-markt-schwaben\/wp-json\/wp\/v2\/media?parent=111"}],"wp:term":[{"taxonomy":"product_brand","embeddable":true,"href":"https:\/\/www.teamprofi.de\/spvgg-markt-schwaben\/wp-json\/wp\/v2\/product_brand?post=111"},{"taxonomy":"product_cat","embeddable":true,"href":"https:\/\/www.teamprofi.de\/spvgg-markt-schwaben\/wp-json\/wp\/v2\/product_cat?post=111"},{"taxonomy":"product_tag","embeddable":true,"href":"https:\/\/www.teamprofi.de\/spvgg-markt-schwaben\/wp-json\/wp\/v2\/product_tag?post=111"}],"curies":[{"name":"wp","href":"https:\/\/api.w.org\/{rel}","templated":true}]}}