{"id":761,"date":"2024-01-03T11:58:25","date_gmt":"2024-01-03T10:58:25","guid":{"rendered":"https:\/\/www.teamprofi.de\/skiloewen\/?post_type=product&#038;p=761"},"modified":"2025-01-08T12:11:33","modified_gmt":"2025-01-08T11:11:33","slug":"teamgoal-casuals-hooded-jacket","status":"publish","type":"product","link":"https:\/\/www.teamprofi.de\/skiloewen\/produkt\/teamgoal-casuals-hooded-jacket\/","title":{"rendered":"teamGOAL Casuals Hooded Jacket"},"content":{"rendered":"<p>Kaputze mit Kordelzug f\u00fcr individuelle Passfrom (Junior ohne Kordelzug an Kaputze), beidseitige Eingrifftaschen<\/p>\n<p>an der Vorderseite, Rei\u00dfverschluss an der Vorderseite<\/p>\n<p>&nbsp;<\/p>\n<p>Regular Fit<\/p>\n<p>68% Baumwolle BCI, 32% Polyester<\/p>\n","protected":false},"excerpt":{"rendered":"<p>Kaputze mit Kordelzug f\u00fcr individuelle Passfrom (Junior ohne Kordelzug an Kaputze), beidseitige Eingrifftaschen an der Vorderseite, Rei\u00dfverschluss an der Vorderseite &nbsp; Regular Fit 68% Baumwolle BCI, 32% Polyester<\/p>\n","protected":false},"featured_media":796,"template":"","meta":{"inline_featured_image":false},"product_brand":[],"product_cat":[98],"product_tag":[],"class_list":{"0":"post-761","1":"product","2":"type-product","3":"status-publish","4":"has-post-thumbnail","6":"product_cat-teamsport","8":"first","9":"instock","10":"taxable","11":"shipping-taxable","12":"purchasable","13":"product-type-variable"},"yoast_head":"<!-- This site is optimized with the Yoast SEO plugin v27.3 - https:\/\/yoast.com\/product\/yoast-seo-wordpress\/ -->\n<title>teamGOAL Casuals Hooded Jacket - Skil\u00f6wen 1860 M\u00fcnchen<\/title>\n<meta name=\"robots\" content=\"index, follow, max-snippet:-1, max-image-preview:large, max-video-preview:-1\" \/>\n<link rel=\"canonical\" href=\"https:\/\/www.teamprofi.de\/skiloewen\/produkt\/teamgoal-casuals-hooded-jacket\/\" \/>\n<meta property=\"og:locale\" content=\"de_DE\" \/>\n<meta property=\"og:type\" content=\"article\" \/>\n<meta property=\"og:title\" content=\"teamGOAL Casuals Hooded Jacket - Skil\u00f6wen 1860 M\u00fcnchen\" \/>\n<meta property=\"og:description\" content=\"Kaputze mit Kordelzug f\u00fcr individuelle Passfrom (Junior ohne Kordelzug an Kaputze), beidseitige Eingrifftaschen an der Vorderseite, Rei\u00dfverschluss an der Vorderseite &nbsp; Regular Fit 68% Baumwolle BCI, 32% Polyester\" \/>\n<meta property=\"og:url\" content=\"https:\/\/www.teamprofi.de\/skiloewen\/produkt\/teamgoal-casuals-hooded-jacket\/\" \/>\n<meta property=\"og:site_name\" content=\"Skil\u00f6wen 1860 M\u00fcnchen\" \/>\n<meta property=\"article:modified_time\" content=\"2025-01-08T11:11:33+00:00\" \/>\n<meta property=\"og:image\" content=\"https:\/\/www.teamprofi.de\/skiloewen\/wp-content\/uploads\/sites\/15\/2024\/01\/658595_02V.jpg\" \/>\n\t<meta property=\"og:image:width\" content=\"2363\" \/>\n\t<meta property=\"og:image:height\" content=\"2362\" \/>\n\t<meta property=\"og:image:type\" content=\"image\/jpeg\" \/>\n<meta name=\"twitter:card\" content=\"summary_large_image\" \/>\n<script type=\"application\/ld+json\" class=\"yoast-schema-graph\">{\"@context\":\"https:\\\/\\\/schema.org\",\"@graph\":[{\"@type\":\"WebPage\",\"@id\":\"https:\\\/\\\/www.teamprofi.de\\\/skiloewen\\\/produkt\\\/teamgoal-casuals-hooded-jacket\\\/\",\"url\":\"https:\\\/\\\/www.teamprofi.de\\\/skiloewen\\\/produkt\\\/teamgoal-casuals-hooded-jacket\\\/\",\"name\":\"teamGOAL Casuals Hooded Jacket - Skil\u00f6wen 1860 M\u00fcnchen\",\"isPartOf\":{\"@id\":\"https:\\\/\\\/www.teamprofi.de\\\/skiloewen\\\/#website\"},\"primaryImageOfPage\":{\"@id\":\"https:\\\/\\\/www.teamprofi.de\\\/skiloewen\\\/produkt\\\/teamgoal-casuals-hooded-jacket\\\/#primaryimage\"},\"image\":{\"@id\":\"https:\\\/\\\/www.teamprofi.de\\\/skiloewen\\\/produkt\\\/teamgoal-casuals-hooded-jacket\\\/#primaryimage\"},\"thumbnailUrl\":\"https:\\\/\\\/www.teamprofi.de\\\/skiloewen\\\/wp-content\\\/uploads\\\/sites\\\/15\\\/2024\\\/01\\\/658595_02V.jpg\",\"datePublished\":\"2024-01-03T10:58:25+00:00\",\"dateModified\":\"2025-01-08T11:11:33+00:00\",\"breadcrumb\":{\"@id\":\"https:\\\/\\\/www.teamprofi.de\\\/skiloewen\\\/produkt\\\/teamgoal-casuals-hooded-jacket\\\/#breadcrumb\"},\"inLanguage\":\"de\",\"potentialAction\":[{\"@type\":\"ReadAction\",\"target\":[\"https:\\\/\\\/www.teamprofi.de\\\/skiloewen\\\/produkt\\\/teamgoal-casuals-hooded-jacket\\\/\"]}]},{\"@type\":\"ImageObject\",\"inLanguage\":\"de\",\"@id\":\"https:\\\/\\\/www.teamprofi.de\\\/skiloewen\\\/produkt\\\/teamgoal-casuals-hooded-jacket\\\/#primaryimage\",\"url\":\"https:\\\/\\\/www.teamprofi.de\\\/skiloewen\\\/wp-content\\\/uploads\\\/sites\\\/15\\\/2024\\\/01\\\/658595_02V.jpg\",\"contentUrl\":\"https:\\\/\\\/www.teamprofi.de\\\/skiloewen\\\/wp-content\\\/uploads\\\/sites\\\/15\\\/2024\\\/01\\\/658595_02V.jpg\",\"width\":2363,\"height\":2362},{\"@type\":\"BreadcrumbList\",\"@id\":\"https:\\\/\\\/www.teamprofi.de\\\/skiloewen\\\/produkt\\\/teamgoal-casuals-hooded-jacket\\\/#breadcrumb\",\"itemListElement\":[{\"@type\":\"ListItem\",\"position\":1,\"name\":\"Startseite\",\"item\":\"https:\\\/\\\/www.teamprofi.de\\\/skiloewen\\\/\"},{\"@type\":\"ListItem\",\"position\":2,\"name\":\"Shop\",\"item\":\"https:\\\/\\\/www.teamprofi.de\\\/skiloewen\\\/\"},{\"@type\":\"ListItem\",\"position\":3,\"name\":\"teamGOAL Casuals Hooded Jacket\"}]},{\"@type\":\"WebSite\",\"@id\":\"https:\\\/\\\/www.teamprofi.de\\\/skiloewen\\\/#website\",\"url\":\"https:\\\/\\\/www.teamprofi.de\\\/skiloewen\\\/\",\"name\":\"Skil\u00f6wen 1860 M\u00fcnchen\",\"description\":\"Vereins-Shop Sport G\u00fcrteler\",\"potentialAction\":[{\"@type\":\"SearchAction\",\"target\":{\"@type\":\"EntryPoint\",\"urlTemplate\":\"https:\\\/\\\/www.teamprofi.de\\\/skiloewen\\\/?s={search_term_string}\"},\"query-input\":{\"@type\":\"PropertyValueSpecification\",\"valueRequired\":true,\"valueName\":\"search_term_string\"}}],\"inLanguage\":\"de\"}]}<\/script>\n<!-- \/ Yoast SEO plugin. -->","yoast_head_json":{"title":"teamGOAL Casuals Hooded Jacket - Skil\u00f6wen 1860 M\u00fcnchen","robots":{"index":"index","follow":"follow","max-snippet":"max-snippet:-1","max-image-preview":"max-image-preview:large","max-video-preview":"max-video-preview:-1"},"canonical":"https:\/\/www.teamprofi.de\/skiloewen\/produkt\/teamgoal-casuals-hooded-jacket\/","og_locale":"de_DE","og_type":"article","og_title":"teamGOAL Casuals Hooded Jacket - Skil\u00f6wen 1860 M\u00fcnchen","og_description":"Kaputze mit Kordelzug f\u00fcr individuelle Passfrom (Junior ohne Kordelzug an Kaputze), beidseitige Eingrifftaschen an der Vorderseite, Rei\u00dfverschluss an der Vorderseite &nbsp; Regular Fit 68% Baumwolle BCI, 32% Polyester","og_url":"https:\/\/www.teamprofi.de\/skiloewen\/produkt\/teamgoal-casuals-hooded-jacket\/","og_site_name":"Skil\u00f6wen 1860 M\u00fcnchen","article_modified_time":"2025-01-08T11:11:33+00:00","og_image":[{"width":2363,"height":2362,"url":"https:\/\/www.teamprofi.de\/skiloewen\/wp-content\/uploads\/sites\/15\/2024\/01\/658595_02V.jpg","type":"image\/jpeg"}],"twitter_card":"summary_large_image","schema":{"@context":"https:\/\/schema.org","@graph":[{"@type":"WebPage","@id":"https:\/\/www.teamprofi.de\/skiloewen\/produkt\/teamgoal-casuals-hooded-jacket\/","url":"https:\/\/www.teamprofi.de\/skiloewen\/produkt\/teamgoal-casuals-hooded-jacket\/","name":"teamGOAL Casuals Hooded Jacket - Skil\u00f6wen 1860 M\u00fcnchen","isPartOf":{"@id":"https:\/\/www.teamprofi.de\/skiloewen\/#website"},"primaryImageOfPage":{"@id":"https:\/\/www.teamprofi.de\/skiloewen\/produkt\/teamgoal-casuals-hooded-jacket\/#primaryimage"},"image":{"@id":"https:\/\/www.teamprofi.de\/skiloewen\/produkt\/teamgoal-casuals-hooded-jacket\/#primaryimage"},"thumbnailUrl":"https:\/\/www.teamprofi.de\/skiloewen\/wp-content\/uploads\/sites\/15\/2024\/01\/658595_02V.jpg","datePublished":"2024-01-03T10:58:25+00:00","dateModified":"2025-01-08T11:11:33+00:00","breadcrumb":{"@id":"https:\/\/www.teamprofi.de\/skiloewen\/produkt\/teamgoal-casuals-hooded-jacket\/#breadcrumb"},"inLanguage":"de","potentialAction":[{"@type":"ReadAction","target":["https:\/\/www.teamprofi.de\/skiloewen\/produkt\/teamgoal-casuals-hooded-jacket\/"]}]},{"@type":"ImageObject","inLanguage":"de","@id":"https:\/\/www.teamprofi.de\/skiloewen\/produkt\/teamgoal-casuals-hooded-jacket\/#primaryimage","url":"https:\/\/www.teamprofi.de\/skiloewen\/wp-content\/uploads\/sites\/15\/2024\/01\/658595_02V.jpg","contentUrl":"https:\/\/www.teamprofi.de\/skiloewen\/wp-content\/uploads\/sites\/15\/2024\/01\/658595_02V.jpg","width":2363,"height":2362},{"@type":"BreadcrumbList","@id":"https:\/\/www.teamprofi.de\/skiloewen\/produkt\/teamgoal-casuals-hooded-jacket\/#breadcrumb","itemListElement":[{"@type":"ListItem","position":1,"name":"Startseite","item":"https:\/\/www.teamprofi.de\/skiloewen\/"},{"@type":"ListItem","position":2,"name":"Shop","item":"https:\/\/www.teamprofi.de\/skiloewen\/"},{"@type":"ListItem","position":3,"name":"teamGOAL Casuals Hooded Jacket"}]},{"@type":"WebSite","@id":"https:\/\/www.teamprofi.de\/skiloewen\/#website","url":"https:\/\/www.teamprofi.de\/skiloewen\/","name":"Skil\u00f6wen 1860 M\u00fcnchen","description":"Vereins-Shop Sport G\u00fcrteler","potentialAction":[{"@type":"SearchAction","target":{"@type":"EntryPoint","urlTemplate":"https:\/\/www.teamprofi.de\/skiloewen\/?s={search_term_string}"},"query-input":{"@type":"PropertyValueSpecification","valueRequired":true,"valueName":"search_term_string"}}],"inLanguage":"de"}]}},"_links":{"self":[{"href":"https:\/\/www.teamprofi.de\/skiloewen\/wp-json\/wp\/v2\/product\/761","targetHints":{"allow":["GET"]}}],"collection":[{"href":"https:\/\/www.teamprofi.de\/skiloewen\/wp-json\/wp\/v2\/product"}],"about":[{"href":"https:\/\/www.teamprofi.de\/skiloewen\/wp-json\/wp\/v2\/types\/product"}],"wp:featuredmedia":[{"embeddable":true,"href":"https:\/\/www.teamprofi.de\/skiloewen\/wp-json\/wp\/v2\/media\/796"}],"wp:attachment":[{"href":"https:\/\/www.teamprofi.de\/skiloewen\/wp-json\/wp\/v2\/media?parent=761"}],"wp:term":[{"taxonomy":"product_brand","embeddable":true,"href":"https:\/\/www.teamprofi.de\/skiloewen\/wp-json\/wp\/v2\/product_brand?post=761"},{"taxonomy":"product_cat","embeddable":true,"href":"https:\/\/www.teamprofi.de\/skiloewen\/wp-json\/wp\/v2\/product_cat?post=761"},{"taxonomy":"product_tag","embeddable":true,"href":"https:\/\/www.teamprofi.de\/skiloewen\/wp-json\/wp\/v2\/product_tag?post=761"}],"curies":[{"name":"wp","href":"https:\/\/api.w.org\/{rel}","templated":true}]}}