{"id":4,"date":"2018-08-02T10:37:06","date_gmt":"2018-08-02T08:37:06","guid":{"rendered":"https:\/\/www.teamprofi.de\/jfg-ebrachtal\/warenkorb\/"},"modified":"2018-08-02T10:37:06","modified_gmt":"2018-08-02T08:37:06","slug":"warenkorb","status":"publish","type":"page","link":"https:\/\/www.teamprofi.de\/skiloewen\/warenkorb\/","title":{"rendered":"Warenkorb"},"content":{"rendered":"<div class=\"woocommerce\">\r\n<div class=\"cart-empty-page row cart-empty\">\r\n\t<div class=\"woocommerce-notices-wrapper\"><\/div><div class=\"wc-empty-cart-message\">\n\t<div class=\"cart-empty woocommerce-info\" role=\"status\">\n\t\tDein Warenkorb ist gegenw\u00e4rtig leer.\t<\/div>\n<\/div>\t<div class=\"info-wrap-empty\">\r\n\t\t<h1 class=\"info-background-empty\">Oops<\/h1>\r\n\t\t<div class=\"info-content-empty\">\r\n\t\t\t<div class=\"icon-empty\">\r\n\t\t\t\t<i class=\"dfd-icon-trolley_close\"><\/i>\r\n\t\t\t<\/div>\r\n\t\t\t<div class=\"info-empty\">\r\n\t\t\t\t<p class=\"cart-empty-text\">Your cart is currently empty.<\/p>\r\n\t\t\t\t<p class=\"cart-empty-subtext\">Sie k\u00f6nnen sehen alle erh\u00e4ltlichen Produkte und kauft im Laden.<\/p>\r\n\t\t\t\t\t\t\t\t\t<p class=\"button-on-page\"><a class=\"wc-backward\" href=\"https:\/\/www.teamprofi.de\/skiloewen\/\">Zur Shop zur\u00fcckgeben<\/a><\/p>\r\n\t\t\t\t\t\t\t<\/div>\r\n\t\t<\/div>\r\n\t<\/div>\r\n\t<div class=\"container-shortcodes\">\r\n\t\t<div class=\"woocommerce columns-4 \"><div class=\"products row\"><div class=\"first last three columns  dfd-loop-shop-responsive  style-1 post-750 product type-product status-publish has-post-thumbnail product_cat-teamsport  instock taxable shipping-taxable purchasable product-type-variable\">\r\n    <div class=\"prod-wrap text-center\" >\r\n\r\n\t\t\t\t<div class=\"woo-cover\">\r\n\t\t\t<div class=\"prod-image-wrap woo-entry-thumb\">\r\n\r\n\t\t\t\t\r\n\t<div id=\"product_slider_6a04756a764af\" class=\"woo-entry-thumb\" data-speed=\"2000\">\r\n\t\t\r\n\t\t<div class=\"woo-entry-thumb-carousel\">\r\n\r\n\t\t<div class=\"\"><img loading=\"lazy\" decoding=\"async\" src=\"https:\/\/www.teamprofi.de\/skiloewen\/wp-content\/uploads\/sites\/15\/2024\/01\/658633_02V-1024x1024-300x300.jpg\" alt=\"Bild\" width=\"300\" height=\"300\" \/><\/div>\r\n\t\t<\/div>\r\n\t\t\t\t<div class=\"preview-thumb\">\r\n\t\t\t<img decoding=\"async\" src=\"https:\/\/www.teamprofi.de\/skiloewen\/wp-content\/uploads\/sites\/15\/2024\/01\/658633_02V-1024x1024-300x300.jpg\" alt=\"Bild\" \/>\r\n\t\t<\/div>\r\n\t<\/div>\r\n\t<div class=\"buttons-wrap  dfd-buttons-light text-center\">\r\n\t\t<div>\r\n\t\t\t\t\t\t\t<a href=\"https:\/\/www.teamprofi.de\/skiloewen\/produkt\/teamgoal-training-jacket\/\" rel=\"nofollow\" data-product_id=\"750\" data-product_sku=\"\" data-quantity=\"1\" class=\"button  product_type_variable\">View Product<\/a>\t\t\t\t\t\t\t\t\t\t<a href=\"https:\/\/www.teamprofi.de\/skiloewen\/wp-content\/uploads\/sites\/15\/2024\/01\/658633_02V.jpg\" title=\"Product images\" class=\"dfd-prod-lightbox\" data-rel=\"prettyPhoto[product-gallery-750]\">\r\n\t\t\t\t\t\t\t\t\t<i class=\"dfd-icon-zoom\"><\/i>\r\n\t\t\t\t\t\t\t<\/a>\r\n\t\t<\/div>\r\n\t<\/div>\r\n\r\n\t\t\t\t\t\t\t\t\t\t<a href=\"https:\/\/www.teamprofi.de\/skiloewen\/produkt\/teamgoal-training-jacket\/\" class=\"link\"><\/a>\r\n\t\t\t\t\t\t\t\t\t\t\t<\/div>\r\n\t\t<\/div>\r\n\t\t\t\t\t<div class=\"woo-title-wrap\">\r\n\t\t\t\t<div class=\"heading\">\r\n\t\t\t\t\t<div class=\"dfd-folio-categories\">\r\n\t\t\t\t\t\t\r\n\t<span class=\"byline category\">\r\n\t\t<a href=\"https:\/\/www.teamprofi.de\/skiloewen\/produkt-kategorie\/teamsport\/\" class=\"fn\">\r\n\t\t\t<span class=\"cat-name\">Teamsport<\/span>\r\n\t\t<\/a>\r\n\t<\/span>\r\n\t\t\t\t\t<\/div>\r\n\t\t\t\t\t<div class=\"box-name\"><a href=\"https:\/\/www.teamprofi.de\/skiloewen\/produkt\/teamgoal-training-jacket\/\">teamGOAL Training Jacket<\/a><\/div>\r\n\t\t\t\t\t\t\t\t\t\t\t<div class=\"subtitle\">Ziptop mit Wappen und auf Wunsch mit Initialen.<\/div>\r\n\t\t\t\t\t\t\t\t\t\t<div class=\"price-wrap\">\r\n\t\t\t\t\t\t\n\t<span class=\"price\"><span class=\"woocommerce-Price-amount amount\" aria-hidden=\"true\"><bdi>37,00&nbsp;<span class=\"woocommerce-Price-currencySymbol\">&euro;<\/span><\/bdi><\/span> <span aria-hidden=\"true\"> \u2013 <\/span> <span class=\"woocommerce-Price-amount amount\" aria-hidden=\"true\"><bdi>40,00&nbsp;<span class=\"woocommerce-Price-currencySymbol\">&euro;<\/span><\/bdi><\/span><span class=\"screen-reader-text\">Preisspanne: 37,00&nbsp;&euro; bis 40,00&nbsp;&euro;<\/span><\/span>\n\t\t\t\t\t<\/div>\r\n\t\t\t\t\t<div class=\"rating-section\">\r\n\t\t\t\t\t\t\t\t\t\t\t<\/div>\r\n\t\t\t\t<\/div>\r\n\t\t\t<\/div>\r\n\t\t\t\t    <\/div>\r\n\t<\/div><div class=\"first last three columns  dfd-loop-shop-responsive  style-1 post-734 product type-product status-publish has-post-thumbnail product_cat-teamsport instock taxable shipping-taxable purchasable product-type-variable\">\r\n    <div class=\"prod-wrap text-center\" >\r\n\r\n\t\t\t\t<div class=\"woo-cover\">\r\n\t\t\t<div class=\"prod-image-wrap woo-entry-thumb\">\r\n\r\n\t\t\t\t\r\n\t<div id=\"product_slider_6a04756a7859b\" class=\"woo-entry-thumb\" data-speed=\"2000\">\r\n\t\t\r\n\t\t<div class=\"woo-entry-thumb-carousel\">\r\n\r\n\t\t<div class=\"\"><img loading=\"lazy\" decoding=\"async\" src=\"https:\/\/www.teamprofi.de\/skiloewen\/wp-content\/uploads\/sites\/15\/2024\/01\/658636_02V-1024x1024-300x300.jpg\" alt=\"Bild\" width=\"300\" height=\"300\" \/><\/div>\r\n\t\t<\/div>\r\n\t\t\t\t<div class=\"preview-thumb\">\r\n\t\t\t<img decoding=\"async\" src=\"https:\/\/www.teamprofi.de\/skiloewen\/wp-content\/uploads\/sites\/15\/2024\/01\/658636_02V-1024x1024-300x300.jpg\" alt=\"Bild\" \/>\r\n\t\t<\/div>\r\n\t<\/div>\r\n\t<div class=\"buttons-wrap  dfd-buttons-light text-center\">\r\n\t\t<div>\r\n\t\t\t\t\t\t\t<a href=\"https:\/\/www.teamprofi.de\/skiloewen\/produkt\/teamgoal-training-jersey\/\" rel=\"nofollow\" data-product_id=\"734\" data-product_sku=\"\" data-quantity=\"1\" class=\"button  product_type_variable\">View Product<\/a>\t\t\t\t\t\t\t\t\t\t<a href=\"https:\/\/www.teamprofi.de\/skiloewen\/wp-content\/uploads\/sites\/15\/2024\/01\/658636_02V.jpg\" title=\"Product images\" class=\"dfd-prod-lightbox\" data-rel=\"prettyPhoto[product-gallery-734]\">\r\n\t\t\t\t\t\t\t\t\t<i class=\"dfd-icon-zoom\"><\/i>\r\n\t\t\t\t\t\t\t<\/a>\r\n\t\t<\/div>\r\n\t<\/div>\r\n\r\n\t\t\t\t\t\t\t\t\t\t<a href=\"https:\/\/www.teamprofi.de\/skiloewen\/produkt\/teamgoal-training-jersey\/\" class=\"link\"><\/a>\r\n\t\t\t\t\t\t\t\t\t\t\t<\/div>\r\n\t\t<\/div>\r\n\t\t\t\t\t<div class=\"woo-title-wrap\">\r\n\t\t\t\t<div class=\"heading\">\r\n\t\t\t\t\t<div class=\"dfd-folio-categories\">\r\n\t\t\t\t\t\t\r\n\t<span class=\"byline category\">\r\n\t\t<a href=\"https:\/\/www.teamprofi.de\/skiloewen\/produkt-kategorie\/teamsport\/\" class=\"fn\">\r\n\t\t\t<span class=\"cat-name\">Teamsport<\/span>\r\n\t\t<\/a>\r\n\t<\/span>\r\n\t\t\t\t\t<\/div>\r\n\t\t\t\t\t<div class=\"box-name\"><a href=\"https:\/\/www.teamprofi.de\/skiloewen\/produkt\/teamgoal-training-jersey\/\">teamGoal Training Jersey<\/a><\/div>\r\n\t\t\t\t\t\t\t\t\t\t\t<div class=\"subtitle\">T-Shirt mit Vereinslogo. Auf Wunsch mit Initialen.<\/div>\r\n\t\t\t\t\t\t\t\t\t\t<div class=\"price-wrap\">\r\n\t\t\t\t\t\t\n\t<span class=\"price\"><span class=\"woocommerce-Price-amount amount\" aria-hidden=\"true\"><bdi>22,00&nbsp;<span class=\"woocommerce-Price-currencySymbol\">&euro;<\/span><\/bdi><\/span> <span aria-hidden=\"true\"> \u2013 <\/span> <span class=\"woocommerce-Price-amount amount\" aria-hidden=\"true\"><bdi>26,00&nbsp;<span class=\"woocommerce-Price-currencySymbol\">&euro;<\/span><\/bdi><\/span><span class=\"screen-reader-text\">Preisspanne: 22,00&nbsp;&euro; bis 26,00&nbsp;&euro;<\/span><\/span>\n\t\t\t\t\t<\/div>\r\n\t\t\t\t\t<div class=\"rating-section\">\r\n\t\t\t\t\t\t\t\t\t\t\t<\/div>\r\n\t\t\t\t<\/div>\r\n\t\t\t<\/div>\r\n\t\t\t\t    <\/div>\r\n\t<\/div><div class=\"first last three columns  dfd-loop-shop-responsive  style-1 post-739 product type-product status-publish has-post-thumbnail product_cat-teamsport  instock taxable shipping-taxable purchasable product-type-variable\">\r\n    <div class=\"prod-wrap text-center\" >\r\n\r\n\t\t\t\t<div class=\"woo-cover\">\r\n\t\t\t<div class=\"prod-image-wrap woo-entry-thumb\">\r\n\r\n\t\t\t\t\r\n\t<div id=\"product_slider_6a04756a7962c\" class=\"woo-entry-thumb\" data-speed=\"2000\">\r\n\t\t\r\n\t\t<div class=\"woo-entry-thumb-carousel\">\r\n\r\n\t\t<div class=\"\"><img loading=\"lazy\" decoding=\"async\" src=\"https:\/\/www.teamprofi.de\/skiloewen\/wp-content\/uploads\/sites\/15\/2024\/01\/658618_02V-1024x1024-300x300.jpg\" alt=\"Bild\" width=\"300\" height=\"300\" \/><\/div>\r\n\t\t<\/div>\r\n\t\t\t\t<div class=\"preview-thumb\">\r\n\t\t\t<img decoding=\"async\" src=\"https:\/\/www.teamprofi.de\/skiloewen\/wp-content\/uploads\/sites\/15\/2024\/01\/658618_02V-1024x1024-300x300.jpg\" alt=\"Bild\" \/>\r\n\t\t<\/div>\r\n\t<\/div>\r\n\t<div class=\"buttons-wrap  dfd-buttons-light text-center\">\r\n\t\t<div>\r\n\t\t\t\t\t\t\t<a href=\"https:\/\/www.teamprofi.de\/skiloewen\/produkt\/teamgoal-casuals-hoody\/\" rel=\"nofollow\" data-product_id=\"739\" data-product_sku=\"\" data-quantity=\"1\" class=\"button  product_type_variable\">View Product<\/a>\t\t\t\t\t\t\t\t\t\t<a href=\"https:\/\/www.teamprofi.de\/skiloewen\/wp-content\/uploads\/sites\/15\/2024\/01\/658618_02V.jpg\" title=\"Product images\" class=\"dfd-prod-lightbox\" data-rel=\"prettyPhoto[product-gallery-739]\">\r\n\t\t\t\t\t\t\t\t\t<i class=\"dfd-icon-zoom\"><\/i>\r\n\t\t\t\t\t\t\t<\/a>\r\n\t\t<\/div>\r\n\t<\/div>\r\n\r\n\t\t\t\t\t\t\t\t\t\t<a href=\"https:\/\/www.teamprofi.de\/skiloewen\/produkt\/teamgoal-casuals-hoody\/\" class=\"link\"><\/a>\r\n\t\t\t\t\t\t\t\t\t\t\t<\/div>\r\n\t\t<\/div>\r\n\t\t\t\t\t<div class=\"woo-title-wrap\">\r\n\t\t\t\t<div class=\"heading\">\r\n\t\t\t\t\t<div class=\"dfd-folio-categories\">\r\n\t\t\t\t\t\t\r\n\t<span class=\"byline category\">\r\n\t\t<a href=\"https:\/\/www.teamprofi.de\/skiloewen\/produkt-kategorie\/teamsport\/\" class=\"fn\">\r\n\t\t\t<span class=\"cat-name\">Teamsport<\/span>\r\n\t\t<\/a>\r\n\t<\/span>\r\n\t\t\t\t\t<\/div>\r\n\t\t\t\t\t<div class=\"box-name\"><a href=\"https:\/\/www.teamprofi.de\/skiloewen\/produkt\/teamgoal-casuals-hoody\/\">teamGoal Casuals Hoody<\/a><\/div>\r\n\t\t\t\t\t\t\t\t\t\t\t<div class=\"subtitle\">Hoody mit Vereinslogo. Auf Wunsch mit Initialen.<\/div>\r\n\t\t\t\t\t\t\t\t\t\t<div class=\"price-wrap\">\r\n\t\t\t\t\t\t\n\t<span class=\"price\"><span class=\"woocommerce-Price-amount amount\" aria-hidden=\"true\"><bdi>37,00&nbsp;<span class=\"woocommerce-Price-currencySymbol\">&euro;<\/span><\/bdi><\/span> <span aria-hidden=\"true\"> \u2013 <\/span> <span class=\"woocommerce-Price-amount amount\" aria-hidden=\"true\"><bdi>40,00&nbsp;<span class=\"woocommerce-Price-currencySymbol\">&euro;<\/span><\/bdi><\/span><span class=\"screen-reader-text\">Preisspanne: 37,00&nbsp;&euro; bis 40,00&nbsp;&euro;<\/span><\/span>\n\t\t\t\t\t<\/div>\r\n\t\t\t\t\t<div class=\"rating-section\">\r\n\t\t\t\t\t\t\t\t\t\t\t<\/div>\r\n\t\t\t\t<\/div>\r\n\t\t\t<\/div>\r\n\t\t\t\t    <\/div>\r\n\t<\/div><div class=\"first last three columns  dfd-loop-shop-responsive  style-1 post-721 product type-product status-publish has-post-thumbnail product_cat-teamsport instock taxable shipping-taxable purchasable product-type-variable\">\r\n    <div class=\"prod-wrap text-center\" >\r\n\r\n\t\t\t\t<div class=\"woo-cover\">\r\n\t\t\t<div class=\"prod-image-wrap woo-entry-thumb\">\r\n\r\n\t\t\t\t\r\n\t<div id=\"product_slider_6a04756a7a576\" class=\"woo-entry-thumb\" data-speed=\"2000\">\r\n\t\t\r\n\t\t<div class=\"woo-entry-thumb-carousel\">\r\n\r\n\t\t<div class=\"\"><img loading=\"lazy\" decoding=\"async\" src=\"https:\/\/www.teamprofi.de\/skiloewen\/wp-content\/uploads\/sites\/15\/2023\/08\/656581V-02-1-1024x1024-300x300.jpg\" alt=\"Bild\" width=\"300\" height=\"300\" \/><\/div>\r\n\t\t<\/div>\r\n\t\t\t\t<div class=\"preview-thumb\">\r\n\t\t\t<img decoding=\"async\" src=\"https:\/\/www.teamprofi.de\/skiloewen\/wp-content\/uploads\/sites\/15\/2023\/08\/656581V-02-1-1024x1024-300x300.jpg\" alt=\"Bild\" \/>\r\n\t\t<\/div>\r\n\t<\/div>\r\n\t<div class=\"buttons-wrap  dfd-buttons-light text-center\">\r\n\t\t<div>\r\n\t\t\t\t\t\t\t<a href=\"https:\/\/www.teamprofi.de\/skiloewen\/produkt\/teamgoal-casuals-shorts\/\" rel=\"nofollow\" data-product_id=\"721\" data-product_sku=\"\" data-quantity=\"1\" class=\"button  product_type_variable\">View Product<\/a>\t\t\t\t\t\t\t\t\t\t<a href=\"https:\/\/www.teamprofi.de\/skiloewen\/wp-content\/uploads\/sites\/15\/2023\/08\/656581V-02-1.jpg\" title=\"Product images\" class=\"dfd-prod-lightbox\" data-rel=\"prettyPhoto[product-gallery-721]\">\r\n\t\t\t\t\t\t\t\t\t<i class=\"dfd-icon-zoom\"><\/i>\r\n\t\t\t\t\t\t\t<\/a>\r\n\t\t<\/div>\r\n\t<\/div>\r\n\r\n\t\t\t\t\t\t\t\t\t\t<a href=\"https:\/\/www.teamprofi.de\/skiloewen\/produkt\/teamgoal-casuals-shorts\/\" class=\"link\"><\/a>\r\n\t\t\t\t\t\t\t\t\t\t\t<\/div>\r\n\t\t<\/div>\r\n\t\t\t\t\t<div class=\"woo-title-wrap\">\r\n\t\t\t\t<div class=\"heading\">\r\n\t\t\t\t\t<div class=\"dfd-folio-categories\">\r\n\t\t\t\t\t\t\r\n\t<span class=\"byline category\">\r\n\t\t<a href=\"https:\/\/www.teamprofi.de\/skiloewen\/produkt-kategorie\/teamsport\/\" class=\"fn\">\r\n\t\t\t<span class=\"cat-name\">Teamsport<\/span>\r\n\t\t<\/a>\r\n\t<\/span>\r\n\t\t\t\t\t<\/div>\r\n\t\t\t\t\t<div class=\"box-name\"><a href=\"https:\/\/www.teamprofi.de\/skiloewen\/produkt\/teamgoal-casuals-shorts\/\">teamGoal Casuals Shorts<\/a><\/div>\r\n\t\t\t\t\t\t\t\t\t\t\t<div class=\"subtitle\">Short mit Vereinswappen. Auf Wunsch mit Initialen<\/div>\r\n\t\t\t\t\t\t\t\t\t\t<div class=\"price-wrap\">\r\n\t\t\t\t\t\t\n\t<span class=\"price\"><span class=\"woocommerce-Price-amount amount\" aria-hidden=\"true\"><bdi>24,00&nbsp;<span class=\"woocommerce-Price-currencySymbol\">&euro;<\/span><\/bdi><\/span> <span aria-hidden=\"true\"> \u2013 <\/span> <span class=\"woocommerce-Price-amount amount\" aria-hidden=\"true\"><bdi>27,00&nbsp;<span class=\"woocommerce-Price-currencySymbol\">&euro;<\/span><\/bdi><\/span><span class=\"screen-reader-text\">Preisspanne: 24,00&nbsp;&euro; bis 27,00&nbsp;&euro;<\/span><\/span>\n\t\t\t\t\t<\/div>\r\n\t\t\t\t\t<div class=\"rating-section\">\r\n\t\t\t\t\t\t\t\t\t\t\t<\/div>\r\n\t\t\t\t<\/div>\r\n\t\t\t<\/div>\r\n\t\t\t\t    <\/div>\r\n\t<\/div><\/div><\/div>\t<\/div>\r\n<\/div><\/div>\n","protected":false},"excerpt":{"rendered":"Dein Warenkorb ist gegenw\u00e4rtig leer. Oops Your cart is currently empty. Sie k\u00f6nnen sehen alle erh\u00e4ltlichen Produkte und kauft im Laden. Zur Shop zur\u00fcckgeben View Product Teamsport teamGOAL Training Jacket","protected":false},"author":1,"featured_media":0,"parent":0,"menu_order":0,"comment_status":"closed","ping_status":"closed","template":"","meta":{"inline_featured_image":false,"footnotes":""},"class_list":["post-4","page","type-page","status-publish","hentry"],"yoast_head":"<!-- This site is optimized with the Yoast SEO plugin v27.3 - https:\/\/yoast.com\/product\/yoast-seo-wordpress\/ -->\n<title>Warenkorb - Skil\u00f6wen 1860 M\u00fcnchen<\/title>\n<meta name=\"robots\" content=\"index, follow, max-snippet:-1, max-image-preview:large, max-video-preview:-1\" \/>\n<link rel=\"canonical\" href=\"https:\/\/www.teamprofi.de\/skiloewen\/warenkorb\/\" \/>\n<meta property=\"og:locale\" content=\"de_DE\" \/>\n<meta property=\"og:type\" content=\"article\" \/>\n<meta property=\"og:title\" content=\"Warenkorb - Skil\u00f6wen 1860 M\u00fcnchen\" \/>\n<meta property=\"og:url\" content=\"https:\/\/www.teamprofi.de\/skiloewen\/warenkorb\/\" \/>\n<meta property=\"og:site_name\" content=\"Skil\u00f6wen 1860 M\u00fcnchen\" \/>\n<meta name=\"twitter:card\" content=\"summary_large_image\" \/>\n<script type=\"application\/ld+json\" class=\"yoast-schema-graph\">{\"@context\":\"https:\\\/\\\/schema.org\",\"@graph\":[{\"@type\":\"WebPage\",\"@id\":\"https:\\\/\\\/www.teamprofi.de\\\/skiloewen\\\/warenkorb\\\/\",\"url\":\"https:\\\/\\\/www.teamprofi.de\\\/skiloewen\\\/warenkorb\\\/\",\"name\":\"Warenkorb - Skil\u00f6wen 1860 M\u00fcnchen\",\"isPartOf\":{\"@id\":\"https:\\\/\\\/www.teamprofi.de\\\/skiloewen\\\/#website\"},\"datePublished\":\"2018-08-02T08:37:06+00:00\",\"breadcrumb\":{\"@id\":\"https:\\\/\\\/www.teamprofi.de\\\/skiloewen\\\/warenkorb\\\/#breadcrumb\"},\"inLanguage\":\"de\",\"potentialAction\":[{\"@type\":\"ReadAction\",\"target\":[\"https:\\\/\\\/www.teamprofi.de\\\/skiloewen\\\/warenkorb\\\/\"]}]},{\"@type\":\"BreadcrumbList\",\"@id\":\"https:\\\/\\\/www.teamprofi.de\\\/skiloewen\\\/warenkorb\\\/#breadcrumb\",\"itemListElement\":[{\"@type\":\"ListItem\",\"position\":1,\"name\":\"Startseite\",\"item\":\"https:\\\/\\\/www.teamprofi.de\\\/skiloewen\\\/\"},{\"@type\":\"ListItem\",\"position\":2,\"name\":\"Warenkorb\"}]},{\"@type\":\"WebSite\",\"@id\":\"https:\\\/\\\/www.teamprofi.de\\\/skiloewen\\\/#website\",\"url\":\"https:\\\/\\\/www.teamprofi.de\\\/skiloewen\\\/\",\"name\":\"Skil\u00f6wen 1860 M\u00fcnchen\",\"description\":\"Vereins-Shop Sport G\u00fcrteler\",\"potentialAction\":[{\"@type\":\"SearchAction\",\"target\":{\"@type\":\"EntryPoint\",\"urlTemplate\":\"https:\\\/\\\/www.teamprofi.de\\\/skiloewen\\\/?s={search_term_string}\"},\"query-input\":{\"@type\":\"PropertyValueSpecification\",\"valueRequired\":true,\"valueName\":\"search_term_string\"}}],\"inLanguage\":\"de\"}]}<\/script>\n<!-- \/ Yoast SEO plugin. -->","yoast_head_json":{"title":"Warenkorb - Skil\u00f6wen 1860 M\u00fcnchen","robots":{"index":"index","follow":"follow","max-snippet":"max-snippet:-1","max-image-preview":"max-image-preview:large","max-video-preview":"max-video-preview:-1"},"canonical":"https:\/\/www.teamprofi.de\/skiloewen\/warenkorb\/","og_locale":"de_DE","og_type":"article","og_title":"Warenkorb - Skil\u00f6wen 1860 M\u00fcnchen","og_url":"https:\/\/www.teamprofi.de\/skiloewen\/warenkorb\/","og_site_name":"Skil\u00f6wen 1860 M\u00fcnchen","twitter_card":"summary_large_image","schema":{"@context":"https:\/\/schema.org","@graph":[{"@type":"WebPage","@id":"https:\/\/www.teamprofi.de\/skiloewen\/warenkorb\/","url":"https:\/\/www.teamprofi.de\/skiloewen\/warenkorb\/","name":"Warenkorb - Skil\u00f6wen 1860 M\u00fcnchen","isPartOf":{"@id":"https:\/\/www.teamprofi.de\/skiloewen\/#website"},"datePublished":"2018-08-02T08:37:06+00:00","breadcrumb":{"@id":"https:\/\/www.teamprofi.de\/skiloewen\/warenkorb\/#breadcrumb"},"inLanguage":"de","potentialAction":[{"@type":"ReadAction","target":["https:\/\/www.teamprofi.de\/skiloewen\/warenkorb\/"]}]},{"@type":"BreadcrumbList","@id":"https:\/\/www.teamprofi.de\/skiloewen\/warenkorb\/#breadcrumb","itemListElement":[{"@type":"ListItem","position":1,"name":"Startseite","item":"https:\/\/www.teamprofi.de\/skiloewen\/"},{"@type":"ListItem","position":2,"name":"Warenkorb"}]},{"@type":"WebSite","@id":"https:\/\/www.teamprofi.de\/skiloewen\/#website","url":"https:\/\/www.teamprofi.de\/skiloewen\/","name":"Skil\u00f6wen 1860 M\u00fcnchen","description":"Vereins-Shop Sport G\u00fcrteler","potentialAction":[{"@type":"SearchAction","target":{"@type":"EntryPoint","urlTemplate":"https:\/\/www.teamprofi.de\/skiloewen\/?s={search_term_string}"},"query-input":{"@type":"PropertyValueSpecification","valueRequired":true,"valueName":"search_term_string"}}],"inLanguage":"de"}]}},"_links":{"self":[{"href":"https:\/\/www.teamprofi.de\/skiloewen\/wp-json\/wp\/v2\/pages\/4","targetHints":{"allow":["GET"]}}],"collection":[{"href":"https:\/\/www.teamprofi.de\/skiloewen\/wp-json\/wp\/v2\/pages"}],"about":[{"href":"https:\/\/www.teamprofi.de\/skiloewen\/wp-json\/wp\/v2\/types\/page"}],"author":[{"embeddable":true,"href":"https:\/\/www.teamprofi.de\/skiloewen\/wp-json\/wp\/v2\/users\/1"}],"replies":[{"embeddable":true,"href":"https:\/\/www.teamprofi.de\/skiloewen\/wp-json\/wp\/v2\/comments?post=4"}],"version-history":[{"count":0,"href":"https:\/\/www.teamprofi.de\/skiloewen\/wp-json\/wp\/v2\/pages\/4\/revisions"}],"wp:attachment":[{"href":"https:\/\/www.teamprofi.de\/skiloewen\/wp-json\/wp\/v2\/media?parent=4"}],"curies":[{"name":"wp","href":"https:\/\/api.w.org\/{rel}","templated":true}]}}