{"id":1119,"date":"2024-03-01T14:30:06","date_gmt":"2024-03-01T13:30:06","guid":{"rendered":"https:\/\/www.teamprofi.de\/putzbrunner-sv\/?post_type=product&#038;p=1119"},"modified":"2024-06-04T16:32:57","modified_gmt":"2024-06-04T14:32:57","slug":"kapuzensweat-base-2","status":"publish","type":"product","link":"https:\/\/www.teamprofi.de\/putzbrunner-sv\/produkt\/kapuzensweat-base-2\/","title":{"rendered":"Kapuzensweat Base"},"content":{"rendered":"<div id=\"itemcard_right\" class=\"itemcardTopRight col-xs-12 col-md-6 col-lg-5\">\n<div class=\"itemcard_details itemcard_infoblock\">\n<div class=\"itemcard_slidecontent_wrapper\">\n<div class=\"productPageDescriptions\">\n<div class=\"productPageDescription isFirst active\">\n<div class=\"productPageDescription__headline\"><strong>Beschreibung<\/strong><\/div>\n<div><\/div>\n<div class=\"productPageDescription__wrapper\">\n<div class=\"productPageDescription__content\">Das Kapuzensweat BASE ist klassisch gestaltet und sportlich geschnitten. F\u00fcr Kinder und Erwachsene ist das Kapuzensweat in sechs Farben in den Gr\u00f6\u00dfen 128 &#8211; 4XL im JAKO Onlineshop erh\u00e4ltlich. Im Alltag aber auch beim Sport ist der l\u00e4ssige Hoodie der ideale Begleiter f\u00fcr dich. Das zu einem Gro\u00dfteil aus Baumwolle bestehende Kapuzensweat f\u00fchlt sich besonders weich an. Die verarbeitete Baumwolle ist aus kontrolliert biologischem Anbau. Weiterhin ist das Kapuzensweat BASE einlaufvorbehandelt. Somit geht das Kapuzensweat beim Waschen nicht ein. Du kannst den Hoodie mit der aufgesetzten Tasche und der Kapuze mit Kordelzug optimal in der Freizeit tragen. Ein optisches Highlight sind die Kordeln des Kapuzensweats. Diese sind in Kontrastfarben dargestellt und geben dem Kapuzensweat einen besonders l\u00e4ssigen Look. Auf der rechten Brustseite ist das JAKO Logo platziert. Sicherheitsbedingt wird das Kapuzensweat in Kindergr\u00f6\u00dfen ohne Kordeln verschickt.<\/div>\n<div><\/div>\n<\/div>\n<\/div>\n<div class=\"productPageDescription active\">\n<div class=\"productPageDescription__headline\"><strong>Details<\/strong><\/div>\n<div class=\"productPageDescription__wrapper\">\n<div class=\"productPageDescription__content\">\n<ul>\n<li>French-Terry<\/li>\n<li>Kapuze mit Kordelzug<\/li>\n<li>Baumwolle aus kontrolliert biologischem Anbau<\/li>\n<li>Aufgesetzte Tasche<\/li>\n<li>Einlaufvorbehandelt<\/li>\n<li>Sweat- und \u00c4rmelabschluss mit Ripp<\/li>\n<li>Ohne Kordeln bei Kindergr\u00f6\u00dfen<\/li>\n<li>Weicher Griff<\/li>\n<\/ul>\n<\/div>\n<\/div>\n<\/div>\n<div class=\"productPageDescription active\">\n<div class=\"productPageDescription__headline\"><strong>Material<\/strong><\/div>\n<div class=\"productPageDescription__wrapper\">\n<div class=\"productPageDescription__content\">\n<ul>\n<li>70 % Baumwolle (Bio), 30 % Polyester (recycelt)<\/li>\n<li>Fb. 41: 60 % Baumwolle (Bio), 34 % Polyester (recycelt), 6 % Viskose<\/li>\n<\/ul>\n<\/div>\n<\/div>\n<\/div>\n<\/div>\n<div class=\"productPageAttributeIcons\"><img decoding=\"async\" title=\"\" src=\"https:\/\/cdn.jako.de\/userdata\/dcshop\/filter_icon\/649558_fair_logo_ganz_70x70px.jpg\" alt=\"100 % der eingesetzten Materialien bestehen aus recycelten Rohstoffen oder Bio-Baumwolle\" width=\"37px\" height=\"37px\" data-toggle=\"tooltip\" data-original-title=\"100 % der eingesetzten Materialien bestehen aus recycelten Rohstoffen oder Bio-Baumwolle\" \/> <img decoding=\"async\" title=\"\" src=\"https:\/\/cdn.jako.de\/userdata\/dcshop\/filter_icon\/170931_wash40.png\" alt=\"40\u00b0 waschen\" width=\"37px\" height=\"37px\" data-toggle=\"tooltip\" data-original-title=\"40\u00b0 waschen\" \/> <img decoding=\"async\" class=\"\" title=\"\" src=\"https:\/\/cdn.jako.de\/userdata\/dcshop\/filter_icon\/911081_bleach_not.png\" alt=\"Nicht chloren\" width=\"37px\" height=\"37px\" data-toggle=\"tooltip\" data-original-title=\"Nicht chloren\" \/> <img decoding=\"async\" class=\"\" title=\"\" src=\"https:\/\/cdn.jako.de\/userdata\/dcshop\/filter_icon\/761917_tumble_not.png\" alt=\"Nicht im Trockner trocknen\" width=\"37px\" height=\"37px\" data-toggle=\"tooltip\" data-original-title=\"Nicht im Trockner trocknen\" \/> <img decoding=\"async\" class=\"\" title=\"\" src=\"https:\/\/cdn.jako.de\/userdata\/dcshop\/filter_icon\/438269_iron_low.png\" alt=\"B\u00fcgeln niedrige Temperatur\" width=\"37px\" height=\"37px\" data-toggle=\"tooltip\" data-original-title=\"B\u00fcgeln niedrige Temperatur\" \/> <img decoding=\"async\" class=\"\" title=\"\" src=\"https:\/\/cdn.jako.de\/userdata\/dcshop\/filter_icon\/591149_clean_not.png\" alt=\"Nicht chemisch reinigen\" width=\"37px\" height=\"37px\" data-toggle=\"tooltip\" data-original-title=\"Nicht chemisch reinigen\" \/><\/div>\n<\/div>\n<\/div>\n<\/div>\n","protected":false},"excerpt":{"rendered":"<p>Beschreibung Das Kapuzensweat BASE ist klassisch gestaltet und sportlich geschnitten. F\u00fcr Kinder und Erwachsene ist das Kapuzensweat in sechs Farben in den Gr\u00f6\u00dfen 128 &#8211; 4XL im JAKO Onlineshop erh\u00e4ltlich.<\/p>\n","protected":false},"featured_media":1170,"template":"","meta":{"inline_featured_image":false},"product_brand":[],"product_cat":[139],"product_tag":[],"class_list":{"0":"post-1119","1":"product","2":"type-product","3":"status-publish","4":"has-post-thumbnail","6":"product_cat-turnen","8":"first","9":"instock","10":"taxable","11":"shipping-taxable","12":"purchasable","13":"product-type-variable"},"yoast_head":"<!-- This site is optimized with the Yoast SEO plugin v27.3 - https:\/\/yoast.com\/product\/yoast-seo-wordpress\/ -->\n<title>Kapuzensweat Base - Putzbrunner SV<\/title>\n<meta name=\"robots\" content=\"index, follow, max-snippet:-1, max-image-preview:large, max-video-preview:-1\" \/>\n<link rel=\"canonical\" href=\"https:\/\/www.teamprofi.de\/putzbrunner-sv\/produkt\/kapuzensweat-base-2\/\" \/>\n<meta property=\"og:locale\" content=\"de_DE\" \/>\n<meta property=\"og:type\" content=\"article\" \/>\n<meta property=\"og:title\" content=\"Kapuzensweat Base - Putzbrunner SV\" \/>\n<meta property=\"og:description\" content=\"Beschreibung Das Kapuzensweat BASE ist klassisch gestaltet und sportlich geschnitten. F\u00fcr Kinder und Erwachsene ist das Kapuzensweat in sechs Farben in den Gr\u00f6\u00dfen 128 &#8211; 4XL im JAKO Onlineshop erh\u00e4ltlich.\" \/>\n<meta property=\"og:url\" content=\"https:\/\/www.teamprofi.de\/putzbrunner-sv\/produkt\/kapuzensweat-base-2\/\" \/>\n<meta property=\"og:site_name\" content=\"Putzbrunner SV\" \/>\n<meta property=\"article:modified_time\" content=\"2024-06-04T14:32:57+00:00\" \/>\n<meta property=\"og:image\" content=\"https:\/\/www.teamprofi.de\/putzbrunner-sv\/wp-content\/uploads\/sites\/28\/2024\/03\/6765_08V.jpg\" \/>\n\t<meta property=\"og:image:width\" content=\"2362\" \/>\n\t<meta property=\"og:image:height\" content=\"2363\" \/>\n\t<meta property=\"og:image:type\" content=\"image\/jpeg\" \/>\n<meta name=\"twitter:card\" content=\"summary_large_image\" \/>\n<meta name=\"twitter:label1\" content=\"Gesch\u00e4tzte Lesezeit\" \/>\n\t<meta name=\"twitter:data1\" content=\"1\u00a0Minute\" \/>\n<script type=\"application\/ld+json\" class=\"yoast-schema-graph\">{\"@context\":\"https:\\\/\\\/schema.org\",\"@graph\":[{\"@type\":\"WebPage\",\"@id\":\"https:\\\/\\\/www.teamprofi.de\\\/putzbrunner-sv\\\/produkt\\\/kapuzensweat-base-2\\\/\",\"url\":\"https:\\\/\\\/www.teamprofi.de\\\/putzbrunner-sv\\\/produkt\\\/kapuzensweat-base-2\\\/\",\"name\":\"Kapuzensweat Base - Putzbrunner SV\",\"isPartOf\":{\"@id\":\"https:\\\/\\\/www.teamprofi.de\\\/putzbrunner-sv\\\/#website\"},\"primaryImageOfPage\":{\"@id\":\"https:\\\/\\\/www.teamprofi.de\\\/putzbrunner-sv\\\/produkt\\\/kapuzensweat-base-2\\\/#primaryimage\"},\"image\":{\"@id\":\"https:\\\/\\\/www.teamprofi.de\\\/putzbrunner-sv\\\/produkt\\\/kapuzensweat-base-2\\\/#primaryimage\"},\"thumbnailUrl\":\"https:\\\/\\\/www.teamprofi.de\\\/putzbrunner-sv\\\/wp-content\\\/uploads\\\/sites\\\/28\\\/2024\\\/03\\\/6765_08V.jpg\",\"datePublished\":\"2024-03-01T13:30:06+00:00\",\"dateModified\":\"2024-06-04T14:32:57+00:00\",\"breadcrumb\":{\"@id\":\"https:\\\/\\\/www.teamprofi.de\\\/putzbrunner-sv\\\/produkt\\\/kapuzensweat-base-2\\\/#breadcrumb\"},\"inLanguage\":\"de\",\"potentialAction\":[{\"@type\":\"ReadAction\",\"target\":[\"https:\\\/\\\/www.teamprofi.de\\\/putzbrunner-sv\\\/produkt\\\/kapuzensweat-base-2\\\/\"]}]},{\"@type\":\"ImageObject\",\"inLanguage\":\"de\",\"@id\":\"https:\\\/\\\/www.teamprofi.de\\\/putzbrunner-sv\\\/produkt\\\/kapuzensweat-base-2\\\/#primaryimage\",\"url\":\"https:\\\/\\\/www.teamprofi.de\\\/putzbrunner-sv\\\/wp-content\\\/uploads\\\/sites\\\/28\\\/2024\\\/03\\\/6765_08V.jpg\",\"contentUrl\":\"https:\\\/\\\/www.teamprofi.de\\\/putzbrunner-sv\\\/wp-content\\\/uploads\\\/sites\\\/28\\\/2024\\\/03\\\/6765_08V.jpg\",\"width\":2362,\"height\":2363},{\"@type\":\"BreadcrumbList\",\"@id\":\"https:\\\/\\\/www.teamprofi.de\\\/putzbrunner-sv\\\/produkt\\\/kapuzensweat-base-2\\\/#breadcrumb\",\"itemListElement\":[{\"@type\":\"ListItem\",\"position\":1,\"name\":\"Startseite\",\"item\":\"https:\\\/\\\/www.teamprofi.de\\\/putzbrunner-sv\\\/\"},{\"@type\":\"ListItem\",\"position\":2,\"name\":\"Shop\",\"item\":\"https:\\\/\\\/www.teamprofi.de\\\/putzbrunner-sv\\\/shop\\\/\"},{\"@type\":\"ListItem\",\"position\":3,\"name\":\"Kapuzensweat Base\"}]},{\"@type\":\"WebSite\",\"@id\":\"https:\\\/\\\/www.teamprofi.de\\\/putzbrunner-sv\\\/#website\",\"url\":\"https:\\\/\\\/www.teamprofi.de\\\/putzbrunner-sv\\\/\",\"name\":\"Putzbrunner SV\",\"description\":\"Eine weitere Vereins Shops - Sport G\u00fcrteler Website\",\"potentialAction\":[{\"@type\":\"SearchAction\",\"target\":{\"@type\":\"EntryPoint\",\"urlTemplate\":\"https:\\\/\\\/www.teamprofi.de\\\/putzbrunner-sv\\\/?s={search_term_string}\"},\"query-input\":{\"@type\":\"PropertyValueSpecification\",\"valueRequired\":true,\"valueName\":\"search_term_string\"}}],\"inLanguage\":\"de\"}]}<\/script>\n<!-- \/ Yoast SEO plugin. -->","yoast_head_json":{"title":"Kapuzensweat Base - Putzbrunner SV","robots":{"index":"index","follow":"follow","max-snippet":"max-snippet:-1","max-image-preview":"max-image-preview:large","max-video-preview":"max-video-preview:-1"},"canonical":"https:\/\/www.teamprofi.de\/putzbrunner-sv\/produkt\/kapuzensweat-base-2\/","og_locale":"de_DE","og_type":"article","og_title":"Kapuzensweat Base - Putzbrunner SV","og_description":"Beschreibung Das Kapuzensweat BASE ist klassisch gestaltet und sportlich geschnitten. F\u00fcr Kinder und Erwachsene ist das Kapuzensweat in sechs Farben in den Gr\u00f6\u00dfen 128 &#8211; 4XL im JAKO Onlineshop erh\u00e4ltlich.","og_url":"https:\/\/www.teamprofi.de\/putzbrunner-sv\/produkt\/kapuzensweat-base-2\/","og_site_name":"Putzbrunner SV","article_modified_time":"2024-06-04T14:32:57+00:00","og_image":[{"width":2362,"height":2363,"url":"https:\/\/www.teamprofi.de\/putzbrunner-sv\/wp-content\/uploads\/sites\/28\/2024\/03\/6765_08V.jpg","type":"image\/jpeg"}],"twitter_card":"summary_large_image","twitter_misc":{"Gesch\u00e4tzte Lesezeit":"1\u00a0Minute"},"schema":{"@context":"https:\/\/schema.org","@graph":[{"@type":"WebPage","@id":"https:\/\/www.teamprofi.de\/putzbrunner-sv\/produkt\/kapuzensweat-base-2\/","url":"https:\/\/www.teamprofi.de\/putzbrunner-sv\/produkt\/kapuzensweat-base-2\/","name":"Kapuzensweat Base - Putzbrunner SV","isPartOf":{"@id":"https:\/\/www.teamprofi.de\/putzbrunner-sv\/#website"},"primaryImageOfPage":{"@id":"https:\/\/www.teamprofi.de\/putzbrunner-sv\/produkt\/kapuzensweat-base-2\/#primaryimage"},"image":{"@id":"https:\/\/www.teamprofi.de\/putzbrunner-sv\/produkt\/kapuzensweat-base-2\/#primaryimage"},"thumbnailUrl":"https:\/\/www.teamprofi.de\/putzbrunner-sv\/wp-content\/uploads\/sites\/28\/2024\/03\/6765_08V.jpg","datePublished":"2024-03-01T13:30:06+00:00","dateModified":"2024-06-04T14:32:57+00:00","breadcrumb":{"@id":"https:\/\/www.teamprofi.de\/putzbrunner-sv\/produkt\/kapuzensweat-base-2\/#breadcrumb"},"inLanguage":"de","potentialAction":[{"@type":"ReadAction","target":["https:\/\/www.teamprofi.de\/putzbrunner-sv\/produkt\/kapuzensweat-base-2\/"]}]},{"@type":"ImageObject","inLanguage":"de","@id":"https:\/\/www.teamprofi.de\/putzbrunner-sv\/produkt\/kapuzensweat-base-2\/#primaryimage","url":"https:\/\/www.teamprofi.de\/putzbrunner-sv\/wp-content\/uploads\/sites\/28\/2024\/03\/6765_08V.jpg","contentUrl":"https:\/\/www.teamprofi.de\/putzbrunner-sv\/wp-content\/uploads\/sites\/28\/2024\/03\/6765_08V.jpg","width":2362,"height":2363},{"@type":"BreadcrumbList","@id":"https:\/\/www.teamprofi.de\/putzbrunner-sv\/produkt\/kapuzensweat-base-2\/#breadcrumb","itemListElement":[{"@type":"ListItem","position":1,"name":"Startseite","item":"https:\/\/www.teamprofi.de\/putzbrunner-sv\/"},{"@type":"ListItem","position":2,"name":"Shop","item":"https:\/\/www.teamprofi.de\/putzbrunner-sv\/shop\/"},{"@type":"ListItem","position":3,"name":"Kapuzensweat Base"}]},{"@type":"WebSite","@id":"https:\/\/www.teamprofi.de\/putzbrunner-sv\/#website","url":"https:\/\/www.teamprofi.de\/putzbrunner-sv\/","name":"Putzbrunner SV","description":"Eine weitere Vereins Shops - Sport G\u00fcrteler Website","potentialAction":[{"@type":"SearchAction","target":{"@type":"EntryPoint","urlTemplate":"https:\/\/www.teamprofi.de\/putzbrunner-sv\/?s={search_term_string}"},"query-input":{"@type":"PropertyValueSpecification","valueRequired":true,"valueName":"search_term_string"}}],"inLanguage":"de"}]}},"_links":{"self":[{"href":"https:\/\/www.teamprofi.de\/putzbrunner-sv\/wp-json\/wp\/v2\/product\/1119","targetHints":{"allow":["GET"]}}],"collection":[{"href":"https:\/\/www.teamprofi.de\/putzbrunner-sv\/wp-json\/wp\/v2\/product"}],"about":[{"href":"https:\/\/www.teamprofi.de\/putzbrunner-sv\/wp-json\/wp\/v2\/types\/product"}],"wp:featuredmedia":[{"embeddable":true,"href":"https:\/\/www.teamprofi.de\/putzbrunner-sv\/wp-json\/wp\/v2\/media\/1170"}],"wp:attachment":[{"href":"https:\/\/www.teamprofi.de\/putzbrunner-sv\/wp-json\/wp\/v2\/media?parent=1119"}],"wp:term":[{"taxonomy":"product_brand","embeddable":true,"href":"https:\/\/www.teamprofi.de\/putzbrunner-sv\/wp-json\/wp\/v2\/product_brand?post=1119"},{"taxonomy":"product_cat","embeddable":true,"href":"https:\/\/www.teamprofi.de\/putzbrunner-sv\/wp-json\/wp\/v2\/product_cat?post=1119"},{"taxonomy":"product_tag","embeddable":true,"href":"https:\/\/www.teamprofi.de\/putzbrunner-sv\/wp-json\/wp\/v2\/product_tag?post=1119"}],"curies":[{"name":"wp","href":"https:\/\/api.w.org\/{rel}","templated":true}]}}