{"id":5,"date":"2022-04-03T15:50:40","date_gmt":"2022-04-03T13:50:40","guid":{"rendered":"https:\/\/www.teamprofi.de\/putzbrunner-sv\/warenkorb\/"},"modified":"2022-04-03T15:50:40","modified_gmt":"2022-04-03T13:50:40","slug":"warenkorb","status":"publish","type":"page","link":"https:\/\/www.teamprofi.de\/putzbrunner-sv\/warenkorb\/","title":{"rendered":"Warenkorb"},"content":{"rendered":"<div class=\"woocommerce\">\r\n<div class=\"cart-empty-page row cart-empty\">\r\n\t<div class=\"woocommerce-notices-wrapper\"><\/div><div class=\"wc-empty-cart-message\">\n\t<div class=\"cart-empty woocommerce-info\" role=\"status\">\n\t\tDein Warenkorb ist gegenw\u00e4rtig leer.\t<\/div>\n<\/div>\t<div class=\"info-wrap-empty\">\r\n\t\t<h1 class=\"info-background-empty\">Oops<\/h1>\r\n\t\t<div class=\"info-content-empty\">\r\n\t\t\t<div class=\"icon-empty\">\r\n\t\t\t\t<i class=\"dfd-icon-trolley_close\"><\/i>\r\n\t\t\t<\/div>\r\n\t\t\t<div class=\"info-empty\">\r\n\t\t\t\t<p class=\"cart-empty-text\">Your cart is currently empty.<\/p>\r\n\t\t\t\t<p class=\"cart-empty-subtext\">Sie k\u00f6nnen sehen alle erh\u00e4ltlichen Produkte und kauft im Laden.<\/p>\r\n\t\t\t\t\t\t\t\t\t<p class=\"button-on-page\"><a class=\"wc-backward\" href=\"https:\/\/www.teamprofi.de\/putzbrunner-sv\/shop\/\">Zur Shop zur\u00fcckgeben<\/a><\/p>\r\n\t\t\t\t\t\t\t<\/div>\r\n\t\t<\/div>\r\n\t<\/div>\r\n\t<div class=\"container-shortcodes\">\r\n\t\t<div class=\"woocommerce columns-4 \"><div class=\"products row\"><div class=\"first last three columns  dfd-loop-shop-responsive  style-1 post-977 product type-product status-publish has-post-thumbnail product_cat-turnen  instock taxable shipping-taxable purchasable product-type-variable\">\r\n    <div class=\"prod-wrap text-center\" >\r\n\r\n\t\t\t\t<div class=\"woo-cover\">\r\n\t\t\t<div class=\"prod-image-wrap woo-entry-thumb\">\r\n\r\n\t\t\t\t\r\n\t<div id=\"product_slider_69e5a9a1605de\" class=\"woo-entry-thumb\" data-speed=\"2000\">\r\n\t\t\r\n\t\t<div class=\"woo-entry-thumb-carousel\">\r\n\r\n\t\t<div class=\"\"><img loading=\"lazy\" decoding=\"async\" src=\"https:\/\/www.teamprofi.de\/putzbrunner-sv\/wp-content\/uploads\/sites\/28\/2023\/11\/6865_08V-1024x1024-300x300.jpg\" alt=\"Bild\" width=\"300\" height=\"300\" \/><\/div><div class=\"\"><img loading=\"lazy\" decoding=\"async\" src=\"https:\/\/www.teamprofi.de\/putzbrunner-sv\/wp-content\/uploads\/sites\/28\/2023\/11\/6865_89V-1024x1024-300x300.jpg\" alt=\"Bild\" width=\"300\" height=\"300\" \/><\/div><div class=\"\"><img loading=\"lazy\" decoding=\"async\" src=\"https:\/\/www.teamprofi.de\/putzbrunner-sv\/wp-content\/uploads\/sites\/28\/2023\/12\/6865_41V-1024x1024-300x300.jpg\" alt=\"Bild\" width=\"300\" height=\"300\" \/><\/div>\r\n\t\t<\/div>\r\n\t\t\t\t<div class=\"preview-thumb\">\r\n\t\t\t<img decoding=\"async\" src=\"https:\/\/www.teamprofi.de\/putzbrunner-sv\/wp-content\/uploads\/sites\/28\/2023\/11\/6865_08V-1024x1024-300x300.jpg\" alt=\"Bild\" \/>\r\n\t\t<\/div>\r\n\t<\/div>\r\n\t<div class=\"buttons-wrap  dfd-buttons-light text-center\">\r\n\t\t<div>\r\n\t\t\t\t\t\t\t<a href=\"https:\/\/www.teamprofi.de\/putzbrunner-sv\/produkt\/kapuzenjacke-base\/\" rel=\"nofollow\" data-product_id=\"977\" data-product_sku=\"\" data-quantity=\"1\" class=\"button  product_type_variable\">View Product<\/a>\t\t\t\t\t\t\t\t\t\t<a href=\"https:\/\/www.teamprofi.de\/putzbrunner-sv\/wp-content\/uploads\/sites\/28\/2023\/11\/6865_08V.jpg\" title=\"Product images\" class=\"dfd-prod-lightbox\" data-rel=\"prettyPhoto[product-gallery-977]\">\r\n\t\t\t\t\t\t\t\t\t<i class=\"dfd-icon-zoom\"><\/i>\r\n\t\t\t\t\t\t\t<\/a>\r\n\t\t<\/div>\r\n\t<\/div>\r\n\r\n\t\t\t\t\t\t\t\t\t\t<a href=\"https:\/\/www.teamprofi.de\/putzbrunner-sv\/produkt\/kapuzenjacke-base\/\" class=\"link\"><\/a>\r\n\t\t\t\t\t\t\t\t\t\t\t<\/div>\r\n\t\t<\/div>\r\n\t\t\t\t\t<div class=\"woo-title-wrap\">\r\n\t\t\t\t<div class=\"heading\">\r\n\t\t\t\t\t<div class=\"dfd-folio-categories\">\r\n\t\t\t\t\t\t\r\n\t<span class=\"byline category\">\r\n\t\t<a href=\"https:\/\/www.teamprofi.de\/putzbrunner-sv\/produkt-kategorie\/turnen\/\" class=\"fn\">\r\n\t\t\t<span class=\"cat-name\">Turnen<\/span>\r\n\t\t<\/a>\r\n\t<\/span>\r\n\t\t\t\t\t<\/div>\r\n\t\t\t\t\t<div class=\"box-name\"><a href=\"https:\/\/www.teamprofi.de\/putzbrunner-sv\/produkt\/kapuzenjacke-base\/\">Kapuzenjacke Base<\/a><\/div>\r\n\t\t\t\t\t\t\t\t\t\t\t<div class=\"subtitle\">Kapuzenjacke mit Wappen. Und auf Wunsch mit Initial<\/div>\r\n\t\t\t\t\t\t\t\t\t\t<div class=\"price-wrap\">\r\n\t\t\t\t\t\t<\/a><p class=\"price\"><span class=\"woocommerce-Price-amount amount\" aria-hidden=\"true\"><bdi>40,99&nbsp;<span class=\"woocommerce-Price-currencySymbol\">&euro;<\/span><\/bdi><\/span> <span aria-hidden=\"true\"> \u2013 <\/span> <span class=\"woocommerce-Price-amount amount\" aria-hidden=\"true\"><bdi>43,99&nbsp;<span class=\"woocommerce-Price-currencySymbol\">&euro;<\/span><\/bdi><\/span><span class=\"screen-reader-text\">Preisspanne: 40,99&nbsp;&euro; bis 43,99&nbsp;&euro;<\/span><\/p>\n\t\t<div class=\"wgm-info woocommerce-de_price_taxrate \">Enth\u00e4lt 19% MwSt.<\/div>\n\t\t<div class=\"wgm-info woocommerce_de_versandkosten\">zzgl. <a class=\"versandkosten\" href=\"https:\/\/www.teamprofi.de\/putzbrunner-sv\/versand__lieferung\/\" target=\"_blank\">Versand<\/a><\/div>\n\t\t\n\t<span class=\"price\"><span class=\"woocommerce-Price-amount amount\" aria-hidden=\"true\"><bdi>40,99&nbsp;<span class=\"woocommerce-Price-currencySymbol\">&euro;<\/span><\/bdi><\/span> <span aria-hidden=\"true\"> \u2013 <\/span> <span class=\"woocommerce-Price-amount amount\" aria-hidden=\"true\"><bdi>43,99&nbsp;<span class=\"woocommerce-Price-currencySymbol\">&euro;<\/span><\/bdi><\/span><span class=\"screen-reader-text\">Preisspanne: 40,99&nbsp;&euro; bis 43,99&nbsp;&euro;<\/span><div class=\"gm-wp_bakery_woocommerce_get_price_html\">\n\t\t<div class=\"wgm-info woocommerce-de_price_taxrate \">Enth\u00e4lt 19% MwSt.<\/div>\n\t\t<div class=\"wgm-info woocommerce_de_versandkosten\">zzgl. <a class=\"versandkosten\" href=\"https:\/\/www.teamprofi.de\/putzbrunner-sv\/versand__lieferung\/\" target=\"_blank\">Versand<\/a><\/div><\/div><\/span>\n\t\t\t\t\t<\/div>\r\n\t\t\t\t\t<div class=\"rating-section\">\r\n\t\t\t\t\t\t\t\t\t\t\t<\/div>\r\n\t\t\t\t<\/div>\r\n\t\t\t<\/div>\r\n\t\t\t\t    <\/div>\r\n\t<\/div><div class=\"first last three columns  dfd-loop-shop-responsive  style-1 post-949 product type-product status-publish has-post-thumbnail product_cat-turnen instock taxable shipping-taxable purchasable product-type-variable\">\r\n    <div class=\"prod-wrap text-center\" >\r\n\r\n\t\t\t\t<div class=\"woo-cover\">\r\n\t\t\t<div class=\"prod-image-wrap woo-entry-thumb\">\r\n\r\n\t\t\t\t\r\n\t<div id=\"product_slider_69e5a9a1680ae\" class=\"woo-entry-thumb\" data-speed=\"2000\">\r\n\t\t\r\n\t\t<div class=\"woo-entry-thumb-carousel\">\r\n\r\n\t\t<div class=\"\"><img loading=\"lazy\" decoding=\"async\" src=\"https:\/\/www.teamprofi.de\/putzbrunner-sv\/wp-content\/uploads\/sites\/28\/2023\/11\/8565_08V-1024x793-300x300.jpg\" alt=\"Bild\" width=\"300\" height=\"300\" \/><\/div>\r\n\t\t<\/div>\r\n\t\t\t\t<div class=\"preview-thumb\">\r\n\t\t\t<img decoding=\"async\" src=\"https:\/\/www.teamprofi.de\/putzbrunner-sv\/wp-content\/uploads\/sites\/28\/2023\/11\/8565_08V-1024x793-300x300.jpg\" alt=\"Bild\" \/>\r\n\t\t<\/div>\r\n\t<\/div>\r\n\t<div class=\"buttons-wrap  dfd-buttons-light text-center\">\r\n\t\t<div>\r\n\t\t\t\t\t\t\t<a href=\"https:\/\/www.teamprofi.de\/putzbrunner-sv\/produkt\/short-base-2\/\" rel=\"nofollow\" data-product_id=\"949\" data-product_sku=\"\" data-quantity=\"1\" class=\"button  product_type_variable\">View Product<\/a>\t\t\t\t\t\t\t\t\t\t<a href=\"https:\/\/www.teamprofi.de\/putzbrunner-sv\/wp-content\/uploads\/sites\/28\/2023\/11\/8565_08V.jpg\" title=\"Product images\" class=\"dfd-prod-lightbox\" data-rel=\"prettyPhoto[product-gallery-949]\">\r\n\t\t\t\t\t\t\t\t\t<i class=\"dfd-icon-zoom\"><\/i>\r\n\t\t\t\t\t\t\t<\/a>\r\n\t\t<\/div>\r\n\t<\/div>\r\n\r\n\t\t\t\t\t\t\t\t\t\t<a href=\"https:\/\/www.teamprofi.de\/putzbrunner-sv\/produkt\/short-base-2\/\" class=\"link\"><\/a>\r\n\t\t\t\t\t\t\t\t\t\t\t<\/div>\r\n\t\t<\/div>\r\n\t\t\t\t\t<div class=\"woo-title-wrap\">\r\n\t\t\t\t<div class=\"heading\">\r\n\t\t\t\t\t<div class=\"dfd-folio-categories\">\r\n\t\t\t\t\t\t\r\n\t<span class=\"byline category\">\r\n\t\t<a href=\"https:\/\/www.teamprofi.de\/putzbrunner-sv\/produkt-kategorie\/turnen\/\" class=\"fn\">\r\n\t\t\t<span class=\"cat-name\">Turnen<\/span>\r\n\t\t<\/a>\r\n\t<\/span>\r\n\t\t\t\t\t<\/div>\r\n\t\t\t\t\t<div class=\"box-name\"><a href=\"https:\/\/www.teamprofi.de\/putzbrunner-sv\/produkt\/short-base-2\/\">Short Base<\/a><\/div>\r\n\t\t\t\t\t\t\t\t\t\t\t<div class=\"subtitle\">Hose auf Wunsch mit Initialen.<\/div>\r\n\t\t\t\t\t\t\t\t\t\t<div class=\"price-wrap\">\r\n\t\t\t\t\t\t<\/a><p class=\"price\"><span class=\"woocommerce-Price-amount amount\" aria-hidden=\"true\"><bdi>20,99&nbsp;<span class=\"woocommerce-Price-currencySymbol\">&euro;<\/span><\/bdi><\/span> <span aria-hidden=\"true\"> \u2013 <\/span> <span class=\"woocommerce-Price-amount amount\" aria-hidden=\"true\"><bdi>23,99&nbsp;<span class=\"woocommerce-Price-currencySymbol\">&euro;<\/span><\/bdi><\/span><span class=\"screen-reader-text\">Preisspanne: 20,99&nbsp;&euro; bis 23,99&nbsp;&euro;<\/span><\/p>\n\t\t<div class=\"wgm-info woocommerce-de_price_taxrate \">Enth\u00e4lt 19% MwSt.<\/div>\n\t\t<div class=\"wgm-info woocommerce_de_versandkosten\">zzgl. <a class=\"versandkosten\" href=\"https:\/\/www.teamprofi.de\/putzbrunner-sv\/versand__lieferung\/\" target=\"_blank\">Versand<\/a><\/div>\n\t\t\n\t<span class=\"price\"><span class=\"woocommerce-Price-amount amount\" aria-hidden=\"true\"><bdi>20,99&nbsp;<span class=\"woocommerce-Price-currencySymbol\">&euro;<\/span><\/bdi><\/span> <span aria-hidden=\"true\"> \u2013 <\/span> <span class=\"woocommerce-Price-amount amount\" aria-hidden=\"true\"><bdi>23,99&nbsp;<span class=\"woocommerce-Price-currencySymbol\">&euro;<\/span><\/bdi><\/span><span class=\"screen-reader-text\">Preisspanne: 20,99&nbsp;&euro; bis 23,99&nbsp;&euro;<\/span><div class=\"gm-wp_bakery_woocommerce_get_price_html\">\n\t\t<div class=\"wgm-info woocommerce-de_price_taxrate \">Enth\u00e4lt 19% MwSt.<\/div>\n\t\t<div class=\"wgm-info woocommerce_de_versandkosten\">zzgl. <a class=\"versandkosten\" href=\"https:\/\/www.teamprofi.de\/putzbrunner-sv\/versand__lieferung\/\" target=\"_blank\">Versand<\/a><\/div><\/div><\/span>\n\t\t\t\t\t<\/div>\r\n\t\t\t\t\t<div class=\"rating-section\">\r\n\t\t\t\t\t\t\t\t\t\t\t<\/div>\r\n\t\t\t\t<\/div>\r\n\t\t\t<\/div>\r\n\t\t\t\t    <\/div>\r\n\t<\/div><div class=\"first last three columns  dfd-loop-shop-responsive  style-1 post-1119 product type-product status-publish has-post-thumbnail product_cat-turnen  instock taxable shipping-taxable purchasable product-type-variable\">\r\n    <div class=\"prod-wrap text-center\" >\r\n\r\n\t\t\t\t<div class=\"woo-cover\">\r\n\t\t\t<div class=\"prod-image-wrap woo-entry-thumb\">\r\n\r\n\t\t\t\t\r\n\t<div id=\"product_slider_69e5a9a16aaaf\" class=\"woo-entry-thumb\" data-speed=\"2000\">\r\n\t\t\r\n\t\t<div class=\"woo-entry-thumb-carousel\">\r\n\r\n\t\t<div class=\"\"><img loading=\"lazy\" decoding=\"async\" src=\"https:\/\/www.teamprofi.de\/putzbrunner-sv\/wp-content\/uploads\/sites\/28\/2024\/03\/6765_08V-1024x1024-300x300.jpg\" alt=\"Bild\" width=\"300\" height=\"300\" \/><\/div><div class=\"\"><img loading=\"lazy\" decoding=\"async\" src=\"https:\/\/www.teamprofi.de\/putzbrunner-sv\/wp-content\/uploads\/sites\/28\/2024\/03\/6765_41V-1024x1024-300x300.jpg\" alt=\"Bild\" width=\"300\" height=\"300\" \/><\/div><div class=\"\"><img loading=\"lazy\" decoding=\"async\" src=\"https:\/\/www.teamprofi.de\/putzbrunner-sv\/wp-content\/uploads\/sites\/28\/2024\/03\/6765_89V-1024x1024-300x300.jpg\" alt=\"Bild\" width=\"300\" height=\"300\" \/><\/div>\r\n\t\t<\/div>\r\n\t\t\t\t<div class=\"preview-thumb\">\r\n\t\t\t<img decoding=\"async\" src=\"https:\/\/www.teamprofi.de\/putzbrunner-sv\/wp-content\/uploads\/sites\/28\/2024\/03\/6765_08V-1024x1024-300x300.jpg\" alt=\"Bild\" \/>\r\n\t\t<\/div>\r\n\t<\/div>\r\n\t<div class=\"buttons-wrap  dfd-buttons-light text-center\">\r\n\t\t<div>\r\n\t\t\t\t\t\t\t<a href=\"https:\/\/www.teamprofi.de\/putzbrunner-sv\/produkt\/kapuzensweat-base-2\/\" rel=\"nofollow\" data-product_id=\"1119\" data-product_sku=\"\" data-quantity=\"1\" class=\"button  product_type_variable\">View Product<\/a>\t\t\t\t\t\t\t\t\t\t<a href=\"https:\/\/www.teamprofi.de\/putzbrunner-sv\/wp-content\/uploads\/sites\/28\/2024\/03\/6765_08V.jpg\" title=\"Product images\" class=\"dfd-prod-lightbox\" data-rel=\"prettyPhoto[product-gallery-1119]\">\r\n\t\t\t\t\t\t\t\t\t<i class=\"dfd-icon-zoom\"><\/i>\r\n\t\t\t\t\t\t\t<\/a>\r\n\t\t<\/div>\r\n\t<\/div>\r\n\r\n\t\t\t\t\t\t\t\t\t\t<a href=\"https:\/\/www.teamprofi.de\/putzbrunner-sv\/produkt\/kapuzensweat-base-2\/\" class=\"link\"><\/a>\r\n\t\t\t\t\t\t\t\t\t\t\t<\/div>\r\n\t\t<\/div>\r\n\t\t\t\t\t<div class=\"woo-title-wrap\">\r\n\t\t\t\t<div class=\"heading\">\r\n\t\t\t\t\t<div class=\"dfd-folio-categories\">\r\n\t\t\t\t\t\t\r\n\t<span class=\"byline category\">\r\n\t\t<a href=\"https:\/\/www.teamprofi.de\/putzbrunner-sv\/produkt-kategorie\/turnen\/\" class=\"fn\">\r\n\t\t\t<span class=\"cat-name\">Turnen<\/span>\r\n\t\t<\/a>\r\n\t<\/span>\r\n\t\t\t\t\t<\/div>\r\n\t\t\t\t\t<div class=\"box-name\"><a href=\"https:\/\/www.teamprofi.de\/putzbrunner-sv\/produkt\/kapuzensweat-base-2\/\">Kapuzensweat Base<\/a><\/div>\r\n\t\t\t\t\t\t\t\t\t\t\t<div class=\"subtitle\">Hoodie mit Wappen. Auf Wunsch mit Initial<\/div>\r\n\t\t\t\t\t\t\t\t\t\t<div class=\"price-wrap\">\r\n\t\t\t\t\t\t<\/a><p class=\"price\"><span class=\"woocommerce-Price-amount amount\" aria-hidden=\"true\"><bdi>37,99&nbsp;<span class=\"woocommerce-Price-currencySymbol\">&euro;<\/span><\/bdi><\/span> <span aria-hidden=\"true\"> \u2013 <\/span> <span class=\"woocommerce-Price-amount amount\" aria-hidden=\"true\"><bdi>40,99&nbsp;<span class=\"woocommerce-Price-currencySymbol\">&euro;<\/span><\/bdi><\/span><span class=\"screen-reader-text\">Preisspanne: 37,99&nbsp;&euro; bis 40,99&nbsp;&euro;<\/span><\/p>\n\t\t<div class=\"wgm-info woocommerce-de_price_taxrate \">Enth\u00e4lt 19% MwSt.<\/div>\n\t\t<div class=\"wgm-info woocommerce_de_versandkosten\">zzgl. <a class=\"versandkosten\" href=\"https:\/\/www.teamprofi.de\/putzbrunner-sv\/versand__lieferung\/\" target=\"_blank\">Versand<\/a><\/div>\n\t\t\n\t<span class=\"price\"><span class=\"woocommerce-Price-amount amount\" aria-hidden=\"true\"><bdi>37,99&nbsp;<span class=\"woocommerce-Price-currencySymbol\">&euro;<\/span><\/bdi><\/span> <span aria-hidden=\"true\"> \u2013 <\/span> <span class=\"woocommerce-Price-amount amount\" aria-hidden=\"true\"><bdi>40,99&nbsp;<span class=\"woocommerce-Price-currencySymbol\">&euro;<\/span><\/bdi><\/span><span class=\"screen-reader-text\">Preisspanne: 37,99&nbsp;&euro; bis 40,99&nbsp;&euro;<\/span><div class=\"gm-wp_bakery_woocommerce_get_price_html\">\n\t\t<div class=\"wgm-info woocommerce-de_price_taxrate \">Enth\u00e4lt 19% MwSt.<\/div>\n\t\t<div class=\"wgm-info woocommerce_de_versandkosten\">zzgl. <a class=\"versandkosten\" href=\"https:\/\/www.teamprofi.de\/putzbrunner-sv\/versand__lieferung\/\" target=\"_blank\">Versand<\/a><\/div><\/div><\/span>\n\t\t\t\t\t<\/div>\r\n\t\t\t\t\t<div class=\"rating-section\">\r\n\t\t\t\t\t\t\t\t\t\t\t<\/div>\r\n\t\t\t\t<\/div>\r\n\t\t\t<\/div>\r\n\t\t\t\t    <\/div>\r\n\t<\/div><div class=\"first last three columns  dfd-loop-shop-responsive  style-1 post-749 product type-product status-publish has-post-thumbnail product_cat-turnen instock taxable shipping-taxable purchasable product-type-variable\">\r\n    <div class=\"prod-wrap text-center\" >\r\n\r\n\t\t\t\t<div class=\"woo-cover\">\r\n\t\t\t<div class=\"prod-image-wrap woo-entry-thumb\">\r\n\r\n\t\t\t\t\r\n\t<div id=\"product_slider_69e5a9a16f2fd\" class=\"woo-entry-thumb\" data-speed=\"2000\">\r\n\t\t\r\n\t\t<div class=\"woo-entry-thumb-carousel\">\r\n\r\n\t\t<div class=\"\"><img loading=\"lazy\" decoding=\"async\" src=\"https:\/\/www.teamprofi.de\/putzbrunner-sv\/wp-content\/uploads\/sites\/28\/2023\/11\/6175_89V-1024x1024-300x300.jpg\" alt=\"Bild\" width=\"300\" height=\"300\" \/><\/div><div class=\"\"><img loading=\"lazy\" decoding=\"async\" src=\"https:\/\/www.teamprofi.de\/putzbrunner-sv\/wp-content\/uploads\/sites\/28\/2023\/11\/6175_08V-1024x1024-300x300.jpg\" alt=\"Bild\" width=\"300\" height=\"300\" \/><\/div><div class=\"\"><img loading=\"lazy\" decoding=\"async\" src=\"https:\/\/www.teamprofi.de\/putzbrunner-sv\/wp-content\/uploads\/sites\/28\/2023\/11\/6175_25V-1024x1024-300x300.jpg\" alt=\"Bild\" width=\"300\" height=\"300\" \/><\/div>\r\n\t\t<\/div>\r\n\t\t\t\t<div class=\"preview-thumb\">\r\n\t\t\t<img decoding=\"async\" src=\"https:\/\/www.teamprofi.de\/putzbrunner-sv\/wp-content\/uploads\/sites\/28\/2023\/11\/6175_89V-1024x1024-300x300.jpg\" alt=\"Bild\" \/>\r\n\t\t<\/div>\r\n\t<\/div>\r\n\t<div class=\"buttons-wrap  dfd-buttons-light text-center\">\r\n\t\t<div>\r\n\t\t\t\t\t\t\t<a href=\"https:\/\/www.teamprofi.de\/putzbrunner-sv\/produkt\/t-shirt-run-2-0\/\" rel=\"nofollow\" data-product_id=\"749\" data-product_sku=\"\" data-quantity=\"1\" class=\"button  product_type_variable\">View Product<\/a>\t\t\t\t\t\t\t\t\t\t<a href=\"https:\/\/www.teamprofi.de\/putzbrunner-sv\/wp-content\/uploads\/sites\/28\/2023\/11\/6175_89V.jpg\" title=\"Product images\" class=\"dfd-prod-lightbox\" data-rel=\"prettyPhoto[product-gallery-749]\">\r\n\t\t\t\t\t\t\t\t\t<i class=\"dfd-icon-zoom\"><\/i>\r\n\t\t\t\t\t\t\t<\/a>\r\n\t\t<\/div>\r\n\t<\/div>\r\n\r\n\t\t\t\t\t\t\t\t\t\t<a href=\"https:\/\/www.teamprofi.de\/putzbrunner-sv\/produkt\/t-shirt-run-2-0\/\" class=\"link\"><\/a>\r\n\t\t\t\t\t\t\t\t\t\t\t<\/div>\r\n\t\t<\/div>\r\n\t\t\t\t\t<div class=\"woo-title-wrap\">\r\n\t\t\t\t<div class=\"heading\">\r\n\t\t\t\t\t<div class=\"dfd-folio-categories\">\r\n\t\t\t\t\t\t\r\n\t<span class=\"byline category\">\r\n\t\t<a href=\"https:\/\/www.teamprofi.de\/putzbrunner-sv\/produkt-kategorie\/turnen\/\" class=\"fn\">\r\n\t\t\t<span class=\"cat-name\">Turnen<\/span>\r\n\t\t<\/a>\r\n\t<\/span>\r\n\t\t\t\t\t<\/div>\r\n\t\t\t\t\t<div class=\"box-name\"><a href=\"https:\/\/www.teamprofi.de\/putzbrunner-sv\/produkt\/t-shirt-run-2-0\/\">T-Shirt Run 2.0<\/a><\/div>\r\n\t\t\t\t\t\t\t\t\t\t\t<div class=\"subtitle\">T-Shirt mit Wappen. Auf Wunsch mit Initialen<\/div>\r\n\t\t\t\t\t\t\t\t\t\t<div class=\"price-wrap\">\r\n\t\t\t\t\t\t<\/a><p class=\"price\"><span class=\"woocommerce-Price-amount amount\" aria-hidden=\"true\"><bdi>16,99&nbsp;<span class=\"woocommerce-Price-currencySymbol\">&euro;<\/span><\/bdi><\/span> <span aria-hidden=\"true\"> \u2013 <\/span> <span class=\"woocommerce-Price-amount amount\" aria-hidden=\"true\"><bdi>18,79&nbsp;<span class=\"woocommerce-Price-currencySymbol\">&euro;<\/span><\/bdi><\/span><span class=\"screen-reader-text\">Preisspanne: 16,99&nbsp;&euro; bis 18,79&nbsp;&euro;<\/span><\/p>\n\t\t<div class=\"wgm-info woocommerce-de_price_taxrate \">Enth\u00e4lt 19% MwSt.<\/div>\n\t\t<div class=\"wgm-info woocommerce_de_versandkosten\">zzgl. <a class=\"versandkosten\" href=\"https:\/\/www.teamprofi.de\/putzbrunner-sv\/versand__lieferung\/\" target=\"_blank\">Versand<\/a><\/div>\n\t\t\n\t<span class=\"price\"><span class=\"woocommerce-Price-amount amount\" aria-hidden=\"true\"><bdi>16,99&nbsp;<span class=\"woocommerce-Price-currencySymbol\">&euro;<\/span><\/bdi><\/span> <span aria-hidden=\"true\"> \u2013 <\/span> <span class=\"woocommerce-Price-amount amount\" aria-hidden=\"true\"><bdi>18,79&nbsp;<span class=\"woocommerce-Price-currencySymbol\">&euro;<\/span><\/bdi><\/span><span class=\"screen-reader-text\">Preisspanne: 16,99&nbsp;&euro; bis 18,79&nbsp;&euro;<\/span><div class=\"gm-wp_bakery_woocommerce_get_price_html\">\n\t\t<div class=\"wgm-info woocommerce-de_price_taxrate \">Enth\u00e4lt 19% MwSt.<\/div>\n\t\t<div class=\"wgm-info woocommerce_de_versandkosten\">zzgl. <a class=\"versandkosten\" href=\"https:\/\/www.teamprofi.de\/putzbrunner-sv\/versand__lieferung\/\" target=\"_blank\">Versand<\/a><\/div><\/div><\/span>\n\t\t\t\t\t<\/div>\r\n\t\t\t\t\t<div class=\"rating-section\">\r\n\t\t\t\t\t\t\t\t\t\t\t<\/div>\r\n\t\t\t\t<\/div>\r\n\t\t\t<\/div>\r\n\t\t\t\t    <\/div>\r\n\t<\/div><\/div><\/div>\t<\/div>\r\n<\/div><\/div>\n","protected":false},"excerpt":{"rendered":"Dein Warenkorb ist gegenw\u00e4rtig leer. Oops Your cart is currently empty. Sie k\u00f6nnen sehen alle erh\u00e4ltlichen Produkte und kauft im Laden. Zur Shop zur\u00fcckgeben View Product Turnen Kapuzenjacke Base Kapuzenjacke","protected":false},"author":1,"featured_media":0,"parent":0,"menu_order":0,"comment_status":"closed","ping_status":"closed","template":"","meta":{"inline_featured_image":false,"footnotes":""},"class_list":["post-5","page","type-page","status-publish","hentry"],"yoast_head":"<!-- This site is optimized with the Yoast SEO plugin v27.3 - https:\/\/yoast.com\/product\/yoast-seo-wordpress\/ -->\n<title>Warenkorb - Putzbrunner SV<\/title>\n<meta name=\"robots\" content=\"index, follow, max-snippet:-1, max-image-preview:large, max-video-preview:-1\" \/>\n<link rel=\"canonical\" href=\"https:\/\/www.teamprofi.de\/putzbrunner-sv\/warenkorb\/\" \/>\n<meta property=\"og:locale\" content=\"de_DE\" \/>\n<meta property=\"og:type\" content=\"article\" \/>\n<meta property=\"og:title\" content=\"Warenkorb - Putzbrunner SV\" \/>\n<meta property=\"og:url\" content=\"https:\/\/www.teamprofi.de\/putzbrunner-sv\/warenkorb\/\" \/>\n<meta property=\"og:site_name\" content=\"Putzbrunner SV\" \/>\n<meta name=\"twitter:card\" content=\"summary_large_image\" \/>\n<script type=\"application\/ld+json\" class=\"yoast-schema-graph\">{\"@context\":\"https:\\\/\\\/schema.org\",\"@graph\":[{\"@type\":\"WebPage\",\"@id\":\"https:\\\/\\\/www.teamprofi.de\\\/putzbrunner-sv\\\/warenkorb\\\/\",\"url\":\"https:\\\/\\\/www.teamprofi.de\\\/putzbrunner-sv\\\/warenkorb\\\/\",\"name\":\"Warenkorb - Putzbrunner SV\",\"isPartOf\":{\"@id\":\"https:\\\/\\\/www.teamprofi.de\\\/putzbrunner-sv\\\/#website\"},\"datePublished\":\"2022-04-03T13:50:40+00:00\",\"breadcrumb\":{\"@id\":\"https:\\\/\\\/www.teamprofi.de\\\/putzbrunner-sv\\\/warenkorb\\\/#breadcrumb\"},\"inLanguage\":\"de\",\"potentialAction\":[{\"@type\":\"ReadAction\",\"target\":[\"https:\\\/\\\/www.teamprofi.de\\\/putzbrunner-sv\\\/warenkorb\\\/\"]}]},{\"@type\":\"BreadcrumbList\",\"@id\":\"https:\\\/\\\/www.teamprofi.de\\\/putzbrunner-sv\\\/warenkorb\\\/#breadcrumb\",\"itemListElement\":[{\"@type\":\"ListItem\",\"position\":1,\"name\":\"Startseite\",\"item\":\"https:\\\/\\\/www.teamprofi.de\\\/putzbrunner-sv\\\/\"},{\"@type\":\"ListItem\",\"position\":2,\"name\":\"Warenkorb\"}]},{\"@type\":\"WebSite\",\"@id\":\"https:\\\/\\\/www.teamprofi.de\\\/putzbrunner-sv\\\/#website\",\"url\":\"https:\\\/\\\/www.teamprofi.de\\\/putzbrunner-sv\\\/\",\"name\":\"Putzbrunner SV\",\"description\":\"Eine weitere Vereins Shops - Sport G\u00fcrteler Website\",\"potentialAction\":[{\"@type\":\"SearchAction\",\"target\":{\"@type\":\"EntryPoint\",\"urlTemplate\":\"https:\\\/\\\/www.teamprofi.de\\\/putzbrunner-sv\\\/?s={search_term_string}\"},\"query-input\":{\"@type\":\"PropertyValueSpecification\",\"valueRequired\":true,\"valueName\":\"search_term_string\"}}],\"inLanguage\":\"de\"}]}<\/script>\n<!-- \/ Yoast SEO plugin. -->","yoast_head_json":{"title":"Warenkorb - Putzbrunner SV","robots":{"index":"index","follow":"follow","max-snippet":"max-snippet:-1","max-image-preview":"max-image-preview:large","max-video-preview":"max-video-preview:-1"},"canonical":"https:\/\/www.teamprofi.de\/putzbrunner-sv\/warenkorb\/","og_locale":"de_DE","og_type":"article","og_title":"Warenkorb - Putzbrunner SV","og_url":"https:\/\/www.teamprofi.de\/putzbrunner-sv\/warenkorb\/","og_site_name":"Putzbrunner SV","twitter_card":"summary_large_image","schema":{"@context":"https:\/\/schema.org","@graph":[{"@type":"WebPage","@id":"https:\/\/www.teamprofi.de\/putzbrunner-sv\/warenkorb\/","url":"https:\/\/www.teamprofi.de\/putzbrunner-sv\/warenkorb\/","name":"Warenkorb - Putzbrunner SV","isPartOf":{"@id":"https:\/\/www.teamprofi.de\/putzbrunner-sv\/#website"},"datePublished":"2022-04-03T13:50:40+00:00","breadcrumb":{"@id":"https:\/\/www.teamprofi.de\/putzbrunner-sv\/warenkorb\/#breadcrumb"},"inLanguage":"de","potentialAction":[{"@type":"ReadAction","target":["https:\/\/www.teamprofi.de\/putzbrunner-sv\/warenkorb\/"]}]},{"@type":"BreadcrumbList","@id":"https:\/\/www.teamprofi.de\/putzbrunner-sv\/warenkorb\/#breadcrumb","itemListElement":[{"@type":"ListItem","position":1,"name":"Startseite","item":"https:\/\/www.teamprofi.de\/putzbrunner-sv\/"},{"@type":"ListItem","position":2,"name":"Warenkorb"}]},{"@type":"WebSite","@id":"https:\/\/www.teamprofi.de\/putzbrunner-sv\/#website","url":"https:\/\/www.teamprofi.de\/putzbrunner-sv\/","name":"Putzbrunner SV","description":"Eine weitere Vereins Shops - Sport G\u00fcrteler Website","potentialAction":[{"@type":"SearchAction","target":{"@type":"EntryPoint","urlTemplate":"https:\/\/www.teamprofi.de\/putzbrunner-sv\/?s={search_term_string}"},"query-input":{"@type":"PropertyValueSpecification","valueRequired":true,"valueName":"search_term_string"}}],"inLanguage":"de"}]}},"_links":{"self":[{"href":"https:\/\/www.teamprofi.de\/putzbrunner-sv\/wp-json\/wp\/v2\/pages\/5","targetHints":{"allow":["GET"]}}],"collection":[{"href":"https:\/\/www.teamprofi.de\/putzbrunner-sv\/wp-json\/wp\/v2\/pages"}],"about":[{"href":"https:\/\/www.teamprofi.de\/putzbrunner-sv\/wp-json\/wp\/v2\/types\/page"}],"author":[{"embeddable":true,"href":"https:\/\/www.teamprofi.de\/putzbrunner-sv\/wp-json\/wp\/v2\/users\/1"}],"replies":[{"embeddable":true,"href":"https:\/\/www.teamprofi.de\/putzbrunner-sv\/wp-json\/wp\/v2\/comments?post=5"}],"version-history":[{"count":0,"href":"https:\/\/www.teamprofi.de\/putzbrunner-sv\/wp-json\/wp\/v2\/pages\/5\/revisions"}],"wp:attachment":[{"href":"https:\/\/www.teamprofi.de\/putzbrunner-sv\/wp-json\/wp\/v2\/media?parent=5"}],"curies":[{"name":"wp","href":"https:\/\/api.w.org\/{rel}","templated":true}]}}